{"id":4121,"date":"2022-12-14T13:56:24","date_gmt":"2022-12-14T12:56:24","guid":{"rendered":"https:\/\/lotsarnastockholm.se\/?page_id=4121"},"modified":"2025-11-06T15:28:43","modified_gmt":"2025-11-06T14:28:43","slug":"engelholms-lotsplats","status":"publish","type":"page","link":"https:\/\/lotsarnastockholm.se\/index.php\/engelholms-lotsplats\/","title":{"rendered":"Engelholm Lotsplats"},"content":{"rendered":"\n<p class=\"has-text-align-center\"><a href=\"https:\/\/www.google.se\/maps\/place\/56%C2%B016'16.8%22N+12%C2%B050'23.3%22E\/@56.2713333,12.837628,17z\/data=!3m1!4b1!4m4!3m3!8m2!3d56.2713333!4d12.8398167\">56\u00b0 16.280&#8242; N 12\u00b0 50.389&#8242; E<\/a><\/p>\n\n\n\n<p>Lotsplatsen finns inte med 1744, 1799 ej heller i 1817 \u00e5rs rulla eller 1820 \u00e5rs reglemente.<br>Troligen tillkom den 1856 n\u00e4r hamnen stod klar. Stationen lades ned den 1 februari 1907<\/p>\n\n\n\n<p>Ur reglemente och F\u00f6rordning 1863 finner vi: Engelholms lotsplats tillh\u00f6r S\u00f6dra lotsdistriktet Landskronas f\u00f6rdelning fram till 1881 d\u00e5 det \u00f6verg\u00e5r till Malm\u00f6 f\u00f6rdelning.<\/p>\n\n\n\n<p>Lotsningsomr\u00e5de: Fr\u00e5n Engelholm till Halsahamn respektive Skepparkroken , Torekov samt till sj\u00f6ss eller fr\u00e5n sj\u00f6n.<\/p>\n\n\n\n<p>1867 &nbsp;4 maj omtalas omkomne kronolotsen B J\u00f6nsson och lotsen Svante Larssons d\u00f6d 3 juli 1895<\/p>\n\n\n\n<p>M\u00e4sterlots August Bengtsson blev platsen siste lotsf\u00f6rman, Tillf\u00f6rordnad 30\/2 1906<\/p>\n\n\n\n<p>Ur rulla 1894:<br>Lotsf\u00f6rman Gustaf Bernhard Gudmundsson f\u00f6dd 1838 anst\u00e4lld 1866<br>M\u00e4sterlots:&nbsp; August Bengtsson f\u00f6dd 1848 anst\u00e4lld 1867<br>Lots: August Svensson f\u00f6dd 1856 anst\u00e4lld 1885<\/p>\n\n\n\n<p>Antal lotsningar 1906 var enbart till och fr\u00e5n Engelholm och endast 19 st. (Apr 3, maj 3, juni 3, juli 3, aug 4, sep 2, okt 1 )<br>Vanlig last var export av glassand <\/p>\n\n\n\n<p><em>(Kiselrik glassand \u00e4r en typ av sand som huvudsakligen best\u00e5r av kvarts (kiseldioxid). Den har h\u00f6g renhet och l\u00e4mpar sig v\u00e4l f\u00f6r framst\u00e4llning av glas och beh\u00f6ver v\u00e4rmas upp till minst 1700 grader vilket sm\u00e4lter kvarts till flytande massa. Glassand anv\u00e4nds \u00e4ven  i sandbl\u00e4stringskabiner f\u00f6r att reng\u00f6ra och polera ytor utan att skada materialet. Den \u00e4r ocks\u00e5 popul\u00e4r inom bygg- och anl\u00e4ggningsindustrin.) <\/em><\/p>\n\n\n\n<p>Vanlig befraktning av glassand gick med segeljakten Tv\u00e5 Br\u00f6der med kapten Olsson ombord och destination Kung\u00e4lv.<\/p>\n\n\n\n<p>Tegelr\u00f6r var \u00e4ven det en vanlig exportvara, och importen under 1906 bestod mest av kalksten.<\/p>\n\n\n\n<p>Lotsavgifterna gav totalt 80 kr i lotspengar och 19 kr i hemv\u00e4gsavgift<\/p>\n\n\n\n<p>Lotsarna var \u00e4ven delaktiga i sk\u00f6tseln och driften av fyren\/fyrarna <a href=\"https:\/\/fyr.org\/wiki\/index.php\/%C3%84ngelholm\">(se fyrwiki<\/a>)<\/p>\n\n\n\n<p>Lotsstationen var lokaliserad i Hamnhuset<\/p>\n\n\n\n<figure class=\"wp-block-image size-large\"><a href=\"https:\/\/lotsarnastockholm.se\/wp-content\/uploads\/2025\/03\/IMG_0010-2-scaled.jpg\"><img fetchpriority=\"high\" decoding=\"async\" width=\"1024\" height=\"571\" src=\"https:\/\/lotsarnastockholm.se\/wp-content\/uploads\/2025\/03\/IMG_0010-2-1024x571.jpg\" alt=\"\" class=\"wp-image-7041\" srcset=\"https:\/\/lotsarnastockholm.se\/wp-content\/uploads\/2025\/03\/IMG_0010-2-1024x571.jpg 1024w, https:\/\/lotsarnastockholm.se\/wp-content\/uploads\/2025\/03\/IMG_0010-2-300x167.jpg 300w, https:\/\/lotsarnastockholm.se\/wp-content\/uploads\/2025\/03\/IMG_0010-2-768x428.jpg 768w, https:\/\/lotsarnastockholm.se\/wp-content\/uploads\/2025\/03\/IMG_0010-2-1536x856.jpg 1536w, https:\/\/lotsarnastockholm.se\/wp-content\/uploads\/2025\/03\/IMG_0010-2-2048x1141.jpg 2048w, https:\/\/lotsarnastockholm.se\/wp-content\/uploads\/2025\/03\/IMG_0010-2-1568x874.jpg 1568w\" sizes=\"(max-width: 1024px) 100vw, 1024px\" \/><\/a><figcaption class=\"wp-element-caption\">Lotsb\u00e5tar p\u00e5 platsen<\/figcaption><\/figure>\n\n\n\n<p>1885 den 10 juni strandade nederl\u00e4ndska koffen WINSUM OBERGUM fr\u00e5n Groningen strax s\u00f6der om Engelholms hamn under h\u00e5rd NNV storm varefter lotsf\u00f6rmannen bitr\u00e4dd av tv\u00e5 lotsar och tv\u00e5 andra personer under \u00f6gonskinlig livsfara utgick med lotsb\u00e5ten och lyckade efter sv\u00e5ra anstr\u00e4ngningar&nbsp; fr\u00e5n det av havet \u00f6verspolade vraket r\u00e4dda och ilandf\u00f6ra fartygets hela bes\u00e4ttningen om fem man Den raska handlingen bel\u00f6nades av Lotsstyrelsen med 100 kr<\/p>\n\n\n\n<figure class=\"wp-block-image size-large\"><a href=\"https:\/\/lotsarnastockholm.se\/wp-content\/uploads\/2025\/03\/winsum-obergum-scaled.jpg\"><img decoding=\"async\" width=\"1024\" height=\"588\" src=\"https:\/\/lotsarnastockholm.se\/wp-content\/uploads\/2025\/03\/winsum-obergum-1024x588.jpg\" alt=\"\" class=\"wp-image-7001\" srcset=\"https:\/\/lotsarnastockholm.se\/wp-content\/uploads\/2025\/03\/winsum-obergum-1024x588.jpg 1024w, https:\/\/lotsarnastockholm.se\/wp-content\/uploads\/2025\/03\/winsum-obergum-300x172.jpg 300w, https:\/\/lotsarnastockholm.se\/wp-content\/uploads\/2025\/03\/winsum-obergum-768x441.jpg 768w, https:\/\/lotsarnastockholm.se\/wp-content\/uploads\/2025\/03\/winsum-obergum-1536x882.jpg 1536w, https:\/\/lotsarnastockholm.se\/wp-content\/uploads\/2025\/03\/winsum-obergum-2048x1175.jpg 2048w, https:\/\/lotsarnastockholm.se\/wp-content\/uploads\/2025\/03\/winsum-obergum-1568x900.jpg 1568w\" sizes=\"(max-width: 1024px) 100vw, 1024px\" \/><\/a><figcaption class=\"wp-element-caption\">S\/S Christian Carls F\u00f6rlisning 1921<\/figcaption><\/figure>\n\n\n\n<p>F\u00f6ljande information fr\u00e5n Johan Brinck:<\/p>\n\n\n\n<p><strong>Varf\u00f6r hade \u00c4ngelholm en hamn?<\/strong><\/p>\n\n\n\n<p>I Karl Enghoff,&nbsp;<em>\u00c4ngelholm 1516\u20131916<\/em>, sid 368\u2013371, finns en utredning av politiken bakom hamnen, som anf\u00f6r \u00d6resundstullen som en bidragande orsak, och bygget kopplat till en j\u00e4rnv\u00e4g fr\u00e5n Sk\u00e4lderviken \u00f6sterut i Sk\u00e5ne.<br>I&nbsp;<em>\u00c4ngelholm, en hembygdsbok,&nbsp;<\/em>1993, skriver Claes Sturm p\u00e5 sid 94 och fram\u00e5t om tillkomsten av Engelholms hamn\u2013Sk\u00e4lderviken, hamnbygget och vad som blev resultatet, dvs de f\u00f6rsta decenniernas handel och sedan j\u00e4rnv\u00e4gens ankomst.<\/p>\n\n\n\n<p><strong>Vilka var hamnarna som det lotsades p\u00e5 i Sk\u00e4lderviken<\/strong>?<\/p>\n\n\n\n<p>Skepparkroken som var etablerat sedan minst 1600-talet var, tillsammans med Grytsk\u00e4r, de \u00e4ldre hamnplatserna. Skepparkrokens hamn betj\u00e4nade huvudsakligen Engeltofta och \u00c4ngelholm. Skepparkroken f\u00f6rlorade all sj\u00f6fartsbetydelse n\u00e4r Engelholms hamn stod klar.<\/p>\n\n\n\n<p>Halsahamn l\u00e5g vid Jonstorp, och var tydligen inte helt oviktig n\u00e4r det g\u00e4llde att undvika \u00d6resundstullen. Grytsk\u00e4r (Grytehamn, Grytan) anv\u00e4ndes f\u00f6r bondesj\u00f6fart och vedfrakter i varje fall till dess att Sk\u00e5ne blev svenskt.<\/p>\n\n\n\n<p>Gryts l\u00e4ge var en viktig hamn p\u00e5 Sk\u00e4ldervikens norra kust. Gryts l\u00e4ge l\u00e5g utanf\u00f6r Stora Hult s\u00f6der om \u00f6arna Grytsk\u00e4r.&nbsp;<a href=\"https:\/\/ragnarl.wordpress.com\/2010\/01\/31\/utflykt-till-stora-hult-och-grytehamn\/\" target=\"_blank\" rel=\"noreferrer noopener\">Gryts l\u00e4ge (\u00e4ven kallad Grytehamn eller Grytan)<\/a>&nbsp;var en viktigt hamn f\u00f6r att skeppa ved till Danmark p\u00e5 1500- och 1600-talet.<\/p>\n\n\n\n<p>Halsa hamn, l\u00e5g n\u00e4ra Jonstorp och finns fortfarande med p\u00e5 kartor (Halsahamn). Halsa hamn fungerade tidvis som hamn f\u00f6r Helsingborg. Hamnen gjorde det m\u00f6jligt, f\u00f6r fartyg som kom norrifr\u00e5n med varor till Helsingborg, att slippa betala&nbsp;<a href=\"http:\/\/sv.wikipedia.org\/wiki\/%C3%96resundstullen\" target=\"_blank\" rel=\"noreferrer noopener\">\u00f6resundstull<\/a>&nbsp;till danskarna. P\u00e5 1780-talet gjordes en seri\u00f6s utredning om att gr\u00e4va en kanal fr\u00e5n R\u00e5\u00e5 till Halsa hamn. Kostnaden ber\u00e4knades till \u00f6ver 17 miljoner riksdaler. Projektet p\u00e5b\u00f6rjades aldrig.<\/p>\n\n\n\n<p>Arild var en annan viktig hamn p\u00e5 sydsidan av Sk\u00e4lderviken.<\/p>\n\n\n\n<p>Engelholms hamn, som f\u00e4rdigst\u00e4lldes 1856, konkurrerade ut Skepparkroken som hamn. Eftersom \u00d6resundstullen upph\u00f6rde 1857 och j\u00e4rnv\u00e4gen kom blev dock hamnens storhetstid kort. Hamnbolaget gick i konkurs 1896.<\/p>\n\n\n\n<p>En text om dessa hamnar finns h\u00e4r:&nbsp;<a href=\"https:\/\/ragnarl.wordpress.com\/2009\/12\/19\/hamnar-i-skalderviken-1716\/\" target=\"_blank\" rel=\"noreferrer noopener\">https:\/\/ragnarl.wordpress.com\/2009\/12\/19\/hamnar-i-skalderviken-1716\/<\/a><\/p>\n\n\n\n<figure class=\"wp-block-image size-full\"><a href=\"https:\/\/lotsarnastockholm.se\/wp-content\/uploads\/2025\/03\/skane1700.webp\"><img decoding=\"async\" width=\"595\" height=\"599\" src=\"https:\/\/lotsarnastockholm.se\/wp-content\/uploads\/2025\/03\/skane1700.webp\" alt=\"\" class=\"wp-image-7027\" srcset=\"https:\/\/lotsarnastockholm.se\/wp-content\/uploads\/2025\/03\/skane1700.webp 595w, https:\/\/lotsarnastockholm.se\/wp-content\/uploads\/2025\/03\/skane1700-298x300.webp 298w, https:\/\/lotsarnastockholm.se\/wp-content\/uploads\/2025\/03\/skane1700-150x150.webp 150w\" sizes=\"(max-width: 595px) 100vw, 595px\" \/><\/a><\/figure>\n\n\n\n<p><strong>Vad skeppades ut respektive in till hamnen?<\/strong><\/p>\n\n\n\n<p>I&nbsp;Claes Sturms text, se ovan, n\u00e4mns p\u00e5 sidan 100 exempel p\u00e5 varor! Den viktigaste utf\u00f6rsel varan under alla hamnens goda \u00e5r var spannm\u00e5l, fr\u00e4mst havre, som skeppades till England.&nbsp;<\/p>\n\n\n\n<p><strong>J\u00e4rnv\u00e4gens koppling till hamnen<\/strong><\/p>\n\n\n\n<p>J\u00e4rnv\u00e4gen kom till Engelholms hamn 1885, och d\u00e5 var hamnen nog redan p\u00e5 fallrepet: spannm\u00e5lsutf\u00f6rseln hade f\u00e5tt konkurrens fr\u00e5n USA och Ryssland, och det var problem med igensandning. V\u00e4stkustbanan drogs dock alldeles intill hamnen, s\u00e5 det var inget stort problem om man ville lasta mellan b\u00e5tar och t\u00e5g.<\/p>\n\n\n\n<p>Lotsar vid Engelholms lotsplats<\/p>\n\n\n\n<figure class=\"wp-block-image size-full\"><a href=\"https:\/\/lotsarnastockholm.se\/wp-content\/uploads\/2025\/11\/august-bengtsson-1890.png\"><img loading=\"lazy\" decoding=\"async\" width=\"531\" height=\"650\" src=\"https:\/\/lotsarnastockholm.se\/wp-content\/uploads\/2025\/11\/august-bengtsson-1890.png\" alt=\"\" class=\"wp-image-7484\" srcset=\"https:\/\/lotsarnastockholm.se\/wp-content\/uploads\/2025\/11\/august-bengtsson-1890.png 531w, https:\/\/lotsarnastockholm.se\/wp-content\/uploads\/2025\/11\/august-bengtsson-1890-245x300.png 245w\" sizes=\"(max-width: 531px) 100vw, 531px\" \/><\/a><figcaption class=\"wp-element-caption\">Lotsen August Bengtsson m familj ca 1890<\/figcaption><\/figure>\n\n\n\n<figure class=\"wp-block-gallery has-nested-images columns-default is-cropped wp-block-gallery-1 is-layout-flex wp-block-gallery-is-layout-flex\">\n<figure class=\"wp-block-image size-large\"><a href=\"https:\/\/lotsarnastockholm.se\/wp-content\/uploads\/2025\/03\/august-bengtsson-1.jpg\"><img loading=\"lazy\" decoding=\"async\" width=\"699\" height=\"1024\" data-id=\"6998\" src=\"https:\/\/lotsarnastockholm.se\/wp-content\/uploads\/2025\/03\/august-bengtsson-1-699x1024.jpg\" alt=\"\" class=\"wp-image-6998\" srcset=\"https:\/\/lotsarnastockholm.se\/wp-content\/uploads\/2025\/03\/august-bengtsson-1-699x1024.jpg 699w, https:\/\/lotsarnastockholm.se\/wp-content\/uploads\/2025\/03\/august-bengtsson-1-205x300.jpg 205w, https:\/\/lotsarnastockholm.se\/wp-content\/uploads\/2025\/03\/august-bengtsson-1-768x1124.jpg 768w, https:\/\/lotsarnastockholm.se\/wp-content\/uploads\/2025\/03\/august-bengtsson-1-1049x1536.jpg 1049w, https:\/\/lotsarnastockholm.se\/wp-content\/uploads\/2025\/03\/august-bengtsson-1-1399x2048.jpg 1399w, https:\/\/lotsarnastockholm.se\/wp-content\/uploads\/2025\/03\/august-bengtsson-1.jpg 1552w\" sizes=\"(max-width: 699px) 100vw, 699px\" \/><\/a><figcaption class=\"wp-element-caption\">August Bengtsson<\/figcaption><\/figure>\n\n\n\n<figure class=\"wp-block-image size-large\"><a href=\"https:\/\/lotsarnastockholm.se\/wp-content\/uploads\/2025\/03\/svensson.jpg\"><img loading=\"lazy\" decoding=\"async\" width=\"869\" height=\"1024\" data-id=\"7000\" src=\"https:\/\/lotsarnastockholm.se\/wp-content\/uploads\/2025\/03\/svensson-869x1024.jpg\" alt=\"\" class=\"wp-image-7000\" srcset=\"https:\/\/lotsarnastockholm.se\/wp-content\/uploads\/2025\/03\/svensson-869x1024.jpg 869w, https:\/\/lotsarnastockholm.se\/wp-content\/uploads\/2025\/03\/svensson-254x300.jpg 254w, https:\/\/lotsarnastockholm.se\/wp-content\/uploads\/2025\/03\/svensson-768x905.jpg 768w, https:\/\/lotsarnastockholm.se\/wp-content\/uploads\/2025\/03\/svensson-1303x1536.jpg 1303w, https:\/\/lotsarnastockholm.se\/wp-content\/uploads\/2025\/03\/svensson-1737x2048.jpg 1737w, https:\/\/lotsarnastockholm.se\/wp-content\/uploads\/2025\/03\/svensson-1568x1848.jpg 1568w, https:\/\/lotsarnastockholm.se\/wp-content\/uploads\/2025\/03\/svensson.jpg 1896w\" sizes=\"(max-width: 869px) 100vw, 869px\" \/><\/a><figcaption class=\"wp-element-caption\">Johan A Svensson<\/figcaption><\/figure>\n<\/figure>\n\n\n\n<figure class=\"wp-block-gallery has-nested-images columns-default is-cropped wp-block-gallery-2 is-layout-flex wp-block-gallery-is-layout-flex\">\n<figure class=\"wp-block-image size-large\"><a href=\"https:\/\/lotsarnastockholm.se\/wp-content\/uploads\/2025\/03\/gudmundsson_gustaf_bernhard_f_1838_fv_engelholmcf1a008decad37690a716a22426dad8ee247ee4e.jpg\"><img loading=\"lazy\" decoding=\"async\" width=\"704\" height=\"1024\" data-id=\"7028\" src=\"https:\/\/lotsarnastockholm.se\/wp-content\/uploads\/2025\/03\/gudmundsson_gustaf_bernhard_f_1838_fv_engelholmcf1a008decad37690a716a22426dad8ee247ee4e-704x1024.jpg\" alt=\"\" class=\"wp-image-7028\" srcset=\"https:\/\/lotsarnastockholm.se\/wp-content\/uploads\/2025\/03\/gudmundsson_gustaf_bernhard_f_1838_fv_engelholmcf1a008decad37690a716a22426dad8ee247ee4e-704x1024.jpg 704w, https:\/\/lotsarnastockholm.se\/wp-content\/uploads\/2025\/03\/gudmundsson_gustaf_bernhard_f_1838_fv_engelholmcf1a008decad37690a716a22426dad8ee247ee4e-206x300.jpg 206w, https:\/\/lotsarnastockholm.se\/wp-content\/uploads\/2025\/03\/gudmundsson_gustaf_bernhard_f_1838_fv_engelholmcf1a008decad37690a716a22426dad8ee247ee4e.jpg 757w\" sizes=\"(max-width: 704px) 100vw, 704px\" \/><\/a><figcaption class=\"wp-element-caption\">Lotsf\u00f6rman Gustav Bernhard Gudmundsson<\/figcaption><\/figure>\n<\/figure>\n\n\n\n<figure class=\"wp-block-table\"><table><tbody><tr><td><strong>Efternamn<\/strong><\/td><td><strong>F\u00f6rnamn<\/strong><\/td><td><strong>F\u00f6rnamn<\/strong><\/td><td><strong>F\u00f6dd<\/strong><\/td><td><strong>Antagen i lotsverket<\/strong><\/td><td><strong>D\u00f6d<\/strong><\/td><\/tr><tr><td>Bengtsson<\/td><td>August<\/td><td>&nbsp;<\/td><td>1848<\/td><td>1867<\/td><td>1929<\/td><\/tr><tr><td>J\u00f6nsson<\/td><td>Bengt<\/td><td>&nbsp;<\/td><td>1812&nbsp;<\/td><td>1863<\/td><td>1867<\/td><\/tr><tr><td>Larsson<\/td><td>Svante<\/td><td>&nbsp;<\/td><td>&nbsp;<\/td><td>1863<\/td><td>1895<\/td><\/tr><tr><td>Gudmundsson<\/td><td>Gustaf<\/td><td>Bernhard<\/td><td>1838<\/td><td>1866<\/td><td>1908<\/td><\/tr><tr><td>Svensson<\/td><td>Johan<\/td><td>August<\/td><td>1859<\/td><td>1885<\/td><td>1942<\/td><\/tr><tr><td>Andersson<\/td><td>Johan<\/td><td>Birger<\/td><td>1848<\/td><td>1867?<\/td><td>1885<\/td><\/tr><\/tbody><\/table><\/figure>\n\n\n\n<figure class=\"wp-block-image size-large\"><a href=\"https:\/\/lotsarnastockholm.se\/wp-content\/uploads\/2025\/03\/Skarmbild-2025-03-15-205445.png\"><img loading=\"lazy\" decoding=\"async\" width=\"1024\" height=\"166\" src=\"https:\/\/lotsarnastockholm.se\/wp-content\/uploads\/2025\/03\/Skarmbild-2025-03-15-205445-1024x166.png\" alt=\"\" class=\"wp-image-7034\" srcset=\"https:\/\/lotsarnastockholm.se\/wp-content\/uploads\/2025\/03\/Skarmbild-2025-03-15-205445-1024x166.png 1024w, https:\/\/lotsarnastockholm.se\/wp-content\/uploads\/2025\/03\/Skarmbild-2025-03-15-205445-300x49.png 300w, https:\/\/lotsarnastockholm.se\/wp-content\/uploads\/2025\/03\/Skarmbild-2025-03-15-205445-768x124.png 768w, https:\/\/lotsarnastockholm.se\/wp-content\/uploads\/2025\/03\/Skarmbild-2025-03-15-205445.png 1156w\" sizes=\"(max-width: 1024px) 100vw, 1024px\" \/><\/a><figcaption class=\"wp-element-caption\">Tidsaxel f\u00f6r anst\u00e4llningstid. <\/figcaption><\/figure>\n\n\n\n<p>Stor m\u00e4ngd original dokument finns samlat hos Skeldervikens byalag <a href=\"https:\/\/www.skelderviken.se\/\">(www.skelderviken.se)<\/a> varifr\u00e5n mycket av denna information \u00e4r h\u00e4mtad!<\/p>\n\n\n\n<p>N\u00e5gra sp\u00e4nnande dokument nedan fr\u00e5n byalaget samlingar:<\/p>\n\n\n\n<figure class=\"wp-block-gallery has-nested-images columns-default is-cropped wp-block-gallery-3 is-layout-flex wp-block-gallery-is-layout-flex\">\n<figure class=\"wp-block-image size-large\"><a href=\"https:\/\/lotsarnastockholm.se\/wp-content\/uploads\/2025\/03\/IMG-scaled.jpg\"><img loading=\"lazy\" decoding=\"async\" width=\"737\" height=\"1024\" data-id=\"7023\" src=\"https:\/\/lotsarnastockholm.se\/wp-content\/uploads\/2025\/03\/IMG-737x1024.jpg\" alt=\"\" class=\"wp-image-7023\" srcset=\"https:\/\/lotsarnastockholm.se\/wp-content\/uploads\/2025\/03\/IMG-737x1024.jpg 737w, https:\/\/lotsarnastockholm.se\/wp-content\/uploads\/2025\/03\/IMG-216x300.jpg 216w, https:\/\/lotsarnastockholm.se\/wp-content\/uploads\/2025\/03\/IMG-768x1066.jpg 768w, https:\/\/lotsarnastockholm.se\/wp-content\/uploads\/2025\/03\/IMG-1106x1536.jpg 1106w, https:\/\/lotsarnastockholm.se\/wp-content\/uploads\/2025\/03\/IMG-1475x2048.jpg 1475w, https:\/\/lotsarnastockholm.se\/wp-content\/uploads\/2025\/03\/IMG-1568x2177.jpg 1568w, https:\/\/lotsarnastockholm.se\/wp-content\/uploads\/2025\/03\/IMG-scaled.jpg 1844w\" sizes=\"(max-width: 737px) 100vw, 737px\" \/><\/a><figcaption class=\"wp-element-caption\">Lotsl\u00e4rlings brev<\/figcaption><\/figure>\n\n\n\n<figure class=\"wp-block-image size-large\"><a href=\"https:\/\/lotsarnastockholm.se\/wp-content\/uploads\/2025\/03\/IMG_0004-2-scaled.jpg\"><img loading=\"lazy\" decoding=\"async\" width=\"805\" height=\"1024\" data-id=\"7022\" src=\"https:\/\/lotsarnastockholm.se\/wp-content\/uploads\/2025\/03\/IMG_0004-2-805x1024.jpg\" alt=\"\" class=\"wp-image-7022\" srcset=\"https:\/\/lotsarnastockholm.se\/wp-content\/uploads\/2025\/03\/IMG_0004-2-805x1024.jpg 805w, https:\/\/lotsarnastockholm.se\/wp-content\/uploads\/2025\/03\/IMG_0004-2-236x300.jpg 236w, https:\/\/lotsarnastockholm.se\/wp-content\/uploads\/2025\/03\/IMG_0004-2-768x977.jpg 768w, https:\/\/lotsarnastockholm.se\/wp-content\/uploads\/2025\/03\/IMG_0004-2-1208x1536.jpg 1208w, https:\/\/lotsarnastockholm.se\/wp-content\/uploads\/2025\/03\/IMG_0004-2-1610x2048.jpg 1610w, https:\/\/lotsarnastockholm.se\/wp-content\/uploads\/2025\/03\/IMG_0004-2-1568x1994.jpg 1568w, https:\/\/lotsarnastockholm.se\/wp-content\/uploads\/2025\/03\/IMG_0004-2-scaled.jpg 2013w\" sizes=\"(max-width: 805px) 100vw, 805px\" \/><\/a><figcaption class=\"wp-element-caption\">M\u00e4sterlotsbrev<\/figcaption><\/figure>\n<\/figure>\n\n\n\n<p>\u00d6vriga h\u00e4ndelser:<\/p>\n\n\n\n<p>22\/7 1899 Lotsstationen vid Engelholms hamn d\u00e4rj\u00e4mte fyrhus samt r\u00e4ddningsattiraljer inspekterades av lotskapten H. Ramsten fr\u00e5n Malm\u00f6, vilken anl\u00e4nde till hamnen med lots\u00e5ngaren Malm\u00f6.<\/p>\n\n\n\n<p>1872 Lotspremier till kronolotsen G.B. Gudmundsson och lotsen J B Andersson samt \u00f6vriga som r\u00e4ddat bes\u00e4ttningsmedlemmar fr\u00e5n slupen \u201dPilen\u201d, som drivit i land vid norra Engelholms hamn.<\/p>\n","protected":false},"excerpt":{"rendered":"<p>56\u00b0 16.280&#8242; N 12\u00b0 50.389&#8242; E Lotsplatsen finns inte med 1744, 1799 ej heller i 1817 \u00e5rs rulla eller 1820 \u00e5rs reglemente.Troligen tillkom den 1856 n\u00e4r hamnen stod klar. Stationen lades ned den 1 februari 1907 Ur reglemente och F\u00f6rordning 1863 finner vi: Engelholms lotsplats tillh\u00f6r S\u00f6dra lotsdistriktet Landskronas f\u00f6rdelning fram till 1881 d\u00e5 det&hellip; <a class=\"more-link\" href=\"https:\/\/lotsarnastockholm.se\/index.php\/engelholms-lotsplats\/\">Forts\u00e4tt l\u00e4sa <span class=\"screen-reader-text\">Engelholm Lotsplats<\/span><\/a><\/p>\n","protected":false},"author":1,"featured_media":0,"parent":0,"menu_order":0,"comment_status":"closed","ping_status":"closed","template":"","meta":{"footnotes":""},"class_list":["post-4121","page","type-page","status-publish","hentry","entry"],"_links":{"self":[{"href":"https:\/\/lotsarnastockholm.se\/index.php\/wp-json\/wp\/v2\/pages\/4121","targetHints":{"allow":["GET"]}}],"collection":[{"href":"https:\/\/lotsarnastockholm.se\/index.php\/wp-json\/wp\/v2\/pages"}],"about":[{"href":"https:\/\/lotsarnastockholm.se\/index.php\/wp-json\/wp\/v2\/types\/page"}],"author":[{"embeddable":true,"href":"https:\/\/lotsarnastockholm.se\/index.php\/wp-json\/wp\/v2\/users\/1"}],"replies":[{"embeddable":true,"href":"https:\/\/lotsarnastockholm.se\/index.php\/wp-json\/wp\/v2\/comments?post=4121"}],"version-history":[{"count":18,"href":"https:\/\/lotsarnastockholm.se\/index.php\/wp-json\/wp\/v2\/pages\/4121\/revisions"}],"predecessor-version":[{"id":7485,"href":"https:\/\/lotsarnastockholm.se\/index.php\/wp-json\/wp\/v2\/pages\/4121\/revisions\/7485"}],"wp:attachment":[{"href":"https:\/\/lotsarnastockholm.se\/index.php\/wp-json\/wp\/v2\/media?parent=4121"}],"curies":[{"name":"wp","href":"https:\/\/api.w.org\/{rel}","templated":true}]}}