{"id":4108,"date":"2022-12-13T18:46:53","date_gmt":"2022-12-13T17:46:53","guid":{"rendered":"https:\/\/lotsarnastockholm.se\/?page_id=4108"},"modified":"2023-05-09T20:40:02","modified_gmt":"2023-05-09T19:40:02","slug":"lotsen-benny-pettersson","status":"publish","type":"page","link":"https:\/\/lotsarnastockholm.se\/index.php\/lotsen-benny-pettersson\/","title":{"rendered":"M\u00e4sterlots Benny Pettersson"},"content":{"rendered":"\n<figure class=\"wp-block-image size-full\"><a href=\"https:\/\/lotsarnastockholm.se\/wp-content\/uploads\/2023\/05\/Benny-Pettersson.jpg\"><img fetchpriority=\"high\" decoding=\"async\" width=\"353\" height=\"449\" src=\"https:\/\/lotsarnastockholm.se\/wp-content\/uploads\/2023\/05\/Benny-Pettersson.jpg\" alt=\"\" class=\"wp-image-5660\" srcset=\"https:\/\/lotsarnastockholm.se\/wp-content\/uploads\/2023\/05\/Benny-Pettersson.jpg 353w, https:\/\/lotsarnastockholm.se\/wp-content\/uploads\/2023\/05\/Benny-Pettersson-236x300.jpg 236w\" sizes=\"(max-width: 353px) 100vw, 353px\" \/><\/a><\/figure>\n\n\n\n<p>Eller skall man s\u00e4ga AIS fader? <\/p>\n\n\n\n<p>Funderingarna f\u00f6ddes hos l\u00e4ttmatros Pettersson ombord p\u00e5<br>ett fartyg n\u00e4r en tyfon h\u00e4rjade utanf\u00f6r Kobe i Japan 1965. I dag<br>har de funderingarna lett fram till en helt ny v\u00e4rldsstandard f\u00f6r<br>sj\u00f6fartens s\u00e4kerhet och minskade milj\u00f6p\u00e5verkan.<\/p>\n\n\n\n<p>L\u00e4s bifogade broschyr om hur det gick till n\u00e4r AIS s\u00e5g dagens ljus<\/p>\n\n\n\n<div data-wp-interactive=\"core\/file\" class=\"wp-block-file\"><object data-wp-bind--hidden=\"!state.hasPdfPreview\" hidden class=\"wp-block-file__embed\" data=\"https:\/\/lotsarnastockholm.se\/wp-content\/uploads\/2022\/12\/AIS-pa-Swe.pdf\" type=\"application\/pdf\" style=\"width:100%;height:600px\" aria-label=\"Inb\u00e4ddning av AIS-pa-Swe.\"><\/object><a id=\"wp-block-file--media-d67fbb18-ca2a-436a-ad2e-980c9669751f\" href=\"https:\/\/lotsarnastockholm.se\/wp-content\/uploads\/2022\/12\/AIS-pa-Swe.pdf\">AIS-pa-Swe<\/a><a href=\"https:\/\/lotsarnastockholm.se\/wp-content\/uploads\/2022\/12\/AIS-pa-Swe.pdf\" class=\"wp-block-file__button wp-element-button\" download aria-describedby=\"wp-block-file--media-d67fbb18-ca2a-436a-ad2e-980c9669751f\">Ladda ner<\/a><\/div>\n","protected":false},"excerpt":{"rendered":"<p>Eller skall man s\u00e4ga AIS fader? Funderingarna f\u00f6ddes hos l\u00e4ttmatros Pettersson ombord p\u00e5ett fartyg n\u00e4r en tyfon h\u00e4rjade utanf\u00f6r Kobe i Japan 1965. I daghar de funderingarna lett fram till en helt ny v\u00e4rldsstandard f\u00f6rsj\u00f6fartens s\u00e4kerhet och minskade milj\u00f6p\u00e5verkan. L\u00e4s bifogade broschyr om hur det gick till n\u00e4r AIS s\u00e5g dagens ljus<\/p>\n","protected":false},"author":1,"featured_media":0,"parent":0,"menu_order":0,"comment_status":"closed","ping_status":"closed","template":"","meta":{"footnotes":""},"class_list":["post-4108","page","type-page","status-publish","hentry","entry"],"_links":{"self":[{"href":"https:\/\/lotsarnastockholm.se\/index.php\/wp-json\/wp\/v2\/pages\/4108","targetHints":{"allow":["GET"]}}],"collection":[{"href":"https:\/\/lotsarnastockholm.se\/index.php\/wp-json\/wp\/v2\/pages"}],"about":[{"href":"https:\/\/lotsarnastockholm.se\/index.php\/wp-json\/wp\/v2\/types\/page"}],"author":[{"embeddable":true,"href":"https:\/\/lotsarnastockholm.se\/index.php\/wp-json\/wp\/v2\/users\/1"}],"replies":[{"embeddable":true,"href":"https:\/\/lotsarnastockholm.se\/index.php\/wp-json\/wp\/v2\/comments?post=4108"}],"version-history":[{"count":3,"href":"https:\/\/lotsarnastockholm.se\/index.php\/wp-json\/wp\/v2\/pages\/4108\/revisions"}],"predecessor-version":[{"id":5661,"href":"https:\/\/lotsarnastockholm.se\/index.php\/wp-json\/wp\/v2\/pages\/4108\/revisions\/5661"}],"wp:attachment":[{"href":"https:\/\/lotsarnastockholm.se\/index.php\/wp-json\/wp\/v2\/media?parent=4108"}],"curies":[{"name":"wp","href":"https:\/\/api.w.org\/{rel}","templated":true}]}}