{"id":4103,"date":"2022-12-13T15:05:32","date_gmt":"2022-12-13T14:05:32","guid":{"rendered":"https:\/\/lotsarnastockholm.se\/?page_id=4103"},"modified":"2026-02-12T21:55:13","modified_gmt":"2026-02-12T20:55:13","slug":"falkenberg","status":"publish","type":"page","link":"https:\/\/lotsarnastockholm.se\/index.php\/falkenberg\/","title":{"rendered":"Falkenberg Lotsplats"},"content":{"rendered":"\n<p class=\"has-text-align-center\"><a href=\"https:\/\/www.google.se\/maps\/place\/56%C2%B053'51.9%22N+12%C2%B029'36.2%22E\/@56.89775,12.4912113,17z\/data=!3m1!4b1!4m4!3m3!8m2!3d56.89775!4d12.4934\">56\u00b0 53.865&#8242; N 12\u00b0 29.604&#8242; E<\/a><\/p>\n\n\n\n<figure class=\"wp-block-image size-full\"><a href=\"https:\/\/lotsarnastockholm.se\/wp-content\/uploads\/2022\/12\/falkenberg-riansmuseum.jpg\"><img fetchpriority=\"high\" decoding=\"async\" width=\"629\" height=\"589\" src=\"https:\/\/lotsarnastockholm.se\/wp-content\/uploads\/2022\/12\/falkenberg-riansmuseum.jpg\" alt=\"\" class=\"wp-image-4104\" srcset=\"https:\/\/lotsarnastockholm.se\/wp-content\/uploads\/2022\/12\/falkenberg-riansmuseum.jpg 629w, https:\/\/lotsarnastockholm.se\/wp-content\/uploads\/2022\/12\/falkenberg-riansmuseum-300x281.jpg 300w\" sizes=\"(max-width: 629px) 100vw, 629px\" \/><\/a><figcaption class=\"wp-element-caption\">Lotsutkik i Falkenberg. Foto: Falkenberg\/Rian Museum<\/figcaption><\/figure>\n\n\n\n<p>Bilden \u00e4r troligen tagen tidigt 1900 tal och lotsarna p\u00e5 platsen under en l\u00e4ngre period i skiftet 1800-1900 talet var: Carl Laurentius M\u00f6ller, Edvard Adolf Ekman, Hans Erasmus Rudolf J\u00f6rgensen och Karl Julius M\u00f6ller och John Gustav Ekman s\u00e5 sannolikt \u00e4r det n\u00e5gon av dem p\u00e5 bilden?<\/p>\n\n\n\n<p><strong>Falkenbergs lotsplats anlades i b\u00f6rjan p\u00e5 1700 talet<\/strong><\/p>\n\n\n\n<p>Ur rulla 1736: Lotsuppsyningsman Gustav Dahlberg samt lotsarna: Bengt Svensson, Staffan Andersson, Nils Andersson och Bengt Larsson<\/p>\n\n\n\n<p>1744 fanns 4 lotsar i Falkenberg n\u00e4mligen:<br>Staffan Andersson Falck, Nils Andersson Knapp, Anders Andersson och Bengt G Larsson<\/p>\n\n\n\n<p>Nedan ur Reglemente f\u00f6r lotsverket 1799<\/p>\n\n\n\n<p>Under lotsuppsyningsman f\u00f6r Onsala f\u00f6rdelning lyder Falkenbergs lotsplats med 1 ord lots, 1 utl\u00e4rd ord lotsdr\u00e4ng och 1 lotsl\u00e4rling. Lotsplatsen lyder under lots\u00e5ldermannen i Halmstad. Lotsningsomr\u00e5de: Lotsarna uppassa i staden emottaga fr\u00e5n sj\u00f6n att in och utlotsa till sj\u00f6ss<\/p>\n\n\n\n<p>Ur rulla 1817: Ord lots J. Persson Beckman och lotsdr\u00e4ng A. Falk<\/p>\n\n\n\n<p>Ur reglemente 1863: Lotsningsomr\u00e5de: Fr\u00e5n Falkenberg till Halmstad respektive Varberg till sj\u00f6ss eller fr\u00e5n sj\u00f6n.<\/p>\n\n\n\n<p>1881- tillh\u00f6r G\u00f6teborgs f\u00f6rdelning<\/p>\n\n\n\n<p>1875 \u00e5talades kronolotsen CL M\u00f6ller f\u00f6r grundst\u00f6tning med skonerten HORTENSIA. Frik\u00e4nd.<\/p>\n\n\n\n<p>1876 kom ny lotsb\u00e5t<\/p>\n\n\n\n<p>1890 Ny d\u00e4ckad lotsb\u00e5t av tr\u00e4<\/p>\n\n\n\n<p>1897 31 mars: Lotsf\u00f6rman, tv\u00e5 lotsar och en lotsl\u00e4rling vid Falkenbergs lotsplats samt en skeppare tre sj\u00f6m\u00e4n och en kustroddare hade under h\u00e5rd VSV storm och sn\u00f6byar med fara f\u00f6r sina egna liv deltagit i r\u00e4ddningen av bes\u00e4ttningen p\u00e5 skonerterna ANNA, HANS och HORTENSIA vilka drivit fr\u00e5n redden och strandat \u00f6ster om hamnen vid Falkenberg. De tilldelades f\u00f6r denna ber\u00f6mv\u00e4rda handling en bel\u00f6ning av tillsammans 299 kr.<\/p>\n\n\n\n<p>1903 10 septembris strandade skonerten TITANA fr\u00e5n Riga vid Ager\u00f6s mal omkring 2 M nord om Falkenberg. Det f\u00f6rolyckade fartygets bes\u00e4ttning b\u00e4rgades under synnerligen sv\u00e5ra f\u00f6rh\u00e5llanden av en m\u00e4sterlots och en lots vid Falkenbergs lotsplats samt av 14 andra personer. Av dessa erh\u00f6ll de som 2 ggr deltagit i b\u00e4rgningen 15 kr vardera de \u00f6vriga 10 kr vardera.<\/p>\n\n\n\n<p>1914 s\u00e5lde lotsverket stora d\u00e4ckade kuttern till Lpl<\/p>\n\n\n\n<p>1920 \u00e5rs b\u00e5tbest\u00e5nd<br>1 d\u00e4ckad kutter L: 9.5&#215;3.6, 15 hk<br>1 segelb\u00e5t byggd 1895. Ek\/furu, klink, 5.8&#215;1.7<br>1 segelb\u00e5t byggd 1892, ek\/furu, klink, 5.9&#215;1.7<\/p>\n\n\n\n<p>1945<\/p>\n\n\n\n<p>F\u00f6rb\u00e4ttring av hamnf\u00f6rh\u00e5llandena vid Falkenbergs lotsplats. Lotsstyrelsen erinrar betr\u00e4ffande detta f\u00f6retag, att i investeringsreserven f\u00f6r innevarande budget\u00e5r funnes uppf\u00f6rt ett f\u00f6retag avseende nybyggnad av uppassningshus vid Falkenbergs lotsplats m. m. f\u00f6r en kostnad av 25 000 kronor. Detta f\u00f6retag f\u00f6resl\u00e5s s\u00e5som i det f\u00f6ljande angives att j\u00e4mv\u00e4l ing\u00e5 i investeringsreserven f\u00f6r budget\u00e5ret 1945\/46. Samtidigt med uppf\u00f6rande av nytt lotsuppassningshus borde emellertid enligt vad lotsstyrelsen sedermera meddelat j\u00e4mv\u00e4l en f\u00f6rb\u00e4ttring av hamnf\u00f6rh\u00e5llandena vid lotsplatsen komma till st\u00e5nd. F\u00f6r lotsningstj\u00e4nsten anv\u00e4ndes en st\u00f6rre motorkutter, vilken nu m\u00e5ste f\u00f6rt\u00f6jas vid ett enkelt s. k. p\u00e5lverk best\u00e5ende av fyra stycken p\u00e5lar, nedslagna invid farledsr\u00e4nnan in till Falkenbergs hamn utanf\u00f6r tomten f\u00f6r det f\u00f6reslagna nya lotsuppassningshuset. Denna anordning erbj\u00f6de dock intet skydd f\u00f6r kuttern mot v\u00e5gorna fr\u00e5n sj\u00f6n och fr\u00e5n f\u00f6rbipasserande fartyg, varf\u00f6r kuttern nu bleve illa medfaren genom att den finge ligga och sl\u00e5 mot p\u00e5lverket, varj\u00e4mte f\u00f6rt\u00f6jningsgodset bleve utsatt f\u00f6r onormal f\u00f6rslitning. P\u00e5 grund av de ol\u00e4genheter, som den nuvarande f\u00f6rt\u00f6jningsplatsen s\u00e5lunda medf\u00f6rde, borde invid densamma och vid sidan av farledsr\u00e4nnan en mindre hamnbass\u00e4ng uppmuddras, som p\u00e5 tv\u00e5 sidor f\u00f6rs\u00e5ges med ett som v\u00e5gskydd avsett t\u00e4tt p\u00e5lverk av sammanlagt ca 25 meters l\u00e4ngd. Strandsl\u00e4nten m\u00e5ste i och f\u00f6r muddringen f\u00f6rst\u00e4rkas genom en st\u00f6dspont. F\u00f6r f\u00f6rvaring av inventarier och f\u00f6rbrukningsartiklar f\u00f6r kuttern beh\u00f6vde en materialbod uppf\u00f6ras i samband med hamnanl\u00e4ggningen. Kostnaderna f\u00f6r dessa arbeten ber\u00e4knades till 20 000 kronor, varav 3 000 kronor till materialbod.<\/p>\n\n\n\n<p>1949 byggdes nytt lotsuppassningshus<\/p>\n\n\n\n<p>1950 anlades ny lotshamn<\/p>\n\n\n\n<p>Lotsar och b\u00e5tm\u00e4n vid Falkenbergs Lpl<\/p>\n\n\n\n<figure class=\"wp-block-table alignwide\"><table class=\"has-fixed-layout\"><tbody><tr><td><strong>Efternamn<\/strong><\/td><td><strong>F\u00f6rnamn<\/strong><\/td><td><strong>F\u00f6dd<\/strong><\/td><td><strong>I Staten<\/strong><\/td><td><strong>B\u00e5tman<\/strong><\/td><td><strong>Lpl 1<\/strong><\/td><td><strong>Lpl 2<\/strong><\/td><\/tr><tr><td>Andersson<\/td><td>Anders<\/td><td><\/td><td><\/td><td><\/td><td>Falkenberg<\/td><td><\/td><\/tr><tr><td>Beckman<\/td><td>J<\/td><td><\/td><td><\/td><td><\/td><td>Falkenberg<\/td><td><\/td><\/tr><tr><td>Dahlberg<\/td><td>Gustav<\/td><td><\/td><td><\/td><td><\/td><td>Falkenberg<\/td><td><\/td><\/tr><tr><td>Falck<\/td><td>Staffan<\/td><td><\/td><td><\/td><td><\/td><td>Falkenberg<\/td><td><\/td><\/tr><tr><td>Falk<\/td><td>A<\/td><td><\/td><td><\/td><td><\/td><td>Falkenberg<\/td><td><\/td><\/tr><tr><td>Knapp<\/td><td>Nils<\/td><td><\/td><td><\/td><td><\/td><td>Falkenberg<\/td><td><\/td><\/tr><tr><td>Larsson<\/td><td>Bengt<\/td><td><\/td><td><\/td><td><\/td><td>Falkenberg<\/td><td><\/td><\/tr><tr><td>Nilsson<\/td><td>Carl<\/td><td>1829<\/td><td><\/td><td><\/td><td>Falkenberg<\/td><td><\/td><\/tr><tr><td>Svensson<\/td><td>Bengt<\/td><td><\/td><td><\/td><td><\/td><td>Falkenberg<\/td><td><\/td><\/tr><tr><td>Ekman<\/td><td>Carl<\/td><td>1824<\/td><td>1837<\/td><td><\/td><td>Falkenberg<\/td><td><\/td><\/tr><tr><td>M\u00f6ller<\/td><td>Carl<\/td><td>1848<\/td><td>1869<\/td><td><\/td><td>Falkenberg<\/td><td><\/td><\/tr><tr><td>Ekman<\/td><td>Edvard<\/td><td>1855<\/td><td>1881<\/td><td><\/td><td>Falkenberg<\/td><td><\/td><\/tr><tr><td>Bergstr\u00f6m<\/td><td>Anders<\/td><td>1865<\/td><td>1888<\/td><td><\/td><td>Varberg<\/td><td>Falkenberg<\/td><\/tr><tr><td>M\u00f6ller<\/td><td>Gustaf<\/td><td>1871<\/td><td>1889<\/td><td><\/td><td>Falkenberg<\/td><td><\/td><\/tr><tr><td>J\u00f6rgensen<\/td><td>Hans<\/td><td>1878<\/td><td>1893<\/td><td><\/td><td>Falkenberg<\/td><td><\/td><\/tr><tr><td>M\u00f6ller<\/td><td>Carl<\/td><td>1882<\/td><td>1901<\/td><td><\/td><td>Falkenberg<\/td><td><\/td><\/tr><tr><td>Westerberg<\/td><td>Axel<\/td><td>1892<\/td><td>1907<\/td><td><\/td><td>M\u00f6nster<\/td><td>Falkenberg<\/td><\/tr><tr><td>Ekman<\/td><td>John<\/td><td>1892<\/td><td>1909<\/td><td><\/td><td>Falkenberg<\/td><td><\/td><\/tr><tr><td>Lilja<\/td><td>Gunnar<\/td><td>1902<\/td><td>1923<\/td><td><\/td><td>Falkenberg<\/td><td>Vinga\/G\u00f6teborg\/Varberg<\/td><\/tr><tr><td>Nilsson<\/td><td>Kurt<\/td><td>1919<\/td><td>1942<\/td><td><\/td><td>Falkenberg<\/td><td>V\u00e4der\u00f6arna\/Nordkoster<\/td><\/tr><tr><td>Bagge<\/td><td>August<\/td><td>1909<\/td><td>1944<\/td><td><\/td><td>K\u00e4ring\u00f6<\/td><td>Falkenberg\/Lysekil<\/td><\/tr><tr><td>Kyhlberg<\/td><td>John<\/td><td>1917<\/td><td>1948<\/td><td><\/td><td>Falkenberg<\/td><td><\/td><\/tr><tr><td>Olofsson<\/td><td>Olof<\/td><td>1909<\/td><td>1950<\/td><td>1951-08-01<\/td><td>Falkenberg<\/td><td><\/td><\/tr><tr><td>Andersson<\/td><td>Sven<\/td><td>1894<\/td><td>1951<\/td><td>1952-07-01<\/td><td>Falkenberg<\/td><td><\/td><\/tr><tr><td>Lindeblad<\/td><td>M\u00e5ns<\/td><td>1925<\/td><td>1951<\/td><td><\/td><td>G\u00f6kalf<\/td><td>Ronneby\/Halmstad\/Falkenberg<\/td><\/tr><tr><td>Larsson<\/td><td>G\u00f6te<\/td><td>1927<\/td><td>1952<\/td><td>1952-08-01<\/td><td>Falkenberg<\/td><td><\/td><\/tr><tr><td>Stenberg<\/td><td>Lars<\/td><td>1927<\/td><td>1952<\/td><td><\/td><td>Varberg<\/td><td>Falkenberg\/Halmstad<\/td><\/tr><tr><td>Edlund<\/td><td>Rolf<\/td><td>1930<\/td><td>1953<\/td><td><\/td><td>Havstenssund<\/td><td>Nordkoster\/Varberg\/Halmstad\/Falkenberg<\/td><\/tr><tr><td>Svensson<\/td><td>Karl<\/td><td>1901<\/td><td>1953<\/td><td>1957-04-01<\/td><td>Falkenberg<\/td><td><\/td><\/tr><tr><td>Karlsson<\/td><td>Gunnar<\/td><td>1937<\/td><td>1956<\/td><td>1961-07-01<\/td><td>Falkenberg<\/td><td><\/td><\/tr><tr><td>Larsson<\/td><td>Karl<\/td><td>1929<\/td><td>1956<\/td><td><\/td><td>Falkenberg<\/td><td><\/td><\/tr><tr><td>Karlsson<\/td><td>Erik<\/td><td>1941<\/td><td>1961<\/td><td>1964-02-01<\/td><td>Falkenberg<\/td><td>Halmstad<\/td><\/tr><tr><td>Holmberg<\/td><td>Axel<\/td><td>1936<\/td><td>1962<\/td><td><\/td><td>Falkenberg<\/td><td><\/td><\/tr><tr><td>Westerberg<\/td><td>Ulf<\/td><td>1948<\/td><td>1969<\/td><td>1972-11-01<\/td><td>Halmstad<\/td><td>Falkenberg<\/td><\/tr><tr><td>Asker<\/td><td>Lars<\/td><td>1931<\/td><td>1975<\/td><td><\/td><td>Falkenberg<\/td><td><\/td><\/tr><tr><td>Jarmland<\/td><td>Christer<\/td><td>1942<\/td><td>1975<\/td><td><\/td><td>Falkenberg<\/td><td>Halmstad<\/td><\/tr><tr><td>Larsson<\/td><td>S\u00f6ren<\/td><td>1947<\/td><td>1980<\/td><td><\/td><td>Falkenberg<\/td><td>Halmstad<\/td><\/tr><tr><td>Johansson<\/td><td>Jimmy<\/td><td>1956<\/td><td>1981<\/td><td>1981-07-01<\/td><td>Falkenberg<\/td><td><\/td><\/tr><\/tbody><\/table><\/figure>\n","protected":false},"excerpt":{"rendered":"<p>56\u00b0 53.865&#8242; N 12\u00b0 29.604&#8242; E Bilden \u00e4r troligen tagen tidigt 1900 tal och lotsarna p\u00e5 platsen under en l\u00e4ngre period i skiftet 1800-1900 talet var: Carl Laurentius M\u00f6ller, Edvard Adolf Ekman, Hans Erasmus Rudolf J\u00f6rgensen och Karl Julius M\u00f6ller och John Gustav Ekman s\u00e5 sannolikt \u00e4r det n\u00e5gon av dem p\u00e5 bilden? Falkenbergs lotsplats&hellip; <a class=\"more-link\" href=\"https:\/\/lotsarnastockholm.se\/index.php\/falkenberg\/\">Forts\u00e4tt l\u00e4sa <span class=\"screen-reader-text\">Falkenberg Lotsplats<\/span><\/a><\/p>\n","protected":false},"author":1,"featured_media":0,"parent":0,"menu_order":0,"comment_status":"closed","ping_status":"closed","template":"","meta":{"footnotes":""},"class_list":["post-4103","page","type-page","status-publish","hentry","entry"],"_links":{"self":[{"href":"https:\/\/lotsarnastockholm.se\/index.php\/wp-json\/wp\/v2\/pages\/4103","targetHints":{"allow":["GET"]}}],"collection":[{"href":"https:\/\/lotsarnastockholm.se\/index.php\/wp-json\/wp\/v2\/pages"}],"about":[{"href":"https:\/\/lotsarnastockholm.se\/index.php\/wp-json\/wp\/v2\/types\/page"}],"author":[{"embeddable":true,"href":"https:\/\/lotsarnastockholm.se\/index.php\/wp-json\/wp\/v2\/users\/1"}],"replies":[{"embeddable":true,"href":"https:\/\/lotsarnastockholm.se\/index.php\/wp-json\/wp\/v2\/comments?post=4103"}],"version-history":[{"count":5,"href":"https:\/\/lotsarnastockholm.se\/index.php\/wp-json\/wp\/v2\/pages\/4103\/revisions"}],"predecessor-version":[{"id":7627,"href":"https:\/\/lotsarnastockholm.se\/index.php\/wp-json\/wp\/v2\/pages\/4103\/revisions\/7627"}],"wp:attachment":[{"href":"https:\/\/lotsarnastockholm.se\/index.php\/wp-json\/wp\/v2\/media?parent=4103"}],"curies":[{"name":"wp","href":"https:\/\/api.w.org\/{rel}","templated":true}]}}