{"id":4099,"date":"2022-12-13T12:37:49","date_gmt":"2022-12-13T11:37:49","guid":{"rendered":"https:\/\/lotsarnastockholm.se\/?page_id=4099"},"modified":"2026-03-24T19:15:39","modified_gmt":"2026-03-24T18:15:39","slug":"varbergs-lotsplats","status":"publish","type":"page","link":"https:\/\/lotsarnastockholm.se\/index.php\/varbergs-lotsplats\/","title":{"rendered":"Varberg Lotsplats"},"content":{"rendered":"\n<p class=\"has-text-align-center\"><a href=\"https:\/\/www.google.se\/maps\/place\/57%C2%B006'24.5%22N+12%C2%B013'22.1%22E\/@57.1068167,12.2206113,17z\/data=!3m1!4b1!4m4!3m3!8m2!3d57.1068167!4d12.2228\">57\u00b0 06.409&#8242; N 12\u00b0 13.368&#8242; E<\/a><\/p>\n\n\n\n<p>Varberg (Warberg) lotsplats inr\u00e4ttad tidigt 1700 tal och nedlagd 1969<\/p>\n\n\n\n<p><strong>Ur rulla 1736<\/strong>: Uppsyningsman Ingmar Hemmelberg<br>Lotsarna: Johan M\u00f6ller, Bengt Arvidsson, Bengt Bengtsson och Oluf Nilsson<\/p>\n\n\n\n<p>Nedanst\u00e5ende ur reglemente f\u00f6r <strong>Lotswerket 1799<\/strong><\/p>\n\n\n\n<p>Under lotsuppsyningsman f\u00f6r Onsala f\u00f6rdelning lyder Varbergs lotsplats med 1 lotsa\u00e5lderman, 1 ord. Lots, 1 utl\u00e4rd reservlotsdr\u00e4ng och en lotsl\u00e4rling<br>Lotsningsomr\u00e5de: Lotsarna uppassa p\u00e5 Skrivareklippan emottaga fr\u00e5n sj\u00f6n att inlotsa, utlotsa till sj\u00f6ss \u00e4ven till Baij\u00f6 till B\u00e5tfj\u00e4rden till Onsala hamnar, till Vendels\u00f6arna till Kungsbacka fjorden.<\/p>\n\n\n\n<p><strong>1744 Ur rullan<\/strong>: Lotsarna: Berent Grimberg och Bengt Rosenberg<\/p>\n\n\n\n<p>Chefen f\u00f6r v\u00e4stra lotsdistriktet, C J Hierta, avs\u00e4nde till Kungl. F\u00f6rvaltningen f\u00f6r Sj\u00f6\u00e4renden en rapport den 22 juli 1807 \u00f6ver tillst\u00e5ndet inom lotsdistriktet:<\/p>\n\n\n\n<p>&#8221;Efter flera \u00e5rs f\u00e5f\u00e4nga f\u00f6rs\u00f6k att f\u00e5 lotsar f\u00f6r denna lotsplats lyckades lotschefen \u00e5r 1805 att s\u00e5som extra lotsar p\u00e5 denna plats anst\u00e4lla tvenne sj\u00f6m\u00e4n J\u00f6ns Andersson och Emanuel Vahlberg. De hade under de g\u00e5ngna tv\u00e5 \u00e5ren till bel\u00e5tenhet fullgjort sin tj\u00e4nst som lotsar och anh\u00f6llo nu att bliva antagna som ordinarie lotsar, vilket lotschefer hemst\u00e4ller att Kungl f\u00f6rvaltningen m\u00e5tte bifalla.<\/p>\n\n\n\n<p>Tillika f\u00f6resl\u00e5r han, att J\u00f6ns Andersson, som \u00e4r 33 \u00e5r gammal, rask och kunnig lots och sj\u00f6man, och som kan n\u00e5got skriva, nu f\u00f6rordnas till \u00e5lderman med l\u00f6n som s\u00e5dan och den andre med l\u00f6n s\u00e5som ordinarie lots. Det erfordras visserligen ytterligare en reservdr\u00e4ng och 1 l\u00e4rling, men dessa kunna eJ f\u00f6r tillf\u00e4llet anskaffas. Det blir ocks\u00e5 n\u00f6dv\u00e4ndigt att reparera lotshuset p\u00e5 Skrivareklippan, och lotschefen anh\u00e5ller om medel h\u00e4rtill.<\/p>\n\n\n\n<p>En Lotsb\u00e5t som ber\u00e4knas kosta 40 rd:r b:ko b\u00f6r \u00f6verl\u00e4mnas till lotsarna, eller ocks\u00e5 b\u00f6ra de f\u00e5 ett \u00e5rligt bidrag till lotsb\u00e5t av 5 r:dr b:ko.<\/p>\n\n\n\n<p>S\u00e4kerhetsanstalter. Varbergs f\u00e4stning och kyrktorn uppgiver lotschefen vara de b\u00e4sta sj\u00f6m\u00e4rkena f\u00f6r inl\u00f6pande till denna hamn. Lotsplatsen b\u00f6r s\u00e5som redan i ber\u00e4ttelsen om Onsala anf\u00f6rts sortera under lotsuppsyningsmannen d\u00e4rst\u00e4des.&#8221;<\/p>\n\n\n\n<p><strong>Ur rulla 1817:<\/strong><\/p>\n\n\n\n<p>Lots\u00e5lderman J. Andersson<br>Ord. Lots Em. Valberg<br>Reservlotsdr\u00e4ng B. Pehrsson<\/p>\n\n\n\n<p>Enligt visitationsprotokollet 1817 befanns lotsstugan \u00e5 den s.k. Skrifvare-klippan vara byggd av gr\u00e5sten, taket felaktigt, d\u00f6rrar, golv och f\u00f6nster bortstulna emedan lotsarnas anseende till byggnadens felaktighet och i saknad av vedbrand aldrig kunnat vistas d\u00e4r. Den l\u00e5sta utkiken \u00e4r dessutom fr\u00e5n f\u00e4stningsvallen.<\/p>\n\n\n\n<p>Ur 1820 \u00e5rs f\u00f6rteckning bemannas med 1 lots\u00e5lderman, 1 m\u00e4sterlots, 1 secund lots, 1 lotsl\u00e4rling. Uppassa vid varbergs f\u00e4stning och ta emot fartyg utanf\u00f6r Skrivareklippan. Samt lotsa: Till Falkenberg, Rya, Mal\u00f6hamnar, Kungsbacka fjord, Balj\u00f6, B\u00e5tefj\u00e4rden, Vendels\u00f6arna till eller fr\u00e5n Sj\u00f6n.<\/p>\n\n\n\n<p>1914 s\u00e5lde Lotsverket stora d\u00e4ckade kuttern till lotsplatsen<\/p>\n\n\n\n<p><strong>1920 \u00e5rs b\u00e5tbest\u00e5nd:<\/strong><br>1 d\u00e4ckad kutter byggd 1906, ek, kravell, 9.5&#215;3.66, 10 hk<br>1 motorb\u00e5t byggd 1913, ek\/furu, klink, 5.6&#215;2.2, 3\u00bd hk Popul\u00e4r<br>1 segelb\u00e5t byggd 1905, furu, klink, 5.3&#215;1.8<\/p>\n\n\n\n<p>1930 samt 1941 om och tillbyggdes lotsuppassningshuset<\/p>\n\n\n\n<p>1941 fick Varbergs lotsplats en ny lotskutter byggd vid Ringens varv i Marstrand. L=12.5, bredd= 4.65, Djg= 2.2. Bordl\u00e4ggning och spant var av sj\u00e4lvtorkad prima svensk ek, D\u00e4ck av Oregon-Pine, styrhytt och ruffsarg av teak. Styrhytt och rufftak var belagda med h\u00e5rdh\u00e4rdad masonit. Motorn om 60 hk var en tv\u00e5 cylindrig Seffle motor av modernaste konstruktion var f\u00f6rsedd med 3 olika startanordningar: el. snabbstart, patronstart samt vanlig bl\u00e5slampa. Fart omkring 8 knop<\/p>\n\n\n\n<p>1947 13-14 september: Lotsstyrelsen beslutade att till envar av f\u00f6ljande personal vid Varbergs lotsplats, n\u00e4mligen lotsf\u00f6rman JE Nystr\u00f6m och lotsen CG Bergstr\u00f6m och tillf\u00f6rordnade bitr\u00e4det JA Pettersson f\u00f6r visat mod och \u00e5dagalagd r\u00e5dighet vid r\u00e4ddandet av bes\u00e4ttningen \u00e5 det vid sk\u00e4ret F\u00e5rnyet strandade finska S\/S Tervsund \u00f6verl\u00e4mna dels skriftligt erk\u00e4nnande dels och en penningbel\u00f6ning av 150 kr fr\u00e5n den Westmarkska bel\u00f6ningsfonden.<\/p>\n\n\n\n<p>Lotsar och b\u00e5tm\u00e4n vid Varbergs lotsplats<\/p>\n\n\n\n<figure class=\"wp-block-table alignwide\"><table class=\"has-fixed-layout\"><tbody><tr><td><strong>Efternamn<\/strong><\/td><td><strong>F\u00f6rnamn<\/strong><\/td><td><strong>F\u00f6dd<\/strong><\/td><td><strong>I Staten<\/strong><\/td><td><strong>B\u00e5tman<\/strong><\/td><td><strong>Lpl 1<\/strong><\/td><td><strong>Lpl 2<\/strong><\/td><td><strong>Lpl 3<\/strong><\/td><\/tr><tr><td>Ingemarsson<\/td><td>Claes<\/td><td>1821<\/td><td><\/td><td><\/td><td>Varberg<\/td><td><\/td><td><\/td><\/tr><tr><td>Jonasson<\/td><td>Martin<\/td><td>1835<\/td><td><\/td><td><\/td><td>Varberg<\/td><td><\/td><td><\/td><\/tr><tr><td>Arvidsson<\/td><td>Bengt<\/td><td><\/td><td><\/td><td><\/td><td>Varberg<\/td><td><\/td><td><\/td><\/tr><tr><td>Bengtsson<\/td><td>Bengt<\/td><td><\/td><td><\/td><td><\/td><td>Varberg<\/td><td><\/td><td><\/td><\/tr><tr><td>Grimberg<\/td><td>Berent<\/td><td><\/td><td><\/td><td><\/td><td>Varberg<\/td><td><\/td><td><\/td><\/tr><tr><td>Hemmelberg<\/td><td>Ingmar<\/td><td><\/td><td><\/td><td><\/td><td>Varberg<\/td><td><\/td><td><\/td><\/tr><tr><td>M\u00f6ller<\/td><td>Johan<\/td><td><\/td><td><\/td><td><\/td><td>Varberg<\/td><td><\/td><td><\/td><\/tr><tr><td>Nilsson<\/td><td>Oluf<\/td><td><\/td><td><\/td><td><\/td><td>Varberg<\/td><td><\/td><td><\/td><\/tr><tr><td>Pehrsson<\/td><td>B<\/td><td><\/td><td><\/td><td><\/td><td>Varberg<\/td><td><\/td><td><\/td><\/tr><tr><td>Rosenberg<\/td><td>Bengt<\/td><td><\/td><td><\/td><td><\/td><td>Varberg<\/td><td><\/td><td><\/td><\/tr><tr><td>Andersson<\/td><td>J\u00f6ns<\/td><td>1774<\/td><td>1803<\/td><td><\/td><td>Varberg<\/td><td><\/td><td><\/td><\/tr><tr><td>Vahlberg<\/td><td>Emanuel<\/td><td><\/td><td>1803<\/td><td><\/td><td>Varberg<\/td><td><\/td><td><\/td><\/tr><tr><td>Lundberg<\/td><td>Nils<\/td><td>1830<\/td><td>1872<\/td><td><\/td><td>Varberg<\/td><td><\/td><td><\/td><\/tr><tr><td>Berndtsson<\/td><td>Carl<\/td><td>1842<\/td><td>1874<\/td><td><\/td><td>Varberg<\/td><td><\/td><td><\/td><\/tr><tr><td>Halld\u00e9n<\/td><td>Bernhard<\/td><td>1840<\/td><td>1878<\/td><td><\/td><td>Varberg<\/td><td><\/td><td><\/td><\/tr><tr><td>Ingemarsson<\/td><td>Johan<\/td><td>1862<\/td><td>1878<\/td><td><\/td><td>Varberg<\/td><td><\/td><td><\/td><\/tr><tr><td>Olsson<\/td><td>Bernhard<\/td><td>1840<\/td><td>1878<\/td><td><\/td><td>Gr\u00f6nsk\u00e4ren<\/td><td>Varberg<\/td><td><\/td><\/tr><tr><td>Bergstr\u00f6m<\/td><td>Anders<\/td><td>1865<\/td><td>1888<\/td><td><\/td><td>Varberg<\/td><td>Falkenberg<\/td><td><\/td><\/tr><tr><td>Bergstr\u00f6m<\/td><td>Johan<\/td><td>1871<\/td><td>1891<\/td><td><\/td><td>Varberg<\/td><td><\/td><td><\/td><\/tr><tr><td>Nyl\u00e9n<\/td><td>Carl<\/td><td>1870<\/td><td>1891<\/td><td><\/td><td>Varberg<\/td><td><\/td><td><\/td><\/tr><tr><td>Str\u00f6mberg<\/td><td>Carl<\/td><td>1874<\/td><td>1892<\/td><td><\/td><td>Varberg<\/td><td><\/td><td><\/td><\/tr><tr><td>Sj\u00f6berg<\/td><td>Johan<\/td><td>1874<\/td><td>1896<\/td><td><\/td><td>Varberg<\/td><td><\/td><td><\/td><\/tr><tr><td>F\u00e4rdig<\/td><td>Gustaf<\/td><td>1874<\/td><td>1900<\/td><td><\/td><td>Varberg<\/td><td><\/td><td><\/td><\/tr><tr><td>H\u00f6gberg<\/td><td>Karl<\/td><td>1879<\/td><td>1900<\/td><td><\/td><td>Varberg<\/td><td><\/td><td><\/td><\/tr><tr><td>Charles<\/td><td>Ernst<\/td><td>1890<\/td><td>1908<\/td><td><\/td><td>Varberg<\/td><td><\/td><td><\/td><\/tr><tr><td>Nystr\u00f6m<\/td><td>John<\/td><td>1895<\/td><td>1913<\/td><td><\/td><td>Varberg<\/td><td><\/td><td><\/td><\/tr><tr><td>Nilsson<\/td><td>Carl<\/td><td>1896<\/td><td>1917<\/td><td><\/td><td>Marstrand<\/td><td>Halmstad<\/td><td>Varberg<\/td><\/tr><tr><td>Bergstr\u00f6m<\/td><td>Carl<\/td><td>1900<\/td><td>1920<\/td><td><\/td><td>Varberg<\/td><td><\/td><td><\/td><\/tr><tr><td>Lilja<\/td><td>Gunnar<\/td><td>1902<\/td><td>1923<\/td><td><\/td><td>Falkenberg<\/td><td>Vinga<\/td><td>G\u00f6teborg\/Varberg<\/td><\/tr><tr><td>Nystr\u00f6m<\/td><td>Ragnar<\/td><td>1897<\/td><td>1923<\/td><td><\/td><td>Varberg<\/td><td><\/td><td><\/td><\/tr><tr><td>Lundberg<\/td><td>Torsten<\/td><td>1906<\/td><td>1935<\/td><td><\/td><td>Varberg<\/td><td>Dalar\u00f6<\/td><td><\/td><\/tr><tr><td>Costerhed<\/td><td>Arne<\/td><td>1919<\/td><td>1938<\/td><td><\/td><td>Nordkoster<\/td><td>Varberg<\/td><td><\/td><\/tr><tr><td>Karlsten<\/td><td>Nils<\/td><td>1920<\/td><td>1943<\/td><td><\/td><td>Vinga<\/td><td>Varberg<\/td><td>G\u00f6teborg<\/td><\/tr><tr><td>Svensson<\/td><td>Sven<\/td><td>1915<\/td><td>1945<\/td><td>1948-07-01<\/td><td>Varberg<\/td><td><\/td><td><\/td><\/tr><tr><td>Bj\u00f6rneld<\/td><td>Bror<\/td><td>1923<\/td><td>1946<\/td><td><\/td><td>Varberg<\/td><td><\/td><td><\/td><\/tr><tr><td>Pehrsson<\/td><td>Olle<\/td><td>1918<\/td><td>1948<\/td><td><\/td><td>Varberg<\/td><td>Got\/slite<\/td><td><\/td><\/tr><tr><td>Bengtsson<\/td><td>Nils<\/td><td>1925<\/td><td>1950<\/td><td><\/td><td>Varberg<\/td><td><\/td><td><\/td><\/tr><tr><td>Larsson<\/td><td>Bengt<\/td><td>1933<\/td><td>1952<\/td><td>1955-10-01<\/td><td>G\u00f6teborg<\/td><td>Varberg<\/td><td><\/td><\/tr><tr><td>Stenberg<\/td><td>Lars<\/td><td>1927<\/td><td>1952<\/td><td><\/td><td>Varberg<\/td><td>Falkenberg<\/td><td>Halmstad<\/td><\/tr><tr><td>Edlund<\/td><td>Rolf<\/td><td>1930<\/td><td>1953<\/td><td><\/td><td>Havstenssund<\/td><td>Nordkoster<\/td><td>Varberg\/Halmstad\/Falkenberg<\/td><\/tr><tr><td>Ekholm<\/td><td>Axel<\/td><td>1919<\/td><td>1953<\/td><td><\/td><td>Varberg<\/td><td>M\u00e4laren<\/td><td>S\u00f6dert\u00e4lje<\/td><\/tr><tr><td>Bengtsson<\/td><td>Sven<\/td><td>1919<\/td><td>1957<\/td><td>1959-04-01<\/td><td>Halmstad<\/td><td>G\u00f6teborg<\/td><td>Varberg<\/td><\/tr><tr><td>Arbo<\/td><td>Jan<\/td><td>1938<\/td><td>1964<\/td><td><\/td><td>Marstrand<\/td><td>G\u00f6teborg<\/td><td>Varberg<\/td><\/tr><tr><td>Svahn<\/td><td>Tony<\/td><td>1943<\/td><td>1966<\/td><td>1975-01-01<\/td><td>Varberg<\/td><td><\/td><td><\/td><\/tr><tr><td>S\u00f6der<\/td><td>Bengt<\/td><td>1928<\/td><td>1967<\/td><td>1970-07-01<\/td><td>Varberg<\/td><td><\/td><td><\/td><\/tr><tr><td>Andersson<\/td><td>Karl<\/td><td>1937<\/td><td>1974<\/td><td>1975-01-01<\/td><td>Varberg<\/td><td><\/td><td><\/td><\/tr><tr><td>Nilsson<\/td><td>Anders<\/td><td>1952<\/td><td>1979<\/td><td>1980-12-01<\/td><td>Varberg<\/td><td><\/td><td><\/td><\/tr><\/tbody><\/table><\/figure>\n","protected":false},"excerpt":{"rendered":"<p>57\u00b0 06.409&#8242; N 12\u00b0 13.368&#8242; E Varberg (Warberg) lotsplats inr\u00e4ttad tidigt 1700 tal och nedlagd 1969 Ur rulla 1736: Uppsyningsman Ingmar HemmelbergLotsarna: Johan M\u00f6ller, Bengt Arvidsson, Bengt Bengtsson och Oluf Nilsson Nedanst\u00e5ende ur reglemente f\u00f6r Lotswerket 1799 Under lotsuppsyningsman f\u00f6r Onsala f\u00f6rdelning lyder Varbergs lotsplats med 1 lotsa\u00e5lderman, 1 ord. Lots, 1 utl\u00e4rd reservlotsdr\u00e4ng och&hellip; <a class=\"more-link\" href=\"https:\/\/lotsarnastockholm.se\/index.php\/varbergs-lotsplats\/\">Forts\u00e4tt l\u00e4sa <span class=\"screen-reader-text\">Varberg Lotsplats<\/span><\/a><\/p>\n","protected":false},"author":1,"featured_media":0,"parent":0,"menu_order":0,"comment_status":"closed","ping_status":"closed","template":"","meta":{"footnotes":""},"class_list":["post-4099","page","type-page","status-publish","hentry","entry"],"_links":{"self":[{"href":"https:\/\/lotsarnastockholm.se\/index.php\/wp-json\/wp\/v2\/pages\/4099","targetHints":{"allow":["GET"]}}],"collection":[{"href":"https:\/\/lotsarnastockholm.se\/index.php\/wp-json\/wp\/v2\/pages"}],"about":[{"href":"https:\/\/lotsarnastockholm.se\/index.php\/wp-json\/wp\/v2\/types\/page"}],"author":[{"embeddable":true,"href":"https:\/\/lotsarnastockholm.se\/index.php\/wp-json\/wp\/v2\/users\/1"}],"replies":[{"embeddable":true,"href":"https:\/\/lotsarnastockholm.se\/index.php\/wp-json\/wp\/v2\/comments?post=4099"}],"version-history":[{"count":11,"href":"https:\/\/lotsarnastockholm.se\/index.php\/wp-json\/wp\/v2\/pages\/4099\/revisions"}],"predecessor-version":[{"id":7853,"href":"https:\/\/lotsarnastockholm.se\/index.php\/wp-json\/wp\/v2\/pages\/4099\/revisions\/7853"}],"wp:attachment":[{"href":"https:\/\/lotsarnastockholm.se\/index.php\/wp-json\/wp\/v2\/media?parent=4099"}],"curies":[{"name":"wp","href":"https:\/\/api.w.org\/{rel}","templated":true}]}}