{"id":4092,"date":"2022-12-12T11:29:08","date_gmt":"2022-12-12T10:29:08","guid":{"rendered":"https:\/\/lotsarnastockholm.se\/?page_id=4092"},"modified":"2025-06-07T07:22:28","modified_gmt":"2025-06-07T06:22:28","slug":"kungalv-lotsplats","status":"publish","type":"page","link":"https:\/\/lotsarnastockholm.se\/index.php\/kungalv-lotsplats\/","title":{"rendered":"Kung\u00e4lv\/ K\u00e4ppholmen Lotsplats"},"content":{"rendered":"\n<p class=\"has-text-align-center\">KUNG\u00c4LV <a href=\"https:\/\/www.google.se\/maps\/place\/57%C2%B051'52.9%22N+11%C2%B059'41.8%22E\/@57.8646833,11.9927613,17z\/data=!3m1!4b1!4m4!3m3!8m2!3d57.8646833!4d11.99495\">57\u00b0 51.881&#8242; N 11\u00b0 59.697&#8242; E<\/a><br>K\u00c4PPHOLMEN <a href=\"https:\/\/www.google.se\/maps\/place\/57%C2%B047'33.7%22N+11%C2%B050'08.0%22E\/@57.7926833,11.833378,17z\/data=!3m1!4b1!4m4!3m3!8m2!3d57.7926833!4d11.8355667\">57\u00b0 47.561&#8242; N 11\u00b0 50.134&#8242; E<\/a><\/p>\n\n\n\n<p>Lotsplatsen<strong> Kung\u00e4lv <\/strong>finns inte med 1799 \u00e5rs reglemente eller 1820 \u00e5rs.<\/p>\n\n\n\n<p>Lotsplatsen indrogs 1889<\/p>\n\n\n\n<p>Ur reglemente och f\u00f6rordningar fr\u00e5n 1863:<\/p>\n\n\n\n<p>Tillh\u00f6r G\u00f6teborgs f\u00f6rdelning. Lotsningsomr\u00e5de: Fr\u00e5n Kung\u00e4lv till G\u00f6teborg respektive Kalvsund genom Nordre \u00e4lv, till R\u00f6r\u00f6, Bredungen samt fr\u00e5n Bredungen till G\u00f6teborg.<\/p>\n\n\n\n<p>P\u00e5 riksarkivet \u00e5terfann jag 2025 en rulla som t\u00e4ckte alla lotsar i Sverige mellan 1823-1899 och d\u00e5 fann jag tv\u00e5 lotsar p\u00e5 Kongelv!! Det \u00e4r f\u00f6rsta och enda g\u00e5ngen jag sett dessa namn. Det var<\/p>\n\n\n\n<p>Christer (ev. Christoffer?) Hasselgren f\u00f6dd 16 mars 1831och anst\u00e4lld som extra lots 30 juni 1858. Han blev lotsf\u00f6rman 30 juni 1881 och m\u00e4sterlots i septembersamma \u00e5r. Han slutade 8 mars 1889 d\u00e5 platsen lades ned.<\/p>\n\n\n\n<p>Sven Peter Pehrsson f\u00f6dd 14 feb 1820, anst\u00e4lld som extra lots 2 juli 1858 och blev m\u00e4sterlots 13 mars 1883. Avsked den 1 juni 1883<\/p>\n\n\n\n<p><\/p>\n\n\n\n<p><strong>K\u00e4ppholmen<\/strong> eller Kippholmen som det heter idag ligger p\u00e5 Hisingen i mynningen av Nordre \u00e4lv.<\/p>\n\n\n\n<p>Endast i 1820 \u00e5rs f\u00f6rordning finns K\u00e4ppholmen med som egen lotsplats. I 1844 och 1862 \u00e5rs reglementen f\u00f6rekommer den endast som en plats dit det lotsades fr\u00e5n Kalfsund. Idag \u00e5terst\u00e5r endast gamla industrirester och en gammal f\u00f6rsvarsskans p\u00e5 Kippholmen s\u00e5 troligen var det en lastageplats f\u00f6r utskeppning av n\u00e5gon last (sten fr\u00e5n skansen?) Det \u00e4r inte heller s\u00e4kert att det bodde n\u00e5gon lots d\u00e4r utan all lotsning kan ha utf\u00f6rts fr\u00e5n n\u00e4rliggande st\u00f6rre lotsplatser. <\/p>\n","protected":false},"excerpt":{"rendered":"<p>KUNG\u00c4LV 57\u00b0 51.881&#8242; N 11\u00b0 59.697&#8242; EK\u00c4PPHOLMEN 57\u00b0 47.561&#8242; N 11\u00b0 50.134&#8242; E Lotsplatsen Kung\u00e4lv finns inte med 1799 \u00e5rs reglemente eller 1820 \u00e5rs. Lotsplatsen indrogs 1889 Ur reglemente och f\u00f6rordningar fr\u00e5n 1863: Tillh\u00f6r G\u00f6teborgs f\u00f6rdelning. Lotsningsomr\u00e5de: Fr\u00e5n Kung\u00e4lv till G\u00f6teborg respektive Kalvsund genom Nordre \u00e4lv, till R\u00f6r\u00f6, Bredungen samt fr\u00e5n Bredungen till G\u00f6teborg. P\u00e5&hellip; <a class=\"more-link\" href=\"https:\/\/lotsarnastockholm.se\/index.php\/kungalv-lotsplats\/\">Forts\u00e4tt l\u00e4sa <span class=\"screen-reader-text\">Kung\u00e4lv\/ K\u00e4ppholmen Lotsplats<\/span><\/a><\/p>\n","protected":false},"author":1,"featured_media":0,"parent":0,"menu_order":0,"comment_status":"closed","ping_status":"closed","template":"","meta":{"footnotes":""},"class_list":["post-4092","page","type-page","status-publish","hentry","entry"],"_links":{"self":[{"href":"https:\/\/lotsarnastockholm.se\/index.php\/wp-json\/wp\/v2\/pages\/4092","targetHints":{"allow":["GET"]}}],"collection":[{"href":"https:\/\/lotsarnastockholm.se\/index.php\/wp-json\/wp\/v2\/pages"}],"about":[{"href":"https:\/\/lotsarnastockholm.se\/index.php\/wp-json\/wp\/v2\/types\/page"}],"author":[{"embeddable":true,"href":"https:\/\/lotsarnastockholm.se\/index.php\/wp-json\/wp\/v2\/users\/1"}],"replies":[{"embeddable":true,"href":"https:\/\/lotsarnastockholm.se\/index.php\/wp-json\/wp\/v2\/comments?post=4092"}],"version-history":[{"count":8,"href":"https:\/\/lotsarnastockholm.se\/index.php\/wp-json\/wp\/v2\/pages\/4092\/revisions"}],"predecessor-version":[{"id":7443,"href":"https:\/\/lotsarnastockholm.se\/index.php\/wp-json\/wp\/v2\/pages\/4092\/revisions\/7443"}],"wp:attachment":[{"href":"https:\/\/lotsarnastockholm.se\/index.php\/wp-json\/wp\/v2\/media?parent=4092"}],"curies":[{"name":"wp","href":"https:\/\/api.w.org\/{rel}","templated":true}]}}