{"id":4086,"date":"2022-12-11T18:56:52","date_gmt":"2022-12-11T17:56:52","guid":{"rendered":"https:\/\/lotsarnastockholm.se\/?page_id=4086"},"modified":"2023-04-12T11:58:39","modified_gmt":"2023-04-12T10:58:39","slug":"foto-lotsplats","status":"publish","type":"page","link":"https:\/\/lotsarnastockholm.se\/index.php\/foto-lotsplats\/","title":{"rendered":"Fot\u00f6\/ Riv\u00f6fjord Lotsplats"},"content":{"rendered":"\n<p class=\"has-text-align-center\"> FOT\u00d6 <a href=\"https:\/\/www.google.se\/maps\/place\/57%C2%B040'06.8%22N+11%C2%B039'13.0%22E\/@57.66855,11.6514113,17z\/data=!3m1!4b1!4m4!3m3!8m2!3d57.66855!4d11.6536\">57\u00b0 40.113&#8242; N 11\u00b0 39.216&#8242; E<\/a><br>RIFWEFJORD  <a href=\"https:\/\/www.google.se\/maps\/place\/57%C2%B039'34.0%22N+11%C2%B048'15.7%22E\/@57.65945,11.8021613,17z\/data=!3m1!4b1!4m4!3m3!8m2!3d57.65945!4d11.80435\">57\u00b0 39.567&#8242; N 11\u00b0 48.261&#8242; E<\/a><\/p>\n\n\n\n<p><strong>Fot\u00f6 Lotsplats fungerade som lotsplats periodvis mellan 1800-1844<\/strong><\/p>\n\n\n\n<p><strong>Rifwefjord\/Riv\u00f6fjord<\/strong> finns endast omn\u00e4mnd i 1820 \u00e5rs f\u00f6rordning som egen lotsplats men f\u00f6rekommer sedan i 1844 och 1862 \u00e5rs reglementen enkom som en plats dit och fr\u00e5n det lotsades fr\u00e5n G\u00f6theborg, Br\u00e4nn\u00f6 och Vinga. Det verkar ha varit en plats d\u00e4r det skiftades lots men eftersom inget har g\u00e5tt att finna om denna plats  \u00e4r det os\u00e4kert om det n\u00e5gonsin var en egen lotsplats eller bara var ett lotsskiftesst\u00e4lle? <\/p>\n\n\n\n<p>Ej med i 1799 \u00e5rs reglemente<\/p>\n\n\n\n<p>Enligt 1820 \u00e5rs reglemente under \u00e5lderman p\u00e5 Br\u00e4nn\u00f6 med:<br>2 m\u00e4sterlotsar, 2 secund lotsar och 2 l\u00e4rlingar<\/p>\n\n\n\n<p>Enligt Reglemente 1820:&nbsp; Lots uppassa vid byn och tar emot de fartyg som s\u00f6ker hamn i Fot\u00f6sund eller vill inl\u00f6pa.<\/p>\n\n\n\n<p>Ej med i 1844 \u00e5rs rulla eller senare.<\/p>\n\n\n\n<figure class=\"wp-block-image size-full\"><a href=\"https:\/\/lotsarnastockholm.se\/wp-content\/uploads\/2022\/12\/karta.jpg\"><img fetchpriority=\"high\" decoding=\"async\" width=\"463\" height=\"434\" src=\"https:\/\/lotsarnastockholm.se\/wp-content\/uploads\/2022\/12\/karta.jpg\" alt=\"\" class=\"wp-image-4087\" srcset=\"https:\/\/lotsarnastockholm.se\/wp-content\/uploads\/2022\/12\/karta.jpg 463w, https:\/\/lotsarnastockholm.se\/wp-content\/uploads\/2022\/12\/karta-300x281.jpg 300w\" sizes=\"(max-width: 463px) 100vw, 463px\" \/><\/a><\/figure>\n","protected":false},"excerpt":{"rendered":"<p>FOT\u00d6 57\u00b0 40.113&#8242; N 11\u00b0 39.216&#8242; ERIFWEFJORD 57\u00b0 39.567&#8242; N 11\u00b0 48.261&#8242; E Fot\u00f6 Lotsplats fungerade som lotsplats periodvis mellan 1800-1844 Rifwefjord\/Riv\u00f6fjord finns endast omn\u00e4mnd i 1820 \u00e5rs f\u00f6rordning som egen lotsplats men f\u00f6rekommer sedan i 1844 och 1862 \u00e5rs reglementen enkom som en plats dit och fr\u00e5n det lotsades fr\u00e5n G\u00f6theborg, Br\u00e4nn\u00f6 och Vinga.&hellip; <a class=\"more-link\" href=\"https:\/\/lotsarnastockholm.se\/index.php\/foto-lotsplats\/\">Forts\u00e4tt l\u00e4sa <span class=\"screen-reader-text\">Fot\u00f6\/ Riv\u00f6fjord Lotsplats<\/span><\/a><\/p>\n","protected":false},"author":1,"featured_media":0,"parent":0,"menu_order":0,"comment_status":"closed","ping_status":"closed","template":"","meta":{"footnotes":""},"class_list":["post-4086","page","type-page","status-publish","hentry","entry"],"_links":{"self":[{"href":"https:\/\/lotsarnastockholm.se\/index.php\/wp-json\/wp\/v2\/pages\/4086","targetHints":{"allow":["GET"]}}],"collection":[{"href":"https:\/\/lotsarnastockholm.se\/index.php\/wp-json\/wp\/v2\/pages"}],"about":[{"href":"https:\/\/lotsarnastockholm.se\/index.php\/wp-json\/wp\/v2\/types\/page"}],"author":[{"embeddable":true,"href":"https:\/\/lotsarnastockholm.se\/index.php\/wp-json\/wp\/v2\/users\/1"}],"replies":[{"embeddable":true,"href":"https:\/\/lotsarnastockholm.se\/index.php\/wp-json\/wp\/v2\/comments?post=4086"}],"version-history":[{"count":4,"href":"https:\/\/lotsarnastockholm.se\/index.php\/wp-json\/wp\/v2\/pages\/4086\/revisions"}],"predecessor-version":[{"id":5488,"href":"https:\/\/lotsarnastockholm.se\/index.php\/wp-json\/wp\/v2\/pages\/4086\/revisions\/5488"}],"wp:attachment":[{"href":"https:\/\/lotsarnastockholm.se\/index.php\/wp-json\/wp\/v2\/media?parent=4086"}],"curies":[{"name":"wp","href":"https:\/\/api.w.org\/{rel}","templated":true}]}}