{"id":4078,"date":"2022-12-10T20:56:10","date_gmt":"2022-12-10T19:56:10","guid":{"rendered":"https:\/\/lotsarnastockholm.se\/?page_id=4078"},"modified":"2026-02-27T21:27:32","modified_gmt":"2026-02-27T20:27:32","slug":"hono-lotsplats","status":"publish","type":"page","link":"https:\/\/lotsarnastockholm.se\/index.php\/hono-lotsplats\/","title":{"rendered":"H\u00f6n\u00f6 Lotsplats"},"content":{"rendered":"\n<p class=\"has-text-align-center\"><a href=\"https:\/\/www.google.se\/maps\/place\/57%C2%B041'41.3%22N+11%C2%B039'48.3%22E\/@57.6948,11.661228,17z\/data=!3m1!4b1!4m4!3m3!8m2!3d57.6948!4d11.6634167\">57\u00b0 41.688&#8242; N 11\u00b0 39.805&#8242; E<\/a><\/p>\n\n\n\n<p><strong>1729 rulla<\/strong>: Lotsar Erich Staffansson och Jacob Andersson<\/p>\n\n\n\n<p><strong>Ur rulla 1736:<\/strong><br>Lots: Jacob Andersson i tj 1716, Erich Staffansson i tj 1730<\/p>\n\n\n\n<p>Lotsplatsen finns inte med i 1744 \u00e5rs rulla<\/p>\n\n\n\n<p><strong>Ur rulla 1774:<\/strong> lotsning fr\u00e5n Brunsk\u00e4r (Brunski\u00e4r-Torsby) till L\u00e5ng\u00f6, Marstrand, Kalvsund, Kung\u00e4lv och R\u00f6r\u00f6.<\/p>\n\n\n\n<p>Pensionerade lotsar:<br>Olof Olofsson, Olof Eskilsson, 65 \u00e5r<br>Pehr Ericksson, 65 \u00e5r<br>Cornelius Olofsson, 56 \u00e5r<br>Anders B\u00f6rgiesson, 47 \u00e5r<\/p>\n\n\n\n<p>Ord lotsar:<br>Pehr M\u00e5nsson 45 \u00e5r, 14 tj \u00e5r<br>Berndt Andersson, 45 \u00e5r 14 tj \u00e5r<br>Lotsdr\u00e4ng: Hans Rasmusson, 27 \u00e5r 12 tj \u00e5r<br>Olof Svensson Bure, 42 \u00e5r 1 tj \u00e5r<br>Olof Pehrsson, 18 \u00e5r<\/p>\n\n\n\n<p><strong>Finns inte med i 1799 \u00e5rs reglemente <\/strong>ej heller i 1817 \u00e5rs rulla eller 1820 \u00e5rs f\u00f6rteckning<\/p>\n\n\n\n<p><strong>Enl reglemente och f\u00f6rordning 1863<\/strong> Lotsningsomr\u00e5de: Fr\u00e5n H\u00f6n\u00f6 till G\u00f6teborg respektive Riv\u00f6fjorden, K\u00e4ns\u00f6sund, Varg\u00f6h\u00e5la, Vr\u00e5ng\u00f6, Kalvsund<\/p>\n\n\n\n<p>1877 byggdes ett nytt lotsuppassningshus<\/p>\n\n\n\n<p><strong>Lotsplatsen nedlagd 1888<\/strong><\/p>\n\n\n\n<p>Efter platsens nedl\u00e4ggning f\u00f6rs\u00e5ldes uppassningshuset och lotsbryggan<\/p>\n\n\n\n<p>1894:<br>Lots Hans Peter Zachariasson f\u00f6dd 1851, anst\u00e4lld 1870<br>L\u00e4rling: Olof August Johannesson Hedstr\u00f6m f\u00f6dd 1855 anst\u00e4lld 1875<\/p>\n\n\n\n<p>1897:<br>Lots Hans Peter Zachariasson: P\u00e5 \u00f6verg\u00e5ngsstat<br>L\u00e4rling: Olof August Johannesson: P\u00e5 \u00f6verg\u00e5ngsstat<\/p>\n\n\n\n<p>Lotsplatsen finns med igen i 1897 \u00e5rs f\u00f6rteckning vilket \u00e4r lite m\u00e4rkligt eftersom den lades ner 1888 enligt beslut i december 1887.<\/p>\n\n\n\n<p>Ur Lotsstyrelsens underd\u00e5niga ber\u00e4ttelse f\u00f6r 1889<br><em>Sedan H\u00f6n\u00f6 lotsplats p\u00e5 grund af Eders Kongl. Maj:ts<br>n\u00e5diga beslut den 16 December 1887 blifvit indragen, har<br>Lotsstyrelsen l\u00e5tit upps\u00e4ga de \u00e5 hemmanet R\u00f6d \u00e5t lotsarne<br>vid n\u00e4mnda lotsplats utsynte boplatser.<\/em><\/p>\n\n\n\n<p>Lotsarna vid H\u00f6n\u00f6 Lpl:<\/p>\n\n\n\n<figure class=\"wp-block-table alignwide\"><table class=\"has-fixed-layout\"><tbody><tr><td><strong>Efternamn<\/strong><\/td><td><strong>F\u00f6rnamn<\/strong><\/td><td><strong>F\u00f6dd<\/strong><\/td><td>I<strong> Staten<\/strong><\/td><\/tr><tr><td>Andersson<\/td><td>Jacob<\/td><td><\/td><td>1716<\/td><\/tr><tr><td>Staffansson<\/td><td>Erich<\/td><td><\/td><td>1730<\/td><\/tr><tr><td>Ericksson<\/td><td>Pehr<\/td><td>1709<\/td><td><\/td><\/tr><tr><td>Esskelsson<\/td><td>Olof<\/td><td>1709<\/td><td><\/td><\/tr><tr><td>Olofsson<\/td><td>Carl<\/td><td>1712<\/td><td><\/td><\/tr><tr><td>Olofsson<\/td><td>Cornelius<\/td><td>1718<\/td><td><\/td><\/tr><tr><td>B\u00f6rgiesson<\/td><td>Anders<\/td><td>1727<\/td><td><\/td><\/tr><tr><td>Jonsson<\/td><td>Hans<\/td><td>1727<\/td><td>1749<\/td><\/tr><tr><td>Andersson<\/td><td>Berndt<\/td><td>1729<\/td><td>1760<\/td><\/tr><tr><td>M\u00e5nsson<\/td><td>Pehr<\/td><td>1729<\/td><td>1760<\/td><\/tr><tr><td>Bure<\/td><td>Olof<\/td><td>1732<\/td><td>1773<\/td><\/tr><tr><td>Rasmusson<\/td><td>Hans<\/td><td>1747<\/td><td>1762<\/td><\/tr><tr><td>Pehrsson<\/td><td>Olof<\/td><td>1756<\/td><td><\/td><\/tr><tr><td>Olsson<\/td><td>Johan<\/td><td>1817<\/td><td>1836<\/td><\/tr><tr><td>Andersson<\/td><td>Eric<\/td><td>1820<\/td><td>1840<\/td><\/tr><tr><td>Olsson<\/td><td>Johannes<\/td><td>1824<\/td><td>1848<\/td><\/tr><tr><td>Andreasson<\/td><td>Zacharias<\/td><td>1825<\/td><td><\/td><\/tr><tr><td>Andersson<\/td><td>Zacharias<\/td><td>1825<\/td><td>1844<\/td><\/tr><tr><td>Andreasson<\/td><td>Alexander<\/td><td>1834<\/td><td><\/td><\/tr><tr><td>Utbult<\/td><td>Alexander<\/td><td>1835<\/td><td><\/td><\/tr><tr><td>Torjersson<\/td><td>Anders<\/td><td>1835<\/td><td>1857<\/td><\/tr><tr><td>Zachariasson<\/td><td>Peter<\/td><td>1851<\/td><td>1870<\/td><\/tr><tr><td>Carlsson<\/td><td>Olof<\/td><td>1853<\/td><td>1874<\/td><\/tr><tr><td>Hedstr\u00f6m<\/td><td>Olof<\/td><td>1855<\/td><td>1875<\/td><\/tr><\/tbody><\/table><\/figure>\n","protected":false},"excerpt":{"rendered":"<p>57\u00b0 41.688&#8242; N 11\u00b0 39.805&#8242; E 1729 rulla: Lotsar Erich Staffansson och Jacob Andersson Ur rulla 1736:Lots: Jacob Andersson i tj 1716, Erich Staffansson i tj 1730 Lotsplatsen finns inte med i 1744 \u00e5rs rulla Ur rulla 1774: lotsning fr\u00e5n Brunsk\u00e4r (Brunski\u00e4r-Torsby) till L\u00e5ng\u00f6, Marstrand, Kalvsund, Kung\u00e4lv och R\u00f6r\u00f6. Pensionerade lotsar:Olof Olofsson, Olof Eskilsson, 65&hellip; <a class=\"more-link\" href=\"https:\/\/lotsarnastockholm.se\/index.php\/hono-lotsplats\/\">Forts\u00e4tt l\u00e4sa <span class=\"screen-reader-text\">H\u00f6n\u00f6 Lotsplats<\/span><\/a><\/p>\n","protected":false},"author":1,"featured_media":0,"parent":0,"menu_order":0,"comment_status":"closed","ping_status":"closed","template":"","meta":{"footnotes":""},"class_list":["post-4078","page","type-page","status-publish","hentry","entry"],"_links":{"self":[{"href":"https:\/\/lotsarnastockholm.se\/index.php\/wp-json\/wp\/v2\/pages\/4078","targetHints":{"allow":["GET"]}}],"collection":[{"href":"https:\/\/lotsarnastockholm.se\/index.php\/wp-json\/wp\/v2\/pages"}],"about":[{"href":"https:\/\/lotsarnastockholm.se\/index.php\/wp-json\/wp\/v2\/types\/page"}],"author":[{"embeddable":true,"href":"https:\/\/lotsarnastockholm.se\/index.php\/wp-json\/wp\/v2\/users\/1"}],"replies":[{"embeddable":true,"href":"https:\/\/lotsarnastockholm.se\/index.php\/wp-json\/wp\/v2\/comments?post=4078"}],"version-history":[{"count":8,"href":"https:\/\/lotsarnastockholm.se\/index.php\/wp-json\/wp\/v2\/pages\/4078\/revisions"}],"predecessor-version":[{"id":7718,"href":"https:\/\/lotsarnastockholm.se\/index.php\/wp-json\/wp\/v2\/pages\/4078\/revisions\/7718"}],"wp:attachment":[{"href":"https:\/\/lotsarnastockholm.se\/index.php\/wp-json\/wp\/v2\/media?parent=4078"}],"curies":[{"name":"wp","href":"https:\/\/api.w.org\/{rel}","templated":true}]}}