{"id":4064,"date":"2022-12-10T14:33:30","date_gmt":"2022-12-10T13:33:30","guid":{"rendered":"https:\/\/lotsarnastockholm.se\/?page_id=4064"},"modified":"2026-03-02T17:24:24","modified_gmt":"2026-03-02T16:24:24","slug":"kalvsund","status":"publish","type":"page","link":"https:\/\/lotsarnastockholm.se\/index.php\/kalvsund\/","title":{"rendered":"Kalvsund Lotsplats"},"content":{"rendered":"\n<p class=\"has-text-align-center\"><a href=\"https:\/\/www.google.se\/maps\/place\/57%C2%B042'40.2%22N+11%C2%B040'55.0%22E\/@57.7111667,11.6797613,17z\/data=!3m1!4b1!4m4!3m3!8m2!3d57.7111667!4d11.68195\">57\u00b0 42.670&#8242; N 11\u00b0 40.917&#8242; E<\/a><\/p>\n\n\n\n<p>1697 fanns det lotsar p\u00e5 Kalfsund. Lotsplatsen var under b\u00f6rjan av 1900-talet obemannad men sk\u00f6ttes fr\u00e5n G\u00f6teborg . Slutligen nedlagd 1 juli 1931.<\/p>\n\n\n\n<p><strong>Ur Rulla 1729:<\/strong><br>Lotsarna Anders Andersson och S\u00f6ren Ericksson<\/p>\n\n\n\n<p><strong>Ur rulla 1736<\/strong><\/p>\n\n\n\n<p>Lotsarna Anders Andersson i tj\u00e4nst 1716 och S\u00f6ren Ericksson i tj\u00e4nst 1730<\/p>\n\n\n\n<p><strong>Ur rulla 1774:<\/strong> Ordinarie lotsl\u00f6n = 15 riksdaler. Lotsa fr\u00e5n Kalvsund till Brunsk\u00e4r, Bovik, Marstrand, Kung\u00e4lv Ki\u00e4rs\u00f6 och G\u00f6theborg.<\/p>\n\n\n\n<p><strong>Ord. Lotsar:<\/strong><br>S\u00f6ren Pehrsson, 50 \u00e5r, 17 tj \u00e5r<br>Anders J\u00f6nsson, 54 \u00e5r, 15 tj \u00e5r<br>Jacob Jansson, 52 \u00e5r, 13 tj \u00e5r<br>Petter Smedman, 45 \u00e5r, Varholmen, 2 tj \u00e5r<br><strong>Lotsdr\u00e4ngar<\/strong>:<br>Anders Olsson, 40 \u00e5r, 1 tj \u00e5r<br>Sven Andersson, 39 \u00e5r, 1 tj \u00e5r<br>Helje Andersson, 22 \u00e5r Varholmen, 1 tj \u00e5r<\/p>\n\n\n\n<p><strong>Ur urkunderna:<\/strong><\/p>\n\n\n\n<p><em>\u201d Holmen Lilla Kalfsund\u201d hade sedan l\u00e5ng tid f\u00f6runnats lotsarna till mulbete. S\u00e5 sm\u00e5ningom fick ocks\u00e5 andra \u00f6bor lov att bygga d\u00e4r och ha kreatur. Dessa blev allt fler och betet mindre. Lotsarna klagade \u00f6ver att deras kreatur lider brist p\u00e5 f\u00f6da. Man enades d\u00e4rf\u00f6r om viss ekonomisk gottg\u00f6relse fr\u00e5n \u00f6vriga. Ingen utom lotsarna f\u00e5r dock ta torv fr\u00e5n \u00f6n.<br>Undertecknat Kalvsund den 21 augusti 1783<br>S\u00f6ren Pehrsson, Anders Olsson, Sven Andersson, Anders S\u00f6rensson, Kronolotsar<\/em><\/p>\n\n\n\n<p><strong>Ur Reglemente f\u00f6r lotsverket 1799<\/strong><\/p>\n\n\n\n<p>Under lotschefen s\u00e5som lotsuppsyningsmannen f\u00f6r G\u00f6theborgs f\u00f6rdelning lyder Kalvsunds lotsplats med 1 lots\u00e5lderman, 3 ord lotsar, 3 utl\u00e4rda ord lotsdr\u00e4ngar, 1 utl\u00e4rd reservlotsdr\u00e4ng och 3 lotsl\u00e4rlingar. Lotsningsomr\u00e5det: Lotsarna uppassa vid Kalvsund, utlotsa till sj\u00f6ss vid Vinga \u00e4ven till Riv\u00f6fjorden, till G\u00f6theborg till Vr\u00e5ng\u00f6 till Varjeh\u00e5la till R\u00f6r\u00f6 \u00e4ven till \u00d6ver\u00f6n och Kiens\u00f6 samt d\u00e4rifr\u00e5n om s\u00e5 p\u00e5fordras.<\/p>\n\n\n\n<p><strong>Ur rulla 1817:<\/strong><br>Ord lots: P. Larsson<br>Ord. Lotsdr\u00e4ngar: B. Hansson, S. Svensson, H. Andersson, N. Vikstr\u00f6m<br>Res. Lotsdr\u00e4ng: P. Larsson<br>Lotsl\u00e4rling: B. Svensson<\/p>\n\n\n\n<p><strong>Ur 1817 visitationsprotokoll<\/strong> klagar Kalfsundslotsarna \u00f6ver tr\u00e4ngsel p\u00e5 lotsplatsen en\u00e4r sillsalterier och trankokerier anlagts samt en tullstation. Man g\u00f6r intr\u00e5ng i mulbetet och i torvsk\u00f6rden m.m.<\/p>\n\n\n\n<p><strong>Ur reglemente 1820<\/strong><\/p>\n\n\n\n<p>Lotsningsomr\u00e5de till G\u00f6theborg, Riv\u00f6fjorden, Vr\u00e5ng\u00f6, Varg\u00f6h\u00e5la, K\u00e4ns\u00f6sund, R\u00f6rholmen eller L\u00e5ng\u00f6, Marstrand, Bowik, K\u00e4ppholmen, \u00d6ver\u00f6n, Kers\u00f6, sj\u00f6ss vid Vinga resp Fot\u00f6<br>Fot\u00f6 fr\u00e5n Sj\u00f6n Till G\u00f6teborg, Riv\u00f6fjorden, K\u00e4ns\u00f6sund, Varg\u00f6h\u00e5la, Vr\u00e5ng\u00f6, Kalvsund<br>! \u00e5lderman, 3 m\u00e4sterlotsar, 3 secundlotsar, 3 l\u00e4rlingar samt uppassa vid Kalvsund<\/p>\n\n\n\n<p><strong>Ur reglemente och f\u00f6rordning 1863<\/strong><\/p>\n\n\n\n<p>Lotsningsomr\u00e5de fr\u00e5n Kalvsund till G\u00f6theborg respektive Riv\u00f6fjorden, Varg\u00f6h\u00e5la, K\u00e4ns\u00f6sund, Kung\u00e4lv, Vr\u00e5ng\u00f6 till sj\u00f6ss vid Vinga till Sj\u00f6ss vid H\u00f6n\u00f6 till Bowik, K\u00e4ppholmen, \u00d6ver\u00f6n, Kers\u00f6 och R\u00f6r\u00f6.<\/p>\n\n\n\n<p>1875 \u00c5tal mot m\u00e4sterlots C.J. Persson f\u00f6r grundst\u00f6tning med engelska S\/S ODESSA i Marstrands hamn. 20\/12 Frik\u00e4nd.<br>1875 \u00e5talades kronolotsen A. Persson f\u00f6r grundst\u00f6tning med S\/S TRITON. Frik\u00e4ndes<\/p>\n\n\n\n<p>1876 Ny tj\u00e4nsteb\u00e5t till lpl<\/p>\n\n\n\n<p><strong>Ur boken \u201d \u00d6cker\u00f6 socken \u201d av N. Odenvik utg 1957<\/strong><\/p>\n\n\n\n<p>Kalvsund var en centralpunkt f\u00f6r krogr\u00f6relse inte bara i socknen utan i hela kustomr\u00e5det mellan G\u00f6teborg och Marstrand.<\/p>\n\n\n\n<p>Sedan ur\u00e5ldriga tider var Kalven en viktig hamnplats och genomfartsled. D\u00e4r samlades i och utl\u00e4ndska fartyg i m\u00e4ngd. D\u00e4r kunde man ligga i flera dagar ja veckor och inv\u00e4nta tj\u00e4nlig vind och v\u00e4derlek. D\u00e4r sammantr\u00e4ffade ofta fiskarna fr\u00e5n hela socknen eller \u201dKalvsunds \u00f6ar\u201d till \u00f6verl\u00e4ggning. Kr\u00f6garna hade sedan l\u00e5ng tid syssels\u00e4ttning p\u00e5 denna \u00f6.<\/p>\n\n\n\n<p>S\u00e5 sm\u00e5ningom framkom krav fr\u00e5n myndigheterna att dessutom uppr\u00e4tta en g\u00e4stgiverig\u00e5rd p\u00e5 Kronholmen- Det var kronofogden som 1822 kom med f\u00f6rslaget till landsh\u00f6vdingen. P\u00e5 anbud var det ingen brist. Lots\u00e5ldermannen C Hallgren i Kalven f\u00f6rklarade sig ocks\u00e5 villig i all synnerhet om han finge m\u00e4sterlotsen S\u00f6ren Svensson till sin hj\u00e4lp. Kronol\u00e4nsmannen underst\u00f6dde detta f\u00f6rslag. En annan konkurrent framh\u00f6ll att lotsarna \u00e4r b\u00e5da upptagna av sin tj\u00e4nst och kan f\u00f6rdenskull ej tillfredst\u00e4llande sk\u00f6ta en s\u00e5dan syssla.&nbsp; Men lotskapten sade: \u201d Deras befattning utg\u00f6r inget hinder utan tv\u00e4rtom \u00e4r det l\u00e4mpligt att de f\u00e5r lite extra inkomst.\u201d<\/p>\n\n\n\n<p>Betr\u00e4ffande taxan f\u00f6reslog kronofogden: Segelb\u00e5t med 2 man: 32 skilling banco f\u00f6r varje tysk mil (4 M= 7420 meter). Samma betalning f\u00f6r roddb\u00e5t i motvind till n\u00e4rmast bel\u00e4gna st\u00e4lle. Kostnad f\u00f6r mat och logi mm efter vanlig g\u00e4stgiveritaxa. Denna tyckte Hallgren var alldeles f\u00f6r l\u00e5g h\u00e4r ute bland \u00f6arna. S\u00e5 gott som alla livsmedel m\u00e5ste h\u00e4mtas fr\u00e5n G\u00f6teborg.<\/p>\n\n\n\n<p>Efter tv\u00e5 veckor avgav r\u00e4tten sitt utl\u00e5tande \u201d Den finne ett g\u00e4stgiveri i denna sk\u00e4rg\u00e5rd \u201d r\u00e4tt nyttig\u201d och tillstyrker f\u00f6rslaget. Ven som skall sk\u00f6ta sysslan avg\u00f6r L\u00e4nsstyrelsen. Han n\u00f6je sig med den vanliga taxan. Landsh\u00f6vdingen fastst\u00e4llde f\u00f6rslaget och f\u00f6rordnade lots\u00e5ldermannen Hallgren att leda hanteringen. S\u00e5som varande i Kronans tj\u00e4nst ans\u00e5gs han \u00e4ga f\u00f6retr\u00e4de framf\u00f6r konkurrenterna.<\/p>\n\n\n\n<p>S\u00e5 kom det sig att den lilla Kalf\u00f6n fick tv\u00e5 krogar. Ty en g\u00e4stgivareg\u00e5rd var i sj\u00e4lva verket under denna tid en s\u00e5dan inr\u00e4ttning. Dock framkommer inga s\u00e4rskilda klagom\u00e5l. Sannolikt \u00e4r att lots\u00e5ldermannen varit en ordentlig g\u00e4stgivare. Efter hans d\u00f6d tog \u00e4nkan ledningen.<\/p>\n\n\n\n<p>\u00c5r 1854 indrogs dock Kalv\u00f6ns g\u00e4stgiveri efter \u00e5ratal av br\u00e5k och processer fr\u00e5n nykterhets str\u00e4varnas sid.<br>I ett av rummen bodde 1840-talet &#8221;Rosen fr\u00e5n Tistel\u00f6n&#8221;&#8230;&#8230;<a href=\"https:\/\/www.svenskfilmdatabas.se\/sv\/item\/?type=film&amp;itemid=4106\" data-type=\"URL\" data-id=\"https:\/\/www.svenskfilmdatabas.se\/sv\/item\/?type=film&amp;itemid=4106\">https:\/\/www.svenskfilmdatabas.se\/sv\/item\/?type=film&amp;itemid=4106<\/a><\/p>\n\n\n\n<figure class=\"wp-block-image size-large\"><a href=\"https:\/\/lotsarnastockholm.se\/wp-content\/uploads\/2022\/12\/Skarmklipp-1.jpg\"><img fetchpriority=\"high\" decoding=\"async\" width=\"1024\" height=\"542\" src=\"https:\/\/lotsarnastockholm.se\/wp-content\/uploads\/2022\/12\/Skarmklipp-1-1024x542.jpg\" alt=\"\" class=\"wp-image-4072\" srcset=\"https:\/\/lotsarnastockholm.se\/wp-content\/uploads\/2022\/12\/Skarmklipp-1-1024x542.jpg 1024w, https:\/\/lotsarnastockholm.se\/wp-content\/uploads\/2022\/12\/Skarmklipp-1-300x159.jpg 300w, https:\/\/lotsarnastockholm.se\/wp-content\/uploads\/2022\/12\/Skarmklipp-1-768x406.jpg 768w, https:\/\/lotsarnastockholm.se\/wp-content\/uploads\/2022\/12\/Skarmklipp-1.jpg 1145w\" sizes=\"(max-width: 1024px) 100vw, 1024px\" \/><\/a><figcaption class=\"wp-element-caption\">G\u00e4stgiveriet idag. Foto: Pierre Bengtsson<\/figcaption><\/figure>\n\n\n\n<figure class=\"wp-block-image size-full is-resized\"><a href=\"https:\/\/lotsarnastockholm.se\/wp-content\/uploads\/2022\/12\/plats.jpg\"><img decoding=\"async\" width=\"771\" height=\"561\" src=\"https:\/\/lotsarnastockholm.se\/wp-content\/uploads\/2022\/12\/plats.jpg\" alt=\"\" class=\"wp-image-4073\" style=\"width:610px;height:443px\" srcset=\"https:\/\/lotsarnastockholm.se\/wp-content\/uploads\/2022\/12\/plats.jpg 771w, https:\/\/lotsarnastockholm.se\/wp-content\/uploads\/2022\/12\/plats-300x218.jpg 300w, https:\/\/lotsarnastockholm.se\/wp-content\/uploads\/2022\/12\/plats-768x559.jpg 768w\" sizes=\"(max-width: 771px) 100vw, 771px\" \/><\/a><figcaption class=\"wp-element-caption\">L\u00e4get p\u00e5 fastigheten. <\/figcaption><\/figure>\n\n\n\n<p>\u00d6cker\u00f6bon Per Jacobsson senare Per Nordtman f\u00f6dd p\u00e5 1680-talet blev en t\u00e4mligen ber\u00f6md kaparkapten under Karl den XII:s krig. Den h\u00e5rda tj\u00e4nsten under kriget och s\u00e4rskilt som bef\u00e4lhavare i kaparflottan tog p\u00e5 Nordtmans krafter. Av h\u00e4lsosk\u00e4l n\u00f6dgades han i augusti 1719 blott 40 \u00e5r gammal beg\u00e4ra n\u00e5digt avsked. L\u00e4nge kunde han ej vara overksam. Redan 1721 blev han vald till lots\u00e5lderman och mottog uppdraget.<\/p>\n\n\n\n<p>Detta \u00e5r tog den stora ofreden slut. Men nu hotades landet av en ny olycka: pesten, som h\u00e4rjade i Frankrike. Man vidtog str\u00e4nga m\u00e5tt och steg f\u00f6r att hindra smittan komma till Sverige. Ett exempel h\u00e4rp\u00e5 \u00e4r amiral \u00d6rnfeldts order till lots\u00e5ldermannen Nordtman. Denna anbefalldes bl.a. att str\u00e4ngeligen tillh\u00e5lla alla lotsar i hans distrikt att ej g\u00e5 ombord p\u00e5 n\u00e5got skepp fr\u00e5n Frankrike. N\u00e4r ett s\u00e5dant antr\u00e4ffas, m\u00e5ste lotsarna f\u00f6rbli i lotsb\u00e5ten och i lovart f\u00f6lja samt visa fartyget r\u00e4tta v\u00e4gen och leden till och ut i lilla Calsund d\u00e4r fartygen skola h\u00e5lla den vanliga karant\u00e4nen.<\/p>\n\n\n\n<p>Den forne kaparkaptenen trivdes dock ej riktigt som lots\u00e5lderman. Snart \u00e4r han tillbaka i \u00f6rlogsfartygen.<\/p>\n\n\n\n<p>Lots\u00e5lderm\u00e4nnen betraktades allm\u00e4nt som s.k. st\u00e5ndspersoner p\u00e5 \u00f6arna, s\u00e4rskilt under 1700-talet. Exempelvis lots\u00e5lderm\u00e4n som D. Gadd, Olof Hansson fr\u00e5n Kalvsund<\/p>\n\n\n\n<p><strong>Nedan taget ur \u00d6cker\u00f6 Hembygdsprojekt 1989:<\/strong><br>Lotsar: D\u00e4r finns en Anders Eklund, som f\u00f6ddes 1807. Om honom kan vi l\u00e4sa att han bodde i eget hus p\u00e5 Kalvsund, blev andrelots 1831 och m\u00e4sterlots 1843. Men 1836 satt han i f\u00e4ngelse p\u00e5 vatten och br\u00f6d f\u00f6r att han g\u00e5tt p\u00e5 grund med \u00e5ngfartyget G\u00d6TA ELF. Han satt<br>i \u00e5tta dagar. Strax efter det han hade blivit m\u00e4sterlots omkom han genom v\u00e5dlig h\u00e4ndelse. Vilken f\u00e5r vi inte veta.<br>Efter honom 1844 blev Carl Johan Persson m\u00e4sterlots. Han hade ocks\u00e5 eget hus p\u00e5 Kalvsund.<br>Gustav Wickstr\u00f6m var andrelots 1844 och bodde p\u00e5 Bockholmen. Om honom f\u00e5r vi veta att han gick p\u00e5 grund med en b\u00e5t som hette HERMONIA mellan Kalvsund och G\u00f6teborg (Gula Revet). Han d\u00f6mdes till 6 m\u00e5nader f\u00e4stning i Malm\u00f6. S\u00f6kte \u00e4ndring i hovr\u00e4tten och fick d\u00e5 3 m\u00e5nader f\u00e4stning. Efter att ytterligare ha s\u00f6kt lindring fick han<br>14 dagar med vatten och br\u00f6d. Bestraffningen blev hans underg\u00e5ng st\u00e5r det.<br>En bror till denne Wickstr\u00f6m, Carl Albin, blev l\u00e4rling 1844, 20 \u00e5r gammal, och en bror till Carl Johan Pehrsson, Adolf, b\u00f6rjade ocks\u00e5 samma \u00e5r.<br>\u00c5r 1850 b\u00f6rjade en man vid namn Peter Anton Wikstr\u00f6m som l\u00e4rling. Han blev sedermera far till Julius Wikstr\u00f6m och Benett, som blev pappa till Hj\u00f6rdis Carlsson.<\/p>\n\n\n\n<p>Lotsar vid Kalfsund ( Lilla Kalfwen) plus Thorsson p\u00e5 Bj\u00f6rk\u00f6<\/p>\n\n\n\n<figure class=\"wp-block-table alignwide\"><table class=\"has-fixed-layout\"><tbody><tr><td><strong>Efternamn<\/strong><\/td><td><strong>F\u00f6rnamn<\/strong><\/td><td><strong>F\u00f6dd<\/strong><\/td><td><strong>I Staten<\/strong><\/td><td><strong>Lpl 1<\/strong><\/td><td><strong>\u00d6vriga<\/strong><\/td><\/tr><tr><td>Larsson<\/td><td>P<\/td><td><\/td><td><\/td><td>Kalfsund<\/td><td><\/td><\/tr><tr><td>Andersson<\/td><td>H<\/td><td><\/td><td><\/td><td>Kalfsund<\/td><td><\/td><\/tr><tr><td>Eklund<\/td><td>Anders<\/td><td>1807<\/td><td><\/td><td>Kalfsund<\/td><td><\/td><\/tr><tr><td>Hansson<\/td><td>B<\/td><td>1814<\/td><td><\/td><td>Kalfsund<\/td><td><\/td><\/tr><tr><td>Larsson<\/td><td>P<\/td><td><\/td><td><\/td><td>Kalfsund<\/td><td><\/td><\/tr><tr><td>Svensson<\/td><td>B<\/td><td><\/td><td><\/td><td>Kalfsund<\/td><td>M\u00f6nster<\/td><\/tr><tr><td>Svensson<\/td><td>S\u00f6ren<\/td><td><\/td><td><\/td><td>Kalfsund<\/td><td><\/td><\/tr><tr><td>Thorsson<\/td><td>Anders<\/td><td>1723<\/td><td><\/td><td>Bj\u00f6rk\u00f6 (\u00d6cker\u00f6)<\/td><td>Kalfsund<\/td><\/tr><tr><td>Wickstr\u00f6m<\/td><td>Gustav<\/td><td><\/td><td><\/td><td>Kalfsund<\/td><td><\/td><\/tr><tr><td>Andersson<\/td><td>Anders<\/td><td><\/td><td>1716<\/td><td>Kalfsund<\/td><td><\/td><\/tr><tr><td>Nordtman<\/td><td>Per<\/td><td>1680<\/td><td>1721<\/td><td>Kalfsund<\/td><td><\/td><\/tr><tr><td>Ericksson<\/td><td>S\u00f6ren<\/td><td><\/td><td>1730<\/td><td>Kalfsund<\/td><td><\/td><\/tr><tr><td>Gadd<\/td><td>D<\/td><td><\/td><td>1750<\/td><td>Kalfsund<\/td><td><\/td><\/tr><tr><td>Hansson<\/td><td>Olof<\/td><td>1789<\/td><td>1750<\/td><td>Kalfsund<\/td><td><\/td><\/tr><tr><td>Pehrsson<\/td><td>S\u00f6ren<\/td><td>1724<\/td><td>1757<\/td><td>Kalfsund<\/td><td><\/td><\/tr><tr><td>J\u00f6nsson<\/td><td>Anders<\/td><td>1720<\/td><td>1759<\/td><td>Lilla Kalfwen<\/td><td>Kalfsund<\/td><\/tr><tr><td>Jansson<\/td><td>Jacob<\/td><td>1722<\/td><td>1761<\/td><td>Kalfsund<\/td><td><\/td><\/tr><tr><td>Jonsson<\/td><td>Jacob<\/td><td>1726<\/td><td>1762<\/td><td>Lilla Kalfwen<\/td><td>Kalfsund<\/td><\/tr><tr><td>Rolofsson<\/td><td>H\u00e5kan<\/td><td>1729<\/td><td>1762<\/td><td>Lilla Kalfwen<\/td><td>Kalfsund<\/td><\/tr><tr><td>P\u00e4rsson<\/td><td>S\u00f6ren<\/td><td>1725<\/td><td>1763<\/td><td>Lilla Kalfwen<\/td><td>Kalfsund<\/td><\/tr><tr><td>S\u00e4lta<\/td><td>Anders<\/td><td>1718<\/td><td>1763<\/td><td>Lilla Kalfwen<\/td><td>Kalfsund<\/td><\/tr><tr><td>Smedman<\/td><td>Petter<\/td><td>1729<\/td><td>1772<\/td><td>Kalfsund<\/td><td>Varholmen<\/td><\/tr><tr><td>Andersson<\/td><td>Sven<\/td><td>1735<\/td><td>1773<\/td><td>Kalfsund<\/td><td><\/td><\/tr><tr><td>Andersson<\/td><td>Helje<\/td><td>1741<\/td><td>1773<\/td><td>Kalfsund<\/td><td>Varholmen<\/td><\/tr><tr><td>Olsson<\/td><td>Anders<\/td><td>1734<\/td><td>1773<\/td><td>Kalfsund<\/td><td><\/td><\/tr><tr><td>S\u00f6rensson<\/td><td>Anders<\/td><td><\/td><td>1783<\/td><td>Kalfsund<\/td><td><\/td><\/tr><tr><td>Hallgren<\/td><td>C<\/td><td><\/td><td>1822<\/td><td>Kalfsund<\/td><td><\/td><\/tr><tr><td>Persson<\/td><td>Carl<\/td><td>1823<\/td><td>1844<\/td><td>Kalfsund<\/td><td><\/td><\/tr><tr><td>Persson<\/td><td>Adolf<\/td><td><\/td><td>1844<\/td><td>Kalfsund<\/td><td><\/td><\/tr><tr><td>Wickstr\u00f6m<\/td><td>Carl<\/td><td>1824<\/td><td>1844<\/td><td>Kalfsund<\/td><td><\/td><\/tr><tr><td>Wikstr\u00f6m<\/td><td>Peter<\/td><td>1831<\/td><td>1850<\/td><td>Kalfsund<\/td><td><\/td><\/tr><tr><td>Str\u00f6mberg<\/td><td>Josef<\/td><td>1836<\/td><td>1865<\/td><td>Kalfsund<\/td><td><\/td><\/tr><tr><td>Abrahamsson<\/td><td>Carl<\/td><td>1843<\/td><td>1876<\/td><td>Kalfsund<\/td><td><\/td><\/tr><tr><td>Bremer<\/td><td>Carl<\/td><td>1843<\/td><td>1876<\/td><td>Kalfsund<\/td><td><\/td><\/tr><tr><td>B\u00e5rman<\/td><td>Olof<\/td><td>1859<\/td><td>1896<\/td><td>Kalfsund<\/td><td><\/td><\/tr><\/tbody><\/table><\/figure>\n","protected":false},"excerpt":{"rendered":"<p>57\u00b0 42.670&#8242; N 11\u00b0 40.917&#8242; E 1697 fanns det lotsar p\u00e5 Kalfsund. Lotsplatsen var under b\u00f6rjan av 1900-talet obemannad men sk\u00f6ttes fr\u00e5n G\u00f6teborg . Slutligen nedlagd 1 juli 1931. Ur Rulla 1729:Lotsarna Anders Andersson och S\u00f6ren Ericksson Ur rulla 1736 Lotsarna Anders Andersson i tj\u00e4nst 1716 och S\u00f6ren Ericksson i tj\u00e4nst 1730 Ur rulla 1774:&hellip; <a class=\"more-link\" href=\"https:\/\/lotsarnastockholm.se\/index.php\/kalvsund\/\">Forts\u00e4tt l\u00e4sa <span class=\"screen-reader-text\">Kalvsund Lotsplats<\/span><\/a><\/p>\n","protected":false},"author":1,"featured_media":0,"parent":0,"menu_order":0,"comment_status":"closed","ping_status":"closed","template":"","meta":{"footnotes":""},"class_list":["post-4064","page","type-page","status-publish","hentry","entry"],"_links":{"self":[{"href":"https:\/\/lotsarnastockholm.se\/index.php\/wp-json\/wp\/v2\/pages\/4064","targetHints":{"allow":["GET"]}}],"collection":[{"href":"https:\/\/lotsarnastockholm.se\/index.php\/wp-json\/wp\/v2\/pages"}],"about":[{"href":"https:\/\/lotsarnastockholm.se\/index.php\/wp-json\/wp\/v2\/types\/page"}],"author":[{"embeddable":true,"href":"https:\/\/lotsarnastockholm.se\/index.php\/wp-json\/wp\/v2\/users\/1"}],"replies":[{"embeddable":true,"href":"https:\/\/lotsarnastockholm.se\/index.php\/wp-json\/wp\/v2\/comments?post=4064"}],"version-history":[{"count":13,"href":"https:\/\/lotsarnastockholm.se\/index.php\/wp-json\/wp\/v2\/pages\/4064\/revisions"}],"predecessor-version":[{"id":7755,"href":"https:\/\/lotsarnastockholm.se\/index.php\/wp-json\/wp\/v2\/pages\/4064\/revisions\/7755"}],"wp:attachment":[{"href":"https:\/\/lotsarnastockholm.se\/index.php\/wp-json\/wp\/v2\/media?parent=4064"}],"curies":[{"name":"wp","href":"https:\/\/api.w.org\/{rel}","templated":true}]}}