{"id":4049,"date":"2022-12-08T15:56:29","date_gmt":"2022-12-08T14:56:29","guid":{"rendered":"https:\/\/lotsarnastockholm.se\/?page_id=4049"},"modified":"2023-11-21T22:25:52","modified_gmt":"2023-11-21T21:25:52","slug":"rorholmen-lango","status":"publish","type":"page","link":"https:\/\/lotsarnastockholm.se\/index.php\/rorholmen-lango\/","title":{"rendered":"R\u00f6rholmen\/L\u00e5ng\u00f6 Lotsplats"},"content":{"rendered":"\n<p class=\"has-text-align-center\"><a href=\"https:\/\/www.google.se\/maps\/place\/57%C2%B051'20.8%22N+11%C2%B038'31.9%22E\/@57.8557667,11.6399946,17z\/data=!3m1!4b1!4m4!3m3!8m2!3d57.8557667!4d11.6421833\">57\u00b0 51.346&#8242; N 11\u00b0 38.531&#8242; E<\/a><\/p>\n\n\n\n<p>Anlagd 1760 nedlagd ca: 1828<\/p>\n\n\n\n<p><strong>Fr\u00e5n Inlands sl\u00e4ktforskare:<\/strong><\/p>\n\n\n\n<p><em>S\u00e5v\u00e4l av domb\u00f6cker som kyrkobokf\u00f6ring framg\u00e5r att det fanns en lotsstation p\u00e5 L\u00e5ng\u00f6n redan \u00e5r 1760. Lotsen Swen Pehrsson flyttade visserligen till R\u00f6rholmen, men kom tillbaka till L\u00e5ng\u00f6n 1781.<\/em><\/p>\n\n\n\n<p><em>En stor del av s\u00e5v\u00e4l den saltade sillen som tranen gick p\u00e5 export och m\u00e5ste d\u00e4rf\u00f6r ha lastats p\u00e5 fartyg strax utanf\u00f6r trankokerierna och salterierna. Detta b\u00f6r ha inneburit en betydande sj\u00f6fart och en livlig verksamhet i hamnen. Lotsarna var bosatta b\u00e5de p\u00e5 R\u00f6rholmarna och p\u00e5 L\u00e5ng\u00f6n. Swen Pehrssons b\u00e5da s\u00f6ner \u2013 Olof f\u00f6dd p\u00e5 L\u00e5ng\u00f6n 1760 och Berndt f\u00f6dd p\u00e5 Stora R\u00f6rholmen 1771 \u2013 kom att g\u00e5 i faderns fotsp\u00e5r och \u00e4gna sig \u00e5t lotsning. B\u00e5da h\u00e4mtade sina brudar i Tjuvkil \u2013 systrarna Petronella och Kierstin Gunnesd\u00f6ttrar \u2013 och var sedan bosatta p\u00e5 R\u00f6rholmarna och L\u00e5ng\u00f6n hela sin livstid.<\/em><\/p>\n\n\n\n<p><em>Enligt en muntlig tradition, som dock inte kunde bekr\u00e4ftas av lotsverket, l\u00e5g lotsstationen p\u00e5 L\u00e5ng\u00f6n, men detta synes dock inte vara helt s\u00e4kert. Enligt ett protokoll fr\u00e5n Inlands S\u00f6dre h\u00e4rads sommarting 1822 skulle Stora Kr\u00e5ker\u00f6ns \u00e5bor avtr\u00e4da Stora och Lilla R\u00f6rholmen till Kongl. Mai:t f\u00f6r begagnande till lotsplats. Sillfisket hade d\u00e5 legat nere i m\u00e5nga \u00e5r, men kvar p\u00e5 holmarna fanns det fortfarande en del \u201dwerk och byggnader\u201d, som Kr\u00e5ker\u00f6borna uppbar grundlega f\u00f6r.<\/em><\/p>\n\n\n\n<p><em>L\u00e5ng\u00f6n var obebodd \u00e5r 1759, men vid den tiden kom sillfisket ig\u00e5ng och det byggdes salt- och trankokerier f\u00f6r omh\u00e4ndertagande av sillen. F\u00f6r denna verksamhet erfordrades ett ganska stort antal personer. Dessutom blev L\u00e5ng\u00f6n lotsstation.<\/em><\/p>\n\n\n\n<p>Ur reglemente f\u00f6r lotsverket 1799: Under lotsuppsyningsmannen f\u00f6r Marstrands f\u00f6rdelning lyder R\u00f6rholmens lotsplats med 1 lots\u00e5lderman, 1 ord. Lots 1 utl\u00e4rd ord. Lotsdr\u00e4ng, 1 utl\u00e4rd reservlotsdr\u00e4ng och 1 lotsl\u00e4rling. Lotsomr\u00e5det: Lotsarna uppassa vid R\u00f6rholmen, utlotsa till sj\u00f6ss samt till R\u00f6r\u00f6, till H\u00e4ttan, till Marstrand \u00e4ven till Stora Bratt\u00f6n till Bastuviken.<\/p>\n\n\n\n<p>Ur rulla 1817: Ord lots Peter Johnsson och Olof Svensson<br>ord lotsdr\u00e4ng Eric Johnsson<br>reservlotsdr\u00e4ng O Johnsson<\/p>\n\n\n\n<p>Ur 1820 \u00e5rs f\u00f6rteckning: Lotsar till Marstrand, H\u00e4ttan, Stora Bratt\u00f6n, Bastuviken, sj\u00f6ss vid R\u00f6r\u00f6 sj\u00f6ss eller fr\u00e5n sj\u00f6n samt till Kalvesund.<br>Platsen skall bemannas med 1 m\u00e4sterlots, 2 secund lotsar och 1 lotsl\u00e4rling.<\/p>\n\n\n\n<p>R\u00f6rholmens lotsplats finns inte med i 1863 \u00e5rs reglemente.<\/p>\n\n\n\n<p>Lotsar:<br>Joen (el. J\u00f6ns) Pehrsson Omkr. 1727 \u2013 20\/11 1781<br>Peter Jonsson Omkr. 1758 \u2013 17\/12 1822<br>Thore Andersson Omkr. 1720 \u2013 5\/7 1770<br>Eric Jonsson Omkr. 1758 \u2013 4\/12 1827<br>Sven Pehrsson Omkr. 1735 \u2013 20\/11 1781 drunknade<br>Olof Svensson 14\/5 1760 \u2013 30\/1 1829 (frossa)<br>Berndt Svensson \u00a025\/1 1771 &#8211; 6\/4 1815<\/p>\n\n\n\n<p>Lotsar vid R\u00f6rholmen\/ L\u00e5ng\u00f6\/ Lycke Lpl<\/p>\n\n\n\n<figure class=\"wp-block-table alignwide\"><table><tbody><tr><td><strong>Efternamn<\/strong><\/td><td><strong>F\u00f6rnamn<\/strong><\/td><td><strong>F\u00f6rnamn<\/strong><\/td><td><strong>F\u00f6dd<\/strong><\/td><td><strong>Antagen i lotsverket<\/strong><\/td><td><strong>Avsked<\/strong><\/td><td><strong>D\u00f6d<\/strong><\/td><\/tr><tr><td>Andersson<\/td><td>Thore<\/td><td>&nbsp;<\/td><td>1720<\/td><td>1760<\/td><td>&nbsp;<\/td><td>1770<\/td><\/tr><tr><td>Pehrsson<\/td><td>Joen<\/td><td>J\u00f6ns<\/td><td>1727<\/td><td>1760<\/td><td>&nbsp;<\/td><td>1781<\/td><\/tr><tr><td>Pehrsson<\/td><td>Swen<\/td><td>Drunkna<\/td><td>1735<\/td><td>1760<\/td><td>&nbsp;<\/td><td>1781<\/td><\/tr><tr><td>Jonsson<\/td><td>Peter<\/td><td>&nbsp;<\/td><td>1758<\/td><td>1775<\/td><td>&nbsp;<\/td><td>1822<\/td><\/tr><tr><td>Jonsson<\/td><td>Eric<\/td><td>&nbsp;<\/td><td>1758<\/td><td>1775<\/td><td>&nbsp;<\/td><td>1827<\/td><\/tr><tr><td>Svensson<\/td><td>Olof<\/td><td>Frossa<\/td><td>1760<\/td><td>1775<\/td><td>1828<\/td><td>1829<\/td><\/tr><tr><td>Svensson<\/td><td>Berndt<\/td><td>&nbsp;<\/td><td>1761<\/td><td>1775<\/td><td>&nbsp;<\/td><td>1815<\/td><\/tr><tr><td>Johnsson<\/td><td>J<\/td><td>&nbsp;<\/td><td>&nbsp;<\/td><td>1817<\/td><td>&nbsp;<\/td><td><\/td><\/tr><\/tbody><\/table><\/figure>\n","protected":false},"excerpt":{"rendered":"<p>57\u00b0 51.346&#8242; N 11\u00b0 38.531&#8242; E Anlagd 1760 nedlagd ca: 1828 Fr\u00e5n Inlands sl\u00e4ktforskare: S\u00e5v\u00e4l av domb\u00f6cker som kyrkobokf\u00f6ring framg\u00e5r att det fanns en lotsstation p\u00e5 L\u00e5ng\u00f6n redan \u00e5r 1760. Lotsen Swen Pehrsson flyttade visserligen till R\u00f6rholmen, men kom tillbaka till L\u00e5ng\u00f6n 1781. En stor del av s\u00e5v\u00e4l den saltade sillen som tranen gick p\u00e5&hellip; <a class=\"more-link\" href=\"https:\/\/lotsarnastockholm.se\/index.php\/rorholmen-lango\/\">Forts\u00e4tt l\u00e4sa <span class=\"screen-reader-text\">R\u00f6rholmen\/L\u00e5ng\u00f6 Lotsplats<\/span><\/a><\/p>\n","protected":false},"author":1,"featured_media":0,"parent":0,"menu_order":0,"comment_status":"closed","ping_status":"closed","template":"","meta":{"footnotes":""},"class_list":["post-4049","page","type-page","status-publish","hentry","entry"],"_links":{"self":[{"href":"https:\/\/lotsarnastockholm.se\/index.php\/wp-json\/wp\/v2\/pages\/4049","targetHints":{"allow":["GET"]}}],"collection":[{"href":"https:\/\/lotsarnastockholm.se\/index.php\/wp-json\/wp\/v2\/pages"}],"about":[{"href":"https:\/\/lotsarnastockholm.se\/index.php\/wp-json\/wp\/v2\/types\/page"}],"author":[{"embeddable":true,"href":"https:\/\/lotsarnastockholm.se\/index.php\/wp-json\/wp\/v2\/users\/1"}],"replies":[{"embeddable":true,"href":"https:\/\/lotsarnastockholm.se\/index.php\/wp-json\/wp\/v2\/comments?post=4049"}],"version-history":[{"count":5,"href":"https:\/\/lotsarnastockholm.se\/index.php\/wp-json\/wp\/v2\/pages\/4049\/revisions"}],"predecessor-version":[{"id":5909,"href":"https:\/\/lotsarnastockholm.se\/index.php\/wp-json\/wp\/v2\/pages\/4049\/revisions\/5909"}],"wp:attachment":[{"href":"https:\/\/lotsarnastockholm.se\/index.php\/wp-json\/wp\/v2\/media?parent=4049"}],"curies":[{"name":"wp","href":"https:\/\/api.w.org\/{rel}","templated":true}]}}