{"id":4032,"date":"2022-12-05T22:37:01","date_gmt":"2022-12-05T21:37:01","guid":{"rendered":"https:\/\/lotsarnastockholm.se\/?page_id=4032"},"modified":"2026-02-27T21:16:29","modified_gmt":"2026-02-27T20:16:29","slug":"hattans-lotsplats","status":"publish","type":"page","link":"https:\/\/lotsarnastockholm.se\/index.php\/hattans-lotsplats\/","title":{"rendered":"H\u00e4ttan \/ Helln\u00f6 Lotsplats"},"content":{"rendered":"\n<p class=\"has-text-align-center\"><a href=\"https:\/\/www.google.se\/maps\/place\/57%C2%B055'54.4%22N+11%C2%B039'28.6%22E\/@57.9317833,11.6557613,17z\/data=!3m1!4b1!4m4!3m3!8m2!3d57.9317833!4d11.65795\">57\u00b0 55.907&#8242; N 11\u00b0 39.477&#8242; E<\/a><\/p>\n\n\n\n<figure class=\"wp-block-image size-full\"><a href=\"https:\/\/lotsarnastockholm.se\/wp-content\/uploads\/2022\/12\/26630266.jpg\"><img fetchpriority=\"high\" decoding=\"async\" width=\"685\" height=\"1024\" src=\"https:\/\/lotsarnastockholm.se\/wp-content\/uploads\/2022\/12\/26630266.jpg\" alt=\"\" class=\"wp-image-4033\" srcset=\"https:\/\/lotsarnastockholm.se\/wp-content\/uploads\/2022\/12\/26630266.jpg 685w, https:\/\/lotsarnastockholm.se\/wp-content\/uploads\/2022\/12\/26630266-201x300.jpg 201w\" sizes=\"(max-width: 685px) 100vw, 685px\" \/><\/a><figcaption class=\"wp-element-caption\">H\u00e4ttans lotsutkik. Foto: Thors fotoblogg<\/figcaption><\/figure>\n\n\n\n<p>Platsen anlades mitten, senare halvan av 1700 talet. Nedlagd 1902 och blev uppassningsplats under Marstrand. Personalen \u00f6verf\u00f6rdes till Marstrands lotsplats.<\/p>\n\n\n\n<p>H\u00e4ttan fanns ej med i 1744 \u00e5rs rulla.<\/p>\n\n\n\n<p>Ur reglemente 1799: Under lotsuppsyningsman f\u00f6r Marstrands f\u00f6rdelning lyder H\u00e4ttans lotsplats med 1 lots\u00e5lderman, 4 ord lotsar, 4 utl\u00e4rda ord lotsdr\u00e4ngar, 2 utl\u00e4rda reserv lotsdr\u00e4ngar och 4 lotsl\u00e4rlingar. Lotsningsomr\u00e5det: Lotsarna uppassa vid H\u00e4ttan och utlotsa till sj\u00f6ss dessutom till R\u00f6rholmen, till Marstrand, till Stora Asker\u00f6n \u00e4ven till Bratt\u00f6n.<\/p>\n\n\n\n<p>Ur rulla 1817: Lots\u00e5lderman E. Berg<br>Ord. Lotsar: P.Handsson, P. Berndtsson samt A. Hansson<br>Ord. lotsdr\u00e4ng: P. Jacobsson, A. Olsson, A. Andersson<br>Res. Lotsdr\u00e4ng: A. Pettersson, E. Rasmundsson<br>Lotsl\u00e4rling: N. Jonsson, L. Olsson, A. Berg, C. Rasmundsson<\/p>\n\n\n\n<p>Ur reglemente och F\u00f6rordning 1863: Lotsningsomr\u00e5de: Fr\u00e5n H\u00e4ttan till Marstrand resp R\u00f6rholmen eller L\u00e5ng\u00f6, Kl\u00e4desholmen, Bratt\u00f6n, Stora Asker\u00f6n samt till och fr\u00e5n sj\u00f6n.<\/p>\n\n\n\n<p>1894 och 1897 \u00e5rs lotsar<\/p>\n\n\n\n<p>Lotsf\u00f6rman: Nils Christiansson f 1825 anst\u00e4lld 1855<\/p>\n\n\n\n<p>M\u00e4sterlots: August Larsson f 1838 anst\u00e4lld 1861<\/p>\n\n\n\n<p>M\u00e4sterlots: Niklas Christiansson f 1841 anst\u00e4lld 1860<\/p>\n\n\n\n<p>Lots: Johan Fredrik H\u00e4ttander f 1868 anst\u00e4lld 1890<\/p>\n\n\n\n<p>Lotsl\u00e4rling: Christian Nilsson f 1859 anst\u00e4lld 1876<\/p>\n\n\n\n<p>Lotsl\u00e4rling: Johan Fredrik Rutgersson f 1868 anst\u00e4lld 1890<\/p>\n\n\n\n<p>1908 byggdes nytt utkikshus \u00e5 H\u00e4ttan<\/p>\n\n\n\n<p>F\u00f6ljande saxat ur GP. 2006<\/p>\n\n\n\n<p>Rune Devert med 40 \u00e5r p\u00e5 H\u00e4ttan som mer \u00e4n bara sommarboende kan det lilla r\u00f6da husets historia, h\u00f6gst d\u00e4ruppe p\u00e5 berget. Det h\u00e4r \u00e4r den gamla lotsutkiken som byggdes 1908 efter det att lotsarna klagat p\u00e5 f\u00f6rh\u00e5llandena med den gamla lotsutkiken. Nu fick de ett litet hus med utsikt \u00e5t s\u00f6der, v\u00e4ster och norr och med en kakelugn de kunde v\u00e4rma sig vid.<br>Som m\u00e5nga andra \u00f6ar, samh\u00e4llen och st\u00f6rre \u00f6ar har H\u00e4ttan en historia som h\u00e4mtar kraft i sillperioden fr\u00e5n mitten av 1700-talet.<br>Alla segelfartyg som anl\u00e4nde v\u00e4sterifr\u00e5n eller som fullastade skulle ge sig av ut\u00e5t, mot v\u00e4ster, beh\u00f6vde lots. P\u00e5 H\u00e4ttan blev det d\u00e4rf\u00f6r en lotsplats vid ungef\u00e4r samma tid.<br>Nere vid den lilla hamnen byggde lotsarna n\u00e5gra boningshus. De mindre v\u00e4l sedda tullarna fick bygga sina hus ut mot \u00c4lg\u00f6 gavel.<br>Det r\u00f6da, v\u00e4l underh\u00e5llna lotsutkiken p\u00e5 H\u00e4ttan, \u00e4r nu i h\u00e4nderna p\u00e5 \u00f6ns samf\u00e4llighetsf\u00f6rening<br>I dag \u00e4r allts\u00e5 det lilla huset p\u00e5 toppen av berget ett museum i mikroformat. H\u00e4r finns de fullskrivna g\u00e4stb\u00f6ckerna med h\u00e4lsningar fr\u00e5n Sverige och stora delar av Nordeuropa. H\u00e4r finns f\u00f6nstren med den lilla metalluckan i varje f\u00f6nster d\u00e4r lotsarna kunde skicka ut sina tubkikare f\u00f6r att se om det v\u00e4ntade fartyget signalerat att de ville ha lots.<br>D\u00e5 fick lotsdr\u00e4ngarna ta promenaden ned till hamnen f\u00f6r att f\u00e5 tag p\u00e5 den lots som stod i tur f\u00f6r n\u00e4sta seglats upp mot Uddevalla eller Stenungsund. Hade man tur tog det en vecka innan lotsen via h\u00e4stskjutsar och mindre b\u00e5tar kunde ta sig till \u00c4lg\u00f6ns nordsida och kalla p\u00e5 hj\u00e4lp f\u00f6r att f\u00e5 tag p\u00e5 den sista b\u00e5ttransporten tillbaka till H\u00e4ttan.<\/p>\n\n\n\n<p>Lotsarna vid H\u00e4ttans Lpl<\/p>\n\n\n\n<figure class=\"wp-block-table alignwide\"><table class=\"has-fixed-layout\"><tbody><tr><td><strong>Efternamn<\/strong><\/td><td><strong>F\u00f6rnamn<\/strong><\/td><td><strong>F\u00f6dd<\/strong><\/td><td><strong>I Staten<\/strong><\/td><td><strong>Lpl 1<\/strong><\/td><td><strong>Lpl 2<\/strong><\/td><\/tr><tr><td>Andersson<\/td><td>A<\/td><td><\/td><td><\/td><td>H\u00e4ttan<\/td><td><\/td><\/tr><tr><td>Berg<\/td><td>E<\/td><td><\/td><td><\/td><td>H\u00e4ttan<\/td><td><\/td><\/tr><tr><td>Berg<\/td><td>A<\/td><td><\/td><td><\/td><td>H\u00e4ttan<\/td><td><\/td><\/tr><tr><td>Berndtsson<\/td><td>P<\/td><td><\/td><td><\/td><td>H\u00e4ttan<\/td><td><\/td><\/tr><tr><td>Handsson<\/td><td>P<\/td><td><\/td><td><\/td><td>H\u00e4ttan<\/td><td><\/td><\/tr><tr><td>Hansson<\/td><td>A<\/td><td><\/td><td><\/td><td>H\u00e4ttan<\/td><td><\/td><\/tr><tr><td>Jacobsson<\/td><td>P<\/td><td><\/td><td><\/td><td>H\u00e4ttan<\/td><td><\/td><\/tr><tr><td>Jonsson<\/td><td>N<\/td><td><\/td><td><\/td><td>H\u00e4ttan<\/td><td><\/td><\/tr><tr><td>Olsson<\/td><td>L<\/td><td><\/td><td><\/td><td>H\u00e4ttan<\/td><td><\/td><\/tr><tr><td>Olsson<\/td><td>A<\/td><td><\/td><td><\/td><td>H\u00e4ttan<\/td><td><\/td><\/tr><tr><td>Pettersson<\/td><td>A<\/td><td><\/td><td><\/td><td>H\u00e4ttan<\/td><td><\/td><\/tr><tr><td>Rasmundsson<\/td><td>E<\/td><td><\/td><td><\/td><td>H\u00e4ttan<\/td><td><\/td><\/tr><tr><td>Rasmundsson<\/td><td>C<\/td><td><\/td><td><\/td><td>H\u00e4ttan<\/td><td><\/td><\/tr><tr><td>Christiansson<\/td><td>Nils<\/td><td>1825<\/td><td>1855<\/td><td>H\u00e4ttan<\/td><td><\/td><\/tr><tr><td>Chistiansson<\/td><td>Rutger<\/td><td>1827<\/td><td>1858<\/td><td>H\u00e4ttan<\/td><td><\/td><\/tr><tr><td>Christiansson<\/td><td>Niklas<\/td><td>1841<\/td><td>1860<\/td><td>H\u00e4ttan<\/td><td><\/td><\/tr><tr><td>Larsson<\/td><td>August<\/td><td>1838<\/td><td>1861<\/td><td>Marstrand<\/td><td>H\u00e4ttan<\/td><\/tr><tr><td>Nilsson<\/td><td>Christian<\/td><td>1859<\/td><td>1876<\/td><td>H\u00e4ttan<\/td><td><\/td><\/tr><tr><td>H\u00e4ttander<\/td><td>Fredrik<\/td><td>1868<\/td><td>1890<\/td><td>H\u00e4ttan<\/td><td>Marstrand<\/td><\/tr><tr><td>Berg<\/td><td>Linus<\/td><td>1882<\/td><td>1899<\/td><td>H\u00e4ttan<\/td><td>Marstrand<\/td><\/tr><\/tbody><\/table><\/figure>\n\n\n\n<h3 class=\"wp-block-heading\">Helln\u00f6ns lotsplats<\/h3>\n\n\n\n<p>Helln\u00f6ns lotsplats finns med i 1729 \u00e5rs rulla med lotsarna <br>Lars Torgersson och Lars Helgesson<\/p>\n\n\n\n<p>De finns \u00e4ven med i 1736 \u00e5rs rulla med angivande att de varit i tj\u00e4nst sedan 1716.<\/p>\n\n\n\n<p>Tyv\u00e4rr har jag inte kunnat hitta mer \u00e4n s\u00e5 och ej heller har jag kunnat lokalisera var denna lotsplats var bel\u00e4gen. Utifr\u00e5n namnen p\u00e5 lotsarna och \u00e5rtalen \u00e4r det rimligt att antaga att Helln\u00f6n l\u00e5g n\u00e5gonstans p\u00e5 v\u00e4stkusten men var \u00e4r inte k\u00e4nt f\u00f6r mig. Ej heller hade CG Sundius n\u00e5gon uppgift om detta. Jag l\u00e4gger den h\u00e4r under H\u00e4ttans lotsplats tills vidare.<\/p>\n\n\n\n<p>Om n\u00e5gon l\u00e4sare vet mer om denna lotsplats &#8230;.h\u00f6r av dig. Det \u00e4r den enda av alla n\u00e4stan 500 lotsplatser som vi inte vet var den l\u00e5g!!<\/p>\n","protected":false},"excerpt":{"rendered":"<p>57\u00b0 55.907&#8242; N 11\u00b0 39.477&#8242; E Platsen anlades mitten, senare halvan av 1700 talet. Nedlagd 1902 och blev uppassningsplats under Marstrand. Personalen \u00f6verf\u00f6rdes till Marstrands lotsplats. H\u00e4ttan fanns ej med i 1744 \u00e5rs rulla. Ur reglemente 1799: Under lotsuppsyningsman f\u00f6r Marstrands f\u00f6rdelning lyder H\u00e4ttans lotsplats med 1 lots\u00e5lderman, 4 ord lotsar, 4 utl\u00e4rda ord lotsdr\u00e4ngar,&hellip; <a class=\"more-link\" href=\"https:\/\/lotsarnastockholm.se\/index.php\/hattans-lotsplats\/\">Forts\u00e4tt l\u00e4sa <span class=\"screen-reader-text\">H\u00e4ttan \/ Helln\u00f6 Lotsplats<\/span><\/a><\/p>\n","protected":false},"author":1,"featured_media":0,"parent":0,"menu_order":0,"comment_status":"closed","ping_status":"closed","template":"","meta":{"footnotes":""},"class_list":["post-4032","page","type-page","status-publish","hentry","entry"],"_links":{"self":[{"href":"https:\/\/lotsarnastockholm.se\/index.php\/wp-json\/wp\/v2\/pages\/4032","targetHints":{"allow":["GET"]}}],"collection":[{"href":"https:\/\/lotsarnastockholm.se\/index.php\/wp-json\/wp\/v2\/pages"}],"about":[{"href":"https:\/\/lotsarnastockholm.se\/index.php\/wp-json\/wp\/v2\/types\/page"}],"author":[{"embeddable":true,"href":"https:\/\/lotsarnastockholm.se\/index.php\/wp-json\/wp\/v2\/users\/1"}],"replies":[{"embeddable":true,"href":"https:\/\/lotsarnastockholm.se\/index.php\/wp-json\/wp\/v2\/comments?post=4032"}],"version-history":[{"count":7,"href":"https:\/\/lotsarnastockholm.se\/index.php\/wp-json\/wp\/v2\/pages\/4032\/revisions"}],"predecessor-version":[{"id":7715,"href":"https:\/\/lotsarnastockholm.se\/index.php\/wp-json\/wp\/v2\/pages\/4032\/revisions\/7715"}],"wp:attachment":[{"href":"https:\/\/lotsarnastockholm.se\/index.php\/wp-json\/wp\/v2\/media?parent=4032"}],"curies":[{"name":"wp","href":"https:\/\/api.w.org\/{rel}","templated":true}]}}