{"id":4027,"date":"2022-12-04T22:09:13","date_gmt":"2022-12-04T21:09:13","guid":{"rendered":"https:\/\/lotsarnastockholm.se\/?page_id=4027"},"modified":"2022-12-04T22:09:14","modified_gmt":"2022-12-04T21:09:14","slug":"lotsplatser-1903","status":"publish","type":"page","link":"https:\/\/lotsarnastockholm.se\/index.php\/lotsplatser-1903\/","title":{"rendered":"Lotsplatser 1903"},"content":{"rendered":"\n<p class=\"has-text-align-center\">Sveriges officiella Statistik<\/p>\n\n\n\n<p class=\"has-text-align-center\"><strong>LOTS-STYRELSENS<\/strong><\/p>\n\n\n\n<p class=\"has-text-align-center\">Underd\u00e5niga ber\u00e4ttelse<\/p>\n\n\n\n<p class=\"has-text-align-center\"><strong>F\u00f6r \u00e5r <\/strong>1903<br>K.L. Beckmans Boktryckeri, Stockholm 1904<\/p>\n\n\n\n<ul class=\"wp-block-list\">\n<li>Lule\u00e5 Lotsf\u00f6rdelning<ul><li>Salmis lotsplats<\/li><\/ul><ul><li>Kalix lotsplats<\/li><\/ul><ul><li>Mal\u00f6ren lotsplats<\/li><\/ul><ul><li>T\u00f6re lotsplats<\/li><\/ul><ul><li>Liggesk\u00e4r lotsplats<\/li><\/ul><ul><li>Lule\u00e5 lotsplats<\/li><\/ul><ul><li>R\u00f6dkallen lotsplats<\/li><\/ul><ul><li>R\u00f6nnsk\u00e4rs lotsplats<\/li><\/ul><ul><li>Romels\u00f6 lotsplats<\/li><\/ul><ul><li>Stork\u00e5ge lotsplats<\/li><\/ul><ul><li>Ursvikens lotsplats<\/li><\/ul><ul><li>Bjur\u00f6klubbs lotsplats<\/li><\/ul><ul><li>Ratans lotsplats<\/li><\/ul>\n<ul class=\"wp-block-list\">\n<li>Bredsk\u00e4rs lotsplats<\/li>\n<\/ul>\n<\/li>\n<\/ul>\n\n\n\n<ul class=\"wp-block-list\">\n<li>Sundsvalls Lotsf\u00f6rdelning<ul><li>J\u00e4rn\u00e4s lotsplats<\/li><\/ul><ul><li>Skags lotsplats<\/li><\/ul><ul><li>\u00d6rnsk\u00f6ldsviks lotsplats<\/li><\/ul><ul><li>Ulf\u00f6 lotsplats<\/li><\/ul><ul><li>H\u00e4rn\u00f6lotsplats<\/li><\/ul><ul><li>\u00c5stholmen lotsplats<\/li><\/ul><ul><li>Sundsvalls lotsplats<\/li><\/ul><ul><li>Stockvikens lotsplats<\/li><\/ul><ul><li>Ag\u00f6 lotsplats<\/li><\/ul><ul><li>Lilljungfruns lotsplats<\/li><\/ul><ul><li>G\u00e5sholma lotsplats<\/li><\/ul>\n<ul class=\"wp-block-list\">\n<li>Gefle lotsplats<\/li>\n<\/ul>\n<\/li>\n<\/ul>\n\n\n\n<ul class=\"wp-block-list\">\n<li>Stockholms Lotsf\u00f6rdelning<ul><li>Fagerviken<\/li><\/ul><ul><li>\u00d6rsk\u00e4rs lotsplats<\/li><\/ul><ul><li>\u00d6regrunds lotsplats<\/li><\/ul><ul><li>Svartklubbens lotsplats<\/li><\/ul><ul><li>Arholma lotsplats<\/li><\/ul><ul><li>S\u00f6derarms lotsplats<\/li><\/ul><ul><li>Svenska H\u00f6garnes lotsplats<\/li><\/ul><ul><li>Furusunds lotsplats<\/li><\/ul><ul><li>Husar\u00f6 lotsplats<\/li><\/ul><ul><li>Sandhamns lotsplats<\/li><\/ul><ul><li>Stockholms lotsplats<\/li><\/ul><ul><li>M\u00e4larens lotsplats<\/li><\/ul><ul><li>Berghamns lotsplats<\/li><\/ul><ul><li>Dalar\u00f6 lotsplats<\/li><\/ul><ul><li>Hufvudsk\u00e4rs lotsplats<\/li><\/ul><ul><li>Landsorts lotsplats<\/li><\/ul>\n<ul class=\"wp-block-list\">\n<li>S\u00f6dertelje lotsplats<\/li>\n<\/ul>\n<\/li>\n<\/ul>\n\n\n\n<ul class=\"wp-block-list\">\n<li>Norrk\u00f6pings Lotsf\u00f6rdelning<ul><li>S\u00e4f\u00f6sunds lotsplats<\/li><\/ul><ul><li>Nyk\u00f6pings lotsplats<\/li><\/ul><ul><li>Oxel\u00f6sunds lotsplats<\/li><\/ul><ul><li>Norrk\u00f6pings lotsplats<\/li><\/ul><ul><li>Ark\u00f6 lotsplats<\/li><\/ul><ul><li>Mems lotsplats<\/li><\/ul><ul><li>H\u00e4radsk\u00e4rs lotsplats<\/li><\/ul><ul><li>Bok\u00f6 lotsplats<\/li><\/ul><ul><li>Torr\u00f6 lotsplats<\/li><\/ul><ul><li>Stedsholmens lotsplats<\/li><\/ul><ul><li>Id\u00f6 lotsplats<\/li><\/ul><ul><li>Strup\u00f6 lotsplats<\/li><\/ul><ul><li>Kr\u00e5kelunds lotsplats<\/li><\/ul>\n<ul class=\"wp-block-list\">\n<li>Figeholms lotsplats<\/li>\n<\/ul>\n<\/li>\n<\/ul>\n\n\n\n<ul class=\"wp-block-list\">\n<li>Kalmar Lotsf\u00f6rdelning<ul><li>Oskarshamns lotsplats<\/li><\/ul><ul><li>P\u00e5skallaviks lotsplats<\/li><\/ul><ul><li>V\u00e5ll\u00f6 lotsplats<\/li><\/ul><ul><li>M\u00f6nster\u00e5s lotsplats<\/li><\/ul><ul><li>Timmernabben lotsplats<\/li><\/ul><ul><li>Pataholms lotsplats<\/li><\/ul><ul><li>K\u00e5reholms lotsplats<\/li><\/ul><ul><li>Borgholms lotsplats<\/li><\/ul><ul><li>Sk\u00e4ggen\u00e4s lotsplats<\/li><\/ul><ul><li>Kalmar lotsplats<\/li><\/ul><ul><li>Botorps lotsplats<\/li><\/ul><ul><li>Eken\u00e4s lotsplats<\/li><\/ul><ul><li>Bergqvara lotsplats<\/li><\/ul><ul><li>Degerhamn lotsplats<\/li><\/ul><ul><li>Kristianopel lotsplats<\/li><\/ul><ul><li>L\u00e5ng\u00f6rens lotsplats<\/li><\/ul><ul><li>Asp\u00f6 lotsplats<\/li><\/ul><ul><li>Arp\u00f6 lotsplats<\/li><\/ul><ul><li>G\u00f6kalfs lotsplats<\/li><\/ul><ul><li>T\u00e4rn\u00f6 lotsplats<\/li><\/ul><ul><li>Karlshamns lotsplats<\/li><\/ul><ul><li>Pukavik lotsplats<\/li><\/ul><ul><li>Han\u00f6 lotsplats<\/li><\/ul>\n<ul class=\"wp-block-list\">\n<li>S\u00f6lvesborg lotsplats<\/li>\n<\/ul>\n<\/li>\n<\/ul>\n\n\n\n<ul class=\"wp-block-list\">\n<li>Malm\u00f6 Lotsf\u00f6rdelning<ul><li>\u00c5hus lotsplats<\/li><\/ul><ul><li>Simrishamns lotsplats<\/li><\/ul><ul><li>Ystads lotsplats<\/li><\/ul><ul><li>Trelleborgs lotsplats<\/li><\/ul><ul><li>\u00d6resunds s\u00f6dra lotsplats<\/li><\/ul><ul><li>Limhamns lots plats<\/li><\/ul><ul><li>Malm\u00f6 lotsplats<\/li><\/ul><ul><li>Landskrona lotsplats<\/li><\/ul><ul><li>R\u00e5\u00e5 lotsplats<\/li><\/ul><ul><li>Helsingborgs lotsplats<\/li><\/ul><ul><li>\u00d6resunds norra lotsplats<\/li><\/ul><ul><li>H\u00f6gan\u00e4s lotsplats<\/li><\/ul><ul><li>Engelholms lotsplats<\/li><\/ul>\n<ul class=\"wp-block-list\">\n<li>Torekovs lotsplats<\/li>\n<\/ul>\n<\/li>\n<\/ul>\n\n\n\n<ul class=\"wp-block-list\">\n<li>G\u00f6teborgs Lotsf\u00f6rdelning<ul><li>Halmstads lotsplats<\/li><\/ul><ul><li>Falkenbergs lotsplats<\/li><\/ul><ul><li>Varbergs lotsplats<\/li><\/ul><ul><li>M\u00f6nsters lotsplats<\/li><\/ul><ul><li>Vr\u00e5ng\u00f6 lotsplats<\/li><\/ul><ul><li>Br\u00e4nn\u00f6 lotsplats<\/li><\/ul><ul><li>G\u00f6teborgs lotsplats<\/li><\/ul><ul><li>Kalfsunds lotsplats<\/li><\/ul><ul><li>R\u00f6r\u00f6 lotsplats<\/li><\/ul><ul><li>Marstrands lotsplats<\/li><\/ul><ul><li>Uddevalla lotsplats<\/li><\/ul><ul><li>K\u00e4ring\u00f6 lotsplats<\/li><\/ul><ul><li>Gullholmen lotsplats<\/li><\/ul><ul><li>Lysekils lotsplats<\/li><\/ul><ul><li>Sm\u00f6gens lotsplats<\/li><\/ul><ul><li>V\u00e4der\u00f6arnes lotsplats<\/li><\/ul><ul><li>Dyng\u00f6 lotsplats<\/li><\/ul><ul><li>Hafstenssunds lotsplats<br>Sydkoster lotsplats<\/li><\/ul><ul><li>Nordkosters lotsplats<\/li><\/ul>\n<ul class=\"wp-block-list\">\n<li>Str\u00f6mstads lotsplats<\/li>\n<\/ul>\n<\/li>\n<\/ul>\n\n\n\n<ul class=\"wp-block-list\">\n<li>Gotlands Lotsf\u00f6rdelning<ul><li>Visby lotsplats<\/li><\/ul><ul><li>F\u00e5r\u00f6sunds norra gatts lotsplats<\/li><\/ul><ul><li>F\u00e5r\u00f6sunds s\u00f6dra gatts lotsplats<\/li><\/ul><ul><li>Kylejs lotsplats<\/li><\/ul><ul><li>Slite lotsplats<\/li><\/ul><ul><li>H\u00e4rviks lotsplats<\/li><\/ul><ul><li>Ljugarns lotsplats<\/li><\/ul><ul><li>Ronehamns lotsplats<\/li><\/ul><ul><li>Gr\u00f6ttlingboudde lotsplats<\/li><\/ul><ul><li>Stockviks lotsplats<\/li><\/ul><ul><li>Burgsviks lotsplats<\/li><\/ul><ul><li>Klintehamns lotsplats<\/li><\/ul>\n<ul class=\"wp-block-list\">\n<li>Vestergarn lotsplats<\/li>\n<\/ul>\n<\/li>\n<\/ul>\n","protected":false},"excerpt":{"rendered":"<p>Sveriges officiella Statistik LOTS-STYRELSENS Underd\u00e5niga ber\u00e4ttelse F\u00f6r \u00e5r 1903K.L. Beckmans Boktryckeri, Stockholm 1904<\/p>\n","protected":false},"author":1,"featured_media":0,"parent":0,"menu_order":0,"comment_status":"closed","ping_status":"closed","template":"","meta":{"footnotes":""},"class_list":["post-4027","page","type-page","status-publish","hentry","entry"],"_links":{"self":[{"href":"https:\/\/lotsarnastockholm.se\/index.php\/wp-json\/wp\/v2\/pages\/4027","targetHints":{"allow":["GET"]}}],"collection":[{"href":"https:\/\/lotsarnastockholm.se\/index.php\/wp-json\/wp\/v2\/pages"}],"about":[{"href":"https:\/\/lotsarnastockholm.se\/index.php\/wp-json\/wp\/v2\/types\/page"}],"author":[{"embeddable":true,"href":"https:\/\/lotsarnastockholm.se\/index.php\/wp-json\/wp\/v2\/users\/1"}],"replies":[{"embeddable":true,"href":"https:\/\/lotsarnastockholm.se\/index.php\/wp-json\/wp\/v2\/comments?post=4027"}],"version-history":[{"count":1,"href":"https:\/\/lotsarnastockholm.se\/index.php\/wp-json\/wp\/v2\/pages\/4027\/revisions"}],"predecessor-version":[{"id":4028,"href":"https:\/\/lotsarnastockholm.se\/index.php\/wp-json\/wp\/v2\/pages\/4027\/revisions\/4028"}],"wp:attachment":[{"href":"https:\/\/lotsarnastockholm.se\/index.php\/wp-json\/wp\/v2\/media?parent=4027"}],"curies":[{"name":"wp","href":"https:\/\/api.w.org\/{rel}","templated":true}]}}