{"id":4021,"date":"2022-12-04T19:08:50","date_gmt":"2022-12-04T18:08:50","guid":{"rendered":"https:\/\/lotsarnastockholm.se\/?page_id=4021"},"modified":"2026-03-24T17:51:11","modified_gmt":"2026-03-24T16:51:11","slug":"uddevallas-lotsplats","status":"publish","type":"page","link":"https:\/\/lotsarnastockholm.se\/index.php\/uddevallas-lotsplats\/","title":{"rendered":"Uddevalla Lotsplats"},"content":{"rendered":"\n<p class=\"has-text-align-center\"><a href=\"https:\/\/www.google.se\/maps\/place\/58%C2%B020'29.4%22N+11%C2%B054'27.9%22E\/@58.3415,11.9055613,17z\/data=!3m1!4b1!4m4!3m3!8m2!3d58.3415!4d11.90775\">58\u00b0 20.490&#8242; N 11\u00b0 54.465&#8242; E<\/a><\/p>\n\n\n\n<p>N\u00e4mnd f\u00f6rsta g\u00e5ngen 1726 och nedlagd 1 januari 1967<\/p>\n\n\n\n<p>1729 fanns det 3 lotsar och 2 utl\u00e4rda lotsdr\u00e4ngar plus en lotsl\u00e4rling:<br>Enligt rulla: Lotsar: P\u00e4hr Hansson, Jon Arfwidsson, Ingemar Jonsson<br>Extra lotsar: P\u00e5hl Dahlqvist och Hans Dahlqvist samt p\u00e5 Salth\u00e4llen: Albrecht Lund och Halfwer Mansson.<\/p>\n\n\n\n<p>Ur rulla 1736: Lotsuppsyningsman Thormo Str\u00f6m<br>Lots: Jon Arfwidsson Swartbeck i tjenst 1720<br>Lots: Peter Hansson i tjenst 1720<br>Lots: Lars Ingemarsson i tjenst 1733<\/p>\n\n\n\n<p>1744 fanns det 4 lotsar och 2 lotsdr\u00e4ngar:<br>Lotsuppsyningsman Thormo Str\u00f6m<br>Lotsar: Lars Ingemarsson, Sven \u00c5berg, Per J\u00f6nsson, Oluf Hindrichsson<br>Lotsdr\u00e4ngar: Matts P\u00e4hrsson och Thore Ambj\u00f6rnsson<\/p>\n\n\n\n<p>Ur reglemente f\u00f6r lotsverket 1799:<br>Under lotsuppsyningsman f\u00f6r Marstrands f\u00f6rdelning lyder Uddevallas lotsplats med 1 lots\u00e5lderman, 2 ord lotsar, 2 ordinarie utl\u00e4rda lotsdr\u00e4ngar, 1 utl\u00e4rd reservlotsdr\u00e4ng och 2 lotsl\u00e4rlingar.<br>Lotsningsomr\u00e5de: Lotsarna uppassa i staden och lotsa till Stora Asker\u00f6n till Matholmen b\u00f6r de \u00e4bven kunna lotsa till Malstr\u00f6m och till Stumpeskagen.<\/p>\n\n\n\n<p>Enl reglemente och f\u00f6rordning 1863, Lotsningsomr\u00e5de: Fr\u00e5n Uddevalla till St Asker\u00f6n respektive Lilla Korn\u00f6 eller Lysekil, Gullholmen, Matholmen, Malstr\u00f6m och Stumpeskagen.<\/p>\n\n\n\n<p>Ur rulla 1817: Lots\u00e5lderman: L. Backman<br>Ord. Lots H. Tersberg<br>Ord lotsdr\u00e4ng O. Strandberg<br>Reservlotsdr\u00e4ng N. Utman<br>Lotsl\u00e4rling J. Kjellberg och B. Andersson<\/p>\n\n\n\n<p>Enligt 1817 protokoll anm\u00e4rktes att platsens lotsb\u00e5t brunnit upp vid 1806 \u00e5rs eldsv\u00e5da och ingen ny b\u00e5t erh\u00e5llits.<\/p>\n\n\n\n<p>Enligt 1820 \u00e5rs reglemente: 1 lots\u00e5lderman,2 m\u00e4sterlotsar, 2 secundlotsar, 2 lotsl\u00e4rlingar och lotsarna uppassa i staden.<br>Noterat: \u201d\u00d6verv\u00e4gande flertalet av de vid lotsplatsen f\u00f6rekommande lotsningar utg\u00f6rs av utlotsningar till sj\u00f6n mot Paternoster. Dessa lotsningar vilka utg\u00e5 fr\u00e5n Uddevalla \u00e4r f\u00f6rh\u00e5llandevis l\u00e5nga (38\u00b4). Lotsningarna \u00e4ger till 50% rum i m\u00f6rker och nattetid \u00e4r det ofta sv\u00e5rnavigabelt pga av tjocka. Vid Uddevallas lotsplats f\u00f6rekom ingen b\u00e5ttj\u00e4nst. Uddevalla lotsarna avtogs vid Paternoster av Marstrandskuttern.<\/p>\n\n\n\n<p>Lotsar vid Uddevallas Lpl<\/p>\n\n\n\n<figure class=\"wp-block-table alignwide\"><table class=\"has-fixed-layout\"><tbody><tr><td><strong>Efternamn<\/strong><\/td><td><strong>F\u00f6rnamn<\/strong><\/td><td><strong>F\u00f6dd<\/strong><\/td><td><strong>I Staten<\/strong><\/td><td><strong>Lpl 1<\/strong><\/td><td><strong>Lpl 2<\/strong><\/td><td><strong>Lpl 3<\/strong><\/td><\/tr><tr><td>Ambj\u00f6rnsson<\/td><td>Thore<\/td><td><\/td><td><\/td><td>Uddevalla<\/td><td><\/td><td><\/td><\/tr><tr><td>Andersson<\/td><td>B<\/td><td><\/td><td><\/td><td>Uddevalla<\/td><td><\/td><td><\/td><\/tr><tr><td>Backman<\/td><td>L<\/td><td><\/td><td><\/td><td>Uddevalla<\/td><td><\/td><td><\/td><\/tr><tr><td>Dahlqvist<\/td><td>P\u00e5hl<\/td><td><\/td><td><\/td><td>Uddevalla<\/td><td><\/td><td><\/td><\/tr><tr><td>Dahlqvist<\/td><td>Hans<\/td><td><\/td><td><\/td><td>Uddevalla<\/td><td><\/td><td><\/td><\/tr><tr><td>Hindrichsson<\/td><td>Oluf<\/td><td><\/td><td><\/td><td>Lysekil<\/td><td>Uddevalla<\/td><td><\/td><\/tr><tr><td>J\u00f6nsson<\/td><td>Per<\/td><td><\/td><td><\/td><td>Uddevalla<\/td><td><\/td><td><\/td><\/tr><tr><td>Kjellberg<\/td><td>J<\/td><td><\/td><td><\/td><td>Uddevalla<\/td><td><\/td><td><\/td><\/tr><tr><td>P\u00e4hrsson<\/td><td>Matts<\/td><td><\/td><td><\/td><td>Uddevalla<\/td><td><\/td><td><\/td><\/tr><tr><td>Strandberg<\/td><td>O<\/td><td><\/td><td><\/td><td>Uddevalla<\/td><td><\/td><td><\/td><\/tr><tr><td>Str\u00f6m<\/td><td>Thormo<\/td><td><\/td><td><\/td><td>Uddevalla<\/td><td><\/td><td><\/td><\/tr><tr><td>Tersberg<\/td><td>H<\/td><td><\/td><td><\/td><td>Uddevalla<\/td><td><\/td><td><\/td><\/tr><tr><td>Utman<\/td><td>N<\/td><td><\/td><td><\/td><td>Uddevalla<\/td><td><\/td><td><\/td><\/tr><tr><td>\u00c5berg<\/td><td>Sven<\/td><td><\/td><td><\/td><td>Uddevalla<\/td><td><\/td><td><\/td><\/tr><tr><td>Hansson<\/td><td>P\u00e4hr<\/td><td><\/td><td>1720<\/td><td>Uddevalla<\/td><td><\/td><td><\/td><\/tr><tr><td>Swartbeck<\/td><td>Jon<\/td><td><\/td><td>1720<\/td><td>Uddevalla<\/td><td><\/td><td><\/td><\/tr><tr><td>Jonsson<\/td><td>Ingmar<\/td><td><\/td><td>1729<\/td><td>Uddevalla<\/td><td><\/td><td><\/td><\/tr><tr><td>Ingemarsson<\/td><td>Lars<\/td><td><\/td><td>1733<\/td><td>Uddevalla<\/td><td><\/td><td><\/td><\/tr><tr><td>Pettersson<\/td><td>Anders<\/td><td>1830<\/td><td>1846<\/td><td>Uddevalla<\/td><td><\/td><td><\/td><\/tr><tr><td>Edstr\u00f6m<\/td><td>Martin<\/td><td>1843<\/td><td>1869<\/td><td>Uddevalla<\/td><td><\/td><td><\/td><\/tr><tr><td>Jonsson<\/td><td>Johannes<\/td><td>1840<\/td><td>1870<\/td><td>Uddevalla<\/td><td><\/td><td><\/td><\/tr><tr><td>Garling<\/td><td>Adalbert<\/td><td>1838<\/td><td>1871<\/td><td>Stora Asker\u00f6n<\/td><td>Uddevalla<\/td><td>Br\u00e4nn\u00f6\/G\u00f6teborg<\/td><\/tr><tr><td>Svanberg<\/td><td>Walter<\/td><td>1840<\/td><td>1876<\/td><td>Uddevalla<\/td><td><\/td><td><\/td><\/tr><tr><td>Ekholm<\/td><td>Alfred<\/td><td>1860<\/td><td>1877<\/td><td>Marstrand<\/td><td>Uddevalla<\/td><td>Gullholmen<\/td><\/tr><tr><td>Berglund<\/td><td>Nils<\/td><td>1862<\/td><td>1886<\/td><td>Gullholmen<\/td><td>Uddevalla<\/td><td><\/td><\/tr><tr><td>S\u00f6derberg<\/td><td>Gustaf<\/td><td>1855<\/td><td>1893<\/td><td>Uddevalla<\/td><td><\/td><td><\/td><\/tr><tr><td>\u00d6dvall<\/td><td>Carl<\/td><td>1870<\/td><td>1895<\/td><td>Uddevalla<\/td><td><\/td><td><\/td><\/tr><tr><td>H\u00e4llberg<\/td><td>Karl<\/td><td>1885<\/td><td>1899<\/td><td>Marstrand<\/td><td>Uddevalla<\/td><td><\/td><\/tr><tr><td>Selld\u00e9n<\/td><td>Kilian<\/td><td>1874<\/td><td>1900<\/td><td>Uddevalla<\/td><td><\/td><td><\/td><\/tr><tr><td>Bergdahl<\/td><td>August<\/td><td>1885<\/td><td>1910<\/td><td>Uddevalla<\/td><td>Marstrand<\/td><td><\/td><\/tr><tr><td>Sm\u00e5lander<\/td><td>Per<\/td><td>1902<\/td><td>1916<\/td><td>Br\u00e4nn\u00f6<\/td><td>Uddevalla<\/td><td>G\u00f6teborg<\/td><\/tr><tr><td>Hedvik<\/td><td>Oscar<\/td><td>1897<\/td><td>1927<\/td><td>Uddevalla<\/td><td><\/td><td><\/td><\/tr><tr><td>Mengwall?<\/td><td>Arne<\/td><td>1911<\/td><td>1939<\/td><td>Uddevalla<\/td><td><\/td><td><\/td><\/tr><tr><td>Nordblom<\/td><td>Karl<\/td><td>1914<\/td><td>1943<\/td><td>V\u00e4der\u00f6arna<\/td><td>Uddevalla<\/td><td><\/td><\/tr><tr><td>Andersson<\/td><td>Anders<\/td><td>1920<\/td><td>1944<\/td><td>Lysekil<\/td><td>Uddevalla<\/td><td><\/td><\/tr><tr><td>Ekstr\u00f6m<\/td><td>Stig<\/td><td>1928<\/td><td>1947<\/td><td>V\u00e4der\u00f6arna<\/td><td>Marstrand<\/td><td>Uddevalla<\/td><\/tr><tr><td>Andersson<\/td><td>Hilmer<\/td><td>1926<\/td><td>1953<\/td><td>\u00d6resund s\u00f6dra<\/td><td>Uddevalla<\/td><td>Marstrand<\/td><\/tr><tr><td>Pettersson<\/td><td>Carl<\/td><td>1929<\/td><td>1953<\/td><td>Lysekil<\/td><td>Marstrand<\/td><td>Uddevalla<\/td><\/tr><tr><td>Lund<\/td><td>Albrecht<\/td><td><\/td><td>1729<\/td><td>Salth\u00e4llen<\/td><td><\/td><td><\/td><\/tr><tr><td>Mansson<\/td><td>Halfwer<\/td><td><\/td><td>1729<\/td><td>Salth\u00e4llen<\/td><td><\/td><td><\/td><\/tr><\/tbody><\/table><\/figure>\n","protected":false},"excerpt":{"rendered":"<p>58\u00b0 20.490&#8242; N 11\u00b0 54.465&#8242; E N\u00e4mnd f\u00f6rsta g\u00e5ngen 1726 och nedlagd 1 januari 1967 1729 fanns det 3 lotsar och 2 utl\u00e4rda lotsdr\u00e4ngar plus en lotsl\u00e4rling:Enligt rulla: Lotsar: P\u00e4hr Hansson, Jon Arfwidsson, Ingemar JonssonExtra lotsar: P\u00e5hl Dahlqvist och Hans Dahlqvist samt p\u00e5 Salth\u00e4llen: Albrecht Lund och Halfwer Mansson. Ur rulla 1736: Lotsuppsyningsman Thormo Str\u00f6mLots:&hellip; <a class=\"more-link\" href=\"https:\/\/lotsarnastockholm.se\/index.php\/uddevallas-lotsplats\/\">Forts\u00e4tt l\u00e4sa <span class=\"screen-reader-text\">Uddevalla Lotsplats<\/span><\/a><\/p>\n","protected":false},"author":1,"featured_media":0,"parent":0,"menu_order":0,"comment_status":"closed","ping_status":"closed","template":"","meta":{"footnotes":""},"class_list":["post-4021","page","type-page","status-publish","hentry","entry"],"_links":{"self":[{"href":"https:\/\/lotsarnastockholm.se\/index.php\/wp-json\/wp\/v2\/pages\/4021","targetHints":{"allow":["GET"]}}],"collection":[{"href":"https:\/\/lotsarnastockholm.se\/index.php\/wp-json\/wp\/v2\/pages"}],"about":[{"href":"https:\/\/lotsarnastockholm.se\/index.php\/wp-json\/wp\/v2\/types\/page"}],"author":[{"embeddable":true,"href":"https:\/\/lotsarnastockholm.se\/index.php\/wp-json\/wp\/v2\/users\/1"}],"replies":[{"embeddable":true,"href":"https:\/\/lotsarnastockholm.se\/index.php\/wp-json\/wp\/v2\/comments?post=4021"}],"version-history":[{"count":5,"href":"https:\/\/lotsarnastockholm.se\/index.php\/wp-json\/wp\/v2\/pages\/4021\/revisions"}],"predecessor-version":[{"id":7847,"href":"https:\/\/lotsarnastockholm.se\/index.php\/wp-json\/wp\/v2\/pages\/4021\/revisions\/7847"}],"wp:attachment":[{"href":"https:\/\/lotsarnastockholm.se\/index.php\/wp-json\/wp\/v2\/media?parent=4021"}],"curies":[{"name":"wp","href":"https:\/\/api.w.org\/{rel}","templated":true}]}}