{"id":3963,"date":"2022-11-24T21:24:10","date_gmt":"2022-11-24T20:24:10","guid":{"rendered":"https:\/\/lotsarnastockholm.se\/?page_id=3963"},"modified":"2026-03-02T13:50:39","modified_gmt":"2026-03-02T12:50:39","slug":"kyrkesunds-lotsplats","status":"publish","type":"page","link":"https:\/\/lotsarnastockholm.se\/index.php\/kyrkesunds-lotsplats\/","title":{"rendered":"Kyrkesund Lotsplats"},"content":{"rendered":"\n<p class=\"has-text-align-center\"><a href=\"https:\/\/www.google.se\/maps\/place\/58%C2%B000'57.1%22N+11%C2%B030'49.6%22E\/@58.01585,11.5115946,17z\/data=!3m1!4b1!4m4!3m3!8m2!3d58.01585!4d11.5137833\">58\u00b0 00.951&#8242; N 11\u00b0 30.827&#8242; E<\/a><\/p>\n\n\n\n<p>Ok\u00e4nd uppstart men troligen andra halvan av 1700 talet<br>Kyrkesund var en egen lotsplats fram till 1883<\/p>\n\n\n\n<p><strong>Ur Reglemente f\u00f6r Lotsverket 179<\/strong>9<\/p>\n\n\n\n<p>Under Lotsuppsyningsman f\u00f6r Marstrands f\u00f6rdelning lyder Kyrkesunds lotsplats med 2 ordinarie lotsar, 1 utl\u00e4rd ordinarie lotsdr\u00e4ng, 1 utl\u00e4rd reservlotsdr\u00e4ng och 2 lotsl\u00e4rlingar.<br>Lotsplatsen lyder under lots\u00e5ldermannen i Kl\u00e4desholmen.<br>Lotsomr\u00e5det: Lotsarna uppassa vid Kyrkesund emottaga fr\u00e5n sj\u00f6n att inlotsa, utlotsa till sj\u00f6ss och till Kl\u00e4desholmen samt till Moll\u00f6sund.<\/p>\n\n\n\n<p>Ur rulla 1817:<br>Ordinarie lotsar: Olof Thorsson och B. Knutsson<br>Ordinarie lotsdr\u00e4ng: H. Andersson<br>Reservlotsdr\u00e4ng: J. Larsson<br>Lotsl\u00e4rling: J. \u00d6sterberg<\/p>\n\n\n\n<p>1820 \u00e5rs f\u00f6rteckning: Lotsa till Stora Asker\u00f6n, Kl\u00e4desholmen, Moll\u00f6sund, Stigsfjorden, Sj\u00f6ss eller fr\u00e5n sj\u00f6n<br>Under \u00c5ldermannen i Kl\u00e4desholmen skall finnas 2 m\u00e4sterlotsar, 2 secundlotsar och 2 lotsl\u00e4rlingar.<br>Lotsarna uppassa p\u00e5 Staffansholmen och \u00e4ven p\u00e5 Altarholmen och m\u00f6ta i sj\u00f6n utanf\u00f6r<\/p>\n\n\n\n<p>Reglemente och f\u00f6rordning 1863:<\/p>\n\n\n\n<p>Lotsningsomr\u00e5de: fr\u00e5n Kyrkesund till St Asker\u00f6n respektive Kl\u00e4desholmen, Moll\u00f6sund, Stigsfjorden, Marstrand, Gullholmen, Lysekil, K\u00e4ring\u00f6n till sj\u00f6ss eller fr\u00e5n sj\u00f6n.<\/p>\n\n\n\n<p>1874: En ny stor d\u00e4ckad lotsb\u00e5t har anskaffats 1874 f\u00f6r Kyrkesunds lpl<\/p>\n\n\n\n<p>Finns inte med i 1897 \u00e5rs matrikel ej heller i 1729 eller 1744<\/p>\n\n\n\n<p>Chefen f\u00f6r v\u00e4stra lotsdistriktet, C J Hierta, avs\u00e4nde till Kungl. F\u00f6rvaltningen f\u00f6r Sj\u00f6\u00e4renden en rapport den 22 juli 1807 \u00f6ver tillst\u00e5ndet inom lotsdistriktet:<\/p>\n\n\n\n<p><strong><em>Kyrkesunds lotsplats.<\/em><\/strong><\/p>\n\n\n\n<p><em>\u201dH\u00e4r \u00e4ro anst\u00e4llda 2 ordinarie lotsar, av vilka Olof Thorsson tj\u00e4nstg\u00f6r som f\u00f6rman, och vidare 1 ordinarie dr\u00e4ng och 2 l\u00e4rlingar. Enligt stat borde h\u00e4r vara ytterligare 1 reservdr\u00e4ng, men ingen av l\u00e4rlingarna, ehuru d\u00e4rtill kapabla, \u00e4r ben\u00e4gna att tag emot s\u00e5dan tj\u00e4nst. Samtliga \u00e4ro raskt och duktigt folk med undantag av lotsen Engelbrekt Jakobsson, som \u00e4r sjuklig och \u201dden enfaldigaste av dem alla\u201d. Han bor p\u00e5 Staffansholmen.<\/em><\/p>\n\n\n\n<p><em>\u00d6vriga lotsar och dr\u00e4ngar bor dels p\u00e5 H\u00e4r\u00f6n dels i l\u00e4genheten Sumpen l\u00e4gligt till f\u00f6r inomsk\u00e4rslotsningen, som dock inskr\u00e4nker sig till 7 \u00e0 8 sm\u00e5 fartyg a om \u00e5ret. D\u00e4remot saknas all uppassning fr\u00e5n sj\u00f6n, varifr\u00e5n m\u00e5nga fartyg \u00f6nska lots till \u201db\u00e4rgning och relackering f\u00f6r storm uti h\u00e4rvarande hamnar\u201d<\/em><\/p>\n\n\n\n<p><em>V\u00e4ster om H\u00e4r\u00f6n ligga Gr\u00f6nsk\u00e4ren, best\u00e5ende av 7 holmar, som bilda en s\u00e4rskild sk\u00e4rg\u00e5rd. Av dessa \u00e4ro tre Stibergsholmen, Blysandsholmen och Altarholmen genom Kammarkollegie utslag 1789 anslagne till nyttjande av lotspersonalen vid Kyrkesunds lotsplats.<\/em><\/p>\n\n\n\n<p><em>Lotschefen anm\u00e4ler, att lotsen Olaf Thorsson erbjudit sig att ej blott \u00f6verflytta till Altarholmen utan \u00e4ven l\u00e5ta sina tv\u00e5 vuxna och duktiga s\u00f6ner inskrivas vid lotsverket, varigenom man skulle vinna att fr\u00e5n sj\u00f6n inkommande fartyg kunde f\u00e5 lots, samt slutligen \u00f6verflytta sitt hus till Altarholmen, allt under f\u00f6ruts\u00e4ttning att han dels finge flyttningshj\u00e4lp med 25 riksdaler banko och dels erh\u00f6lle l\u00f6n p\u00e5 stat med 10 riksdaler banko. Lotschefen tillstyrker detta p\u00e5 det livligaste och f\u00f6resl\u00e5r att nyss omn\u00e4mnde l\u00f6n m\u00e5tte bliva ansedd s\u00e5som l\u00f6n f\u00f6r \u00e5lderman, som alltid borde bo p\u00e5 Altarholmen.<\/em><\/p>\n\n\n\n<p><em>Till \u00e5lderman f\u00f6rordas Thorsson. Vidare f\u00f6resl\u00e5s, att Thorssons \u00e4ldste son anst\u00e4lles som ordinarie lots med en l\u00f6n av 5 riksdaler banko med skyldighet att likv\u00e4l bo p\u00e5 Altarholmen. Slutligen f\u00f6resl\u00e5s, att de fyra \u00f6vrige \u00f6arna, som ing\u00e5r bland Gr\u00f6nsk\u00e4ren m\u00e5tte ansl\u00e5s till lotsarna vid Kyrkesunds lotsplats utan skyldighet att f\u00f6r dem erl\u00e4gga skatt eller annan onera.<\/em><\/p>\n\n\n\n<p><strong><em>B\u00e5tar.<\/em><\/strong><em> Vid utsyningen 1796 hade lotsarna tilldelats 15 st. ekar, vilka lotsarna s\u00e5lt f\u00f6r 30 riksdaler riksg\u00e4lds, varefter de k\u00f6pt en ny ekeb\u00e5t om 8 alnars k\u00f6l med nya segel och tillbeh\u00f6r f\u00f6r 67 riksdaler 24 sk. Riks g\u00e4lds, vilken vid visitationen var i gott st\u00e5nd.\u201d<\/em><\/p>\n\n\n\n<p>Nedanst\u00e5ende ur \u201d<em> Om lotsv\u00e4sendets tillst\u00e5nd vid V\u00e4stkusten i b\u00f6rjan av 1800-talet\u201d.<\/em> Ett bet\u00e4nkande av N.G. Schult\u00e9n<\/p>\n\n\n\n<p>\u201d<em>Kyrkosundslotsarna \u00e4r otj\u00e4nligt anst\u00e4llda p\u00e5 Staffansholmen s\u00e5 snart man har mera avseende p\u00e5 inkommande fartyg ifr\u00e5n sj\u00f6n \u00e4n p\u00e5 den s\u00e4llan bes\u00f6kta inomsk\u00e4rsleden.<\/em><\/p>\n\n\n\n<p><em>Utanf\u00f6r den St Hen\u00f6n ligger en liten sk\u00e4rg\u00e5rd ytterst mot havet kallad Gr\u00f6nsk\u00e4ren som jag med uppm\u00e4rksamhet besett.&nbsp; D\u00e4r b\u00f6r \u00e5tminstone en av Kyrkosunds lotsarna bo. D\u00e5 \u00e4r han tillreds att mottaga alla fartyg som undan stormarna s\u00f6ka sin undanflykt l\u00e4ngs de goda inlopp som finnas b\u00e5de p\u00e5 norra och s\u00f6dra sidan om Hen\u00f6n.<\/em><\/p>\n\n\n\n<p><em>Gr\u00f6nsk\u00e4ren h\u00f6ra \u00e4nnu kronan till och nyttjas av den ena lotsen, Olof Thoresson, en rask och p\u00e5litlig karl, emot ett litet \u00e5rligt arrende. Han har genom spr\u00e4ngning och fyllning b\u00f6rjat en i dessa nejder s\u00e4llsynt odling och har allaredan deponerat 50 rdr till dessa holmarnas skattek\u00f6p.<\/em><\/p>\n\n\n\n<p><em>D\u00e5 jag avstyrkte honom fr\u00e5n ett f\u00f6retag som jag ans\u00e5g otillb\u00f6rligt medan st\u00e4llet b\u00e4ttre passade till lotsl\u00e4genhet s\u00e5 var han lika n\u00f6jd att i s\u00e5dan egenskap flytta dit med sina fyra s\u00f6ner under f\u00f6rbeh\u00e5ll att ej fler hush\u00e5ll m\u00e5 erh\u00e5lla tillst\u00e5nd att \u00e4ven tr\u00e4nga sig p\u00e5 den knapra l\u00e4genheten s\u00e5 l\u00e4nge han eller hans barn svarar f\u00f6r lotstj\u00e4nsten.<\/em><\/p>\n\n\n\n<p><em>Han \u00e4r en man som h\u00e5ller ord och \u00e4r helt visst innan n\u00e4sta h\u00f6st ditflyttad om han i god tid erh\u00e5ller tillst\u00e5nd och n\u00f6jaktig s\u00e4kerhet.\u201d<\/em><\/p>\n\n\n\n<p><em>Det \u00e4r p\u00e5 Altarholmen som jag utsett tomtst\u00e4llet. D\u00e4r \u00e4r den b\u00e4sta hamnen f\u00f6r hans b\u00e5tar, best\u00e4ndigt friskt vatten och i alla avseenden tj\u00e4nligaste l\u00e4get\u201d<\/em><\/p>\n\n\n\n<p>Den 17:e juni 1861 utses sj\u00f6mannen Elias Olsson till sekundlots vid Kyrkesunds lotsplats inom Marstrands f\u00f6rdelning i V\u00e4stra Lotsdistriktet. Befintliga lotsar i Kyrkesund vid detta tillf\u00e4lle kan ha varit Anders J\u00f6nsson (\u00f6ver 80 \u00e5r gammal), l\u00e4rling Johan Berndtsson, Olof Berndtsson samt Olof Eliasson.<\/p>\n\n\n\n<p>Under mitten av 1870-talet anlades Gr\u00f6nsk\u00e4rens Lotsplats p\u00e5 Altarholmen utanf\u00f6r Herr\u00f6n och fram till 1883 hade man lotspassning p\u00e5 Altarholmen s\u00e5v\u00e4l som i Kyrkesund. De sista \u00e5ren var Elias ensam om att som man sade \u201dbestrida\u201d lotsuppassningen i Kyrkesund.<\/p>\n\n\n\n<p>Den 15:e oktober 1874 ankommer skrivelse till chefen f\u00f6r Marstrands lotsf\u00f6rdelning, vilken omtalar att Kronolotsen Elias Olsson, tills vidare, ensam skall bestrida lotsuppassningen inne vid Kyrkesund. Detta gjorde han fram till 1883, d\u00e5 han gick ur tiden.<\/p>\n\n\n\n<p>Lotsar vid Kyrkesund<\/p>\n\n\n\n<figure class=\"wp-block-table\"><table><tbody><tr><td><strong>Lotsplats \u00f6vriga<\/strong><\/td><td><strong>Efternamn<\/strong><\/td><td><strong>F\u00f6rnamn<\/strong><\/td><td><strong>F\u00f6dd<\/strong><\/td><td><strong>Antagen i lotsverket<\/strong><\/td><td><strong>D\u00f6d<\/strong><\/td><\/tr><tr><td>&nbsp;<\/td><td>Andersson<\/td><td>H<\/td><td>&nbsp;<\/td><td>1817<\/td><td><\/td><\/tr><tr><td>&nbsp;<\/td><td>Knutsson<\/td><td>B<\/td><td>&nbsp;<\/td><td>1817<\/td><td><\/td><\/tr><tr><td>&nbsp;<\/td><td>Larsson<\/td><td>J<\/td><td>&nbsp;<\/td><td>1817<\/td><td><\/td><\/tr><tr><td>&nbsp;<\/td><td>Thorsson<\/td><td>Olof<\/td><td>&nbsp;<\/td><td>1807<\/td><td><\/td><\/tr><tr><td><\/td><td>Jakobsson<\/td><td>Engelbrekt<\/td><td><\/td><td>1807<\/td><td><\/td><\/tr><tr><td>&nbsp;<\/td><td>\u00d6sterberg<\/td><td>J<\/td><td>&nbsp;<\/td><td>1817<\/td><td><\/td><\/tr><tr><td>Gr\u00f6nsk\u00e4ren<\/td><td>Eliasson<\/td><td>Olof<\/td><td>1829<\/td><td>1848<\/td><td>1878<\/td><\/tr><tr><td>Gr\u00f6nsk\u00e4ren<\/td><td>Berndsson<\/td><td>Johan<\/td><td>1832<\/td><td>1854<\/td><td>1878<\/td><\/tr><tr><td>Gr\u00f6nsk\u00e4ren<\/td><td>Berndtsson<\/td><td>Olof<\/td><td>1849<\/td><td>1861<\/td><td>1878<\/td><\/tr><tr><td>&nbsp;<\/td><td>J\u00f6nsson<\/td><td>Anders<\/td><td>1780<\/td><td>1861<\/td><td><\/td><\/tr><tr><td>&nbsp;<\/td><td>Olsson<\/td><td>Elias<\/td><td>&nbsp;<\/td><td>1861<\/td><td>1883<\/td><\/tr><tr><td>Gr\u00f6nsk\u00e4ren<\/td><td>Berndtsson<\/td><td>Anders<\/td><td>1845<\/td><td>1871<\/td><td><\/td><\/tr><\/tbody><\/table><\/figure>\n","protected":false},"excerpt":{"rendered":"<p>58\u00b0 00.951&#8242; N 11\u00b0 30.827&#8242; E Ok\u00e4nd uppstart men troligen andra halvan av 1700 taletKyrkesund var en egen lotsplats fram till 1883 Ur Reglemente f\u00f6r Lotsverket 1799 Under Lotsuppsyningsman f\u00f6r Marstrands f\u00f6rdelning lyder Kyrkesunds lotsplats med 2 ordinarie lotsar, 1 utl\u00e4rd ordinarie lotsdr\u00e4ng, 1 utl\u00e4rd reservlotsdr\u00e4ng och 2 lotsl\u00e4rlingar.Lotsplatsen lyder under lots\u00e5ldermannen i Kl\u00e4desholmen.Lotsomr\u00e5det: Lotsarna&hellip; <a class=\"more-link\" href=\"https:\/\/lotsarnastockholm.se\/index.php\/kyrkesunds-lotsplats\/\">Forts\u00e4tt l\u00e4sa <span class=\"screen-reader-text\">Kyrkesund Lotsplats<\/span><\/a><\/p>\n","protected":false},"author":1,"featured_media":0,"parent":0,"menu_order":0,"comment_status":"closed","ping_status":"closed","template":"","meta":{"footnotes":""},"class_list":["post-3963","page","type-page","status-publish","hentry","entry"],"_links":{"self":[{"href":"https:\/\/lotsarnastockholm.se\/index.php\/wp-json\/wp\/v2\/pages\/3963","targetHints":{"allow":["GET"]}}],"collection":[{"href":"https:\/\/lotsarnastockholm.se\/index.php\/wp-json\/wp\/v2\/pages"}],"about":[{"href":"https:\/\/lotsarnastockholm.se\/index.php\/wp-json\/wp\/v2\/types\/page"}],"author":[{"embeddable":true,"href":"https:\/\/lotsarnastockholm.se\/index.php\/wp-json\/wp\/v2\/users\/1"}],"replies":[{"embeddable":true,"href":"https:\/\/lotsarnastockholm.se\/index.php\/wp-json\/wp\/v2\/comments?post=3963"}],"version-history":[{"count":11,"href":"https:\/\/lotsarnastockholm.se\/index.php\/wp-json\/wp\/v2\/pages\/3963\/revisions"}],"predecessor-version":[{"id":7742,"href":"https:\/\/lotsarnastockholm.se\/index.php\/wp-json\/wp\/v2\/pages\/3963\/revisions\/7742"}],"wp:attachment":[{"href":"https:\/\/lotsarnastockholm.se\/index.php\/wp-json\/wp\/v2\/media?parent=3963"}],"curies":[{"name":"wp","href":"https:\/\/api.w.org\/{rel}","templated":true}]}}