{"id":3957,"date":"2022-11-24T18:22:24","date_gmt":"2022-11-24T17:22:24","guid":{"rendered":"https:\/\/lotsarnastockholm.se\/?page_id=3957"},"modified":"2023-11-22T20:47:15","modified_gmt":"2023-11-22T19:47:15","slug":"mollosunds-lotsplats","status":"publish","type":"page","link":"https:\/\/lotsarnastockholm.se\/index.php\/mollosunds-lotsplats\/","title":{"rendered":"Moll\u00f6sund Lotsplats"},"content":{"rendered":"\n<p class=\"has-text-align-center\"><a href=\"https:\/\/www.google.se\/maps\/place\/58%C2%B004'22.7%22N+11%C2%B028'15.8%22E\/@58.0729667,11.468878,17z\/data=!3m1!4b1!4m4!3m3!8m2!3d58.0729667!4d11.4710667\">58\u00b0 04.378&#8242; N 11\u00b0 28.264&#8242; E<\/a><\/p>\n\n\n\n<figure class=\"wp-block-image size-full\"><a href=\"https:\/\/lotsarnastockholm.se\/wp-content\/uploads\/2022\/11\/UMFA53263_2756.jpg\"><img fetchpriority=\"high\" decoding=\"async\" width=\"750\" height=\"500\" src=\"https:\/\/lotsarnastockholm.se\/wp-content\/uploads\/2022\/11\/UMFA53263_2756.jpg\" alt=\"\" class=\"wp-image-3958\" srcset=\"https:\/\/lotsarnastockholm.se\/wp-content\/uploads\/2022\/11\/UMFA53263_2756.jpg 750w, https:\/\/lotsarnastockholm.se\/wp-content\/uploads\/2022\/11\/UMFA53263_2756-300x200.jpg 300w\" sizes=\"(max-width: 750px) 100vw, 750px\" \/><\/a><figcaption class=\"wp-element-caption\">Bild \u00f6ver Moll\u00f6sunds hamn<\/figcaption><\/figure>\n\n\n\n<p>Lotsplatsen n\u00e4mnd f\u00f6rsta g\u00e5ngen 1716 nedlagd n\u00e5gon g\u00e5ng mellan 1820- 1844.<\/p>\n\n\n\n<p>1729 fanns det 2 lotsar och 1 utl\u00e4rd lotsdr\u00e4ng och 1 lotsl\u00e4rling<br>Enligt rulla 1729:<br>Lotsar Anders P\u00e4hrsson och Jacob Bengtsson<br>Extra lots Sven Olsson<\/p>\n\n\n\n<p>Ur rulla 1736: Lots Jacob Bengtsson och Anders Peersson b\u00e5da i tj\u00e4nst sedan 1716<\/p>\n\n\n\n<p>Ur rulla 1744 Fanns det 2 lotsar och 2 lotsdr\u00e4ngar p\u00e5 lotsplatsen<\/p>\n\n\n\n<p>Lotsar : Petter M\u00e5nsson och Hans M\u00e5nsson<br>Lotsdr\u00e4ngar: H\u00e5kan P\u00e4rsson och B\u00f6rje Olufsson<\/p>\n\n\n\n<p><strong>Ur regelverk f\u00f6r lotsverket 1799<\/strong>:<\/p>\n\n\n\n<p>Under Lotsuppsyningsman f\u00f6r Marstrands f\u00f6rdelning lyder Moll\u00f6sunds lotsplats:<br>Med 2 ordinarie lotsar, 1 utl\u00e4rd ordinarie lotsdr\u00e4ng, 1 utl\u00e4rd reservlotsdr\u00e4ng och 2 lotsl\u00e4rlingar.<br>Lotsplatsen lyder under lots\u00e5lderman i K\u00e4ring\u00f6n.<br>Lotsningsomr\u00e5de: Lotsarna uppassa vid Moll\u00f6sund, utlotsa till sj\u00f6ss samt till Kyrkesund och till K\u00e4ring\u00f6n. \u201d<em>Lotsarne uppa\u03b2a wid Moll\u00f6sund emottaga fr\u00e5n sj\u00f6n at inlotsa, utlotsa til sj\u00f6\u03b2 samt til Kyrkosund och til K\u00e4ring\u00f6n\u201d<\/em><\/p>\n\n\n\n<p>Enligt rulla 1817 arbetade d\u00e5:<br>Ordinarie lots Hans Hansson och lotsl\u00e4rling Anders Hansson<\/p>\n\n\n\n<p>Ur 1820 \u00e5rs f\u00f6rteckning. Lotsades till Kyrkesund, Stora Asker\u00f6n, Stigsfjorden, till sj\u00f6ss eller fr\u00e5n sj\u00f6n samt Gullholmen<br>1 M\u00e4sterlots, 2 secundlotsar 1 lotsl\u00e4rling.<br>Lotsarna uppassa p\u00e5 sj\u00e4lva Moll\u00f6ns yttre sida och tar emot fartyg utanf\u00f6r grunden<\/p>\n\n\n\n<p>Moll\u00f6sund finns inte med bland lotsplatser i 1844, 1863 eller 1878-1883 \u00e5rs reglemente<\/p>\n\n\n\n<p>Moll\u00f6sunds lotsar:<\/p>\n\n\n\n<figure class=\"wp-block-table alignwide\"><table><tbody><tr><td><strong>Lotsplats annan<\/strong><\/td><td><strong>Efternamn<\/strong><\/td><td><strong>Efternamn<\/strong><\/td><td><strong>F\u00f6rnamn<\/strong><\/td><td><strong>F\u00f6dd<\/strong><\/td><td><strong>Antagen i lotsverket<\/strong><\/td><\/tr><tr><td>&nbsp;<\/td><td>Bengtsson<\/td><td>&nbsp;<\/td><td>Jacob<\/td><td>&nbsp;<\/td><td>1716<\/td><\/tr><tr><td>&nbsp;<\/td><td>P\u00e4hrsson<\/td><td>Peersson<\/td><td>Anders<\/td><td>&nbsp;<\/td><td>1716<\/td><\/tr><tr><td>&nbsp;<\/td><td>Olsson<\/td><td>&nbsp;<\/td><td>Sven<\/td><td>&nbsp;<\/td><td>1729<\/td><\/tr><tr><td>&nbsp;<\/td><td>M\u00e5nsson<\/td><td>&nbsp;<\/td><td>Hans<\/td><td>&nbsp;<\/td><td>1744<\/td><\/tr><tr><td>&nbsp;<\/td><td>M\u00e5nsson<\/td><td>&nbsp;<\/td><td>Petter<\/td><td>&nbsp;<\/td><td>1744<\/td><\/tr><tr><td>&nbsp;<\/td><td>Olufsson<\/td><td>&nbsp;<\/td><td>B\u00f6rje<\/td><td>&nbsp;<\/td><td>1744<\/td><\/tr><tr><td>&nbsp;<\/td><td>P\u00e4rsson<\/td><td>&nbsp;<\/td><td>H\u00e5kan<\/td><td>&nbsp;<\/td><td>1744<\/td><\/tr><tr><td>&nbsp;<\/td><td>Hansson<\/td><td>&nbsp;<\/td><td>Anders<\/td><td>&nbsp;<\/td><td>1817<\/td><\/tr><tr><td>&nbsp;<\/td><td>Hansson<\/td><td>&nbsp;<\/td><td>Hans<\/td><td>&nbsp;<\/td><td>1817<\/td><\/tr><tr><td>Gr\u00f6nsk\u00e4ren\/ \u00d6verg\u00e5ngsstat<\/td><td>Ottosson<\/td><td>T\u00e4rnberg<\/td><td>Martin<\/td><td>1855<\/td><td>1878<\/td><\/tr><\/tbody><\/table><\/figure>\n","protected":false},"excerpt":{"rendered":"<p>58\u00b0 04.378&#8242; N 11\u00b0 28.264&#8242; E Lotsplatsen n\u00e4mnd f\u00f6rsta g\u00e5ngen 1716 nedlagd n\u00e5gon g\u00e5ng mellan 1820- 1844. 1729 fanns det 2 lotsar och 1 utl\u00e4rd lotsdr\u00e4ng och 1 lotsl\u00e4rlingEnligt rulla 1729:Lotsar Anders P\u00e4hrsson och Jacob BengtssonExtra lots Sven Olsson Ur rulla 1736: Lots Jacob Bengtsson och Anders Peersson b\u00e5da i tj\u00e4nst sedan 1716 Ur rulla&hellip; <a class=\"more-link\" href=\"https:\/\/lotsarnastockholm.se\/index.php\/mollosunds-lotsplats\/\">Forts\u00e4tt l\u00e4sa <span class=\"screen-reader-text\">Moll\u00f6sund Lotsplats<\/span><\/a><\/p>\n","protected":false},"author":1,"featured_media":0,"parent":0,"menu_order":0,"comment_status":"closed","ping_status":"closed","template":"","meta":{"footnotes":""},"class_list":["post-3957","page","type-page","status-publish","hentry","entry"],"_links":{"self":[{"href":"https:\/\/lotsarnastockholm.se\/index.php\/wp-json\/wp\/v2\/pages\/3957","targetHints":{"allow":["GET"]}}],"collection":[{"href":"https:\/\/lotsarnastockholm.se\/index.php\/wp-json\/wp\/v2\/pages"}],"about":[{"href":"https:\/\/lotsarnastockholm.se\/index.php\/wp-json\/wp\/v2\/types\/page"}],"author":[{"embeddable":true,"href":"https:\/\/lotsarnastockholm.se\/index.php\/wp-json\/wp\/v2\/users\/1"}],"replies":[{"embeddable":true,"href":"https:\/\/lotsarnastockholm.se\/index.php\/wp-json\/wp\/v2\/comments?post=3957"}],"version-history":[{"count":5,"href":"https:\/\/lotsarnastockholm.se\/index.php\/wp-json\/wp\/v2\/pages\/3957\/revisions"}],"predecessor-version":[{"id":5920,"href":"https:\/\/lotsarnastockholm.se\/index.php\/wp-json\/wp\/v2\/pages\/3957\/revisions\/5920"}],"wp:attachment":[{"href":"https:\/\/lotsarnastockholm.se\/index.php\/wp-json\/wp\/v2\/media?parent=3957"}],"curies":[{"name":"wp","href":"https:\/\/api.w.org\/{rel}","templated":true}]}}