{"id":3932,"date":"2022-11-23T21:35:04","date_gmt":"2022-11-23T20:35:04","guid":{"rendered":"https:\/\/lotsarnastockholm.se\/?page_id=3932"},"modified":"2026-02-21T22:20:03","modified_gmt":"2026-02-21T21:20:03","slug":"gullholmens-lotsplats","status":"publish","type":"page","link":"https:\/\/lotsarnastockholm.se\/index.php\/gullholmens-lotsplats\/","title":{"rendered":"Gullholmen Lotsplats"},"content":{"rendered":"\n<p class=\"has-text-align-center\"><a href=\"https:\/\/www.google.se\/maps\/place\/58%C2%B010'47.4%22N+11%C2%B024'21.8%22E\/@58.1798333,11.403878,17z\/data=!3m1!4b1!4m4!3m3!8m2!3d58.1798333!4d11.4060667\">58\u00b0 10.790&#8242; N 11\u00b0 24.364&#8242; E<\/a><\/p>\n\n\n\n<figure class=\"wp-block-image size-full\"><a href=\"https:\/\/lotsarnastockholm.se\/wp-content\/uploads\/2022\/11\/utkiken.jpg\"><img fetchpriority=\"high\" decoding=\"async\" width=\"398\" height=\"550\" src=\"https:\/\/lotsarnastockholm.se\/wp-content\/uploads\/2022\/11\/utkiken.jpg\" alt=\"\" class=\"wp-image-3935\" srcset=\"https:\/\/lotsarnastockholm.se\/wp-content\/uploads\/2022\/11\/utkiken.jpg 398w, https:\/\/lotsarnastockholm.se\/wp-content\/uploads\/2022\/11\/utkiken-217x300.jpg 217w\" sizes=\"(max-width: 398px) 100vw, 398px\" \/><\/a><figcaption class=\"wp-element-caption\">Lotsutkik med galgen 1901, Fotograf Hugo Hallgren<\/figcaption><\/figure>\n\n\n\n<p>Gullholmens lotsplats<\/p>\n\n\n\n<p>Utdrag ur S\u00f6dra Bohusl\u00e4ns \u00f6v\u00e4rld :<\/p>\n\n\n\n<p><em>\u201dDet anses klart att Gullholmen var bebyggt p\u00e5 1500-talet och Gullholmen omtalas enligt \u00f6ns turistbroschyr \u00e5r 1585 i Norske HerredagdomB\u00f6ger En extra skattel\u00e4ngd fr\u00e5n 1610 omn\u00e4mnes h\u00e4r 24 strandst\u00edttare. I en bohusl\u00e4ns kalender fr\u00e5n b\u00f6rjan av 900 talet f\u00f6rklarades p\u00e5 1500 talet om Morlanda dit ju Gullholmen d\u00e5 h\u00f6rde, under rubriken Kronans strandsittare att de \u201dtillf\u00f6rne icke hava st\u00e5tt i Kronans jordeb\u00f6cker en\u00e4r de ingen ordinarie skatt utg\u00f6ra till Kronan utan endast allena kontributioner som av samh\u00e4llsl\u00e4ngden f\u00f6rklaras Som vederlag f\u00f6r att dessa Gullholmen bor befriats fr\u00e5n skatt synas strandsittarna ha \u00e5lagts viss lotsningsplikt. Sj\u00f6trafiken i Herman\u00f6sundet var n\u00e4mlligen livlig p\u00e5 den tiden och fast anst\u00e4llda lotsar fanns p\u00e5 Gullholmen fr\u00e5n 1700-talet fram till 1828 samt fr\u00e5n 1840-talet till 1915 d\u00e5 lotstj\u00e4nsten h\u00e4r definitivt indrogs\u201d<\/em><\/p>\n\n\n\n<p>Lotsplatsen bemannades fr\u00e5n tidigt 1700 tal fram till 1828, fanns inte med i 1862 \u00e5rs f\u00f6rteckning ej heller i 1916 \u00e5rs lotsledsf\u00f6rteckning. Troligen nedlagd 31\/3 1915 enligt vissa k\u00e4llor.<\/p>\n\n\n\n<p>Lotsplatsen har tillh\u00f6rt Marstrands f\u00f6rdelning.<\/p>\n\n\n\n<p>Ur regler f\u00f6r Lotsverket 1799: Under lotsuppsyningsman f\u00f6r Marstrands f\u00f6rdelning lyder Gullholmens lotsplats med 2 ordinarie lotsar, 1 utl\u00e4rd lotsdr\u00e4ng, 1 utl\u00e4rd reservlotsdr\u00e4ng samt 2 lotsl\u00e4rlingar. Lotsplatsen lyder under lots\u00e5lderman p\u00e5 K\u00e4ring\u00f6n. Lotsarna uppassa vid Gullholmen, utlotsa till sj\u00f6ss dessutom till K\u00e4ring\u00f6n, till Lysekil \u00e4ven till Malstr\u00f6m och d\u00e4rifr\u00e5n om s\u00e5 erfordras.<\/p>\n\n\n\n<p>Enligt rulla 1729: Lotsar Nils Olsson och Nils Bengtsson<\/p>\n\n\n\n<p>Ur rulla 1736:<br>Lots Erland Nilsson i tj\u00e4nst 1721<br>Lots Anders Pehrsson i tj\u00e4nst 1724<\/p>\n\n\n\n<p>Ur rulla 1744<br>Lotsar: Anders P\u00e4rsson, Erich Simonsson, Nils Bengtsson och Esbj\u00f6rn Esbj\u00f6rnsson<br>Lotsdr\u00e4ngar: Bengt Nilsson och Anders Nilsson<\/p>\n\n\n\n<p>Ur Rulla 1817:<\/p>\n\n\n\n<p>Ord lots Nils P\u00e5lsson<br>Reservlotsdr\u00e4ng Hans Andersson<br>Lotsl\u00e4rling Johan Pettersson<\/p>\n\n\n\n<p>Ur 1820 \u00e5rs f\u00f6rteckning lotsades till Flatholmen eller Lysekil, Moll\u00f6sund, Uddevalla, matholmen, Malstr\u00f6m, Stumpeskagen, sj\u00f6ss eller fr\u00e5n sj\u00f6n.<\/p>\n\n\n\n<p>1820 \u00e5rs reglemente: 2 m\u00e4sterlotsar, 2 secundlotsar 2 l\u00e4rlingar<\/p>\n\n\n\n<p>1875 Byggdes nytt uppassningshus ist\u00e4llet f\u00f6r kasserat.<\/p>\n\n\n\n<p>1891 fick platsen en d\u00e4ckad lotsb\u00e5t<\/p>\n\n\n\n<p>Enligt rulla 1894<br>Lotsf\u00f6rman: Nils Nilsson f\u00f6dd 1843 i tj 1862<br>M\u00e4sterlots: Olof Eliasson f\u00f6dd 1834 i tj 1867<br>Lots: Nils Berglund f\u00f6dd 1862 i tj 1886<br>Lotsl\u00e4rling: Johan Anton Ljungberg f\u00f6dd 1873 i tj 1894<\/p>\n\n\n\n<p>1896 byggdes ett nytt lotsuppassningshus<\/p>\n\n\n\n<p>H\u00e4ndelser:<\/p>\n\n\n\n<p>Nedanst\u00e5ende ur \u201d<em> Om lotsv\u00e4sendets tillst\u00e5nd vid V\u00e4stkusten i b\u00f6rjan av 1800-talet\u201d.<\/em> Ett bet\u00e4nkande av N.G. Schult\u00e9n<br><em>Gullholmens lotsplats har endast sitt avseende p\u00e5 inomsk\u00e4rsleden. Utmed och norr om St. Herman\u00f6n stryka n\u00e5gra goda inlopp fram men lotsarna kan icke fr\u00e5n sin kringflutna holme en g\u00e5ng bli varse de fartyg som \u00e4mnar s\u00f6ka denna retr\u00e4tt. Om en av dem blev flyttad p\u00e5 sj\u00e4lva stora \u00f6n mitt f\u00f6r Stensviken s\u00e5 att han kunde h\u00e5lla god utkik till sj\u00f6ss och hade sin b\u00e5t i n\u00e4mnda vik s\u00e5 kunde han l\u00e4mna det bitr\u00e4de som av honom v\u00e4ntas\u201d<\/em><\/p>\n\n\n\n<p>Pressklipp fr\u00e5n 26 okt 1896: Bohusl\u00e4nningen:<\/p>\n\n\n\n<p><em>Mycket har skrifvits om senaste stormen dess v\u00e5ldsamhet och h\u00e4rjningar. Meddelanden fr\u00e5n skilda delar av landet har fyllt tidningarnas spalter, \u00e4fven fr\u00e5n Gullholmen m\u00e5 dragas ett str\u00e5 till stacken.<\/em><\/p>\n\n\n\n<p><em>Fr\u00e5n Lysekil meddelas att lotsarna d\u00e4r ej kunnat till f\u00f6ljd av den starka stormen segla ut till en i norra hamnen f\u00f6rankrad \u00e5ngare men samtidigt omtalas att fyra fartyg lyckats inkomma till Ell\u00f6s fjorden.<\/em><\/p>\n\n\n\n<p><em>Hur kommo dessa dit?<\/em><\/p>\n\n\n\n<p><em>Jo genom lotsarnes \u00e5 Gullholmen f\u00f6rman Nils Nilsson, Olof Eliasson och Nils Berglund mod och skicklighet.<\/em><\/p>\n\n\n\n<p><em>Fr\u00e5n tidigt p\u00e5 morgonen till sent p\u00e5 kv\u00e4llen seglade dessa m\u00e4n med sin lotsb\u00e5t utan att unna sig vare mat eller dryck k\u00e4mpande mot hafvets raseri och stormens v\u00e5ldsamhet. S\u00e5 snart de inlotsat ett fartyg och f\u00f6rankrat det, v\u00e4nde de ut till hafvs igen sp\u00e4jande efter flera hj\u00e4lpbeh\u00f6fvande.<\/em><\/p>\n\n\n\n<p><em>Och n\u00e4r skymningen inbrutit voro fyra fartyg i s\u00e4ker hamn hvilka annars hade g\u00e5tt en s\u00e4ker underg\u00e5ng till m\u00f6tes. Meddelaren h\u00e4raf talade vid lotsen Berglund samma dag p\u00e5 kv\u00e4llen. P\u00e5 tillfr\u00e5gan om han icke haft enhet dag svarade han:<\/em><\/p>\n\n\n\n<p><em>\u201d \u00c5h ja jag vet just inte, men det har bl\u00e5st duktigt idag och jag har f\u00e5tt \u00f6gonen fulla av salt f\u00f6r jag har varit lika mycket i vattnet som ur vattnet\u201d<\/em><\/p>\n\n\n\n<p><em>\u00c5r 1838 inf\u00f6rdes av lotsar till Gullholmen en finsk skonert lastad med styckegods. Det bl\u00e5ste full storm vid tillf\u00e4llet, och lotsarna v\u00e5gade livet f\u00f6r att f\u00e5 in fartyget i hamn. V\u00e4rdet av fartyg och gods gick p\u00e5 \u00f6ver trettiotusen riksdaler. Lotsarna tillerk\u00e4ndes efter\u00e5t genom domslut fem och en halv procent d\u00e4rav eller cirka 1,750 riksdaler. N\u00e4r det kom till kritan, erh\u00f6llo de femtio riksdaler. S\u00e5 var det j\u00e4mt och samt.<\/em><\/p>\n\n\n\n<p><em>Exemplen skulle kunna m\u00e5ngfaldigas. Det har inte varit med tanke p\u00e5 ekonomisk vinst lotsarna utf\u00f6rt sina hj\u00e4lted\u00e5d. De ha tagit det som sin sj\u00e4lvklara plikt att bispringa de n\u00f6dst\u00e4llda. Sj\u00f6farande litade p\u00e5 deras hj\u00e4lp, fordrade den ocks\u00e5 i m\u00e5nga fall. Det var en h\u00e5rd och kr\u00e4vande lott i synnerhet f\u00f6re livr\u00e4ddningsstationernas tillkomst. Den karakt\u00e4riseras b\u00e4st av f\u00f6ljande ord ur en tidning fr\u00e5n adertonhundratalels f\u00f6rra h\u00e4lft:<br>\u00bbLotsen har- f\u00f6r det han b\u00e4rgar m\u00e4nniskoliv, \u00e4ven med egen livsfara &#8211; intet. F\u00f6rlorar han d\u00e4rvid livet, \u00e5tnjuter hans \u00e4nka och barn &#8211; intet. Men beg\u00e5r han det minsta oupps\u00e5tliga misstag, s\u00e5 f\u00e5r han f\u00e4stning och man ut\u00f6ser \u00f6ver honom himmelsskriande f\u00f6rbannelser.\u00bb<\/em><\/p>\n\n\n\n<p>Lotsarna p\u00e5 Gullholmen<\/p>\n\n\n\n<figure class=\"wp-block-table alignwide\"><table class=\"has-fixed-layout\"><tbody><tr><td><strong>Efternamn<\/strong><\/td><td><strong>F\u00f6rnamn<\/strong><\/td><td><strong>F\u00f6dd<\/strong><\/td><td><strong>I Staten<\/strong><\/td><td><strong>Lpl 1<\/strong><\/td><td><strong>\u00d6vriga lpl<\/strong><\/td><\/tr><tr><td>Nilsson<\/td><td>Erland<\/td><td><\/td><td>1721<\/td><td>Gullholmen<\/td><td><\/td><\/tr><tr><td>Pehrsson<\/td><td>Anders<\/td><td><\/td><td>1721<\/td><td>Gullholmen<\/td><td><\/td><\/tr><tr><td>Nilsson<\/td><td>Nils<\/td><td>1843<\/td><td>1862<\/td><td>Gullholmen<\/td><td><\/td><\/tr><tr><td>Nilsson<\/td><td>Carl<\/td><td>1836<\/td><td>1863<\/td><td>Gullholmen<\/td><td><\/td><\/tr><tr><td>Eliasson<\/td><td>Olof<\/td><td>1834<\/td><td>1867<\/td><td>Gullholmen<\/td><td><\/td><\/tr><tr><td>Ekholm<\/td><td>Alfred<\/td><td>1860<\/td><td>1877<\/td><td>Marstrand<\/td><td>Uddevalla\/Gullholmen<\/td><\/tr><tr><td>Berglund<\/td><td>Nils<\/td><td>1862<\/td><td>1886<\/td><td>Gullholmen<\/td><td>Uddevalla<\/td><\/tr><tr><td>H\u00f6gvall<\/td><td>Johan<\/td><td>1869<\/td><td>1894<\/td><td>Gullholmen<\/td><td><\/td><\/tr><tr><td>Ljungberg<\/td><td>Johan<\/td><td>1873<\/td><td>1894<\/td><td>Gullholmen<\/td><td>Lysekil<\/td><\/tr><tr><td>Holmberg<\/td><td>Carl<\/td><td>1880<\/td><td>1902<\/td><td>Gullholmen<\/td><td>Lysekil<\/td><\/tr><tr><td>Carlsson<\/td><td>Johan<\/td><td>1882<\/td><td>1903<\/td><td>Gullholmen<\/td><td><\/td><\/tr><tr><td>Andersson<\/td><td>Hans<\/td><td><\/td><td><\/td><td>Gullholmen<\/td><td><\/td><\/tr><tr><td>Bengtsson<\/td><td>Nils<\/td><td><\/td><td><\/td><td>Gullholmen<\/td><td><\/td><\/tr><tr><td>Esbj\u00f6rnsson<\/td><td>Esbj\u00f6rn<\/td><td><\/td><td><\/td><td>Gullholmen<\/td><td><\/td><\/tr><tr><td>Nilsson<\/td><td>Bengt<\/td><td><\/td><td><\/td><td>Gullholmen<\/td><td><\/td><\/tr><tr><td>Nilsson<\/td><td>Anders<\/td><td><\/td><td><\/td><td>Gullholmen<\/td><td><\/td><\/tr><tr><td>Olsson<\/td><td>Nils<\/td><td><\/td><td><\/td><td>Gullholmen<\/td><td><\/td><\/tr><tr><td>Pettersson<\/td><td>Johan<\/td><td><\/td><td><\/td><td>Gullholmen<\/td><td><\/td><\/tr><tr><td>P\u00e5lsson<\/td><td>Nils<\/td><td><\/td><td><\/td><td>Gullholmen<\/td><td><\/td><\/tr><tr><td>Simonsson<\/td><td>Erich<\/td><td><\/td><td><\/td><td>Gullholmen<\/td><td><\/td><\/tr><\/tbody><\/table><\/figure>\n","protected":false},"excerpt":{"rendered":"<p>58\u00b0 10.790&#8242; N 11\u00b0 24.364&#8242; E Gullholmens lotsplats Utdrag ur S\u00f6dra Bohusl\u00e4ns \u00f6v\u00e4rld : \u201dDet anses klart att Gullholmen var bebyggt p\u00e5 1500-talet och Gullholmen omtalas enligt \u00f6ns turistbroschyr \u00e5r 1585 i Norske HerredagdomB\u00f6ger En extra skattel\u00e4ngd fr\u00e5n 1610 omn\u00e4mnes h\u00e4r 24 strandst\u00edttare. I en bohusl\u00e4ns kalender fr\u00e5n b\u00f6rjan av 900 talet f\u00f6rklarades p\u00e5 1500&hellip; <a class=\"more-link\" href=\"https:\/\/lotsarnastockholm.se\/index.php\/gullholmens-lotsplats\/\">Forts\u00e4tt l\u00e4sa <span class=\"screen-reader-text\">Gullholmen Lotsplats<\/span><\/a><\/p>\n","protected":false},"author":1,"featured_media":0,"parent":0,"menu_order":0,"comment_status":"closed","ping_status":"closed","template":"","meta":{"footnotes":""},"class_list":["post-3932","page","type-page","status-publish","hentry","entry"],"_links":{"self":[{"href":"https:\/\/lotsarnastockholm.se\/index.php\/wp-json\/wp\/v2\/pages\/3932","targetHints":{"allow":["GET"]}}],"collection":[{"href":"https:\/\/lotsarnastockholm.se\/index.php\/wp-json\/wp\/v2\/pages"}],"about":[{"href":"https:\/\/lotsarnastockholm.se\/index.php\/wp-json\/wp\/v2\/types\/page"}],"author":[{"embeddable":true,"href":"https:\/\/lotsarnastockholm.se\/index.php\/wp-json\/wp\/v2\/users\/1"}],"replies":[{"embeddable":true,"href":"https:\/\/lotsarnastockholm.se\/index.php\/wp-json\/wp\/v2\/comments?post=3932"}],"version-history":[{"count":8,"href":"https:\/\/lotsarnastockholm.se\/index.php\/wp-json\/wp\/v2\/pages\/3932\/revisions"}],"predecessor-version":[{"id":7681,"href":"https:\/\/lotsarnastockholm.se\/index.php\/wp-json\/wp\/v2\/pages\/3932\/revisions\/7681"}],"wp:attachment":[{"href":"https:\/\/lotsarnastockholm.se\/index.php\/wp-json\/wp\/v2\/media?parent=3932"}],"curies":[{"name":"wp","href":"https:\/\/api.w.org\/{rel}","templated":true}]}}