{"id":3922,"date":"2022-11-20T23:19:38","date_gmt":"2022-11-20T22:19:38","guid":{"rendered":"https:\/\/lotsarnastockholm.se\/?page_id=3922"},"modified":"2026-03-03T20:22:24","modified_gmt":"2026-03-03T19:22:24","slug":"lysekils-lotsplats","status":"publish","type":"page","link":"https:\/\/lotsarnastockholm.se\/index.php\/lysekils-lotsplats\/","title":{"rendered":"Lysekil\/ Flatholmen\/ Fiskeb\u00e4cksvik Lotsplats"},"content":{"rendered":"\n<p class=\"has-text-align-center\"> LYSEKIL <a href=\"https:\/\/www.google.se\/maps\/place\/58%C2%B016'08.5%22N+11%C2%B026'04.2%22E\/@58.2690333,11.4323113,17z\/data=!3m1!4b1!4m4!3m3!8m2!3d58.2690333!4d11.4345\">58\u00b0 16.142&#8242; N 11\u00b0 26.070&#8242; E<\/a><br>FISKEB\u00c4CKSVIK <a href=\"https:\/\/www.google.se\/maps\/place\/58%C2%B020'09.1%22N+11%C2%B024'16.7%22E\/@58.33585,11.4024446,17z\/data=!3m1!4b1!4m4!3m3!8m2!3d58.33585!4d11.4046333\">58\u00b0 20.151&#8242; N 11\u00b0 24.278&#8242; E<\/a><br>FLATHOLMEN <a href=\"https:\/\/www.google.se\/maps\/place\/58%C2%B015'43.2%22N+11%C2%B024'48.1%22E\/@58.262,11.4111613,17z\/data=!3m1!4b1!4m4!3m3!8m2!3d58.262!4d11.41335\">58\u00b0 15.720&#8242; N 11\u00b0 24.801&#8242; E<\/a><\/p>\n\n\n\n<figure class=\"wp-block-image size-full\"><a href=\"https:\/\/lotsarnastockholm.se\/wp-content\/uploads\/2022\/12\/lotshuset.jpg\"><img fetchpriority=\"high\" decoding=\"async\" width=\"479\" height=\"382\" src=\"https:\/\/lotsarnastockholm.se\/wp-content\/uploads\/2022\/12\/lotshuset.jpg\" alt=\"\" class=\"wp-image-4010\" srcset=\"https:\/\/lotsarnastockholm.se\/wp-content\/uploads\/2022\/12\/lotshuset.jpg 479w, https:\/\/lotsarnastockholm.se\/wp-content\/uploads\/2022\/12\/lotshuset-300x239.jpg 300w\" sizes=\"(max-width: 479px) 100vw, 479px\" \/><\/a><figcaption class=\"wp-element-caption\">Sista lotsuppassningsplatsen i Lysekil.  LPC Helmer Kylberg huserade h\u00e4r fram till lotsstationen flyttade till Fiskeb\u00e4cksvik. Foto : M\u00e5rten Smith<\/figcaption><\/figure>\n\n\n\n<figure class=\"wp-block-image size-large\"><a href=\"https:\/\/lotsarnastockholm.se\/wp-content\/uploads\/2022\/12\/attachment1670100340352-1.jpg\"><img decoding=\"async\" width=\"1024\" height=\"894\" src=\"https:\/\/lotsarnastockholm.se\/wp-content\/uploads\/2022\/12\/attachment1670100340352-1-1024x894.jpg\" alt=\"\" class=\"wp-image-4012\" srcset=\"https:\/\/lotsarnastockholm.se\/wp-content\/uploads\/2022\/12\/attachment1670100340352-1-1024x894.jpg 1024w, https:\/\/lotsarnastockholm.se\/wp-content\/uploads\/2022\/12\/attachment1670100340352-1-300x262.jpg 300w, https:\/\/lotsarnastockholm.se\/wp-content\/uploads\/2022\/12\/attachment1670100340352-1-768x670.jpg 768w, https:\/\/lotsarnastockholm.se\/wp-content\/uploads\/2022\/12\/attachment1670100340352-1.jpg 1535w\" sizes=\"(max-width: 1024px) 100vw, 1024px\" \/><\/a><figcaption class=\"wp-element-caption\">Den sk T-bryggan d\u00e4r Nelsonb\u00e5ten 572 och Sm\u00f6gens tr\u00e4kutter l\u00e5g efter 1969 \u00e5rs nedl\u00e4ggning. Foto: M\u00e5rten Smith<\/figcaption><\/figure>\n\n\n\n<figure class=\"wp-block-image size-large\"><img decoding=\"async\" src=\"https:\/\/lotsarnastockholm.se\/wp-content\/uploads\/2021\/10\/tjb-497-komp-2.jpg\" alt=\"\"\/><figcaption class=\"wp-element-caption\"><a href=\"https:\/\/lotsarnastockholm.se\/index.php\/snabbatarna\/\" data-type=\"URL\" data-id=\"https:\/\/lotsarnastockholm.se\/index.php\/snabbatarna\/\">Nelsonb\u00e5t byggd p\u00e5 Watercraft Ltd.<\/a><\/figcaption><\/figure>\n\n\n\n<figure class=\"wp-block-image size-large\"><a href=\"https:\/\/lotsarnastockholm.se\/wp-content\/uploads\/2022\/12\/IMG_20221203_202422.jpg\"><img decoding=\"async\" width=\"1024\" height=\"768\" src=\"https:\/\/lotsarnastockholm.se\/wp-content\/uploads\/2022\/12\/IMG_20221203_202422-1024x768.jpg\" alt=\"\" class=\"wp-image-4005\" srcset=\"https:\/\/lotsarnastockholm.se\/wp-content\/uploads\/2022\/12\/IMG_20221203_202422-1024x768.jpg 1024w, https:\/\/lotsarnastockholm.se\/wp-content\/uploads\/2022\/12\/IMG_20221203_202422-300x225.jpg 300w, https:\/\/lotsarnastockholm.se\/wp-content\/uploads\/2022\/12\/IMG_20221203_202422-768x576.jpg 768w, https:\/\/lotsarnastockholm.se\/wp-content\/uploads\/2022\/12\/IMG_20221203_202422-1536x1152.jpg 1536w, https:\/\/lotsarnastockholm.se\/wp-content\/uploads\/2022\/12\/IMG_20221203_202422-1568x1176.jpg 1568w, https:\/\/lotsarnastockholm.se\/wp-content\/uploads\/2022\/12\/IMG_20221203_202422.jpg 2048w\" sizes=\"(max-width: 1024px) 100vw, 1024px\" \/><\/a><figcaption class=\"wp-element-caption\">Gamla lotsutkiken. Foto: M\u00e5rten Smith<\/figcaption><\/figure>\n\n\n\n<p>Lysekils lotsplats inr\u00e4ttad tidigt 1700 tal, flyttad till Brofjorden (Fiskeb\u00e4cksvik) 1974<\/p>\n\n\n\n<p>1729 Fanns det 4 lotsar och 2 lotsl\u00e4rlingar<\/p>\n\n\n\n<p>Enligt rulla 1729 var lotsarna:<br>Rasmus B\u00f6rjesson, Jean(Realf?) Jacobsson, Clemens Christensson och Hinrich Hinrichsson<\/p>\n\n\n\n<p>Ur rulla 1736:<br>Lots\u00e5lderman Lars Andersson<br>Lots Rasmus B\u00f6rgesson i tj 1712<br>lots Realf Jacobsson i tj 1720<br>lots Clement Christensson i tj 1730<br>lots Hindrich Hindrichsson I tj 1730<br>Lotsdr\u00e4ng Oluf Rasmusson<br>Lotsl\u00e4rling Jacob Realfsson<\/p>\n\n\n\n<p>Enligt rulla 1744 Fanns det 4 lotsar och 4 lotsdr\u00e4ngar \u00e5 platsen:<br>Lotsar: Jacob Realfsson, Oluf Rasmusson, Clement Christensson, Lars Andersson<br>Lotsdr\u00e4ngar: Oluf Hindrichsson, Oluf Christensson, Anders Larsson, B\u00f6rje Rasmusson<\/p>\n\n\n\n<p><strong>Ur Reglemente f\u00f6r Lotsverket 1799<\/strong>:<\/p>\n\n\n\n<p>Under lotsuppsyningsman f\u00f6r Marstrands f\u00f6rdelning lyder Lysekils Lotsplats: 1 ord lots, 1 utl\u00e4rd ord lotsdr\u00e4ng, 1 utl\u00e4rd reservlotsdr\u00e4ng och 1 lotsl\u00e4rling<br>Lotsplatsen lyder under lots\u00e5ldermannen i Kungshamn. Lotsomr\u00e5det: Lotsarna uppassa vid Lysekil utlotsa till sj\u00f6ss dessutom till Gullholmen, till Kungshamn eller Sm\u00f6gen \u00e4ven till Salth\u00e4llan eller Saltkil och d\u00e4rifr\u00e5n en\u00e4r s\u00e5 p\u00e5fordras.<\/p>\n\n\n\n<p>Nedanst\u00e5ende ur \u201d<strong>Om lotsv\u00e4sendets tillst\u00e5nd vid V\u00e4stkusten i b\u00f6rjan av 1800-talet. Ett bet\u00e4nkande av Nathanael Gerhard Schult\u00e9n\u201d<\/strong><br><em>\u201dLysekils lotsplats \u00e4r illa vald. En halvmil d\u00e4rutanf\u00f6r ligger en stor holme kallad Flatholmen som nu nyttjas av G\u00e5s\u00f6 boarna ehuru mycket avl\u00e4gset ifr\u00e5n dem. Denna \u00f6 \u00e4r av naturen \u00e4mnad till Lotsplats. Inomsk\u00e4rsleden stryker t\u00e4tt utmed den och b\u00e5de norr och s\u00f6der om l\u00f6per tv\u00e5 raka och djupa inlopp ifr\u00e5n havet till Gr\u00f6t\u00f6 redd, Gullmarn, Uddevallas norra inlopp, Lysekils och Korn\u00f6 hamnar.<br>Vid v\u00e4stlig storm d\u00e5 ingen b\u00e5t kan komma ut fr\u00e5n Lysekil kan en inbyggare p\u00e5 Flatholmen komma ut, han har fri utsikt till sj\u00f6ss och \u00e4r en halv mil n\u00e4rmare havsbandet \u00e4n lotsen nu har.<br>P\u00e5 \u00f6n finnes tv\u00e5 goda b\u00e5thamnar litet mulbete och friskt vatten. Nuvarande lotsen i Lysekil Matts \u00c5sberg, en f\u00f6rst\u00e5ndig och nykter Blekingsbo synes ej missn\u00f6jd med detta ombyte och hans redan fullv\u00e4xta son som k\u00e4nner farlederna lika v\u00e4l som fadern, \u00e4r en rekryt att r\u00e4kna med n\u00e4r fadern \u00e5ldras eller faller undan.<br>Ingen lots kan likv\u00e4l flytta dit och ta sig fram d\u00e4r som ej f\u00e5r disponera det lilla landet s\u00e5 l\u00e4nge han f\u00f6rest\u00e5r sysslan.\u201d<\/em><\/p>\n\n\n\n<p>Ur rulla 1817:<br>Ord Lots M. \u00c5sberg<br>Ord lotsdr\u00e4ng O. \u00c5sberg<br>Lotsl\u00e4rling J. Andersson<\/p>\n\n\n\n<p>Ur 1820 \u00e5rs f\u00f6rteckning: Flatholmen eller Lysekil: Till Uddevalla, Gullholmen, H\u00e5ll\u00f6 eller Sm\u00f6gen och Kungshamn Stumpeskagen, Saltk\u00e4llan sj\u00f6ss eller fr\u00e5n sj\u00f6n<\/p>\n\n\n\n<p>Enligt reglemente och F\u00f6rordning 1863: Lotsomr\u00e5de Fr\u00e5n Lysekil till Uddevalla respektive Kyrkesund, Kungshamn eller H\u00e5ll\u00f6, Stumpeskagen, Salth\u00e4llan till sj\u00f6ss eller fr\u00e5n sj\u00f6n.<\/p>\n\n\n\n<p>1875 byggdes nytt uppassningshus ist\u00e4llet f\u00f6r kasserat<\/p>\n\n\n\n<p>1881 ny tj\u00e4nsteb\u00e5t<\/p>\n\n\n\n<p>1884 \u00c5tal mot kronolots Fritz H\u00f6rman f\u00f6r grundst\u00f6tning med S\/S STARKODS \u00e5 kalvensb\u00e5de den 8 febr. B\u00f6ter 50 kr<\/p>\n\n\n\n<p>1896 Byggdes nytt uppassningshus<\/p>\n\n\n\n<p>1920 B\u00e5tbest\u00e5ndet:<br>1 d\u00e4ckad kutter, byggd 1905, ek, kravell, 12&#215;4.65, 10 hk Skandia<br>1 motorb\u00e5t, byggd 1913, ek\/bok, klink, 7.4&#215;2.4 6 hk Skandia<br>1 roddb\u00e5t byggd, 1910, ek\/furu, klink 4.3&#215;1.9<\/p>\n\n\n\n<p>1925 den 19 januari: F\u00f6r visat mod och r\u00e5dighet vid r\u00e4ddning av skeppsbrutna fr\u00e5n det i Troense i Danmark hemmah\u00f6rande skonerten MERKUR har lotsstyrelsen tilldelat penning bel\u00f6ning \u00e5 100 kr \u00e5t f\u00f6ljande personer, n\u00e4mligen lotsarna vid Lysekils lotsplats HA Lundin och CR Montheli samt bes\u00e4ttningsmannen \u00e5 tullkryssaren TV13 A Bj\u00f6rnstr\u00f6m. Samtliga fick dessutom silverb\u00e4gare med inskription av danske kungen.<\/p>\n\n\n\n<p>1926 23 januari: Vid avl\u00e4mnande av lots \u00e5t S\/S JOHN BLUMER har lotsstyrelsen tilldelat bel\u00f6ning \u00e5t f\u00f6ljande personer vid Lysekils lotsplats, n\u00e4mligen 50 kr \u00e5t lotsen CH Stahre samt 40 kr \u00e5t var och en av m\u00e4sterlots CA Holmberg, lotsen HA Lundin och lotsl\u00e4rlingen AJ Andersson<\/p>\n\n\n\n<p>1928 Byggdes nytt lotsuppassningshus<\/p>\n\n\n\n<p>1941 Lysekils lotsplats fick 1941 en kutter byggd vid Ringens b\u00e5tvarv i Marstrand helt av ek med ruff och d\u00e4ck av Oregon Pine samt styrhytt och ruffsarg av mahogany. L=13,5 Bredd= 5 m djg 2,5 m . Skandia verken i Lysekil levererade motorn en tv\u00e5 cylindrig Super Skandia om 85 hkr, fart 9 knop<\/p>\n\n\n\n<p>1952: Kungliga Lotsstyrelsen beslutade att till f\u00f6ljande bef\u00e4lhavarna vid Lysekils lotsplats n\u00e4mligen lotsf\u00f6rman A.V.E. Stranne, lotsen M.E.H. Kyhlberg och tillf\u00e4lliga bitr\u00e4det KG. Karlsson \u00f6verl\u00e4mna skriftliga erk\u00e4nnanden f\u00f6r visat mod och \u00e5dagalagd r\u00e5dighet vid b\u00e4rgning av tyska motorfartyget GRETCHEN VOLLMERS den 14 juli 1952<\/p>\n\n\n\n<h3 class=\"wp-block-heading\"> Brofjorden\/ Fiskeb\u00e4cksvik<\/h3>\n\n\n\n<figure class=\"wp-block-image size-large\"><a href=\"https:\/\/lotsarnastockholm.se\/wp-content\/uploads\/2024\/01\/Lysekils-LS.jpg\"><img loading=\"lazy\" decoding=\"async\" width=\"1024\" height=\"768\" src=\"https:\/\/lotsarnastockholm.se\/wp-content\/uploads\/2024\/01\/Lysekils-LS-1024x768.jpg\" alt=\"\" class=\"wp-image-6496\" srcset=\"https:\/\/lotsarnastockholm.se\/wp-content\/uploads\/2024\/01\/Lysekils-LS-1024x768.jpg 1024w, https:\/\/lotsarnastockholm.se\/wp-content\/uploads\/2024\/01\/Lysekils-LS-300x225.jpg 300w, https:\/\/lotsarnastockholm.se\/wp-content\/uploads\/2024\/01\/Lysekils-LS-768x576.jpg 768w, https:\/\/lotsarnastockholm.se\/wp-content\/uploads\/2024\/01\/Lysekils-LS-1536x1152.jpg 1536w, https:\/\/lotsarnastockholm.se\/wp-content\/uploads\/2024\/01\/Lysekils-LS-1568x1176.jpg 1568w, https:\/\/lotsarnastockholm.se\/wp-content\/uploads\/2024\/01\/Lysekils-LS.jpg 2048w\" sizes=\"(max-width: 1024px) 100vw, 1024px\" \/><\/a><\/figure>\n\n\n\n<p>Samtidigt som Raffinaderiet byggdes \u00e4ven en lotsplats i n\u00e4rliggande Fiskeb\u00e4cksvik dit lotsplatsen i Lysekil flyttade 1974.<br>\u00c5r 1968 ville Oljekonsumenternas f\u00f6rbund (OK) bygga ett nytt raffinaderi p\u00e5 den svenska v\u00e4stkusten. Statens planverk anlitades f\u00f6r att utreda konsekvenserna och f\u00f6resl\u00e5 l\u00e4mpliga placeringar. Tio f\u00f6rslag l\u00e4mnades, bland annat V\u00e4r\u00f6halv\u00f6n, Hisingen och Kode. Valet f\u00f6ll emellertid p\u00e5 Brofjorden, strax norr om Lysekil. Anledningen att raffinaderiet placerades just d\u00e4r \u00e4r fr\u00e4mst att fjorden \u00e4r bred och djup, och d\u00e4rmed kan hamnen ta emot r\u00e5oljetankers p\u00e5 uppemot 500 000 ton (drygt 300 meter l\u00e5nga).<\/p>\n\n\n\n<p>\u00c5r 1970 fick OK klartecken av regeringen och \u00e5ret d\u00e4rp\u00e5 p\u00e5b\u00f6rjades byggandet av vad som fick namnet Skandinaviska Raffinaderi AB eller Scanraff som det kom att kallas. <\/p>\n\n\n\n<p>Den 29 maj 1975 invigdes raffinaderiet.  Raffinaderiet bytte namn till Preemraff Lysekil \u00e5r 2003 i samband med att Preem k\u00f6pte hela raffinaderiet.<\/p>\n\n\n\n<p>Lotsarna och b\u00e5tm\u00e4n vid Lysekils lotsplats<\/p>\n\n\n\n<figure class=\"wp-block-table alignwide\"><table class=\"has-fixed-layout\"><tbody><tr><td><strong>Efternamn<\/strong><\/td><td><strong>F\u00f6rnamn<\/strong><\/td><td><strong>F\u00f6dd<\/strong><\/td><td><strong>I Staten<\/strong><\/td><td><strong>B\u00e5tman<\/strong><\/td><td><strong>Lpl 1<\/strong><\/td><td><strong>\u00d6vriga Lpl<\/strong><\/td><\/tr><tr><td>Christensson<\/td><td>Oluf<\/td><td><\/td><td><\/td><td><\/td><td>Lysekil<\/td><td><\/td><\/tr><tr><td>Andersson<\/td><td>J<\/td><td><\/td><td><\/td><td><\/td><td>Lysekil<\/td><td><\/td><\/tr><tr><td>Hindrichsson<\/td><td>Oluf<\/td><td><\/td><td><\/td><td><\/td><td>Lysekil<\/td><td>Uddevalla<\/td><\/tr><tr><td>Larsson<\/td><td>Anders<\/td><td><\/td><td><\/td><td><\/td><td>Lysekil<\/td><td><\/td><\/tr><tr><td>Rasmusson<\/td><td>B\u00f6rje<\/td><td><\/td><td><\/td><td><\/td><td>Lysekil<\/td><td><\/td><\/tr><tr><td>Rasmusson<\/td><td>Oluf<\/td><td><\/td><td><\/td><td><\/td><td>Lysekil<\/td><td><\/td><\/tr><tr><td>Realfsson<\/td><td>Jacob<\/td><td><\/td><td><\/td><td><\/td><td>Lysekil<\/td><td><\/td><\/tr><tr><td>\u00c5sberg<\/td><td>O<\/td><td><\/td><td><\/td><td><\/td><td>Lysekil<\/td><td><\/td><\/tr><tr><td>\u00c5sberg<\/td><td>Matts<\/td><td><\/td><td><\/td><td><\/td><td>Lysekil<\/td><td><\/td><\/tr><tr><td>Andersson<\/td><td>Lars<\/td><td><\/td><td>1700<\/td><td><\/td><td>Lysekil<\/td><td><\/td><\/tr><tr><td>Nilsson<\/td><td>Peter<\/td><td><\/td><td>1700<\/td><td><\/td><td>Lysekil<\/td><td><\/td><\/tr><tr><td>B\u00f6rgesson<\/td><td>Rasmus<\/td><td><\/td><td>1712<\/td><td><\/td><td>Lysekil<\/td><td><\/td><\/tr><tr><td>Jacobsson<\/td><td>Realf<\/td><td><\/td><td>1720<\/td><td><\/td><td>Lysekil<\/td><td><\/td><\/tr><tr><td>Christensson<\/td><td>Clement<\/td><td><\/td><td>1730<\/td><td><\/td><td>Lysekil<\/td><td><\/td><\/tr><tr><td>Hindrichsson<\/td><td>Hindrich<\/td><td><\/td><td>1730<\/td><td><\/td><td>Lysekil<\/td><td><\/td><\/tr><tr><td>Lycke<\/td><td>Carl<\/td><td>1831<\/td><td>1866<\/td><td><\/td><td>Lysekil<\/td><td><\/td><\/tr><tr><td>H\u00f6rman<\/td><td>Napoleon<\/td><td>1849<\/td><td>1870<\/td><td><\/td><td>Lysekil<\/td><td><\/td><\/tr><tr><td>H\u00f6rman<\/td><td>Emilius<\/td><td>1846<\/td><td>1871<\/td><td><\/td><td>Lysekil<\/td><td><\/td><\/tr><tr><td>H\u00f6rman<\/td><td>Johan<\/td><td>1857<\/td><td>1875<\/td><td><\/td><td>Lysekil<\/td><td><\/td><\/tr><tr><td>Larsson<\/td><td>Carl<\/td><td>1858<\/td><td>1875<\/td><td><\/td><td>Sm\u00f6gen<\/td><td>Lysekil\/Kungshamn<\/td><\/tr><tr><td>Johansson<\/td><td>Johan<\/td><td>1856<\/td><td>1876<\/td><td><\/td><td>Lysekil<\/td><td><\/td><\/tr><tr><td>Carlstr\u00f6m<\/td><td>Johan<\/td><td>1856<\/td><td>1878<\/td><td><\/td><td>Lysekil<\/td><td><\/td><\/tr><tr><td>Wallin<\/td><td>Gustaf<\/td><td>1865<\/td><td>1888<\/td><td><\/td><td>Lysekil<\/td><td><\/td><\/tr><tr><td>Halvardsson<\/td><td>Mauritz<\/td><td>1873<\/td><td>1892<\/td><td><\/td><td>Lysekil<\/td><td><\/td><\/tr><tr><td>Ljungberg<\/td><td>Johan<\/td><td>1873<\/td><td>1894<\/td><td><\/td><td>Gullholmen<\/td><td>Lysekil<\/td><\/tr><tr><td>Lundin<\/td><td>Hjalmar<\/td><td>1875<\/td><td>1896<\/td><td><\/td><td>Lysekil<\/td><td><\/td><\/tr><tr><td>Englund<\/td><td>Gustaf<\/td><td>1881<\/td><td>1898<\/td><td><\/td><td>Nordkoster<\/td><td>Lysekil<\/td><\/tr><tr><td>Stahre<\/td><td>Carl<\/td><td>1875<\/td><td>1899<\/td><td><\/td><td>Str\u00f6mstad<\/td><td>Lysekil<\/td><\/tr><tr><td>Holmberg<\/td><td>Carl<\/td><td>1880<\/td><td>1902<\/td><td><\/td><td>Gullholmen<\/td><td>Lysekil<\/td><\/tr><tr><td>Ehrlander<\/td><td>Patrik<\/td><td>1875<\/td><td>1905<\/td><td><\/td><td>Lysekil<\/td><td><\/td><\/tr><tr><td>Linding<\/td><td>John<\/td><td>1882<\/td><td>1905<\/td><td><\/td><td>Lysekil<\/td><td><\/td><\/tr><tr><td>\u00c5hlman<\/td><td>Hans<\/td><td>1884<\/td><td>1908<\/td><td><\/td><td>Lysekil<\/td><td><\/td><\/tr><tr><td>Montheli<\/td><td>Ernst<\/td><td>1888<\/td><td>1909<\/td><td><\/td><td>Lysekil<\/td><td><\/td><\/tr><tr><td>Bergstr\u00f6m<\/td><td>Olof<\/td><td>1890<\/td><td>1910<\/td><td><\/td><td>Lysekil<\/td><td><\/td><\/tr><tr><td>Hansson<\/td><td>Erik<\/td><td>1886<\/td><td>1910<\/td><td><\/td><td>Lysekil<\/td><td><\/td><\/tr><tr><td>Carlstr\u00f6m<\/td><td>Hugo<\/td><td>1890<\/td><td>1918<\/td><td><\/td><td>Lysekil<\/td><td><\/td><\/tr><tr><td>H\u00e4ttander<\/td><td>John<\/td><td>1900<\/td><td>1918<\/td><td><\/td><td>Lysekil<\/td><td>Marstrand<\/td><\/tr><tr><td>Karlstr\u00f6m<\/td><td>Hugo<\/td><td>1890<\/td><td>1918<\/td><td><\/td><td>Lysekil<\/td><td><\/td><\/tr><tr><td>\u00d6sterberg<\/td><td>Knut<\/td><td>1901<\/td><td>1922<\/td><td><\/td><td>Lysekil<\/td><td><\/td><\/tr><tr><td>Andersson<\/td><td>Anders<\/td><td>1900<\/td><td>1923<\/td><td><\/td><td>Lysekil<\/td><td><\/td><\/tr><tr><td>Vestergren<\/td><td>\u00d6sten<\/td><td>1905<\/td><td>1923<\/td><td><\/td><td>Lysekil<\/td><td><\/td><\/tr><tr><td>Fj\u00e4llman<\/td><td>Oskar<\/td><td>1909<\/td><td>1925<\/td><td><\/td><td>Burgsvik<\/td><td>Lysekil\/Jern\u00e4s<\/td><\/tr><tr><td>Stranne<\/td><td>Arne<\/td><td>1906<\/td><td>1925<\/td><td><\/td><td>Sm\u00f6gen<\/td><td>Lysekil<\/td><\/tr><tr><td>Larsson<\/td><td>Per<\/td><td>1919<\/td><td>1939<\/td><td><\/td><td>Sm\u00f6gen<\/td><td>Lysekil<\/td><\/tr><tr><td>Kyhlberg<\/td><td>Martin<\/td><td>1910<\/td><td>1940<\/td><td><\/td><td>Sm\u00f6gen<\/td><td>Lysekil<\/td><\/tr><tr><td>Andersson<\/td><td>Anders<\/td><td>1920<\/td><td>1944<\/td><td><\/td><td>Lysekil<\/td><td>Uddevalla<\/td><\/tr><tr><td>Bagge<\/td><td>August<\/td><td>1909<\/td><td>1944<\/td><td><\/td><td>K\u00e4ring\u00f6<\/td><td>Falkenberg\/Lysekil<\/td><\/tr><tr><td>Kyhlberg<\/td><td>Bror<\/td><td>1915<\/td><td>1945<\/td><td><\/td><td>Havstenssund<\/td><td>Sm\u00f6gen\/Lysekil<\/td><\/tr><tr><td>Dahlstr\u00f6m<\/td><td>John<\/td><td>1914<\/td><td>1946<\/td><td><\/td><td>Lysekil<\/td><td><\/td><\/tr><tr><td>Ekstr\u00f6m<\/td><td>Lennart<\/td><td>1930<\/td><td>1948<\/td><td>1961-03-01<\/td><td>G\u00f6teborg<\/td><td>Lysekil<\/td><\/tr><tr><td>Karlsson<\/td><td>Karl-Gustav<\/td><td>1930<\/td><td>1948<\/td><td>1953-01-01<\/td><td>Lysekil<\/td><td><\/td><\/tr><tr><td>Larsson<\/td><td>B\u00f6rje<\/td><td>1923<\/td><td>1949<\/td><td><\/td><td>Sm\u00f6gen<\/td><td>Lysekil<\/td><\/tr><tr><td>Pettersson<\/td><td>Stig<\/td><td>1926<\/td><td>1949<\/td><td><\/td><td>Lysekil<\/td><td><\/td><\/tr><tr><td>Karld\u00e9n<\/td><td>John<\/td><td>1919<\/td><td>1950<\/td><td><\/td><td>V\u00e4der\u00f6arna<\/td><td>Marstrand\/Lysekil<\/td><\/tr><tr><td>Persson<\/td><td>Knut<\/td><td>1917<\/td><td>1950<\/td><td>1952-08-01<\/td><td>Sm\u00f6gen<\/td><td>Lysekil<\/td><\/tr><tr><td>Aronsson<\/td><td>Alf<\/td><td>1931<\/td><td>1951<\/td><td><\/td><td>V\u00e4der\u00f6arna<\/td><td>Nordkoster\/Lysekil<\/td><\/tr><tr><td>Br\u00e4ck<\/td><td>Sylve<\/td><td>1930<\/td><td>1951<\/td><td>1952-08-01<\/td><td>V\u00e4der\u00f6arna<\/td><td>Lysekil<\/td><\/tr><tr><td>Bredin<\/td><td>Frank<\/td><td>1922<\/td><td>1952<\/td><td>1952-08-01<\/td><td>Sm\u00f6gen<\/td><td>Lysekil<\/td><\/tr><tr><td>Pettersson<\/td><td>Carl<\/td><td>1929<\/td><td>1953<\/td><td><\/td><td>Lysekil<\/td><td>Marstrand\/Uddevalla<\/td><\/tr><tr><td>Grundberg<\/td><td>Lars<\/td><td>1935<\/td><td>1955<\/td><td><\/td><td>Lysekil<\/td><td><\/td><\/tr><tr><td>Svensson<\/td><td>Roland<\/td><td>1930<\/td><td>1955<\/td><td><\/td><td>Svartklubben<\/td><td>Lysekil<\/td><\/tr><tr><td>Bagge<\/td><td>Bengt<\/td><td>1932<\/td><td>1957<\/td><td><\/td><td>Lysekil<\/td><td>Marstrand<\/td><\/tr><tr><td>Harrisson<\/td><td>G\u00f6ran<\/td><td>1943<\/td><td>1959<\/td><td>1975-06-30<\/td><td>Lysekil<\/td><td><\/td><\/tr><tr><td>Ledelius<\/td><td>Lars<\/td><td>1932<\/td><td>1961<\/td><td><\/td><td>K\u00f6ping<\/td><td>S\u00f6dert\u00e4lje\/Lysekil<\/td><\/tr><tr><td>Andersson<\/td><td>Bengt<\/td><td>1937<\/td><td>1963<\/td><td>1967-01-01<\/td><td>Sm\u00f6gen<\/td><td>Lysekil<\/td><\/tr><tr><td>J\u00f6nsson<\/td><td>Inge<\/td><td>1939<\/td><td>1967<\/td><td>1971-07-01<\/td><td>Lysekil<\/td><td><\/td><\/tr><tr><td>Isaksson<\/td><td>Sven<\/td><td>1919<\/td><td>1968<\/td><td><\/td><td>Lysekil<\/td><td><\/td><\/tr><tr><td>Johnsson<\/td><td>Hans<\/td><td>1951<\/td><td>1971<\/td><td>1975-01-01<\/td><td>Lysekil<\/td><td><\/td><\/tr><tr><td>Smith<\/td><td>M\u00e5rten<\/td><td>1944<\/td><td>1971<\/td><td>1971-03-16<\/td><td>Landsort<\/td><td>Lysekil<\/td><\/tr><tr><td>Kajrud<\/td><td>Bertil<\/td><td>1931<\/td><td>1972<\/td><td>1975-01-01<\/td><td>Lysekil<\/td><td><\/td><\/tr><tr><td>Nilsson<\/td><td>Bengt<\/td><td>1942<\/td><td>1972<\/td><td><\/td><td>Lysekil<\/td><td><\/td><\/tr><tr><td>Jansson<\/td><td>Gunnar<\/td><td>1938<\/td><td>1974<\/td><td><\/td><td>Lysekil<\/td><td><\/td><\/tr><tr><td>Ekstr\u00f6m<\/td><td>Claes<\/td><td>1957<\/td><td>1975<\/td><td>1976-02-01<\/td><td>Lysekil<\/td><td><\/td><\/tr><tr><td>Engblom<\/td><td>Stig<\/td><td>1934<\/td><td>1975<\/td><td>1978-07-01<\/td><td>Lysekil<\/td><td><\/td><\/tr><tr><td>Hassl\u00f6f<\/td><td>Ove<\/td><td>1938<\/td><td>1975<\/td><td>1975-06-30<\/td><td>Lysekil<\/td><td><\/td><\/tr><tr><td>Karlsson<\/td><td>Bjarne<\/td><td>1933<\/td><td>1977<\/td><td>1980-07-01<\/td><td>Lysekil<\/td><td><\/td><\/tr><tr><td>Hertz<\/td><td>Kjell<\/td><td>1943<\/td><td>1979<\/td><td><\/td><td>Lysekil<\/td><td><\/td><\/tr><tr><td>Karlsson<\/td><td>Keith<\/td><td>1955<\/td><td>1979<\/td><td>1979-07-23<\/td><td>Lysekil<\/td><td><\/td><\/tr><tr><td>Sj\u00f6lin<\/td><td>Lars<\/td><td>1943<\/td><td>1979<\/td><td><\/td><td>Lysekil<\/td><td><\/td><\/tr><tr><td>Br\u00e4ck<\/td><td>Anders<\/td><td>1959<\/td><td>1983<\/td><td>1983-03-01<\/td><td>Lysekil<\/td><td><\/td><\/tr><tr><td>Ros\u00e9n<\/td><td>Arne<\/td><td>1942<\/td><td>1984<\/td><td><\/td><td>Lysekil<\/td><td><\/td><\/tr><tr><td>Br\u00fcgge<\/td><td>Jan<\/td><td>1948<\/td><td>1986<\/td><td><\/td><td>Lysekil<\/td><td><\/td><\/tr><tr><td>Stahre<\/td><td>Roger<\/td><td>1956<\/td><td>1987<\/td><td>1987-09-28<\/td><td>Lysekil<\/td><td><\/td><\/tr><tr><td>Blomgren<\/td><td>Lars<\/td><td>1950<\/td><td>1988<\/td><td><\/td><td>Lysekil<\/td><td><\/td><\/tr><tr><td>Cederstr\u00f6m<\/td><td>Stefan<\/td><td>1946<\/td><td>1988<\/td><td>1988-07-11<\/td><td>Lysekil<\/td><td><\/td><\/tr><tr><td>Johansson<\/td><td>Anders<\/td><td>1963<\/td><td>1988<\/td><td>1988-07-25<\/td><td>Lysekil<\/td><td><\/td><\/tr><\/tbody><\/table><\/figure>\n","protected":false},"excerpt":{"rendered":"<p>LYSEKIL 58\u00b0 16.142&#8242; N 11\u00b0 26.070&#8242; EFISKEB\u00c4CKSVIK 58\u00b0 20.151&#8242; N 11\u00b0 24.278&#8242; EFLATHOLMEN 58\u00b0 15.720&#8242; N 11\u00b0 24.801&#8242; E Lysekils lotsplats inr\u00e4ttad tidigt 1700 tal, flyttad till Brofjorden (Fiskeb\u00e4cksvik) 1974 1729 Fanns det 4 lotsar och 2 lotsl\u00e4rlingar Enligt rulla 1729 var lotsarna:Rasmus B\u00f6rjesson, Jean(Realf?) Jacobsson, Clemens Christensson och Hinrich Hinrichsson Ur rulla 1736:Lots\u00e5lderman Lars&hellip; <a class=\"more-link\" href=\"https:\/\/lotsarnastockholm.se\/index.php\/lysekils-lotsplats\/\">Forts\u00e4tt l\u00e4sa <span class=\"screen-reader-text\">Lysekil\/ Flatholmen\/ Fiskeb\u00e4cksvik Lotsplats<\/span><\/a><\/p>\n","protected":false},"author":1,"featured_media":0,"parent":0,"menu_order":0,"comment_status":"closed","ping_status":"closed","template":"","meta":{"footnotes":""},"class_list":["post-3922","page","type-page","status-publish","hentry","entry"],"_links":{"self":[{"href":"https:\/\/lotsarnastockholm.se\/index.php\/wp-json\/wp\/v2\/pages\/3922","targetHints":{"allow":["GET"]}}],"collection":[{"href":"https:\/\/lotsarnastockholm.se\/index.php\/wp-json\/wp\/v2\/pages"}],"about":[{"href":"https:\/\/lotsarnastockholm.se\/index.php\/wp-json\/wp\/v2\/types\/page"}],"author":[{"embeddable":true,"href":"https:\/\/lotsarnastockholm.se\/index.php\/wp-json\/wp\/v2\/users\/1"}],"replies":[{"embeddable":true,"href":"https:\/\/lotsarnastockholm.se\/index.php\/wp-json\/wp\/v2\/comments?post=3922"}],"version-history":[{"count":16,"href":"https:\/\/lotsarnastockholm.se\/index.php\/wp-json\/wp\/v2\/pages\/3922\/revisions"}],"predecessor-version":[{"id":7765,"href":"https:\/\/lotsarnastockholm.se\/index.php\/wp-json\/wp\/v2\/pages\/3922\/revisions\/7765"}],"wp:attachment":[{"href":"https:\/\/lotsarnastockholm.se\/index.php\/wp-json\/wp\/v2\/media?parent=3922"}],"curies":[{"name":"wp","href":"https:\/\/api.w.org\/{rel}","templated":true}]}}