{"id":3814,"date":"2022-03-26T21:04:20","date_gmt":"2022-03-26T20:04:20","guid":{"rendered":"https:\/\/lotsarnastockholm.se\/?page_id=3814"},"modified":"2023-11-22T22:01:04","modified_gmt":"2023-11-22T21:01:04","slug":"roso-lotsplats","status":"publish","type":"page","link":"https:\/\/lotsarnastockholm.se\/index.php\/roso-lotsplats\/","title":{"rendered":"R\u00f6s\u00f6 Lotsplats"},"content":{"rendered":"\n<p class=\"has-text-align-center\"><a href=\"https:\/\/www.google.se\/maps\/place\/58%C2%B051'20.5%22N+11%C2%B010'20.2%22E\/@58.8556833,11.170078,17z\/data=!3m1!4b1!4m4!3m3!8m2!3d58.8556833!4d11.1722667\">58\u00b0 51.341&#8242; N 11\u00b0 10.336&#8242; E<\/a><\/p>\n\n\n\n<p>R\u00f6s\u00f6 Lotsplats (Nuvarande Ross\u00f6= d\u00e4r bor Fredrik Hotblack Karlsson)<\/p>\n\n\n\n<p>Tillkom som tillf\u00e4llig lotsplats 1897 och lades ner 31 dec&nbsp;1902. <br>Den 8 oktober 1902 i UFS notis \u201dDen \u00e5r 1897 vid R\u00f6s\u00f6 i norra delen av Bohusl\u00e4n tills vidare anordnade lotsplatsen skall med utg\u00e5ngen av innevarande \u00e5r indragas.\u201d<\/p>\n\n\n\n<p>Lotsningar<br>1898= 34<br>1899= 20<br>1900= 17<\/p>\n\n\n\n<p>Inga lotsar st\u00e5r att finna, troligen utgick de fr\u00e5n Koster\u00f6arna?<\/p>\n","protected":false},"excerpt":{"rendered":"<p>58\u00b0 51.341&#8242; N 11\u00b0 10.336&#8242; E R\u00f6s\u00f6 Lotsplats (Nuvarande Ross\u00f6= d\u00e4r bor Fredrik Hotblack Karlsson) Tillkom som tillf\u00e4llig lotsplats 1897 och lades ner 31 dec&nbsp;1902. Den 8 oktober 1902 i UFS notis \u201dDen \u00e5r 1897 vid R\u00f6s\u00f6 i norra delen av Bohusl\u00e4n tills vidare anordnade lotsplatsen skall med utg\u00e5ngen av innevarande \u00e5r indragas.\u201d Lotsningar1898= 341899=&hellip; <a class=\"more-link\" href=\"https:\/\/lotsarnastockholm.se\/index.php\/roso-lotsplats\/\">Forts\u00e4tt l\u00e4sa <span class=\"screen-reader-text\">R\u00f6s\u00f6 Lotsplats<\/span><\/a><\/p>\n","protected":false},"author":1,"featured_media":0,"parent":0,"menu_order":0,"comment_status":"closed","ping_status":"closed","template":"","meta":{"footnotes":""},"class_list":["post-3814","page","type-page","status-publish","hentry","entry"],"_links":{"self":[{"href":"https:\/\/lotsarnastockholm.se\/index.php\/wp-json\/wp\/v2\/pages\/3814","targetHints":{"allow":["GET"]}}],"collection":[{"href":"https:\/\/lotsarnastockholm.se\/index.php\/wp-json\/wp\/v2\/pages"}],"about":[{"href":"https:\/\/lotsarnastockholm.se\/index.php\/wp-json\/wp\/v2\/types\/page"}],"author":[{"embeddable":true,"href":"https:\/\/lotsarnastockholm.se\/index.php\/wp-json\/wp\/v2\/users\/1"}],"replies":[{"embeddable":true,"href":"https:\/\/lotsarnastockholm.se\/index.php\/wp-json\/wp\/v2\/comments?post=3814"}],"version-history":[{"count":5,"href":"https:\/\/lotsarnastockholm.se\/index.php\/wp-json\/wp\/v2\/pages\/3814\/revisions"}],"predecessor-version":[{"id":5931,"href":"https:\/\/lotsarnastockholm.se\/index.php\/wp-json\/wp\/v2\/pages\/3814\/revisions\/5931"}],"wp:attachment":[{"href":"https:\/\/lotsarnastockholm.se\/index.php\/wp-json\/wp\/v2\/media?parent=3814"}],"curies":[{"name":"wp","href":"https:\/\/api.w.org\/{rel}","templated":true}]}}