{"id":3767,"date":"2022-02-13T22:32:58","date_gmt":"2022-02-13T21:32:58","guid":{"rendered":"https:\/\/lotsarnastockholm.se\/?page_id=3767"},"modified":"2026-03-18T20:46:08","modified_gmt":"2026-03-18T19:46:08","slug":"stromstad-lotsplats","status":"publish","type":"page","link":"https:\/\/lotsarnastockholm.se\/index.php\/stromstad-lotsplats\/","title":{"rendered":"Str\u00f6mstad Lotsplats"},"content":{"rendered":"\n<p class=\"has-text-align-center\"><a href=\"https:\/\/www.google.se\/maps\/place\/58%C2%B056'12.2%22N+11%C2%B010'23.6%22E\/@58.9367167,11.171028,17z\/data=!3m1!4b1!4m4!3m3!8m2!3d58.9367167!4d11.1732167\">58\u00b0 56.203&#8242; N 11\u00b0 10.393&#8242; E<\/a><\/p>\n\n\n\n<figure class=\"wp-block-image size-full\"><a href=\"https:\/\/lotsarnastockholm.se\/wp-content\/uploads\/2022\/02\/IMG.jpg\"><img fetchpriority=\"high\" decoding=\"async\" width=\"842\" height=\"628\" src=\"https:\/\/lotsarnastockholm.se\/wp-content\/uploads\/2022\/02\/IMG.jpg\" alt=\"\" class=\"wp-image-3768\" srcset=\"https:\/\/lotsarnastockholm.se\/wp-content\/uploads\/2022\/02\/IMG.jpg 842w, https:\/\/lotsarnastockholm.se\/wp-content\/uploads\/2022\/02\/IMG-300x224.jpg 300w, https:\/\/lotsarnastockholm.se\/wp-content\/uploads\/2022\/02\/IMG-768x573.jpg 768w\" sizes=\"(max-width: 842px) 100vw, 842px\" \/><\/a><figcaption class=\"wp-element-caption\">Lotskuttern i Str\u00f6mstad<\/figcaption><\/figure>\n\n\n\n<p>Lotsplatsen etablerad ca 1680 n\u00e4mns f\u00f6rsta g\u00e5ngen 1728. Lades ned 1 aug 1950 d\u00e5 den uppgick i Nordkosters Lotsplats.<\/p>\n\n\n\n<p>Chefen f\u00f6r v\u00e4stra lotsdistriktet, C J Hierta, avs\u00e4nde till Kungl. F\u00f6rvaltningen f\u00f6r Sj\u00f6\u00e4renden en rapport den 22 juli 1807 \u00f6ver tillst\u00e5ndet inom lotsdistriktet:<\/p>\n\n\n\n<p><em>\u201dLotspersonalen utgjordes av \u00e5ldermannen Lars Olson Jesperdahl, 1 ordinarie lots, 2 ordinarie dr\u00e4ngar och 2 l\u00e4rlingar. De bodde dels i staden, dels s\u00e5som strandsittare p\u00e5 Moen och S\u00e4ll\u00e4ters torpst\u00e4lle under Nordkj\u00e4rs fr\u00e4lsehemman \u00bc mil fr\u00e5n staden.<\/em><\/p>\n\n\n\n<p><em>De senare hade k\u00e5lhage och kofoder f\u00f6r den handr\u00e4ckning de vid ledighet fr\u00e5n lotstj\u00e4nsten kunde g\u00f6ra. Alla voro i sin tj\u00e4nst oklanderliga men mycket fattiga. F\u00f6r att i m\u00f6jligaste m\u00e5n s\u00f6ka bringa lotsarna n\u00e5gon hj\u00e4lp i deras bel\u00e4genhet f\u00f6resl\u00e5r lotschefen, att \u00e5tskilliga kronoholmar i leden till Dynekilen mellan Nord- H\u00e4lls\u00f6 och fasta landet m\u00e5tte uppl\u00e5tas till lotsarna, som genom en s\u00e5dan \u00e5tg\u00e4rd skulle f\u00e5 uteslutande r\u00e4ttighet till fisket d\u00e4rst\u00e4des, vilket fiske \u00e5borna \u00e5 hemmanet Kongb\u00e4ck egenm\u00e4ktigt slagit under sig.<\/em><\/p>\n\n\n\n<p><strong><em>B\u00e5tar.<\/em><\/strong><em> \u00c5r 1796 fick denna station en gammal ekb\u00e5t av 8 alnars k\u00f6l, vilken p\u00e5 grund av l\u00e5ngvarigt liggande p\u00e5 land redan d\u00e5 var s\u00f6ndersprucken. Storsegel och stagfock f\u00f6ljde visserligen med b\u00e5ten och voro d\u00e5 v\u00e4l hela men av sk\u00f6rad duk, s\u00e5 att desamma \u00e5r 1800 blevo alldeles odugliga.<\/em><\/p>\n\n\n\n<p><em>Sedan hade lotsarna legt sig b\u00e5t av stadens folk, s\u00e5 l\u00e4nge de m\u00e4ktat med det, och m\u00e5nga g\u00e5nger har de f\u00e5tt l\u00e5nat b\u00e5t f\u00f6r intet. P\u00e5 grund av minskad beredvillighet att till lotsarna utl\u00e5na b\u00e5tar och lotsarnas tilltagande fattigdom, anh\u00e5ller lotschefen att kronan m\u00e5tte till lotsarna \u00f6verl\u00e4mna l\u00e4mplig b\u00e5t med segel och annat tillbeh\u00f6r. En s\u00e5dan b\u00e5t med segel och annat tillbeh\u00f6r ber\u00e4knas kosta 50 \u00e0 60 riksdaler riksg\u00e4ld. Upplysningsvis meddelas att denna lotsplats inte fick n\u00e5gon ek vid 1796 \u00e5rs utsyning.\u201d<\/em><\/p>\n\n\n\n<p>Under viss del under andra v\u00e4rldskriget l\u00e5g Grisb\u00e5darnas f.d. fyrskepp utplacerad strax norr om Str\u00f6mstad s\u00e5som flytande lotsstation f\u00f6r de fartyg som p\u00e5 in eller utg\u00e5ende i den svenska sk\u00e4rg\u00e5rden s\u00f6ker den relativa tryggheten i de skyddade inomsk\u00e4rslederna.<\/p>\n\n\n\n<p>Fyrskeppet Grisb\u00e5darna lades ut 1900 och indrogs i oktober 1929 d\u00e5 det utbyttes mot en ljud- och lysboj. I allm\u00e4nhet skiftades svensk och norsk lots vid fyrskeppet eftersom dessa fortsatte inom sina respektive omr\u00e5den.<\/p>\n\n\n\n<p>Lotsb\u00e5tsbest\u00e5nd: 1920<br>1 d\u00e4ckad kutter byggd 1904, ek, kravell, 9.4&#215;3.6, 8 hk Skandia<br>1 motorb\u00e5t, byggd 1905 furu, klink, 6.65&#215;2.15, 3 hk popul\u00e4r<br>2 roddb\u00e5tar byggd 1917<\/p>\n\n\n\n<p>Personal vid lotsplatsen 1729:<br>Lotsar: Bryniel Olsson, Olof Jonsson, Olof Svensson<\/p>\n\n\n\n<p>Lotsrulla 1736:<br>Lotsuppsyningsman Jacob Str\u00f6mdahl<br>Bryniel Olsson H\u00f6\u00f6k i tj\u00e4nst 1720<br>Oluf Jonsson 1720<br>Wettle Guttormsson 1730<\/p>\n\n\n\n<p>Lotsrulla 1744:<br>Lotsuppsyningsman Jacob Str\u00f6m<br>Lotsar Oluf J\u00f6nsson, Wettle Guttormsson, Anders Hansson<br>Lotsdr\u00e4ng: Johan Olufsson<\/p>\n\n\n\n<p>Ur lotsrulla 1817:<br>Lotsuppsyningsman JC Palin<br>Ord lots C Erson<br>Ord lotsdr\u00e4ng A Svensson och H Trulsson<br>Lotsl\u00e4rling A Trulsson och A S\u00f6rensson<\/p>\n\n\n\n<p>Lotsarna vid Str\u00f6mstad Lpl<\/p>\n\n\n\n<figure class=\"wp-block-table alignwide\"><table class=\"has-fixed-layout\"><tbody><tr><td><strong>Efternamn<\/strong><\/td><td><strong>F\u00f6rnamn<\/strong><\/td><td><strong>F\u00f6dd<\/strong><\/td><td><strong>I Staten<\/strong><\/td><td><strong>Lpl 1<\/strong><\/td><td><strong>Lpl 2<\/strong><\/td><td><strong>Lpl 3<\/strong><\/td><\/tr><tr><td>Erson<\/td><td>C<\/td><td><\/td><td><\/td><td>Str\u00f6mstad<\/td><td><\/td><td><\/td><\/tr><tr><td>Hansson<\/td><td>Anders<\/td><td><\/td><td><\/td><td>Str\u00f6mstad<\/td><td><\/td><td><\/td><\/tr><tr><td>Olufsson<\/td><td>Johan<\/td><td><\/td><td><\/td><td>Str\u00f6mstad<\/td><td><\/td><td><\/td><\/tr><tr><td>Palin<\/td><td>J<\/td><td><\/td><td><\/td><td>Str\u00f6mstad<\/td><td><\/td><td><\/td><\/tr><tr><td>Str\u00f6mdahl<\/td><td>Jacob<\/td><td><\/td><td><\/td><td>Str\u00f6mstad<\/td><td><\/td><td><\/td><\/tr><tr><td>Svensson<\/td><td>A<\/td><td><\/td><td><\/td><td>Str\u00f6mstad<\/td><td><\/td><td><\/td><\/tr><tr><td>Svensson<\/td><td>Olof<\/td><td><\/td><td><\/td><td>Str\u00f6mstad<\/td><td><\/td><td><\/td><\/tr><tr><td>S\u00f6rensson<\/td><td>A<\/td><td><\/td><td><\/td><td>Str\u00f6mstad<\/td><td><\/td><td><\/td><\/tr><tr><td>Trulsson<\/td><td>H<\/td><td><\/td><td><\/td><td>Str\u00f6mstad<\/td><td><\/td><td><\/td><\/tr><tr><td>Trulsson<\/td><td>A<\/td><td><\/td><td><\/td><td>Str\u00f6mstad<\/td><td><\/td><td><\/td><\/tr><tr><td>H\u00f6\u00f6k<\/td><td>Bryniel<\/td><td><\/td><td>1720<\/td><td>Str\u00f6mstad<\/td><td><\/td><td><\/td><\/tr><tr><td>Jonsson<\/td><td>Olof<\/td><td><\/td><td>1720<\/td><td>Str\u00f6mstad<\/td><td><\/td><td><\/td><\/tr><tr><td>Guttormsson<\/td><td>Wettle<\/td><td><\/td><td>1730<\/td><td>Str\u00f6mstad<\/td><td><\/td><td><\/td><\/tr><tr><td>Jesperdahl<\/td><td>Lars<\/td><td><\/td><td>1805<\/td><td>Str\u00f6mstad<\/td><td><\/td><td><\/td><\/tr><tr><td>Andreasson<\/td><td>Peter<\/td><td>1829<\/td><td>1859<\/td><td>Str\u00f6mstad<\/td><td><\/td><td><\/td><\/tr><tr><td>Henricsson<\/td><td>Julius<\/td><td>1844<\/td><td>1859<\/td><td>Nordkoster<\/td><td>Str\u00f6mstad<\/td><td><\/td><\/tr><tr><td>Forsberg<\/td><td>Julius<\/td><td>1853<\/td><td>1870<\/td><td>Str\u00f6mstad<\/td><td><\/td><td><\/td><\/tr><tr><td>Sylvander<\/td><td>Fredrik<\/td><td>1864<\/td><td>1892<\/td><td>Str\u00f6mstad<\/td><td><\/td><td><\/td><\/tr><tr><td>P\u00e5g<\/td><td>Anders<\/td><td>1870<\/td><td>1894<\/td><td>Str\u00f6mstad<\/td><td><\/td><td><\/td><\/tr><tr><td>Kylberg<\/td><td>Adolf<\/td><td>1873<\/td><td>1895<\/td><td>Sydkoster<\/td><td>Str\u00f6mstad<\/td><td><\/td><\/tr><tr><td>T\u00e4ng<\/td><td>Johan<\/td><td>1874<\/td><td>1895<\/td><td>Sydkoster<\/td><td>Str\u00f6mstad<\/td><td><\/td><\/tr><tr><td>\u00d6dman<\/td><td>Carl<\/td><td>1874<\/td><td>1896<\/td><td>Str\u00f6mstad<\/td><td><\/td><td><\/td><\/tr><tr><td>Backman<\/td><td>Carl<\/td><td>1876<\/td><td>1898<\/td><td>Str\u00f6mstad<\/td><td><\/td><td><\/td><\/tr><tr><td>Stahre<\/td><td>Carl<\/td><td>1875<\/td><td>1899<\/td><td>Str\u00f6mstad<\/td><td>Lysekil<\/td><td><\/td><\/tr><tr><td>T\u00e4ng<\/td><td>Carl<\/td><td>1882<\/td><td>1899<\/td><td>Str\u00f6mstad<\/td><td><\/td><td><\/td><\/tr><tr><td>Karld\u00e9n<\/td><td>Johan<\/td><td>1886<\/td><td>1910<\/td><td>Nordkoster<\/td><td>Dyng\u00f6<\/td><td>Str\u00f6mstad<\/td><\/tr><tr><td>Hermansson<\/td><td>Truls<\/td><td>1895<\/td><td>1917<\/td><td>Str\u00f6mstad<\/td><td><\/td><td><\/td><\/tr><tr><td>Sylvander<\/td><td>Henry<\/td><td>1897<\/td><td>1921<\/td><td>Str\u00f6mstad<\/td><td>Nordkoster<\/td><td><\/td><\/tr><tr><td>T\u00e4ng<\/td><td>Ivar<\/td><td>1907<\/td><td>1924<\/td><td>Str\u00f6mstad<\/td><td>Nordkoster<\/td><td><\/td><\/tr><tr><td>Zimmerman<\/td><td>Ivan<\/td><td>1909<\/td><td>1942<\/td><td>Havstenssund<\/td><td>Str\u00f6mstad<\/td><td>Marstrand<\/td><\/tr><tr><td>Antonsson<\/td><td>Henry<\/td><td>1923<\/td><td>1948<\/td><td>Vr\u00e5ng\u00f6<\/td><td>Str\u00f6mstad<\/td><td><\/td><\/tr><\/tbody><\/table><\/figure>\n","protected":false},"excerpt":{"rendered":"<p>58\u00b0 56.203&#8242; N 11\u00b0 10.393&#8242; E Lotsplatsen etablerad ca 1680 n\u00e4mns f\u00f6rsta g\u00e5ngen 1728. Lades ned 1 aug 1950 d\u00e5 den uppgick i Nordkosters Lotsplats. Chefen f\u00f6r v\u00e4stra lotsdistriktet, C J Hierta, avs\u00e4nde till Kungl. F\u00f6rvaltningen f\u00f6r Sj\u00f6\u00e4renden en rapport den 22 juli 1807 \u00f6ver tillst\u00e5ndet inom lotsdistriktet: \u201dLotspersonalen utgjordes av \u00e5ldermannen Lars Olson Jesperdahl,&hellip; <a class=\"more-link\" href=\"https:\/\/lotsarnastockholm.se\/index.php\/stromstad-lotsplats\/\">Forts\u00e4tt l\u00e4sa <span class=\"screen-reader-text\">Str\u00f6mstad Lotsplats<\/span><\/a><\/p>\n","protected":false},"author":1,"featured_media":0,"parent":0,"menu_order":0,"comment_status":"closed","ping_status":"closed","template":"","meta":{"footnotes":""},"class_list":["post-3767","page","type-page","status-publish","hentry","entry"],"_links":{"self":[{"href":"https:\/\/lotsarnastockholm.se\/index.php\/wp-json\/wp\/v2\/pages\/3767","targetHints":{"allow":["GET"]}}],"collection":[{"href":"https:\/\/lotsarnastockholm.se\/index.php\/wp-json\/wp\/v2\/pages"}],"about":[{"href":"https:\/\/lotsarnastockholm.se\/index.php\/wp-json\/wp\/v2\/types\/page"}],"author":[{"embeddable":true,"href":"https:\/\/lotsarnastockholm.se\/index.php\/wp-json\/wp\/v2\/users\/1"}],"replies":[{"embeddable":true,"href":"https:\/\/lotsarnastockholm.se\/index.php\/wp-json\/wp\/v2\/comments?post=3767"}],"version-history":[{"count":7,"href":"https:\/\/lotsarnastockholm.se\/index.php\/wp-json\/wp\/v2\/pages\/3767\/revisions"}],"predecessor-version":[{"id":7817,"href":"https:\/\/lotsarnastockholm.se\/index.php\/wp-json\/wp\/v2\/pages\/3767\/revisions\/7817"}],"wp:attachment":[{"href":"https:\/\/lotsarnastockholm.se\/index.php\/wp-json\/wp\/v2\/media?parent=3767"}],"curies":[{"name":"wp","href":"https:\/\/api.w.org\/{rel}","templated":true}]}}