{"id":3746,"date":"2022-02-11T23:03:19","date_gmt":"2022-02-11T22:03:19","guid":{"rendered":"https:\/\/lotsarnastockholm.se\/?page_id=3746"},"modified":"2022-02-11T23:17:42","modified_gmt":"2022-02-11T22:17:42","slug":"1667-ars-sjolag-2","status":"publish","type":"page","link":"https:\/\/lotsarnastockholm.se\/index.php\/1667-ars-sjolag-2\/","title":{"rendered":"1667 \u00e5rs Sj\u00f6Lag"},"content":{"rendered":"\n<figure class=\"wp-block-image size-large\"><a href=\"https:\/\/lotsarnastockholm.se\/wp-content\/uploads\/2022\/02\/1667-sjolag-ver-3.jpg\"><img fetchpriority=\"high\" decoding=\"async\" width=\"799\" height=\"1024\" src=\"https:\/\/lotsarnastockholm.se\/wp-content\/uploads\/2022\/02\/1667-sjolag-ver-3-799x1024.jpg\" alt=\"\" class=\"wp-image-3752\" srcset=\"https:\/\/lotsarnastockholm.se\/wp-content\/uploads\/2022\/02\/1667-sjolag-ver-3-799x1024.jpg 799w, https:\/\/lotsarnastockholm.se\/wp-content\/uploads\/2022\/02\/1667-sjolag-ver-3-234x300.jpg 234w, https:\/\/lotsarnastockholm.se\/wp-content\/uploads\/2022\/02\/1667-sjolag-ver-3-768x984.jpg 768w, https:\/\/lotsarnastockholm.se\/wp-content\/uploads\/2022\/02\/1667-sjolag-ver-3-1199x1536.jpg 1199w, https:\/\/lotsarnastockholm.se\/wp-content\/uploads\/2022\/02\/1667-sjolag-ver-3.jpg 1279w\" sizes=\"(max-width: 799px) 100vw, 799px\" \/><\/a><figcaption>Sj\u00f6lag fr\u00e5n 1667<\/figcaption><\/figure>\n\n\n\n<p class=\"has-text-align-center\"><strong>Pelagi Decus Additit Armis: <\/strong><br>&#8221;<em>Till sk\u00e4rg\u00e5rdens prydnad fogade han vapen&#8221;<\/em><br>Carolus Rex (Kung Carl)<br><\/p>\n\n\n\n<p>I detta kopparstick som \u00e5terfinnes i den f\u00f6rsta upplagan av 1667 \u00e5rs sj\u00f6lag, tryckt hos Georg Lantsch i Stockholm, visar fru Justitia med r\u00e4ttvisesymbolerna sv\u00e4rd och v\u00e5gsk\u00e5l tillsammans med sj\u00f6guden Neptunus. de rider p\u00e5 en sn\u00e4cka dragen av sj\u00f6h\u00e4star \u00f6ver saltsj\u00f6ns vatten mot Stockholm med slottet Tre kronor t.h. p\u00e5 bilden. Notera att i kartuschen t.h. har konstn\u00e4ren begagnat den i tidigare lagf\u00f6rslag (ex.vis fr\u00e5n 1665) anv\u00e4nda beteckningen &#8221;Sweriges Rijkes Si\u00f6 R\u00e4tt&#8221; <\/p>\n","protected":false},"excerpt":{"rendered":"<p>Pelagi Decus Additit Armis: &#8221;Till sk\u00e4rg\u00e5rdens prydnad fogade han vapen&#8221;Carolus Rex (Kung Carl) I detta kopparstick som \u00e5terfinnes i den f\u00f6rsta upplagan av 1667 \u00e5rs sj\u00f6lag, tryckt hos Georg Lantsch i Stockholm, visar fru Justitia med r\u00e4ttvisesymbolerna sv\u00e4rd och v\u00e5gsk\u00e5l tillsammans med sj\u00f6guden Neptunus. de rider p\u00e5 en sn\u00e4cka dragen av sj\u00f6h\u00e4star \u00f6ver saltsj\u00f6ns vatten&hellip; <a class=\"more-link\" href=\"https:\/\/lotsarnastockholm.se\/index.php\/1667-ars-sjolag-2\/\">Forts\u00e4tt l\u00e4sa <span class=\"screen-reader-text\">1667 \u00e5rs Sj\u00f6Lag<\/span><\/a><\/p>\n","protected":false},"author":1,"featured_media":0,"parent":0,"menu_order":0,"comment_status":"closed","ping_status":"closed","template":"","meta":{"footnotes":""},"class_list":["post-3746","page","type-page","status-publish","hentry","entry"],"_links":{"self":[{"href":"https:\/\/lotsarnastockholm.se\/index.php\/wp-json\/wp\/v2\/pages\/3746","targetHints":{"allow":["GET"]}}],"collection":[{"href":"https:\/\/lotsarnastockholm.se\/index.php\/wp-json\/wp\/v2\/pages"}],"about":[{"href":"https:\/\/lotsarnastockholm.se\/index.php\/wp-json\/wp\/v2\/types\/page"}],"author":[{"embeddable":true,"href":"https:\/\/lotsarnastockholm.se\/index.php\/wp-json\/wp\/v2\/users\/1"}],"replies":[{"embeddable":true,"href":"https:\/\/lotsarnastockholm.se\/index.php\/wp-json\/wp\/v2\/comments?post=3746"}],"version-history":[{"count":3,"href":"https:\/\/lotsarnastockholm.se\/index.php\/wp-json\/wp\/v2\/pages\/3746\/revisions"}],"predecessor-version":[{"id":3756,"href":"https:\/\/lotsarnastockholm.se\/index.php\/wp-json\/wp\/v2\/pages\/3746\/revisions\/3756"}],"wp:attachment":[{"href":"https:\/\/lotsarnastockholm.se\/index.php\/wp-json\/wp\/v2\/media?parent=3746"}],"curies":[{"name":"wp","href":"https:\/\/api.w.org\/{rel}","templated":true}]}}