{"id":3627,"date":"2022-01-28T21:34:55","date_gmt":"2022-01-28T20:34:55","guid":{"rendered":"https:\/\/lotsarnastockholm.se\/?page_id=3627"},"modified":"2022-01-28T21:39:43","modified_gmt":"2022-01-28T20:39:43","slug":"lotstaxa-1748","status":"publish","type":"page","link":"https:\/\/lotsarnastockholm.se\/index.php\/lotstaxa-1748\/","title":{"rendered":"Lotstaxa 1748"},"content":{"rendered":"\n<figure class=\"wp-block-image size-large\"><a href=\"https:\/\/lotsarnastockholm.se\/wp-content\/uploads\/2022\/01\/IMG.jpg\"><img fetchpriority=\"high\" decoding=\"async\" width=\"1024\" height=\"829\" src=\"https:\/\/lotsarnastockholm.se\/wp-content\/uploads\/2022\/01\/IMG-1024x829.jpg\" alt=\"\" class=\"wp-image-3629\" srcset=\"https:\/\/lotsarnastockholm.se\/wp-content\/uploads\/2022\/01\/IMG-1024x829.jpg 1024w, https:\/\/lotsarnastockholm.se\/wp-content\/uploads\/2022\/01\/IMG-300x243.jpg 300w, https:\/\/lotsarnastockholm.se\/wp-content\/uploads\/2022\/01\/IMG-768x622.jpg 768w, https:\/\/lotsarnastockholm.se\/wp-content\/uploads\/2022\/01\/IMG-1536x1244.jpg 1536w, https:\/\/lotsarnastockholm.se\/wp-content\/uploads\/2022\/01\/IMG-1568x1270.jpg 1568w, https:\/\/lotsarnastockholm.se\/wp-content\/uploads\/2022\/01\/IMG.jpg 1944w\" sizes=\"(max-width: 1024px) 100vw, 1024px\" \/><\/a><figcaption>Lotseka under segel<\/figcaption><\/figure>\n\n\n\n<p>Kongl Maj:ts f\u00f6rnyade lotstaxa f\u00f6r Skj\u00e4rleden norr om Stockholm hwad the inhemske fartyg ang\u00e5r alt i silfwermynt ber\u00e4knat, hwarwid i alt tages, at the fartyg som g\u00e5 \u00f6fver 4 fot djupt anses till 5 fot och de som ligga n\u00e5got djupare \u00e4n 5 fot r\u00e4knas till 6 fot och s\u00e5 widare.<\/p>\n\n\n\n<p>F\u00f6r \u00f6frigit b\u00f6r Kongl Maj:ts f\u00f6rnyade n\u00e5dige f\u00f6rordning af thetta dato, ang\u00e5ende Lotsw\u00e4rket i riket f\u00f6r wilka delar h\u00e4rwid i underd\u00e5nighet efterlefvas.<\/p>\n\n\n\n<p>Stockholm i R\u00e5dkammaren then 27 Aprilis 1748<\/p>\n\n\n\n<p>(Konung var Fredrik I)<\/p>\n\n\n\n<figure class=\"wp-block-image size-large\"><a href=\"https:\/\/lotsarnastockholm.se\/wp-content\/uploads\/2022\/01\/IMG_0001-scaled.jpg\"><img decoding=\"async\" width=\"1024\" height=\"656\" src=\"https:\/\/lotsarnastockholm.se\/wp-content\/uploads\/2022\/01\/IMG_0001-1024x656.jpg\" alt=\"\" class=\"wp-image-3628\" srcset=\"https:\/\/lotsarnastockholm.se\/wp-content\/uploads\/2022\/01\/IMG_0001-1024x656.jpg 1024w, https:\/\/lotsarnastockholm.se\/wp-content\/uploads\/2022\/01\/IMG_0001-300x192.jpg 300w, https:\/\/lotsarnastockholm.se\/wp-content\/uploads\/2022\/01\/IMG_0001-768x492.jpg 768w, https:\/\/lotsarnastockholm.se\/wp-content\/uploads\/2022\/01\/IMG_0001-1536x984.jpg 1536w, https:\/\/lotsarnastockholm.se\/wp-content\/uploads\/2022\/01\/IMG_0001-2048x1312.jpg 2048w, https:\/\/lotsarnastockholm.se\/wp-content\/uploads\/2022\/01\/IMG_0001-1568x1004.jpg 1568w\" sizes=\"(max-width: 1024px) 100vw, 1024px\" \/><\/a><\/figure>\n\n\n\n<figure class=\"wp-block-image size-large\"><a href=\"https:\/\/lotsarnastockholm.se\/wp-content\/uploads\/2022\/01\/IMG_0002-scaled.jpg\"><img decoding=\"async\" width=\"1024\" height=\"729\" src=\"https:\/\/lotsarnastockholm.se\/wp-content\/uploads\/2022\/01\/IMG_0002-1024x729.jpg\" alt=\"\" class=\"wp-image-3630\" srcset=\"https:\/\/lotsarnastockholm.se\/wp-content\/uploads\/2022\/01\/IMG_0002-1024x729.jpg 1024w, https:\/\/lotsarnastockholm.se\/wp-content\/uploads\/2022\/01\/IMG_0002-300x214.jpg 300w, https:\/\/lotsarnastockholm.se\/wp-content\/uploads\/2022\/01\/IMG_0002-768x547.jpg 768w, https:\/\/lotsarnastockholm.se\/wp-content\/uploads\/2022\/01\/IMG_0002-1536x1094.jpg 1536w, https:\/\/lotsarnastockholm.se\/wp-content\/uploads\/2022\/01\/IMG_0002-2048x1458.jpg 2048w, https:\/\/lotsarnastockholm.se\/wp-content\/uploads\/2022\/01\/IMG_0002-1568x1117.jpg 1568w\" sizes=\"(max-width: 1024px) 100vw, 1024px\" \/><\/a><\/figure>\n","protected":false},"excerpt":{"rendered":"<p>Kongl Maj:ts f\u00f6rnyade lotstaxa f\u00f6r Skj\u00e4rleden norr om Stockholm hwad the inhemske fartyg ang\u00e5r alt i silfwermynt ber\u00e4knat, hwarwid i alt tages, at the fartyg som g\u00e5 \u00f6fver 4 fot djupt anses till 5 fot och de som ligga n\u00e5got djupare \u00e4n 5 fot r\u00e4knas till 6 fot och s\u00e5 widare. F\u00f6r \u00f6frigit b\u00f6r Kongl&hellip; <a class=\"more-link\" href=\"https:\/\/lotsarnastockholm.se\/index.php\/lotstaxa-1748\/\">Forts\u00e4tt l\u00e4sa <span class=\"screen-reader-text\">Lotstaxa 1748<\/span><\/a><\/p>\n","protected":false},"author":1,"featured_media":0,"parent":0,"menu_order":0,"comment_status":"closed","ping_status":"closed","template":"","meta":{"footnotes":""},"class_list":["post-3627","page","type-page","status-publish","hentry","entry"],"_links":{"self":[{"href":"https:\/\/lotsarnastockholm.se\/index.php\/wp-json\/wp\/v2\/pages\/3627","targetHints":{"allow":["GET"]}}],"collection":[{"href":"https:\/\/lotsarnastockholm.se\/index.php\/wp-json\/wp\/v2\/pages"}],"about":[{"href":"https:\/\/lotsarnastockholm.se\/index.php\/wp-json\/wp\/v2\/types\/page"}],"author":[{"embeddable":true,"href":"https:\/\/lotsarnastockholm.se\/index.php\/wp-json\/wp\/v2\/users\/1"}],"replies":[{"embeddable":true,"href":"https:\/\/lotsarnastockholm.se\/index.php\/wp-json\/wp\/v2\/comments?post=3627"}],"version-history":[{"count":2,"href":"https:\/\/lotsarnastockholm.se\/index.php\/wp-json\/wp\/v2\/pages\/3627\/revisions"}],"predecessor-version":[{"id":3633,"href":"https:\/\/lotsarnastockholm.se\/index.php\/wp-json\/wp\/v2\/pages\/3627\/revisions\/3633"}],"wp:attachment":[{"href":"https:\/\/lotsarnastockholm.se\/index.php\/wp-json\/wp\/v2\/media?parent=3627"}],"curies":[{"name":"wp","href":"https:\/\/api.w.org\/{rel}","templated":true}]}}