{"id":3585,"date":"2022-01-10T20:37:26","date_gmt":"2022-01-10T19:37:26","guid":{"rendered":"https:\/\/lotsarnastockholm.se\/?page_id=3585"},"modified":"2022-01-10T20:37:26","modified_gmt":"2022-01-10T19:37:26","slug":"lotsmuseum-pa-aspo","status":"publish","type":"page","link":"https:\/\/lotsarnastockholm.se\/index.php\/lotsmuseum-pa-aspo\/","title":{"rendered":"Lotsmuseum p\u00e5 Asp\u00f6"},"content":{"rendered":"\n<p>P\u00e5 Asp\u00f6 finns ett av Sveriges f\u00e5 lotsmuseum d\u00e4r sp\u00e4nnande saker kan besk\u00e5das till motsats fr\u00e5n denna hemsida som uteslutande tillhandah\u00e5ller digital information. Nedan f\u00f6ljer lite bilder som jag f\u00e5tt fr\u00e5n Leena Johansson. Mer info kommer!<\/p>\n\n\n\n<p>P\u00e5 f\u00f6rsta bilden syns fr.v. Hans Thornerhjelm, Ingrid Wallin (som \u00e4r ordf\u00f6rande) samt Per Berglund och Leena Johansson.<\/p>\n\n\n\n<figure class=\"wp-block-gallery columns-3 is-cropped wp-block-gallery-1 is-layout-flex wp-block-gallery-is-layout-flex\"><ul class=\"blocks-gallery-grid\"><li class=\"blocks-gallery-item\"><figure><a href=\"https:\/\/lotsarnastockholm.se\/wp-content\/uploads\/2022\/01\/IMG_4297.jpg\"><img fetchpriority=\"high\" decoding=\"async\" width=\"960\" height=\"640\" src=\"https:\/\/lotsarnastockholm.se\/wp-content\/uploads\/2022\/01\/IMG_4297.jpg\" alt=\"\" data-id=\"3586\" data-full-url=\"https:\/\/lotsarnastockholm.se\/wp-content\/uploads\/2022\/01\/IMG_4297.jpg\" data-link=\"https:\/\/lotsarnastockholm.se\/?attachment_id=3586\" class=\"wp-image-3586\" srcset=\"https:\/\/lotsarnastockholm.se\/wp-content\/uploads\/2022\/01\/IMG_4297.jpg 960w, https:\/\/lotsarnastockholm.se\/wp-content\/uploads\/2022\/01\/IMG_4297-300x200.jpg 300w, https:\/\/lotsarnastockholm.se\/wp-content\/uploads\/2022\/01\/IMG_4297-768x512.jpg 768w\" sizes=\"(max-width: 960px) 100vw, 960px\" \/><\/a><\/figure><\/li><li class=\"blocks-gallery-item\"><figure><a href=\"https:\/\/lotsarnastockholm.se\/wp-content\/uploads\/2022\/01\/IMG_4431-rotated.jpg\"><img decoding=\"async\" width=\"640\" height=\"480\" src=\"https:\/\/lotsarnastockholm.se\/wp-content\/uploads\/2022\/01\/IMG_4431-rotated.jpg\" alt=\"\" data-id=\"3587\" data-full-url=\"https:\/\/lotsarnastockholm.se\/wp-content\/uploads\/2022\/01\/IMG_4431-rotated.jpg\" data-link=\"https:\/\/lotsarnastockholm.se\/?attachment_id=3587\" class=\"wp-image-3587\" srcset=\"https:\/\/lotsarnastockholm.se\/wp-content\/uploads\/2022\/01\/IMG_4431-rotated.jpg 640w, https:\/\/lotsarnastockholm.se\/wp-content\/uploads\/2022\/01\/IMG_4431-300x225.jpg 300w\" sizes=\"(max-width: 640px) 100vw, 640px\" \/><\/a><\/figure><\/li><li class=\"blocks-gallery-item\"><figure><a href=\"https:\/\/lotsarnastockholm.se\/wp-content\/uploads\/2022\/01\/IMG_4458-rotated.jpg\"><img decoding=\"async\" width=\"480\" height=\"640\" src=\"https:\/\/lotsarnastockholm.se\/wp-content\/uploads\/2022\/01\/IMG_4458-rotated.jpg\" alt=\"\" data-id=\"3588\" data-full-url=\"https:\/\/lotsarnastockholm.se\/wp-content\/uploads\/2022\/01\/IMG_4458-rotated.jpg\" data-link=\"https:\/\/lotsarnastockholm.se\/?attachment_id=3588\" class=\"wp-image-3588\" srcset=\"https:\/\/lotsarnastockholm.se\/wp-content\/uploads\/2022\/01\/IMG_4458-rotated.jpg 480w, https:\/\/lotsarnastockholm.se\/wp-content\/uploads\/2022\/01\/IMG_4458-225x300.jpg 225w\" sizes=\"(max-width: 480px) 100vw, 480px\" \/><\/a><\/figure><\/li><li class=\"blocks-gallery-item\"><figure><a href=\"https:\/\/lotsarnastockholm.se\/wp-content\/uploads\/2022\/01\/IMG_4459-rotated.jpg\"><img loading=\"lazy\" decoding=\"async\" width=\"640\" height=\"480\" src=\"https:\/\/lotsarnastockholm.se\/wp-content\/uploads\/2022\/01\/IMG_4459-rotated.jpg\" alt=\"\" data-id=\"3589\" data-full-url=\"https:\/\/lotsarnastockholm.se\/wp-content\/uploads\/2022\/01\/IMG_4459-rotated.jpg\" data-link=\"https:\/\/lotsarnastockholm.se\/?attachment_id=3589\" class=\"wp-image-3589\" srcset=\"https:\/\/lotsarnastockholm.se\/wp-content\/uploads\/2022\/01\/IMG_4459-rotated.jpg 640w, https:\/\/lotsarnastockholm.se\/wp-content\/uploads\/2022\/01\/IMG_4459-300x225.jpg 300w\" sizes=\"(max-width: 640px) 100vw, 640px\" \/><\/a><\/figure><\/li><li class=\"blocks-gallery-item\"><figure><a href=\"https:\/\/lotsarnastockholm.se\/wp-content\/uploads\/2022\/01\/IMG_4460-rotated.jpg\"><img loading=\"lazy\" decoding=\"async\" width=\"640\" height=\"480\" src=\"https:\/\/lotsarnastockholm.se\/wp-content\/uploads\/2022\/01\/IMG_4460-rotated.jpg\" alt=\"\" data-id=\"3590\" data-full-url=\"https:\/\/lotsarnastockholm.se\/wp-content\/uploads\/2022\/01\/IMG_4460-rotated.jpg\" data-link=\"https:\/\/lotsarnastockholm.se\/?attachment_id=3590\" class=\"wp-image-3590\" srcset=\"https:\/\/lotsarnastockholm.se\/wp-content\/uploads\/2022\/01\/IMG_4460-rotated.jpg 640w, https:\/\/lotsarnastockholm.se\/wp-content\/uploads\/2022\/01\/IMG_4460-300x225.jpg 300w\" sizes=\"(max-width: 640px) 100vw, 640px\" \/><\/a><\/figure><\/li><li class=\"blocks-gallery-item\"><figure><a href=\"https:\/\/lotsarnastockholm.se\/wp-content\/uploads\/2022\/01\/IMG_4461-rotated.jpg\"><img loading=\"lazy\" decoding=\"async\" width=\"640\" height=\"480\" src=\"https:\/\/lotsarnastockholm.se\/wp-content\/uploads\/2022\/01\/IMG_4461-rotated.jpg\" alt=\"\" data-id=\"3591\" data-full-url=\"https:\/\/lotsarnastockholm.se\/wp-content\/uploads\/2022\/01\/IMG_4461-rotated.jpg\" data-link=\"https:\/\/lotsarnastockholm.se\/?attachment_id=3591\" class=\"wp-image-3591\" srcset=\"https:\/\/lotsarnastockholm.se\/wp-content\/uploads\/2022\/01\/IMG_4461-rotated.jpg 640w, https:\/\/lotsarnastockholm.se\/wp-content\/uploads\/2022\/01\/IMG_4461-300x225.jpg 300w\" sizes=\"(max-width: 640px) 100vw, 640px\" \/><\/a><\/figure><\/li><li class=\"blocks-gallery-item\"><figure><a href=\"https:\/\/lotsarnastockholm.se\/wp-content\/uploads\/2022\/01\/IMG_4462-rotated.jpg\"><img loading=\"lazy\" decoding=\"async\" width=\"640\" height=\"480\" src=\"https:\/\/lotsarnastockholm.se\/wp-content\/uploads\/2022\/01\/IMG_4462-rotated.jpg\" alt=\"\" data-id=\"3592\" data-full-url=\"https:\/\/lotsarnastockholm.se\/wp-content\/uploads\/2022\/01\/IMG_4462-rotated.jpg\" data-link=\"https:\/\/lotsarnastockholm.se\/?attachment_id=3592\" class=\"wp-image-3592\" srcset=\"https:\/\/lotsarnastockholm.se\/wp-content\/uploads\/2022\/01\/IMG_4462-rotated.jpg 640w, https:\/\/lotsarnastockholm.se\/wp-content\/uploads\/2022\/01\/IMG_4462-300x225.jpg 300w\" sizes=\"(max-width: 640px) 100vw, 640px\" \/><\/a><\/figure><\/li><li class=\"blocks-gallery-item\"><figure><a href=\"https:\/\/lotsarnastockholm.se\/wp-content\/uploads\/2022\/01\/IMG_4463-rotated.jpg\"><img loading=\"lazy\" decoding=\"async\" width=\"640\" height=\"480\" src=\"https:\/\/lotsarnastockholm.se\/wp-content\/uploads\/2022\/01\/IMG_4463-rotated.jpg\" alt=\"\" data-id=\"3593\" data-full-url=\"https:\/\/lotsarnastockholm.se\/wp-content\/uploads\/2022\/01\/IMG_4463-rotated.jpg\" data-link=\"https:\/\/lotsarnastockholm.se\/?attachment_id=3593\" class=\"wp-image-3593\" srcset=\"https:\/\/lotsarnastockholm.se\/wp-content\/uploads\/2022\/01\/IMG_4463-rotated.jpg 640w, https:\/\/lotsarnastockholm.se\/wp-content\/uploads\/2022\/01\/IMG_4463-300x225.jpg 300w\" sizes=\"(max-width: 640px) 100vw, 640px\" \/><\/a><\/figure><\/li><li class=\"blocks-gallery-item\"><figure><a href=\"https:\/\/lotsarnastockholm.se\/wp-content\/uploads\/2022\/01\/IMG_4464-rotated.jpg\"><img loading=\"lazy\" decoding=\"async\" width=\"640\" height=\"480\" src=\"https:\/\/lotsarnastockholm.se\/wp-content\/uploads\/2022\/01\/IMG_4464-rotated.jpg\" alt=\"\" data-id=\"3594\" data-full-url=\"https:\/\/lotsarnastockholm.se\/wp-content\/uploads\/2022\/01\/IMG_4464-rotated.jpg\" data-link=\"https:\/\/lotsarnastockholm.se\/?attachment_id=3594\" class=\"wp-image-3594\" srcset=\"https:\/\/lotsarnastockholm.se\/wp-content\/uploads\/2022\/01\/IMG_4464-rotated.jpg 640w, https:\/\/lotsarnastockholm.se\/wp-content\/uploads\/2022\/01\/IMG_4464-300x225.jpg 300w\" sizes=\"(max-width: 640px) 100vw, 640px\" \/><\/a><\/figure><\/li><li class=\"blocks-gallery-item\"><figure><a href=\"https:\/\/lotsarnastockholm.se\/wp-content\/uploads\/2022\/01\/IMG_4465-rotated.jpg\"><img loading=\"lazy\" decoding=\"async\" width=\"640\" height=\"480\" src=\"https:\/\/lotsarnastockholm.se\/wp-content\/uploads\/2022\/01\/IMG_4465-rotated.jpg\" alt=\"\" data-id=\"3595\" data-full-url=\"https:\/\/lotsarnastockholm.se\/wp-content\/uploads\/2022\/01\/IMG_4465-rotated.jpg\" data-link=\"https:\/\/lotsarnastockholm.se\/?attachment_id=3595\" class=\"wp-image-3595\" srcset=\"https:\/\/lotsarnastockholm.se\/wp-content\/uploads\/2022\/01\/IMG_4465-rotated.jpg 640w, https:\/\/lotsarnastockholm.se\/wp-content\/uploads\/2022\/01\/IMG_4465-300x225.jpg 300w\" sizes=\"(max-width: 640px) 100vw, 640px\" \/><\/a><\/figure><\/li><li class=\"blocks-gallery-item\"><figure><a href=\"https:\/\/lotsarnastockholm.se\/wp-content\/uploads\/2022\/01\/IMG_4466-rotated.jpg\"><img loading=\"lazy\" decoding=\"async\" width=\"640\" height=\"480\" src=\"https:\/\/lotsarnastockholm.se\/wp-content\/uploads\/2022\/01\/IMG_4466-rotated.jpg\" alt=\"\" data-id=\"3596\" data-full-url=\"https:\/\/lotsarnastockholm.se\/wp-content\/uploads\/2022\/01\/IMG_4466-rotated.jpg\" data-link=\"https:\/\/lotsarnastockholm.se\/?attachment_id=3596\" class=\"wp-image-3596\" srcset=\"https:\/\/lotsarnastockholm.se\/wp-content\/uploads\/2022\/01\/IMG_4466-rotated.jpg 640w, https:\/\/lotsarnastockholm.se\/wp-content\/uploads\/2022\/01\/IMG_4466-300x225.jpg 300w\" sizes=\"(max-width: 640px) 100vw, 640px\" \/><\/a><\/figure><\/li><li class=\"blocks-gallery-item\"><figure><a href=\"https:\/\/lotsarnastockholm.se\/wp-content\/uploads\/2022\/01\/IMG_4467-rotated.jpg\"><img loading=\"lazy\" decoding=\"async\" width=\"640\" height=\"480\" src=\"https:\/\/lotsarnastockholm.se\/wp-content\/uploads\/2022\/01\/IMG_4467-rotated.jpg\" alt=\"\" data-id=\"3597\" data-full-url=\"https:\/\/lotsarnastockholm.se\/wp-content\/uploads\/2022\/01\/IMG_4467-rotated.jpg\" data-link=\"https:\/\/lotsarnastockholm.se\/?attachment_id=3597\" class=\"wp-image-3597\" srcset=\"https:\/\/lotsarnastockholm.se\/wp-content\/uploads\/2022\/01\/IMG_4467-rotated.jpg 640w, https:\/\/lotsarnastockholm.se\/wp-content\/uploads\/2022\/01\/IMG_4467-300x225.jpg 300w\" sizes=\"(max-width: 640px) 100vw, 640px\" \/><\/a><\/figure><\/li><li class=\"blocks-gallery-item\"><figure><a href=\"https:\/\/lotsarnastockholm.se\/wp-content\/uploads\/2022\/01\/IMG_4468-rotated.jpg\"><img loading=\"lazy\" decoding=\"async\" width=\"640\" height=\"480\" src=\"https:\/\/lotsarnastockholm.se\/wp-content\/uploads\/2022\/01\/IMG_4468-rotated.jpg\" alt=\"\" data-id=\"3598\" data-full-url=\"https:\/\/lotsarnastockholm.se\/wp-content\/uploads\/2022\/01\/IMG_4468-rotated.jpg\" data-link=\"https:\/\/lotsarnastockholm.se\/?attachment_id=3598\" class=\"wp-image-3598\" srcset=\"https:\/\/lotsarnastockholm.se\/wp-content\/uploads\/2022\/01\/IMG_4468-rotated.jpg 640w, https:\/\/lotsarnastockholm.se\/wp-content\/uploads\/2022\/01\/IMG_4468-300x225.jpg 300w\" sizes=\"(max-width: 640px) 100vw, 640px\" \/><\/a><\/figure><\/li><li class=\"blocks-gallery-item\"><figure><a href=\"https:\/\/lotsarnastockholm.se\/wp-content\/uploads\/2022\/01\/IMG_4469-rotated.jpg\"><img loading=\"lazy\" decoding=\"async\" width=\"480\" height=\"640\" src=\"https:\/\/lotsarnastockholm.se\/wp-content\/uploads\/2022\/01\/IMG_4469-rotated.jpg\" alt=\"\" data-id=\"3599\" data-full-url=\"https:\/\/lotsarnastockholm.se\/wp-content\/uploads\/2022\/01\/IMG_4469-rotated.jpg\" data-link=\"https:\/\/lotsarnastockholm.se\/?attachment_id=3599\" class=\"wp-image-3599\" srcset=\"https:\/\/lotsarnastockholm.se\/wp-content\/uploads\/2022\/01\/IMG_4469-rotated.jpg 480w, https:\/\/lotsarnastockholm.se\/wp-content\/uploads\/2022\/01\/IMG_4469-225x300.jpg 225w\" sizes=\"(max-width: 480px) 100vw, 480px\" \/><\/a><\/figure><\/li><\/ul><\/figure>\n","protected":false},"excerpt":{"rendered":"<p>P\u00e5 Asp\u00f6 finns ett av Sveriges f\u00e5 lotsmuseum d\u00e4r sp\u00e4nnande saker kan besk\u00e5das till motsats fr\u00e5n denna hemsida som uteslutande tillhandah\u00e5ller digital information. Nedan f\u00f6ljer lite bilder som jag f\u00e5tt fr\u00e5n Leena Johansson. Mer info kommer! P\u00e5 f\u00f6rsta bilden syns fr.v. Hans Thornerhjelm, Ingrid Wallin (som \u00e4r ordf\u00f6rande) samt Per Berglund och Leena Johansson.<\/p>\n","protected":false},"author":1,"featured_media":0,"parent":0,"menu_order":0,"comment_status":"closed","ping_status":"closed","template":"","meta":{"footnotes":""},"class_list":["post-3585","page","type-page","status-publish","hentry","entry"],"_links":{"self":[{"href":"https:\/\/lotsarnastockholm.se\/index.php\/wp-json\/wp\/v2\/pages\/3585","targetHints":{"allow":["GET"]}}],"collection":[{"href":"https:\/\/lotsarnastockholm.se\/index.php\/wp-json\/wp\/v2\/pages"}],"about":[{"href":"https:\/\/lotsarnastockholm.se\/index.php\/wp-json\/wp\/v2\/types\/page"}],"author":[{"embeddable":true,"href":"https:\/\/lotsarnastockholm.se\/index.php\/wp-json\/wp\/v2\/users\/1"}],"replies":[{"embeddable":true,"href":"https:\/\/lotsarnastockholm.se\/index.php\/wp-json\/wp\/v2\/comments?post=3585"}],"version-history":[{"count":1,"href":"https:\/\/lotsarnastockholm.se\/index.php\/wp-json\/wp\/v2\/pages\/3585\/revisions"}],"predecessor-version":[{"id":3600,"href":"https:\/\/lotsarnastockholm.se\/index.php\/wp-json\/wp\/v2\/pages\/3585\/revisions\/3600"}],"wp:attachment":[{"href":"https:\/\/lotsarnastockholm.se\/index.php\/wp-json\/wp\/v2\/media?parent=3585"}],"curies":[{"name":"wp","href":"https:\/\/api.w.org\/{rel}","templated":true}]}}