{"id":3567,"date":"2022-01-02T16:37:47","date_gmt":"2022-01-02T15:37:47","guid":{"rendered":"https:\/\/lotsarnastockholm.se\/?page_id=3567"},"modified":"2025-03-31T19:09:59","modified_gmt":"2025-03-31T18:09:59","slug":"lotstitlar-och-loner-forr","status":"publish","type":"page","link":"https:\/\/lotsarnastockholm.se\/index.php\/lotstitlar-och-loner-forr\/","title":{"rendered":"Lotstitlar och l\u00f6ner f\u00f6rr"},"content":{"rendered":"\n<p>Fram till 1945 kallades chefen f\u00f6r ett lotsdistrikt <em>lotskapten<\/em>. Denne bitr\u00e4ddes av en lotsl\u00f6jtnant. N\u00e4mnda \u00e5r utbyttes titeln lotskapten mot <em>lotsdirekt\u00f6r<\/em> och lotsl\u00f6jtnant mot <em>lotsinspekt\u00f6r<\/em>.<\/p>\n\n\n\n<p>F\u00f6rmanskapet vid de st\u00f6rre lotsplatserna l\u00e5g sedan gammalt i en lots\u00e5ldermans hand. Flera mindre lotsplatser kunde vara f\u00f6renade under en \u00e5lderman. Under 1800-talets senare del fick de st\u00f6rre lotsplatserna \u00f6verlotsar som f\u00f6rm\u00e4n. Vid de \u00f6vriga platserna blev det lotsf\u00f6rm\u00e4n.<\/p>\n\n\n\n<p>Sedan alla mindre platser indragits, har ocks\u00e5 lotsf\u00f6rmanstiteln f\u00f6rsvunnit. Men det \u00e4r&nbsp; inte bara&nbsp; m\u00e5nga lotsplatser, som indragits. Vid de kvarvarande platserna har dessutom skett en stark reducering av antalet lotsar. F\u00f6rmanstiteln vid lotsplatserna \u00e4r nu \u00f6verlots.<\/p>\n\n\n\n<p>Lotsrullorna fr\u00e5n 1715 till 1881 f\u00f6rvaras i Krigsarkivet. I lotsrullorna f\u00f6rdes f\u00f6rteckning \u00f6ver lotsplatser, lotsarnas antal vid varje plats, lotsarnas namn, levnads\u00e5r, tj\u00e4nstetid, tj\u00e4nstg\u00f6ringsomr\u00e5de med prickar, bost\u00e4llen och l\u00f6n. F\u00f6r m\u00e5nga lotsar saknas dock i de \u00e4ldre rullorna en eller flera av dessa uppgifter.<\/p>\n\n\n\n<p>F\u00f6r att bli lots under 1700-talet m\u00e5ste man f\u00f6rst bli antagen som lotsdr\u00e4ng, &#8221;dr\u00e4ng i l\u00e4ran&#8221;. Efter&nbsp; ett antal \u00e5r, som varierade betydligt, blev lotsdr\u00e4ngen &#8221;utl\u00e4rd dr\u00e4ng&#8221; om han bestod provet inf\u00f6r lotsuppsyningsmannen eller \u00e5ldermannen. Han fick d\u00e5 lotsdr\u00e4ngbrev. I f\u00f6rsta hand antogs lotss\u00f6ner till lotsdr\u00e4ngar. De kunde antagas redan vid nio \u00e5rs \u00e5lder och skulle d\u00e5 ha b\u00f6rjat l\u00e4ra sig l\u00e4sa och skriva.<\/p>\n\n\n\n<p>Varje lots var skyldig att h\u00e5lla lotsdr\u00e4ng. Gjorde han ej det skulle han ha avdrag i l\u00f6nen med best\u00e4mt belopp. Men enligt lotsrullorna tycks antalet lotsdr\u00e4ngar v\u00e4xlat mycket och ofta varit&nbsp; betydligt mindre \u00e4n antalet lotsar.<\/p>\n\n\n\n<p>Fr\u00e5n 1820 kallas lotsdr\u00e4ngarna <em>lotsl\u00e4rlingar<\/em>. Fortfarande har lotsarnas s\u00f6ner f\u00f6retr\u00e4desr\u00e4tt till lotstj\u00e4nst. Antagnings\u00e5ldern h\u00f6jdes s\u00e5 sm\u00e5ningom till 12 \u00e5r. Sedan l\u00e4rlingen l\u00e4rt sig l\u00e4sa, skriva och r\u00e4kna samt f\u00f6rv\u00e4rvat insikter i lotsmannayrket, s\u00e5 att han p\u00e5 egen hand tilltror sig kunna lotsa mindre djupg\u00e5ende fartyg, beg\u00e4r han examen. \u00c5ldermannen och tv\u00e5 lotsar vid lotsstationen skall f\u00f6rr\u00e4tta denna i n\u00e4rvaro av lotsf\u00f6rdelningschefen och helst \u00e4ven de \u00f6vriga lotsarna vid stationen. Befinnes l\u00e4rlingen d\u00e4rvid skicklig och p\u00e5litlig samt k\u00e4nd f\u00f6r ett gott uppf\u00f6rande, erh\u00e5ller han&nbsp;betyg underskrivet av lotsf\u00f6rdelningschefen, lots\u00e5ldermannen och tvenne lotsar.<\/p>\n\n\n\n<p>P\u00e5 ett&nbsp;s\u00e5dant betyg utskrev sedan distriktschefen styrningssedel, i vilken var utsatt djupg\u00e5endet av de fartyg l\u00e4rlingen&nbsp;till\u00e4ts lotsa. Han m\u00e5ste dock f\u00f6rst ha avlagt trohets- och tj\u00e4nsteeden. Edsformul\u00e4ret var vid olika tider n\u00e5got v\u00e4xlande beroende p\u00e5 v\u00e5rt lands styrelseskick, om detta var env\u00e4lde eller riksdagsv\u00e4lde. H\u00e4r f\u00f6ljer i utdrag edsformul\u00e4ret fr\u00e5n frihetstiden:<\/p>\n\n\n\n<p><em>&#8221;Jag N. N. f\u00f6rordnad Cronones lotsman i &#8230;&#8230;&#8230;&#8230;&#8230;lovar och sv\u00e4r vid Gud och Hans heliga evangelium, att&nbsp; jag vill och skall f\u00f6r min lagkr\u00f6nte konung hava och h\u00e5lla den storm\u00e4ktigste Konung Fredric den f\u00f6rste Sveriges, G\u00f6thes och W\u00e4ndes Konung&nbsp; u. u. lantgreve&nbsp; till Hessen&nbsp; u. u&#8230;&#8230;. alldeles som Riksens st\u00e4nders beslut och f\u00f6rening av den 24 Martii 1720&nbsp; stadgar&nbsp; och&nbsp; binder. D\u00e4rhos skall jag denne min anbefalte lotsmans tj\u00e4nst efter Hans&nbsp; Maj:ts N\u00e5diga Lotsordning i allt det mig d\u00e4rigenom anbefalles s\u00e5 mycket m\u00e4nskligt och m\u00f6jeligt \u00e4r fullg\u00f6ra och icke det ringaste varken&nbsp; f\u00f6r en eller annan&nbsp; orsak&nbsp; avtr\u00e4da, skolandes&nbsp; och&nbsp; j\u00e4mte vaksamt&nbsp; nyktert och flitigt&nbsp; uppassande&nbsp; upp\u00e5 sj\u00e4lva lotsandet alltid&nbsp; ju mer och mer g\u00f6ra mig f\u00f6rtrogen om mitt&nbsp; lotsvatten&nbsp; j\u00e4mv\u00e4l&nbsp; och de p\u00e5 sidorna liggande grunden, att jag m\u00e5&nbsp; kunna,&nbsp; n\u00e4r&nbsp; s\u00e5&nbsp; beh\u00f6ves&nbsp; h\u00e4lst med foglig vind och i klart v\u00e4der betj\u00e4na de trafikerande med loverandet.<\/em><\/p>\n\n\n\n<p><em>Detta&nbsp; vill och kan&nbsp; jag efterkomma som en uppriktig och r\u00e4ttvis lotsman samt uti denna min anbefallte tj\u00e4nst s\u00e5 uti det som Hans Kongl. Maj:t sj\u00e4lv eller \u00e5 dess v\u00e4gnar Riksens amiraliteters collegium och lotsdirekt\u00f6ren i Carlscrona s\u00e5 ock lotsdirekt\u00f6ren i Stockholm samt \u00e5lderm\u00e4n till Hans Kongl. Maj:ts och Riksens tj\u00e4nst mig bjuda och befallandes varda, mig s\u00e5 skicka och f\u00f6rh\u00e5lla som en trogen och&nbsp; \u00e4rlig Kongl. Maj:ts unders\u00e5te \u00e4gnar och anst\u00e5r, och jag det inf\u00f6r Gud, h\u00f6gstbem\u00e4lde Hans Kongl. Maj:ts h\u00f6gstlovade st\u00e4nder, Kongl. amiralitets collegio samt var&nbsp; \u00e4rlig man vill och kan \u00e4rligen till svars st\u00e5nda. S\u00e5 sant mig Gud hj\u00e4lpe till kropp och sj\u00e4l.<\/em><br><em>N. N.&#8221;<\/em><\/p>\n\n\n\n<p>Ingen lots skulle enligt best\u00e4mmelserna f\u00e5 tilltr\u00e4da tj\u00e4nsten, f\u00f6rr\u00e4n han avlagt denna trohets-&nbsp;och tj\u00e4nsteed. I regel st\u00e5r det ej i lotsrullorna n\u00e5got om edsavl\u00e4ggelsen. <\/p>\n\n\n\n<p>Lotseden 1687: <a>&#8221;Jag (namn) f\u00f6rordnad kronolotsman p\u00e5 (plats) lovar och sv\u00e4r vid Gud och hans heliga evangelium, att&nbsp; jag vill och skall vara min r\u00e4tta konung Karl XI (flera titlar) en huld, trogen och r\u00e4ttr\u00e5dig tj\u00e4nare, hans och rikets gagn och b\u00e4sta alltid s\u00f6ka att befr\u00e4mja, men ska\u00ad da och f\u00f6rd\u00e4rv i tid tillk\u00e4nnagiva och efter yttersta f\u00f6rm\u00e5ga hj\u00e4lpa till att avv\u00e4rja och f\u00f6rekomma. Dessutom skall jag denna min anbefallte lotsmanstj\u00e4nst efter den mig meddelte fullmakt och instruktion s\u00e5 mycket m\u00e4nsk- och m\u00f6jligt \u00e4r fullg\u00f6ra, och icke det ringaste varken f\u00f6r en eller annan orsak d\u00e4rifr\u00e5n avtr\u00e4da, skolandes j\u00e4mte vaksamt, nyktert och flitigt uppassande upp\u00e5 sj\u00e4lva lotsandet, alltid ju mer och mer g\u00f6ra mig f\u00f6rfaren med grunden och mitt r\u00e4tta lotsfarvatten, h\u00e5llandes mina remmare (stora prickar) och prickar i r\u00e4ttan tid, s\u00e5 mycket som g\u00f6rligt \u00e4r vid makt och ingen fr\u00e4mmande underr\u00e4tta om farvattnets beskaffenhet och s\u00e4rdeles d\u00e4r n\u00e5gra extra ordinarie leder och utlopp finnes genom sk\u00e4ren. In summa: Jag vill och skall mig uti allt vad mer bem\u00e4lte min anbefallte tj\u00e4nst ang\u00e5r s\u00e5 f\u00f6rh\u00e5lla, som jag det inf\u00f6r Gud och h\u00f6gst bem\u00e4lte Kungl. Maj:t, dess amiralitet och var redlig man tryggeligen vill och kan ansvara, och det s\u00e5 sant mig Gud hj\u00e4lpte till liv och sj\u00e4l.&#8221;<\/a><\/p>\n\n\n\n<p>Lotsarnas titlar \u00e4ndrades. I 1817 \u00e5rs rulla \u00e4r graderna nedifr\u00e5n r\u00e4knat:<\/p>\n\n\n\n<ul class=\"wp-block-list\">\n<li>L\u00e4rling<\/li>\n\n\n\n<li>Reservdr\u00e4ng<\/li>\n\n\n\n<li>ordinarie dr\u00e4ng<\/li>\n\n\n\n<li>ordinarie lots<\/li>\n\n\n\n<li>lots\u00e5lderman<\/li>\n<\/ul>\n\n\n\n<p>Men i 1824 \u00e5rs rulla \u00e4r lotsarnas tj\u00e4nstest\u00e4llning:<\/p>\n\n\n\n<ul class=\"wp-block-list\">\n<li>lotsl\u00e4rling<\/li>\n\n\n\n<li>sekundlots<\/li>\n\n\n\n<li>m\u00e4sterlots<\/li>\n\n\n\n<li>lots\u00e5lderman<\/li>\n<\/ul>\n\n\n\n<p>Ungef\u00e4r samtidigt kom ocks\u00e5 en best\u00e4mmelse att lots under tj\u00e4nstg\u00f6ring skall b\u00e4ra s. k. lotsbricka p\u00e5 br\u00f6stet.<\/p>\n\n\n\n<p>Befordran fr\u00e5n sekundlots till m\u00e4sterlots tycks fr\u00e5n b\u00f6rjan inte ha g\u00e5tt efter tj\u00e4nste\u00e5r. Medan en del lotsar fick v\u00e4nta flera \u00e5r p\u00e5 denna befordran, kunde andra bli uppflyttade efter att ha varit sekundlots endast ett \u00e5r. Det f\u00f6rekom t.o.m att en lotsl\u00e4rling direkt blev m\u00e4sterlots, och att en sekundlots blev lots\u00e5lderman. Senare fordrades 15 \u00e5rs of\u00f6rvitlig tj\u00e4nst f\u00f6r att bli m\u00e4sterlots. Om&nbsp; inte halva antalet lotsar i riket var m\u00e4sterlotsar, kunde utn\u00e4mningen till m\u00e4sterlots ske tidigare.<\/p>\n\n\n\n<p>Stora krav st\u00e4lldes p\u00e5 lotsarna. Av dem fordrades kunskap i sitt yrke, flit, nykterhet och redlighet. En lots kunde \u00e5draga sig str\u00e4ngt straff, om han genom felman\u00f6vrering eller f\u00f6rsummelse blev orsak till ett fartygs f\u00f6rlisning eller till n\u00e5gon skada \u00e5 fartyg eller bes\u00e4ttning. Vanligt straff under&nbsp; 1700-talet var ett visst antal gatlopp eller sp\u00f6straff, allt efter f\u00f6rseelsens sv\u00e5righetsgrad. Om lotsen gjort sig skyldig till sv\u00e5rare f\u00f6rseelse eller upprepad missk\u00f6tsel <em>&#8221;miste han livet&#8221;.<\/em><\/p>\n\n\n\n<p>Under 1800-talet mildrades straffbest\u00e4mmelserna. Gatloppet och sp\u00f6straffen ersattes med arrest&nbsp; eller b\u00f6ter. Det&nbsp; heter i en rulla om en lots att han d\u00f6mts till <em>&#8221;Tio dagars vatten och br\u00f6d f\u00f6r&nbsp; grundst\u00f6tning&#8221;. <\/em>S\u00e5v\u00e4l rullorna som den muntliga traditionen tyder p\u00e5 att \u00e4ven ganska sm\u00e5 f\u00f6rseelser renderade lotsarna straff.<\/p>\n\n\n\n<p>Den l\u00f6n kronan bestod lotsarna var inte stor. Enligt staten 1760 hade de d\u00e5 tj\u00e4nstg\u00f6rande lotsarna tillsammans i &#8221;f\u00f6rut best\u00e5dd l\u00f6n&#8221; 20 daler silvermynt. Lotsdr\u00e4ngarna hade som brukligt var ingen l\u00f6n. Men&nbsp; staten upptog ocks\u00e5 en post &#8221;beviljad till\u00f6kning&#8221;.&nbsp; L\u00f6nesumman f\u00f6r en lotsplats kunde efter till\u00f6kningen vara daler silvermynt. Lotsarna fick allts\u00e5 sin \u00e5rsl\u00f6n \u00f6kad med 100 % eller till 10 daler silvermynt vardera. Trots denna l\u00e5ga avl\u00f6ning var det efterstr\u00e4vat att f\u00e5 bli lots. Det<\/p>\n\n\n\n<p>hette ju att &#8221;<em>kronans kaka \u00e4r liten men den \u00e4r s\u00e4ker&#8221;.<\/em><\/p>\n\n\n\n<p>\u00c4nnu i 1817 \u00e5rs lotsrulla \u00e4r \u00e5rsl\u00f6nen f\u00f6r ordinarie lots 2 riksdaler specie, och lots\u00e5ldermannens l\u00f6n 5 riksdaler specie. 1824 \u00e5rs rulla upptager f\u00f6r \u00e5lderman 30 riksdaler banco, f\u00f6r m\u00e4sterlots 10 riks\u00ad daler banco och f\u00f6r sekundlots 5 riksdaler banco. 1 riksdaler specie=2 2\/3 riksdaler banco.<\/p>\n\n\n\n<p>F\u00f6rb\u00e4ttringen av lotsarnas l\u00f6ner har i stort sett g\u00e5tt synnerligen l\u00e5ngsamt. I avl\u00f6ningsstaten f\u00f6r \u00e5ren 1858-1860 \u00e4r dock l\u00f6ne\u00f6kningen avsev\u00e4rd s\u00e5som framg\u00e5r av f\u00f6ljande tabl\u00e5:<\/p>\n\n\n\n<p>Lots\u00e5lderman: f\u00f6rut haft &nbsp;&nbsp;&nbsp;75-150 Rdr erh\u00e5lla 300 Rdr \u00e5rlig.<br>M\u00e4sterlots:&nbsp;&nbsp;&nbsp;&nbsp; \u201d&nbsp;&nbsp;&nbsp;&nbsp;&nbsp;&nbsp;&nbsp; \u201d&nbsp;&nbsp;&nbsp;      &nbsp; 15- 45&nbsp;&nbsp;&nbsp;&nbsp;&nbsp;&nbsp;&nbsp;&nbsp;&nbsp;&nbsp;&nbsp;&nbsp;&#8221;&nbsp;&nbsp;&nbsp;&nbsp;&nbsp;120&nbsp;&nbsp; \u201d<br>Sekundlots:&nbsp;&nbsp;&nbsp;&nbsp;&nbsp;&nbsp;&nbsp; \u201d&nbsp;&nbsp;&nbsp;&nbsp;&nbsp;&nbsp;&nbsp; \u201d&nbsp;&nbsp;&nbsp;&nbsp;&nbsp; 7:50-25&nbsp;&nbsp; &nbsp;&nbsp;&nbsp;&nbsp;&nbsp;&nbsp;&nbsp;\u201d&nbsp;&nbsp;&nbsp;&nbsp;&nbsp;&nbsp;&nbsp; 60&nbsp;&nbsp; \u201d<br>Lotsl\u00e4rling med styrsedel:&nbsp;&nbsp;&nbsp;&nbsp;&nbsp;&nbsp;&nbsp;&nbsp;&nbsp;&nbsp;&nbsp;&nbsp;&nbsp;&nbsp;&nbsp;&nbsp;&nbsp;&nbsp;&nbsp;&nbsp;&nbsp;&nbsp;&nbsp;&nbsp;&nbsp; \u201d&nbsp;&nbsp;&nbsp;&nbsp;&nbsp;&nbsp; 40&nbsp;&nbsp; \u201d<\/p>\n\n\n\n<p>1881- Lotstitlar som kronolots, lots\u00e5lderman och sekundlots upph\u00f6r och i st\u00e4llet inf\u00f6rs p\u00e5 de st\u00f6rre lotsplatserna \u00f6verlots och vid de mindre lotsf\u00f6rman och i \u00f6vrigt m\u00e4sterlots, lots, extra lots och lotsl\u00e4rlingar<\/p>\n\n\n\n<p>Avl\u00f6ningslistan fr\u00e5n 1914:<br>f\u00f6r lotspersonalen upptager f\u00f6r ordinarie lots en l\u00f6n av 1000 kr, vidare tj\u00e4nstg\u00f6ringspengar 300 kr och bekl\u00e4dnadsbidrag 100 kr, summa 1400 kr. Till m\u00e4sterlots utgick ett \u00e5rligt extra arvode av 100 kr. Lotsarna p\u00e5&nbsp; platsen&nbsp; f\u00e5r&nbsp; mellan&nbsp; sig dela 40 % av lotspenningarna. Till extralots utg\u00e5r ett arvode av 600 kr j\u00e4mte bekl\u00e4dnadspenningar p\u00e5 100 kr samt 40 % av lotslotten. Ordinarie lots f\u00e5r l\u00f6netill\u00e4gg med 100 kr efter 3, 6 och 9 \u00e5rs tj\u00e4nst.<\/p>\n\n\n\n<p>1960-talet:<\/p>\n\n\n\n<p>Ordinarie lots p\u00e5 1960-talet avl\u00f6nades enligt l\u00f6negrad A11-12 och \u00f6verlots enligt A13. Lotsf\u00f6rmanstiteln \u00e4r borta och m\u00e4sterlots \u00e4r endast en titel utan s\u00e4rskilt arvode. Utom l\u00f6nen var alla lotsarna garanterade en lotslott av lotspenningar p\u00e5 400 kr pr m\u00e5n. Vid st\u00f6rre lotsplatser blev lotslotten vanligen mera \u00e4n 400 kr. De s\u00e4rskilda arvodena enligt 1914 \u00e5rs l\u00f6nelista \u00e4r borttagna.<\/p>\n\n\n\n<p>Efter avsked fr\u00e5n tj\u00e4nsten \u00e5tnj\u00f6t lotsarna pension, s. k. gratial, i rullorna tidigast omn\u00e4mnd vid mitten av 1700-talet. Under 1800- talet grundades Lotsf\u00f6rdelningens Enskilda Pensions-, Gratial- och Begrafningskassa. P\u00e5 1880-talet var \u00e5rspensionen f\u00f6r en lots 66 kr och begravningshj\u00e4lpen 30 kr. H\u00f6gsta underst\u00f6det, gratialen, till en lots\u00e4nka uppgick till 56 kr.<\/p>\n\n\n\n<p>Lotsarna hade f\u00f6rutom l\u00f6nen vissa f\u00f6rm\u00e5ner. S\u00e5 t.ex. fick de fr\u00e5n b\u00f6rjan tillgodog\u00f6ra sig de lotspenningar, som de lotsade fartygens bef\u00e4lhavare eller redare erlade. Dessa lotspenningar, som&nbsp; vid de mindre lotsplatserna ej kunde bli s\u00e5 stora, delades lika mellan lotsarna p\u00e5 platsen.<\/p>\n\n\n\n<p>Redan under 1600-talet utkom f\u00f6rordning om hur lotspenningarna skulle ber\u00e4knas. De kom att utg\u00e5 dels med ett visst \u00f6retal f\u00f6r var lotsad sj\u00f6mil och dels efter fartygets djupg\u00e5ende i fot r\u00e4knat.<\/p>\n\n\n\n<p>Fr\u00e5n 1820-talet h\u00e4rr\u00f6r en f\u00f6rm\u00e5n, enligt f\u00f6rordningen av den 16 maj 1827:<\/p>\n\n\n\n<p><em>&#8221;H\u00e4rjemte \u00e4ga ock Krono-Lotsar r\u00e4ttighet att med krok, n\u00e4t och garn idka fiske s\u00e5v\u00e4l inom de yttersta sk\u00e4ren som i \u00f6ppna hafvet, utan att n\u00e5gon skatt eller afgift d\u00e4rf\u00f6r erl\u00e4gga, af hvad namn och till hvem det vara m\u00e5, s\u00e5 framt icke enskilte \u00e4gare genom urminnes h\u00e4fd, skattl\u00e4ggning, dombref eller andra ostridiga sk\u00e4l, af fisket \u00e4ro i besittning&#8221;.<\/em><\/p>\n\n\n\n<p>Enligt en kung\u00f6relse av den 21 dec. 1877 skulle den lots, som utf\u00f6rde lotsningen ha hemv\u00e4gsers\u00e4ttning. Denna kallades &#8221;foj&#8221;. Lotsarna var angel\u00e4gna att taga sig hem p\u00e5 billigaste s\u00e4tt, s\u00e5 att de om m\u00f6jligt hade n\u00e5got av &#8221;fojen&#8221; i beh\u00e5ll.<\/p>\n\n\n\n<p>Lotsplikten, dvs skyldigheten f\u00f6r sj\u00f6farande att anlita lots, har varierat. I en kungl. f\u00f6rordning av 1687 \u00e5l\u00e5g det fartyg, som seglade ut och in i svenska sk\u00e4ren att anlita de under amiralitetskollegiet lydande edsvurna lotsarna. Denna f\u00f6rordning ersattes flera&nbsp; g\u00e5nger under 1700-och 1800-talen, s\u00e5 att lotstv\u00e5nget vissa tider mildrades och andra tider sk\u00e4rptes.<\/p>\n","protected":false},"excerpt":{"rendered":"<p>Fram till 1945 kallades chefen f\u00f6r ett lotsdistrikt lotskapten. Denne bitr\u00e4ddes av en lotsl\u00f6jtnant. N\u00e4mnda \u00e5r utbyttes titeln lotskapten mot lotsdirekt\u00f6r och lotsl\u00f6jtnant mot lotsinspekt\u00f6r. F\u00f6rmanskapet vid de st\u00f6rre lotsplatserna l\u00e5g sedan gammalt i en lots\u00e5ldermans hand. Flera mindre lotsplatser kunde vara f\u00f6renade under en \u00e5lderman. Under 1800-talets senare del fick de st\u00f6rre lotsplatserna \u00f6verlotsar&hellip; <a class=\"more-link\" href=\"https:\/\/lotsarnastockholm.se\/index.php\/lotstitlar-och-loner-forr\/\">Forts\u00e4tt l\u00e4sa <span class=\"screen-reader-text\">Lotstitlar och l\u00f6ner f\u00f6rr<\/span><\/a><\/p>\n","protected":false},"author":1,"featured_media":0,"parent":0,"menu_order":0,"comment_status":"closed","ping_status":"closed","template":"","meta":{"footnotes":""},"class_list":["post-3567","page","type-page","status-publish","hentry","entry"],"_links":{"self":[{"href":"https:\/\/lotsarnastockholm.se\/index.php\/wp-json\/wp\/v2\/pages\/3567","targetHints":{"allow":["GET"]}}],"collection":[{"href":"https:\/\/lotsarnastockholm.se\/index.php\/wp-json\/wp\/v2\/pages"}],"about":[{"href":"https:\/\/lotsarnastockholm.se\/index.php\/wp-json\/wp\/v2\/types\/page"}],"author":[{"embeddable":true,"href":"https:\/\/lotsarnastockholm.se\/index.php\/wp-json\/wp\/v2\/users\/1"}],"replies":[{"embeddable":true,"href":"https:\/\/lotsarnastockholm.se\/index.php\/wp-json\/wp\/v2\/comments?post=3567"}],"version-history":[{"count":4,"href":"https:\/\/lotsarnastockholm.se\/index.php\/wp-json\/wp\/v2\/pages\/3567\/revisions"}],"predecessor-version":[{"id":7169,"href":"https:\/\/lotsarnastockholm.se\/index.php\/wp-json\/wp\/v2\/pages\/3567\/revisions\/7169"}],"wp:attachment":[{"href":"https:\/\/lotsarnastockholm.se\/index.php\/wp-json\/wp\/v2\/media?parent=3567"}],"curies":[{"name":"wp","href":"https:\/\/api.w.org\/{rel}","templated":true}]}}