{"id":3554,"date":"2022-01-01T20:45:54","date_gmt":"2022-01-01T19:45:54","guid":{"rendered":"https:\/\/lotsarnastockholm.se\/?page_id=3554"},"modified":"2023-05-13T21:53:28","modified_gmt":"2023-05-13T20:53:28","slug":"lotsar-i-stockholm-1800-tal","status":"publish","type":"page","link":"https:\/\/lotsarnastockholm.se\/index.php\/lotsar-i-stockholm-1800-tal\/","title":{"rendered":"Lotsar 1751 och 1800-talet"},"content":{"rendered":"\n<p><strong>F\u00d6RTECKNING \u00d6VER STOCKHOLMSLOTSAR UNDER 1800-TALET I TIDSORDNING<\/strong>. F\u00f6ljande \u00e4r utdrag fr\u00e5n rullor.<\/p>\n\n\n\n<p>I denna f\u00f6rteckning \u00e4r Lots\u00e5lderm\u00e4n, \u00f6verlotsar och lotsplatschefer undantagna.<\/p>\n\n\n\n<p>Secundlotsen <strong>Staffan Staffansson \u00d6man<\/strong> f 1801, grundst\u00f6tning med svenska briggen \u201dGURLI\u201d den 10\/9 1839 p\u00e5 hasselkobben vid Kanholmsfj\u00e4rden. Misstanke om fylleri ej bestyrkt. Straff: 4 m\u00e5naders arbetsf\u00e4ngelse i Malm\u00f6. Se nedan M\u00e5l i Krigsr\u00e4tten<\/p>\n\n\n\n<p><strong>Nils Jansson Norman<\/strong>, f. 19\/8 1802, lotsl\u00e4rling 1\/8 1812, sekundlots 18\/6 1822, m\u00e4sterlots 16\/9 1844, avsked med pension 10\/2 1862. Bosatt i Norrsunda och Oppeby p\u00e5 Runmar\u00f6.<\/p>\n\n\n\n<p><strong>Johan Peter Sj\u00f6blom,<\/strong> f. 13\/12 1802, lotsl\u00e4rling 4\/9 1813, sekundlots 14\/4 1825, m\u00e4sterlots 3\/12 1846, avsked med pension 28\/1 1862. Bosatt i Stavsn\u00e4s p\u00e5 V\u00e4rmd\u00f6. (1861: 3 rdr b\u00f6ter f\u00f6r underk\u00e4nd prickning).<\/p>\n\n\n\n<p><strong>Johan Eric Runsten<\/strong>, f. 27\/9 1803, lotsl\u00e4rling 6\/5 1815, sekundlots 28\/4 1826, m\u00e4sterlots 24\/4 1849, avsked 21\/12 1865 p\u00e5 egen beg\u00e4ran. Bosatt i Styrsvik (Vittr\u00e4sk) p\u00e5 Runmar\u00f6.<\/p>\n\n\n\n<p><strong>Carl Magnus Forsberg<\/strong>, f. 25\/2 1801, lotsl\u00e4rling 24\/10 1815, sekundlots 14\/4 1825, m\u00e4sterlots 12\/6 1846, avsked 7\/5 1864 p\u00e5 egen beg\u00e4ran. Bosatt i Norrsunda p\u00e5 Runmar\u00f6. (13\/5 1850: 4 dygns arrest f\u00f6r felaktigt uppf\u00f6rande. 7\/11 1862: 3 rdr b\u00f6ter f\u00f6r underk\u00e4nd prickning)<\/p>\n\n\n\n<p><strong>Eric Runsten<\/strong>, f. 25\/6 1812, lotsl\u00e4rling 12\/4 1821, sekundlots 27\/5 1830, m\u00e4sterlots 29\/7 1850, avsked 14\/8 1865 p\u00e5 egen beg\u00e4ran. Bosatt i Norrsunda och Styrsvik p\u00e5 Runmar\u00f6. (5\/10 1848: 2 dygns arrest f\u00f6r fel i tj\u00e4nsten \u00e5 s\/s GYLFE. 20\/9 1862: 6 dygns arrest p\u00e5 vatten och br\u00f6d f\u00f6r vilseledande lotsning av s\/s BRAVIKEN samt l\u00f6gnaktiga uppgifter).<\/p>\n\n\n\n<p><strong>Gustaf Eric Dornan<\/strong>, f. 14\/10 1810, lotsl\u00e4rling 5\/6 1822, sekundlots 27\/5 1830, m\u00e4sterlots 11\/7 1853, avsked med pension 4\/11 1865. Bosatt i Solberga, S\u00f6derby p\u00e5 Runmar\u00f6. (8\/9 1864: 4 dygns vaktarrest f\u00f6r fylleri i tj\u00e4nsten. 5\/11 1864: dito.<\/p>\n\n\n\n<p><strong>Carl Gustaf Boman<\/strong>, f. 13\/9 1812 lotsl\u00e4rling 5\/6 1822, sekundlots 2\/8 1831, m\u00e4sterlots 4\/8 1853, avsked med pension 20\/9 1867. Bosatt i Oppeby, Styrsvik p\u00e5 Runmar\u00f6. (27\/11 1858: 8 dygns arrest f\u00f6r falsk rapport och orderv\u00e4gran. 14\/12 1865: 4 dygns arrest p\u00e5 vatten och br\u00f6d f\u00f6r felaktig lotsning under fylleri samt l\u00f6gnaktig uppgift).<\/p>\n\n\n\n<p><strong>Anders Gustaf S\u00f6derstr\u00f6m<\/strong>, f. 25\/1 1811, lotsl\u00e4rling 5\/6 1822, sekundlots 2\/8 1833, m\u00e4sterlots 19\/4 1854, avsked med pension 6\/2 1866. Bosatt i S\u00f6dersunda p\u00e5 Runmar\u00f6. (3\/6 1856: 6 rdr b\u00f6ter f\u00f6r fylleri).<\/p>\n\n\n\n<p><strong>Gustaf Frans Sundberg<\/strong>, f. 24\/3 1814, lotsl\u00e4rling 14\/4 1825, sekundlots 2\/8 1831, m\u00e4sterlots 19\/4 1854, avsked 5\/5 1871. Bosatt i L\u00e5ngvik p\u00e5 Runmar\u00f6. (16\/10 1867: 4 dygns vaktarrest f\u00f6r fylleri och oredlighet i tj\u00e4nsten).<\/p>\n\n\n\n<p><strong>Gustaf Eric Wickberg<\/strong>, f. 7\/5 1815, lotsl\u00e4rling 15\/12 1826, sekundlots 7\/11 1834; m\u00e4sterlots 11\/1 1856, d\u00f6d 22\/9 1863. Bosatt i Lerkila, Runmar\u00f6.<\/p>\n\n\n\n<p><strong>Eric Boman<\/strong>, f. 18\/9 1815, lotsl\u00e4rling 15\/12 1826, sekundlots 7\/11 1834, m\u00e4sterlots 11\/1 1856, avsked med pension 18\/4 1876. Bosatt i L\u00e5ngvik p\u00e5 Runmar\u00f6. (27\/8 1861: 3 rdr i b\u00f6ter f\u00f6r underk\u00e4nd prickning).<\/p>\n\n\n\n<p><strong>Gustaf Eric S\u00f6dergren<\/strong>, f. 26\/3 1817, lotsl\u00e4rling 16\/1 1830, styrsedel 9\/7 1834, sekundlots 2\/11 1837, utstruken f\u00f6r fylleri 13\/10 1862. Bosatt i S\u00f6dersunda p\u00e5 Runmar\u00f6. (30\/8 1856: 4 dygns arrest f\u00f6r fylleri och oanst\u00e4ndigt uppf\u00f6rande).<\/p>\n\n\n\n<p><strong>Carl Johan Sundberg<\/strong>, f. 18\/4 1820, lotsl\u00e4rling 16\/5 1831, styrsedel 12\/12 1834, sekundlots 16\/7 1839, m\u00e4sterlots 14\/4 1863. Bosatt i L\u00e5ngvik p\u00e5 Runmar\u00f6.<\/p>\n\n\n\n<p><strong>Johan Eric S\u00f6derman<\/strong>, f. 18\/9 1820, lotsl\u00e4rling 23\/7 1831, styrsedel 26\/7 1837, sekundlots 30\/2 1840, m\u00e4sterlots 14\/4 1863, avsked med pension 11\/11 1875. Bosatt i Lerkila p\u00e5 Runmar\u00f6. (27\/8 1861: 3 rdr i b\u00f6ter f\u00f6r underk\u00e4nd prickning).<\/p>\n\n\n\n<p><strong>Johan Norman<\/strong>, f. 4\/6 1820, lotsl\u00e4rling 5\/7 1833, styrsedel 21\/6 1838, sekundlots 27\/8 1844, m\u00e4sterlots 14\/4 1063, avsked 15\/11 1864, en\u00f6gd, otj\u00e4nstbar. Bosatt i Norrsunda p\u00e5 Runmar\u00f6.<\/p>\n\n\n\n<p><strong>Abraham Wallerman Wickberg<\/strong>, f. 12\/7 1821, lotsl\u00e4rling 15\/7 1833, styrsedel 10\/7 1838, sekundlots 29\/3 1842, m\u00e4sterlots 14\/4 1863, d\u00f6d i kolera 23\/7 1866. Bosatt i Lerkila p\u00e5 Runmar\u00f6.<\/p>\n\n\n\n<p><strong>Johan Victor Boman<\/strong>, f. 7\/5 1826, lotsl\u00e4rling 30\/8 1837, styrsedel 24\/8 1844, sekundlots 12\/6 1846, m\u00e4sterlots 14\/4 1863. Bosatt i L\u00e5ngvik p\u00e5 Runmar\u00f6. 1855: permission \u00f6ver sommaren f\u00f6r att idka sj\u00f6fart med storb\u00e5t i sk\u00e4rg\u00e5rden. 1856: dito med \u00e5ngfartyg.<\/p>\n\n\n\n<p><strong>Johan Wilhelm Wickberg<\/strong>, f. 24\/2 1828, lotsl\u00e4rling 10\/8 1838, styrsedel 24\/7 1845, sekundlots 8\/10 1848, m\u00e4sterlots 24\/9 1863, drunknade 26\/10 1867 under tj\u00e4nsteut\u00f6vning. Bosatt i L\u00e5ngvik p\u00e5 Runmar\u00f6. (27\/8 1861: 3 rdr b\u00f6ter f\u00f6r underk\u00e4nd prickning. 28\/6 1867: 4 dygns vaktarrest f\u00f6r f\u00f6rsummat uppdrag).<\/p>\n\n\n\n<p><strong>Carl Anders Forsberg<\/strong>, f. 8\/9 1829, lotsl\u00e4rling 25\/2 1840, styrsedel 7\/8 1845, sekundlots 23\/8 1849, m\u00e4sterlots 31\/5 1864, avled i olycksh\u00e4ndelse 24\/11 1877. Bosatt i Norrsunda p\u00e5 Runmar\u00f6.<\/p>\n\n\n\n<p><strong>Carl Gustaf Harman<\/strong>, f.&nbsp;22\/6 1829 (lotsson), lotsl\u00e4rling 22\/7 1841, styrsedel 12\/6 1845, sekundlots 23\/8 1849, d\u00f6d 11\/4 1864. Bosatt i Norrsunda p\u00e5 Runmar\u00f6. (8\/9 1855: 3 m\u00e5n. straffarbete p\u00e5 f\u00e4stning f\u00f6r grundst\u00f6tning med skeppet ELISABETH.)<\/p>\n\n\n\n<p><strong>Carl Peter Westerberg<\/strong>, f. 15\/9 1829, lotsl\u00e4rling 27\/8 1841, styrsedel 26\/6 1846, sekundlots 14\/12 1857, m\u00e4sterlots 21\/6 1871, avsked 5\/3 1809, transport fr\u00e5n Berghamns lotsplats 8\/5 1857. Bosatt i S\u00f6dersunda p\u00e5 Runmar\u00f6.<\/p>\n\n\n\n<p><strong>Eric Gustaf \u00d6man<\/strong>, f. 5\/8 1830, lotsl\u00e4rling 16\/9 1844, styrsedel 6\/8 1845, sekundlots 8\/7 1851, avsked p\u00e5 egen beg\u00e4ran 24\/7 1865. Bosatt i Norrsunda p\u00e5 Runmar\u00f6. (26\/2 1850: 8 dygns arrest p\u00e5 vatten och br\u00f6d f\u00f6r grundst. med s\/s GOTTLAND. 30\/8 1856: 4 dygns arrest f\u00f6r fylleri och oanst\u00e4ndigt uppf\u00f6rande. 1861: 3 rdr b\u00f6ter f\u00f6r fel. prick)<\/p>\n\n\n\n<p><strong>Carl Gustaf G\u00e4dda<\/strong>, f. 9\/11 1830 (lotsson), lotsl\u00e4rling 16\/9 1844, styrsedel 14\/7 1849, ek.-lots 11\/7 1853, m\u00e4sterlots 23\/12 1864, avsked 26\/12 1873. Bosatt i S\u00f6dersunda p\u00e5 Runmar\u00f6.<\/p>\n\n\n\n<p><strong>Johan Fredrik Sj\u00f6blom<\/strong>, f. 30\/4 1831, (lotsson), lotsl\u00e4rling 3\/12 1846, styrsedel 18\/10 1848, sekundlots 4\/8 1853, m\u00e4sterlots 31\/8 1865, avsked 16\/11 1886. Bosatt i Stavsn\u00e4s p\u00e5 V\u00e4rmd\u00f6. (28\/9 1869: 2 dygns vaktarrest f\u00f6r uppstudsighet mot f\u00f6rman. 21\/5 1875: 4 dygns vaktarrest f\u00f6r prejeri mot fartygsbef\u00e4lhavare).<\/p>\n\n\n\n<p><strong>Alexander \u00d6hman<\/strong>, f. 9\/7 1833 (lotsson), lotsl\u00e4rling 22\/3 1847, styrsedel 14\/7 1849, sekundlots 19\/4 1854, m\u00e4sterlots 8\/12 1865, Avf\u00f6rd f\u00f6r superi 20\/12 1871. Bosatt i Norrsunda p\u00e5 Runmar\u00f6. (12\/12 1867: 4 dygns vaktarrest f\u00f6r spritsmuggling till bes\u00e4ttningen under lotsning. 18\/7 1871: 4 dagar p\u00e5 vatten och br\u00f6d f\u00f6r fylleri i tj\u00e4nsten)<\/p>\n\n\n\n<p><strong>Carl Eric \u00d6man<\/strong>, f. 7\/8 1828 (mls-son), lotsl\u00e4rling 18\/10 1848, styrsedel 14\/7 1849, sekundlots 19\/4 1854, m\u00e4sterlots 30\/4 1866. Bosatt i Vittr\u00e4sk p\u00e5 Runmar\u00f6.<\/p>\n\n\n\n<p><strong>Johan Eric Runsten<\/strong>, f. 12\/10 1832 (sekundlotsson), lotsl\u00e4rling 18\/10 1848, styrsedel 14\/7 1849, sekundlots 19\/4 1854, m\u00e4sterlots 30\/4 1866 d\u00f6d 30\/10 1875. Bosatt i Styrsvik p\u00e5 Runmar\u00f6. (1861: 3 rdr i b\u00f6ter r\u00f6r underk\u00e4nd prickning).<\/p>\n\n\n\n<p><strong>Anders Peter Sj\u00f6blom<\/strong>, f. 23\/3 1836 (lotsson), lotsl\u00e4rling 23\/8 1849, styrsedel 21\/6 1854, sekundlots 30\/4 1857, avsked 30\/6 1865 f\u00f6r sjuklighet. Bosatt i Stavsn\u00e4s p\u00e5 V\u00e4rmd\u00f6.<\/p>\n\n\n\n<p><strong>Johan Gustaf Forsberg<\/strong>, f. 21\/8 1837 (lotsson), lotsl\u00e4rling 23\/8 1849, styrsedel 21\/6 1854, sekundlots 30\/4 1857, m\u00e4sterlots 27\/8 1866, d\u00f6d 22\/5 1871. Bosatt i Norrsunda p\u00e5 Runmar\u00f6.<\/p>\n\n\n\n<p><strong>Anders Gustaf Sundqvist<\/strong>, f. 5\/9 1835 (lotsson), lotsl\u00e4rling 21\/6 1851, styrsedel 18\/10 1852, sekundlots 30\/4 1857, m\u00e4sterlots 29\/11 1867, d\u00f6d 23\/10 1882. Bosatt i L\u00e5ngvik p\u00e5 Runmar\u00f6. (14\/11 1864: 4 dygns arrest f\u00f6r fylleri i tj\u00e4nsten).<\/p>\n\n\n\n<p><strong>Alexander Boman<\/strong>, f. 17\/9 1837 (lotsson), lotsl\u00e4rling 21\/9 1852, styrsedel 21\/6 1854, sekundlots 30\/4 1857, m\u00e4sterlots 29\/11 1867, avsked p\u00e5 egen beg\u00e4ran 18\/4 1876. Bosatt i L\u00e5ngvik p\u00e5 Runmar\u00f6.<\/p>\n\n\n\n<p><strong>Carl Alexander S\u00f6dergren<\/strong>, f. 20\/1 1838 (lotsson), lotsl\u00e4rling 21\/9 1852 styrsedel 11\/6 1856, sekundlots 22\/4 1864, d\u00f6d 16\/8 1866. Bosatt i S\u00f6dersunda p\u00e5 Runmar\u00f6.<\/p>\n\n\n\n<p><strong>Johan Alexander \u00d6man<\/strong>, f. 10\/10 1837 (lotsson), lotsl\u00e4rling 11\/8 1853, styrsedel 11\/6 1856, sekundlots 22\/4 1864, m\u00e4sterlots 28\/4 1876. Bosatt i Vittr\u00e4sk p\u00e5 Runmar\u00f6.<\/p>\n\n\n\n<p><strong>Samuel Eugen Wickberg<\/strong>, f. 20\/8 1838 (lotsson), lotsl\u00e4rling 11\/8 1853, styrsedel 12\/9 1856, sekundlots 23\/12 1864, avsked 11\/2 1876 och 100 kr i b\u00f6ter f\u00f6r grundst. Bosatt i Lerkila p\u00e5 Runmar\u00f6. (10\/9 1873: 100 rdr b\u00f6ter f\u00f6r grundst. med s\/s ARLA).<\/p>\n\n\n\n<p><strong>Gustaf Engelbert Sj\u00f6blom<\/strong>, f. 18\/8 1839 (lotsson), lotsl\u00e4rling 1\/7 1854, styrsedel 27\/6 1861, sekundlots 31\/8 1865, m\u00e4sterlots 15\/12 1877. Bosatt i Stavsn\u00e4s p\u00e5 V\u00e4rmd\u00f6.<\/p>\n\n\n\n<p><strong>Johan Gustaf R\u00f6nnl\u00f6f<\/strong>, f. 11\/9 1840 (lotsson), lotsl\u00e4rling 1\/7 1854, styrsedel 12 \/9 1856, sekundlots 31\/5 1864, avsked 8\/10 1875. Bosatt i Norrsunda p\u00e5 Runmar\u00f6. (13\/4 1869: 2 dygns arrest f\u00f6r fylleri i tj\u00e4nst)<\/p>\n\n\n\n<p><strong>Carl Eric S\u00f6derstr\u00f6m<\/strong> f. 5\/8 1835 (lotsson), lotsl\u00e4rling 12\/7 1854, styrsedel 12\/9 1856, avsked 4\/12 1865 f\u00f6r of\u00f6rm\u00e5ga att ta examen och sjuklighet. Bosatt i S\u00f6dersunda p\u00e5 Runmar\u00f6.<\/p>\n\n\n\n<p><strong>Carl Eric Sundgren<\/strong>, f. 1\/9 1840 (lotsson), lotsl\u00e4rling 12\/9 1856, styrsedel 13\/7 1857, sekundlots 31\/7 1865, m\u00e4sterlots 28\/4 1876, Bosatt i S\u00f6dersunda p\u00e5 Runmar\u00f6. (7\/5 1883: 10 kr i b\u00f6ter f\u00f6r f\u00f6rsummat lotsuppdrag).<\/p>\n\n\n\n<p><strong>Johan Gustaf S\u00f6derstr\u00f6m<\/strong>, f. 5\/10 1840 (lotsson), lotsl\u00e4rling 21\/7 1857 styrsedel 27\/6 1861, avsked p\u00e5 egen beg\u00e4ran 4\/6 1866. Bosatt i S\u00f6dersunda p\u00e5 Runmar\u00f6.<\/p>\n\n\n\n<p><strong>Anders Gustaf Sundberg<\/strong>, f. 14\/4 1836 (lotsson), lotsl\u00e4rling 21\/7 1857, styrsedel 5\/7 1858, sekundlots&nbsp; 31\/7 1865, m\u00e4sterlots&nbsp; 8\/8 1876. Bosatt i Lerkila p\u00e5 Runmar\u00f6.<\/p>\n\n\n\n<p><strong>Carl Gustaf Wickberg<\/strong>, f. 12\/5 1844, lotsl\u00e4rling 8\/6 1865, styrsedel 21\/7 1857, avskedad 4\/9 1866 f\u00f6r bristande h\u00e5g. Bosatt i Lerkila p\u00e5 Runmar\u00f6.<\/p>\n\n\n\n<p><strong>Johan August Sundqren<\/strong>, f. 28\/9 1842 (lotsson), lotsl\u00e4rling 2\/6 1862, styrsedel 2\/6 1862, sekundlots 8\/12 1865, m\u00e4sterlots 21\/12 1881, transport fr\u00e5n Berghamns lotsplats. Bosatt i S\u00f6dersunda p\u00e5 Runmar\u00f6. (4\/11 1867: 100 rdr b\u00f6ter f\u00f6r grundst. med slupen HILDA p\u00e5 St. H\u00f6ggarns bank. 7\/5 1883: 10 kr b\u00f6ter f\u00f6r f\u00f6rsummat lotsuppdrag).<\/p>\n\n\n\n<p>Frans Theodor Pihl, f. 8\/12 1839 (b\u00e5tskeppare, f.d. lotsl\u00e4rling), lotsl\u00e4rling 26\/7 1865, styrsedel 4\/8 1865, sekundlots 30\/4 1866, m\u00e4sterlots 1\/12 1882, d\u00f6d 7\/4 1888. Bosatt i L\u00e5ngvik p\u00e5 Runmar\u00f6. (3\/11 1867: 2 dagar arrest f\u00f6r oredighet under lotsning och osannf\u00e4rdiga uppgifter 6\/9 1873: 5 dygns vaktarrest f\u00f6r f\u00f6rsummad tj\u00e4nstg\u00f6ring).<\/p>\n\n\n\n<p><strong>Johan Gustaf Blomqvist<\/strong>, f. 12\/7 1835 (b\u00e5tskeppare), lotsl\u00e4rling 8\/9 1865, styrsedel 18\/10 1865, sekundlots 30\/4 1866, m\u00e4sterlots 5\/11 1883 Bosatt p\u00e5 Djur\u00f6.)<\/p>\n\n\n\n<p><strong>Johan Erik Byrstr\u00f6m<\/strong>, f. 3\/11 1840 (b\u00e5tskeppare), lotsl\u00e4rling 8\/9 1865, styrsedel 27\/10 1865, sekundlots 17\/5 1867, avsked 26\/5 1869, transport till Vaxholms lotsplats. Bosatt i Stavsn\u00e4s p\u00e5 V\u00e4rmd\u00f6.<\/p>\n\n\n\n<p><strong>Anders Gustaf S\u00f6derberg<\/strong>, f. 8\/2 1844 (b\u00e5tskeppare), lotsl\u00e4rling 2\/10 1865, styrsedel 6\/2 1866, sekundlots 17\/5 1867, m\u00e4sterlots 3\/12 1883, Bosatt i Lerkila p\u00e5 Runmar\u00f6.<\/p>\n\n\n\n<p><strong>Johan Fredrik \u00d6hman<\/strong>, f. 17\/8 1841 (sj\u00f6man), lotsl\u00e4rling 30\/4 1866, styrsedel 7\/9 1866, lots 23\/12 1867, m\u00e4sterlots 27\/3 1884. Bosatt i L\u00e5ngvik p\u00e5 Runmar\u00f6.<\/p>\n\n\n\n<p><strong>Gustaf Reinhold Lindqvist<\/strong>, f. 27\/3 1839 (skeppare), lotsl\u00e4rling 4\/9 1866, styrsedel 12\/8 1867, lots 24\/5 1869, m\u00e4sterlots 3\/4 1886. Bosatt i Styrsvik p\u00e5 Runmar\u00f6.<\/p>\n\n\n\n<p><strong>Johan Edward Blomqvist<\/strong>, f. 17\/6 1843, lotsl\u00e4rling 4\/9 1866, styrsedel 23\/7 1867.<\/p>\n\n\n\n<p>Wilhelm Westerberg, f. 21\/9 1843, lotsl\u00e4rling 11\/9 1866, styrsedel 22\/7 1867, lots 26\/5 1869, m\u00e4sterlots 3\/4 1886. Bosatt i Vittr\u00e4sk, Runmar\u00f6.<\/p>\n\n\n\n<p><strong>Erik Gustaf Bernhard Johansson<\/strong>, f. 19\/11 1846, lotsl\u00e4rling 22\/11 1867, styrsedel 18\/9 1868, lots 28\/4 1876, m\u00e4sterlots 16\/3 1888.<\/p>\n\n\n\n<p><strong>August Conrad Johansson<\/strong>, f. 2\/11 1848, lotsl\u00e4rling 22\/11 1867, styrsedel 18\/9 18ij8, lots 28\/4 1876, m\u00e4sterlots 16\/3 1888. Skadad i tj\u00e4nsten 1884.<\/p>\n\n\n\n<p><strong>Johan Reinhold Ollongren<\/strong>, f. 19\/7 1846, lotsl\u00e4rling 22\/11 1867, styrsedel 18\/9 1868, lots 8\/8 1876, m\u00e4sterlots 16\/3 1888.<\/p>\n\n\n\n<p><strong>Johan Gustaf Sundstr\u00f6m<\/strong>, f. 12\/3 1836, lotsl\u00e4rling 7\/8 1851, styrsedel 29\/5 1855, lots 6\/7 1858, m\u00e4sterlots 10\/10 1862, transport 6\/3 1876 fr\u00e5n Vaxholms lotsplats. (15\/9 1876: 50 kr b\u00f6ter f\u00f6r grundst\u00f6tning)<\/p>\n\n\n\n<p><strong>Anders Sj\u00f6gren<\/strong>, f. 29\/1 1838, lotsl\u00e4rling 1\/7 1854, styrsedel 1\/7 1858, lots 26\/7 1864, m\u00e4sterlots 26\/5 1869. Transport 1\/7 1858 fr\u00e5n Svenska H\u00f6garnas lotsplats till Vaxholms lotsplats. Transport 1876 fr\u00e5n Vaxholms lps till Stockholms lps. (1877: 10 kr avdrag p\u00e5 lotspeng. f\u00f6r fylleri i tj\u00e4nsten. 1886: 60 kr dito f\u00f6r dito. 1887: 200 kr b\u00f6ter f\u00f6r grundst. med s\/s MARSHELL. 1891: 60 kr avdrag f\u00f6r fylleri.<\/p>\n\n\n\n<p><strong>Johan Fredrik Andersson<\/strong> <strong>Forsberg<\/strong> (antog namnet Forsberg 1890), f. 27\/5 1846, lotsl\u00e4rling 3\/7 1869, styrsedel 14\/7 1871, lots 26\/4 1881, m\u00e4sterlots 14\/10 1890. (1883: 100 kr b\u00f6ter f\u00f6r grundst. med s\/s \u00d6REGRUND).<\/p>\n\n\n\n<p><strong>Axel Ferdinand Lindstr\u00f6m<\/strong>, f. 23 \/5 1847, lotsl\u00e4rling med styrsedel 30\/4 1881, lots 7\/6 1881. Transport fr\u00e5n Vaxholms lps.<\/p>\n\n\n\n<p><strong>Alfred Julius Sj\u00f6blom<\/strong>, f. 19\/8 1843, lotsl\u00e4rling 30\/4 1881, styrsedel samma dato, lots 15\/6 1888, m\u00e4sterlots 28\/3 1894. Transport fr\u00e5n Vaxholms lps 24\/5 1875.<\/p>\n\n\n\n<p><strong>Carl Helmer Westerberg<\/strong>, f. 24\/2 1860, lotsl\u00e4rling 30\/6 1879, styrsedel 23\/12 1881, lots 19\/3 1889, m\u00e4sterlots 13\/8 1897<\/p>\n\n\n\n<p><strong>Gustaf Albert Alexander \u00d6man<\/strong>, f. 1\/5 1861, lotsl\u00e4rling 9\/3 1882, styrsedel 4\/9 1884, extra lots 23\/10 1894, lots 23\/4 1895, mls 14\/11 1901<\/p>\n\n\n\n<p><strong>Johan Henrik Sundstr\u00f6m<\/strong>, f. 8\/4 1864, lotsl\u00e4rling 26\/6 1885, styrsedel 20\/6 1889, styrmansexamen. 1889, \u00e5ngb\u00e5tsbef\u00e4lhavare examen 1890.<\/p>\n\n\n\n<p><strong>Johan Oscar Blomqvist<\/strong>, f. 8\/11 1862, lotsl\u00e4rling 29\/7 1883, styrsedel 20\/6 1889.<\/p>\n\n\n\n<p><strong>Alfred Wilhelm Westerberg<\/strong>, f. 27 \/11 1871, lotsl\u00e4rling 29\/7 1887. Johan Axel \u00d6hman, f. 16\/1 1875, lotsl\u00e4rling 23\/7 1892.<\/p>\n\n\n\n<p><strong>Carl Conrad Sundgren<\/strong>, f 17\/5 1876,ant 1894, ex 1896, lots 1899 ml 1912 d\u00f6d 1935<\/p>\n\n\n\n<p><strong>Ejnar Reinhold Blomqvist<\/strong> f 26\/9 1872,&nbsp; ant 1894, ex 1894, lots 1898, ml 1911 \u00f6l 1931 avsked 1936, d\u00f6d 1962<\/p>\n\n\n\n<p><strong>Ernfrid Hjalmar Lundqvist<\/strong> f.1875, anr 1894, lots 1901, ml 1916, avsked 1935, d\u00f6d 1959<\/p>\n\n\n\n<p><strong>Rudolf William Sundgren<\/strong> f 1875, ant 1894, lots 1903, ml 1918, avsked 1935, d\u00f6d 1951<\/p>\n\n\n\n<p><strong>Axel Boman<\/strong> f 1873 , ant 1894, lots 1903, ml 1918, avsked 1938, d\u00f6d 1957<\/p>\n\n\n\n<p><strong>PERSONAL VID STOCKHOLMS LOTSPLATS 1751:<\/strong><\/p>\n\n\n\n<p><strong>Lotsar:<\/strong><\/p>\n\n\n\n<p>Anders Andersson, S\u00f6dersunda, Runmar\u00f6<br>Staffan Michelsson, Norrsunda, Runmar\u00f6<br>Anders Staffansson, Run\u00f6, Djur\u00f6<br>Hans Mattsson, Stavsn\u00e4s<br>Erich Erichsson, S\u00f6dersunda, Runmar\u00f6<br>Nils Nilsson, Solberga, Runmar\u00f6<br>Jan Jansson, L\u00e5ngvik, Runmar\u00f6<br>Matts Jansson, Fridsvik, V\u00e4rmd\u00f6<br>Erich J\u00f6nsson, Ekn\u00f6<br>Nils Ersson, Berghamn<br>Michel Mattsson, S\u00f6derby, Runmar\u00f6<br>P\u00e4hr Mattsson, Stavsn\u00e4s, V\u00e4rmd\u00f6<br>Erich Ersson, Stavsn\u00e4s, V\u00e4rmd\u00f6<br>Erich Hansson, L\u00e5ngvik, Runmar\u00f6<br>Staffan J\u00f6nsson, Kanholma, Vind\u00f6<br>Erich J\u00f6nsson, K\u00e4rret<br>Erich Ersson, Styrsvik, Runmar\u00f6<br>Staffan Andersson, Bj\u00f6rkvik, Ingar\u00f6<\/p>\n\n\n\n<p><strong>Utl\u00e4rda lotsdr\u00e4ngar:<\/strong><\/p>\n\n\n\n<p>Staffan Jansson, Norrsunda, Runmar\u00f6<br>Matts Mattsson, P\u00e5lsudde, Vind\u00f6<br>Jan Larsson, S\u00f6dersunda, Runmar\u00f6<br>Anders Ersson, Gatan, Runmar\u00f6<br>Johan Staffansson, Norrsunda, Runmar\u00f6<br>Jan Ersson, Styrsvik, Runmar\u00f6<br>Jan Jansson, Styrsvik, Runmar\u00f6<br>Erich Andersson, Solberga, Runmar\u00f6<br>Anders Andersson, S\u00f6dersunda, Runmar\u00f6<br>Jan Nilsson, Stavsn\u00e4s, V\u00e4rmd\u00f6.<br>Staffan Ersson. Ekn\u00f6<br>Peter Ersson, Vind\u00f6<br>Staffan Staffansson, Norrsunda, Runmar\u00f6<br>Nils Johansson, Styrsvik, Runmar\u00f6<br>Jan Ersson, Gatan, Runmar\u00f6<br>Jon Jonsson, Berghamn<br>Erich Andersson, S\u00f6derby, Runmar\u00f6<br>Erich Nilsson, Norrsunda, Runmar\u00f6<br>Matts Andersson, S\u00f6dersunda, Runmar\u00f6<br>Nils Nilsson, Lerkila, Runmar\u00f6<br>Erich Paulsson, Solberga, Runmar\u00f6<\/p>\n\n\n\n<p><strong>Lotsl\u00e4rlingar:<\/strong><br>Nils Hansson, Stavsn\u00e4s, V\u00e4rmd\u00f6<br>Hans Ersson, L\u00e5ngvik, Runmar\u00f6<br>Matts Hindrichsson, Bulland\u00f6, V\u00e4rmd\u00f6<br>Staffan Michelsson, S\u00f6derby, Runmar\u00f6<br>Olof Nilsson, Stavsn\u00e4s, V\u00e4rmd\u00f6<br>Nils Ersson, Styrsvik, Runmar\u00f6<br>Anders Mattsson, Norrsunda, Runmar\u00f6<br>Jan Andersson, Djur\u00f6<br>Hans Jansson, L\u00e5ngvik, Runmar\u00f6<br>Erich Mattsson, S\u00f6derby, Runmar\u00f6<br>Erich Ersson, L\u00e5ngvik, Runmar\u00f6<br>Matts Hansson, Stavsn\u00e4s, V\u00e4rmd\u00f6<br>Erich Ersson, Stavsn\u00e4s, V\u00e4rmd\u00f6<\/p>\n\n\n\n<h3 class=\"wp-block-heading\">M\u00e5l i Krigsr\u00e4tten<\/h3>\n\n\n\n<p>Mot secundlotsen Staffan \u00d6man vid Stockholms lotsplats, som lotsade svenska briggen GURLI fr\u00e5n Stockholm till Sandhamn den 10 september 1839 och grundst\u00f6tt p\u00e5 Hasselkobbsgrundet vid Kanholmsfj\u00e4rden mellan kl 20-21.<\/p>\n\n\n\n<p>Briggen var p\u00e5 resa Stockholm-Ostindien (Batavia) med last av j\u00e4rn, st\u00e5l och tj\u00e4ra<\/p>\n\n\n\n<p>R\u00e4ttens protokoll: Att secundlotsen \u00d6man, d\u00e5 han h\u00e4r i staden kommit ombord, genom sitt f\u00f6rh\u00e5llande givit anledning till den f\u00f6rmodan att han varit drucken. \u00d6man hade n\u00e4mligen bl.a. kastat sig bakl\u00e4nges \u00f6ver skylightet och i denna st\u00e4llning f\u00f6rblivit oaktat fruntimmer vistats \u00e5 d\u00e4ck och av ett s\u00e5dant f\u00f6rh\u00e5llande funnit sig generade, \u00e4vens\u00e5 hade \u00d6man under seglingen g\u00e5tt bredvid skepparen Boman och pratat \u00e5tskilligt trots att Boman uppmanat honom att ha n\u00e4rmare tillsyn om fartyget.<\/p>\n\n\n\n<p>Secundlotsen \u00d6man, enligt uppgift 38 \u00e5r gammal f\u00f6dd p\u00e5 Runmar\u00f6 erk\u00e4nde fritt och otvunget anklagelserna, bedjande om n\u00e5d och barmh\u00e4rtighet hos sina domare, att han var v\u00e5llande till fartygets grundst\u00f6tning. Han hade inget att f\u00f6reb\u00e4ra annat \u00e4n att han, i anseende till m\u00f6rkret, icke sett grundet, vars l\u00e4ge han sade sig ganska v\u00e4l k\u00e4nna, emedan det \u00e4r ett \u00f6vervattensgrund, men d\u00e4remot nekade han till att ha varit drucken.<\/p>\n\n\n\n<p>Lotschefen Fogelstr\u00f6m vitsordade, att \u00d6man hittills gjort sig k\u00e4nd f\u00f6r nykterhet och ordentligt uppf\u00f6rande.<\/p>\n\n\n\n<p>Straff: 4 m\u00e5naders arbetsf\u00e4ngelse i Malm\u00f6<\/p>\n","protected":false},"excerpt":{"rendered":"<p>F\u00d6RTECKNING \u00d6VER STOCKHOLMSLOTSAR UNDER 1800-TALET I TIDSORDNING. F\u00f6ljande \u00e4r utdrag fr\u00e5n rullor. I denna f\u00f6rteckning \u00e4r Lots\u00e5lderm\u00e4n, \u00f6verlotsar och lotsplatschefer undantagna. Secundlotsen Staffan Staffansson \u00d6man f 1801, grundst\u00f6tning med svenska briggen \u201dGURLI\u201d den 10\/9 1839 p\u00e5 hasselkobben vid Kanholmsfj\u00e4rden. Misstanke om fylleri ej bestyrkt. Straff: 4 m\u00e5naders arbetsf\u00e4ngelse i Malm\u00f6. Se nedan M\u00e5l i Krigsr\u00e4tten&hellip; <a class=\"more-link\" href=\"https:\/\/lotsarnastockholm.se\/index.php\/lotsar-i-stockholm-1800-tal\/\">Forts\u00e4tt l\u00e4sa <span class=\"screen-reader-text\">Lotsar 1751 och 1800-talet<\/span><\/a><\/p>\n","protected":false},"author":1,"featured_media":0,"parent":0,"menu_order":0,"comment_status":"closed","ping_status":"closed","template":"","meta":{"footnotes":""},"class_list":["post-3554","page","type-page","status-publish","hentry","entry"],"_links":{"self":[{"href":"https:\/\/lotsarnastockholm.se\/index.php\/wp-json\/wp\/v2\/pages\/3554","targetHints":{"allow":["GET"]}}],"collection":[{"href":"https:\/\/lotsarnastockholm.se\/index.php\/wp-json\/wp\/v2\/pages"}],"about":[{"href":"https:\/\/lotsarnastockholm.se\/index.php\/wp-json\/wp\/v2\/types\/page"}],"author":[{"embeddable":true,"href":"https:\/\/lotsarnastockholm.se\/index.php\/wp-json\/wp\/v2\/users\/1"}],"replies":[{"embeddable":true,"href":"https:\/\/lotsarnastockholm.se\/index.php\/wp-json\/wp\/v2\/comments?post=3554"}],"version-history":[{"count":7,"href":"https:\/\/lotsarnastockholm.se\/index.php\/wp-json\/wp\/v2\/pages\/3554\/revisions"}],"predecessor-version":[{"id":5686,"href":"https:\/\/lotsarnastockholm.se\/index.php\/wp-json\/wp\/v2\/pages\/3554\/revisions\/5686"}],"wp:attachment":[{"href":"https:\/\/lotsarnastockholm.se\/index.php\/wp-json\/wp\/v2\/media?parent=3554"}],"curies":[{"name":"wp","href":"https:\/\/api.w.org\/{rel}","templated":true}]}}