{"id":3509,"date":"2021-12-11T20:52:31","date_gmt":"2021-12-11T19:52:31","guid":{"rendered":"https:\/\/lotsarnastockholm.se\/?page_id=3509"},"modified":"2026-03-24T19:02:40","modified_gmt":"2026-03-24T18:02:40","slug":"ungskars-lotsplats","status":"publish","type":"page","link":"https:\/\/lotsarnastockholm.se\/index.php\/ungskars-lotsplats\/","title":{"rendered":"Ungsk\u00e4r Lotsplats"},"content":{"rendered":"\n<p class=\"has-text-align-center\"><a href=\"https:\/\/www.google.se\/maps\/place\/56%C2%B002'31.6%22N+15%C2%B048'14.9%22E\/@56.0421167,15.8019446,17z\/data=!3m1!4b1!4m4!3m3!8m2!3d56.0421167!4d15.8041333\">56\u00b0 02.527&#8242; N 15\u00b0 48.248&#8242; E<\/a><\/p>\n\n\n\n<p>Ok\u00e4nd b\u00f6rjan men troligen slutet av 1700 talet. Lotsplatsen indrogs 1 mars 1878 och lotsarna flyttades \u00f6ver till L\u00e5ng\u00f6ren<\/p>\n\n\n\n<p><strong>Ur Reglemente f\u00f6r Lotsverket 1799:<\/strong><\/p>\n\n\n\n<p>Under lotschefen s\u00e5som uppsyningsman f\u00f6r Carlscrona f\u00f6rdelning lyder Ungsk\u00e4rs lpl. Lotsplatsen lyder under lots\u00e5ldermannen vid L\u00e5ng\u00f6rens lpl, med personalen: 1 ordinarie lots, 1 utl\u00e4rd reservlotsdr\u00e4ng, 1 lotsl\u00e4rling. Vidare att \u201dlotsarna uppassa vid Ungsk\u00e4r emottaga fr\u00e5n sj\u00f6n at inlotsa, utlotsa til sj\u00f6ss \u00e4fven till L\u00e5ng\u00f6ren til Stenshamn eller Inl\u00e4ngan f\u00f6rbi Utl\u00e4ngan.<\/p>\n\n\n\n<p>Ur 1821 \u00e5rs rulla: Lotsl\u00e4rling H. Jansson och M Hansson<\/p>\n\n\n\n<p>Utdrag ur<\/p>\n\n\n\n<p>\u201d<strong>Rulla p\u00e5 Lotsarna inom Carlskrona F\u00f6rdelning 1846\u201d<\/strong><\/p>\n\n\n\n<p><strong>Ungsk\u00e4r Lotsplats<\/strong><\/p>\n\n\n\n<p><strong>M\u00e4ster Lots Hans Andersson.<\/strong><br>F\u00f6delse: 1799.&nbsp; Antagen i Lotsverkets tjenst: 1819 8\/5.<br>Uppf\u00f6rande: mindre godt, Tjenstbarhet: of\u00f6rtruten<br>Medier af sist f\u00f6rflutna 5 \u00e5rens Lotsf\u00f6rtjenst Riks Bco: 16<br>Gift\/Ogift: gift. Barn: Gossar: Flickor: F\u00f6delse \u00e5r: Peter 1825, M\u00e5ns 1830, Anna 1838.<br>Har ingen Jordlott, \u00e4r slarfaktig och begifven p\u00e5 supa, har en d\u00e5lig hustru och \u00e4r serdeles fattig.<\/p>\n\n\n\n<p><strong>Secund Lots Lars Andersson.<br><\/strong>F\u00f6delse: 1802. Antagen i Lotsverkets tjenst: 1824 10\/9.<br>Uppf\u00f6rande: mindre godt, Tjenstbarhet: hjelplig<br>Medier af sist f\u00f6rflutna 5 \u00e5rens Lotsf\u00f6rtjenst Riks Bco: 16<br>Gift\/Ogift: gift,Barn: Gossar: Flickor: F\u00f6delse \u00e5r: Petter 1830, Anders 1834, Olof 1836<br>Har ingen jordlott, \u00e4r mindre ordentlig och derf\u00f6re fattig, \u00e4r b\u00e5tbyggare men f\u00f6r lat att dermed syssels\u00e4tta sig.<\/p>\n\n\n\n<p><strong>Secund Lots M\u00e5ns Andersson<br><\/strong>F\u00f6delse: 1803. Antagen i Lotsverkets tjenst: 1832 10\/9. Uppf\u00f6rande: mindre godt, Tjenstbarhet: skicklig. Medier af sist f\u00f6rflutna 5 \u00e5rens Lotsf\u00f6rtjenst Riks Bco: 16. Gift\/Ogift: gift, Barn: Gossar: Ola 1836.<br>Har ingen jordlott; \u00e4r mycket fattig, och af sex barn 2ne som \u00e4ro aldeles of\u00e4rdiga och ej kunna hj\u00e4lpa sig sj\u00e4lva.<\/p>\n\n\n\n<p><strong>Lots L\u00e4rling Petter Hansson<br><\/strong>F\u00f6delse: 1825. Antagen i Lotsverkets tjenst: 1846 7\/5. Uppf\u00f6rande: mindre godt, Tjenstbarhet: obefaren. Medier af sist f\u00f6rflutna 5 \u00e5rens Lotsf\u00f6rtjenst Riks Bco: &#8211; Gift\/Ogift: ogift Bor hos fadern M\u00e4ster Lots H. Andersson.<\/p>\n\n\n\n<p><strong>Kunskaps Rulla \u00f6fver Lotsarne inom Carlskrona Lotsf\u00f6rdelning 1850-55<\/strong><\/p>\n\n\n\n<p><strong>Ungsk\u00e4r Lotsplats<\/strong><\/p>\n\n\n\n<p><strong>Hans Andersson<\/strong>.<br>F\u00f6delse: 1799 10\/3. Lotsl\u00e4rling: 1819 8\/5. Secundlots 1823 24\/10. M\u00e4sterlots 1824 14\/9. Skicklighet i tj\u00e4nsten: a. Uppf\u00f6rande: bf. Ekonomiska omst\u00e4ndigheter: c. Gift\/ogift: Gc.<\/p>\n\n\n\n<p><strong>Lars Andersson.<\/strong><br>F\u00f6delse: 1802. Lotsl\u00e4rling: 1824 10\/9. Secundlots 1832 14\/9<br>Skicklighet i tj\u00e4nsten: cc. Uppf\u00f6rande:b. Ekonomiska omst\u00e4ndigheter: b. Gift\/ogift: Ga. Barn minder\u00e5riga: 1; \u00f6fver 12 \u00e5r: 5.<\/p>\n\n\n\n<p><strong>M\u00e5ns Andersson<\/strong>. F\u00f6delse: 1803 18\/8. Lotsl\u00e4rling: 1832 10\/9. Secundlots 1834 10\/7. Skicklighet i tj\u00e4nsten: c. Uppf\u00f6rande: bf.  Gift\/ogift: Ga. Barn minder\u00e5riga: 3; \u00f6fver 12 \u00e5r: 4. hwaraf 2:ne \u00e4ro of\u00e4rdiga, ett af dessa med d\u00f6den afg\u00e5ngen.<\/p>\n\n\n\n<p><strong>Petter Hansson<\/strong>.<br>F\u00f6delse: 1825. Lotsl\u00e4rling: 1846 7\/5<br>Skicklighet i tj\u00e4nsten: c. Uppf\u00f6rande:b. Ekonomiska omst\u00e4ndigheter: d. Gift\/ogift: Gb. Barn minder\u00e5riga: 1, 1854 Barn \u00f6fver 12 \u00e5r: 1.<\/p>\n\n\n\n<p><strong>Anders M\u00e5nsson<\/strong>. F\u00f6delse: 1828. Son till M. Andersson<br>Lotsl\u00e4rling: 1849 7\/7 Skicklighet i tj\u00e4nsten: b. Uppf\u00f6rande: b. Ekonomiska omst\u00e4ndigheter: d. Gift\/ogift: Gb. Barn minder\u00e5riga: 1<\/p>\n\n\n\n<figure class=\"wp-block-table\"><table><tbody><tr><td><strong>Efternamn<\/strong><\/td><td><strong>F\u00f6rnamn<\/strong><\/td><td><strong>F\u00f6dd<\/strong><\/td><td><strong>Antagen i lotsverket<\/strong><\/td><\/tr><tr><td>Hansson<\/td><td>M<\/td><td><\/td><td><\/td><\/tr><tr><td>Jansson<\/td><td>H<\/td><td><\/td><td><\/td><\/tr><tr><td>Andersson<\/td><td>Hans<\/td><td>1799<\/td><td>1819<\/td><\/tr><tr><td>Andersson<\/td><td>Lars<\/td><td>1802<\/td><td>1824<\/td><\/tr><tr><td>Andersson<\/td><td>M\u00e5ns<\/td><td>1803<\/td><td>1832<\/td><\/tr><tr><td>Hansson<\/td><td>Petter<\/td><td>1825<\/td><td>1846<\/td><\/tr><tr><td>M\u00e5nsson<\/td><td>Anders<\/td><td>1828<\/td><td>1849<\/td><\/tr><\/tbody><\/table><\/figure>\n","protected":false},"excerpt":{"rendered":"<p>56\u00b0 02.527&#8242; N 15\u00b0 48.248&#8242; E Ok\u00e4nd b\u00f6rjan men troligen slutet av 1700 talet. Lotsplatsen indrogs 1 mars 1878 och lotsarna flyttades \u00f6ver till L\u00e5ng\u00f6ren Ur Reglemente f\u00f6r Lotsverket 1799: Under lotschefen s\u00e5som uppsyningsman f\u00f6r Carlscrona f\u00f6rdelning lyder Ungsk\u00e4rs lpl. Lotsplatsen lyder under lots\u00e5ldermannen vid L\u00e5ng\u00f6rens lpl, med personalen: 1 ordinarie lots, 1 utl\u00e4rd reservlotsdr\u00e4ng,&hellip; <a class=\"more-link\" href=\"https:\/\/lotsarnastockholm.se\/index.php\/ungskars-lotsplats\/\">Forts\u00e4tt l\u00e4sa <span class=\"screen-reader-text\">Ungsk\u00e4r Lotsplats<\/span><\/a><\/p>\n","protected":false},"author":1,"featured_media":0,"parent":0,"menu_order":0,"comment_status":"closed","ping_status":"closed","template":"","meta":{"footnotes":""},"class_list":["post-3509","page","type-page","status-publish","hentry","entry"],"_links":{"self":[{"href":"https:\/\/lotsarnastockholm.se\/index.php\/wp-json\/wp\/v2\/pages\/3509","targetHints":{"allow":["GET"]}}],"collection":[{"href":"https:\/\/lotsarnastockholm.se\/index.php\/wp-json\/wp\/v2\/pages"}],"about":[{"href":"https:\/\/lotsarnastockholm.se\/index.php\/wp-json\/wp\/v2\/types\/page"}],"author":[{"embeddable":true,"href":"https:\/\/lotsarnastockholm.se\/index.php\/wp-json\/wp\/v2\/users\/1"}],"replies":[{"embeddable":true,"href":"https:\/\/lotsarnastockholm.se\/index.php\/wp-json\/wp\/v2\/comments?post=3509"}],"version-history":[{"count":7,"href":"https:\/\/lotsarnastockholm.se\/index.php\/wp-json\/wp\/v2\/pages\/3509\/revisions"}],"predecessor-version":[{"id":7850,"href":"https:\/\/lotsarnastockholm.se\/index.php\/wp-json\/wp\/v2\/pages\/3509\/revisions\/7850"}],"wp:attachment":[{"href":"https:\/\/lotsarnastockholm.se\/index.php\/wp-json\/wp\/v2\/media?parent=3509"}],"curies":[{"name":"wp","href":"https:\/\/api.w.org\/{rel}","templated":true}]}}