{"id":3506,"date":"2021-12-11T19:04:59","date_gmt":"2021-12-11T18:04:59","guid":{"rendered":"https:\/\/lotsarnastockholm.se\/?page_id=3506"},"modified":"2026-03-13T20:02:32","modified_gmt":"2026-03-13T19:02:32","slug":"stenshamn-eller-inlangan","status":"publish","type":"page","link":"https:\/\/lotsarnastockholm.se\/index.php\/stenshamn-eller-inlangan\/","title":{"rendered":"Stenshamn\/Inl\u00e4ngan Lpl"},"content":{"rendered":"\n<p class=\"has-text-align-center\"><a href=\"https:\/\/www.google.se\/maps\/place\/56%C2%B003'03.0%22N+15%C2%B046'21.8%22E\/@56.0508333,15.770528,17z\/data=!3m1!4b1!4m4!3m3!8m2!3d56.0508333!4d15.7727167\">56\u00b0 03.050&#8242; N 15\u00b0 46.363&#8242; E<\/a><\/p>\n\n\n\n<p>Stenshamn eller Inl\u00e4ngans lotsplats<\/p>\n\n\n\n<p>Tillkom n\u00e5gon g\u00e5ng mellan 1736-1764 och indrogs 1 mars 1878 och ist\u00e4llet blev uppassningsst\u00e4lle under L\u00e5ng\u00f6rens lotsplats. L\u00e5ng\u00f6rens lpl indrogs 1 januari 1937.<\/p>\n\n\n\n<p>I publikationen Karlskronas yttre sk\u00e4rg\u00e5rd av Hjalmar Berglund st\u00e5r f\u00f6ljande:<\/p>\n\n\n\n<p>Dan K\u00f6nig som i slutet av 1700 talet tog Inl\u00e4ngan i besittning hade fyra s\u00f6ner som samtliga blev lotsar p\u00e5 den av deras far f\u00f6rv\u00e4rvade \u00f6n.&nbsp; Fr\u00e5n dem h\u00e4rstammar den hederv\u00e4rda lotssl\u00e4kten K\u00f6nig i flera generationer.<\/p>\n\n\n\n<p>I reglemente f\u00f6r lotsverket 1799 finns antecknat f\u00f6ljande:<\/p>\n\n\n\n<p>Under lotschefen s\u00e5som uppsyningsman f\u00f6r Carlscrona f\u00f6rdelning lyder Stenshamn eller Inl\u00e4nganlpl med personalen: 1 ordinarie lots, 1 utl\u00e4rd reservlotsdr\u00e4ng, 1 lotsl\u00e4rling. Vidare att \u201dlotsarna uppassa vid lotsplatsen emottaga fr\u00e5n sj\u00f6n at inlotsa, utlotsa til sj\u00f6ss och till Asp\u00f6. Lotsplatsen lyder ubnder lots\u00e5lderman p\u00e5 L\u00e5ng\u00f6ren.<\/p>\n\n\n\n<p>Redan i lotsrullan fr\u00e5n 1736-1764 \u00e4r Inl\u00e4ngan upptagen som lotsstation med tv\u00e5 lotsar och fyra lotsdr\u00e4ngar. Lotsplatsen hette d\u00e5 och fram till 1860-talet Stenshamn-Inl\u00e4ngan. Lotsarna bodde dock som regel p\u00e5 Inl\u00e4ngan. Med den f\u00f6rste av sl\u00e4kten K\u00f6nig som f\u00f6ddes p\u00e5 Inl\u00e4ngan 1763 b\u00f6rjade sl\u00e4ktens lotstradition p\u00e5 Inl\u00e4ngan vilken bestod s\u00e5 l\u00e4nge lotsstation fanns d\u00e4r. Sl\u00e4ktled efter sl\u00e4ktled gick K\u00f6nigarna i lotsverkets tj\u00e4nst. Lotsrullan f\u00f6r 1866 upptager 9 lotsbetj\u00e4nter p\u00e5 Inl\u00e4ngan vara 8 st (4 lotsar och 4 lotsl\u00e4rlingar tillh\u00f6rande sl\u00e4kten K\u00f6nig. D\u00e5 i denna rulla anteckningen gjordes till och med 1881 innebar det att dessa 8 ej var i tj\u00e4nst samtidigt.<\/p>\n\n\n\n<p>Ur Rulla 1817: Ordinarie lots A Vickberg, reservlotsdr\u00e4ng K Nilsson Lotsl\u00e4rling G K\u00f6nig<\/p>\n\n\n\n<p>Under 1870 och 1880 talen skedde en stark reducering av lotsplatsen och lotsar i \u00f6stra sk\u00e4rg\u00e5rden. 1878 f\u00f6rlorade Inl\u00e4ngan sin sj\u00e4lvst\u00e4ndighet som lotsstation och kom att lyda under L\u00e5ng\u00f6rens lotsstation. Lotsarnas antal minskades genom avg\u00e5ng av olika orsaker och n\u00e5gra nyrekryteringar skedde ej, s\u00e5 att vid Inl\u00e4ngan fanns 1881 endast en lots och tv\u00e5 lotsl\u00e4rlingar. Ganska l\u00e5ng tid under 1900 talet hade Inl\u00e4ngan tv\u00e5 lotsar och en lotsl\u00e4rling. En av dessa lotsar var Nils Alfred K\u00f6nig som var den siste lotsen p\u00e5 Inl\u00e4ngan och som tj\u00e4nstgjorde d\u00e4r till lotsplatsen nedlades 1937.<\/p>\n\n\n\n<p>&nbsp;Ovann\u00e4mnde lotsl\u00e4rling som hette Gustav K\u00f6nig blev m\u00e4sterlots och fick sin sista tj\u00e4nstg\u00f6ringstid f\u00f6rlagd till L\u00e5ng\u00f6ren d\u00e4r han blev lotsf\u00f6rman. Hans son Albin K\u00f6nig blev m\u00e4sterlots vid Karlshamns lotsplats och med honom har troligen den unika sk\u00e4rg\u00e5rdssl\u00e4kten K\u00f6nig spelat ut sin roll som lotssl\u00e4kt.<\/p>\n\n\n\n<p>Anm: Inl\u00e4ngan som ligger sydost om \u00d6 H\u00e4stholmen \u00e4r n\u00e4st Utl\u00e4ngan den st\u00f6rsta \u00f6n i yttre sk\u00e4rg\u00e5rden. Det \u00e4r ocks\u00e5 den h\u00f6gsta.<\/p>\n\n\n\n<p>Den 27 nov 1881. Skonert fr\u00e5n Kalmar p\u00e5 resa fr\u00e5n Pataholm med tr\u00e4last till Nyborg. SSV storm och h\u00e5rt v\u00e4der. Sedan b\u00e5da ankark\u00e4ttingarna sprungit, drev fartyget iv\u00e4g. Inl\u00e4ngans lotsar som observerat fartygets n\u00f6dst\u00e4llda bel\u00e4genhet utgick samt lyckades styra det in mellan br\u00e4nningarna och s\u00e4tta det fast i mudden \u00f6ster om St ? vid Inl\u00e4ngan varigenom det r\u00e4ddades fr\u00e5n en s\u00e4ker underg\u00e5ng.<\/p>\n\n\n\n<p>1893 byggdes ett nytt uppassningshus<\/p>\n\n\n\n<p class=\"has-text-align-center\"><strong>Rulla p\u00e5 Lotsarna inom Carlskrona F\u00f6rdelning 1846<br>Stenshamns Lotsplats<\/strong><\/p>\n\n\n\n<p><strong>M\u00e4ster Lots Blasius K\u00f6nig<\/strong> <br>F\u00f6delse: 1798, Antagen i Lotsverkets tjenst: 1822 9\/3.<br>Uppf\u00f6rande: hjelpligt, Tjenstbarhet: duglig<br>Medier af sist f\u00f6rflutna 5 \u00e5rens Lotsf\u00f6rtjenst Riks Bco: 23<br>Gift\/Ogift: gift, Barn: Gossar: Flickor: F\u00f6delse \u00e5r: Carl Johan 1832, Gustaf 1836, Cicilia 1838<br>Eger 1\/3 del af Inl\u00e4ngan, har dessutom 2000 RiksBco kapital utl\u00e5nat p\u00e5 r\u00e4nta; karen \u00e4r kunnig i sin tjenst men af ett serdeles stridigt sinnelag. Hustrun \u00e4r utan anm\u00e4rkning.<\/p>\n\n\n\n<p><strong>Secund Lots Petter K\u00f6nig<\/strong><br>F\u00f6delse: 1809, Antagen i Lotsverkets tjenst: 1827 6\/9<br>Uppf\u00f6rande: godt, Tjenstbarhet: skicklig<br>Medier af sist f\u00f6rflutna 5 \u00e5rens Lotsf\u00f6rtjenst Riks Bco: 23<br>Gift\/Ogift: gift Barn: Gossar: Flickor: F\u00f6delse \u00e5r: Gustaf 1838, Jonas 1842<br>Eger en tredjedel af Inl\u00e4ngan, \u00e4r p\u00e5litlig och rask, samt har en bra hustru.<\/p>\n\n\n\n<p><strong>Lots L\u00e4rling Jonas K\u00f6nig<\/strong><br>F\u00f6delse: 1811, Antagen i Lotsverkets tjenst: 1831 12\/11.<br>Uppf\u00f6rande: godt, Tjenstbarhet: skicklig<br>Medier af sist f\u00f6rflutna 5 \u00e5rens Lotsf\u00f6rtjenst Riks Bco: 23<br>Gift\/Ogift: gift Barn: Gossar: Flickor: F\u00f6delse \u00e5r: Cicilia 1839<br>Eger 1\/3 del af Inl\u00e4ngan, \u00e4r af ett serdeles godt och fromt sinnelag, men utm\u00e4rkt rask och p\u00e5litlig; bra hustru. Son till Blasius, bor hos f\u00f6r\u00e4ldrarna.<\/p>\n\n\n\n<p class=\"has-text-align-center\"><strong>Kunskaps Rulla \u00f6fver <\/strong><br><strong>Lotsarne inom Carlskrona Lotsf\u00f6rdelning 1850-55.<\/strong><\/p>\n\n\n\n<p><strong>Blasius K\u00f6nig <\/strong><br>F\u00f6delse: 1798 6\/8 Lotsl\u00e4rling: 1822 9\/3. M\u00e4sterlots 1831 11\/2. Skicklighet i tj\u00e4nsten: aa. Uppf\u00f6rande: b. Ekonomiska omst\u00e4ndigheter: aa. Gift\/ogift: Ga. Barn minder\u00e5riga: 1; \u00f6fver 12 \u00e5r: 3.<br>1851 12\/1 med d\u00f6den afg\u00e5ngen.<\/p>\n\n\n\n<p><strong>Petter G. K\u00f6nig <\/strong>F\u00f6delse: 1809 5\/5 Lotsl\u00e4rling: 1827. Secundlots 1831. M\u00e4sterlots 1851 29\/4. Skicklighet i tj\u00e4nsten: a. Uppf\u00f6rande: b. Ekonomiska omst\u00e4ndigheter: a. Gift\/ogift: Ga. Barn minder\u00e5riga: 2; \u00f6fver 12 \u00e5r: 1.<\/p>\n\n\n\n<p><strong>Jonas K\u00f6nig <\/strong><br>F\u00f6delse: 1811 26\/6 Lotsl\u00e4rling: 1831 12\/11. Secundlots 1857 29\/4. Skicklighet i tj\u00e4nsten: aa. Uppf\u00f6rande: a<br>Gift\/ogift: Ga. Barn minder\u00e5riga: 3<\/p>\n\n\n\n<p><strong>Carl Joh. K\u00f6nig <\/strong>F\u00f6delse: 1832 Son av B. K\u00f6nig, Lotsl\u00e4rling: 1844<br>Skicklighet i tj\u00e4nsten: b. Uppf\u00f6rande: a.<\/p>\n\n\n\n<p><strong>Gust. Eric K\u00f6nig <\/strong>F\u00f6delse: 1838 18\/5 Son till Pet. K\u00f6nig<br>Skicklighet i tj\u00e4nsten: b, Uppf\u00f6rande: b.<\/p>\n\n\n\n<p><strong>Ola Andersson <\/strong>F\u00f6delse: 1824 5\/4, Lotsl\u00e4rling: 1847<br>Skicklighet i tj\u00e4nsten: a. Uppf\u00f6rande: aa.<br>Gift\/ogift: Ga Barn minder\u00e5riga: 1<\/p>\n\n\n\n<figure class=\"wp-block-table alignwide\"><table class=\"has-fixed-layout\"><tbody><tr><td><strong>Efternamn<\/strong><\/td><td><strong>F\u00f6rnamn<\/strong><\/td><td><strong>F\u00f6dd<\/strong><\/td><td><strong>I Staten<\/strong><\/td><td><strong>Lpl 1<\/strong><\/td><td><strong>Lpl 2<\/strong><\/td><\/tr><tr><td>K\u00f6nig<\/td><td>Nils<\/td><td><\/td><td><\/td><td>Stenshamn (Inl\u00e4ngan)<\/td><td><\/td><\/tr><tr><td>Nilsson<\/td><td>K<\/td><td><\/td><td><\/td><td>Stenshamn (Inl\u00e4ngan)<\/td><td><\/td><\/tr><tr><td>Vickberg<\/td><td>A<\/td><td><\/td><td><\/td><td>Stenshamn (Inl\u00e4ngan)<\/td><td><\/td><\/tr><tr><td>K\u00f6nig<\/td><td>Gustav<\/td><td>1763<\/td><td><\/td><td>Stenshamn (Inl\u00e4ngan)<\/td><td><\/td><\/tr><tr><td>K\u00f6nig<\/td><td>Blasius<\/td><td>1798<\/td><td>1822<\/td><td>Stenshamn (Inl\u00e4ngan)<\/td><td><\/td><\/tr><tr><td>K\u00f6nig<\/td><td>Petter<\/td><td>1809<\/td><td>1827<\/td><td>Stenshamn (Inl\u00e4ngan)<\/td><td><\/td><\/tr><tr><td>K\u00f6nig<\/td><td>Jonas<\/td><td>1811<\/td><td>1831<\/td><td>Stenshamn (Inl\u00e4ngan)<\/td><td><\/td><\/tr><tr><td>Andersson<\/td><td>Ola<\/td><td>1824<\/td><td>1847<\/td><td>Stenshamn (Inl\u00e4ngan)<\/td><td><\/td><\/tr><tr><td>K\u00f6nig<\/td><td>Carl<\/td><td>1831<\/td><td>1844<\/td><td>Stenshamn (Inl\u00e4ngan)<\/td><td><\/td><\/tr><tr><td>K\u00f6nig<\/td><td>Gustav<\/td><td>1838<\/td><td>1848<\/td><td>L\u00e5ng\u00f6ren<\/td><td>Stenshamn (Inl\u00e4ngan)<\/td><\/tr><tr><td>K\u00f6nig<\/td><td>Andreas<\/td><td>1846<\/td><td><\/td><td>Stenshamn (Inl\u00e4ngan)<\/td><td><\/td><\/tr><\/tbody><\/table><\/figure>\n\n\n\n<hr class=\"wp-block-separator has-css-opacity\"\/>\n","protected":false},"excerpt":{"rendered":"<p>56\u00b0 03.050&#8242; N 15\u00b0 46.363&#8242; E Stenshamn eller Inl\u00e4ngans lotsplats Tillkom n\u00e5gon g\u00e5ng mellan 1736-1764 och indrogs 1 mars 1878 och ist\u00e4llet blev uppassningsst\u00e4lle under L\u00e5ng\u00f6rens lotsplats. L\u00e5ng\u00f6rens lpl indrogs 1 januari 1937. I publikationen Karlskronas yttre sk\u00e4rg\u00e5rd av Hjalmar Berglund st\u00e5r f\u00f6ljande: Dan K\u00f6nig som i slutet av 1700 talet tog Inl\u00e4ngan i besittning&hellip; <a class=\"more-link\" href=\"https:\/\/lotsarnastockholm.se\/index.php\/stenshamn-eller-inlangan\/\">Forts\u00e4tt l\u00e4sa <span class=\"screen-reader-text\">Stenshamn\/Inl\u00e4ngan Lpl<\/span><\/a><\/p>\n","protected":false},"author":1,"featured_media":0,"parent":0,"menu_order":0,"comment_status":"closed","ping_status":"closed","template":"","meta":{"footnotes":""},"class_list":["post-3506","page","type-page","status-publish","hentry","entry"],"_links":{"self":[{"href":"https:\/\/lotsarnastockholm.se\/index.php\/wp-json\/wp\/v2\/pages\/3506","targetHints":{"allow":["GET"]}}],"collection":[{"href":"https:\/\/lotsarnastockholm.se\/index.php\/wp-json\/wp\/v2\/pages"}],"about":[{"href":"https:\/\/lotsarnastockholm.se\/index.php\/wp-json\/wp\/v2\/types\/page"}],"author":[{"embeddable":true,"href":"https:\/\/lotsarnastockholm.se\/index.php\/wp-json\/wp\/v2\/users\/1"}],"replies":[{"embeddable":true,"href":"https:\/\/lotsarnastockholm.se\/index.php\/wp-json\/wp\/v2\/comments?post=3506"}],"version-history":[{"count":8,"href":"https:\/\/lotsarnastockholm.se\/index.php\/wp-json\/wp\/v2\/pages\/3506\/revisions"}],"predecessor-version":[{"id":7811,"href":"https:\/\/lotsarnastockholm.se\/index.php\/wp-json\/wp\/v2\/pages\/3506\/revisions\/7811"}],"wp:attachment":[{"href":"https:\/\/lotsarnastockholm.se\/index.php\/wp-json\/wp\/v2\/media?parent=3506"}],"curies":[{"name":"wp","href":"https:\/\/api.w.org\/{rel}","templated":true}]}}