{"id":3491,"date":"2021-12-09T11:57:36","date_gmt":"2021-12-09T10:57:36","guid":{"rendered":"https:\/\/lotsarnastockholm.se\/?page_id=3491"},"modified":"2023-11-18T19:16:51","modified_gmt":"2023-11-18T18:16:51","slug":"hastholmen-lotsplats","status":"publish","type":"page","link":"https:\/\/lotsarnastockholm.se\/index.php\/hastholmen-lotsplats\/","title":{"rendered":"H\u00e4stholmen Lotsplats"},"content":{"rendered":"\n<p class=\"has-text-align-center\"><a href=\"https:\/\/www.google.se\/maps\/place\/56%C2%B005'52.1%22N+15%C2%B046'58.7%22E\/@56.0978,15.7807946,17z\/data=!3m1!4b1!4m4!3m3!8m2!3d56.0978!4d15.7829833\">56\u00b0 05.868&#8242; N 15\u00b0 46.979&#8242; E<\/a><\/p>\n\n\n\n<h4 class=\"wp-block-heading\">Ur CG Sundius anteckningar<\/h4>\n\n\n\n<p>Lotsplatsen tillkom i slutet av 1680 talet samt indrogs 1 mars 1878.<\/p>\n\n\n\n<p>Ur stadgarna 1697: Lotsarna vid H\u00e4stholmen hade att f\u00f6ra fartygen till Asp\u00f6 och Karlskrona.<\/p>\n\n\n\n<p><em>\u201dAlla officerare och amiralitetsbetj\u00e4nter som f\u00f6rde kronans fartyg skulle vara f\u00f6rbundna att angiva sig f\u00f6r lotsarna p\u00e5 Asp\u00f6 och H\u00e4stholmen. Om man utf\u00f6rde lotsning \u00e5t stormdrivna farkoster eller s\u00e5dana som r\u00e5kat ut f\u00f6r ov\u00e4der, hj\u00e4lpte till att b\u00e4rga deras medf\u00f6rda gods, hade de att erh\u00e5lla en ers\u00e4ttning efter \u00f6verenskommelse. Kronans fartyg skulle de emellertid vara skyldiga att utan ers\u00e4ttning bitr\u00e4da ifall man s\u00e5 \u00f6nskade.\u201d<\/em><\/p>\n\n\n\n<p>1697 hade lotsplatsen 1 lotsdr\u00e4ng och 1 lotsl\u00e4rling<\/p>\n\n\n\n<p>Ur rulla 1736:<br>Lots Jon Andersson, 51 \u00e5r, i tj\u00e4nst 1710<br>Lots Lars Larsson, 42 \u00e5r, i tj\u00e4nst 1712<br>Lots Gabriel Nilsson i tj\u00e4nst 1734<br>Lotsdr\u00e4ng Jon Olufsson<\/p>\n\n\n\n<p>Ur Rulla 1744:<br>Lotsar: Lars Larsson, Gabriel Nilsson och Oluf Arvidsson<br>Lotsdr\u00e4ngar: Jon Olsson och Oluf Matthisson<\/p>\n\n\n\n<p>Ur rulla 1817:<br>Lots\u00e5lderman O Olsson<br>Ordinarie lots S Olsson och A Olsson<br>Ordinarie lotsdr\u00e4ng: P Andersson, O Andersson, O Arildsson<br>Reservlotsdr\u00e4ng: O Larsson och P Andersson<br>Lotsl\u00e4rling: Oluf Andersson och O Mattsson<\/p>\n\n\n\n<p>I reglemente f\u00f6r Lotsverket 1799 finns antecknat: Under lotschefen s\u00e5som uppsyningsman f\u00f6r Carlskrona f\u00f6rdelning lyder H\u00e4stholmens lotsplats. Personal: 1 lots\u00e5lderman, 2 ordinarie lotsar, 3 utl\u00e4rda lotsdr\u00e4ngar 2 reservlotsdr\u00e4ngar samt 2 lotsl\u00e4rlingar<\/p>\n\n\n\n<p>Enl. reglemente 1820: Lots uppassa vid lotsg\u00e5rden, emottaga de fartyg som passerat L\u00e5ng\u00f6ren och \u00e4rna sig genom ? G\u00e5safjorden, vid yttersta \u00e4ndan av Ytter\u00f6n p\u00e5 de fartyg som komma ifr\u00e5n Karlskrona och \u00e4rna sig till sj\u00f6ss genom Yttersund.<\/p>\n\n\n\n<p>Enligt reglemente 1820: 1 \u00c5lderman, 2 m\u00e4sterlotsar, 5 secondlotsar, 2 lotsl\u00e4rlingar<\/p>\n\n\n\n<h4 class=\"wp-block-heading\">Bestraffningar p\u00e5 1800-talet<\/h4>\n\n\n\n<p>Secund Lotsen Anders Nilsson<br>\u00c5r 1831 den 7 de Nov, straffad med \u00e5tta dagars arrest i Carlskrona h\u00e4kte uti l\u00e5st rum, utan s\u00e4llskap etz: f\u00f6r v\u00e5ldsamt och otidligt uppf\u00f6rande emot d: v: tillh\u00f6rande Lots \u00e5ldersmannen \u00d6fverstyrman Flaggjunk. A. Tilosi<\/p>\n\n\n\n<p>Secund Lotsen Anders Olsson<br>\u00c5r 1827 den 15 de December, straffad med Fyra dagars arrest i Carlskrona h\u00e4kte uti l\u00e5st rum, utan s\u00e4llskap etz: f\u00f6r tjenstef\u00f6rsummelse.<\/p>\n\n\n\n<h4 class=\"wp-block-heading has-text-align-center\">Nedanst\u00e5ende \u00e4r utdrag ur publikationen:<br>&#8221;<strong>Karlskronas yttre sk\u00e4rg\u00e5rd<\/strong>&#8221;<br> av <em>Hjalmar Berglund<\/em>.<\/h4>\n\n\n\n<p>Lotsstationen p\u00e5 H\u00e4stholmen hade gamla anor. Den fanns redan i slutet av 1600-talet. Inloppet vid Inl\u00e4ngan och farlederna genom H\u00e5ll\u00f6fj\u00e4rden och G\u00e5sfj\u00e4rden var sedan l\u00e5ng tidtillbaka k\u00e4nda, varf\u00f6r H\u00e4stholmen hade ett f\u00f6r sj\u00f6farten gynnsamt l\u00e4ge. Genom dessa farleder kom man in i sk\u00e4rg\u00e5rden och f\u00f6ljande djupr\u00e4nnan fr\u00e5n G\u00e5sfj\u00e4rden kunde ganska djupg\u00e5ende fartyg komma \u00e4nda in till Hammarbyfj\u00e4rden som numera kallas Hallarumsviken d\u00e4r det fanns en av \u00f6stra Blekinges mest k\u00e4nda och ber\u00f6mda hamnar i \u00e4ldre tider.<\/p>\n\n\n\n<p>P\u00e5 H\u00e4stholmen var p\u00e5 1820-talet en efter den tiden ganska stor lotsstation och hade en l\u00e5ng tid \u00e5tta lotsar. H\u00e4stholmen var ett kronohemman som var delat mellan lotsarna som i regel hade vardera 1\/8 del hemman. Lotsarna var p\u00e5 ett eller annat s\u00e4tt tillf\u00f6rs\u00e4krade s\u00e5 stor jordareal att de kunde f\u00f6da minst en ko. De hade denna f\u00f6rm\u00e5n f\u00f6r att deras l\u00f6n och deras lotspenningarna var s\u00e5 knappt tilltagna. De hade f\u00f6r att i stor utstr\u00e4ckning leva av fiske.<\/p>\n\n\n\n<p>D\u00e5 lotsv\u00e4sendet organiserades i slutet av 1600 talet blev H\u00e4stholmen en av de f\u00f6rsta lotsstationerna i \u00f6stra Blekinge. 1692 brukade lotsarna kronohemmanet H\u00e4stholmen f\u00f6r lotstj\u00e4nsten, varf\u00f6r den kallas lotshemman. Lotsarna h\u00e4r hade ej haft n\u00e5gon l\u00f6n men d\u00e5 utverkade chefen f\u00f6r lotsv\u00e4sendet i Sverige styrmansdirekt\u00f6r P. Gedda \u00e5t dem en \u00e5rlig l\u00f6n av 5 daler silvermynt vardera. H\u00e4rtill kom lotspenningarna men \u00e4ven dessa var ringa. F\u00f6r sitt uppeh\u00e4lle hade de huvudsakligen att r\u00e4kna med vad jorden och fisket gav.<\/p>\n\n\n\n<p>1878 nedlades H\u00e4stholmen som lotsstation. Kvarvarande lotsar skulle tj\u00e4nstg\u00f6ra p\u00e5 L\u00e5ng\u00f6ren. Redan 1881 fick de tre lotsarna O Petersson, N Andersson och A Nilsson avsked, pensionsbrev och resolution \u00e5 avl\u00f6ning p\u00e5 indragen stat. Tv\u00e5 lotsl\u00e4rlingar fick avsked med motiveringen <em>\u201dsaknar fallenhet f\u00f6r yrket\u201d<\/em>. Kvar var endast Jonas Svensson som befordrades till lots med tj\u00e4nstg\u00f6ring vid L\u00e5ng\u00f6rens lotsplats. H\u00e4rmed var en n\u00e4ra 200 \u00e5rig lotstradition bruten. I sl\u00e4ktled efter sl\u00e4ktled hade far och son tj\u00e4nat kronan. De var n\u00e4mligen under denna tid kronolotsar och lydde under amiralitetet. De fick hj\u00e4lpa m\u00e5nga n\u00f6dst\u00e4llda sj\u00f6m\u00e4n i hamn. Det talades ej mycket om deras farofyllda g\u00e4rningar. Ej heller gav det s\u00e5 stor ekonomisk vinst. Men f\u00f6r dem var det nog att under sv\u00e5ra f\u00f6rh\u00e5llanden ha utf\u00f6rt sin plikt.<\/p>\n\n\n\n<p>H\u00e4stholmens lotsar hade skyldighet att rusta med b\u00e5tsman vid 2:a indelningskompaniet men de var befriade fr\u00e5n utskrivning f\u00f6r sig sj\u00e4lv och sitt folk. Vidare var de befriade fr\u00e5n inkvartering, v\u00e4gr\u00f6jning, bro-, g\u00e4stgiveri- och tingshusbyggnad, krono-, g\u00e4stgiveri- och f\u00e5ngskjuts samt skallg\u00e5ng.<\/p>\n\n\n\n<p>S\u00e5 sent som 1846 fick lotsarna alltj\u00e4mt sin utkomst huvudsakligen fr\u00e5n jordbruket och fisket, ty 8 lotsar p\u00e5 H\u00e4stholmen hade vardera en \u00e5rlig lotsf\u00f6rtj\u00e4nst av endast 11 riksdaler banco enligt lotsrullan f\u00f6r detta \u00e5r.<\/p>\n\n\n\n<p>Vid laga skifte 1867 var lotshemmanet delat i 16 brytningsdelar. H\u00e4r var d\u00e5 11 lotsbetj\u00e4nter. Men H\u00e4stholmen kom snart h\u00e4refter att ligga vid sidan av de stora trafikstr\u00e5ken till sj\u00f6ss. L\u00e5ng\u00f6ren ryckte upp som den viktigaste lotsstationen i \u00f6stra Blekinge Av de 11 lotsbetj\u00e4nterna avgick 2 lotsar med pension och en med d\u00f6den \u00e5r 1868. Samma \u00e5r drunknade 2 lotsl\u00e4rlingar.<\/p>\n\n\n\n<p><em>Anm: Numera kallas \u00f6n \u00d6stra H\u00e4stholmen f\u00f6r att skilja den fr\u00e5n V\u00e4stra H\u00e4stholmen vid Hassl\u00f6. \u00d6n \u00e4r bel\u00e4gen mitt emellan Sturk\u00f6 och Torhamns udde och kan n\u00e5s idag med bilf\u00e4rja<\/em><\/p>\n\n\n\n<h4 class=\"wp-block-heading\">Utdrag ur: \u201dRulla p\u00e5 Lotsarna inom Carlskrona F\u00f6rdelning 1846\u201d<\/h4>\n\n\n\n<p>H\u00e4stholmens Lotsplats<br>M\u00e4ster Lots <strong>Sven Pettersson<\/strong><br>F\u00f6delse: 1798<br>Antagen i Lotsverkets tjenst: 1819 16\/4.<br>Uppf\u00f6rande: godt<br>Tjenstbarhet: skicklig<br>Medier af sist f\u00f6rflutna 5 \u00e5rens Lotsf\u00f6rtjenst Riks Bco: 11<br>Gift\/Ogift: gift Barn: Gossar: Flickor: F\u00f6delse \u00e5r: Anders 1834 Jonas 1837 Ola 1840<br>Egare af 1\/8 hemman H\u00e4stholmen, \u00e4r n\u00e5got skuldsatt \u2013 har mindre bra hustru.<\/p>\n\n\n\n<p>M\u00e4ster Lots <strong>Sven Olsson<\/strong><br>F\u00f6delse: 1800<br>Antagen i Lotsverkets tjenst: 1821 10\/3.<br>Uppf\u00f6rande: godt<br>Tjenstbarhet: skicklig<br>Medier af sist f\u00f6rflutna 5 \u00e5rens Lotsf\u00f6rtjenst Riks Bco: 11<br>Gift\/Ogift: gift 9 Barn: Gossar: Flickor: F\u00f6delse \u00e5r: Ola 1843 Elin 1835 Botilda 1838<br>Egare af 1\/16 hemman och bergar sig bra, har 300 RiksBco kapital. \u2013 Hustrun \u00e4r utan anm\u00e4rkning<\/p>\n\n\n\n<p>Secund Lotsen <strong>And. Svensson<\/strong><br>F\u00f6delse: 1800<br>Antagen i Lotsverkets tjenst: 1821 14\/4.<br>Uppf\u00f6rande: godt<br>Tjenstbarhet: skicklig<br>Medier af sist f\u00f6rflutna 5 \u00e5rens Lotsf\u00f6rtjenst Riks Bco: 11<br>Gift\/Ogift: gift Barn: Gossar: Flickor: F\u00f6delse \u00e5r: Anders 1833 Ola 1837 Holjer 1842<br>Eger 1\/16 dels hemman men har der\u00e5 mycket skuld och s\u00e5ledes fattig. \u2013 Hustrun \u00e4r bra<\/p>\n\n\n\n<p>Secund Lotsen <strong>Jonas Andersson<\/strong><br>F\u00f6delse: 1807<br>Antagen i Lotsverkets tjenst: 1825 16\/9<br>Uppf\u00f6rande: godt<br>Tjenstbarhet: skicklig<br>Medier af sist f\u00f6rflutna 5 \u00e5rens Lotsf\u00f6rtjenst Riks Bco: 11<br>Gift\/Ogift: gift Barn: Gossar: Flickor: F\u00f6delse \u00e5r: Ola 1835, Joh. Gustaf 1841, Christina 1838<br>Egare af 1\/16 dels hemman men \u00e5 hvilket har han 400 RiksBco skuld. \u2013 Hustrun har p\u00e5 senare \u00e5ren blifvit svagsint, och \u00e4r det derf\u00f6re fattigt och sv\u00e5rt f\u00f6r dem.<\/p>\n\n\n\n<p>Sec. Lotsen <strong>And. Pettersson<\/strong> F\u00f6delse: 1814<br>Antagen i Lotsverkets tjenst: 1840 30\/9<br>Uppf\u00f6rande: bra<br>Tjenstbarhet: duglig<br>Medier af sist f\u00f6rflutna 5 \u00e5rens Lotsf\u00f6rtjenst Riks Bco: 11<br>Gift\/Ogift: gift Barn: Gossar: Flickor: F\u00f6delse \u00e5r: Sven 1838 Petter 1840 Anders 1842<br>Egare af 1\/8 dels hemman utan skuld \u2013 n\u00e5got stridsint och ej utan b\u00f6jelse f\u00f6r starka drycker.<br>Hustrun bra.<\/p>\n\n\n\n<p>Sec. Lotsen <strong>Olof Pettersson<\/strong><br>F\u00f6delse: 1821<br>Antagen i Lotsverkets tjenst: 1841 10\/11.<br>Uppf\u00f6rande: godt<br>Tjenstbarhet: duglig<br>Medier af sist f\u00f6rflutna 5 \u00e5rens Lotsf\u00f6rtjenst Riks Bco: 11<br>Gift\/Ogift: gift<br>Egare af 1\/16 dels hemman utan skuld.<\/p>\n\n\n\n<p>Lots L\u00e4rling <strong>Nils Andersson<\/strong><br>F\u00f6delse: 1826<br>Antagen i Lotsverkets tjenst: 1843 17\/6.<br>Uppf\u00f6rande: godt<br>Tjenstbarhet: bra Medier af sist f\u00f6rflutna 5 \u00e5rens Lotsf\u00f6rtjenst Riks Bco: 11<br>Gift\/Ogift: ogift. \u00c4r utan hemman, bor hos sv\u00e4rfadern<\/p>\n\n\n\n<p>Lots L\u00e4rling <strong>Anders Andersson<\/strong><br>F\u00f6delse: 1826<br>Antagen i Lotsverkets tjenst: 1843 23\/12<br>Uppf\u00f6rande: godt<br>Tjenstbarhet: obefaren<br>Gift\/Ogift: ogift Son till framlidne Sec. Lotsen Anders Olsson.<\/p>\n\n\n\n<h4 class=\"wp-block-heading\">Utdrag ur:<strong> Kunskaps Rulla \u00f6fver Lotsarne inom Carlskrona<\/strong><\/h4>\n\n\n\n<p> Lotsf\u00f6rdelning 1850-55. <em>(Originalet p\u00e5 Krigsarkivet i Stockholm.<\/em><br><em>Handling: S\u00f6dra Lotsdistriktet 508A, bunt 50)<\/em><\/p>\n\n\n\n<p>H\u00e4stholmens Lotsplats<\/p>\n\n\n\n<p><strong>Sven Pettersson<\/strong><br>F\u00f6delse: 1798 1\/8<br>Lotsl\u00e4rling: 1819 16\/4. Secundlots 1820 28\/9. M\u00e4sterlots 1844 23\/7<br>Barn minder\u00e5riga: 2; \u00f6fver 12 \u00e5r: 3.<\/p>\n\n\n\n<p><strong>Anders Svensson<\/strong><br>F\u00f6delse: 1800 11\/10<br>Lotsl\u00e4rling: 1821 14\/4. Secundlots 1840 24\/8<br>Barn minder\u00e5riga: 2; \u00f6fver 12 \u00e5r: 3.<\/p>\n\n\n\n<p><strong>Jonas Andersson<\/strong><br>F\u00f6delse: 1807 28\/8<br>Lotsl\u00e4rling: 1825 16\/9. Secundlots 1844 22\/7.<br>Minder\u00e5riga barn: 2. Barn \u00f6fver 12 \u00e5r: 2.<br>D\u00f6d 1852 Med d\u00f6den afg\u00e5ngen.<\/p>\n\n\n\n<p><strong>Anders Pettersson<\/strong><br>F\u00f6delse: 1814 2\/1<br>Lotsl\u00e4rling: 1840 30\/9. Secundlots 1845 22\/7<br>Barn minder\u00e5riga: -; \u00f6fver 12 \u00e5r: -. 19<br>D\u00f6d den 24\/11 1854 med d\u00f6den afg\u00e5ngen<\/p>\n\n\n\n<p><strong>Ola Pettersson<\/strong><br>F\u00f6delse: 1826 18\/3<br>Lotsl\u00e4rling: 1841 10\/11. Secundlots 1846 23\/9<\/p>\n\n\n\n<p><strong>Nils Andersson<\/strong><br>F\u00f6delse: 1826 10\/1<br>Lotsl\u00e4rling: 1843 17\/6<\/p>\n\n\n\n<p><strong>Anders Andersson<\/strong><br>F\u00f6delse: 1828 22\/10<br>Lotsl\u00e4rling: 1843 23\/12<br>Den 24\/11 1854 med d\u00f6den afg\u00e5ngen<\/p>\n\n\n\n<p><strong>Anders Nilsson<\/strong><br>F\u00f6delse: 1823<br>Lotsl\u00e4rling: 1844 20\/5<br>Barn minder\u00e5riga: 3; \u00f6fver 12 \u00e5r<\/p>\n\n\n\n<p>Lotsar vid H\u00e4stholmen<\/p>\n\n\n\n<figure class=\"wp-block-table alignwide\"><table><tbody><tr><td><strong>Efternamn<\/strong><\/td><td><strong>F\u00f6rnamn<\/strong><\/td><td><strong>F\u00f6dd<\/strong><\/td><td><strong>Antagen i lotsverket<\/strong><\/td><td><strong>D\u00f6d<\/strong><\/td><\/tr><tr><td>Andersson<\/td><td>Jon<\/td><td>1685<\/td><td>1710<\/td><td><\/td><\/tr><tr><td>Larsson<\/td><td>Lars<\/td><td>1696<\/td><td>1712<\/td><td><\/td><\/tr><tr><td>Nilsson<\/td><td>Gabriel<\/td><td>&nbsp;<\/td><td>1734<\/td><td><\/td><\/tr><tr><td>Olufsson<\/td><td>Jon<\/td><td>&nbsp;<\/td><td>1736<\/td><td><\/td><\/tr><tr><td>Arvidsson<\/td><td>Oluf<\/td><td>&nbsp;<\/td><td>1744<\/td><td><\/td><\/tr><tr><td>Matthisson<\/td><td>Oluf<\/td><td>&nbsp;<\/td><td>1744<\/td><td><\/td><\/tr><tr><td>Olsson<\/td><td>Jon<\/td><td>&nbsp;<\/td><td>1744<\/td><td><\/td><\/tr><tr><td>Andersson<\/td><td>O<\/td><td>&nbsp;<\/td><td>1817<\/td><td><\/td><\/tr><tr><td>Andersson<\/td><td>Olof<\/td><td>&nbsp;<\/td><td>1817<\/td><td><\/td><\/tr><tr><td>Andersson<\/td><td>P<\/td><td>&nbsp;<\/td><td>1817<\/td><td><\/td><\/tr><tr><td>Andersson<\/td><td>P<\/td><td>&nbsp;<\/td><td>1817<\/td><td><\/td><\/tr><tr><td>Arildsson<\/td><td>O<\/td><td>&nbsp;<\/td><td>1817<\/td><td><\/td><\/tr><tr><td>Larsson<\/td><td>O<\/td><td>&nbsp;<\/td><td>1817<\/td><td><\/td><\/tr><tr><td>Mattsson<\/td><td>O<\/td><td>&nbsp;<\/td><td>1817<\/td><td><\/td><\/tr><tr><td>Olsson<\/td><td>A<\/td><td>&nbsp;<\/td><td>1817<\/td><td><\/td><\/tr><tr><td>Olsson<\/td><td>O<\/td><td>&nbsp;<\/td><td>1817<\/td><td><\/td><\/tr><tr><td>Pettersson<\/td><td>Sven<\/td><td>1798<\/td><td>1819<\/td><td><\/td><\/tr><tr><td>Olsson<\/td><td>Sven<\/td><td>1800<\/td><td>1821<\/td><td><\/td><\/tr><tr><td>Svensson<\/td><td>Anders<\/td><td>1800<\/td><td>1821<\/td><td><\/td><\/tr><tr><td>Andersson<\/td><td>Jonas<\/td><td>1807<\/td><td>1825<\/td><td>1854<\/td><\/tr><tr><td>Pettersson<\/td><td>Anders<\/td><td>1814<\/td><td>1840<\/td><td><\/td><\/tr><tr><td>Pettersson<\/td><td>Olof<\/td><td>1821<\/td><td>1841<\/td><td><\/td><\/tr><tr><td>Andersson<\/td><td>Anders<\/td><td>1826<\/td><td>1843<\/td><td>1854<\/td><\/tr><tr><td>Andersson<\/td><td>Nils<\/td><td>1826<\/td><td>1843<\/td><td><\/td><\/tr><\/tbody><\/table><\/figure>\n","protected":false},"excerpt":{"rendered":"<p>56\u00b0 05.868&#8242; N 15\u00b0 46.979&#8242; E Ur CG Sundius anteckningar Lotsplatsen tillkom i slutet av 1680 talet samt indrogs 1 mars 1878. Ur stadgarna 1697: Lotsarna vid H\u00e4stholmen hade att f\u00f6ra fartygen till Asp\u00f6 och Karlskrona. \u201dAlla officerare och amiralitetsbetj\u00e4nter som f\u00f6rde kronans fartyg skulle vara f\u00f6rbundna att angiva sig f\u00f6r lotsarna p\u00e5 Asp\u00f6 och&hellip; <a class=\"more-link\" href=\"https:\/\/lotsarnastockholm.se\/index.php\/hastholmen-lotsplats\/\">Forts\u00e4tt l\u00e4sa <span class=\"screen-reader-text\">H\u00e4stholmen Lotsplats<\/span><\/a><\/p>\n","protected":false},"author":1,"featured_media":0,"parent":0,"menu_order":0,"comment_status":"closed","ping_status":"closed","template":"","meta":{"footnotes":""},"class_list":["post-3491","page","type-page","status-publish","hentry","entry"],"_links":{"self":[{"href":"https:\/\/lotsarnastockholm.se\/index.php\/wp-json\/wp\/v2\/pages\/3491","targetHints":{"allow":["GET"]}}],"collection":[{"href":"https:\/\/lotsarnastockholm.se\/index.php\/wp-json\/wp\/v2\/pages"}],"about":[{"href":"https:\/\/lotsarnastockholm.se\/index.php\/wp-json\/wp\/v2\/types\/page"}],"author":[{"embeddable":true,"href":"https:\/\/lotsarnastockholm.se\/index.php\/wp-json\/wp\/v2\/users\/1"}],"replies":[{"embeddable":true,"href":"https:\/\/lotsarnastockholm.se\/index.php\/wp-json\/wp\/v2\/comments?post=3491"}],"version-history":[{"count":7,"href":"https:\/\/lotsarnastockholm.se\/index.php\/wp-json\/wp\/v2\/pages\/3491\/revisions"}],"predecessor-version":[{"id":5843,"href":"https:\/\/lotsarnastockholm.se\/index.php\/wp-json\/wp\/v2\/pages\/3491\/revisions\/5843"}],"wp:attachment":[{"href":"https:\/\/lotsarnastockholm.se\/index.php\/wp-json\/wp\/v2\/media?parent=3491"}],"curies":[{"name":"wp","href":"https:\/\/api.w.org\/{rel}","templated":true}]}}