{"id":3475,"date":"2021-12-01T19:26:11","date_gmt":"2021-12-01T18:26:11","guid":{"rendered":"https:\/\/lotsarnastockholm.se\/?page_id=3475"},"modified":"2026-02-10T12:42:05","modified_gmt":"2026-02-10T11:42:05","slug":"arpo-lotsplats","status":"publish","type":"page","link":"https:\/\/lotsarnastockholm.se\/index.php\/arpo-lotsplats\/","title":{"rendered":"Arp\u00f6 Lotsplats"},"content":{"rendered":"\n<p class=\"has-text-align-center\"><a href=\"https:\/\/www.google.se\/maps\/place\/56%C2%B007'51.1%22N+15%C2%B024'43.1%22E\/@56.13085,15.409778,17z\/data=!3m1!4b1!4m4!3m3!8m2!3d56.13085!4d15.4119667\">56\u00b0 07.851&#8242; N 15\u00b0 24.718&#8242; E<\/a><\/p>\n\n\n\n<h4 class=\"wp-block-heading\">Arp\u00f6 \/ Arp\u00f6sund Lotsplats ur CG Sundius anteckningar<\/h4>\n\n\n\n<p>Start 1745-55. Nedlagd tillsammans med Timmernabben, Degerhamn och Borgholm i juni 1936. Vissa k\u00e4llor p\u00e5st\u00e5r att Arp\u00f6 var ig\u00e5ng till 1967?&#8230;<\/p>\n\n\n\n<p>Ur reglemente 1799:<br>Under lotschefen s\u00e5som lotsuppsyningsman f\u00f6r Karlskrona f\u00f6rdelning lyder Arp\u00f6 lotsplats: 2 ordinarie lotsar, 1 utl\u00e4rd ordinarie lotsdr\u00e4ng, 1 utl\u00e4rd reserv lotsdr\u00e4ng och 2 lotsl\u00e4rlingar. Lotsplatsen lyder under lots\u00e5lderman i Asp\u00f6 lotsplats. Dito 1820.<\/p>\n\n\n\n<p>Enligt 1820 \u00e5rs reglemente: 2 m\u00e4sterlotsar, 2 second lotsar 2 lotsl\u00e4rlingar samt uppassa vid Arp\u00f6 och mottaga de fr\u00e5n sj\u00f6n kommande vid H\u00f6gsk\u00e4rsb\u00e5dan.<\/p>\n\n\n\n<p>Ur lotsf\u00f6rfattningen 1916: Lotsuppassa vid lotsplats \u00e5 Hassel\u00f6 och emottaga fr\u00e5n sj\u00f6n kommande fartyg utanf\u00f6r yttre grunden samt inomsk\u00e4rs g\u00e5ende mitt f\u00f6r lotsplatsen.<\/p>\n\n\n\n<p>1899 den 24 okt gick lotsf\u00f6rmannen, en lots och en fiskare under orkanlik storm i b\u00e5t ut fr\u00e5n Arp\u00f6 lpl samt lyckades med st\u00f6rsta anstr\u00e4ngning l\u00e4mna lotsbitr\u00e4de \u00e5t galeasen WYLIFF META fr\u00e5n Barth och fiskesumpen FREDRIKE fr\u00e5n Stettin, f\u00f6r vilken modig handling de bel\u00f6nas med 75 kr.<\/p>\n\n\n\n<p>B\u00e5tbest\u00e5nd 1820:<br>D\u00e4ckad kutter 8,5&#215;3,35 10 hk motor<br>1 segelb\u00e5t byggd 1919 6&#215;2<br>1 segelb\u00e5t under byggnad<\/p>\n\n\n\n<p>Nedanst\u00e5ende om en lots funna i olika arkiv<\/p>\n\n\n\n<h3 class=\"wp-block-heading\">Lotsen John Pehrsson<\/h3>\n\n\n\n<p><br>(Enligt lotsrullorna skall John vara f\u00f6dd p\u00e5&nbsp;Alm\u00f6&nbsp;i&nbsp;F\u00f6rk\u00e4rla&nbsp;socken.<br>Vi hittar en B\u00e5tsman P\u00e4r P\u00e4r(son?) Enn som f\u00e5r en son med namnet Jon i Tromt\u00f6sunda som d\u00f6ps 1720-02-07. Ej bekr\u00e4ftat.<\/p>\n\n\n\n<p>28 okt 1753 Vigdes dr\u00e4ngen John Pehrsson p\u00e5 Hassl\u00f6 vid sin f\u00e4stekvinna Maria Svensdotter fr\u00e5n Hassl\u00f6<\/p>\n\n\n\n<p>1759<br>Rulla \u00f6ver Lotsbetj\u00e4ningen uti Karlskrona distrikt<br>Lotsplats:&nbsp;Arp\u00f6sund<br>Kronolots Jon Person<br>39 \u00e5r f\u00f6dd p\u00e5&nbsp;Alm\u00f6&nbsp;i&nbsp;F\u00f6rk\u00e4rla&nbsp;socken<br>Antagningstiden: 1755-10-15<br>Tj\u00e4nstetid: 4<br>\u00c5lder: 34<br>Bost\u00e4llen: Strandsittare p\u00e5 Hassl\u00f6 utmark<\/p>\n\n\n\n<p>1773<br>Prickar och Remmare: Lilla Kr\u00e5kan 3, St\u00e5ngsk\u00e4rs rev 3, Stora Kr\u00e5kan 1,&nbsp;Kalfsk\u00e4rs&nbsp;Fl\u00f6t 2,&nbsp;Skr\u00e4flingen&nbsp;1,&nbsp;Alm\u00f6&nbsp;Udde 1,&nbsp;L\u00f6n\u00f6ren&nbsp;1, sydv\u00e4st Ut\u00f6grund 1, Ut\u00f6&nbsp;\u00d6hr&nbsp;1,&nbsp;Isb\u00e5den&nbsp;1.<br>N\u00f6dige&nbsp;anmerkningar: Med h\u00f6gt vatten och god vind kan man g\u00e5 in detta farvatten med 12 fots fartyg, 11 fots \u00e4r s\u00e4krast. Personalen \u00c4ro&nbsp;tillsagda att p\u00e5 St\u00e5ngsk\u00e4r upps\u00e4tta&nbsp;vagtbod.<\/p>\n\n\n\n<p>1791<br>Lotsrulla f\u00f6r S\u00f6dra Distriktet \u00e5r 1791<br>Lotsplats:&nbsp;Arp\u00f6sund,&nbsp;Medelstad&nbsp;H\u00e4rad, Listerby Socken<br>Jon Pehrsson, 1755 den 15 oktober<br>Tj\u00e4nste\u00e5r:36<br>\u00c5lder: 65<br>Erh\u00e5llit avsked den 25 oktober 1791<br>Lotsarna bor i egna hus p\u00e5 s\u00e5 kallade N\u00e4set, p\u00e5 Hassl\u00f6,&nbsp;varest&nbsp;alla lotsdr\u00e4ngar \u00e4ven bor<\/p>\n\n\n\n<p>Lotsar p\u00e5 Arp\u00f6 samt \u00f6vriga lotsplatser de arbetat p\u00e5<\/p>\n\n\n\n<figure class=\"wp-block-table alignwide\"><table><tbody><tr><td><strong>Lotsplatser<\/strong><\/td><td><strong>Efternamn<\/strong><\/td><td><strong>Efternamn<\/strong><\/td><td><strong>F\u00f6rnamn<\/strong><\/td><td><strong>F\u00f6rnamn<\/strong><\/td><td><strong>F\u00f6dd<\/strong><\/td><td><strong>Ant<\/strong><\/td><td><strong>Avsk<\/strong><\/td><td><strong>D\u00f6d<\/strong><\/td><\/tr><tr><td>&nbsp;<\/td><td>J\u00f6nsson<\/td><td>&nbsp;<\/td><td>S<\/td><td>&nbsp;<\/td><td>&nbsp;<\/td><td>1817<\/td><td>&nbsp;<\/td><td><\/td><\/tr><tr><td>&nbsp;<\/td><td>Nilsson<\/td><td>&nbsp;<\/td><td>\u00c5ke<\/td><td>&nbsp;<\/td><td>1825<\/td><td>1890<\/td><td>&nbsp;<\/td><td><\/td><\/tr><tr><td>&nbsp;<\/td><td>Olsson<\/td><td>&nbsp;<\/td><td>S<\/td><td>&nbsp;<\/td><td>&nbsp;<\/td><td>1817<\/td><td>&nbsp;<\/td><td><\/td><\/tr><tr><td>&nbsp;<\/td><td>Sander<\/td><td>&nbsp;<\/td><td>Olaus<\/td><td>&nbsp;<\/td><td>1860<\/td><td>1890<\/td><td>&nbsp;<\/td><td><\/td><\/tr><tr><td>&nbsp;<\/td><td>Svensson<\/td><td>&nbsp;<\/td><td>S<\/td><td>&nbsp;<\/td><td>&nbsp;<\/td><td>1817<\/td><td>&nbsp;<\/td><td><\/td><\/tr><tr><td>&nbsp;<\/td><td>Svensson<\/td><td>&nbsp;<\/td><td>\u00c5ke<\/td><td>&nbsp;<\/td><td>&nbsp;<\/td><td>1817<\/td><td>&nbsp;<\/td><td><\/td><\/tr><tr><td>&nbsp;<\/td><td>S\u00f6rensson<\/td><td>&nbsp;<\/td><td>O<\/td><td>&nbsp;<\/td><td>&nbsp;<\/td><td>1817<\/td><td>&nbsp;<\/td><td><\/td><\/tr><tr><td>&nbsp;<\/td><td>\u00c5berg<\/td><td>\u00c5kesson<\/td><td>Ola<\/td><td>&nbsp;<\/td><td>1855<\/td><td>1885<\/td><td>&nbsp;<\/td><td><\/td><\/tr><tr><td>&nbsp;<\/td><td>\u00c5berg<\/td><td>&nbsp;<\/td><td>Peter<\/td><td>Otto<\/td><td>1865<\/td><td>1891<\/td><td>&nbsp;<\/td><td><\/td><\/tr><tr><td>Arp\u00f6sund<\/td><td>Pehrsson<\/td><td>&nbsp;<\/td><td>John<\/td><td>&nbsp;<\/td><td>1720<\/td><td>1755<\/td><td>1791<\/td><td>1794<\/td><\/tr><tr><td>G\u00f6kalf (g\u00f6kalv)<\/td><td>Ekenstr\u00f6m<\/td><td>&nbsp;<\/td><td>Gottfrid<\/td><td>Verner<\/td><td>1893<\/td><td>1912<\/td><td><\/td><td><\/td><\/tr><tr><td>G\u00f6kalf (g\u00f6kalv)<\/td><td>\u00c5berg<\/td><td>&nbsp;<\/td><td>Hilmer<\/td><td>Valentin<\/td><td>1892<\/td><td>1909<\/td><td><\/td><td><\/td><\/tr><tr><td>\u00d6resund norra<\/td><td>Friberg<\/td><td>&nbsp;<\/td><td>Karl<\/td><td>Edmund<\/td><td>1896<\/td><td>1918<\/td><td><\/td><td><\/td><\/tr><tr><td><\/td><td>Sander<\/td><td><\/td><td>Sture<\/td><td><\/td><td>1901<\/td><td>1922<\/td><td><\/td><td><\/td><\/tr><\/tbody><\/table><\/figure>\n\n\n\n<p><\/p>\n","protected":false},"excerpt":{"rendered":"<p>56\u00b0 07.851&#8242; N 15\u00b0 24.718&#8242; E Arp\u00f6 \/ Arp\u00f6sund Lotsplats ur CG Sundius anteckningar Start 1745-55. Nedlagd tillsammans med Timmernabben, Degerhamn och Borgholm i juni 1936. Vissa k\u00e4llor p\u00e5st\u00e5r att Arp\u00f6 var ig\u00e5ng till 1967?&#8230; Ur reglemente 1799:Under lotschefen s\u00e5som lotsuppsyningsman f\u00f6r Karlskrona f\u00f6rdelning lyder Arp\u00f6 lotsplats: 2 ordinarie lotsar, 1 utl\u00e4rd ordinarie lotsdr\u00e4ng, 1&hellip; <a class=\"more-link\" href=\"https:\/\/lotsarnastockholm.se\/index.php\/arpo-lotsplats\/\">Forts\u00e4tt l\u00e4sa <span class=\"screen-reader-text\">Arp\u00f6 Lotsplats<\/span><\/a><\/p>\n","protected":false},"author":1,"featured_media":0,"parent":0,"menu_order":0,"comment_status":"closed","ping_status":"closed","template":"","meta":{"footnotes":""},"class_list":["post-3475","page","type-page","status-publish","hentry","entry"],"_links":{"self":[{"href":"https:\/\/lotsarnastockholm.se\/index.php\/wp-json\/wp\/v2\/pages\/3475","targetHints":{"allow":["GET"]}}],"collection":[{"href":"https:\/\/lotsarnastockholm.se\/index.php\/wp-json\/wp\/v2\/pages"}],"about":[{"href":"https:\/\/lotsarnastockholm.se\/index.php\/wp-json\/wp\/v2\/types\/page"}],"author":[{"embeddable":true,"href":"https:\/\/lotsarnastockholm.se\/index.php\/wp-json\/wp\/v2\/users\/1"}],"replies":[{"embeddable":true,"href":"https:\/\/lotsarnastockholm.se\/index.php\/wp-json\/wp\/v2\/comments?post=3475"}],"version-history":[{"count":6,"href":"https:\/\/lotsarnastockholm.se\/index.php\/wp-json\/wp\/v2\/pages\/3475\/revisions"}],"predecessor-version":[{"id":7586,"href":"https:\/\/lotsarnastockholm.se\/index.php\/wp-json\/wp\/v2\/pages\/3475\/revisions\/7586"}],"wp:attachment":[{"href":"https:\/\/lotsarnastockholm.se\/index.php\/wp-json\/wp\/v2\/media?parent=3475"}],"curies":[{"name":"wp","href":"https:\/\/api.w.org\/{rel}","templated":true}]}}