{"id":3472,"date":"2021-11-30T21:47:54","date_gmt":"2021-11-30T20:47:54","guid":{"rendered":"https:\/\/lotsarnastockholm.se\/?page_id=3472"},"modified":"2026-03-01T20:05:55","modified_gmt":"2026-03-01T19:05:55","slug":"karlskrona-lotsplats","status":"publish","type":"page","link":"https:\/\/lotsarnastockholm.se\/index.php\/karlskrona-lotsplats\/","title":{"rendered":"Karlskrona Lotsplats"},"content":{"rendered":"\n<p class=\"has-text-align-center\"><a href=\"https:\/\/www.google.se\/maps\/place\/56%C2%B009'45.1%22N+15%C2%B035'14.2%22E\/@56.1625167,15.5850946,17z\/data=!3m1!4b1!4m4!3m3!8m2!3d56.1625167!4d15.5872833\">56\u00b0 09.751&#8242; N 15\u00b0 35.237&#8242; E<\/a><\/p>\n\n\n\n<p>Ur CG Sundius anteckningar<\/p>\n\n\n\n<p>Karlskrona lotsplats (Carlscrona) se \u00e4ven Asp\u00f6<\/p>\n\n\n\n<p>1696 \u00e4r lotsplatsen n\u00e4mnd i en lotstaxa<\/p>\n\n\n\n<p>Ur reglemente 1799:<\/p>\n\n\n\n<p>Under lotschefen s\u00e5som lotsuppsyningsman f\u00f6r Karlskrona f\u00f6rdelning lyder Karlskrona lotsplats: 1 lotsuppsyningsman, lotsningen ombes\u00f6rjes av amiralitetets styrm\u00e4n. Dito 1820.<\/p>\n\n\n\n<p>Lotsningsomr\u00e5de: Amiralitetets styrm\u00e4n utlotsa till sj\u00f6ss vid Asp\u00f6 samt till sj\u00f6ss f\u00f6rbi Arp\u00f6, \u00e4ven till H\u00e4stholmen, Asp\u00f6 och Arp\u00f6<\/p>\n\n\n\n<p>Karlskrona finns ej med i 1863 \u00e5rs reglemente<\/p>\n\n\n\n<p>From 1881 upph\u00f6rde Karlskrona att vara lotsf\u00f6rdelningsort och f\u00f6rsvann som lotsplats ur tabellerna f\u00f6r \u00e5ren 1881-1883.<\/p>\n\n\n\n<p>Lotsar finns registrerade i Lotsverkets rullor efter 1935 men jag har inte hittat uppgifter n\u00e4r det p\u00e5b\u00f6rjades eller avslutades med stationeringar i Karlskrona<\/p>\n\n\n\n<p>Lotsar o b\u00e5tm\u00e4n stationerade i Karlskrona genom \u00e5ren<\/p>\n\n\n\n<figure class=\"wp-block-table alignwide\"><table class=\"has-fixed-layout\"><tbody><tr><td><strong>Efternamn<\/strong><\/td><td><strong>F\u00f6rnamn<\/strong><\/td><td><strong>F\u00f6dd<\/strong><\/td><td><strong>I Staten<\/strong><\/td><td><strong>B\u00e5tman<\/strong><\/td><td><strong>Lpl 1<\/strong><\/td><td><strong>\u00d6vriga<\/strong><\/td><\/tr><tr><td>Hahn<\/td><td>Carl<\/td><td>1797<\/td><td><\/td><td><\/td><td>Karlskrona<\/td><td><\/td><\/tr><tr><td>Tilosius<\/td><td>August<\/td><td>1809<\/td><td><\/td><td><\/td><td>Karlskrona<\/td><td><\/td><\/tr><tr><td>Thornstr\u00f6m<\/td><td>Ernst<\/td><td>1908<\/td><td>1929<\/td><td><\/td><td>S\u00f6lvesborg<\/td><td>\u00c5hus\/Karlskrona\/Karlshamn<\/td><\/tr><tr><td>Wallin<\/td><td>Otto<\/td><td>1910<\/td><td>1938<\/td><td><\/td><td>H\u00f6gan\u00e4s<\/td><td>\u00d6resund N\/Asp\u00f6\/Karlskrona<\/td><\/tr><tr><td>Berglund<\/td><td>Bertil<\/td><td>1910<\/td><td>1941<\/td><td><\/td><td>Asp\u00f6<\/td><td>Karlskrona<\/td><\/tr><tr><td>Str\u00f6mberg<\/td><td>Ture<\/td><td>1915<\/td><td>1946<\/td><td>1946-05-01<\/td><td>Asp\u00f6<\/td><td>Karlskrona<\/td><\/tr><tr><td>Johansson<\/td><td>Karl<\/td><td>1920<\/td><td>1949<\/td><td><\/td><td>G\u00f6kalf<\/td><td>Ronneby\/Karlshamn\/Karlskrona<\/td><\/tr><tr><td>Emilsson<\/td><td>Adolf<\/td><td>1926<\/td><td>1950<\/td><td>1952-07-01<\/td><td>Asp\u00f6<\/td><td>Karlskrona<\/td><\/tr><tr><td>Lindeblad<\/td><td>Adolf<\/td><td>1921<\/td><td>1952<\/td><td><\/td><td>Asp\u00f6<\/td><td>Karlskrona<\/td><\/tr><tr><td>M\u00e5nsson<\/td><td>Frans<\/td><td>1916<\/td><td>1952<\/td><td>1952-09-01<\/td><td>Asp\u00f6<\/td><td>Karlskrona<\/td><\/tr><tr><td>Nilsson<\/td><td>Ingvar<\/td><td>1928<\/td><td>1952<\/td><td><\/td><td>L\u00e5ng\u00f6ren<\/td><td>Asp\u00f6\/Karlskrona<\/td><\/tr><tr><td>J\u00f6nsson<\/td><td>Tage<\/td><td>1927<\/td><td>1955<\/td><td><\/td><td>Asp\u00f6<\/td><td>Karlskrona\/G\u00f6teborg\/Karlshamn<\/td><\/tr><tr><td>Nordstr\u00f6m<\/td><td>Ragnar<\/td><td>1934<\/td><td>1955<\/td><td>1967-11-01<\/td><td>Kalmar<\/td><td>Karlskrona\/Karlshamn<\/td><\/tr><tr><td>Svensson<\/td><td>Gunnar<\/td><td>1922<\/td><td>1957<\/td><td>1958-10-01<\/td><td>Asp\u00f6<\/td><td>Karlskrona<\/td><\/tr><tr><td>Stridsj\u00f6<\/td><td>Bengt<\/td><td>1947<\/td><td>1969<\/td><td>1975-08-01<\/td><td>Karlshamn<\/td><td>Karlskrona<\/td><\/tr><\/tbody><\/table><\/figure>\n","protected":false},"excerpt":{"rendered":"<p>56\u00b0 09.751&#8242; N 15\u00b0 35.237&#8242; E Ur CG Sundius anteckningar Karlskrona lotsplats (Carlscrona) se \u00e4ven Asp\u00f6 1696 \u00e4r lotsplatsen n\u00e4mnd i en lotstaxa Ur reglemente 1799: Under lotschefen s\u00e5som lotsuppsyningsman f\u00f6r Karlskrona f\u00f6rdelning lyder Karlskrona lotsplats: 1 lotsuppsyningsman, lotsningen ombes\u00f6rjes av amiralitetets styrm\u00e4n. Dito 1820. Lotsningsomr\u00e5de: Amiralitetets styrm\u00e4n utlotsa till sj\u00f6ss vid Asp\u00f6 samt till&hellip; <a class=\"more-link\" href=\"https:\/\/lotsarnastockholm.se\/index.php\/karlskrona-lotsplats\/\">Forts\u00e4tt l\u00e4sa <span class=\"screen-reader-text\">Karlskrona Lotsplats<\/span><\/a><\/p>\n","protected":false},"author":1,"featured_media":0,"parent":0,"menu_order":0,"comment_status":"closed","ping_status":"closed","template":"","meta":{"footnotes":""},"class_list":["post-3472","page","type-page","status-publish","hentry","entry"],"_links":{"self":[{"href":"https:\/\/lotsarnastockholm.se\/index.php\/wp-json\/wp\/v2\/pages\/3472","targetHints":{"allow":["GET"]}}],"collection":[{"href":"https:\/\/lotsarnastockholm.se\/index.php\/wp-json\/wp\/v2\/pages"}],"about":[{"href":"https:\/\/lotsarnastockholm.se\/index.php\/wp-json\/wp\/v2\/types\/page"}],"author":[{"embeddable":true,"href":"https:\/\/lotsarnastockholm.se\/index.php\/wp-json\/wp\/v2\/users\/1"}],"replies":[{"embeddable":true,"href":"https:\/\/lotsarnastockholm.se\/index.php\/wp-json\/wp\/v2\/comments?post=3472"}],"version-history":[{"count":5,"href":"https:\/\/lotsarnastockholm.se\/index.php\/wp-json\/wp\/v2\/pages\/3472\/revisions"}],"predecessor-version":[{"id":7734,"href":"https:\/\/lotsarnastockholm.se\/index.php\/wp-json\/wp\/v2\/pages\/3472\/revisions\/7734"}],"wp:attachment":[{"href":"https:\/\/lotsarnastockholm.se\/index.php\/wp-json\/wp\/v2\/media?parent=3472"}],"curies":[{"name":"wp","href":"https:\/\/api.w.org\/{rel}","templated":true}]}}