{"id":3469,"date":"2021-11-30T21:30:43","date_gmt":"2021-11-30T20:30:43","guid":{"rendered":"https:\/\/lotsarnastockholm.se\/?page_id=3469"},"modified":"2026-03-10T19:14:09","modified_gmt":"2026-03-10T18:14:09","slug":"ronneby-lotsplats","status":"publish","type":"page","link":"https:\/\/lotsarnastockholm.se\/index.php\/ronneby-lotsplats\/","title":{"rendered":"Ronneby Lotsplats"},"content":{"rendered":"\n<p class=\"has-text-align-center\"><a href=\"https:\/\/www.google.se\/maps\/place\/56%C2%B009'53.5%22N+15%C2%B013'50.6%22E\/@56.16485,15.228528,17z\/data=!3m1!4b1!4m4!3m3!8m2!3d56.16485!4d15.2307167\">56\u00b0 09.891&#8242; N 15\u00b0 13.843&#8242; E<\/a><\/p>\n\n\n\n<p>Ronneby lotsplats Ur CG Sundius anteckningar<\/p>\n\n\n\n<p>Lotsplatsen var sj\u00e4lvst\u00e4ndig lotsplats mellan 1 juli 1945 och 1 oktober 1965<\/p>\n\n\n\n<p>Den 31 september 1967 indrogs Ronneby lotsplats och uppdragen flyttades till Karlshamn.<\/p>\n\n\n\n<p>1962 koncentrerades all lotsuppassning till Saxemara och uppassningsst\u00e4llet p\u00e5 St Ek\u00f6n indrogs.<\/p>\n\n\n\n<p>Antal lotsningar:<\/p>\n\n\n\n<figure class=\"wp-block-table\"><table><tbody><tr><td>Ronneby<\/td><td>1954<\/td><td>251<\/td><\/tr><tr><td><\/td><td>1960<\/td><td>247<\/td><\/tr><tr><td><\/td><td>1966<\/td><td>227<\/td><\/tr><\/tbody><\/table><\/figure>\n\n\n\n<p>Lotsar och b\u00e5tm\u00e4n vid Ronneby samt \u00f6vriga lotsplatser de arbetat p\u00e5<\/p>\n\n\n\n<figure class=\"wp-block-table alignwide\"><table class=\"has-fixed-layout\"><tbody><tr><td><strong>Efternamn<\/strong><\/td><td><strong>F\u00f6rnamn<\/strong><\/td><td><strong>F\u00f6dd<\/strong><\/td><td><strong>I Staten<\/strong><\/td><td><strong>B\u00e5tman<\/strong><\/td><td><strong>Lpl 1<\/strong><\/td><td><strong>Lpl 2<\/strong><\/td><td><strong>Lpl 3<\/strong><\/td><td><\/td><\/tr><tr><td>Ellis<\/td><td>Sven<\/td><td>1906<\/td><td>1927<\/td><td><\/td><td>G\u00f6kalf<\/td><td>Ronneby<\/td><td><\/td><td><\/td><\/tr><tr><td>K\u00f6nig<\/td><td>Albin<\/td><td>1923<\/td><td>1941<\/td><td><\/td><td>G\u00f6kalf<\/td><td>Ronneby<\/td><td>Karlshamn<\/td><td><\/td><\/tr><tr><td>Johansson<\/td><td>Karl<\/td><td>1920<\/td><td>1949<\/td><td><\/td><td>G\u00f6kalf<\/td><td>Ronneby<\/td><td colspan=\"2\">Karlshamn\/Karlskrona<\/td><\/tr><tr><td>Lindeblad<\/td><td>M\u00e5ns<\/td><td>1925<\/td><td>1951<\/td><td><\/td><td>G\u00f6kalf<\/td><td>Ronneby<\/td><td colspan=\"2\">Halmstad\/Falkenberg<\/td><\/tr><tr><td>Svensson<\/td><td>Sven<\/td><td>1931<\/td><td>1952<\/td><td>1952-10-01<\/td><td>G\u00f6kalf<\/td><td>Ronneby<\/td><td><\/td><td><\/td><\/tr><tr><td>Munther<\/td><td>Sune<\/td><td>1917<\/td><td>1953<\/td><td><\/td><td>Ronneby<\/td><td>S\u00f6dert\u00e4lje<\/td><td><\/td><td><\/td><\/tr><tr><td>Thuvesson<\/td><td>Fritz<\/td><td>1925<\/td><td>1953<\/td><td><\/td><td>Ronneby<\/td><td>Simrishamn<\/td><td><\/td><td><\/td><\/tr><tr><td>Svensson<\/td><td>Kurt<\/td><td>1926<\/td><td>1954<\/td><td>1958-01-01<\/td><td>Ronneby<\/td><td><\/td><td><\/td><td><\/td><\/tr><\/tbody><\/table><\/figure>\n","protected":false},"excerpt":{"rendered":"<p>56\u00b0 09.891&#8242; N 15\u00b0 13.843&#8242; E Ronneby lotsplats Ur CG Sundius anteckningar Lotsplatsen var sj\u00e4lvst\u00e4ndig lotsplats mellan 1 juli 1945 och 1 oktober 1965 Den 31 september 1967 indrogs Ronneby lotsplats och uppdragen flyttades till Karlshamn. 1962 koncentrerades all lotsuppassning till Saxemara och uppassningsst\u00e4llet p\u00e5 St Ek\u00f6n indrogs. Antal lotsningar: Ronneby 1954 251 1960 247&hellip; <a class=\"more-link\" href=\"https:\/\/lotsarnastockholm.se\/index.php\/ronneby-lotsplats\/\">Forts\u00e4tt l\u00e4sa <span class=\"screen-reader-text\">Ronneby Lotsplats<\/span><\/a><\/p>\n","protected":false},"author":1,"featured_media":0,"parent":0,"menu_order":0,"comment_status":"closed","ping_status":"closed","template":"","meta":{"footnotes":""},"class_list":["post-3469","page","type-page","status-publish","hentry","entry"],"_links":{"self":[{"href":"https:\/\/lotsarnastockholm.se\/index.php\/wp-json\/wp\/v2\/pages\/3469","targetHints":{"allow":["GET"]}}],"collection":[{"href":"https:\/\/lotsarnastockholm.se\/index.php\/wp-json\/wp\/v2\/pages"}],"about":[{"href":"https:\/\/lotsarnastockholm.se\/index.php\/wp-json\/wp\/v2\/types\/page"}],"author":[{"embeddable":true,"href":"https:\/\/lotsarnastockholm.se\/index.php\/wp-json\/wp\/v2\/users\/1"}],"replies":[{"embeddable":true,"href":"https:\/\/lotsarnastockholm.se\/index.php\/wp-json\/wp\/v2\/comments?post=3469"}],"version-history":[{"count":5,"href":"https:\/\/lotsarnastockholm.se\/index.php\/wp-json\/wp\/v2\/pages\/3469\/revisions"}],"predecessor-version":[{"id":7792,"href":"https:\/\/lotsarnastockholm.se\/index.php\/wp-json\/wp\/v2\/pages\/3469\/revisions\/7792"}],"wp:attachment":[{"href":"https:\/\/lotsarnastockholm.se\/index.php\/wp-json\/wp\/v2\/media?parent=3469"}],"curies":[{"name":"wp","href":"https:\/\/api.w.org\/{rel}","templated":true}]}}