{"id":3464,"date":"2021-11-29T21:05:37","date_gmt":"2021-11-29T20:05:37","guid":{"rendered":"https:\/\/lotsarnastockholm.se\/?page_id=3464"},"modified":"2026-02-25T21:52:07","modified_gmt":"2026-02-25T20:52:07","slug":"gokalf-gokalv-lotsplats","status":"publish","type":"page","link":"https:\/\/lotsarnastockholm.se\/index.php\/gokalf-gokalv-lotsplats\/","title":{"rendered":"G\u00f6kalv Lotsplats"},"content":{"rendered":"\n<p class=\"has-text-align-center\"><a href=\"https:\/\/www.google.se\/maps\/place\/56%C2%B008'34.3%22N+15%C2%B016'53.0%22E\/@56.1428667,15.2791946,17z\/data=!3m1!4b1!4m4!3m3!8m2!3d56.1428667!4d15.2813833\">56\u00b0 08.572&#8242; N 15\u00b0 16.883&#8242; E<\/a><\/p>\n\n\n\n<h4 class=\"wp-block-heading\">G\u00f6kalf \/ Gj\u00f6kalv&nbsp;\/ G\u00f6kalv ur CG Sundius anteckningar<\/h4>\n\n\n\n<p>Start ungef\u00e4r 1799, nedlagd 1 juli 1954<\/p>\n\n\n\n<p>Uppassning p\u00e5 stora Ek\u00f6 \u00e4ven f\u00f6r Ronneby lpl<\/p>\n\n\n\n<p>Nedanst\u00e5ende ur 1799 \u00e5rs reglemente:<\/p>\n\n\n\n<p>Under lotschefen s\u00e5som lotsuppsyningsman f\u00f6r Karlskrona f\u00f6rdelning lyder Gj\u00f6 lotsplats: 1 ordinarie lots, 1 utl\u00e4rd reservlotsdr\u00e4ng och 1 lotsl\u00e4rling.<\/p>\n\n\n\n<p>Lotsplatsen lyder under lots\u00e5lderman i Asp\u00f6, dito 1820 Lotsningsomr\u00e5de: Lotsarna uppassa vid Gj\u00f6kalv, emottaga fr\u00e5n sj\u00f6n kommande utanf\u00f6r grunden att inlotsa, utlotsa til sj\u00f6ss samt till Asp\u00f6, til Matvik \u00e4ven till och fr\u00e5n Ronneby en\u00e4r s\u00e5 p\u00e5fordras. Samt lotsa inomsk\u00e4rs g\u00e5ende efter f\u00f6reskrift.<br>Ur reglemente:<br>1 m\u00e4sterlots<br>1 sekund lots<br>1 l\u00e4rling<\/p>\n\n\n\n<p>Ur reglemente och f\u00f6rordning 1863: lotsomr\u00e5de fr\u00e5n Gj\u00f6kalv till sj\u00f6ss eller fr\u00e5n sj\u00f6n till Asp\u00f6, Matvik, T\u00e4rn\u00f6, Ronneby samt fr\u00e5n sj\u00f6n till Ronneby.<\/p>\n\n\n\n<p>Ny lotsutkik byggdes 1879<\/p>\n\n\n\n<p>1881 den 10 okt En kronolots vid Gj\u00f6kalvs lpl <strong>\u00e5tf\u00f6ljd av sin hustru <\/strong>utgick i b\u00e5t med st\u00f6rsta anstr\u00e4ngning och livsfara f\u00f6r dem b\u00e5da under SV-lig storm med h\u00f6g sj\u00f6 och regnbyar till den efter lots signalerande engelska briggen ISABELLA samt lotsade den till Asp\u00f6 farvatten. 100:-<\/p>\n\n\n\n<p>1888 den 9 maj utgingo tv\u00e5 m\u00e4sterlotsar och en lotsl\u00e4rling fr\u00e5n G\u00f6kalvs lpl under sv\u00e5r V-lig storm med h\u00f6g sj\u00f6 samt lyckades med egen livsfara utanf\u00f6r \u00f6stra farleden till Ronneby l\u00e4mna lotsbitr\u00e4de \u00e5t tyska skonerten HIRMAN som d\u00e4refter lyckligen inlotsades till Ronneby redd och tilldelades b\u00e5tlaget f\u00f6r sin \u00e5dagalagda raskhet en bel\u00f6ning av 60 kr.<\/p>\n\n\n\n<p>1889 10 dec hade lotsf\u00f6rmannen vid G\u00f6kalvs lpl \u00e5tf\u00f6ljd av en lots och ett bitr\u00e4de under sv\u00e5r storm och mycket h\u00f6g sj\u00f6 med livsfara utg\u00e5tt till svenska skonerten ALI utanf\u00f6r \u00f6stra farleden till Ronneby och lyckats avl\u00e4mna lots som f\u00f6rde fartyget v\u00e4lbeh\u00e5llet till Ronneby redd varf\u00f6r b\u00e5tlaget tillsammans erk\u00e4ndes en bel\u00f6ning af 60 kr.<\/p>\n\n\n\n<p>1895 den 5 dec utseglade lotsf\u00f6rman en lots och en lotsl\u00e4rling fr\u00e5n G\u00f6kalvs lotsplats under h\u00e5rd SV-lig storm och sv\u00e5r sj\u00f6g\u00e5ng i \u00f6ppen b\u00e5t och l\u00e4mnade lotsbitr\u00e4de \u00e5t engelska ARDMORE som d\u00e4refter inlotsades till hamn varf\u00f6r dem tillerk\u00e4ndes en bel\u00f6ning av 120 kr.<\/p>\n\n\n\n<p>1896 17 mars utseglade fr\u00e5n G\u00f6kalvs lpl under SV-lig storm med h\u00f6g sj\u00f6 en ensam lotsl\u00e4rling <em>Carl Victor Brandt<\/em> till yttersta grunden vid G\u00e5sfoten och l\u00e4mnade med stor fara lotsbitr\u00e4de \u00e5t S\/S ZEUS fr\u00e5n G\u00f6teborg som d\u00e4refter inlotsades till Ronneby hamn varf\u00f6r han erk\u00e4nnes en bel\u00f6ning av 40 kr.<\/p>\n\n\n\n<p>1897 fick lotsplatsen nytt uppassningshus.<\/p>\n\n\n\n<p>1901 den 8 nov utgick en lotsl\u00e4rling och tre fiskare fr\u00e5n G\u00f6kalvs lpl och l\u00e4mande lotsbitr\u00e4de \u00e5t tyska skonerten OTHELLO. Lotsl\u00e4rlingen tillerk\u00e4nnes 25 kr samt envar av de \u00f6vriga 15 kr.<\/p>\n\n\n\n<p>1907 den 4 maj l\u00e4mnade en lots och en lotsl\u00e4rling G\u00f6kalfs lpl under orkanartad storm med st\u00f6rsta fara f\u00f6r egna livlotsbitr\u00e4de \u00e5t norska s\/s CARATONS H\u00e4rf\u00f6r tilldelas dem en bel\u00f6ning av 15 kr vardera<\/p>\n\n\n\n<p>1908 den 18 nov begav sig en lots och en lotsl\u00e4rling sig ut fr\u00e5n G\u00f6kalvs lpl under sv\u00e5ra v\u00e4derleks f\u00f6rh\u00e5llande och lyckades efter ett anstr\u00e4ngande arbete l\u00e4mna lotsbitr\u00e4de \u00e5t s\/s JARL fr\u00e5n H\u00e4lsingborg. F\u00f6r h\u00e4rvid \u00e5dagalagd v\u00e4lf\u00f6rh\u00e5llande tilldelas dem vardera&nbsp; 25 kr.<\/p>\n\n\n\n<p>B\u00e5tbest\u00e5nd 1920:<br>1 d\u00e4ckad kutter 8,5&#215;3,35 10 hk<br>1 d\u00e4ckad motorb\u00e5t byggd 1900, ek, klink 7&#215;2,6 m 4 hk V\u00e4stkusten<br>1 segelb\u00e5t byggd 1895, ek, klink, 6,2&#215;1,9<br>1 segelb\u00e5t byggd 1896, ek, klink, 6,2&#215;1,9<br>1 segelb\u00e5t byggd 1912, ek, klink, 6&#215;2,1<br>1 segelb\u00e5t byggd 1912, ek, klink, 6&#215;2,1<br>1 segelb\u00e5t byggd 1915, ek, klink, 6,5&#215;2,37<\/p>\n\n\n\n<p>1938 anordnades ett utkikstorn p\u00e5 lotshusets tak och p\u00e5 Stora Ek\u00f6 byggdes ny lotsvaktstuga m.m.<\/p>\n\n\n\n<p>1943 installerades elektriskt ljus i lotsuppassningshuset och tj\u00e4nstebost\u00e4derna.<\/p>\n\n\n\n<p>1 juli 1954 nedlades lotsplatsen<\/p>\n\n\n\n<p>Lotsar och b\u00e5tm\u00e4n vid G\u00f6kalvs lotsplats samt \u00f6vriga Lpl de arbetat vid<\/p>\n\n\n\n<figure class=\"wp-block-table alignwide\"><table class=\"has-fixed-layout\"><tbody><tr><td><strong>Efternamn<\/strong><\/td><td><strong>F\u00f6rnamn<\/strong><\/td><td><strong>F\u00f6dd<\/strong><\/td><td>I <strong>Staten<\/strong><\/td><td><strong>B\u00e5tman<\/strong><\/td><td><strong>Lpl 1<\/strong><\/td><td><strong>\u00d6vriga lpl<\/strong><\/td><\/tr><tr><td>Nilsson<\/td><td>O<\/td><td><\/td><td><\/td><td><\/td><td>G\u00f6kalf<\/td><td><\/td><\/tr><tr><td>Ohlsson<\/td><td>Matts<\/td><td><\/td><td>1715<\/td><td><\/td><td>G\u00f6kalf<\/td><td><\/td><\/tr><tr><td>Bosson<\/td><td>Matts<\/td><td><\/td><td>1716<\/td><td><\/td><td>G\u00f6kalf<\/td><td><\/td><\/tr><tr><td>\u00c5kesson<\/td><td>Swen<\/td><td><\/td><td>1716<\/td><td><\/td><td>G\u00f6kalf<\/td><td><\/td><\/tr><tr><td>Carlsson<\/td><td>H<\/td><td><\/td><td>1817<\/td><td><\/td><td>G\u00f6kalf<\/td><td><\/td><\/tr><tr><td>Jansson<\/td><td>A<\/td><td><\/td><td>1817<\/td><td><\/td><td>G\u00f6kalf<\/td><td><\/td><\/tr><tr><td>Andersson<\/td><td>John<\/td><td>1843<\/td><td>1860<\/td><td><\/td><td>G\u00f6kalf<\/td><td><\/td><\/tr><tr><td>Ekholm<\/td><td>Petter<\/td><td>1839<\/td><td>1863<\/td><td><\/td><td>G\u00f6kalf<\/td><td><\/td><\/tr><tr><td>Friberg<\/td><td>Abraham<\/td><td>1853<\/td><td>1878<\/td><td><\/td><td>G\u00f6kalf<\/td><td><\/td><\/tr><tr><td>Brandt<\/td><td>Carl<\/td><td>1868<\/td><td>1886<\/td><td><\/td><td>G\u00f6kalf<\/td><td><\/td><\/tr><tr><td>Ahlstr\u00f6m<\/td><td>John<\/td><td>1875<\/td><td>1897<\/td><td><\/td><td>G\u00f6kalf<\/td><td><\/td><\/tr><tr><td>St\u00e5lberg<\/td><td>Axel<\/td><td>1877<\/td><td>1901<\/td><td><\/td><td>G\u00f6kalf<\/td><td><\/td><\/tr><tr><td>Ellis<\/td><td>Robert<\/td><td>1877<\/td><td>1902<\/td><td><\/td><td>G\u00f6kalf<\/td><td><\/td><\/tr><tr><td>Bergstr\u00f6m<\/td><td>Karl<\/td><td>1884<\/td><td>1903<\/td><td><\/td><td>G\u00f6kalf<\/td><td>Ystad<\/td><\/tr><tr><td>Thornstr\u00f6m<\/td><td>Karl<\/td><td>1891<\/td><td>1909<\/td><td><\/td><td>G\u00f6kalf<\/td><td><\/td><\/tr><tr><td>\u00c5berg<\/td><td>Hilmer<\/td><td>1892<\/td><td>1909<\/td><td><\/td><td>G\u00f6kalf<\/td><td>Arp\u00f6<\/td><\/tr><tr><td>Ekenstr\u00f6m<\/td><td>Gottfrid<\/td><td>1893<\/td><td>1912<\/td><td><\/td><td>G\u00f6kalf<\/td><td>Arp\u00f6\/Asp\u00f6<\/td><\/tr><tr><td>Landgren<\/td><td>G\u00f6sta<\/td><td>1896<\/td><td>1918<\/td><td><\/td><td>L\u00e5ng\u00f6ren<\/td><td>G\u00f6kalf\/R\u00e5\u00e5<\/td><\/tr><tr><td>Lindberg<\/td><td>Nils<\/td><td>1896<\/td><td>1921<\/td><td><\/td><td>G\u00f6kalf<\/td><td><\/td><\/tr><tr><td>Thulin<\/td><td>Karl<\/td><td>1893<\/td><td>1925<\/td><td>1938-10-01<\/td><td>G\u00f6kalf<\/td><td><\/td><\/tr><tr><td>Ellis<\/td><td>Sven<\/td><td>1906<\/td><td>1927<\/td><td><\/td><td>G\u00f6kalf<\/td><td>Ronneby<\/td><\/tr><tr><td>Ahlstr\u00f6m<\/td><td>Gustaf<\/td><td>1912<\/td><td>1933<\/td><td><\/td><td>G\u00f6kalf<\/td><td>Malm\u00f6<\/td><\/tr><tr><td>K\u00f6nig<\/td><td>Albin<\/td><td>1923<\/td><td>1941<\/td><td><\/td><td>G\u00f6kalf<\/td><td>Ronneby\/Karlshamn<\/td><\/tr><tr><td>Ellis<\/td><td>Johan<\/td><td>1917<\/td><td>1942<\/td><td><\/td><td>G\u00f6kalf<\/td><td>\u00d6resund s\u00f6dra\/S\u00f6lvesborg<\/td><\/tr><tr><td>\u00c5man<\/td><td>Rickard<\/td><td>1923<\/td><td>1946<\/td><td><\/td><td>\u00d6resund s\u00f6dra<\/td><td>G\u00f6kalf\/Karlshamn<\/td><\/tr><tr><td>Johansson<\/td><td>Karl<\/td><td>1920<\/td><td>1949<\/td><td><\/td><td>G\u00f6kalf<\/td><td>Ronneby\/Karlshamn\/Karlskrona<\/td><\/tr><tr><td>Lindeblad<\/td><td>M\u00e5ns<\/td><td>1925<\/td><td>1951<\/td><td><\/td><td>G\u00f6kalf<\/td><td>Ronneby\/Halmstad\/Falkenberg<\/td><\/tr><tr><td>Nilsson<\/td><td>Hans<\/td><td>1929<\/td><td>1951<\/td><td>1952-07-01<\/td><td>G\u00f6kalf<\/td><td><\/td><\/tr><tr><td>Svensson<\/td><td>Sven<\/td><td>1931<\/td><td>1952<\/td><td>1952-10-01<\/td><td>G\u00f6kalf<\/td><td>Ronneby<\/td><\/tr><\/tbody><\/table><\/figure>\n","protected":false},"excerpt":{"rendered":"<p>56\u00b0 08.572&#8242; N 15\u00b0 16.883&#8242; E G\u00f6kalf \/ Gj\u00f6kalv&nbsp;\/ G\u00f6kalv ur CG Sundius anteckningar Start ungef\u00e4r 1799, nedlagd 1 juli 1954 Uppassning p\u00e5 stora Ek\u00f6 \u00e4ven f\u00f6r Ronneby lpl Nedanst\u00e5ende ur 1799 \u00e5rs reglemente: Under lotschefen s\u00e5som lotsuppsyningsman f\u00f6r Karlskrona f\u00f6rdelning lyder Gj\u00f6 lotsplats: 1 ordinarie lots, 1 utl\u00e4rd reservlotsdr\u00e4ng och 1 lotsl\u00e4rling. Lotsplatsen lyder&hellip; <a class=\"more-link\" href=\"https:\/\/lotsarnastockholm.se\/index.php\/gokalf-gokalv-lotsplats\/\">Forts\u00e4tt l\u00e4sa <span class=\"screen-reader-text\">G\u00f6kalv Lotsplats<\/span><\/a><\/p>\n","protected":false},"author":1,"featured_media":0,"parent":0,"menu_order":0,"comment_status":"closed","ping_status":"closed","template":"","meta":{"footnotes":""},"class_list":["post-3464","page","type-page","status-publish","hentry","entry"],"_links":{"self":[{"href":"https:\/\/lotsarnastockholm.se\/index.php\/wp-json\/wp\/v2\/pages\/3464","targetHints":{"allow":["GET"]}}],"collection":[{"href":"https:\/\/lotsarnastockholm.se\/index.php\/wp-json\/wp\/v2\/pages"}],"about":[{"href":"https:\/\/lotsarnastockholm.se\/index.php\/wp-json\/wp\/v2\/types\/page"}],"author":[{"embeddable":true,"href":"https:\/\/lotsarnastockholm.se\/index.php\/wp-json\/wp\/v2\/users\/1"}],"replies":[{"embeddable":true,"href":"https:\/\/lotsarnastockholm.se\/index.php\/wp-json\/wp\/v2\/comments?post=3464"}],"version-history":[{"count":6,"href":"https:\/\/lotsarnastockholm.se\/index.php\/wp-json\/wp\/v2\/pages\/3464\/revisions"}],"predecessor-version":[{"id":7687,"href":"https:\/\/lotsarnastockholm.se\/index.php\/wp-json\/wp\/v2\/pages\/3464\/revisions\/7687"}],"wp:attachment":[{"href":"https:\/\/lotsarnastockholm.se\/index.php\/wp-json\/wp\/v2\/media?parent=3464"}],"curies":[{"name":"wp","href":"https:\/\/api.w.org\/{rel}","templated":true}]}}