{"id":3450,"date":"2021-11-21T22:14:49","date_gmt":"2021-11-21T21:14:49","guid":{"rendered":"https:\/\/lotsarnastockholm.se\/?page_id=3450"},"modified":"2023-11-19T17:41:59","modified_gmt":"2023-11-19T16:41:59","slug":"pukaviks-lotsplats","status":"publish","type":"page","link":"https:\/\/lotsarnastockholm.se\/index.php\/pukaviks-lotsplats\/","title":{"rendered":"Pukavik Lotsplats"},"content":{"rendered":"\n<p class=\"has-text-align-center\"><a href=\"https:\/\/www.google.se\/maps\/place\/56%C2%B009'34.3%22N+14%C2%B040'54.1%22E\/@56.1595363,14.6794946,17z\/data=!3m1!4b1!4m4!3m3!8m2!3d56.1595333!4d14.6816833\">56\u00b0 09.572&#8242; N 14\u00b0 40.901&#8242; E<\/a><\/p>\n\n\n\n<h4 class=\"wp-block-heading\">Ur CG Sundius anteckningar<\/h4>\n\n\n\n<p>Pukavik eller Pugavik, startade omkring 1697 nedlagd 1 januari 1937<\/p>\n\n\n\n<p>Ur 1697 \u00e5rs stadgande: Vid Pukavik var en lots anst\u00e4lld som hade att lotsa fartyg v\u00e4sterut till S\u00f6lvesborg och \u00f6sterut till Karlshamn. N\u00e5gon s\u00e4rskild taxa var inte uppr\u00e4ttad f\u00f6r denne.<\/p>\n\n\n\n<p>1697 hade lotsplatsen 1 lots och tv\u00e5 lotsdr\u00e4ngar.<\/p>\n\n\n\n<p>Ur reglemente f\u00f6r lotsverket 1799:<\/p>\n\n\n\n<p>Under lotschefen s\u00e5som lotsuppsyningsman f\u00f6r Karlskrona f\u00f6rdelning lyder Pukaviks lotsplats:<\/p>\n\n\n\n<p>1 ordinarie lots, 1 utl\u00e4rd reservlotsdr\u00e4ng 1 lotsl\u00e4rling.<\/p>\n\n\n\n<p>Lotsplatsen lyder under lots\u00e5lderman i Karlshamn<\/p>\n\n\n\n<p>Ur rulla 1774: Lots Lars-Olof Mattsson, 26 \u00e5r, 5 \u00e5rs tj\u00e4nst, l\u00f6n 10 rdr\/\u00e5r<\/p>\n\n\n\n<p>Ur rulla 1817: Ordinarie lots J Samsson, Reservlotsdr\u00e4ng O Pehrsson, lotsl\u00e4rling P Paulsson<\/p>\n\n\n\n<p>Enligt 1820 \u00e5rs reglemente: 1 sekundlots och 1 lotsl\u00e4rling<\/p>\n\n\n\n<p>1911 byggdes nytt utkikshus<\/p>\n\n\n\n<p>1920 B\u00e5tbest\u00e5nd:<br>1 motorb\u00e5t byggd 1894, ek, klink, 5,8&#215;2,1 4 hk rekord<br>1 segelb\u00e5t, byggd 1910, ek, klink, 4,6&#215;1,7<\/p>\n\n\n\n<p>Alla k\u00e4nda lotsar vid Pukaviks Lpl<\/p>\n\n\n\n<figure class=\"wp-block-table alignwide\"><table><tbody><tr><td><strong>Lotsplats \u00f6vriga<\/strong><\/td><td><strong>Efternamn<\/strong><\/td><td><strong>F\u00f6rnamn<\/strong><\/td><td><strong>F\u00f6rnamn<\/strong><\/td><td><strong>F\u00f6dd<\/strong><\/td><td><strong>Antagen i lotsverket<\/strong><\/td><\/tr><tr><td>&nbsp;<\/td><td>Mattsson<\/td><td>Olof<\/td><td>&nbsp;<\/td><td>1748<\/td><td>1769<\/td><\/tr><tr><td>&nbsp;<\/td><td>Paulsson<\/td><td>P<\/td><td>&nbsp;<\/td><td>&nbsp;<\/td><td>1817<\/td><\/tr><tr><td>&nbsp;<\/td><td>Pehrsson<\/td><td>O<\/td><td>&nbsp;<\/td><td>&nbsp;<\/td><td>1817<\/td><\/tr><tr><td>&nbsp;<\/td><td>Samsson<\/td><td>J<\/td><td>&nbsp;<\/td><td>&nbsp;<\/td><td>1817<\/td><\/tr><tr><td>\u00d6verg\u00e5ngsstat<\/td><td>Ysberg\/ Svensson<\/td><td>Ola<\/td><td>&nbsp;<\/td><td>1851<\/td><td>1869<\/td><\/tr><tr><td>&nbsp;<\/td><td>Dahlbeck<\/td><td>Sven<\/td><td>Petter<\/td><td>1860<\/td><td>1882<\/td><\/tr><tr><td>Karlshamn<\/td><td>Dahlbeck<\/td><td>Karl<\/td><td>Robert<\/td><td>1897<\/td><td>1919<\/td><\/tr><\/tbody><\/table><\/figure>\n","protected":false},"excerpt":{"rendered":"<p>56\u00b0 09.572&#8242; N 14\u00b0 40.901&#8242; E Ur CG Sundius anteckningar Pukavik eller Pugavik, startade omkring 1697 nedlagd 1 januari 1937 Ur 1697 \u00e5rs stadgande: Vid Pukavik var en lots anst\u00e4lld som hade att lotsa fartyg v\u00e4sterut till S\u00f6lvesborg och \u00f6sterut till Karlshamn. N\u00e5gon s\u00e4rskild taxa var inte uppr\u00e4ttad f\u00f6r denne. 1697 hade lotsplatsen 1 lots&hellip; <a class=\"more-link\" href=\"https:\/\/lotsarnastockholm.se\/index.php\/pukaviks-lotsplats\/\">Forts\u00e4tt l\u00e4sa <span class=\"screen-reader-text\">Pukavik Lotsplats<\/span><\/a><\/p>\n","protected":false},"author":1,"featured_media":0,"parent":0,"menu_order":0,"comment_status":"closed","ping_status":"closed","template":"","meta":{"footnotes":""},"class_list":["post-3450","page","type-page","status-publish","hentry","entry"],"_links":{"self":[{"href":"https:\/\/lotsarnastockholm.se\/index.php\/wp-json\/wp\/v2\/pages\/3450","targetHints":{"allow":["GET"]}}],"collection":[{"href":"https:\/\/lotsarnastockholm.se\/index.php\/wp-json\/wp\/v2\/pages"}],"about":[{"href":"https:\/\/lotsarnastockholm.se\/index.php\/wp-json\/wp\/v2\/types\/page"}],"author":[{"embeddable":true,"href":"https:\/\/lotsarnastockholm.se\/index.php\/wp-json\/wp\/v2\/users\/1"}],"replies":[{"embeddable":true,"href":"https:\/\/lotsarnastockholm.se\/index.php\/wp-json\/wp\/v2\/comments?post=3450"}],"version-history":[{"count":4,"href":"https:\/\/lotsarnastockholm.se\/index.php\/wp-json\/wp\/v2\/pages\/3450\/revisions"}],"predecessor-version":[{"id":5855,"href":"https:\/\/lotsarnastockholm.se\/index.php\/wp-json\/wp\/v2\/pages\/3450\/revisions\/5855"}],"wp:attachment":[{"href":"https:\/\/lotsarnastockholm.se\/index.php\/wp-json\/wp\/v2\/media?parent=3450"}],"curies":[{"name":"wp","href":"https:\/\/api.w.org\/{rel}","templated":true}]}}