{"id":3443,"date":"2021-11-21T16:21:39","date_gmt":"2021-11-21T15:21:39","guid":{"rendered":"https:\/\/lotsarnastockholm.se\/?page_id=3443"},"modified":"2026-02-26T15:17:57","modified_gmt":"2026-02-26T14:17:57","slug":"hano-lotsplats","status":"publish","type":"page","link":"https:\/\/lotsarnastockholm.se\/index.php\/hano-lotsplats\/","title":{"rendered":"Han\u00f6 Lotsplats"},"content":{"rendered":"\n<p class=\"has-text-align-center\"><a href=\"https:\/\/www.google.se\/maps\/place\/56%C2%B000'35.3%22N+14%C2%B050'11.3%22E\/@56.009803,14.8342946,17z\/data=!3m1!4b1!4m4!3m3!8m2!3d56.0098!4d14.8364833\">56\u00b0 0.588&#8242; N 14\u00b0 50.189&#8242; E<\/a><\/p>\n\n\n\n<figure class=\"wp-block-image size-large\"><a href=\"https:\/\/lotsarnastockholm.se\/wp-content\/uploads\/2021\/11\/IMG.jpg\"><img fetchpriority=\"high\" decoding=\"async\" width=\"1024\" height=\"500\" src=\"https:\/\/lotsarnastockholm.se\/wp-content\/uploads\/2021\/11\/IMG-1024x500.jpg\" alt=\"\" class=\"wp-image-3444\" srcset=\"https:\/\/lotsarnastockholm.se\/wp-content\/uploads\/2021\/11\/IMG-1024x500.jpg 1024w, https:\/\/lotsarnastockholm.se\/wp-content\/uploads\/2021\/11\/IMG-300x147.jpg 300w, https:\/\/lotsarnastockholm.se\/wp-content\/uploads\/2021\/11\/IMG-768x375.jpg 768w, https:\/\/lotsarnastockholm.se\/wp-content\/uploads\/2021\/11\/IMG.jpg 1437w\" sizes=\"(max-width: 1024px) 100vw, 1024px\" \/><\/a><figcaption class=\"wp-element-caption\">Fyren p\u00e5 Han\u00f6 (ur Minnesalbum)<\/figcaption><\/figure>\n\n\n\n<h4 class=\"wp-block-heading\">Han\u00f6 Lpl taget ur CG Sundius anteckningar<\/h4>\n\n\n\n<p>Lotsplatsen anlades 1767, troligen p\u00e5 dess v\u00e4stra del av \u00f6n Lotsplatsen lades ner 1 augusti 1929 och flyttades till \u00c5hus<\/p>\n\n\n\n<p>Ur rulla 1774: Lots Nils Bergstr\u00f6m, 53 \u00e5r, 7 \u00e5rs tj\u00e4nst, l\u00f6n 10 rdr\/ \u00e5r, d\u00e4rmed f\u00f6rmodligen Han\u00f6s f\u00f6rste lots<\/p>\n\n\n\n<p>Ur rulla 1817: Ordinarie lots J Thomasson, lotsdr\u00e4ng J Nordgren, lotsl\u00e4rling O Pehrsson<\/p>\n\n\n\n<p>Enligt 1820 \u00e5rs reglemente skall Han\u00f6 bemannas med 1 m\u00e4sterlots en sekondlots och 1 lotsl\u00e4rling<\/p>\n\n\n\n<p>1889 den 25 januari hade lotsf\u00f6rmannen i Han\u00f6 lpl, \u00e5tf\u00f6ljd av fyra fiskare under sv\u00e5r storm med h\u00f6g sj\u00f6 utg\u00e5tt i en liten od\u00e4ckad b\u00e5t och med verklig livsfara l\u00e4mnat lotsbitr\u00e4de \u00e5t tyska barkskeppet MARIE EMILIE som inlotsades till Karlshamn och tilldelades b\u00e5tlaget en bel\u00f6ning om tillsammans 100 kr.<\/p>\n\n\n\n<p>1893 den 25 sep utgingo fr\u00e5n Han\u00f6 lpl en lots, en lotsl\u00e4rling och fyra fiskare samt fr\u00e5n Karlshamns lpl tv\u00e5 m\u00e4sterlotsar, en lots och tv\u00e5lotsl\u00e4rlingar till sj\u00f6ss i \u00f6ppna b\u00e5tar samt l\u00e4mnade med livsfara lotsbitr\u00e4de \u00e5t tyska \u00e5ngaren STERN som d\u00e4refter lotsades i hamn, och tilldelades var och en av de ombord i lotsb\u00e5tarna elva personer en bel\u00f6ning av 30 rdr eller tillsammans 330 rdr.<\/p>\n\n\n\n<p>1895 den 7 dec utgick fr\u00e5n Han\u00f6 lpl lotsf\u00f6rmannen, en lots, en lotsl\u00e4rling samt tv\u00e5 fiskare under sv\u00e5r storm och h\u00f6g sj\u00f6 f\u00f6r att bist\u00e5 barkskeppet AUSTRALIA samt satte under s\u00e4rdeles sv\u00e5ra omst\u00e4ndigheter lots ombord \u00e5 fartyget som inlotsades till Karlshamn. Var och en av de i f\u00f6retaget deltagande tilldelades f\u00f6r denna ber\u00f6mv\u00e4rda handling 40 rdr.<\/p>\n\n\n\n<p>1897 den 24 jan hade lotsf\u00f6rman och 1 lots vid Han\u00f6 lpl samt 3 fiskare under h\u00e5rd storm med sn\u00f6 och ostlig vind i \u00f6ppen b\u00e5t utg\u00e5tt fr\u00e5n Han\u00f6 och l\u00e4mnade lotsbitr\u00e4de \u00e5rt svenska skonerten ARIEL som d\u00e4refter inlotsades till \u00c5hus. F\u00f6r visad raskhet och sj\u00e4lvuppoffring tilldelades lotsf\u00f6rman 30 kr hvar och en av de \u00f6vriga 20 kr.<\/p>\n\n\n\n<p>1899 den 2 jan hade en lots och sex fiskare utg\u00e5tt fr\u00e5n Han\u00f6 lpl samt under livsfarliga f\u00f6rh\u00e5llanden l\u00e4mnat lotsbitr\u00e4de \u00e5t briggen CAROLINA som d\u00e4refter inlotsades till S\u00f6lvesborg; och tillerk\u00e4ndes f\u00f6r denna ber\u00f6mv\u00e4rda handling lotsen 40 kr samt envar av fiskarna 20 kr.<\/p>\n\n\n\n<p>1899 den 22 sept. gick en lots en lotsson en kustroddare och tv\u00e5 fiskare under h\u00e5rd storm i b\u00e5t ut fr\u00e5n Han\u00f6 lpl emot skonerten TV\u00c5 BR\u00d6DER. Lotsen lyckades under omst\u00e4ndigheter som gjorde f\u00f6retaget f\u00f6renat med verklig livsfara komma ombord \u00e5 skonerten samt inlotsa densamma till Karlshamn. De i f\u00f6retaget deltagande erk\u00e4ndes s\u00e5som bel\u00f6ningar: lotsen 40 kr och envar av de \u00f6vriga 20 kr.<\/p>\n\n\n\n<p>1899 den 25 okt. Utgick fr\u00e5n Han\u00f6 lpl en lots och tre fiskare under orkanlik storm emot tyska S\/S Hogland vilken p\u00e5kallade hj\u00e4lp och l\u00e4mnade med uppenbar livsfara lotsbitr\u00e4de \u00e5t fartyget. B\u00e5tbes\u00e4ttningen tilldelades en bel\u00f6ning av tillsammans 100 kr.<\/p>\n\n\n\n<p>1900 den 22 dec utgick lotsf\u00f6rman, en lots, och 4 andra personer fr\u00e5n Han\u00f6 samt l\u00e4mnade lotsbitr\u00e4de \u00e5t skonerten CALEB som d\u00e4refter inlotsades till Karlshamn. Lotsf\u00f6rman tilldelades 30 kr samt envar av de \u00f6vriga 20 kr.<\/p>\n\n\n\n<p>1903 den 24 mars utgick under h\u00e5rd storm och sv\u00e5r sj\u00f6g\u00e5ng fr\u00e5n Han\u00f6 lpl en lotsf\u00f6rman och 1 lots en kustroddare samt tv\u00e5 fiskare och l\u00e4mnade under verklig livsfara bitr\u00e4de \u00e5t svenska skonerten EMANUEL som d\u00e4refter inlotsades till Karlskrona. Lotsf\u00f6rman tilldelades 30 kr, de \u00f6vriga vardera 20 kr.<\/p>\n\n\n\n<p>1906 den 5 dec l\u00e4mnade lotsf\u00f6rman 1 m\u00e4sterlots och 1 lotsl\u00e4rling alla vid Han\u00f6 lpl samt en fiskare fr\u00e5n samma plats under h\u00e5rd storm med sn\u00f6tjocka samt h\u00f6g brytande sj\u00f6 lotsbitr\u00e4de \u00e5t finska skeppet MARIE. F\u00f6r deras vid ifr\u00e5gavarande tillf\u00e4lle visade of\u00f6rskr\u00e4ckthet och sj\u00e4lvuppoffring tilldelades de en bel\u00f6ning lotsf\u00f6rman av 15 kr och envar av de \u00f6vriga 10 kr.<\/p>\n\n\n\n<p>1909 den 13 nov hade tyska skonerten HAYNACH under sv\u00e5ra v\u00e4derleksf\u00f6rh\u00e5llanden erh\u00e5llit lotsbitr\u00e4de av lotsf\u00f6rman och en m\u00e4sterlots vid Han\u00f6 lpl en fiskare och ett b\u00e5t bitr\u00e4de. F\u00f6r vid ber\u00f6rda tillf\u00e4lle visad raskhet och of\u00f6rskr\u00e4ckthet tilldelades lotsf\u00f6rman 15 kr och var och en av de \u00f6vriga 10 kr.<\/p>\n\n\n\n<p>1910 den 8 nov hade skonertskeppet FOMALHAUT under sv\u00e5ra v\u00e4derleksf\u00f6rh\u00e5llande erh\u00e5llit lotsbitr\u00e4de av en m\u00e4sterlots och en lotsl\u00e4rling vid Han\u00f6 lpl samt 3 fiskare. F\u00f6r vi ber\u00e4ttat tillf\u00e4lle visat mod och r\u00e5dighet tilldelades m\u00e4sterlotsen som inlotsade fartyget till Karlshamn 20 kr och de \u00f6vriga 15 kr vardera.<\/p>\n\n\n\n<p>1912 den 8 nov lyckades en lotsl\u00e4rling vid Han\u00f6 lpl samt 4 fiskare \u00e5 \u00f6n under sv\u00e5ra v\u00e4derleksf\u00f6rh\u00e5llanden och med fara f\u00f6r egna liv uppn\u00e5 den \u00e5 v\u00e4stra kusten av Han\u00f6 strandskonerten AXEL fr\u00e5n Pukavik och d\u00e4rigenom r\u00e4dda 2 man av bes\u00e4ttningen. F\u00f6r h\u00e4rvid visat mod och r\u00e5dighet tillerk\u00e4nnes envar av dem 40 kr samt en fiskare och en handlande vilka tagit del i r\u00e4ddningsf\u00f6retaget respektive 20 och 10 kr.<\/p>\n\n\n\n<p>1913 den 19 nov begav sig lotsf\u00f6rman, 1 m\u00e4sterlots, 1 lotsl\u00e4rling samt 2 fiskare i \u00f6ppen mindre roddb\u00e5t ut fr\u00e5n Han\u00f6 lpl och lyckades trots sv\u00e5r storm och l\u00e5gt vattenst\u00e5nd l\u00e4mna lotsbitr\u00e4de \u00e5t tre mastade skonaren Al\u00e5ne fr\u00e5n Halmstad. F\u00f6r vid tillf\u00e4llet visat mod och r\u00e5dighet tilldelades m\u00e4sterlotsen som inlotsade fartyget till Karlshamn 30 kr och envar av de \u00f6vriga 25 kr.<\/p>\n\n\n\n<p>1916 den 11 okt l\u00e4mnades under sv\u00e5ra v\u00e4derleksf\u00f6rh\u00e5llandenlotshj\u00e4lp fr\u00e5n Han\u00f6 lpl \u00e5t skonerten Jernavik fr\u00e5n Landskrona. De i detta f\u00f6retag deltagande, lotsf\u00f6rman, 1 lots och ett b\u00e5tbitr\u00e4de erh\u00f6ll bel\u00f6ning, lotsen 25 kr och de \u00f6vriga 20 kr vardera.<\/p>\n\n\n\n<p>1917 den 29 oktober begav sig under orkanartad storm och i synnerligen uppr\u00f6rt hav en m\u00e4sterlots fr\u00e5n Asp\u00f6 lpl j\u00e4mte en lotsl\u00e4rling och tv\u00e5 man fr\u00e5n Han\u00f6 lpl i den senare platsens lotsb\u00e5t och lyckades trots upprepade motorfel p\u00e5 b\u00e5ten l\u00e4mna lotsbitr\u00e4de \u00e5t en \u00e5ngare ALGERIA. F\u00f6r mod och r\u00e5dighet tilldelades m\u00e4sterlotsen som utf\u00f6rde lotsningen 30 kr och envar av de \u00f6vriga 25 kr.<\/p>\n\n\n\n<p>1920 den 15 nov begav sig lotsf\u00f6rman, en lots en fyrvaktare ett b\u00e5tbitr\u00e4de och en fiskare fr\u00e5n Han\u00f6 ut i platsens lotsb\u00e5t och lyckades trots orkanlik storm och regntjocka ge lotshj\u00e4lp \u00e5t svenska S\/S Tor. F\u00f6r \u00e5dagalagt mod och sj\u00e4lvuppoffring erh\u00f6ll envar 50 kr i bel\u00f6ning.<\/p>\n\n\n\n<p>B\u00e5tbest\u00e5nd 1920:<br>1 d\u00e4ckad kutter byggs 1912, ek, klink, 8,2&#215;3,1 6 hk Skandia<br>1 segelb\u00e5t byggs 1900, ek, klink, 4,76&#215;1,71<br>1 segelb\u00e5t byggd 1901, ek, klink, 6,3&#215;2,36<br>1 segelb\u00e5t byggd 1917, ek, klink, 5,2&#215;2,3<\/p>\n\n\n\n<h4 class=\"wp-block-heading\">Ur minnesalbum 1914-1924<\/h4>\n\n\n\n<p>F\u00f6rsta fyren byggdes \u00e5r 1869. \u00c5r 1905 byggdes en ny fyr, som t\u00e4ndes \u00e5r 1906. Den gamla fyren, som var byggd p\u00e5 boningshuset, sl\u00e4cktes d\u00e5 den nya t\u00e4ndes. Under de f\u00f6rsta krigs\u00e5ren var fyren sl\u00e4ckt.<\/p>\n\n\n\n<p>Han\u00f6 \u00f6, bel\u00e4gen 4 distansminuter fr\u00e5n fastlandet, \u00e4r bebodd av en fiskarebefolkning p\u00e5 sammanlagt 250 personer. F\u00f6r cirka 35 \u00e5r sedan var Han\u00f6 en h\u00e4rlig skogbevuxen \u00f6 med en sydl\u00e4ndsk flora, men \u00e4r nu renrakad, s\u00e5 att endast sten \u00e4r synlig med n\u00e5gra buskar h\u00e4r och var.<\/p>\n\n\n\n<p>Fyrplatsen \u00e4r bel\u00e4gen cirka 10 minuters g\u00e5ng fr\u00e5n fiskel\u00e4get, har en vacker tr\u00e4dg\u00e5rd med m\u00e5nga frukttr\u00e4d osv. Boningshuset best\u00e5r av tv\u00e5 l\u00e4genheter med vardera ett rum och k\u00f6k samt ett litet vindsrum till fyrm\u00e4starebostaden. P\u00e5 grund av avst\u00e5ndet till sj\u00f6n idkar fyrfolket sj\u00e4lva inget fiske utan tillhandlar sig sitt behov av fisk fr\u00e5n fiskarna.<\/p>\n\n\n\n<p>\u00c5r 1904 anlades p\u00e5 statens bekostnad och med bidrag fr\u00e5n lotsverket en hamn p\u00e5 Han\u00f6 och fiskel\u00e4get ink\u00f6ptes av staten f\u00f6r bildandet av egna hem \u00e5t fiskarna. \u00c5r 1901 utvidgades hamnen, men \u00e4r redan f\u00f6r liten f\u00f6r dess stora \u00f6kning av fiskeflottan, och f\u00f6rslag \u00e4r av bane att hamnen skall upprensas och f\u00f6rdjupas. Skola, missionshus och handelshus finns. Postg\u00e5ngen tre g\u00e5nger i veckan med postb\u00e5t Han\u00f6 &#8211; H\u00f6rviken. Trots kalhuggningen av \u00f6n kallar kyrkoherden Han\u00f6 f\u00f6r <em>Lycksalighetens \u00f6<\/em>. Den inf\u00f6dda befolkningen utm\u00e4rker sig f\u00f6r arbetsamhet, f\u00f6rn\u00f6jsamhet, gl\u00e4ttighet och hj\u00e4lpsamhet samt tackar Gud f\u00f6r lotten sin. M\u00e5nga Han\u00f6bor ha varit i F\u00f6renta Staterna n\u00e5gon tid, men kommer regelbundet \u00e5ter att bos\u00e4tta sig p\u00e5 sin \u00f6.<\/p>\n\n\n\n<p>Lotsar vid Han\u00f6 Lpl<\/p>\n\n\n\n<figure class=\"wp-block-table alignwide\"><table class=\"has-fixed-layout\"><tbody><tr><td><strong>Efternamn<\/strong><\/td><td><strong>F\u00f6rnamn<\/strong><\/td><td><strong>F\u00f6dd<\/strong><\/td><td><strong>I Staten<\/strong><\/td><td><strong>Lotsplatser<\/strong><\/td><\/tr><tr><td>Persson<\/td><td>Tomas<\/td><td>1822<\/td><td><\/td><td>Han\u00f6<\/td><\/tr><tr><td>Nordgren<\/td><td>J<\/td><td><\/td><td><\/td><td>Han\u00f6<\/td><\/tr><tr><td>Pehrsson<\/td><td>O<\/td><td><\/td><td><\/td><td>Han\u00f6<\/td><\/tr><tr><td>Thomasson<\/td><td>J<\/td><td><\/td><td><\/td><td>Han\u00f6<\/td><\/tr><tr><td>Bergstr\u00f6m<\/td><td>Nils<\/td><td>1721<\/td><td>1767<\/td><td>Han\u00f6<\/td><\/tr><tr><td>Thornstr\u00f6m<\/td><td>Karl<\/td><td>1853<\/td><td>1881<\/td><td>Han\u00f6<\/td><\/tr><tr><td>Hedberg<\/td><td>Joel<\/td><td>1869<\/td><td>1889<\/td><td>Han\u00f6<\/td><\/tr><tr><td>Svedberg<\/td><td>Peter<\/td><td>1869<\/td><td>1891<\/td><td>Han\u00f6<\/td><\/tr><tr><td>Thornstr\u00f6m<\/td><td>Ernst<\/td><td>1882<\/td><td>1897<\/td><td>Han\u00f6\/Karlshamn\/Malm\u00f6<\/td><\/tr><tr><td>Thornstr\u00f6m<\/td><td>John<\/td><td>1884<\/td><td>1906<\/td><td>Han\u00f6\/Karlshamn<\/td><\/tr><tr><td>\u00c5man<\/td><td>Peter<\/td><td>1888<\/td><td>1910<\/td><td>Han\u00f6\/Karlshamn\/T\u00e4rn\u00f6<\/td><\/tr><tr><td>Nilsson<\/td><td>Ludvig<\/td><td>1892<\/td><td>1917<\/td><td>Han\u00f6<\/td><\/tr><tr><td>Dahl<\/td><td>Otto<\/td><td>1900<\/td><td>1920<\/td><td>Han\u00f6<\/td><\/tr><\/tbody><\/table><\/figure>\n","protected":false},"excerpt":{"rendered":"<p>56\u00b0 0.588&#8242; N 14\u00b0 50.189&#8242; E Han\u00f6 Lpl taget ur CG Sundius anteckningar Lotsplatsen anlades 1767, troligen p\u00e5 dess v\u00e4stra del av \u00f6n Lotsplatsen lades ner 1 augusti 1929 och flyttades till \u00c5hus Ur rulla 1774: Lots Nils Bergstr\u00f6m, 53 \u00e5r, 7 \u00e5rs tj\u00e4nst, l\u00f6n 10 rdr\/ \u00e5r, d\u00e4rmed f\u00f6rmodligen Han\u00f6s f\u00f6rste lots Ur rulla&hellip; <a class=\"more-link\" href=\"https:\/\/lotsarnastockholm.se\/index.php\/hano-lotsplats\/\">Forts\u00e4tt l\u00e4sa <span class=\"screen-reader-text\">Han\u00f6 Lotsplats<\/span><\/a><\/p>\n","protected":false},"author":1,"featured_media":0,"parent":0,"menu_order":0,"comment_status":"closed","ping_status":"closed","template":"","meta":{"footnotes":""},"class_list":["post-3443","page","type-page","status-publish","hentry","entry"],"_links":{"self":[{"href":"https:\/\/lotsarnastockholm.se\/index.php\/wp-json\/wp\/v2\/pages\/3443","targetHints":{"allow":["GET"]}}],"collection":[{"href":"https:\/\/lotsarnastockholm.se\/index.php\/wp-json\/wp\/v2\/pages"}],"about":[{"href":"https:\/\/lotsarnastockholm.se\/index.php\/wp-json\/wp\/v2\/types\/page"}],"author":[{"embeddable":true,"href":"https:\/\/lotsarnastockholm.se\/index.php\/wp-json\/wp\/v2\/users\/1"}],"replies":[{"embeddable":true,"href":"https:\/\/lotsarnastockholm.se\/index.php\/wp-json\/wp\/v2\/comments?post=3443"}],"version-history":[{"count":7,"href":"https:\/\/lotsarnastockholm.se\/index.php\/wp-json\/wp\/v2\/pages\/3443\/revisions"}],"predecessor-version":[{"id":7693,"href":"https:\/\/lotsarnastockholm.se\/index.php\/wp-json\/wp\/v2\/pages\/3443\/revisions\/7693"}],"wp:attachment":[{"href":"https:\/\/lotsarnastockholm.se\/index.php\/wp-json\/wp\/v2\/media?parent=3443"}],"curies":[{"name":"wp","href":"https:\/\/api.w.org\/{rel}","templated":true}]}}