{"id":3440,"date":"2021-11-20T21:33:11","date_gmt":"2021-11-20T20:33:11","guid":{"rendered":"https:\/\/lotsarnastockholm.se\/?page_id=3440"},"modified":"2026-03-24T09:18:33","modified_gmt":"2026-03-24T08:18:33","slug":"solvesborgs-lotsplats","status":"publish","type":"page","link":"https:\/\/lotsarnastockholm.se\/index.php\/solvesborgs-lotsplats\/","title":{"rendered":"S\u00f6lvesborg Lotsplats"},"content":{"rendered":"\n<p class=\"has-text-align-center\"><a href=\"https:\/\/www.google.se\/maps\/place\/56%C2%B001'29.0%22N+14%C2%B033'58.6%22E\/@56.0247363,14.564078,17z\/data=!3m1!4b1!4m4!3m3!8m2!3d56.0247333!4d14.5662667\">56\u00b0 1.484&#8242; N 14\u00b0 33.976&#8242; E<\/a><\/p>\n\n\n\n<figure class=\"wp-block-image size-large\"><a href=\"https:\/\/lotsarnastockholm.se\/wp-content\/uploads\/lotsar\/sydkusten\/IMG_0011.jpg\"><img fetchpriority=\"high\" decoding=\"async\" width=\"1024\" height=\"455\" src=\"https:\/\/lotsarnastockholm.se\/wp-content\/uploads\/lotsar\/sydkusten\/IMG_0011-1024x455.jpg\" alt=\"\" class=\"wp-image-2558\" srcset=\"https:\/\/lotsarnastockholm.se\/wp-content\/uploads\/lotsar\/sydkusten\/IMG_0011-1024x455.jpg 1024w, https:\/\/lotsarnastockholm.se\/wp-content\/uploads\/lotsar\/sydkusten\/IMG_0011-300x133.jpg 300w, https:\/\/lotsarnastockholm.se\/wp-content\/uploads\/lotsar\/sydkusten\/IMG_0011-768x342.jpg 768w, https:\/\/lotsarnastockholm.se\/wp-content\/uploads\/lotsar\/sydkusten\/IMG_0011-1536x683.jpg 1536w, https:\/\/lotsarnastockholm.se\/wp-content\/uploads\/lotsar\/sydkusten\/IMG_0011-1568x697.jpg 1568w, https:\/\/lotsarnastockholm.se\/wp-content\/uploads\/lotsar\/sydkusten\/IMG_0011.jpg 2024w\" sizes=\"(max-width: 1024px) 100vw, 1024px\" \/><\/a><\/figure>\n\n\n\n<p>S\u00f6lvesborg (S\u00f6lfvitsborg 1799), nedlagd den 15 september 1968 och gick upp i \u00c5hus lpl<\/p>\n\n\n\n<p>Ur rulla 1774 Lotsuppsyningsman Lars H\u00e4ger, lots Johan Bus 54 \u00e5r, 8 \u00e5rs tj\u00e4nst , l\u00f6n 10 rdr per \u00e5r<\/p>\n\n\n\n<p>Ur rulla 1817 Ord lots N. Nilsson, reservlotsdr\u00e4ng J Tornberg<\/p>\n\n\n\n<p>Tillh\u00f6rde Karlskrona f\u00f6rdelning 1799, 1862-1880<\/p>\n\n\n\n<p>Kalmar f\u00f6rdelning 1881-<\/p>\n\n\n\n<p>Ur 1799 reglemente f\u00f6r lotsning : Under lotschefen s\u00e5som lotsuppsyningsman f\u00f6r Karlskrona f\u00f6rdelning lyder S\u00f6lvesborgs lotsplats. 1 Ordinarie lots, 1 utl\u00e4rd reservlotsdr\u00e4ng och 1 lotsl\u00e4rling.<\/p>\n\n\n\n<p>Lotsplatsen lyder under lots\u00e5lderman i Karlshamn, dito 1820 Lotsningsomr\u00e5de: lotsarna uppassa dels i kyrktornet dels p\u00e5 ett litet sk\u00e4r vid fasta landet en halv mil fr\u00e5n staden, emottaga fr\u00e5n sj\u00f6n att inlotsa, utlotsa till sj\u00f6ss.<\/p>\n\n\n\n<p>1875 byggdes ett nytt lotsuppassningshus<\/p>\n\n\n\n<p>1884 byggdes en ny lotsutkik p\u00e5 Falknabben<\/p>\n\n\n\n<p>1901 den 13 nov utgick lotsf\u00f6rman 1 lots och 2 andra personer fr\u00e5n S\u00f6lvesborgs lpl och l\u00e4mna bitr\u00e4de \u00e5t skonerten FRITHIOF som d\u00e4refter inlotsades till Saxaviken. Lotsf\u00f6rman tilldelades 40 kr och envar av de \u00f6vriga b\u00e5tkarlarna 30 kr.<\/p>\n\n\n\n<p>1908 Ombyggdes lotsutkiken<\/p>\n\n\n\n<p>1920 B\u00e5tbest\u00e5nd:<br>1 d\u00e4ckad kutter byggd 1909, ek, klink, 9,3&#215;3,27, 8 hk Skandia<br>1 segelb\u00e5t byggd 1904, ek, klink, 5,26&#215;1,95<br>1 segelb\u00e5t byggd 1913, ek, klink, 4,85&#215;1,72<br>1 segelb\u00e5t, byggd 1915, ek, klink, 5,4&#215;2<\/p>\n\n\n\n<p>1926 Byggdes skyddskur p\u00e5 utkiksst\u00e4llningen<\/p>\n\n\n\n<p>1944 byggdes nytt lotsuppassningshus, ny b\u00e5thamn m.m.<\/p>\n\n\n\n<p>Lotsar och b\u00e5tm\u00e4n vid S\u00f6lvesborgs Lpl<\/p>\n\n\n\n<figure class=\"wp-block-table alignwide\"><table class=\"has-fixed-layout\"><tbody><tr><td><strong>Efternamn<\/strong><\/td><td><strong>F\u00f6rnamn<\/strong><\/td><td><strong>F\u00f6dd<\/strong><\/td><td><strong>I Staten<\/strong><\/td><td><strong>B\u00e5tman<\/strong><\/td><td><strong>Lpl 1<\/strong><\/td><td><strong>Lpl 2<\/strong><\/td><td><strong>Lpl 3<\/strong><\/td><\/tr><tr><td>Nilsson<\/td><td>N<\/td><td><\/td><td><\/td><td><\/td><td>S\u00f6lvesborg<\/td><td><\/td><td><\/td><\/tr><tr><td>Tornberg<\/td><td>J<\/td><td><\/td><td><\/td><td><\/td><td>S\u00f6lvesborg<\/td><td><\/td><td><\/td><\/tr><tr><td>Bus<\/td><td>Johan<\/td><td>1720<\/td><td>1744<\/td><td><\/td><td>S\u00f6lvesborg<\/td><td><\/td><td><\/td><\/tr><tr><td>H\u00e4ger<\/td><td>Lars<\/td><td>1720<\/td><td>1766<\/td><td><\/td><td>S\u00f6lvesborg<\/td><td><\/td><td><\/td><\/tr><tr><td>Wendel<\/td><td>Ola<\/td><td>1854<\/td><td>1875<\/td><td><\/td><td>S\u00f6lvesborg<\/td><td><\/td><td><\/td><\/tr><tr><td>Sj\u00f6berg<\/td><td>Herman<\/td><td>1870<\/td><td>1888<\/td><td><\/td><td>S\u00f6lvesborg<\/td><td><\/td><td><\/td><\/tr><tr><td>Moring<\/td><td>Karl<\/td><td>1862<\/td><td>1889<\/td><td><\/td><td>Kristianopel<\/td><td>S\u00f6lvesborg<\/td><td><\/td><\/tr><tr><td>Wendel<\/td><td>Johan<\/td><td>1886<\/td><td>1904<\/td><td><\/td><td>S\u00f6lvesborg<\/td><td><\/td><td><\/td><\/tr><tr><td>J\u00f6nsson<\/td><td>H\u00e5kan<\/td><td>1892<\/td><td>1915<\/td><td><\/td><td>S\u00f6lvesborg<\/td><td><\/td><td><\/td><\/tr><tr><td>Wyk<\/td><td>H\u00e5kan<\/td><td>1892<\/td><td>1915<\/td><td><\/td><td>S\u00f6lvesborg<\/td><td>Asp\u00f6<\/td><td>Oxel\u00f6sund<\/td><\/tr><tr><td>H\u00e5kansson<\/td><td>Sixten<\/td><td>1895<\/td><td>1917<\/td><td><\/td><td>S\u00f6lvesborg<\/td><td><\/td><td><\/td><\/tr><tr><td>Str\u00f6mberg<\/td><td>Karl<\/td><td>1901<\/td><td>1922<\/td><td><\/td><td>T\u00e4rn\u00f6<\/td><td>S\u00f6lvesborg<\/td><td><\/td><\/tr><tr><td>Thomasson<\/td><td>Nils<\/td><td>1900<\/td><td>1922<\/td><td><\/td><td>S\u00f6lvesborg<\/td><td><\/td><td><\/td><\/tr><tr><td>Thornstr\u00f6m<\/td><td>Ernst<\/td><td>1908<\/td><td>1929<\/td><td><\/td><td>S\u00f6lvesborg<\/td><td>\u00c5hus<\/td><td>Karlskrona\/Karlshamn<\/td><\/tr><tr><td>Torslow<\/td><td>Erik<\/td><td>1907<\/td><td>1929<\/td><td><\/td><td>Malm\u00f6<\/td><td>S\u00f6lvesborg<\/td><td>\u00d6resund norra\/Malm\u00f6<\/td><\/tr><tr><td>Olofsson<\/td><td>Axel<\/td><td>1903<\/td><td>1931<\/td><td><\/td><td>S\u00f6lvesborg<\/td><td>\u00d6resund s\u00f6dra<\/td><td>L\u00e5ng\u00f6ren\/Trelleborg<\/td><\/tr><tr><td>Ellis<\/td><td>Johan<\/td><td>1917<\/td><td>1942<\/td><td><\/td><td>G\u00f6kalf<\/td><td>\u00d6resund s\u00f6dra<\/td><td>S\u00f6lvesborg<\/td><\/tr><tr><td>Persson<\/td><td>Per<\/td><td>1921<\/td><td>1945<\/td><td><\/td><td>S\u00f6lvesborg<\/td><td>\u00d6resund s\u00f6dra<\/td><td>Trelleborg<\/td><\/tr><tr><td>Nilsson<\/td><td>Selmer<\/td><td>1922<\/td><td>1948<\/td><td><\/td><td>M\u00e4laren<\/td><td>S\u00f6lvesborg<\/td><td><\/td><\/tr><tr><td>Petersson<\/td><td>Sven<\/td><td>1914<\/td><td>1949<\/td><td><\/td><td>S\u00f6lvesborg<\/td><td>Trelleborg<\/td><td>Simrishamn\/\u00c5hus<\/td><\/tr><tr><td>Gunnarsson<\/td><td>Alfred<\/td><td>1925<\/td><td>1955<\/td><td><\/td><td>S\u00f6lvesborg<\/td><td><\/td><td><\/td><\/tr><tr><td>Persson<\/td><td>Arne<\/td><td>1931<\/td><td>1955<\/td><td>1958-07-01<\/td><td>S\u00f6lvesborg<\/td><td><\/td><td><\/td><\/tr><tr><td>Leandersson<\/td><td>Ebbe<\/td><td>1933<\/td><td>1958<\/td><td><\/td><td>S\u00f6lvesborg<\/td><td>Skellefte\u00e5<\/td><td><\/td><\/tr><tr><td>Rehnstr\u00f6m<\/td><td>Helge<\/td><td>1925<\/td><td>1964<\/td><td>1966-01-01<\/td><td>S\u00f6lvesborg<\/td><td><\/td><td><\/td><\/tr><tr><td>Hedberg<\/td><td>Karl<\/td><td>1944<\/td><td>1965<\/td><td>1966-01-01<\/td><td>S\u00f6lvesborg<\/td><td><\/td><td><\/td><\/tr><\/tbody><\/table><\/figure>\n","protected":false},"excerpt":{"rendered":"<p>56\u00b0 1.484&#8242; N 14\u00b0 33.976&#8242; E S\u00f6lvesborg (S\u00f6lfvitsborg 1799), nedlagd den 15 september 1968 och gick upp i \u00c5hus lpl Ur rulla 1774 Lotsuppsyningsman Lars H\u00e4ger, lots Johan Bus 54 \u00e5r, 8 \u00e5rs tj\u00e4nst , l\u00f6n 10 rdr per \u00e5r Ur rulla 1817 Ord lots N. Nilsson, reservlotsdr\u00e4ng J Tornberg Tillh\u00f6rde Karlskrona f\u00f6rdelning 1799, 1862-1880&hellip; <a class=\"more-link\" href=\"https:\/\/lotsarnastockholm.se\/index.php\/solvesborgs-lotsplats\/\">Forts\u00e4tt l\u00e4sa <span class=\"screen-reader-text\">S\u00f6lvesborg Lotsplats<\/span><\/a><\/p>\n","protected":false},"author":1,"featured_media":0,"parent":0,"menu_order":0,"comment_status":"closed","ping_status":"closed","template":"","meta":{"footnotes":""},"class_list":["post-3440","page","type-page","status-publish","hentry","entry"],"_links":{"self":[{"href":"https:\/\/lotsarnastockholm.se\/index.php\/wp-json\/wp\/v2\/pages\/3440","targetHints":{"allow":["GET"]}}],"collection":[{"href":"https:\/\/lotsarnastockholm.se\/index.php\/wp-json\/wp\/v2\/pages"}],"about":[{"href":"https:\/\/lotsarnastockholm.se\/index.php\/wp-json\/wp\/v2\/types\/page"}],"author":[{"embeddable":true,"href":"https:\/\/lotsarnastockholm.se\/index.php\/wp-json\/wp\/v2\/users\/1"}],"replies":[{"embeddable":true,"href":"https:\/\/lotsarnastockholm.se\/index.php\/wp-json\/wp\/v2\/comments?post=3440"}],"version-history":[{"count":8,"href":"https:\/\/lotsarnastockholm.se\/index.php\/wp-json\/wp\/v2\/pages\/3440\/revisions"}],"predecessor-version":[{"id":7831,"href":"https:\/\/lotsarnastockholm.se\/index.php\/wp-json\/wp\/v2\/pages\/3440\/revisions\/7831"}],"wp:attachment":[{"href":"https:\/\/lotsarnastockholm.se\/index.php\/wp-json\/wp\/v2\/media?parent=3440"}],"curies":[{"name":"wp","href":"https:\/\/api.w.org\/{rel}","templated":true}]}}