{"id":3128,"date":"2021-05-22T22:50:09","date_gmt":"2021-05-22T21:50:09","guid":{"rendered":"https:\/\/lotsarnastockholm.se\/?page_id=3128"},"modified":"2021-05-23T18:08:13","modified_gmt":"2021-05-23T17:08:13","slug":"fleetlists-over-lotsbatar","status":"publish","type":"page","link":"https:\/\/lotsarnastockholm.se\/index.php\/fleetlists-over-lotsbatar\/","title":{"rendered":"Fleetlists \u00f6ver lotsb\u00e5tar"},"content":{"rendered":"\n<p>P\u00e5 denna sida \u00e4r det upplagt sk Fleetlist \u00f6ver olika lotsplatser och de b\u00e5tar som har varit stationerade d\u00e4r. V\u00e4ldigt intressant l\u00e4sning f\u00f6r alla som har ett hj\u00e4rta klappandes f\u00f6r lotsb\u00e5tar!!<\/p>\n\n\n\n<p>Det \u00e4r som alla nog f\u00f6rst\u00e5r KA Sundin som bidrar med detta! Stort tack och bock f\u00f6r det!!<\/p>\n\n\n\n<div class=\"wp-block-file\"><a href=\"https:\/\/lotsarnastockholm.se\/wp-content\/uploads\/2021\/05\/FLEETLIST-Lulea-Lp.pdf\">FLEETLIST-Lulea-Lp<\/a><a href=\"https:\/\/lotsarnastockholm.se\/wp-content\/uploads\/2021\/05\/FLEETLIST-Lulea-Lp.pdf\" class=\"wp-block-file__button\" download>Ladda ner<\/a><\/div>\n\n\n\n<div class=\"wp-block-file\"><a href=\"https:\/\/lotsarnastockholm.se\/wp-content\/uploads\/2021\/05\/FLEETLIST-Goteborgs-Lotsplatser.pdf\">FLEETLIST-Goteborgs-Lotsplatser<\/a><a href=\"https:\/\/lotsarnastockholm.se\/wp-content\/uploads\/2021\/05\/FLEETLIST-Goteborgs-Lotsplatser.pdf\" class=\"wp-block-file__button\" download>Ladda ner<\/a><\/div>\n\n\n\n<div class=\"wp-block-file\"><a href=\"https:\/\/lotsarnastockholm.se\/wp-content\/uploads\/2021\/05\/FLEETLIST-Sundsvalls-Lp-v2.jpg\">FLEETLIST-Sundsvalls-Lp-v2<\/a><a href=\"https:\/\/lotsarnastockholm.se\/wp-content\/uploads\/2021\/05\/FLEETLIST-Sundsvalls-Lp-v2.jpg\" class=\"wp-block-file__button\" download>Ladda ner<\/a><\/div>\n\n\n\n<div class=\"wp-block-file\"><a href=\"https:\/\/lotsarnastockholm.se\/wp-content\/uploads\/2021\/05\/FLEETLIST-Soderhamns-Lp-Lilljungfruns-Lp.pdf\">FLEETLIST-Soderhamns-Lp-Lilljungfruns-Lp<\/a><a href=\"https:\/\/lotsarnastockholm.se\/wp-content\/uploads\/2021\/05\/FLEETLIST-Soderhamns-Lp-Lilljungfruns-Lp.pdf\" class=\"wp-block-file__button\" download>Ladda ner<\/a><\/div>\n\n\n\n<div class=\"wp-block-file\"><a href=\"https:\/\/lotsarnastockholm.se\/wp-content\/uploads\/2021\/05\/FLEETLIST-Ulvo-Lp.pdf\">FLEETLIST-Ulvo-Lp<\/a><a href=\"https:\/\/lotsarnastockholm.se\/wp-content\/uploads\/2021\/05\/FLEETLIST-Ulvo-Lp.pdf\" class=\"wp-block-file__button\" download>Ladda ner<\/a><\/div>\n\n\n\n<div class=\"wp-block-file\"><a href=\"https:\/\/lotsarnastockholm.se\/wp-content\/uploads\/2021\/05\/FLEETLIST-Oxelosunds-Lp.pdf\">FLEETLIST-Oxelosunds-Lp<\/a><a href=\"https:\/\/lotsarnastockholm.se\/wp-content\/uploads\/2021\/05\/FLEETLIST-Oxelosunds-Lp.pdf\" class=\"wp-block-file__button\" download>Ladda ner<\/a><\/div>\n","protected":false},"excerpt":{"rendered":"<p>P\u00e5 denna sida \u00e4r det upplagt sk Fleetlist \u00f6ver olika lotsplatser och de b\u00e5tar som har varit stationerade d\u00e4r. V\u00e4ldigt intressant l\u00e4sning f\u00f6r alla som har ett hj\u00e4rta klappandes f\u00f6r lotsb\u00e5tar!! Det \u00e4r som alla nog f\u00f6rst\u00e5r KA Sundin som bidrar med detta! Stort tack och bock f\u00f6r det!!<\/p>\n","protected":false},"author":1,"featured_media":0,"parent":0,"menu_order":0,"comment_status":"closed","ping_status":"closed","template":"","meta":{"footnotes":""},"class_list":["post-3128","page","type-page","status-publish","hentry","entry"],"_links":{"self":[{"href":"https:\/\/lotsarnastockholm.se\/index.php\/wp-json\/wp\/v2\/pages\/3128","targetHints":{"allow":["GET"]}}],"collection":[{"href":"https:\/\/lotsarnastockholm.se\/index.php\/wp-json\/wp\/v2\/pages"}],"about":[{"href":"https:\/\/lotsarnastockholm.se\/index.php\/wp-json\/wp\/v2\/types\/page"}],"author":[{"embeddable":true,"href":"https:\/\/lotsarnastockholm.se\/index.php\/wp-json\/wp\/v2\/users\/1"}],"replies":[{"embeddable":true,"href":"https:\/\/lotsarnastockholm.se\/index.php\/wp-json\/wp\/v2\/comments?post=3128"}],"version-history":[{"count":2,"href":"https:\/\/lotsarnastockholm.se\/index.php\/wp-json\/wp\/v2\/pages\/3128\/revisions"}],"predecessor-version":[{"id":3146,"href":"https:\/\/lotsarnastockholm.se\/index.php\/wp-json\/wp\/v2\/pages\/3128\/revisions\/3146"}],"wp:attachment":[{"href":"https:\/\/lotsarnastockholm.se\/index.php\/wp-json\/wp\/v2\/media?parent=3128"}],"curies":[{"name":"wp","href":"https:\/\/api.w.org\/{rel}","templated":true}]}}