{"id":3017,"date":"2021-03-28T21:16:27","date_gmt":"2021-03-28T20:16:27","guid":{"rendered":"https:\/\/lotsarnastockholm.se\/?page_id=3017"},"modified":"2021-03-28T21:21:41","modified_gmt":"2021-03-28T20:21:41","slug":"lotsplatser-1904","status":"publish","type":"page","link":"https:\/\/lotsarnastockholm.se\/index.php\/lotsplatser-1904\/","title":{"rendered":"Lotsplatser 1904"},"content":{"rendered":"\n<p>1904 organiserades genom lotsstyrelsens kung\u00f6relse den 11 oktober 1904 (SF 47\/1904) <\/p>\n\n\n\n<p>Organisationen \u00e4ndrades fr\u00e5n Lotsf\u00f6rdelning till sex lotsdistrikt som f\u00f6restods av lotskaptener och Lotsverket inr\u00e4ttades som \u00f6vergripande myndighet f\u00f6r de underlydande lotsdistrikten:<\/p>\n\n\n\n<ul class=\"wp-block-list\"><li>\u00d6vre norra fr\u00e5n finska gr\u00e4nsen till Ulv\u00f6 i \u00c5ngermanland.<\/li><li>Nedre norra fr\u00e5n Ulv\u00f6 till \u00c5lands hav.<\/li><li>Mellersta fr\u00e5n Stockholm till Nyk\u00f6ping.<\/li><li>\u00d6stra fr\u00e5n Nyk\u00f6ping till Kristianopel.<\/li><li>S\u00f6dra fr\u00e5n Kristianopel till Torekov.<\/li><li>V\u00e4stra fr\u00e5n Torekov till norska gr\u00e4nsen<br><br>1970 indrogs \u00f6stra distriktet och 1982 nedre norra distriktet. Distriktsindelningen avskaffades helt vid den 1 februari 1988 d\u00e5 Sj\u00f6trafikavdelningen bildades efter flera \u00e5rs utredande som ett f\u00f6ljdbehov av att Sj\u00f6fartsverket blev ett aff\u00e4rsverk i juli 1987<\/li><\/ul>\n\n\n\n<p><\/p>\n","protected":false},"excerpt":{"rendered":"<p>1904 organiserades genom lotsstyrelsens kung\u00f6relse den 11 oktober 1904 (SF 47\/1904) Organisationen \u00e4ndrades fr\u00e5n Lotsf\u00f6rdelning till sex lotsdistrikt som f\u00f6restods av lotskaptener och Lotsverket inr\u00e4ttades som \u00f6vergripande myndighet f\u00f6r de underlydande lotsdistrikten: \u00d6vre norra fr\u00e5n finska gr\u00e4nsen till Ulv\u00f6 i \u00c5ngermanland. Nedre norra fr\u00e5n Ulv\u00f6 till \u00c5lands hav. Mellersta fr\u00e5n Stockholm till Nyk\u00f6ping. \u00d6stra fr\u00e5n&hellip; <a class=\"more-link\" href=\"https:\/\/lotsarnastockholm.se\/index.php\/lotsplatser-1904\/\">Forts\u00e4tt l\u00e4sa <span class=\"screen-reader-text\">Lotsplatser 1904<\/span><\/a><\/p>\n","protected":false},"author":1,"featured_media":0,"parent":0,"menu_order":0,"comment_status":"closed","ping_status":"closed","template":"","meta":{"footnotes":""},"class_list":["post-3017","page","type-page","status-publish","hentry","entry"],"_links":{"self":[{"href":"https:\/\/lotsarnastockholm.se\/index.php\/wp-json\/wp\/v2\/pages\/3017","targetHints":{"allow":["GET"]}}],"collection":[{"href":"https:\/\/lotsarnastockholm.se\/index.php\/wp-json\/wp\/v2\/pages"}],"about":[{"href":"https:\/\/lotsarnastockholm.se\/index.php\/wp-json\/wp\/v2\/types\/page"}],"author":[{"embeddable":true,"href":"https:\/\/lotsarnastockholm.se\/index.php\/wp-json\/wp\/v2\/users\/1"}],"replies":[{"embeddable":true,"href":"https:\/\/lotsarnastockholm.se\/index.php\/wp-json\/wp\/v2\/comments?post=3017"}],"version-history":[{"count":2,"href":"https:\/\/lotsarnastockholm.se\/index.php\/wp-json\/wp\/v2\/pages\/3017\/revisions"}],"predecessor-version":[{"id":3021,"href":"https:\/\/lotsarnastockholm.se\/index.php\/wp-json\/wp\/v2\/pages\/3017\/revisions\/3021"}],"wp:attachment":[{"href":"https:\/\/lotsarnastockholm.se\/index.php\/wp-json\/wp\/v2\/media?parent=3017"}],"curies":[{"name":"wp","href":"https:\/\/api.w.org\/{rel}","templated":true}]}}