{"id":2984,"date":"2021-03-28T20:06:28","date_gmt":"2021-03-28T19:06:28","guid":{"rendered":"https:\/\/lotsarnastockholm.se\/?page_id=2984"},"modified":"2026-02-10T07:32:59","modified_gmt":"2026-02-10T06:32:59","slug":"sjotrafikavdelningen-1988","status":"publish","type":"page","link":"https:\/\/lotsarnastockholm.se\/index.php\/sjotrafikavdelningen-1988\/","title":{"rendered":"Sj\u00f6trafikavdelningen 1988"},"content":{"rendered":"\n<p><strong>Sj\u00f6trafikavdelningen 1988 den 1 februari<\/strong><\/p>\n\n\n\n<div data-wp-interactive=\"core\/file\" class=\"wp-block-file\"><object data-wp-bind--hidden=\"!state.hasPdfPreview\" hidden class=\"wp-block-file__embed\" data=\"https:\/\/lotsarnastockholm.se\/wp-content\/uploads\/2026\/02\/karta_0001.pdf\" type=\"application\/pdf\" style=\"width:100%;height:600px\" aria-label=\"Inb\u00e4ddning av karta_0001.\"><\/object><a id=\"wp-block-file--media-5e8833dc-21bf-45a6-8328-d1b77cf9a501\" href=\"https:\/\/lotsarnastockholm.se\/wp-content\/uploads\/2026\/02\/karta_0001.pdf\">karta_0001<\/a><a href=\"https:\/\/lotsarnastockholm.se\/wp-content\/uploads\/2026\/02\/karta_0001.pdf\" class=\"wp-block-file__button wp-element-button\" download aria-describedby=\"wp-block-file--media-5e8833dc-21bf-45a6-8328-d1b77cf9a501\">Ladda ner<\/a><\/div>\n\n\n\n<div data-wp-interactive=\"core\/file\" class=\"wp-block-file\"><object data-wp-bind--hidden=\"!state.hasPdfPreview\" hidden class=\"wp-block-file__embed\" data=\"https:\/\/lotsarnastockholm.se\/wp-content\/uploads\/2026\/02\/karta_0002.pdf\" type=\"application\/pdf\" style=\"width:100%;height:600px\" aria-label=\"Inb\u00e4ddning av karta_0002.\"><\/object><a id=\"wp-block-file--media-f2aae8b1-aae3-43e9-8db3-df95e56a82ac\" href=\"https:\/\/lotsarnastockholm.se\/wp-content\/uploads\/2026\/02\/karta_0002.pdf\">karta_0002<\/a><a href=\"https:\/\/lotsarnastockholm.se\/wp-content\/uploads\/2026\/02\/karta_0002.pdf\" class=\"wp-block-file__button wp-element-button\" download aria-describedby=\"wp-block-file--media-f2aae8b1-aae3-43e9-8db3-df95e56a82ac\">Ladda ner<\/a><\/div>\n\n\n\n<figure class=\"wp-block-image size-large\"><a href=\"https:\/\/lotsarnastockholm.se\/wp-content\/uploads\/2026\/02\/beskuren-scaled.jpg\"><img fetchpriority=\"high\" decoding=\"async\" width=\"654\" height=\"1024\" src=\"https:\/\/lotsarnastockholm.se\/wp-content\/uploads\/2026\/02\/beskuren-654x1024.jpg\" alt=\"\" class=\"wp-image-7572\" srcset=\"https:\/\/lotsarnastockholm.se\/wp-content\/uploads\/2026\/02\/beskuren-654x1024.jpg 654w, https:\/\/lotsarnastockholm.se\/wp-content\/uploads\/2026\/02\/beskuren-192x300.jpg 192w, https:\/\/lotsarnastockholm.se\/wp-content\/uploads\/2026\/02\/beskuren-768x1202.jpg 768w, https:\/\/lotsarnastockholm.se\/wp-content\/uploads\/2026\/02\/beskuren-981x1536.jpg 981w, https:\/\/lotsarnastockholm.se\/wp-content\/uploads\/2026\/02\/beskuren-1309x2048.jpg 1309w, https:\/\/lotsarnastockholm.se\/wp-content\/uploads\/2026\/02\/beskuren-1568x2454.jpg 1568w, https:\/\/lotsarnastockholm.se\/wp-content\/uploads\/2026\/02\/beskuren-scaled.jpg 1636w\" sizes=\"(max-width: 654px) 100vw, 654px\" \/><\/a><\/figure>\n\n\n\n<h3 class=\"wp-block-heading\"><strong>Centralf\u00f6rvaltningen<\/strong><\/h3>\n\n\n\n<p><strong>Sj\u00f6trafikdirekt\u00f6r<\/strong>-Lotsning CB Svensson<\/p>\n\n\n\n<p>Beredskap-Planering: Tomas B\u00f6\u00f6k<br><img decoding=\"async\" width=\"150\" height=\"151\" class=\"wp-image-2993\" style=\"width: 150px;\" src=\"https:\/\/lotsarnastockholm.se\/wp-content\/uploads\/lotsar\/stockholm\/IMG_0001-2-1.jpg\" alt=\"\"><img decoding=\"async\" width=\"150\" height=\"113\" class=\"wp-image-3002\" style=\"width: 150px;\" src=\"https:\/\/lotsarnastockholm.se\/wp-content\/uploads\/2021\/03\/tompa.jpg\" alt=\"\" srcset=\"https:\/\/lotsarnastockholm.se\/wp-content\/uploads\/2021\/03\/tompa.jpg 640w, https:\/\/lotsarnastockholm.se\/wp-content\/uploads\/2021\/03\/tompa-300x225.jpg 300w\" sizes=\"(max-width: 150px) 100vw, 150px\" \/><\/p>\n\n\n\n<p>Farleder: Torbj\u00f6rn Edenius<br><img loading=\"lazy\" decoding=\"async\" width=\"150\" height=\"148\" class=\"wp-image-2995\" style=\"width: 150px;\" src=\"https:\/\/lotsarnastockholm.se\/wp-content\/uploads\/lotsar\/stockholm\/IMG_0001-3-1.jpg\" alt=\"\"><\/p>\n\n\n\n<figure class=\"wp-block-image size-large\"><img decoding=\"async\" src=\"https:\/\/lotsarnastockholm.se\/wp-content\/uploads\/2021\/03\/IMG_0001-3-1.jpg\" alt=\"\"\/><\/figure>\n\n\n\n<p>Sj\u00f6r\u00e4ddning: Urban Hallberg<br><img loading=\"lazy\" decoding=\"async\" width=\"150\" height=\"145\" class=\"wp-image-2994\" style=\"width: 150px;\" src=\"https:\/\/lotsarnastockholm.se\/wp-content\/uploads\/lotsar\/stockholm\/IMG_0001-4.jpg\" alt=\"\"><img loading=\"lazy\" decoding=\"async\" width=\"150\" height=\"162\" class=\"wp-image-3003\" style=\"width: 150px;\" src=\"https:\/\/lotsarnastockholm.se\/wp-content\/uploads\/2021\/03\/urban.jpg\" alt=\"\" srcset=\"https:\/\/lotsarnastockholm.se\/wp-content\/uploads\/2021\/03\/urban.jpg 402w, https:\/\/lotsarnastockholm.se\/wp-content\/uploads\/2021\/03\/urban-277x300.jpg 277w\" sizes=\"(max-width: 150px) 100vw, 150px\" \/><\/p>\n\n\n\n<p>Ekonomi: Maud Wallin<br><img loading=\"lazy\" decoding=\"async\" width=\"150\" height=\"157\" class=\"wp-image-2996\" style=\"width: 150px;\" src=\"https:\/\/lotsarnastockholm.se\/wp-content\/uploads\/lotsar\/stockholm\/IMG_0001-5.jpg\" alt=\"\"><img loading=\"lazy\" decoding=\"async\" width=\"150\" height=\"113\" class=\"wp-image-3004\" style=\"width: 150px;\" src=\"https:\/\/lotsarnastockholm.se\/wp-content\/uploads\/2021\/03\/maud2.jpg\" alt=\"\" srcset=\"https:\/\/lotsarnastockholm.se\/wp-content\/uploads\/2021\/03\/maud2.jpg 640w, https:\/\/lotsarnastockholm.se\/wp-content\/uploads\/2021\/03\/maud2-300x225.jpg 300w\" sizes=\"(max-width: 150px) 100vw, 150px\" \/><\/p>\n","protected":false},"excerpt":{"rendered":"<p>Sj\u00f6trafikavdelningen 1988 den 1 februari Centralf\u00f6rvaltningen Sj\u00f6trafikdirekt\u00f6r-Lotsning CB Svensson Beredskap-Planering: Tomas B\u00f6\u00f6k Farleder: Torbj\u00f6rn Edenius Sj\u00f6r\u00e4ddning: Urban Hallberg Ekonomi: Maud Wallin<\/p>\n","protected":false},"author":1,"featured_media":0,"parent":0,"menu_order":0,"comment_status":"closed","ping_status":"closed","template":"","meta":{"footnotes":""},"class_list":["post-2984","page","type-page","status-publish","hentry","entry"],"_links":{"self":[{"href":"https:\/\/lotsarnastockholm.se\/index.php\/wp-json\/wp\/v2\/pages\/2984","targetHints":{"allow":["GET"]}}],"collection":[{"href":"https:\/\/lotsarnastockholm.se\/index.php\/wp-json\/wp\/v2\/pages"}],"about":[{"href":"https:\/\/lotsarnastockholm.se\/index.php\/wp-json\/wp\/v2\/types\/page"}],"author":[{"embeddable":true,"href":"https:\/\/lotsarnastockholm.se\/index.php\/wp-json\/wp\/v2\/users\/1"}],"replies":[{"embeddable":true,"href":"https:\/\/lotsarnastockholm.se\/index.php\/wp-json\/wp\/v2\/comments?post=2984"}],"version-history":[{"count":15,"href":"https:\/\/lotsarnastockholm.se\/index.php\/wp-json\/wp\/v2\/pages\/2984\/revisions"}],"predecessor-version":[{"id":7580,"href":"https:\/\/lotsarnastockholm.se\/index.php\/wp-json\/wp\/v2\/pages\/2984\/revisions\/7580"}],"wp:attachment":[{"href":"https:\/\/lotsarnastockholm.se\/index.php\/wp-json\/wp\/v2\/media?parent=2984"}],"curies":[{"name":"wp","href":"https:\/\/api.w.org\/{rel}","templated":true}]}}