{"id":2936,"date":"2021-03-27T22:11:19","date_gmt":"2021-03-27T21:11:19","guid":{"rendered":"https:\/\/lotsarnastockholm.se\/?page_id=2936"},"modified":"2023-11-20T22:22:07","modified_gmt":"2023-11-20T21:22:07","slug":"hvens-lotsplats","status":"publish","type":"page","link":"https:\/\/lotsarnastockholm.se\/index.php\/hvens-lotsplats\/","title":{"rendered":"Hven Lotsplats"},"content":{"rendered":"\n<p class=\"has-text-align-center\"><a href=\"https:\/\/www.google.se\/maps\/place\/55%C2%B054'36.1%22N+12%C2%B040'28.0%22E\/@55.9100363,12.6722613,17z\/data=!3m1!4b1!4m4!3m3!8m2!3d55.9100333!4d12.67445\">55\u00b0 54.602&#8242; N 12\u00b0 40.467&#8242; E<\/a><\/p>\n\n\n\n<p>Har i k\u00e4llor uppgetts varit lotsplats mellan \u00e5ren 1791-1829<\/p>\n\n\n\n<p>L\u00e5g d\u00e5 under \u00c5ldermanskap i Landskrona<\/p>\n\n\n\n<p>Ur rulla 1736 Uppsyningsman Anders Sahlgren<\/p>\n\n\n\n<p>Lots Lars Pehrsson i tj\u00e4nst 1716,<\/p>\n\n\n\n<p>Lots Sven Anckar i tj\u00e4nst 1724<\/p>\n\n\n\n<p>Lots Sven Spaak i tj\u00e4nst 1724<\/p>\n\n\n\n<p>Lotsdr\u00e4ng Chr. Anckar, \u00c5ke Larsson, Jonas Spaak<\/p>\n\n\n\n<p>1817: Ordinarie lotsdr\u00e4ng P. Pehrsson, Lotsl\u00e4rling L. Holm<\/p>\n\n\n\n<figure class=\"wp-block-table\"><table><tbody><tr><td><strong>Lotsplats<\/strong><\/td><td><strong>Efternamn<\/strong><\/td><td><strong>F\u00f6rnamn<\/strong><\/td><td><strong>Titel<\/strong><\/td><td><strong>Antagen i lotsverket<\/strong><\/td><\/tr><tr><td>Hven<\/td><td>Pehrsson<\/td><td>Lars<\/td><td><\/td><td>1716<\/td><\/tr><tr><td>Hven<\/td><td>Anckar<\/td><td>Sven<\/td><td><\/td><td>1724<\/td><\/tr><tr><td>Hven<\/td><td>Spaak<\/td><td>Sven<\/td><td><\/td><td>1724<\/td><\/tr><tr><td>Hven<\/td><td>Anckar<\/td><td>Chr<\/td><td><\/td><td>1736<\/td><\/tr><tr><td>Hven<\/td><td>Larsson<\/td><td>\u00c5ke<\/td><td><\/td><td>1736<\/td><\/tr><tr><td>Hven<\/td><td>Spaak<\/td><td>Jonas<\/td><td><\/td><td>1736<\/td><\/tr><tr><td>Hven<\/td><td>Sahlgren<\/td><td>Anders<\/td><td>Uppsynman<\/td><td>1736<\/td><\/tr><tr><td>Hven<\/td><td>Pehrsson<\/td><td>P<\/td><td><\/td><td>1817<\/td><\/tr><tr><td>Hven<\/td><td>Holm<\/td><td>L<\/td><td><\/td><td>1817<\/td><\/tr><\/tbody><\/table><figcaption class=\"wp-element-caption\">Lotsar i tabellform<\/figcaption><\/figure>\n","protected":false},"excerpt":{"rendered":"<p>55\u00b0 54.602&#8242; N 12\u00b0 40.467&#8242; E Har i k\u00e4llor uppgetts varit lotsplats mellan \u00e5ren 1791-1829 L\u00e5g d\u00e5 under \u00c5ldermanskap i Landskrona Ur rulla 1736 Uppsyningsman Anders Sahlgren Lots Lars Pehrsson i tj\u00e4nst 1716, Lots Sven Anckar i tj\u00e4nst 1724 Lots Sven Spaak i tj\u00e4nst 1724 Lotsdr\u00e4ng Chr. Anckar, \u00c5ke Larsson, Jonas Spaak 1817: Ordinarie lotsdr\u00e4ng&hellip; <a class=\"more-link\" href=\"https:\/\/lotsarnastockholm.se\/index.php\/hvens-lotsplats\/\">Forts\u00e4tt l\u00e4sa <span class=\"screen-reader-text\">Hven Lotsplats<\/span><\/a><\/p>\n","protected":false},"author":1,"featured_media":0,"parent":0,"menu_order":0,"comment_status":"closed","ping_status":"closed","template":"","meta":{"footnotes":""},"class_list":["post-2936","page","type-page","status-publish","hentry","entry"],"_links":{"self":[{"href":"https:\/\/lotsarnastockholm.se\/index.php\/wp-json\/wp\/v2\/pages\/2936","targetHints":{"allow":["GET"]}}],"collection":[{"href":"https:\/\/lotsarnastockholm.se\/index.php\/wp-json\/wp\/v2\/pages"}],"about":[{"href":"https:\/\/lotsarnastockholm.se\/index.php\/wp-json\/wp\/v2\/types\/page"}],"author":[{"embeddable":true,"href":"https:\/\/lotsarnastockholm.se\/index.php\/wp-json\/wp\/v2\/users\/1"}],"replies":[{"embeddable":true,"href":"https:\/\/lotsarnastockholm.se\/index.php\/wp-json\/wp\/v2\/comments?post=2936"}],"version-history":[{"count":4,"href":"https:\/\/lotsarnastockholm.se\/index.php\/wp-json\/wp\/v2\/pages\/2936\/revisions"}],"predecessor-version":[{"id":5879,"href":"https:\/\/lotsarnastockholm.se\/index.php\/wp-json\/wp\/v2\/pages\/2936\/revisions\/5879"}],"wp:attachment":[{"href":"https:\/\/lotsarnastockholm.se\/index.php\/wp-json\/wp\/v2\/media?parent=2936"}],"curies":[{"name":"wp","href":"https:\/\/api.w.org\/{rel}","templated":true}]}}