{"id":2868,"date":"2021-03-25T00:05:36","date_gmt":"2021-03-24T22:05:36","guid":{"rendered":"https:\/\/lotsarnastockholm.se\/?page_id=2868"},"modified":"2026-02-27T17:41:52","modified_gmt":"2026-02-27T16:41:52","slug":"haradskar-lotsplats","status":"publish","type":"page","link":"https:\/\/lotsarnastockholm.se\/index.php\/haradskar-lotsplats\/","title":{"rendered":"H\u00e4radsk\u00e4r Lotsplats"},"content":{"rendered":"\n<p class=\"has-text-align-center\"><a href=\"https:\/\/www.google.com\/maps\/place\/58%C2%B008'56.7%22N+16%C2%B058'59.6%22E\/@58.1490861,16.981028,17z\/data=!3m1!4b1!4m4!3m3!8m2!3d58.1490833!4d16.9832167\">58\u00b0 08.945&#8242; N 16\u00b0 58.993&#8242; E<\/a><\/p>\n\n\n\n<figure class=\"wp-block-gallery has-nested-images columns-default is-cropped wp-block-gallery-1 is-layout-flex wp-block-gallery-is-layout-flex\">\n<figure class=\"wp-block-image size-large\"><a href=\"https:\/\/lotsarnastockholm.se\/wp-content\/uploads\/2024\/01\/HARADSKAR1.jpg\"><img fetchpriority=\"high\" decoding=\"async\" width=\"1024\" height=\"768\" data-id=\"6470\" src=\"https:\/\/lotsarnastockholm.se\/wp-content\/uploads\/2024\/01\/HARADSKAR1-1024x768.jpg\" alt=\"\" class=\"wp-image-6470\" srcset=\"https:\/\/lotsarnastockholm.se\/wp-content\/uploads\/2024\/01\/HARADSKAR1-1024x768.jpg 1024w, https:\/\/lotsarnastockholm.se\/wp-content\/uploads\/2024\/01\/HARADSKAR1-300x225.jpg 300w, https:\/\/lotsarnastockholm.se\/wp-content\/uploads\/2024\/01\/HARADSKAR1-768x576.jpg 768w, https:\/\/lotsarnastockholm.se\/wp-content\/uploads\/2024\/01\/HARADSKAR1-1536x1152.jpg 1536w, https:\/\/lotsarnastockholm.se\/wp-content\/uploads\/2024\/01\/HARADSKAR1-1568x1176.jpg 1568w, https:\/\/lotsarnastockholm.se\/wp-content\/uploads\/2024\/01\/HARADSKAR1.jpg 1600w\" sizes=\"(max-width: 1024px) 100vw, 1024px\" \/><\/a><\/figure>\n\n\n\n<figure class=\"wp-block-image size-large\"><a href=\"https:\/\/lotsarnastockholm.se\/wp-content\/uploads\/2024\/01\/HARADSKAR3.jpg\"><img decoding=\"async\" width=\"1024\" height=\"768\" data-id=\"6469\" src=\"https:\/\/lotsarnastockholm.se\/wp-content\/uploads\/2024\/01\/HARADSKAR3-1024x768.jpg\" alt=\"\" class=\"wp-image-6469\" srcset=\"https:\/\/lotsarnastockholm.se\/wp-content\/uploads\/2024\/01\/HARADSKAR3-1024x768.jpg 1024w, https:\/\/lotsarnastockholm.se\/wp-content\/uploads\/2024\/01\/HARADSKAR3-300x225.jpg 300w, https:\/\/lotsarnastockholm.se\/wp-content\/uploads\/2024\/01\/HARADSKAR3-768x576.jpg 768w, https:\/\/lotsarnastockholm.se\/wp-content\/uploads\/2024\/01\/HARADSKAR3-1536x1152.jpg 1536w, https:\/\/lotsarnastockholm.se\/wp-content\/uploads\/2024\/01\/HARADSKAR3-1568x1176.jpg 1568w, https:\/\/lotsarnastockholm.se\/wp-content\/uploads\/2024\/01\/HARADSKAR3.jpg 1600w\" sizes=\"(max-width: 1024px) 100vw, 1024px\" \/><\/a><\/figure>\n<\/figure>\n\n\n\n<figure class=\"wp-block-gallery has-nested-images columns-default is-cropped wp-block-gallery-2 is-layout-flex wp-block-gallery-is-layout-flex\">\n<figure class=\"wp-block-image size-large\"><a href=\"https:\/\/lotsarnastockholm.se\/wp-content\/uploads\/lotsar\/ostkusten\/IMG_0007-1.jpg\"><img decoding=\"async\" width=\"1024\" height=\"489\" data-id=\"2869\" src=\"https:\/\/lotsarnastockholm.se\/wp-content\/uploads\/lotsar\/ostkusten\/IMG_0007-1-1024x489.jpg\" alt=\"\" class=\"wp-image-2869\" srcset=\"https:\/\/lotsarnastockholm.se\/wp-content\/uploads\/lotsar\/ostkusten\/IMG_0007-1-1024x489.jpg 1024w, https:\/\/lotsarnastockholm.se\/wp-content\/uploads\/lotsar\/ostkusten\/IMG_0007-1-300x143.jpg 300w, https:\/\/lotsarnastockholm.se\/wp-content\/uploads\/lotsar\/ostkusten\/IMG_0007-1-768x367.jpg 768w, https:\/\/lotsarnastockholm.se\/wp-content\/uploads\/lotsar\/ostkusten\/IMG_0007-1-1536x734.jpg 1536w, https:\/\/lotsarnastockholm.se\/wp-content\/uploads\/lotsar\/ostkusten\/IMG_0007-1-2048x979.jpg 2048w, https:\/\/lotsarnastockholm.se\/wp-content\/uploads\/lotsar\/ostkusten\/IMG_0007-1-1568x749.jpg 1568w\" sizes=\"(max-width: 1024px) 100vw, 1024px\" \/><\/a><figcaption class=\"wp-element-caption\">h\u00e4radsk\u00e4r\n<\/figcaption><\/figure>\n<\/figure>\n\n\n\n<figure class=\"wp-block-gallery has-nested-images columns-default is-cropped wp-block-gallery-3 is-layout-flex wp-block-gallery-is-layout-flex\">\n<figure class=\"wp-block-image size-large\"><a href=\"https:\/\/lotsarnastockholm.se\/wp-content\/uploads\/2023\/01\/Haradsskar-1895-1.jpg\"><img loading=\"lazy\" decoding=\"async\" width=\"1024\" height=\"675\" data-id=\"4525\" src=\"https:\/\/lotsarnastockholm.se\/wp-content\/uploads\/2023\/01\/Haradsskar-1895-1-1024x675.jpg\" alt=\"\" class=\"wp-image-4525\" srcset=\"https:\/\/lotsarnastockholm.se\/wp-content\/uploads\/2023\/01\/Haradsskar-1895-1-1024x675.jpg 1024w, https:\/\/lotsarnastockholm.se\/wp-content\/uploads\/2023\/01\/Haradsskar-1895-1-300x198.jpg 300w, https:\/\/lotsarnastockholm.se\/wp-content\/uploads\/2023\/01\/Haradsskar-1895-1-768x506.jpg 768w, https:\/\/lotsarnastockholm.se\/wp-content\/uploads\/2023\/01\/Haradsskar-1895-1-1536x1013.jpg 1536w, https:\/\/lotsarnastockholm.se\/wp-content\/uploads\/2023\/01\/Haradsskar-1895-1-1568x1034.jpg 1568w, https:\/\/lotsarnastockholm.se\/wp-content\/uploads\/2023\/01\/Haradsskar-1895-1.jpg 1925w\" sizes=\"(max-width: 1024px) 100vw, 1024px\" \/><\/a><\/figure>\n\n\n\n<figure class=\"wp-block-image size-large\"><a href=\"https:\/\/lotsarnastockholm.se\/wp-content\/uploads\/2023\/01\/IMG.jpg\"><img loading=\"lazy\" decoding=\"async\" width=\"1024\" height=\"484\" data-id=\"4527\" src=\"https:\/\/lotsarnastockholm.se\/wp-content\/uploads\/2023\/01\/IMG-1024x484.jpg\" alt=\"\" class=\"wp-image-4527\" srcset=\"https:\/\/lotsarnastockholm.se\/wp-content\/uploads\/2023\/01\/IMG-1024x484.jpg 1024w, https:\/\/lotsarnastockholm.se\/wp-content\/uploads\/2023\/01\/IMG-300x142.jpg 300w, https:\/\/lotsarnastockholm.se\/wp-content\/uploads\/2023\/01\/IMG-768x363.jpg 768w, https:\/\/lotsarnastockholm.se\/wp-content\/uploads\/2023\/01\/IMG-1536x725.jpg 1536w, https:\/\/lotsarnastockholm.se\/wp-content\/uploads\/2023\/01\/IMG-1568x741.jpg 1568w, https:\/\/lotsarnastockholm.se\/wp-content\/uploads\/2023\/01\/IMG.jpg 1929w\" sizes=\"(max-width: 1024px) 100vw, 1024px\" \/><\/a><\/figure>\n\n\n\n<figure class=\"wp-block-image size-large\"><a href=\"https:\/\/lotsarnastockholm.se\/wp-content\/uploads\/2023\/01\/kutter-fore-1915.jpg\"><img loading=\"lazy\" decoding=\"async\" width=\"769\" height=\"1024\" data-id=\"4526\" src=\"https:\/\/lotsarnastockholm.se\/wp-content\/uploads\/2023\/01\/kutter-fore-1915-769x1024.jpg\" alt=\"\" class=\"wp-image-4526\" srcset=\"https:\/\/lotsarnastockholm.se\/wp-content\/uploads\/2023\/01\/kutter-fore-1915-769x1024.jpg 769w, https:\/\/lotsarnastockholm.se\/wp-content\/uploads\/2023\/01\/kutter-fore-1915-225x300.jpg 225w, https:\/\/lotsarnastockholm.se\/wp-content\/uploads\/2023\/01\/kutter-fore-1915-768x1022.jpg 768w, https:\/\/lotsarnastockholm.se\/wp-content\/uploads\/2023\/01\/kutter-fore-1915.jpg 867w\" sizes=\"(max-width: 769px) 100vw, 769px\" \/><\/a><\/figure>\n<\/figure>\n\n\n\n<p><\/p>\n\n\n\n<figure class=\"wp-block-image size-large\"><a href=\"https:\/\/lotsarnastockholm.se\/wp-content\/uploads\/lotsar\/ostkusten\/IMG_0007-1.jpg\"><img loading=\"lazy\" decoding=\"async\" width=\"1024\" height=\"489\" src=\"https:\/\/lotsarnastockholm.se\/wp-content\/uploads\/lotsar\/ostkusten\/IMG_0007-1-1024x489.jpg\" alt=\"\" class=\"wp-image-2869\" srcset=\"https:\/\/lotsarnastockholm.se\/wp-content\/uploads\/lotsar\/ostkusten\/IMG_0007-1-1024x489.jpg 1024w, https:\/\/lotsarnastockholm.se\/wp-content\/uploads\/lotsar\/ostkusten\/IMG_0007-1-300x143.jpg 300w, https:\/\/lotsarnastockholm.se\/wp-content\/uploads\/lotsar\/ostkusten\/IMG_0007-1-768x367.jpg 768w, https:\/\/lotsarnastockholm.se\/wp-content\/uploads\/lotsar\/ostkusten\/IMG_0007-1-1536x734.jpg 1536w, https:\/\/lotsarnastockholm.se\/wp-content\/uploads\/lotsar\/ostkusten\/IMG_0007-1-2048x979.jpg 2048w, https:\/\/lotsarnastockholm.se\/wp-content\/uploads\/lotsar\/ostkusten\/IMG_0007-1-1568x749.jpg 1568w\" sizes=\"(max-width: 1024px) 100vw, 1024px\" \/><\/a><\/figure>\n\n\n\n<p>Lots har funnits p\u00e5 \u00f6n sedan mitten av 1600-talet. Nedlagd 1 augusti 1968<\/p>\n\n\n\n<p>Allm\u00e4nt fiskel\u00e4ger p\u00e5 1500-talet vilket framg\u00e5r av ett brev fr\u00e5n Gustav Vasa daterat 1 februari 1548.<\/p>\n\n\n\n<p>Den f\u00f6rste till namnet k\u00e4nde lotsen var David Eriksson f\u00f6dd omkring 1640 och fr\u00e5n honom h\u00e4rstammar m\u00e5nga generationer H\u00e4radsk\u00e4r lotsar.<\/p>\n\n\n\n<p>N\u00e4mns som \u201dH\u00e4radsk\u00e4r\u201d i Petter Gedda\u2019s sj\u00f6karteatlas fr\u00e5n 1695. I ett brev daterat 20 juli 1821 skriver lotsarna till lotsverket. <em>\u201dStugorna \u00e4r i urminnes tider uppf\u00f6rda, \u00e5r efter annat reparerade br\u00e4dfodrade och med st\u00f6ttor f\u00f6rsedde\u201d<\/em><\/p>\n\n\n\n<p>Ur rulla 1736:<br>Lots Didrich Davidsson, 64 \u00e5r i tj 1718<br>&nbsp;Lotsdr\u00e4ng Oluf Davidsson i tj 1718<\/p>\n\n\n\n<p>Ur rulla 1769:<br>Lots Jon Olsson, 52 \u00e5r i tj 1740<br>Lots Sven M\u00e5nsson, 55 \u00e5r i tj 1743<br>Utl\u00e4rd lotsdr\u00e4ng M\u00e5ns Olsson, 40 \u00e5r i tj 1757<br>&nbsp;&nbsp;&nbsp;&nbsp;&nbsp;&nbsp;&nbsp;&nbsp; \u201d&nbsp;&nbsp;&nbsp;&nbsp;&nbsp;&nbsp;&nbsp;&nbsp;&nbsp;&nbsp;&nbsp;&nbsp;&nbsp;&nbsp;&nbsp;&nbsp;&nbsp;Eric Jansson, 36 \u00e5r i tj 1758<br>Lotsl\u00e4rling M\u00e5ns Andersson, 22 \u00e5r i tj 1756<br>&nbsp;&nbsp;&nbsp;&nbsp;&nbsp;&nbsp;&nbsp;&nbsp;&nbsp; \u201d&nbsp;&nbsp;&nbsp;&nbsp;&nbsp;&nbsp; Olof Svensson, 23 \u00e5r i tj 1760<\/p>\n\n\n\n<p>Enligt reglemente 1799 fanns f\u00f6ljande personalstat p\u00e5 H\u00e4radsk\u00e4r som sorterade under Norra distriktet under lotsuppsyningsman f\u00f6r Norrk\u00f6pings f\u00f6rdelning: 1 lots\u00e5lderman, 2 ord lotsar, 3 utl\u00e4rda ord lotsdr\u00e4ngar, 1 reservlotsdr\u00e4ng och 2 l\u00e4rlingar.<\/p>\n\n\n\n<p>Ur rulla 1817: Lots\u00e5lderman A. O-n. Lindquist<br>Ord lots OM Bostr\u00f6m och JE Boqvist<br>Ord lotsdr\u00e4ng M S-n Bj\u00f6rkman, S O-n Sj\u00f6gren och OA Lindquist<br>Res lotsdr\u00e4ng E Lindquist<br>Lotsl\u00e4rlingarna MA Lindquist, EJ Boqvist och A H\u00e4rstr\u00f6m<\/p>\n\n\n\n<p>Ur 1820 F\u00f6rteckning: Till bar\u00f6sund och Torr\u00f6<\/p>\n\n\n\n<p>RR R\u00e4tt utslag av 7\/12 1830 med fastst\u00e4llelse av den emellan F\u00e5ng\u00f6 hemman och lotsarna vid H\u00e4radssk\u00e4r tr\u00e4ffade \u00f6verenskommelse varigenom \u00e5t lotsarne uppl\u00e5tits fisket kring \u00f6arna samt bete f\u00f6r 1 ko och alla \u00e4gande f\u00e5r efter sl\u00e5ttern f\u00f6r varje hush\u00e5ll att mot en avgift \u00e5rligen av 6 M mnt \u00e5rligen att av lotsarna utg\u00e5r. Betalningen utbetalades dok inte p\u00e5 grund av konflikt mellan lotsarna och hemmans\u00e4garna.<\/p>\n\n\n\n<p>1853 Ur &#8221;Den Svenske lotsen\u201d Lotsen vid H\u00e4radsk\u00e4r m\u00f6ta l\u00e4ttast vid \u00f6stra inloppet och har en \u00bd mil att arbeta sig ut i det s\u00f6dra Han lotsar f\u00f6rbi Sand\u00f6 till tullstationen vid det egentliga Bar\u00f6sund d\u00e4r Kettil\u00f6 lotsar m\u00f6ta.<\/p>\n\n\n\n<p>1858 byggde lotsverket 2 hus med tre l\u00e4genheter i vardera plus en bagarstuga. Dessa hus finns kvar idag.<\/p>\n\n\n\n<p>1863 ersattes b\u00e5ken av en Fyr. Fyran var den andra som byggdes av j\u00e4rn den f\u00f6rsta var Sandhammaren. Fyren t\u00e4ndes 1 okt 1863. Beskrivs som en \u201dOmg\u00e5ende linsfyr med fast sken och bl\u00e4nk.\u201d Fyren var den f\u00f6rsta i Sverige med en roterande linsapparat.<\/p>\n\n\n\n<p>1868 \u00e5rs regelverk Lots uppassa p\u00e5 platsen. Vid lotsplatsen finns en d\u00e4ckad kronolotsb\u00e5t, vilkens kryssningsomr\u00e5de \u00e4r norr och s\u00f6der om inloppet utom de yttre grunden.<\/p>\n\n\n\n<p>Efter 1868 under lots\u00e5lderman i Kettil\u00f6<\/p>\n\n\n\n<p>Ca 1870: Lots\u00e5lderman Anders Kjellgren fr\u00e5n Norrk\u00f6ping placeras, p\u00e5 grund av uppstudsighet mot lotskapten Werner, p\u00e5 H\u00e4radsk\u00e4r som fyrvaktare och blir kvar till 1904 d\u00e5 han g\u00e5r i pension<\/p>\n\n\n\n<p>1878 fanns 6 lotsar<\/p>\n\n\n\n<p>1870-talet i medeltal ca 200 lotsningar\/\u00e5r<\/p>\n\n\n\n<p>I slutet av 1878 fanns en st\u00f6rre d\u00e4ckad lotsb\u00e5t vid H\u00e4radssk\u00e4r, n\u00e5got som endast fanns vid Id\u00f6, Bok\u00f6 samt vid Ark\u00f6 lotsplatser.<\/p>\n\n\n\n<p>1879 fick 5 lotsar vid lotsplatsen 100 kr i bel\u00f6ning f\u00f6r att man under en sv\u00e5r storm den 11 december 1878 g\u00e5tt ut och bist\u00e5tt den \u00e5l\u00e4ndska skonerten Siren,<\/p>\n\n\n\n<p>1882 uppf\u00f6rdes ett nytt uppassningshus. Detta \u00e5r fick man \u00e4ven en ny tj\u00e4nsteb\u00e5t.<\/p>\n\n\n\n<p>1883 byggdes en ny vaktstuga och en v\u00e5gbrytare byggdes, 4 lotsar lotsade 131 fartyg<\/p>\n\n\n\n<p>1884 p\u00e5b\u00f6rjades arbetet med en v\u00e5gbrytare. 1885 byggdes en ny hamn och b\u00e5tupphalningsb\u00e4dd.<\/p>\n\n\n\n<p>1889 byggdes en fotogenbod.<\/p>\n\n\n\n<p>1889 gick 9 barn i \u00e5ldern 6-14 \u00e5r i lotsbarnskola under 95 dagar.<\/p>\n\n\n\n<p>Den 7 december 1830 fick lotsarna vid H\u00e4radssk\u00e4r r\u00e4tt att efter sl\u00e5ttern begagna betet p\u00e5 \u00f6n Angsk\u00e4rssundet f\u00f6r en ko per lotshush\u00e5ll. Denna r\u00e4tt upph\u00e4vdes av kommerskollegium 21 september 1894.<\/p>\n\n\n\n<p>1894 hittades delar fr\u00e5n en skeppsb\u00e5t m\u00e4rkt \u201dSS Hollandia\u201d, fartyget f\u00f6rliste under en storm och \u00e5terfanns aldrig. Samtliga inklusive kronolotsen omkom d\u00e5 han inte kunde l\u00e4mna fartyget p\u00e5 grund av det d\u00e5liga v\u00e4dret.<\/p>\n\n\n\n<p>1895 fick H\u00e4radssk\u00e4r en ny d\u00e4ckad lotskutter.<\/p>\n\n\n\n<p>1896 byggdes en b\u00e5tslip<\/p>\n\n\n\n<p>1888 h\u00f6lls skola f\u00f6r f\u00f6rsta g\u00e5ngen. 6 barn under 71 dagar. Skolformen kallades f\u00f6r lotsbarnskola och upph\u00f6rde 1925 d\u00e5 den \u00f6vertogs av skolmyndigheterna.<\/p>\n\n\n\n<p>F\u00f6rsta motorb\u00e5ten kom till \u00f6n 1906<\/p>\n\n\n\n<p>1914 s\u00e5lde Lotsverket den stora d\u00e4ckade kuttern till lotsplatsen<\/p>\n\n\n\n<p>1916 13 okt lyckades fem man av personalen vid H\u00e4radsk\u00e4r lotsplats i en halvd\u00e4ckad motorb\u00e5t under orkanartad storm uppn\u00e5 strandade galeasen OLGA fr\u00e5n Oskarshamn och b\u00e4rga dess bes\u00e4ttning. H\u00e4rf\u00f6r tilldelas de som bel\u00f6ning 10 kr vardera.<\/p>\n\n\n\n<p>1920 \u00e5rs b\u00e5tbest\u00e5nd:<br>1 d\u00e4ckad kutter i ek, kravell med 15 hk motor<br>1 motorb\u00e5t byggd 1914 i ek klink, 7.2&#215;2.2 4 hk V\u00e4stervik<br>1 motorb\u00e5t byggd 1913 i ek, klink, 7.2&#215;2.3 5 hk V\u00e4stervik<br>1 segelb\u00e5t, byggd 1912 i ek, klink, 5.8&#215;1.9<\/p>\n\n\n\n<p>1924 tilldelades m\u00e4sterlotsen J. E. Westerholm samt lotsarna A.H. Sandin, G. E. \u00c5man och C. J L\u00f6nnberg, Svenska s\u00e4llskapet f\u00f6r r\u00e4ddning av skeppsbrutnas medalj. Medaljen fick de f\u00f6r h\u00e4rjandet av bes\u00e4ttningen p\u00e5 den i Halmstad hemmah\u00f6rande skonaren LYDIA som f\u00f6rliste den 13 december 1923. Dessutom fick de fyra 70 kr var i premie av Lotsstyrelsen.<\/p>\n\n\n\n<p>1928 fick lotsplatsen telefon.<\/p>\n\n\n\n<p>Under 2:dra v\u00e4rldskriget var 14 lotsar stationerade p\u00e5 H\u00e4radsk\u00e4r f\u00f6r att klara konvojerna.<\/p>\n\n\n\n<p>Elektricitet kom till \u00f6n 1960<\/p>\n\n\n\n<p>&nbsp;Lotsplatsen drogs in 1968. Den siste \u00f6verlotsen Erik Boqvist pensioneras samtidigt som platsen dras in. Han var f\u00f6dd p\u00e5 H\u00e4radsk\u00e4r d\u00e4r \u00e4ven fadern var lots. Fem generationer lotsar i rakt nedstigande led. Erik Boqvist var med och seglade den sista \u00f6ppna lotsb\u00e5ten innan den s\u00e5ldes 1927.<\/p>\n\n\n\n<p>Lotsar och b\u00e5tm\u00e4n p\u00e5 H\u00e4radsk\u00e4r<\/p>\n\n\n\n<figure class=\"wp-block-table alignwide\"><table class=\"has-fixed-layout\"><tbody><tr><td><strong>Efternamn<\/strong><\/td><td><strong>F\u00f6rnamn<\/strong><\/td><td><strong>F\u00f6dd<\/strong><\/td><td><strong>I Staten<\/strong><\/td><td><strong>B\u00e5tman<\/strong><\/td><td><strong>Lpl 1<\/strong><\/td><td><strong>\u00d6vriga<\/strong><\/td><\/tr><tr><td>Boquist<\/td><td>Olof<\/td><td>1816<\/td><td><\/td><td><\/td><td>H\u00e4radsk\u00e4r<\/td><td><\/td><\/tr><tr><td>Sj\u00f6blom<\/td><td>Frans<\/td><td>1880<\/td><td><\/td><td><\/td><td>H\u00e4radsk\u00e4r<\/td><td><\/td><\/tr><tr><td>Sj\u00f6gren<\/td><td>Jonas<\/td><td>1811<\/td><td><\/td><td><\/td><td>H\u00e4radsk\u00e4r<\/td><td><\/td><\/tr><tr><td>Bj\u00f6rckman<\/td><td>M<\/td><td><\/td><td><\/td><td><\/td><td>H\u00e4radsk\u00e4r<\/td><td><\/td><\/tr><tr><td>Boquist<\/td><td>J<\/td><td><\/td><td><\/td><td><\/td><td>H\u00e4radsk\u00e4r<\/td><td><\/td><\/tr><tr><td>Boquist<\/td><td>E<\/td><td><\/td><td><\/td><td><\/td><td>H\u00e4radsk\u00e4r<\/td><td><\/td><\/tr><tr><td>Bostr\u00f6m<\/td><td>O<\/td><td><\/td><td><\/td><td><\/td><td>H\u00e4radsk\u00e4r<\/td><td><\/td><\/tr><tr><td>H\u00e4rstr\u00f6m<\/td><td>A<\/td><td><\/td><td><\/td><td><\/td><td>H\u00e4radsk\u00e4r<\/td><td><\/td><\/tr><tr><td>Lindquist<\/td><td>Olsson<\/td><td><\/td><td><\/td><td><\/td><td>H\u00e4radsk\u00e4r<\/td><td><\/td><\/tr><tr><td>Lindquist<\/td><td>M<\/td><td><\/td><td><\/td><td><\/td><td>H\u00e4radsk\u00e4r<\/td><td><\/td><\/tr><tr><td>Lindquist<\/td><td>E<\/td><td><\/td><td><\/td><td><\/td><td>H\u00e4radsk\u00e4r<\/td><td><\/td><\/tr><tr><td>Lindquist<\/td><td>A<\/td><td><\/td><td><\/td><td><\/td><td>H\u00e4radsk\u00e4r<\/td><td><\/td><\/tr><tr><td>Sj\u00f6gren<\/td><td>S<\/td><td><\/td><td><\/td><td><\/td><td>H\u00e4radsk\u00e4r<\/td><td><\/td><\/tr><tr><td>Eriksson<\/td><td>David<\/td><td>1640<\/td><td>1660<\/td><td><\/td><td>H\u00e4radsk\u00e4r<\/td><td><\/td><\/tr><tr><td>Davidsson<\/td><td>Didrich<\/td><td>1672<\/td><td>1718<\/td><td><\/td><td>H\u00e4radsk\u00e4r<\/td><td><\/td><\/tr><tr><td>Davidsson<\/td><td>Oluf<\/td><td><\/td><td>1718<\/td><td><\/td><td>H\u00e4radsk\u00e4r<\/td><td><\/td><\/tr><tr><td>Olsson<\/td><td>Jon<\/td><td>1717<\/td><td>1740<\/td><td><\/td><td>H\u00e4radsk\u00e4r<\/td><td><\/td><\/tr><tr><td>M\u00e5nsson<\/td><td>Sven<\/td><td>1714<\/td><td>1743<\/td><td><\/td><td>H\u00e4radsk\u00e4r<\/td><td><\/td><\/tr><tr><td>Andersson<\/td><td>M\u00e5ns<\/td><td>1747<\/td><td>1756<\/td><td><\/td><td>H\u00e4radsk\u00e4r<\/td><td><\/td><\/tr><tr><td>Olsson<\/td><td>M\u00e5ns<\/td><td>1729<\/td><td>1757<\/td><td><\/td><td>H\u00e4radsk\u00e4r<\/td><td><\/td><\/tr><tr><td>Jansson<\/td><td>Eric<\/td><td>1733<\/td><td>1758<\/td><td><\/td><td>H\u00e4radsk\u00e4r<\/td><td><\/td><\/tr><tr><td>Svensson<\/td><td>Olof<\/td><td>1746<\/td><td>1760<\/td><td><\/td><td>H\u00e4radsk\u00e4r<\/td><td><\/td><\/tr><tr><td>Sj\u00f6gren<\/td><td>Jonas<\/td><td>1838<\/td><td>1848<\/td><td><\/td><td>H\u00e4radsk\u00e4r<\/td><td><\/td><\/tr><tr><td>Boqvist<\/td><td>Johan<\/td><td>1835<\/td><td>1850<\/td><td><\/td><td>H\u00e4radsk\u00e4r<\/td><td><\/td><\/tr><tr><td>Wall<\/td><td>Olof<\/td><td>1854<\/td><td>1871<\/td><td><\/td><td>Bok\u00f6<\/td><td>H\u00e4radsk\u00e4r<\/td><\/tr><tr><td>Ramstedt<\/td><td>Johan<\/td><td>1848<\/td><td>1872<\/td><td><\/td><td>H\u00e4radsk\u00e4r<\/td><td>Mem\/Ark\u00f6<\/td><\/tr><tr><td>Vesterholm<\/td><td>Herman<\/td><td>1859<\/td><td>1873<\/td><td><\/td><td>H\u00e5sk\u00f6<\/td><td>H\u00e4radsk\u00e4r<\/td><\/tr><tr><td>Eklund<\/td><td>Carl<\/td><td>1847<\/td><td>1876<\/td><td><\/td><td>H\u00e4radsk\u00e4r<\/td><td>Sandhamn<\/td><\/tr><tr><td>\u00d6stling<\/td><td>Oskar<\/td><td>1869<\/td><td>1888<\/td><td><\/td><td>H\u00e4radsk\u00e4r<\/td><td><\/td><\/tr><tr><td>F\u00e5ngqvist<\/td><td>Oskar<\/td><td>1868<\/td><td>1889<\/td><td><\/td><td>Bok\u00f6<\/td><td>H\u00e4radsk\u00e4r<\/td><\/tr><tr><td>Boqvist<\/td><td>Johan<\/td><td>1861<\/td><td>1890<\/td><td><\/td><td>Bok\u00f6<\/td><td>H\u00e4radsk\u00e4r\/Mem<\/td><\/tr><tr><td>Boqvist<\/td><td>Adolf<\/td><td>1867<\/td><td>1890<\/td><td><\/td><td>H\u00e4radsk\u00e4r<\/td><td>Mem<\/td><\/tr><tr><td>Sundstr\u00f6m<\/td><td>August<\/td><td>1875<\/td><td>1894<\/td><td><\/td><td>H\u00e4radsk\u00e4r<\/td><td>Ark\u00f6\/Oxel\u00f6sund<\/td><\/tr><tr><td>Berg<\/td><td>Tyko<\/td><td>1875<\/td><td>1896<\/td><td><\/td><td>H\u00e4radsk\u00e4r<\/td><td>Norrk\u00f6ping<\/td><\/tr><tr><td>Sj\u00f6gren<\/td><td>John<\/td><td>1875<\/td><td>1896<\/td><td><\/td><td>H\u00e4radsk\u00e4r<\/td><td><\/td><\/tr><tr><td>Westerholm<\/td><td>Johan<\/td><td>1879<\/td><td>1899<\/td><td><\/td><td>Figeholm<\/td><td>H\u00e4radsk\u00e4r<\/td><\/tr><tr><td>Sandin<\/td><td>Albert<\/td><td>1878<\/td><td>1901<\/td><td><\/td><td>H\u00e4radsk\u00e4r<\/td><td><\/td><\/tr><tr><td>Harder<\/td><td>John<\/td><td>1884<\/td><td>1904<\/td><td><\/td><td>H\u00e4radsk\u00e4r<\/td><td><\/td><\/tr><tr><td>Harder<\/td><td>Mats<\/td><td>1886<\/td><td>1905<\/td><td><\/td><td>H\u00e4radsk\u00e4r<\/td><td>Oxel\u00f6sund\/Norrk\u00f6ping<\/td><\/tr><tr><td>\u00c5man<\/td><td>Gunnar<\/td><td>1888<\/td><td>1907<\/td><td><\/td><td>H\u00e4radsk\u00e4r<\/td><td>Borgholm<\/td><\/tr><tr><td>L\u00f6nnberg<\/td><td>Carl<\/td><td>1897<\/td><td>1916<\/td><td><\/td><td>H\u00e4radsk\u00e4r<\/td><td>Norrk\u00f6ping<\/td><\/tr><tr><td>\u00d6stling<\/td><td>Arvid<\/td><td>1906<\/td><td>1920<\/td><td><\/td><td>H\u00e4radsk\u00e4r<\/td><td>Oxel\u00f6sund\/Norrk\u00f6ping<\/td><\/tr><tr><td>Boqvist<\/td><td>Erik<\/td><td>1908<\/td><td>1922<\/td><td><\/td><td>H\u00e4radsk\u00e4r<\/td><td><\/td><\/tr><tr><td>Ericson<\/td><td>\u00c5ke<\/td><td>1907<\/td><td>1925<\/td><td><\/td><td>H\u00e4radsk\u00e4r<\/td><td>Oxel\u00f6sund\/Norrk\u00f6ping<\/td><\/tr><tr><td>Sj\u00f6gren<\/td><td>Per<\/td><td>1902<\/td><td>1925<\/td><td><\/td><td>H\u00e4radsk\u00e4r<\/td><td>Oxel\u00f6sund<\/td><\/tr><tr><td>Eriksson<\/td><td>Allan<\/td><td>1908<\/td><td>1927<\/td><td><\/td><td>H\u00e4radsk\u00e4r<\/td><td>Stedsholmen\/Id\u00f6\/V\u00e4stervik<\/td><\/tr><tr><td>Magnusson<\/td><td>Nils<\/td><td>1912<\/td><td>1939<\/td><td><\/td><td>H\u00e4radsk\u00e4r<\/td><td><\/td><\/tr><tr><td>Svensson<\/td><td>Olof<\/td><td>1916<\/td><td>1941<\/td><td>1941-08-01<\/td><td>H\u00e4radsk\u00e4r<\/td><td><\/td><\/tr><tr><td>Johansson<\/td><td>Arvid<\/td><td>1923<\/td><td>1949<\/td><td>1949-07-01<\/td><td>H\u00e4radsk\u00e4r<\/td><td>S\u00f6derhamn\/Oskarshamn<\/td><\/tr><tr><td>Svensson<\/td><td>Eric<\/td><td>1927<\/td><td>1951<\/td><td><\/td><td>H\u00e4radsk\u00e4r<\/td><td>Marstrand<\/td><\/tr><tr><td>Johansson<\/td><td>Egon<\/td><td>1926<\/td><td>1954<\/td><td><\/td><td>H\u00e4radsk\u00e4r<\/td><td>Id\u00f6\/V\u00e4stervik<\/td><\/tr><tr><td>Forsstr\u00f6m<\/td><td>Karl<\/td><td>1922<\/td><td>1955<\/td><td>1959-01-01<\/td><td>H\u00e4radsk\u00e4r<\/td><td>Oxel\u00f6sund<\/td><\/tr><tr><td>Svensson<\/td><td>Alsing<\/td><td>1922<\/td><td>1959<\/td><td>1967-02-01<\/td><td>H\u00e4radsk\u00e4r<\/td><td>Oxel\u00f6sund<\/td><\/tr><tr><td>Lundstr\u00f6m<\/td><td>Ove<\/td><td>1938<\/td><td>1960<\/td><td>1963-01-01<\/td><td>H\u00e4radsk\u00e4r<\/td><td>Oxel\u00f6sund<\/td><\/tr><\/tbody><\/table><\/figure>\n","protected":false},"excerpt":{"rendered":"<p>58\u00b0 08.945&#8242; N 16\u00b0 58.993&#8242; E Lots har funnits p\u00e5 \u00f6n sedan mitten av 1600-talet. Nedlagd 1 augusti 1968 Allm\u00e4nt fiskel\u00e4ger p\u00e5 1500-talet vilket framg\u00e5r av ett brev fr\u00e5n Gustav Vasa daterat 1 februari 1548. Den f\u00f6rste till namnet k\u00e4nde lotsen var David Eriksson f\u00f6dd omkring 1640 och fr\u00e5n honom h\u00e4rstammar m\u00e5nga generationer H\u00e4radsk\u00e4r lotsar.&hellip; <a class=\"more-link\" href=\"https:\/\/lotsarnastockholm.se\/index.php\/haradskar-lotsplats\/\">Forts\u00e4tt l\u00e4sa <span class=\"screen-reader-text\">H\u00e4radsk\u00e4r Lotsplats<\/span><\/a><\/p>\n","protected":false},"author":1,"featured_media":0,"parent":0,"menu_order":0,"comment_status":"closed","ping_status":"closed","template":"","meta":{"footnotes":""},"class_list":["post-2868","page","type-page","status-publish","hentry","entry"],"_links":{"self":[{"href":"https:\/\/lotsarnastockholm.se\/index.php\/wp-json\/wp\/v2\/pages\/2868","targetHints":{"allow":["GET"]}}],"collection":[{"href":"https:\/\/lotsarnastockholm.se\/index.php\/wp-json\/wp\/v2\/pages"}],"about":[{"href":"https:\/\/lotsarnastockholm.se\/index.php\/wp-json\/wp\/v2\/types\/page"}],"author":[{"embeddable":true,"href":"https:\/\/lotsarnastockholm.se\/index.php\/wp-json\/wp\/v2\/users\/1"}],"replies":[{"embeddable":true,"href":"https:\/\/lotsarnastockholm.se\/index.php\/wp-json\/wp\/v2\/comments?post=2868"}],"version-history":[{"count":13,"href":"https:\/\/lotsarnastockholm.se\/index.php\/wp-json\/wp\/v2\/pages\/2868\/revisions"}],"predecessor-version":[{"id":7710,"href":"https:\/\/lotsarnastockholm.se\/index.php\/wp-json\/wp\/v2\/pages\/2868\/revisions\/7710"}],"wp:attachment":[{"href":"https:\/\/lotsarnastockholm.se\/index.php\/wp-json\/wp\/v2\/media?parent=2868"}],"curies":[{"name":"wp","href":"https:\/\/api.w.org\/{rel}","templated":true}]}}