{"id":2841,"date":"2021-03-24T23:29:05","date_gmt":"2021-03-24T21:29:05","guid":{"rendered":"https:\/\/lotsarnastockholm.se\/?page_id=2841"},"modified":"2026-02-17T17:19:40","modified_gmt":"2026-02-17T16:19:40","slug":"slite-lotsplats-2","status":"publish","type":"page","link":"https:\/\/lotsarnastockholm.se\/index.php\/slite-lotsplats-2\/","title":{"rendered":"Slite Lotsplats"},"content":{"rendered":"\n<p class=\"has-text-align-center\"><a href=\"https:\/\/www.google.se\/maps\/place\/57%C2%B042'36.4%22N+18%C2%B048'20.1%22E\/@57.7101167,18.8033946,17z\/data=!3m1!4b1!4m4!3m3!8m2!3d57.7101167!4d18.8055833\">57\u00b0 42.607&#8242; N 18\u00b0 48.335&#8242; E<\/a><\/p>\n\n\n\n<figure class=\"wp-block-gallery has-nested-images columns-default is-cropped wp-block-gallery-1 is-layout-flex wp-block-gallery-is-layout-flex\">\n<figure class=\"wp-block-image size-large\"><a href=\"https:\/\/lotsarnastockholm.se\/wp-content\/uploads\/2024\/01\/Slite-Lotshuset-fran-NO.jpg\"><img fetchpriority=\"high\" decoding=\"async\" width=\"1024\" height=\"768\" data-id=\"6551\" src=\"https:\/\/lotsarnastockholm.se\/wp-content\/uploads\/2024\/01\/Slite-Lotshuset-fran-NO-1024x768.jpg\" alt=\"\" class=\"wp-image-6551\" srcset=\"https:\/\/lotsarnastockholm.se\/wp-content\/uploads\/2024\/01\/Slite-Lotshuset-fran-NO-1024x768.jpg 1024w, https:\/\/lotsarnastockholm.se\/wp-content\/uploads\/2024\/01\/Slite-Lotshuset-fran-NO-300x225.jpg 300w, https:\/\/lotsarnastockholm.se\/wp-content\/uploads\/2024\/01\/Slite-Lotshuset-fran-NO-768x576.jpg 768w, https:\/\/lotsarnastockholm.se\/wp-content\/uploads\/2024\/01\/Slite-Lotshuset-fran-NO-1536x1152.jpg 1536w, https:\/\/lotsarnastockholm.se\/wp-content\/uploads\/2024\/01\/Slite-Lotshuset-fran-NO-1568x1176.jpg 1568w, https:\/\/lotsarnastockholm.se\/wp-content\/uploads\/2024\/01\/Slite-Lotshuset-fran-NO.jpg 2048w\" sizes=\"(max-width: 1024px) 100vw, 1024px\" \/><\/a><figcaption class=\"wp-element-caption\">Lotshuset Slite<\/figcaption><\/figure>\n\n\n\n<figure class=\"wp-block-image size-large\"><a href=\"https:\/\/lotsarnastockholm.se\/wp-content\/uploads\/2024\/01\/Slite-Lotshuset-fran-SO.jpg\"><img decoding=\"async\" width=\"768\" height=\"1024\" data-id=\"6550\" src=\"https:\/\/lotsarnastockholm.se\/wp-content\/uploads\/2024\/01\/Slite-Lotshuset-fran-SO-768x1024.jpg\" alt=\"\" class=\"wp-image-6550\" srcset=\"https:\/\/lotsarnastockholm.se\/wp-content\/uploads\/2024\/01\/Slite-Lotshuset-fran-SO-768x1024.jpg 768w, https:\/\/lotsarnastockholm.se\/wp-content\/uploads\/2024\/01\/Slite-Lotshuset-fran-SO-225x300.jpg 225w, https:\/\/lotsarnastockholm.se\/wp-content\/uploads\/2024\/01\/Slite-Lotshuset-fran-SO-1152x1536.jpg 1152w, https:\/\/lotsarnastockholm.se\/wp-content\/uploads\/2024\/01\/Slite-Lotshuset-fran-SO.jpg 1536w\" sizes=\"(max-width: 768px) 100vw, 768px\" \/><\/a><\/figure>\n<\/figure>\n\n\n\n<p><a href=\"https:\/\/lotsarnastockholm.se\/index.php\/slite-lotsar-1920\/\" data-type=\"URL\" data-id=\"https:\/\/lotsarnastockholm.se\/index.php\/slite-lotsar-1920\/\">Fotografier Slite lotsar<\/a><\/p>\n\n\n\n<figure class=\"wp-block-image size-full\"><a href=\"https:\/\/lotsarnastockholm.se\/wp-content\/uploads\/2024\/01\/image-2.png\"><img decoding=\"async\" width=\"622\" height=\"215\" src=\"https:\/\/lotsarnastockholm.se\/wp-content\/uploads\/2024\/01\/image-2.png\" alt=\"\" class=\"wp-image-6553\" srcset=\"https:\/\/lotsarnastockholm.se\/wp-content\/uploads\/2024\/01\/image-2.png 622w, https:\/\/lotsarnastockholm.se\/wp-content\/uploads\/2024\/01\/image-2-300x104.png 300w\" sizes=\"(max-width: 622px) 100vw, 622px\" \/><\/a><\/figure>\n\n\n\n<p>Hette 1774 Slitehamn, 1799 och 1853 Slit\u00f6<\/p>\n\n\n\n<p>Upptogs som lotsplats under 1600 talets andra halva.<\/p>\n\n\n\n<p>Ur rulla 1774:<br>Lots\u00e5lderman Lars Persson Laur\u00e9n<br>Lots Lars Danielsson Hamen, 50 \u00e5r, 16 tj \u00e5r<br>Lots Lars Remberg, 44 \u00e5r 1 tj \u00e5r<br>Lotsl\u00e4rlingar: Ola Persson, 22 \u00e5r, Per Andersson Lantin, 2 tj \u00e5r<\/p>\n\n\n\n<p>Ur rulla 1818:<\/p>\n\n\n\n<p>Lots\u00e5lderman D. Herlitz<br>Ord lots: L. Romberg<br>Reservlotsdr\u00e4ng Chr. Timstr\u00f6m<br>Lotsl\u00e4rling J.P. Heidenberg<\/p>\n\n\n\n<p>Ur reglemente 1799<\/p>\n\n\n\n<p>Under lotsuppsyningsman f\u00f6r Gotlands f\u00f6rdelning lyder Slit\u00f6 lotsplats. 1 lots\u00e5lderman, 1 ord lots, 1 utl\u00e4rd reservlotsdr\u00e4ng och 1 lotsl\u00e4rling. Lotsningsomr\u00e5de: Lotsarna emottaga fr\u00e5n sj\u00f6n att inlotsa och utlotsa till sj\u00f6ss dessutom till S:t Olofshamn, Hejde eller L\u00f6rje, till Katthammarsvik.<\/p>\n\n\n\n<p>Ur 1820 \u00e5rs f\u00f6rteckning: Till S:t Olofshamn, L\u00f6rje, Katthammarsvik, sj\u00f6ss eller fr\u00e5n sj\u00f6n f\u00f6rbi Mag\u00f6. Under \u00e5lderman i Kylej, 1 m\u00e4sterlots, 1 secundlots 1 l\u00e4rling<\/p>\n\n\n\n<p>Ur regl 1863. Lotsningsomr\u00e5de: fr\u00e5n Slite till Kylej och L\u00f6rje resp Katthammarsvik, till sj\u00f6ss eller fr\u00e5n sj\u00f6n f\u00f6rbi Mag\u00f6<\/p>\n\n\n\n<p>1884 Ny d\u00e4ckad lotsb\u00e5t<\/p>\n\n\n\n<p>1887 flyttades ett uppassningshus fr\u00e5n V\u00e4stergarns by till Slite.<\/p>\n\n\n\n<p>Ur lotsledsf\u00f6rteckning 1916: Lots uppassa vid hamnen och m\u00f6ta fr\u00e5n sj\u00f6n inkommande fartyg utanf\u00f6r Mag\u00f6. D\u00e4ckad kronolotsb\u00e5t finnes.<\/p>\n\n\n\n<p>B\u00e5tbest\u00e5nd 1920<br>1 d\u00e4ckad kutter byggd 1911 i ek\/furu, klink, 5.3&#215;2.6 10 hk Bolinder<br>1 segelb\u00e5t byggd 1889 i furu, klink 6.8&#215;1.7<br>1 segelb\u00e5t byggd 1884 i furu, klink 6.8&#215;1.7<br>1 segelb\u00e5t byggd 1903 i furu, klink 6.3&#215;1.8 1926 Nytt lotsuppassningshus byggdes<br>1929 telefon installerades<br>1935 fick Slite en ny lotsb\u00e5t. Den var 9,9 m l\u00e5ng och 3,6 m bred. Motorn var en 25 hk Bolinder. Slitelotsarna fick bra tillf\u00e4lle att prova den f\u00f6re den sattes i tj\u00e4nst. De h\u00e4mtade den n\u00e4mligen i Landskrona d\u00e4r den byggdes och gick i b\u00f6rjan av november hem med den i v\u00e4xlande v\u00e4der.<br>Stundom hade de storm med h\u00f6g sj\u00f6 men b\u00e5ten klarade sig hela tiden till deras stora bel\u00e5tenhet. Fart 7 knop<br>1944 Nytt lotsuppassningshus<\/p>\n\n\n\n<p><strong><em>Ur minnesalbum 1914 &#8211; 1924 Lotsverkets personal<\/em><\/strong>:<\/p>\n\n\n\n<p>Slite \u00e4r en av de f\u00e5 goda naturliga hamnar som Gotland \u00e4ger och upptogs som lotsplats troligen f\u00f6re 1700-talet.<\/p>\n\n\n\n<p>Under 1800-talets senare h\u00e4lft har utskeppning i betydande skala \u00e4gt rum av kalk och tr\u00e4varor fr\u00e5n Slite. En hel del segelfartyg var hemmah\u00f6rande h\u00e4r. En cementfabrik har anlagts p\u00e5 senare tid och dess produkter skeppas till in- och utlandet. Ett elektriskt kraftverk har anlagts, avsett att i sinom tid f\u00f6rse hela Gotland med elektrisk energi.<\/p>\n\n\n\n<p>P\u00e5 holmen Enholmen i utloppet till redden anlades under Karl X Gustafs tid ett bef\u00e4stningsverk&nbsp;<em>Karlssv\u00e4rd<\/em>, av vilket \u00e4nnu syns tydliga rester. Senare (i mitten av 1800-talet) anlades 2 batterier med vardera 12 kanoner. De blev f\u00e4rdiga \u00e5r 1856 men \u00e4r numera nedlagda.<\/p>\n\n\n\n<p>Den tidigaste lots, om vilken det finns n\u00e5gra anteckningar, var en Hejdenberg. \u00c5r 1808 utskeppades fr\u00e5n Slite de ryska trupper som under amiral Bodizos bef\u00e4l landstigit p\u00e5 s\u00f6dra Gotland. Vid fartygens avsegling tj\u00e4nstgjorde ombord ovann\u00e4mnda Hejdenberg j\u00e4mte en lots, vars namn ej \u00e4r nedtecknat. De kom aldrig tillbaka till platsen utan f\u00f6rsvann p\u00e5 hemlighetsfullt s\u00e4tt. F\u00f6rr har Slite varit flitigt anlitad som orderplats d\u00e5 trafiken p\u00e5gick vintertid p\u00e5 Ryssland.<\/p>\n\n\n\n<p>En m\u00e4sterlots Rundberg avgick med pension \u00e5r 1832 och m\u00e5ste allts\u00e5 ha tj\u00e4nstgjort vid 1700-talets slut. \u00c5r 1825 antogs som lotsl\u00e4rling b\u00e4stemannen Lars Hammarstr\u00f6m. Han tj\u00e4nstgjorde sedan som lots och m\u00e4sterlots (utn\u00e4mnd till den senare befattningen \u00e5r 1832) till \u00e5r 1859.<\/p>\n\n\n\n<p>Vid platsen har st\u00e4dse varit anst\u00e4llda 3 lotsar och en lots\u00e5lderman. \u00c5r 1859 &#8211; 1860 antogs till lots\u00e5lderman, P. Wallin och efter honom kom hans bror A. Wallin intill \u00e5r 1921. Dennes son, K. Wallin, \u00e4r extralots vid platsen. Ovan n\u00e4mnde Hammarstr\u00f6m var morbror till A. Wallin, varf\u00f6r det kan s\u00e4gas att lots\u00e5ldermans- och lotsyrket g\u00e5tt troget i den sl\u00e4kten.<\/p>\n\n\n\n<p>Lotsar och B\u00e5tm\u00e4n p\u00e5 Slite Lpl samt \u00f6vriga Lpl<\/p>\n\n\n\n<figure class=\"wp-block-table alignwide\"><table class=\"has-fixed-layout\"><tbody><tr><td>Efternamn<\/td><td>F\u00f6rnamn<\/td><td>F\u00f6dd<\/td><td>I Staten<\/td><td>B\u00e5tman<\/td><td>Lpl 1<\/td><\/tr><tr><td>Hamen<\/td><td>Lars<\/td><td>1724<\/td><td>1758<\/td><td><\/td><td>Slite<\/td><\/tr><tr><td>Lantin<\/td><td>Per<\/td><td><\/td><td>1772<\/td><td><\/td><td>Slite<\/td><\/tr><tr><td>Remberg<\/td><td>Lars<\/td><td>1730<\/td><td>1773<\/td><td><\/td><td>Slite<\/td><\/tr><tr><td>Rundberg<\/td><td><\/td><td><\/td><td>1790<\/td><td><\/td><td>Slite<\/td><\/tr><tr><td>Hammarstr\u00f6m<\/td><td>Lars<\/td><td><\/td><td>1825<\/td><td><\/td><td>Slite<\/td><\/tr><tr><td>Petersson<\/td><td>Lars<\/td><td>1825<\/td><td>1837<\/td><td><\/td><td>L\u00e5ng\u00f6ren\/Slite<\/td><\/tr><tr><td>Wallin<\/td><td>Jonas<\/td><td>1834<\/td><td>1843<\/td><td><\/td><td>Kylej\/Slite<\/td><\/tr><tr><td>Gadd<\/td><td>Anders<\/td><td>1832<\/td><td>1869<\/td><td><\/td><td>Slite<\/td><\/tr><tr><td>Wallin<\/td><td>Frans<\/td><td>1861<\/td><td>1879<\/td><td><\/td><td>Slite<\/td><\/tr><tr><td>Pettersson<\/td><td>Anders<\/td><td>1857<\/td><td>1886<\/td><td><\/td><td>Slite<\/td><\/tr><tr><td>Wulff<\/td><td>Anders<\/td><td>1857<\/td><td>1886<\/td><td><\/td><td>Slite<\/td><\/tr><tr><td>Thompson<\/td><td>Olof<\/td><td>1841<\/td><td>1888<\/td><td><\/td><td>Visby\/Slite<\/td><\/tr><tr><td>Gadd<\/td><td>Karl<\/td><td>1868<\/td><td>1897<\/td><td><\/td><td>Slite<\/td><\/tr><tr><td>H\u00f6gberg<\/td><td>Ernst<\/td><td>1882<\/td><td>1901<\/td><td><\/td><td>Slite<\/td><\/tr><tr><td>Dahlbeck<\/td><td>Karl<\/td><td>1885<\/td><td>1904<\/td><td><\/td><td>H\u00e4rvik\/Slite\/Visby<\/td><\/tr><tr><td>Pettersson<\/td><td>Emil<\/td><td>1884<\/td><td>1907<\/td><td><\/td><td>Slite\/Visby<\/td><\/tr><tr><td>Wallin<\/td><td>Karl<\/td><td>1895<\/td><td>1909<\/td><td><\/td><td>Kylej\/Slite<\/td><\/tr><tr><td>\u00d6berg<\/td><td>Ebbe<\/td><td>1891<\/td><td>1911<\/td><td><\/td><td>Slite<\/td><\/tr><tr><td>Harding<\/td><td>Carl<\/td><td>1905<\/td><td>1922<\/td><td><\/td><td>Slite<\/td><\/tr><tr><td>Lyth<\/td><td>Jacob<\/td><td>1903<\/td><td>1926<\/td><td><\/td><td>Slite<\/td><\/tr><tr><td>H\u00f6gberg<\/td><td>Ernst<\/td><td>1911<\/td><td>1932<\/td><td><\/td><td>Slite<\/td><\/tr><tr><td>Gustafsson<\/td><td>Karl<\/td><td>1917<\/td><td>1941<\/td><td><\/td><td>Kylej\/Slite\/F\u00e5r\u00f6sund\/Ronehamn\/Visby<\/td><\/tr><tr><td>Smitterberg<\/td><td>Carl<\/td><td>1918<\/td><td>1944<\/td><td><\/td><td>Slite\/Visby<\/td><\/tr><tr><td>Lindholm<\/td><td>Lars<\/td><td>1930<\/td><td>1947<\/td><td><\/td><td>Slite<\/td><\/tr><tr><td>Pehrsson<\/td><td>Olle<\/td><td>1918<\/td><td>1948<\/td><td><\/td><td>Varberg\/Slite<\/td><\/tr><tr><td>Hagstr\u00f6m<\/td><td>Oscar<\/td><td>1915<\/td><td>1951<\/td><td><\/td><td>Slite<\/td><\/tr><tr><td>Lindbom<\/td><td>Mats<\/td><td>1926<\/td><td>1951<\/td><td>1952-07-01<\/td><td>Slite<\/td><\/tr><tr><td>Larsson<\/td><td>Bengt<\/td><td>1921<\/td><td>1952<\/td><td><\/td><td>Slite\/Visby<\/td><\/tr><tr><td>Karlsson<\/td><td>Sylve<\/td><td>1924<\/td><td>1957<\/td><td>1965-03-01<\/td><td>Slite\/Storugns<\/td><\/tr><tr><td>Persson<\/td><td>Ola<\/td><td>1752<\/td><td><\/td><td><\/td><td>Slite<\/td><\/tr><tr><td>Herlitz<\/td><td>David<\/td><td>1794<\/td><td><\/td><td><\/td><td>Slite<\/td><\/tr><tr><td>Heidenberg<\/td><td>J<\/td><td><\/td><td><\/td><td><\/td><td>Slite<\/td><\/tr><tr><td>Laur\u00e9n<\/td><td>Lars<\/td><td><\/td><td><\/td><td><\/td><td>Slite<\/td><\/tr><tr><td>Romberg<\/td><td>L<\/td><td><\/td><td><\/td><td><\/td><td>Slite<\/td><\/tr><tr><td>Timstr\u00f6m<\/td><td>Chr<\/td><td><\/td><td><\/td><td><\/td><td>Slite<\/td><\/tr><\/tbody><\/table><\/figure>\n","protected":false},"excerpt":{"rendered":"<p>57\u00b0 42.607&#8242; N 18\u00b0 48.335&#8242; E Fotografier Slite lotsar Hette 1774 Slitehamn, 1799 och 1853 Slit\u00f6 Upptogs som lotsplats under 1600 talets andra halva. Ur rulla 1774:Lots\u00e5lderman Lars Persson Laur\u00e9nLots Lars Danielsson Hamen, 50 \u00e5r, 16 tj \u00e5rLots Lars Remberg, 44 \u00e5r 1 tj \u00e5rLotsl\u00e4rlingar: Ola Persson, 22 \u00e5r, Per Andersson Lantin, 2 tj \u00e5r&hellip; <a class=\"more-link\" href=\"https:\/\/lotsarnastockholm.se\/index.php\/slite-lotsplats-2\/\">Forts\u00e4tt l\u00e4sa <span class=\"screen-reader-text\">Slite Lotsplats<\/span><\/a><\/p>\n","protected":false},"author":1,"featured_media":0,"parent":0,"menu_order":0,"comment_status":"closed","ping_status":"closed","template":"","meta":{"footnotes":""},"class_list":["post-2841","page","type-page","status-publish","hentry","entry"],"_links":{"self":[{"href":"https:\/\/lotsarnastockholm.se\/index.php\/wp-json\/wp\/v2\/pages\/2841","targetHints":{"allow":["GET"]}}],"collection":[{"href":"https:\/\/lotsarnastockholm.se\/index.php\/wp-json\/wp\/v2\/pages"}],"about":[{"href":"https:\/\/lotsarnastockholm.se\/index.php\/wp-json\/wp\/v2\/types\/page"}],"author":[{"embeddable":true,"href":"https:\/\/lotsarnastockholm.se\/index.php\/wp-json\/wp\/v2\/users\/1"}],"replies":[{"embeddable":true,"href":"https:\/\/lotsarnastockholm.se\/index.php\/wp-json\/wp\/v2\/comments?post=2841"}],"version-history":[{"count":9,"href":"https:\/\/lotsarnastockholm.se\/index.php\/wp-json\/wp\/v2\/pages\/2841\/revisions"}],"predecessor-version":[{"id":7673,"href":"https:\/\/lotsarnastockholm.se\/index.php\/wp-json\/wp\/v2\/pages\/2841\/revisions\/7673"}],"wp:attachment":[{"href":"https:\/\/lotsarnastockholm.se\/index.php\/wp-json\/wp\/v2\/media?parent=2841"}],"curies":[{"name":"wp","href":"https:\/\/api.w.org\/{rel}","templated":true}]}}