{"id":266,"date":"2015-11-05T14:17:10","date_gmt":"2015-11-05T13:17:10","guid":{"rendered":"http:\/\/lotsarnastockholm.se\/?page_id=266"},"modified":"2023-04-05T13:27:14","modified_gmt":"2023-04-05T12:27:14","slug":"rosenvik","status":"publish","type":"page","link":"https:\/\/lotsarnastockholm.se\/index.php\/rosenvik\/","title":{"rendered":"Rosenviks historia"},"content":{"rendered":"\n<h1 class=\"wp-block-heading\">HDF Rosenvik<\/h1>\n\n\n\n<figure class=\"wp-block-image size-large\"><a href=\"http:\/\/lotsarnastockholm.se\/wp-content\/uploads\/2021\/01\/rosenvik-1924.jpg\"><img fetchpriority=\"high\" decoding=\"async\" width=\"945\" height=\"635\" src=\"http:\/\/lotsarnastockholm.se\/wp-content\/uploads\/2021\/01\/rosenvik-1924.jpg\" alt=\"\" class=\"wp-image-1887\" srcset=\"https:\/\/lotsarnastockholm.se\/wp-content\/uploads\/2021\/01\/rosenvik-1924.jpg 945w, https:\/\/lotsarnastockholm.se\/wp-content\/uploads\/2021\/01\/rosenvik-1924-300x202.jpg 300w, https:\/\/lotsarnastockholm.se\/wp-content\/uploads\/2021\/01\/rosenvik-1924-768x516.jpg 768w\" sizes=\"(max-width: 945px) 100vw, 945px\" \/><\/a><figcaption class=\"wp-element-caption\">Inne p\u00e5 g\u00e5rden bredvid smedjan som revs 1985<\/figcaption><\/figure>\n\n\n\n<p>Huvudf\u00f6rr\u00e5det Rosenvik som det hette n\u00e4r det byggdes och l\u00e5ngt fram p\u00e5 80-talet<\/p>\n\n\n<div class=\"wp-block-image\">\n<figure class=\"aligncenter\"><a href=\"http:\/\/lotsarnastockholm.se\/wp-content\/uploads\/2015\/11\/rosenvik-2.jpg\"><img decoding=\"async\" width=\"641\" height=\"481\" src=\"http:\/\/lotsarnastockholm.se\/wp-content\/uploads\/2015\/11\/rosenvik-2.jpg\" alt=\"rosenvik 2\" class=\"wp-image-267\" srcset=\"https:\/\/lotsarnastockholm.se\/wp-content\/uploads\/2015\/11\/rosenvik-2.jpg 641w, https:\/\/lotsarnastockholm.se\/wp-content\/uploads\/2015\/11\/rosenvik-2-300x225.jpg 300w\" sizes=\"(max-width: 641px) 100vw, 641px\" \/><\/a><\/figure>\n<\/div>\n\n\n<p>Adress af Pontins v\u00e4g 4 och 6-10<\/p>\n\n\n\n<figure class=\"wp-block-gallery has-nested-images columns-default is-cropped wp-block-gallery-1 is-layout-flex wp-block-gallery-is-layout-flex\">\n<figure class=\"wp-block-image size-large\"><a href=\"https:\/\/lotsarnastockholm.se\/wp-content\/uploads\/2023\/04\/rosenvik-1783.jpg\"><img decoding=\"async\" width=\"1019\" height=\"1024\" data-id=\"5219\" src=\"https:\/\/lotsarnastockholm.se\/wp-content\/uploads\/2023\/04\/rosenvik-1783-1019x1024.jpg\" alt=\"\" class=\"wp-image-5219\" srcset=\"https:\/\/lotsarnastockholm.se\/wp-content\/uploads\/2023\/04\/rosenvik-1783-1019x1024.jpg 1019w, https:\/\/lotsarnastockholm.se\/wp-content\/uploads\/2023\/04\/rosenvik-1783-298x300.jpg 298w, https:\/\/lotsarnastockholm.se\/wp-content\/uploads\/2023\/04\/rosenvik-1783-150x150.jpg 150w, https:\/\/lotsarnastockholm.se\/wp-content\/uploads\/2023\/04\/rosenvik-1783-768x772.jpg 768w, https:\/\/lotsarnastockholm.se\/wp-content\/uploads\/2023\/04\/rosenvik-1783.jpg 1388w\" sizes=\"(max-width: 1019px) 100vw, 1019px\" \/><\/a><\/figure>\n\n\n\n<figure class=\"wp-block-image size-large\"><a href=\"https:\/\/lotsarnastockholm.se\/wp-content\/uploads\/2023\/04\/rosenvik-1837-b.jpg\"><img loading=\"lazy\" decoding=\"async\" width=\"1024\" height=\"686\" data-id=\"5220\" src=\"https:\/\/lotsarnastockholm.se\/wp-content\/uploads\/2023\/04\/rosenvik-1837-b-1024x686.jpg\" alt=\"\" class=\"wp-image-5220\" srcset=\"https:\/\/lotsarnastockholm.se\/wp-content\/uploads\/2023\/04\/rosenvik-1837-b-1024x686.jpg 1024w, https:\/\/lotsarnastockholm.se\/wp-content\/uploads\/2023\/04\/rosenvik-1837-b-300x201.jpg 300w, https:\/\/lotsarnastockholm.se\/wp-content\/uploads\/2023\/04\/rosenvik-1837-b-768x514.jpg 768w, https:\/\/lotsarnastockholm.se\/wp-content\/uploads\/2023\/04\/rosenvik-1837-b-1536x1028.jpg 1536w, https:\/\/lotsarnastockholm.se\/wp-content\/uploads\/2023\/04\/rosenvik-1837-b-1568x1050.jpg 1568w\" sizes=\"(max-width: 1024px) 100vw, 1024px\" \/><\/a><\/figure>\n\n\n\n<figure class=\"wp-block-image size-large\"><a href=\"https:\/\/lotsarnastockholm.se\/wp-content\/uploads\/2023\/04\/rosenvik-1837.jpg\"><img loading=\"lazy\" decoding=\"async\" width=\"785\" height=\"1024\" data-id=\"5222\" src=\"https:\/\/lotsarnastockholm.se\/wp-content\/uploads\/2023\/04\/rosenvik-1837-785x1024.jpg\" alt=\"\" class=\"wp-image-5222\" srcset=\"https:\/\/lotsarnastockholm.se\/wp-content\/uploads\/2023\/04\/rosenvik-1837-785x1024.jpg 785w, https:\/\/lotsarnastockholm.se\/wp-content\/uploads\/2023\/04\/rosenvik-1837-230x300.jpg 230w, https:\/\/lotsarnastockholm.se\/wp-content\/uploads\/2023\/04\/rosenvik-1837-768x1001.jpg 768w, https:\/\/lotsarnastockholm.se\/wp-content\/uploads\/2023\/04\/rosenvik-1837.jpg 1106w\" sizes=\"(max-width: 785px) 100vw, 785px\" \/><\/a><\/figure>\n\n\n\n<figure class=\"wp-block-image size-large\"><a href=\"https:\/\/lotsarnastockholm.se\/wp-content\/uploads\/2023\/04\/rosenvik-1856.jpg\"><img loading=\"lazy\" decoding=\"async\" width=\"1024\" height=\"784\" data-id=\"5221\" src=\"https:\/\/lotsarnastockholm.se\/wp-content\/uploads\/2023\/04\/rosenvik-1856-1024x784.jpg\" alt=\"\" class=\"wp-image-5221\" srcset=\"https:\/\/lotsarnastockholm.se\/wp-content\/uploads\/2023\/04\/rosenvik-1856-1024x784.jpg 1024w, https:\/\/lotsarnastockholm.se\/wp-content\/uploads\/2023\/04\/rosenvik-1856-300x230.jpg 300w, https:\/\/lotsarnastockholm.se\/wp-content\/uploads\/2023\/04\/rosenvik-1856-768x588.jpg 768w, https:\/\/lotsarnastockholm.se\/wp-content\/uploads\/2023\/04\/rosenvik-1856-1536x1176.jpg 1536w, https:\/\/lotsarnastockholm.se\/wp-content\/uploads\/2023\/04\/rosenvik-1856-1568x1201.jpg 1568w, https:\/\/lotsarnastockholm.se\/wp-content\/uploads\/2023\/04\/rosenvik-1856.jpg 1805w\" sizes=\"(max-width: 1024px) 100vw, 1024px\" \/><\/a><\/figure>\n<\/figure>\n\n\n\n<p>I samband med projekteringen \u00e5r 1999 av Gula Villan (Djurg\u00e5rden 1:1) har ett visst forskningsarbete fokuserats p\u00e5 byggnadens historia. I samband med detta har \u00e4ven vissa historiska uppgifter om fastigheten Rosenvik \u00e5dagalagts.<\/p>\n\n\n\n<p>Under februari och mars 2000 har uppgifter inh\u00e4mtats fr\u00e5n bl.a. Kungliga biblioteket, Arkitektur museet, Tekniska n\u00e4mndhuset, Stadsmuseet, Slottsarkivet samt Djurg\u00e5rdens Hembygdsf\u00f6rening. Behj\u00e4lplig i arbetet har varit Hans-Olof Eriksson, pensionerad kronolots fr\u00e5n Arholma. Kompletterande uppgifter har kommit fr\u00e5n Arne Schwartz vars frus farfars, farfars, farfar var bror till n\u00e4mnde Erik Zettersten.<\/p>\n\n\n\n<p>Det kan omedelbart konstateras att det p\u00e5 Djurg\u00e5rden finns en m\u00e4ngd fastigheter och byggnader som lockar historiker och stadsvandrare. Tyv\u00e4rr har den del av fastigheten Rosenvik som Sj\u00f6fartsverket innehar, aldrig tillm\u00e4tts n\u00e5got n\u00e4mnv\u00e4rt intresse ur historieskrivarnas perspektiv. Detta har med all \u00f6nskv\u00e4rd tydlighet framkommit under efterforskningsarbetet. Detta har sin troliga f\u00f6rklaring i det faktum att omr\u00e5det sedan 1600 talet varit industriomr\u00e5de och innehaft ett ok\u00e4nt antal byggnader f\u00f6r olika hantverks\u00e4ndam\u00e5l. Industriomr\u00e5den brukar ju inte vara speciellt intressanta f\u00f6r forskare emedan dessa prioriterar byggnader som ritats eller byggts av namnkunniga, helst adliga och kungliga, personer och sl\u00e4kter.<\/p>\n\n\n\n<p>Vid bes\u00f6ken p\u00e5 de faktarum som n\u00e4mns ovan, har det varit t\u00e4mligen mager information om just fastigheten Rosenvik 3a eller som den tidigare hetat Alberget 3 sedermera Alberget 3a, 3b och 3c.<\/p>\n\n\n\n<p>Den tidigaste verksamhet vi kunnat finna \u00e4r att under 1600-talet, utefter stranden \u00f6ster om Beckholmen l\u00e5g ett st\u00e4rkelsebruk. De exakta gr\u00e4nserna f\u00f6r St\u00e4rkelsebruket i f\u00f6rh\u00e5llande till dagens strandlinje kan inte med s\u00e4kerhet fastst\u00e4llas. Strandlinjen har sedan 1500 talet f\u00f6r\u00e4ndrats betydligt, med tanke p\u00e5 alla olika utfyllnads och muddrings arbeten som f\u00f6rekommit.<\/p>\n\n\n\n<p>I samband med att det p\u00e5 Djurg\u00e5rdsvarvet och Beckholms varvet bedrevs skeppsbyggeri och varvsverksamhet beboddes omr\u00e5det \u00f6ster om varven sedan sent 1600-tal av timmerm\u00e4n och sj\u00f6farare som arbetade p\u00e5 varven. Dessa har bebyggt omr\u00e5det med mindre och st\u00f6rre byggnader f\u00f6r boende och hantverksverksamhet d\u00e4r de bedrivit b\u00e5tbyggeri och reparationsarbeten av allehanda flytetyg.<\/p>\n\n\n\n<p>L\u00e4ngre \u00f6ster\u00f6ver, n\u00e4r man n\u00e4rmar sig fastigheterna Alberget 4, 5, 6 o.s.v. finns det \u00e5terigen mer dokumenterat, likas\u00e5 v\u00e4ster om St\u00e4rkelsebruket n\u00e4r man kommer till Djurg\u00e5rdsstaden och Allm\u00e4nna gr\u00e4nds omr\u00e5den.<\/p>\n\n\n\n<p>Fr\u00e5n de dokument som g\u00e5tts igenom har f\u00f6ljande kunnat s\u00e4ttas samman i kronologisk ordning.<\/p>\n\n\n\n<p>1663 \u00e4gs fastigheten Alberget 3 av kapten Johan Billingsley. 1680 \u00f6vertas den av R\u00e5dman Raphun som s\u00e4ljer den vidare den 26 september 1692 till Herr Wittwogel. Den 4 december 1694 beviljas port\u00f6ppning vid St\u00e4rkelsebruket av konung Carl XI till sekreterare Johan Schmidt. Fastigheten \u00e4gs och bebos av Johan Schmidt fram till sin d\u00f6d och d\u00e4refter av hans arvingar.<\/p>\n\n\n\n<p>1728 k\u00f6per den holl\u00e4ndske Cofferdie Capitainen Magnus Heyenberg och hans broder, Alberget 3 f\u00f6r 5400 Riksdaler. 1742 f\u00e5r Heyenberg bygglov f\u00f6r byggnadsuppf\u00f6rande. P\u00e5 Alberget 3 byggdes \u00e4ven det R\u00f6da Villan som idag \u00e4r af Pontins v\u00e4g 2. Eftersom vi inte kunnat finna dokument och skisser som utvisar vilka byggnader som bygglovet var till f\u00f6r kan man inte heller s\u00e4kert fastsl\u00e5 bygg\u00e5ret f\u00f6r n\u00e5gon av dem, men det \u00e4r m\u00f6jligt att bygglovet var till f\u00f6r b\u00e4gge fastigheterna, som s\u00e5 sm\u00e5ningom byggdes av timmerm\u00e4nnen p\u00e5 varven och de var avsedda f\u00f6r vardera br\u00f6derna Heyenberg med familj.<\/p>\n\n\n\n<p>Familjen Heyenberg importerade bl.a. Glaskirchen k\u00f6rsb\u00e4r som planterades i tr\u00e4dg\u00e5rden vid Gula Villan. Under senare tid, troligen slutet av 1800 talet planterades \u00e4ven \u00d6sterrikiska s\u00f6ta rabarber inom gula Villans tr\u00e4dg\u00e5rdsomr\u00e5de.<\/p>\n\n\n\n<p>Omkring 1750: Detta \u00e4r det n\u00e4rmaste vi kan komma fastighetens uppf\u00f6rande \u00e5r.<\/p>\n\n\n\n<p>1788 \u00d6vertas fastigheten av kommerser\u00e5det och grosshandlaren Erik Zettersten och efter hans d\u00f6d 1801 \u00e4rver hans fosterdotter Johanna fastigheten tillsammans med maken grosshandlare Elfving Elfving dog 1821 och l\u00e4mnade ett konkursbo efter sig till \u00e4nkan. Fastigheten blev inte s\u00e5ld f\u00f6rr\u00e4n 1825.<\/p>\n\n\n\n<p>1827 n\u00e4mns medicinalr\u00e5det Magnus Martin Pontin f\u00f6r f\u00f6rsta g\u00e5ngen och han l\u00e5ter detta \u00e5r uppf\u00f6ra det Gr\u00f6na Huset. Huset som ritades av Fredrik Blom, \u00e4r ett s.k. flytthus och byggdes i Timr\u00e5, Medelpad f\u00f6r att sedan \u00e5teruppf\u00f6ras p\u00e5 Alberget 3. Pontin namnar samtidigt omr\u00e5det till Rosenvik.<\/p>\n\n\n\n<p>1836 F\u00e5r HJ Falkman arrendekontrakt med den del som efter avstyckningen av fastigheten 1856 blir Alberget 3a. 1837 s\u00f6ker Falkman ombyggnadslov f\u00f6r Gula Villan men av de ritningar som l\u00e4mnades kan vi konstatera att ingen ombyggnad blev av. Under n\u00e5gon obest\u00e4md period bedriver Falkman destilleri och tv\u00e5lkokeri inom omr\u00e5det.<\/p>\n\n\n\n<p>1856 styckas s\u00e5 Alberget 3 till att bli Alberget 3a och 3b<\/p>\n\n\n\n<p>1857 s\u00f6ker Grosshandlare A.G. Bayard och Grosshandlare C Alm bygglov p\u00e5 3a.<\/p>\n\n\n\n<p>1865 styckas&nbsp; Alberget 3b i tv\u00e5 nya delar n\u00e4mligen Alberget 3b och 3c. Samma \u00e5r k\u00f6per A.G. Bayard, Alberget 3a och C Alm k\u00f6per 3b.<\/p>\n\n\n\n<p>Under senare delen av 1800-talet \u00e4rvs Alberget 3a av direkt\u00f6r C.G. Bayard. Familjen Bayard bedriver under sin tid f\u00f6retaget Rosenviks Varf och mekaniska verkst\u00e4der.<\/p>\n\n\n\n<p>Kring sekelskiftet byggs Gula Villan om och f\u00e5r sina nuvarande takkupor p\u00e5 andra v\u00e5ningen p\u00e5 nord och sydsidan. I samband med detta monteras de runda f\u00f6nstren p\u00e5 vinden och h\u00e5l tages \u00e4ven upp p\u00e5 gavlarna f\u00f6r att montera samma runda f\u00f6nster \u00e4ven d\u00e4r. P\u00e5 sydsidan har det suttit en d\u00f6rr ut mot den lilla tr\u00e4dg\u00e5rdsremsan, men det \u00e4r os\u00e4kert n\u00e4r denna lades igen.<\/p>\n\n\n\n<p>Kring 1910-talet g\u00e5r f\u00f6retaget i konkurs och Kungliga lotsverket har p\u00e5b\u00f6rjat f\u00f6rfr\u00e5gningar om omr\u00e5det hos bl.a. Bayard och Kungliga Djurg\u00e5rdens F\u00f6rvaltningar.<\/p>\n\n\n\n<p>Den 1 juli 1915 skriver Kungliga Lotsstyrelsen ett avtal med KDF om ers\u00e4ttning f\u00f6r uppl\u00e5telse av ett avstyckat omr\u00e5de d\u00e4r delar av Rosenvik 3a och 3 c ing\u00e5r med en total areal om 5967 m<sup>2 <\/sup>&nbsp;Ers\u00e4ttningen best\u00e4ms till 91.300 kr.<\/p>\n\n\n\n<p>Den 30 augusti 1915 k\u00f6per Kungliga Lotsstyrelsen samtliga byggnader, fr\u00e5n de delar av Rosenvik 3c som avstyckades, av f\u00f6retaget H\u00f6gelin och Seippels tr\u00e4varuaktiebolag f\u00f6r 40.000 kr.<\/p>\n\n\n\n<p>Den 15 september 1915 k\u00f6per Kungliga Lotsstyrelsen samtliga byggnader som utg\u00f6r Rosenviks Varf och mekaniska verkst\u00e4der fr\u00e5n de delar av Rosenvik 3a som avstyckades, av C.G. Bayard och \u00e4nkefru Lagerwall, f\u00f6dd Bayard, f\u00f6r 55.000 kr.<\/p>\n\n\n\n<p>1916-1917 Renoveras Gula Villan men m\u00e5las d\u00e5 i r\u00f6d f\u00e4rg. Namnet Gula villan kommer efter att den m\u00e5lades om p\u00e5 50-talet.<\/p>\n\n\n<div class=\"wp-block-image\">\n<figure class=\"aligncenter\"><a href=\"http:\/\/lotsarnastockholm.se\/wp-content\/uploads\/2015\/11\/6224.jpg\"><img loading=\"lazy\" decoding=\"async\" width=\"4122\" height=\"2970\" src=\"http:\/\/lotsarnastockholm.se\/wp-content\/uploads\/2015\/11\/6224.jpg\" alt=\"6224\" class=\"wp-image-299\" srcset=\"https:\/\/lotsarnastockholm.se\/wp-content\/uploads\/2015\/11\/6224.jpg 4122w, https:\/\/lotsarnastockholm.se\/wp-content\/uploads\/2015\/11\/6224-300x216.jpg 300w, https:\/\/lotsarnastockholm.se\/wp-content\/uploads\/2015\/11\/6224-1024x738.jpg 1024w\" sizes=\"(max-width: 4122px) 100vw, 4122px\" \/><\/a><\/figure>\n<\/div>\n\n<div class=\"wp-block-image\">\n<figure class=\"aligncenter\"><a href=\"http:\/\/lotsarnastockholm.se\/wp-content\/uploads\/2015\/11\/6208.jpg\"><img loading=\"lazy\" decoding=\"async\" width=\"2603\" height=\"2012\" src=\"http:\/\/lotsarnastockholm.se\/wp-content\/uploads\/2015\/11\/6208.jpg\" alt=\"6208\" class=\"wp-image-283\" srcset=\"https:\/\/lotsarnastockholm.se\/wp-content\/uploads\/2015\/11\/6208.jpg 2603w, https:\/\/lotsarnastockholm.se\/wp-content\/uploads\/2015\/11\/6208-300x232.jpg 300w, https:\/\/lotsarnastockholm.se\/wp-content\/uploads\/2015\/11\/6208-1024x792.jpg 1024w\" sizes=\"(max-width: 2603px) 100vw, 2603px\" \/><\/a><figcaption class=\"wp-element-caption\">nyrenoverad, obs skorstenar och f\u00f6nster mm<\/figcaption><\/figure>\n<\/div>\n\n\n<p>Den del av Rosenvik 3a (R\u00f6da Villan) som blir \u00f6ver efter avstyckningen, bebos d\u00e4refter av C.G. Bayard och Lagerwall. 1920 s\u00e4ljs denna fastighet till Gyllenpalm som 1921 s\u00e4ljer den vidare till professor Henschen som&nbsp; l\u00e5ter grundligt renovera fastigheten.<\/p>\n\n\n\n<p>Mellan \u00e5ren 1916 och 1920 l\u00e5ter Kungliga Lotsstyrelsen uppf\u00f6ra nuvarande byggnader f\u00f6r en sammanlagd summa av 225.000 kr. <\/p>\n\n\n\n<p>Arkitekt till byggnaderna var <a href=\"https:\/\/sv.wikipedia.org\/wiki\/Sigge_Cronstedt\">Sigge Cronstedt. <\/a><\/p>\n\n\n\n<p>Medel som avsatts fr\u00e5n fyr och b\u00e5kint\u00e4kter. Rosenvik avses av Kungliga Lotsstyrelsen att anv\u00e4ndas som varv och reparationsplats f\u00f6r fartyg och maskineri samt f\u00f6rr\u00e5d, verkst\u00e4der och kontor.<\/p>\n\n\n<div class=\"wp-block-image\">\n<figure class=\"aligncenter\"><a href=\"http:\/\/lotsarnastockholm.se\/wp-content\/uploads\/2015\/11\/6207.jpg\"><img loading=\"lazy\" decoding=\"async\" width=\"2603\" height=\"2012\" src=\"http:\/\/lotsarnastockholm.se\/wp-content\/uploads\/2015\/11\/6207.jpg\" alt=\"6207\" class=\"wp-image-282\" srcset=\"https:\/\/lotsarnastockholm.se\/wp-content\/uploads\/2015\/11\/6207.jpg 2603w, https:\/\/lotsarnastockholm.se\/wp-content\/uploads\/2015\/11\/6207-300x232.jpg 300w, https:\/\/lotsarnastockholm.se\/wp-content\/uploads\/2015\/11\/6207-1024x792.jpg 1024w\" sizes=\"(max-width: 2603px) 100vw, 2603px\" \/><\/a><figcaption class=\"wp-element-caption\">Huvudbyggnaden<\/figcaption><\/figure>\n<\/div>\n\n<div class=\"wp-block-image\">\n<figure class=\"aligncenter\"><a href=\"http:\/\/lotsarnastockholm.se\/wp-content\/uploads\/2015\/11\/6212.jpg\"><img loading=\"lazy\" decoding=\"async\" width=\"2603\" height=\"2012\" src=\"http:\/\/lotsarnastockholm.se\/wp-content\/uploads\/2015\/11\/6212.jpg\" alt=\"6212\" class=\"wp-image-287\" srcset=\"https:\/\/lotsarnastockholm.se\/wp-content\/uploads\/2015\/11\/6212.jpg 2603w, https:\/\/lotsarnastockholm.se\/wp-content\/uploads\/2015\/11\/6212-300x232.jpg 300w, https:\/\/lotsarnastockholm.se\/wp-content\/uploads\/2015\/11\/6212-1024x792.jpg 1024w\" sizes=\"(max-width: 2603px) 100vw, 2603px\" \/><\/a><figcaption class=\"wp-element-caption\">F\u00f6rr\u00e5dsbyggnaden<\/figcaption><\/figure>\n<\/div>\n\n<div class=\"wp-block-image\">\n<figure class=\"aligncenter\"><a href=\"http:\/\/lotsarnastockholm.se\/wp-content\/uploads\/2015\/11\/6210.jpg\"><img loading=\"lazy\" decoding=\"async\" width=\"2603\" height=\"2012\" src=\"http:\/\/lotsarnastockholm.se\/wp-content\/uploads\/2015\/11\/6210.jpg\" alt=\"6210\" class=\"wp-image-285\" srcset=\"https:\/\/lotsarnastockholm.se\/wp-content\/uploads\/2015\/11\/6210.jpg 2603w, https:\/\/lotsarnastockholm.se\/wp-content\/uploads\/2015\/11\/6210-300x232.jpg 300w, https:\/\/lotsarnastockholm.se\/wp-content\/uploads\/2015\/11\/6210-1024x792.jpg 1024w\" sizes=\"(max-width: 2603px) 100vw, 2603px\" \/><\/a><\/figure>\n<\/div>\n\n<div class=\"wp-block-image\">\n<figure class=\"aligncenter\"><a href=\"http:\/\/lotsarnastockholm.se\/wp-content\/uploads\/2015\/11\/6206.jpg\"><img loading=\"lazy\" decoding=\"async\" width=\"2603\" height=\"2012\" src=\"http:\/\/lotsarnastockholm.se\/wp-content\/uploads\/2015\/11\/6206.jpg\" alt=\"6206\" class=\"wp-image-281\" srcset=\"https:\/\/lotsarnastockholm.se\/wp-content\/uploads\/2015\/11\/6206.jpg 2603w, https:\/\/lotsarnastockholm.se\/wp-content\/uploads\/2015\/11\/6206-300x232.jpg 300w, https:\/\/lotsarnastockholm.se\/wp-content\/uploads\/2015\/11\/6206-1024x792.jpg 1024w\" sizes=\"(max-width: 2603px) 100vw, 2603px\" \/><\/a><figcaption class=\"wp-element-caption\">kajerna byggs<\/figcaption><\/figure>\n<\/div>\n\n<div class=\"wp-block-image\">\n<figure class=\"aligncenter\"><a href=\"http:\/\/lotsarnastockholm.se\/wp-content\/uploads\/2015\/11\/6221.jpg\"><img loading=\"lazy\" decoding=\"async\" width=\"1770\" height=\"2438\" src=\"http:\/\/lotsarnastockholm.se\/wp-content\/uploads\/2015\/11\/6221.jpg\" alt=\"6221\" class=\"wp-image-296\" srcset=\"https:\/\/lotsarnastockholm.se\/wp-content\/uploads\/2015\/11\/6221.jpg 1770w, https:\/\/lotsarnastockholm.se\/wp-content\/uploads\/2015\/11\/6221-218x300.jpg 218w, https:\/\/lotsarnastockholm.se\/wp-content\/uploads\/2015\/11\/6221-743x1024.jpg 743w\" sizes=\"(max-width: 1770px) 100vw, 1770px\" \/><\/a><figcaption class=\"wp-element-caption\">Gamla entr\u00e9n finns kvar \u00e4n idag , men inte tr\u00e4det!! Observera den gamla <a href=\"https:\/\/sv.wikipedia.org\/wiki\/Decauvillej%C3%A4rnv%C3%A4g\">Decauville<\/a> j\u00e4rnv\u00e4gen mellan verkstaden och f\u00f6rr\u00e5den samt m\u00e5lar hallarna<\/figcaption><\/figure>\n<\/div>\n\n\n<p>Mellan \u00e5ren 1920 \u2013 1924 \u00e4r Rosenvik \u00e4ven Stockholms lotsuppassnings st\u00e4lle.<\/p>\n\n\n\n<p>Gula Villan beboddes mellan 1915 och 1949 p\u00e5 bottenv\u00e5ningen av lotsplatschef Holmstedt och d\u00e4refter fram till och med 1999 av lotsplatschef Str\u00f6mgren. \u00d6verv\u00e5ningen beboddes mellan 1915 och 1947 av F\u00f6rvaltare Wickstr\u00f6m och d\u00e4refter fram till och med 1999 av F\u00f6rvaltare Olsson. Mellan \u00e5r 2000 &#8211; 2020 beboddes \u00f6verv\u00e5ningen av sj\u00f6trafikomr\u00e5deschef Ulf Svedberg (dvs jag sj\u00e4lv&#8230;) och underv\u00e5ningen bebos sedan 2008 av Nautiska handl\u00e4ggaren Sj\u00f6kapten Robert Berg m familj<\/p>\n\n\n\n<p>1955 d\u00f6ps gatan och fastigheterna om fr\u00e5n Rosenvik till af Pontins v\u00e4g.<\/p>\n\n\n\n<p>1956 bildas Sj\u00f6fartsverket av d\u00e5varande Kungliga Lotsverket, handelsdepartementet, delar av Kommerskollegiet, handelsdepartementet och V\u00e4g&nbsp; och vattenbyggnadsverket, kommunikationsdepartementet samt \u00e4ven Sj\u00f6karteverket som tillh\u00f6rde f\u00f6rsvarsdepartementet.<\/p>\n\n\n\n<p>Kortfattad historik \u00f6ver fastigheten Rosenvik \u00e4ven kallad Alberget 3a tidigare k\u00e4nt som St\u00e4rkelsebruket.<\/p>\n\n\n\n<p>\u00c4gare:<\/p>\n\n\n\n<p>1663 Kapten Johan Billingsley<\/p>\n\n\n\n<p>1680 R\u00e5dman Raphun<\/p>\n\n\n\n<p>1692 26 sept. Herr Wittwogel<\/p>\n\n\n\n<p>1694 4 dec Sekreterare Johan Schmidt beviljats port\u00f6ppning vid st\u00e4rkelsebruket av konung Carl XI<\/p>\n\n\n\n<p>1728 Holl\u00e4ndske Cofferdie Capitainen Magnus Heyenberg med bror<\/p>\n\n\n\n<p>1742 Heyenberg f\u00e5tt bygglov f\u00f6r byggnadsuppf\u00f6rande<\/p>\n\n\n\n<p>1788 Kommersr\u00e5det\/Grosshandlare Erik Zettersten<\/p>\n\n\n\n<p>Ok\u00e4nt Grosshandlare Elfving<\/p>\n\n\n\n<p>1827 F\u00f6rste medicinalr\u00e5det Magnus Martin Pontin, han namnar fastigheten ROSENVIK och l\u00e5ter bygga Gr\u00f6na Villan i Timr\u00e5, Medelpad.<\/p>\n\n\n\n<p>1836 HJ Falkman f\u00e5r arrendekontrakt med Pontin f\u00f6r den del som&nbsp;&nbsp;&nbsp;&nbsp;&nbsp; 1856 blir 3a<\/p>\n\n\n\n<p>1837 Falkman s\u00f6ker ombyggnadslov f\u00f6r Gula Villan men inget blir av<\/p>\n\n\n\n<p>1856 Styckas Alberget 3 till 3a och 3b<\/p>\n\n\n\n<p>1857 Grosshandlare AG Bayard d.\u00e4. och Grosshandlare C Alm s\u00f6kt bygglov p\u00e5 3a<\/p>\n\n\n\n<p>1865 styckas Alberget 3a och b till 3 a,b och c<\/p>\n\n\n\n<p>1865 C Alm k\u00f6per fastigheten 3b och AG Bayard k\u00f6per 3a<\/p>\n\n\n\n<p>1915 1 juli, Kungliga Lotsstyrelsen skriver avtal med KDF om ers\u00e4ttning f\u00f6r uppl\u00e5telse av avstyckat omr\u00e5de d\u00e4r delar av Rosenvik 3a, och c ing\u00e5r med total areal om 5967 kvm.&nbsp; Ers\u00e4ttningen blir 91.300 kr.<\/p>\n\n\n\n<p>1915 30 aug Lotsstyrelsen k\u00f6per samtliga byggnader fr\u00e5n delar av 3c av H\u00f6gelin och Seippels Tr\u00e4varuaktiebolag f\u00f6r 40.000 kr<\/p>\n\n\n\n<p>1915 2 sept Lotsstyrelsen k\u00f6per samtliga byggnader som utg\u00f6r Rosenviks Varf och Mekaniska verkst\u00e4der, p\u00e5 den nya tomten av CG Bayard d.y. f\u00f6r 55.000 kr<\/p>\n\n\n\n<p>Resterande delen av 3a ( R\u00f6da Villan) uppl\u00e5ts till CG Bayard och \u00e4nkefru Lagerwall, f\u00f6dd Bayard<\/p>\n\n\n\n<p>1916- 1920 Lotsstyrelsen l\u00e5ter uppf\u00f6ra nuvarande byggnader f\u00f6r en sammanlagd summa av 225.000 kr. Medel som avsatts av Riksmarskalks\u00e4mbetet fr\u00e5n fyr och b\u00e5k int\u00e4kter. Rosenvik skall anv\u00e4ndas som f\u00f6rr\u00e5d och verkst\u00e4der f\u00f6r Lotsstyrelsen.<\/p>\n\n\n\n<p>1920 R\u00f6da Villan s\u00e5ld till Gyllenpalm<\/p>\n\n\n\n<p>1921 R\u00f6da Villan s\u00e5ld till Professor Henschen<\/p>\n\n\n\n<p>1920 \u2013 1924 \u00e4r Rosenvik \u00e4ven Stockholms lotsuppassningsst\u00e4lle<\/p>\n","protected":false},"excerpt":{"rendered":"<p>HDF Rosenvik Huvudf\u00f6rr\u00e5det Rosenvik som det hette n\u00e4r det byggdes och l\u00e5ngt fram p\u00e5 80-talet Adress af Pontins v\u00e4g 4 och 6-10 I samband med projekteringen \u00e5r 1999 av Gula Villan (Djurg\u00e5rden 1:1) har ett visst forskningsarbete fokuserats p\u00e5 byggnadens historia. I samband med detta har \u00e4ven vissa historiska uppgifter om fastigheten Rosenvik \u00e5dagalagts. Under&hellip; <a class=\"more-link\" href=\"https:\/\/lotsarnastockholm.se\/index.php\/rosenvik\/\">Forts\u00e4tt l\u00e4sa <span class=\"screen-reader-text\">Rosenviks historia<\/span><\/a><\/p>\n","protected":false},"author":1,"featured_media":0,"parent":0,"menu_order":0,"comment_status":"closed","ping_status":"closed","template":"","meta":{"footnotes":""},"class_list":["post-266","page","type-page","status-publish","hentry","entry"],"_links":{"self":[{"href":"https:\/\/lotsarnastockholm.se\/index.php\/wp-json\/wp\/v2\/pages\/266","targetHints":{"allow":["GET"]}}],"collection":[{"href":"https:\/\/lotsarnastockholm.se\/index.php\/wp-json\/wp\/v2\/pages"}],"about":[{"href":"https:\/\/lotsarnastockholm.se\/index.php\/wp-json\/wp\/v2\/types\/page"}],"author":[{"embeddable":true,"href":"https:\/\/lotsarnastockholm.se\/index.php\/wp-json\/wp\/v2\/users\/1"}],"replies":[{"embeddable":true,"href":"https:\/\/lotsarnastockholm.se\/index.php\/wp-json\/wp\/v2\/comments?post=266"}],"version-history":[{"count":15,"href":"https:\/\/lotsarnastockholm.se\/index.php\/wp-json\/wp\/v2\/pages\/266\/revisions"}],"predecessor-version":[{"id":5223,"href":"https:\/\/lotsarnastockholm.se\/index.php\/wp-json\/wp\/v2\/pages\/266\/revisions\/5223"}],"wp:attachment":[{"href":"https:\/\/lotsarnastockholm.se\/index.php\/wp-json\/wp\/v2\/media?parent=266"}],"curies":[{"name":"wp","href":"https:\/\/api.w.org\/{rel}","templated":true}]}}