{"id":2655,"date":"2021-03-22T00:28:28","date_gmt":"2021-03-21T22:28:28","guid":{"rendered":"https:\/\/lotsarnastockholm.se\/?page_id=2655"},"modified":"2021-03-22T00:28:28","modified_gmt":"2021-03-21T22:28:28","slug":"lotsplatser-samt-matrikel-1920","status":"publish","type":"page","link":"https:\/\/lotsarnastockholm.se\/index.php\/lotsplatser-samt-matrikel-1920\/","title":{"rendered":"Lotsplatser samt matrikel 1920"},"content":{"rendered":"\n<p class=\"has-text-align-center\"><strong>\u00d6VRE NORRA LOTSDISTRIKTET<\/strong><\/p>\n\n\n\n<p>Johan Emil Bohm Lotskapten<\/p>\n\n\n\n<p>Karl Petrus Kullander Lotsl\u00f6jtnant<\/p>\n\n\n\n<p><strong>SALMIS LOTSPLATS<\/strong><\/p>\n\n\n\n<p>&nbsp;Gottfrid Eklund<\/p>\n\n\n\n<p>Oskar Blomb\u00e4ck<\/p>\n\n\n\n<p>Theodor Johannesen<\/p>\n\n\n\n<p>Gottfrid Emanuel Eklund<\/p>\n\n\n\n<p><strong>KALIX LOTSPLATS<\/strong><\/p>\n\n\n\n<p>Andreas Herman Envall<\/p>\n\n\n\n<p>Emanuel Sundqvist<\/p>\n\n\n\n<p>Karl Ulrik Blomb\u00e4ck<\/p>\n\n\n\n<p>John Emanuel Blomb\u00e4ck<\/p>\n\n\n\n<p>Anton Blomb\u00e4ck<\/p>\n\n\n\n<p>Karl Edvin Lindb\u00e4ck<\/p>\n\n\n\n<p><strong>MAL\u00d6RENS LOTSPLATS<\/strong><\/p>\n\n\n\n<p>Karl Anton Bergstr\u00f6m<\/p>\n\n\n\n<p>Olof Wikstr\u00f6m<\/p>\n\n\n\n<p>Johan Peter Wikstr\u00f6m<\/p>\n\n\n\n<p>Axel \u00c5str\u00f6m<\/p>\n\n\n\n<p>Karl Emil Wallgren<\/p>\n\n\n\n<p>Albert Wallgren<\/p>\n\n\n\n<p>Richard Wikstr\u00f6m<\/p>\n\n\n\n<p>Johannes Bergstr\u00f6m<\/p>\n\n\n\n<p>Helge Wikstr\u00f6m<\/p>\n\n\n\n<p>Axel Almqvist<\/p>\n\n\n\n<p>Sven Hilding R\u00f6nnb\u00e4ck<\/p>\n\n\n\n<p>Joel Einar Johannes Blomb\u00e4ck<\/p>\n\n\n\n<p>Sven Ekholm<\/p>\n\n\n\n<p><strong>T\u00d6RE LOTSPLATS<\/strong><\/p>\n\n\n\n<p>Johan August Sikstr\u00f6m<\/p>\n\n\n\n<p>Frithiof Strandberg<\/p>\n\n\n\n<p>Olof Edvard Sikstr\u00f6m<\/p>\n\n\n\n<p>Ernst Str\u00f6m<\/p>\n\n\n\n<p>Axel Elof Sikstr\u00f6m<\/p>\n\n\n\n<p>Enock Johansson<\/p>\n\n\n\n<p><strong>LULE\u00c5<\/strong><\/p>\n\n\n\n<p>Gustaf Adolf \u00d6qvist<\/p>\n\n\n\n<p>August Valfrid Sundvall<\/p>\n\n\n\n<p>Frans Victor Forsberg<\/p>\n\n\n\n<p>August Helmer Sandberg<\/p>\n\n\n\n<p>Johan Sundvall<\/p>\n\n\n\n<p>Henrik Arthur Sundvall<\/p>\n\n\n\n<p>Erik Arvid Lov\u00e9n<\/p>\n\n\n\n<p>Karl Emil Lov\u00e9n<\/p>\n\n\n\n<p>Karl Johan \u00d6kvist<\/p>\n\n\n\n<p>Gustaf Lov\u00e9n<\/p>\n\n\n\n<p>Arvid Westin<\/p>\n\n\n\n<p>Johan Fredrik Svante Sandberg<\/p>\n\n\n\n<p>Helmer Laurud<\/p>\n\n\n\n<p>Karl Emil Unberg<\/p>\n\n\n\n<p>John Martin Sandstr\u00f6m<\/p>\n\n\n\n<p>Helmer Fredric Vestin<\/p>\n\n\n\n<p>Gustaf Fredrik Gustafsson<\/p>\n\n\n\n<p>Gustaf Wilhelm Sundling<\/p>\n\n\n\n<p><strong>R\u00d6NNSK\u00c4R<\/strong><\/p>\n\n\n\n<p>Elis Anton Hellgren<\/p>\n\n\n\n<p>Ernst Johan Wilhelm Lindqvist<\/p>\n\n\n\n<p>Karl Victor Bergstedt<\/p>\n\n\n\n<p>Carl August Hellgren<\/p>\n\n\n\n<p>Frans Tycho Sj\u00f6berg<\/p>\n\n\n\n<p>Johannes Grahn<\/p>\n\n\n\n<p>Sigfrid Bergstedt<\/p>\n\n\n\n<p>Emil Wilhelm Lindqvist<\/p>\n\n\n\n<p><strong>ROMELS\u00d6 LOTSPLATS<\/strong><\/p>\n\n\n\n<p>Axel Johannes Wikstr\u00f6m<\/p>\n\n\n\n<p>Karl Viktor Wikberg<\/p>\n\n\n\n<p>Fontus Nikolaus Wikstr\u00f6m<\/p>\n\n\n\n<p>Johan Gottfrid Berggren<\/p>\n\n\n\n<p>Sven Adolf Bergmark<\/p>\n\n\n\n<p>Arvid Antonius Wikstr\u00f6m<\/p>\n\n\n\n<p><strong>URSVIK<\/strong><\/p>\n\n\n\n<p>Nils Petter Wikstr\u00f6m<\/p>\n\n\n\n<p>Johan August Wikstr\u00f6m<\/p>\n\n\n\n<p>Carl Hjalmar Wikstr\u00f6m<\/p>\n\n\n\n<p>Knut Ferdinand Wikstr\u00f6m<\/p>\n\n\n\n<p>Gustaf B\u00e4ckstr\u00f6m<\/p>\n\n\n\n<p>Oskar Lindberg<\/p>\n\n\n\n<p>Johan Ivar Wahlberg<\/p>\n\n\n\n<p>Gustaf Adolf Wikstr\u00f6m<\/p>\n\n\n\n<p>Johan Petter Wikstr\u00f6m<\/p>\n\n\n\n<p>Svante Nikolaus Wikstr\u00f6m<\/p>\n\n\n\n<p>Karl Engelbrekt Wikstr\u00f6m<\/p>\n\n\n\n<p>Ernst Jonathan Wikstr\u00f6m<\/p>\n\n\n\n<p><strong>BJUR\u00d6KLUBB<\/strong><\/p>\n\n\n\n<p>Mikael H\u00e4llgren<\/p>\n\n\n\n<p>Samuel Robert Wikberg<\/p>\n\n\n\n<p>Seth Johan Lundmark<\/p>\n\n\n\n<p>John Verner Lundgren<\/p>\n\n\n\n<p><strong>RATAN<\/strong><\/p>\n\n\n\n<p>Carl Theodor Edstedt<\/p>\n\n\n\n<p>Gottfrid Wikstr\u00f6m<\/p>\n\n\n\n<p>Hjalmar Vincentius Norlin<\/p>\n\n\n\n<p>Johan Valfrid Granstr\u00f6m<\/p>\n\n\n\n<p><strong>BREDSK\u00c4R<\/strong><\/p>\n\n\n\n<p>Victor Emanuel Wikstr\u00f6m<\/p>\n\n\n\n<p>Per Fridolf Str\u00f6mgren<\/p>\n\n\n\n<p>Jonas Verner Granstr\u00f6m<\/p>\n\n\n\n<p>Gustaf Arthur Lundqvist<\/p>\n\n\n\n<p><strong>J\u00c4RN\u00c4S<\/strong><\/p>\n\n\n\n<p>Jonas Alfred Lydig<\/p>\n\n\n\n<p>Erik Oskar \u00c5str\u00f6m<\/p>\n\n\n\n<p>Johan August \u00d6berg<\/p>\n\n\n\n<p>Johan Albin Pettersson<\/p>\n\n\n\n<p class=\"has-text-align-center\"><strong>NEDRE NORRA LOTSDISTRIKTET<\/strong><\/p>\n\n\n\n<p>Paul August Herman Jacobsson, Lotskapten<\/p>\n\n\n\n<p>Sven Gustaf David Magnusson, Lotsl\u00f6jtnant<\/p>\n\n\n\n<p><strong>SKAGS LOTSPLATS<\/strong><\/p>\n\n\n\n<p>Erik Viktor \u00d6berg<\/p>\n\n\n\n<p>Jonas Theodor Nordlund<\/p>\n\n\n\n<p>Joel V\u00e5gstr\u00f6m<\/p>\n\n\n\n<p>Erik Richard Engstr\u00f6m<\/p>\n\n\n\n<p>Fridolf Engstr\u00f6m<\/p>\n\n\n\n<p>Carl Fredrik Samuel Norlin<\/p>\n\n\n\n<p>Carl Johan Lindstr\u00f6m<\/p>\n\n\n\n<p><strong>ULV\u00d6N<\/strong><\/p>\n\n\n\n<p>Carl August S\u00f6derberg<\/p>\n\n\n\n<p>Gustaf Walfrid Wist\u00e9n<\/p>\n\n\n\n<p>Jonas Albert Wist\u00e9n<\/p>\n\n\n\n<p>Per Ferdinand \u00d6hman<\/p>\n\n\n\n<p><strong>H\u00c4RN\u00d6 LOTSPLATS<\/strong><\/p>\n\n\n\n<p>Jonas Emanuel Ekman<\/p>\n\n\n\n<p>Knut Axel Boman<\/p>\n\n\n\n<p>Hildor Erhard Bolund<\/p>\n\n\n\n<p>Petrus Bolin<\/p>\n\n\n\n<p>Erik Johan N\u00e4sman<\/p>\n\n\n\n<p>Petrus Wilhelm Bj\u00f6rling<\/p>\n\n\n\n<p>Per Willehad Str\u00f6mmer<\/p>\n\n\n\n<p>Johan Mikael Wiklund<\/p>\n\n\n\n<p>Hampus Bylund<\/p>\n\n\n\n<p>Joh. Clemens Mattsson Bruce<\/p>\n\n\n\n<p>Jonas Theodor Wassberg<\/p>\n\n\n\n<p>Johan Hjalmar Schj\u00f6rling<\/p>\n\n\n\n<p>Joel Leo Melander<\/p>\n\n\n\n<p>Fritz Petrus Nicol. Pettersson<\/p>\n\n\n\n<p>Axel Arvid Wahlstr\u00f6m<\/p>\n\n\n\n<p>Carl Gustaf Boman<\/p>\n\n\n\n<p><strong>SUNDSVALLS LOTSPLATS<\/strong><\/p>\n\n\n\n<p>Sammanslagen med \u00c5stholmens och Brem\u00f6 lotsplatser. Betj\u00e4nar trafiken p\u00e5 Sundsvall samt lastageplatserna i Aln\u00f6ssundet samt inloppet till Sundsvall och Kubikenborg etc.&nbsp;<\/p>\n\n\n\n<p>Lotsar<\/p>\n\n\n\n<p>Axel Nyberg<\/p>\n\n\n\n<p>G\u00f6sta Bergstr\u00f6m<\/p>\n\n\n\n<p>Wiktor Montelius<\/p>\n\n\n\n<p>Axel \u00c5kerberg<\/p>\n\n\n\n<p>August Selander<\/p>\n\n\n\n<p>Albin Rydberg<\/p>\n\n\n\n<p>Daniel L\u00f6f<\/p>\n\n\n\n<p>Arvid Lund<\/p>\n\n\n\n<p>Hjalmar Mellberg<\/p>\n\n\n\n<p>Oscar Nyqvist<\/p>\n\n\n\n<p>August Westerberg<\/p>\n\n\n\n<p>Petrus Sundin<\/p>\n\n\n\n<p>Gustaf Sundman<\/p>\n\n\n\n<p>Fredrik Granlund<\/p>\n\n\n\n<p>Ernst \u00c5kerberg<\/p>\n\n\n\n<p>Henrik \u00d6hman<\/p>\n\n\n\n<p>Frithiof Aspenberg<\/p>\n\n\n\n<p>Olof Sundin<\/p>\n\n\n\n<p>Karl Moreus<\/p>\n\n\n\n<p>Fredrik \u00d6stling<\/p>\n\n\n\n<p>Samuel Norberg<\/p>\n\n\n\n<p>Anton Sj\u00f6berg<\/p>\n\n\n\n<p>Bertil Hagstr\u00f6m<\/p>\n\n\n\n<p>Herbert Holmgren<\/p>\n\n\n\n<p>Edvin Edman<\/p>\n\n\n\n<p>Sven Selander<\/p>\n\n\n\n<p>Ivar Edman<\/p>\n\n\n\n<p>Gustaf Kollberg<\/p>\n\n\n\n<p>Alvar Jansson<\/p>\n\n\n\n<p>Georg Nyqvist<\/p>\n\n\n\n<p>\u00c5ge L\u00f6f<\/p>\n\n\n\n<p>Holger H\u00f6gblom<\/p>\n\n\n\n<p>Tore Rundqvist<\/p>\n\n\n\n<p>Axel H\u00e4gg<\/p>\n\n\n\n<p>Wilhelm Nyberg<\/p>\n\n\n\n<p><strong>AG\u00d6<\/strong><\/p>\n\n\n\n<p>Johan Gustaf Borgstr\u00f6m<\/p>\n\n\n\n<p>Carl Fredrik H\u00f6gbom<\/p>\n\n\n\n<p>Jan Brynolf Lagerberg<\/p>\n\n\n\n<p>Joel Emanuel Henriksen<\/p>\n\n\n\n<p>Per Fredrik Pousard<\/p>\n\n\n\n<p>Per Olof Kolberg<\/p>\n\n\n\n<p>Aron Hilmar Henriksen<\/p>\n\n\n\n<p>Oscar L\u00f6jdstr\u00f6m<\/p>\n\n\n\n<p><strong>G\u00c4VLE LOTSPLATS<\/strong><\/p>\n\n\n\n<p>Carl Bernhard Nordin<\/p>\n\n\n\n<p>Anders Teodor \u00d6man<\/p>\n\n\n\n<p>Axel Leonard Nordin<\/p>\n\n\n\n<p>Ernst August \u00d6strand<\/p>\n\n\n\n<p>Karl Alm<\/p>\n\n\n\n<p>David Adrian Cedergren<\/p>\n\n\n\n<p>Otto Daniel Forsman<\/p>\n\n\n\n<p>Carl Fredrik Sundman<\/p>\n\n\n\n<p>Henrik Wilhelm Nordin<\/p>\n\n\n\n<p>Thor Martin Thorsen<\/p>\n\n\n\n<p>Erik Wilhelm Samuel S\u00f6derhall<\/p>\n\n\n\n<p>Per Julius Hilding Berg<\/p>\n\n\n\n<p>Konrad Ludvig Jahr\u00e9n<\/p>\n\n\n\n<p>Nils Axel Dahle<\/p>\n\n\n\n<p>Carl Thorsten Edstedt<\/p>\n\n\n\n<p>John Oskar Sterner<\/p>\n\n\n\n<p>Knut Manfred Jansson<\/p>\n\n\n\n<p>Uno Leonard Nordin<\/p>\n\n\n\n<p>Arne Engelbert Nordin<\/p>\n\n\n\n<p class=\"has-text-align-center\"><strong>MELLERSTA LOTSDISTRIKTET<\/strong><\/p>\n\n\n\n<p>Bengt Samuel \u00d6strand, Lotskapten<\/p>\n\n\n\n<p>Arvid Rikard Boman, Lotsl\u00f6jtnant<\/p>\n\n\n\n<p><strong>STOCKHOLMS LOTSPLATS<\/strong><\/p>\n\n\n\n<p>Karl Helmer Westerberg<\/p>\n\n\n\n<p>Gustaf Albert Alexander \u00d6hman<\/p>\n\n\n\n<p>Alfred Axel Teodor Skog<\/p>\n\n\n\n<p>Alfred Wilhelm Westerberg<\/p>\n\n\n\n<p>Einar Reinhold Blomqvist<\/p>\n\n\n\n<p>Carl Konrad Sundgren<\/p>\n\n\n\n<p>Ernfrid Hjalmar Sundqvist<\/p>\n\n\n\n<p>William Sundgren<\/p>\n\n\n\n<p>Axel Boman<\/p>\n\n\n\n<p>Carl Rudolf Sundgren<\/p>\n\n\n\n<p>Karl Edvin Westerberg<\/p>\n\n\n\n<p>Fritz Rikter \u00d6hman<\/p>\n\n\n\n<p>Karl Edvard Leonard Roos<\/p>\n\n\n\n<p>Axel Bernhard Linder<\/p>\n\n\n\n<p>Gustaf Herman Sundqvist<\/p>\n\n\n\n<p>Karl Axel S\u00f6derberg<\/p>\n\n\n\n<p>Gustaf Efraim Boman<\/p>\n\n\n\n<p><strong>M\u00c4LARENS LOTSPLATS<\/strong><\/p>\n\n\n\n<p>Knut Jacob Bandolin<\/p>\n\n\n\n<p>Carl Gustaf Berggren<\/p>\n\n\n\n<p>Gustaf Arvid Johansson<\/p>\n\n\n\n<p>Frans August \u00d6gren<\/p>\n\n\n\n<p><strong>DALAR\u00d6 LOTSPLATS<\/strong><\/p>\n\n\n\n<p>Johan Alexander Westerberg<\/p>\n\n\n\n<p>Carl Gustaf Alb. Wahrenberg<\/p>\n\n\n\n<p>Johan Frithiof Wahrenberg<\/p>\n\n\n\n<p>Filip Ruhnborg<\/p>\n\n\n\n<p>Fritz Joel Boman<\/p>\n\n\n\n<p>Gust. Theodor Wahlstr\u00f6m<\/p>\n\n\n\n<p>Henry Gustaf Wiklund<\/p>\n\n\n\n<p>Karl Gustaf Holmberg<\/p>\n\n\n\n<p><strong>HUVUDSK\u00c4R LOTS- OCH FYRPLATS<\/strong><\/p>\n\n\n\n<p>Knut Ejnar Sigfrid Sj\u00f6blom<\/p>\n\n\n\n<p>Knut Hildur \u00d6hlin<\/p>\n\n\n\n<p>Olger Gerhard Romeo Vitalis Hagstr\u00f6m<\/p>\n\n\n\n<p><strong>LANDSORTS LOTS- OCH FYRPLATS<\/strong><\/p>\n\n\n\n<p>Bror Axel Carl Sj\u00f6blom<\/p>\n\n\n\n<p>Carl August Engstr\u00f6m<\/p>\n\n\n\n<p>Frans Gustaf Wilh. S\u00f6derberg<\/p>\n\n\n\n<p>Albert Holm<\/p>\n\n\n\n<p>Karl Albert Ferd. \u00c5kerblom<\/p>\n\n\n\n<p>Carl Hilmer Engstr\u00f6m<\/p>\n\n\n\n<p>Herman Oscar Wiklund<\/p>\n\n\n\n<p>Gunnar Isak Engstr\u00f6m<\/p>\n\n\n\n<p>David Werner Engstr\u00f6m<\/p>\n\n\n\n<p>Karl Axel \u00d6berg<\/p>\n\n\n\n<p>Axel Emil Berglund<\/p>\n\n\n\n<p>Hjalmar Lundberg<\/p>\n\n\n\n<p>Karl John Sj\u00f6blom<\/p>\n\n\n\n<p>Thorsten Arthur Sj\u00f6blom<\/p>\n\n\n\n<p>Harald Blomqvist<\/p>\n\n\n\n<p>Erik Wilhelm S\u00f6derberg<\/p>\n\n\n\n<p>Charles Edvard Sj\u00f6blom<\/p>\n\n\n\n<p>Algot Georg Johan Emanuel Walton<\/p>\n\n\n\n<p>Oscar Walfrid Zahl\u00e9n<\/p>\n\n\n\n<p><strong>S\u00c4V\u00d6SUNDET LOTSPLATS<\/strong><\/p>\n\n\n\n<p>Hette f\u00f6rr Hartz\u00f6-Ensk\u00e4rs lotsplats med uppassning i S\u00e4vsundet.De flesta lotsarna bodde p\u00e5 Lindholmen, avs\u00f6ndrad fr\u00e5n lotshemmanet Skebo.<\/p>\n\n\n\n<p>Gustaf Adolf S\u00f6derholm<\/p>\n\n\n\n<p>Karl Uno Lundkvist<\/p>\n\n\n\n<p><strong>F\u00c5R\u00d6SUNDS LOTSPLATS<\/strong><\/p>\n\n\n\n<p>Joh. Nicolaus Albert Stuxberg<\/p>\n\n\n\n<p>Oskar Albert Norstr\u00f6m<\/p>\n\n\n\n<p>John Fredrik S\u00f6derberg<\/p>\n\n\n\n<p>Edvin Otto Daniel Hamstedt<\/p>\n\n\n\n<p>Karl Mikael Krist. Hamstedt<\/p>\n\n\n\n<p>Haldur John Kristian Vigsten<\/p>\n\n\n\n<p>Ludvig Josef Erik Anders S\u00f6derlund<\/p>\n\n\n\n<p><strong>KYLEJS LOTSPLATS<\/strong><\/p>\n\n\n\n<p>Petter August Wallin<\/p>\n\n\n\n<p>Carl Alfred Rutger Harthon<\/p>\n\n\n\n<p>Knut Fritz Vikt. Eman. Nilsson<\/p>\n\n\n\n<p>Olof Axel Wallin<\/p>\n\n\n\n<p><strong>SLITE LOTSPLATS<\/strong><\/p>\n\n\n\n<p>Karl Anders Dahlbeck<\/p>\n\n\n\n<p>Ernst Gustaf H\u00f6gberg<\/p>\n\n\n\n<p>Karl Gustaf Frans Wallin<\/p>\n\n\n\n<p><strong>RONEHAMN LOTSPLATS<\/strong><\/p>\n\n\n\n<p>F\u00f6rsta k\u00e4nda lotsar voro lots\u00e5ldermannen P. P. Spetz och lotsen Mattias Ronvik.<\/p>\n\n\n\n<p>Gustaf Alfred Ferd. Ronstr\u00f6m<\/p>\n\n\n\n<p>Karl Johan Hallbom<\/p>\n\n\n\n<p class=\"has-text-align-center\"><strong>\u00d6STRA LOTSDISTRIKTET<\/strong><\/p>\n\n\n\n<p>Johan Karl Sundholm, Lotskapten<\/p>\n\n\n\n<p>Carl Ferdinand Hal\u00e9n, Lotsl\u00f6jtnant<\/p>\n\n\n\n<p><strong>NYK\u00d6PING LOTSPLATS<\/strong><\/p>\n\n\n\n<p>Ivar Theodor \u00c5hlstr\u00f6m Lotsf\u00f6rman<\/p>\n\n\n\n<p><strong>OXEL\u00d6SUNDS LOTSPLATS<\/strong><\/p>\n\n\n\n<p>Carl Johan Orden<\/p>\n\n\n\n<p>Hugo Theodor Albin \u00c5hlstr\u00f6m<\/p>\n\n\n\n<p>Karl Johan Sundin<\/p>\n\n\n\n<p>Albert Emanuel Ahlin<\/p>\n\n\n\n<p>Mats Harald Harder<\/p>\n\n\n\n<p>Karl Anton Sundstr\u00f6m<\/p>\n\n\n\n<p><strong>NORRK\u00d6PINGS LOTSPLATS<\/strong><\/p>\n\n\n\n<p>Nils Anton Lindstr\u00f6m<\/p>\n\n\n\n<p>Tyko Berg<\/p>\n\n\n\n<p>August Hjalmar Ferd. Bergman<\/p>\n\n\n\n<p>Anton Sandin<\/p>\n\n\n\n<p>August Theodor Dahl<\/p>\n\n\n\n<p><strong>H\u00c4RADSSK\u00c4RS LOTSPLATS<\/strong><\/p>\n\n\n\n<p>Oskar Nicolaus \u00d6stling<\/p>\n\n\n\n<p><strong>ID\u00d6 LOTSPLATS<\/strong><\/p>\n\n\n\n<p>Carl Gustaf \u00c5berg<\/p>\n\n\n\n<p>Axel Fredrik Tholin<\/p>\n\n\n\n<p>Johan Edvard Id\u00e9n<\/p>\n\n\n\n<p>Bernhard Laurentius Lans\u00e9n<\/p>\n\n\n\n<p>Adolf Martin Idlund<\/p>\n\n\n\n<p>Mauritz Georg Rudolf \u00d6lin<\/p>\n\n\n\n<p>Carl Arne \u00c5berg<\/p>\n\n\n\n<p>Elof Gunnar Fredrik Tholin<\/p>\n\n\n\n<p><strong>FIGEHOLM LOTSPLATS<\/strong><\/p>\n\n\n\n<p>Karl Gotthard Sundstr\u00f6m<\/p>\n\n\n\n<p>Hans Paul Sundstr\u00f6m<\/p>\n\n\n\n<p><a><strong>OSKARSHAMN LOTSPLATS<\/strong><\/a><\/p>\n\n\n\n<p>Elis Johan Oskar Klingstr\u00f6m<\/p>\n\n\n\n<p>Gustaf Reinhold Klingstr\u00f6m<\/p>\n\n\n\n<p>Nils Robert Julin<\/p>\n\n\n\n<p>John Arvid Emil Nordin<\/p>\n\n\n\n<p>Josef Wilhard Wir\u00e9n<\/p>\n\n\n\n<p>Ivar Elis Klingstr\u00f6m<\/p>\n\n\n\n<p>Lambert G\u00e4rdes Fredr. Roskvist<\/p>\n\n\n\n<p>Veiner Sj\u00f6doff<\/p>\n\n\n\n<p>Nils Eugen Julin<\/p>\n\n\n\n<p><strong>M\u00d6NSTER\u00c5S LOTSPLATS<\/strong><\/p>\n\n\n\n<p>Gust. Edvard Eman. Engstr\u00f6m<\/p>\n\n\n\n<p>Johan Albin H\u00e4gg<\/p>\n\n\n\n<p><strong>KALMAR LOTSPLATS<\/strong><\/p>\n\n\n\n<p>Fred Henry Elias Johansson<\/p>\n\n\n\n<p>Elof Uno Sandstr\u00f6m<\/p>\n\n\n\n<p>Per Victor Lind<\/p>\n\n\n\n<p>Carl Oskar Nordstr\u00f6m<\/p>\n\n\n\n<p>Johan Hugo Annerstedt<\/p>\n\n\n\n<p>Hj. Leonard Andreas Rydell<\/p>\n\n\n\n<p>Gustaf Theodor Sj\u00f6berg<\/p>\n\n\n\n<p>Bror Oskar Emanuel Valtin<\/p>\n\n\n\n<p>Knut Henning Linde<\/p>\n\n\n\n<p>Erik Reinhold Lundberg<\/p>\n\n\n\n<p>Julius Engelbert Pettersson<\/p>\n\n\n\n<p class=\"has-text-align-center\"><strong>S\u00d6DRA LOTSDISTRIKTET<\/strong><\/p>\n\n\n\n<p>Johan Axel Leonard Drake, lotskapten<\/p>\n\n\n\n<p>Hj. Bernh. Fredr. Hammarberg, lotsl\u00f6jtnant<\/p>\n\n\n\n<p><strong>L\u00c5NG\u00d6RENS LOTSPLATS<\/strong><\/p>\n\n\n\n<p>Olof Magnus Bergstr\u00f6m<\/p>\n\n\n\n<p>Johan Petter Landgren<\/p>\n\n\n\n<p>Per Alfred Berglund<\/p>\n\n\n\n<p>Per Alfred K\u00f6nig<\/p>\n\n\n\n<p>John Wilhelm Bergstr\u00f6m<\/p>\n\n\n\n<p>Gustaf Robert Thor\u00e9n<\/p>\n\n\n\n<p>Gustaf Fabian K\u00f6nig<\/p>\n\n\n\n<p>Petter Rudolf Sj\u00f6str\u00f6m<\/p>\n\n\n\n<p>Eric Jonas Wald. Bergstr\u00f6m<\/p>\n\n\n\n<p><strong>ASP\u00d6 LOTSPLATS<\/strong><\/p>\n\n\n\n<p>Knut Gunnar L\u00e5ng<\/p>\n\n\n\n<p>Anders Johan Sj\u00f6berg<\/p>\n\n\n\n<p>Bror John Erik L\u00f6fgren<\/p>\n\n\n\n<p>Richard Mauritz Forsberg<\/p>\n\n\n\n<p>Oscar Theodor Wallin<\/p>\n\n\n\n<p>Axel Gottfrid Lindahl<\/p>\n\n\n\n<p>Bror Olof Andreas Lindahl<\/p>\n\n\n\n<p>John Reinhold Bergstr\u00f6m<\/p>\n\n\n\n<p>Josef Lindeblad<\/p>\n\n\n\n<p>Johan Gotthard Sj\u00f6berg<\/p>\n\n\n\n<p>Konrad Leonard L\u00f6vgren<\/p>\n\n\n\n<p>Peter Bergstr\u00f6m<\/p>\n\n\n\n<p><strong>T\u00c4RN\u00d6 LOTSPLATS<\/strong><\/p>\n\n\n\n<p>Peter Ola Sandstr\u00f6m<\/p>\n\n\n\n<p>Karl Wilhelm Ferd. Str\u00f6mberg<\/p>\n\n\n\n<p><strong>KARLSHAMNS LOTSPLATS<\/strong><\/p>\n\n\n\n<p>Ernst Bernhard Thornstr\u00f6m<\/p>\n\n\n\n<p>John Victor Thornstr\u00f6m<\/p>\n\n\n\n<p>Oskar Fredrik Renstr\u00f6m<\/p>\n\n\n\n<p><strong>S\u00d6LVESBORGS LOTSPLATS<\/strong><\/p>\n\n\n\n<p>H\u00e5kan J\u00f6nsson Wyk<\/p>\n\n\n\n<p>Herman Johan Adolf Sj\u00f6berg<\/p>\n\n\n\n<p>Johan Sigfrid Wendel<\/p>\n\n\n\n<p><strong>\u00c5HUS <\/strong><strong>LOTSPLATS<\/strong><strong><\/strong><\/p>\n\n\n\n<p>Herm. Nicol. Pettersson Petr\u00e9n<\/p>\n\n\n\n<p>Carl Rosenqvist<\/p>\n\n\n\n<p>Carl Ehrnfrid \u00c5klund<\/p>\n\n\n\n<p>Elof Edvin Ekvall<\/p>\n\n\n\n<p>Axel Reinhold Ahlstr\u00f6m<\/p>\n\n\n\n<p><strong>SIMRISHAMNS LOTSPLATS<\/strong><\/p>\n\n\n\n<p>Johan Herman Str\u00f6mberg<\/p>\n\n\n\n<p>Nils Peter Vilhelm Malmros<\/p>\n\n\n\n<p>Carl August Malmberg<\/p>\n\n\n\n<p>Johan Peter Nilsson<\/p>\n\n\n\n<p>Nils Anton Malmberg<\/p>\n\n\n\n<p><strong>YSTAD LOTSPLATS<\/strong><\/p>\n\n\n\n<p>Hugo Konrad Patrik Lindman<\/p>\n\n\n\n<p>Lars Olof Anton Dahl<\/p>\n\n\n\n<p>Nils August Wessberg<\/p>\n\n\n\n<p>Ivar Anton Dahl<\/p>\n\n\n\n<p>Olof Magnus Malmgren<\/p>\n\n\n\n<p><strong>TRELLEBORG LOTSPLATS<\/strong><\/p>\n\n\n\n<p>Sten Hallonsten<\/p>\n\n\n\n<p>Fredrik Carl Christian Henrik Thuresson<\/p>\n\n\n\n<p>Johan Bernhard Julius Dewar<\/p>\n\n\n\n<p>Nils Viktor Palmgren<\/p>\n\n\n\n<p>E. H. Str\u00f6mberg<\/p>\n\n\n\n<p><strong>\u00d6RESUNDS S\u00d6DRA LOTSPLATS<\/strong><\/p>\n\n\n\n<p>Olof Edvard Eksten<\/p>\n\n\n\n<p>Josia Mefiboset Bose<\/p>\n\n\n\n<p>Jacob Magnus Lindman<\/p>\n\n\n\n<p>Anders Svedmark<\/p>\n\n\n\n<p>Carl Petter August Berling<\/p>\n\n\n\n<p>Anders Martin Tegn\u00e9r<\/p>\n\n\n\n<p>Hans Sylv\u00e9n<\/p>\n\n\n\n<p>Severin Frithiof Berggren<\/p>\n\n\n\n<p>Olof Anders Malmstedt<\/p>\n\n\n\n<p>Nicolaus Ludvig Berg<\/p>\n\n\n\n<p>Johan Idar Falkman<\/p>\n\n\n\n<p>Johan Peter Berggren<\/p>\n\n\n\n<p>Ejlert Johan Malte Tegn\u00e9r<\/p>\n\n\n\n<p>Gottfrid Mauritz Berggren<\/p>\n\n\n\n<p>Karl Olof Malmstedt<\/p>\n\n\n\n<p>Ivar Edvard Berggren<\/p>\n\n\n\n<p>Gustav Emil Str\u00f6m<\/p>\n\n\n\n<p>August Birger Sigfrid Klein<\/p>\n\n\n\n<p>Johan Anton Hansson<\/p>\n\n\n\n<p>Joh. Orvar Gotth. Stenstr\u00f6m<\/p>\n\n\n\n<p>Alfred Nilsson<\/p>\n\n\n\n<p>Johan Filip Andersson<\/p>\n\n\n\n<p>Sture Bernhard Berggren<\/p>\n\n\n\n<p>Folke Sigvard De La Motte<\/p>\n\n\n\n<p>Frans Ivar Thorsten Str\u00f6mberg<\/p>\n\n\n\n<p>Eugen Viktor Lindahl<\/p>\n\n\n\n<p>Erik Gunnar M\u00f6ller<\/p>\n\n\n\n<p>Georg Vallentin Pettersson<\/p>\n\n\n\n<p><strong>LIMHAMN LOTSPLATS<\/strong><\/p>\n\n\n\n<p>Karl Johan August Str\u00f6m<\/p>\n\n\n\n<p>Ludvig Fritz<\/p>\n\n\n\n<p>Johan Harald Bengtsson<\/p>\n\n\n\n<p>Carl Olof Herwe<\/p>\n\n\n\n<p>Berndt Henning N:Son Bern\u00e9ll<\/p>\n\n\n\n<p><strong>MALM\u00d6 LOTSPLATS<\/strong><\/p>\n\n\n\n<p>Ivar Wilhelm Ripa<\/p>\n\n\n\n<p>Anders Peter Svensson B\u00f6\u00f6k<\/p>\n\n\n\n<p>Johan Ferdinand Kullberg<\/p>\n\n\n\n<p>M\u00e5rten Eman. Jansson str\u00f6mberg<\/p>\n\n\n\n<p>Johan Henry Bent<\/p>\n\n\n\n<p>Sven Petter Bartel<\/p>\n\n\n\n<p>Carl Gustaf Isberg<\/p>\n\n\n\n<p>Carl Hugo Stenberg<\/p>\n\n\n\n<p>Anders Groth\u00e9n<\/p>\n\n\n\n<p>Brynolf Alexander Romare<\/p>\n\n\n\n<p>Martin Henning Samuel Petr\u00e9n<\/p>\n\n\n\n<p>Johan Martin Garin<\/p>\n\n\n\n<p>Carl Wilhelm Bergsten<\/p>\n\n\n\n<p>Frank Henrik Albin Kappelin<\/p>\n\n\n\n<p>Per Johan Str\u00f6mberg<\/p>\n\n\n\n<p>Krister Dav. Jonatan Lindberg<\/p>\n\n\n\n<p><strong>LANDSKRONA LOTSPLATS<\/strong><\/p>\n\n\n\n<p>Frans Oskar Liljefors<\/p>\n\n\n\n<p>Herman \u00d6sterlund<\/p>\n\n\n\n<p>Otto Sigfrid Liljefors<\/p>\n\n\n\n<p>Edvin Martin Julius Bj\u00f6rkman<\/p>\n\n\n\n<p>Georg Martin Eberhard Kamf<\/p>\n\n\n\n<p>Herman Oskar Lorens Eljin<\/p>\n\n\n\n<p>Adolf Fredrik Lundin<\/p>\n\n\n\n<p>Erik Johan M\u00e5rten Str\u00f6mberg<\/p>\n\n\n\n<p>Helmer Evald Wargren<\/p>\n\n\n\n<p><strong>R\u00c5\u00c5 <\/strong><strong>LOTSPLATS<\/strong><strong><\/strong><\/p>\n\n\n\n<p>Adolf Reinhold R\u00e5vall<\/p>\n\n\n\n<p>Emil Romanus Nathan. R\u00e5vall<\/p>\n\n\n\n<p>G\u00f6sta Arnold Landgren<\/p>\n\n\n\n<p><strong>H\u00c4LSINGBORG LOTSPLATS<\/strong><\/p>\n\n\n\n<p>Anders Olof Hjalmar<\/p>\n\n\n\n<p>Karl Edvard Roos<\/p>\n\n\n\n<p><strong>\u00d6RESUNDS NORRA LOTSPLATS<\/strong><\/p>\n\n\n\n<p>Evald Christoffer Edson<\/p>\n\n\n\n<p>Nils Joel Klintberg<\/p>\n\n\n\n<p>Paul Thorvald J\u00f6nsson<\/p>\n\n\n\n<p>Konrad Remberg<\/p>\n\n\n\n<p>Henning Alexander Wikdahl<\/p>\n\n\n\n<p>Jacob Paulin Krist\u00e9n<\/p>\n\n\n\n<p>Helge Birger Romare<\/p>\n\n\n\n<p>Erik Olsson<\/p>\n\n\n\n<p>Johannes Edvin Rumberg<\/p>\n\n\n\n<p>Per Herman Persson<\/p>\n\n\n\n<p><strong>H\u00d6GAN\u00c4S LOTSPLATS<\/strong><\/p>\n\n\n\n<p>Johannes R\u00f6mmerman<\/p>\n\n\n\n<p>Allan Richard Rinaldo<\/p>\n\n\n\n<p>Gustaf Albin Groth\u00e9n<\/p>\n\n\n\n<p><strong>TOREKOV LOTSPLATS<\/strong><\/p>\n\n\n\n<p>Carl Ludvig Vargren<\/p>\n\n\n\n<p>Georg Albin Romare<\/p>\n\n\n\n<p>Gustav Edvard De La Motte<\/p>\n\n\n\n<p class=\"has-text-align-center\"><strong>V\u00c4STRA LOTSDISTRIKTET<\/strong><\/p>\n\n\n\n<p>Otto Herman Stenberg, Lotskapten<\/p>\n\n\n\n<p>Joh. Rudolf William Liljeqvist, Lotsl\u00f6jtnant<\/p>\n\n\n\n<p><strong>HALMSTADS LOTSPLATS<\/strong><\/p>\n\n\n\n<p>Karl Erik (Karlsson) Karlsj\u00f6<\/p>\n\n\n\n<p>Carl Frithiof Kasper<\/p>\n\n\n\n<p>Axel Julius Sj\u00f6strand<\/p>\n\n\n\n<p>Julius Levin Willby<\/p>\n\n\n\n<p>Johan August Nordling<\/p>\n\n\n\n<p>Olof Daniel Parry<\/p>\n\n\n\n<p>Albert Laurentius Starck<\/p>\n\n\n\n<p><strong>VR\u00c5NG\u00d6 LOTSPLATS<\/strong><\/p>\n\n\n\n<p>Olof Karlsten<\/p>\n\n\n\n<p>Johan Albin Nyberg<\/p>\n\n\n\n<p>Johan Albin Wijk<\/p>\n\n\n\n<p>Olof Strandberg<\/p>\n\n\n\n<p>Alfred Karlsten<\/p>\n\n\n\n<p>John Oskar Bolin<\/p>\n\n\n\n<p>John Oskar Grandin<\/p>\n\n\n\n<p>Oscar Julin<\/p>\n\n\n\n<p>John Konrad Dahlgren<\/p>\n\n\n\n<p>Bo Konstantin Hallgren<\/p>\n\n\n\n<p><strong>VINGA LOTSPLATS<\/strong><\/p>\n\n\n\n<p>Karl Bertil Ekman<\/p>\n\n\n\n<p>Pontus Albert Lor\u00e9n<\/p>\n\n\n\n<p>Hilding Carl Oskar Lor\u00e9n<\/p>\n\n\n\n<p>Algot Olivert Granstr\u00f6m<\/p>\n\n\n\n<p>Gunnar V\u00e4sting<\/p>\n\n\n\n<p>Arvid Sylvester Palmer\u00e9n<\/p>\n\n\n\n<p>Knut Oscar Tobin<\/p>\n\n\n\n<p><strong>G\u00d6TEBORGS LOTSPLATS<\/strong><\/p>\n\n\n\n<p>John Oscar Sj\u00f6kvist<\/p>\n\n\n\n<p>Frans Oscar Lind<\/p>\n\n\n\n<p>Anders Evald Berggren<\/p>\n\n\n\n<p>August Hilmer Landin<\/p>\n\n\n\n<p>Frans Richard Verner Sj\u00f6gren<\/p>\n\n\n\n<p>Georg Botvid Br\u00e4nning<\/p>\n\n\n\n<p>Carl Alexius Utbult<\/p>\n\n\n\n<p>John Sigfrid Sj\u00f6gren<\/p>\n\n\n\n<p>Erik Brynolf Bugge<\/p>\n\n\n\n<p>Knut Gunnar Albert Sj\u00f6gren<\/p>\n\n\n\n<p>Albert Wilhelm Taube<\/p>\n\n\n\n<p>Nils David Verner Seiling<\/p>\n\n\n\n<p><strong>LYSEKILS LOTSPLATS<\/strong><\/p>\n\n\n\n<p>John Christfrid Finding<\/p>\n\n\n\n<p>Carl Albert Holmberg<\/p>\n\n\n\n<p>Hjalmar Alexius Lundin<\/p>\n\n\n\n<p>Ernst Rudolf Montheli<\/p>\n\n\n\n<p>Carl Hugo Stahre<\/p>\n\n\n\n<p>Hugo Isidor Carlstr\u00f6m<\/p>\n\n\n\n<p><strong>V\u00c4DER\u00d6ARNAS LOTSPLATS<\/strong><\/p>\n\n\n\n<p>Bror Carl Wilhelm Valdner<\/p>\n\n\n\n<p>Johan Arvid Nordberg<\/p>\n\n\n\n<p>Axel Conrad Nordblom<\/p>\n\n\n\n<p>Arthur Napoleon Westerberg<\/p>\n\n\n\n<p><strong>DYNG\u00d6 LOTSPLATS<\/strong><\/p>\n\n\n\n<p>Carl Viktor Ekstr\u00f6m<\/p>\n\n\n\n<p>Johan Alfred Karld\u00e9n<\/p>\n\n\n\n<p>John Mentor Ekstr\u00f6m<\/p>\n\n\n\n<p><strong>K\u00c4RING\u00d6NS LOTSPLATS<\/strong><\/p>\n\n\n\n<p>Axel Henrik Holmberg<\/p>\n\n\n\n<p><strong>BR\u00c4NN\u00d6 LOTSPLATS<\/strong><\/p>\n\n\n\n<p>Lorens Larsson<\/p>\n","protected":false},"excerpt":{"rendered":"<p>\u00d6VRE NORRA LOTSDISTRIKTET Johan Emil Bohm Lotskapten Karl Petrus Kullander Lotsl\u00f6jtnant SALMIS LOTSPLATS &nbsp;Gottfrid Eklund Oskar Blomb\u00e4ck Theodor Johannesen Gottfrid Emanuel Eklund KALIX LOTSPLATS Andreas Herman Envall Emanuel Sundqvist Karl Ulrik Blomb\u00e4ck John Emanuel Blomb\u00e4ck Anton Blomb\u00e4ck Karl Edvin Lindb\u00e4ck MAL\u00d6RENS LOTSPLATS Karl Anton Bergstr\u00f6m Olof Wikstr\u00f6m Johan Peter Wikstr\u00f6m Axel \u00c5str\u00f6m Karl Emil Wallgren&hellip; <a class=\"more-link\" href=\"https:\/\/lotsarnastockholm.se\/index.php\/lotsplatser-samt-matrikel-1920\/\">Forts\u00e4tt l\u00e4sa <span class=\"screen-reader-text\">Lotsplatser samt matrikel 1920<\/span><\/a><\/p>\n","protected":false},"author":1,"featured_media":0,"parent":0,"menu_order":0,"comment_status":"closed","ping_status":"closed","template":"","meta":{"footnotes":""},"class_list":["post-2655","page","type-page","status-publish","hentry","entry"],"_links":{"self":[{"href":"https:\/\/lotsarnastockholm.se\/index.php\/wp-json\/wp\/v2\/pages\/2655","targetHints":{"allow":["GET"]}}],"collection":[{"href":"https:\/\/lotsarnastockholm.se\/index.php\/wp-json\/wp\/v2\/pages"}],"about":[{"href":"https:\/\/lotsarnastockholm.se\/index.php\/wp-json\/wp\/v2\/types\/page"}],"author":[{"embeddable":true,"href":"https:\/\/lotsarnastockholm.se\/index.php\/wp-json\/wp\/v2\/users\/1"}],"replies":[{"embeddable":true,"href":"https:\/\/lotsarnastockholm.se\/index.php\/wp-json\/wp\/v2\/comments?post=2655"}],"version-history":[{"count":1,"href":"https:\/\/lotsarnastockholm.se\/index.php\/wp-json\/wp\/v2\/pages\/2655\/revisions"}],"predecessor-version":[{"id":2656,"href":"https:\/\/lotsarnastockholm.se\/index.php\/wp-json\/wp\/v2\/pages\/2655\/revisions\/2656"}],"wp:attachment":[{"href":"https:\/\/lotsarnastockholm.se\/index.php\/wp-json\/wp\/v2\/media?parent=2655"}],"curies":[{"name":"wp","href":"https:\/\/api.w.org\/{rel}","templated":true}]}}