{"id":2636,"date":"2021-03-21T18:26:30","date_gmt":"2021-03-21T16:26:30","guid":{"rendered":"https:\/\/lotsarnastockholm.se\/?page_id=2636"},"modified":"2026-03-24T20:48:49","modified_gmt":"2026-03-24T19:48:49","slug":"ahus-lotsplats","status":"publish","type":"page","link":"https:\/\/lotsarnastockholm.se\/index.php\/ahus-lotsplats\/","title":{"rendered":"\u00c5hus\/ Land\u00f6hamn Lotsplats"},"content":{"rendered":"\n<p class=\"has-text-align-center\"><a href=\"https:\/\/www.google.se\/maps\/place\/55%C2%B055'38.5%22N+14%C2%B018'31.1%22E\/@55.9273697,14.3064446,17z\/data=!3m1!4b1!4m4!3m3!8m2!3d55.9273667!4d14.3086333\">55\u00b0 55.642&#8242; N 14\u00b0 18.518&#8242; E<\/a><\/p>\n\n\n\n<figure class=\"wp-block-gallery has-nested-images columns-default is-cropped wp-block-gallery-1 is-layout-flex wp-block-gallery-is-layout-flex\">\n<figure class=\"wp-block-image size-large\"><a href=\"https:\/\/lotsarnastockholm.se\/wp-content\/uploads\/lotsar\/sydkusten\/IMG_0012-2.jpg\"><img fetchpriority=\"high\" decoding=\"async\" width=\"1024\" height=\"438\" data-id=\"2567\" src=\"https:\/\/lotsarnastockholm.se\/wp-content\/uploads\/lotsar\/sydkusten\/IMG_0012-2-1024x438.jpg\" alt=\"\" class=\"wp-image-2567\" srcset=\"https:\/\/lotsarnastockholm.se\/wp-content\/uploads\/lotsar\/sydkusten\/IMG_0012-2-1024x438.jpg 1024w, https:\/\/lotsarnastockholm.se\/wp-content\/uploads\/lotsar\/sydkusten\/IMG_0012-2-300x128.jpg 300w, https:\/\/lotsarnastockholm.se\/wp-content\/uploads\/lotsar\/sydkusten\/IMG_0012-2-768x329.jpg 768w, https:\/\/lotsarnastockholm.se\/wp-content\/uploads\/lotsar\/sydkusten\/IMG_0012-2-1536x657.jpg 1536w, https:\/\/lotsarnastockholm.se\/wp-content\/uploads\/lotsar\/sydkusten\/IMG_0012-2-2048x877.jpg 2048w, https:\/\/lotsarnastockholm.se\/wp-content\/uploads\/lotsar\/sydkusten\/IMG_0012-2-1568x671.jpg 1568w\" sizes=\"(max-width: 1024px) 100vw, 1024px\" \/><\/a><\/figure>\n\n\n\n<figure class=\"wp-block-image size-large\"><a href=\"https:\/\/lotsarnastockholm.se\/wp-content\/uploads\/lotsar\/sydkusten\/IMG_0012-3.jpg\"><img decoding=\"async\" width=\"1024\" height=\"439\" data-id=\"2568\" src=\"https:\/\/lotsarnastockholm.se\/wp-content\/uploads\/lotsar\/sydkusten\/IMG_0012-3-1024x439.jpg\" alt=\"\" class=\"wp-image-2568\" srcset=\"https:\/\/lotsarnastockholm.se\/wp-content\/uploads\/lotsar\/sydkusten\/IMG_0012-3-1024x439.jpg 1024w, https:\/\/lotsarnastockholm.se\/wp-content\/uploads\/lotsar\/sydkusten\/IMG_0012-3-300x129.jpg 300w, https:\/\/lotsarnastockholm.se\/wp-content\/uploads\/lotsar\/sydkusten\/IMG_0012-3-768x329.jpg 768w, https:\/\/lotsarnastockholm.se\/wp-content\/uploads\/lotsar\/sydkusten\/IMG_0012-3-1536x659.jpg 1536w, https:\/\/lotsarnastockholm.se\/wp-content\/uploads\/lotsar\/sydkusten\/IMG_0012-3-2048x879.jpg 2048w, https:\/\/lotsarnastockholm.se\/wp-content\/uploads\/lotsar\/sydkusten\/IMG_0012-3-1568x673.jpg 1568w\" sizes=\"(max-width: 1024px) 100vw, 1024px\" \/><\/a><\/figure>\n\n\n\n<figure class=\"wp-block-image size-large\"><a href=\"https:\/\/lotsarnastockholm.se\/wp-content\/uploads\/lotsar\/sydkusten\/IMG_0012.jpg\"><img decoding=\"async\" width=\"1024\" height=\"443\" data-id=\"2569\" src=\"https:\/\/lotsarnastockholm.se\/wp-content\/uploads\/lotsar\/sydkusten\/IMG_0012-1024x443.jpg\" alt=\"\" class=\"wp-image-2569\" srcset=\"https:\/\/lotsarnastockholm.se\/wp-content\/uploads\/lotsar\/sydkusten\/IMG_0012-1024x443.jpg 1024w, https:\/\/lotsarnastockholm.se\/wp-content\/uploads\/lotsar\/sydkusten\/IMG_0012-300x130.jpg 300w, https:\/\/lotsarnastockholm.se\/wp-content\/uploads\/lotsar\/sydkusten\/IMG_0012-768x333.jpg 768w, https:\/\/lotsarnastockholm.se\/wp-content\/uploads\/lotsar\/sydkusten\/IMG_0012-1536x665.jpg 1536w, https:\/\/lotsarnastockholm.se\/wp-content\/uploads\/lotsar\/sydkusten\/IMG_0012-1568x679.jpg 1568w, https:\/\/lotsarnastockholm.se\/wp-content\/uploads\/lotsar\/sydkusten\/IMG_0012.jpg 2044w\" sizes=\"(max-width: 1024px) 100vw, 1024px\" \/><\/a><\/figure>\n\n\n\n<figure class=\"wp-block-image size-large\"><a href=\"https:\/\/lotsarnastockholm.se\/wp-content\/uploads\/lotsar\/sydkusten\/IMG_0013-2.jpg\"><img loading=\"lazy\" decoding=\"async\" width=\"1024\" height=\"462\" data-id=\"2570\" src=\"https:\/\/lotsarnastockholm.se\/wp-content\/uploads\/lotsar\/sydkusten\/IMG_0013-2-1024x462.jpg\" alt=\"\" class=\"wp-image-2570\" srcset=\"https:\/\/lotsarnastockholm.se\/wp-content\/uploads\/lotsar\/sydkusten\/IMG_0013-2-1024x462.jpg 1024w, https:\/\/lotsarnastockholm.se\/wp-content\/uploads\/lotsar\/sydkusten\/IMG_0013-2-300x135.jpg 300w, https:\/\/lotsarnastockholm.se\/wp-content\/uploads\/lotsar\/sydkusten\/IMG_0013-2-768x346.jpg 768w, https:\/\/lotsarnastockholm.se\/wp-content\/uploads\/lotsar\/sydkusten\/IMG_0013-2-1536x693.jpg 1536w, https:\/\/lotsarnastockholm.se\/wp-content\/uploads\/lotsar\/sydkusten\/IMG_0013-2-1568x707.jpg 1568w, https:\/\/lotsarnastockholm.se\/wp-content\/uploads\/lotsar\/sydkusten\/IMG_0013-2.jpg 2042w\" sizes=\"(max-width: 1024px) 100vw, 1024px\" \/><\/a><\/figure>\n\n\n\n<figure class=\"wp-block-image size-large\"><a href=\"https:\/\/lotsarnastockholm.se\/wp-content\/uploads\/lotsar\/sydkusten\/IMG_0013.jpg\"><img loading=\"lazy\" decoding=\"async\" width=\"1024\" height=\"426\" data-id=\"2571\" src=\"https:\/\/lotsarnastockholm.se\/wp-content\/uploads\/lotsar\/sydkusten\/IMG_0013-1024x426.jpg\" alt=\"\" class=\"wp-image-2571\" srcset=\"https:\/\/lotsarnastockholm.se\/wp-content\/uploads\/lotsar\/sydkusten\/IMG_0013-1024x426.jpg 1024w, https:\/\/lotsarnastockholm.se\/wp-content\/uploads\/lotsar\/sydkusten\/IMG_0013-300x125.jpg 300w, https:\/\/lotsarnastockholm.se\/wp-content\/uploads\/lotsar\/sydkusten\/IMG_0013-768x319.jpg 768w, https:\/\/lotsarnastockholm.se\/wp-content\/uploads\/lotsar\/sydkusten\/IMG_0013-1536x639.jpg 1536w, https:\/\/lotsarnastockholm.se\/wp-content\/uploads\/lotsar\/sydkusten\/IMG_0013-2048x852.jpg 2048w, https:\/\/lotsarnastockholm.se\/wp-content\/uploads\/lotsar\/sydkusten\/IMG_0013-1568x652.jpg 1568w\" sizes=\"(max-width: 1024px) 100vw, 1024px\" \/><\/a><\/figure>\n<\/figure>\n\n\n\n<h4 class=\"wp-block-heading\">CG Sundius anteckningar om  \u00c5hus<\/h4>\n\n\n\n<p>1696 fanns Lpl med i en lotstaxa<\/p>\n\n\n\n<p>1697 hade Lpl 2 lotsar och en lotsdr\u00e4ng<\/p>\n\n\n\n<p>\u201d<em>Lotsarnas uppgift i \u00c5hus var att uppvakta de farkoster som ankom dit och lotsa dem in i d\u00e4rvarande han samt d\u00e4rifr\u00e5n ut igen. F\u00f6r farkoster om 5 \u00e1 6 fots dr\u00e4ktighet hade de att bekomma 1 daler s:t samt de d\u00e4r\u00f6ver g\u00e5ende 61\/4 \u00f6ret f\u00f6r var fot\u201d<\/em><\/p>\n\n\n\n<p>1744 ur rulla Lotsuppsyningsman Johan Gran, Lotsar Raphael Johansson och M\u00e5ns \u00c5str\u00f6m<\/p>\n\n\n\n<p>1817 ur rulla Lots\u00e5lderman A Nilsson, ordinarie lots T. Ringdal, Lotsl\u00e4rling S. Andersson<\/p>\n\n\n\n<p>1875 ombyggdes och flyttades det \u00e4ldre uppassningshuset<\/p>\n\n\n\n<p>1880 byggdes ett nytt lotsuppassningshus ist\u00e4llet f\u00f6r ett kasserat<\/p>\n\n\n\n<p>1890 anskaffning av en ny d\u00e4ckad lotsb\u00e5t av tr\u00e4<\/p>\n\n\n\n<p>1891 den 13 dec utgingo tv\u00e5 m\u00e4sterlotsar och tv\u00e5 lotsl\u00e4rlingar fr\u00e5n \u00c5hus Lpl under stark SSV storm med regn och sn\u00f6byar samt l\u00e4mnade med stor livsfara lots \u00e5t skonertskeppet GERTRUD och \u00e5ngfartyget SM\u00c5LAND som d\u00e4refter inlotsades, det f\u00f6rra till S\u00f6lvesborg och det senare till \u00c5HUS. B\u00e5da lotsarna tilldelades 100 kr<\/p>\n\n\n\n<p>1897 den 8 dec hade en m\u00e4sterlots, en lots och en lotsl\u00e4rling vid \u00c5hus Lpl under orkanliknande S storm och regntjocka med lotsb\u00e5ten utg\u00e5tt fr\u00e5n \u00c5hus och med livsfara l\u00e4mnat lotsbitr\u00e4de \u00e5t svenska skonerten PAULINA som d\u00e4refter inlotsades till \u00c5hus hamn. Med h\u00e4nsyn till kronolotsarnas visade raskhet och sj\u00e4lvuppoffring tilldelades envar 25 kr i bel\u00f6ning.<\/p>\n\n\n\n<p>1898 den 24 november utseglade fr\u00e5n \u00c5hus Lpl en m\u00e4sterlots 2 lotsar och en lotsl\u00e4rling under ostlig storm med orkanliknande regn och sn\u00f6byar f\u00f6r att l\u00e4mna lotsbitr\u00e4de \u00e5t den i Kalmar hemmah\u00f6rande briggen ALBERT som d\u00e4refter inlotsades till \u00c5hus. B\u00e5tlaget erk\u00e4ndes en bel\u00f6ning av 80 kr.<\/p>\n\n\n\n<p>1908 om byggdes lotsutkiken<\/p>\n\n\n\n<p>1909 den 13 november hade lotsf\u00f6rman, 2 lotsar, en extra lots och en lotsl\u00e4rling vid \u00c5hus Lpl utseglat under sv\u00e5r storm och sj\u00f6 samt lyckats l\u00e4mna lotsbitr\u00e4de \u00e5t galeasen OSCAR II f\u00f6r det nit och det mod kronolotsarna vid detta tillf\u00e4lle \u00e5dagalagt tillerk\u00e4nnes var och en av dem en bel\u00f6ning av 20 kr-<\/p>\n\n\n\n<p>1914 s\u00e5lde lotsverket stora d\u00e4ckade kuttern till Lpl<\/p>\n\n\n\n<p>1920 B\u00e5tbest\u00e5ndet:<br>1 d\u00e4ckad kutter byggd 1915, ek, kravell, 10&#215;3,55, 16 hk Dux<br>1 d\u00e4ckad segelkutter byggd 1890, ek, klink, 7,86&#215;3,2<br>1 segelb\u00e5t byggd 1894, ek, klink,5,95&#215;1,82<br>1 segelb\u00e5t byggd 1897, ek, klink, 5,65x,1,8<br>1 roddb\u00e5t byggd 1913, ek, klink, 4,61&#215;1,48<\/p>\n\n\n\n<p>1936 ombyggdes lotsutkiken<\/p>\n\n\n\n<p>1947 byggdes nytt lotsuppassningshus<\/p>\n\n\n\n<h3 class=\"wp-block-heading\">Fr\u00e5n Minnesalbum 1914-1924 Lotsverkets personal<\/h3>\n\n\n\n<p>\u00c5hus hamn vid Helge\u00e5ns norra mynning \u00e4r en mycket gammal sj\u00f6plats. Den omtalas redan \u00e5r 1027, d\u00e5 konung Knut den store (dansk) med hela sin flotta blev av konungarna Anund Jacub (den svenske sonen till Olof Sk\u00f6tkonung) och Olof Haraldson (kallad Digre, norsk) innest\u00e4ngd uppe i Helge\u00e5n.<\/p>\n\n\n\n<p>\u00c5hus var under medeltiden och i b\u00f6rjan av reformationstiden, till \u00e5r 1614, stad och biskopss\u00e4te med efter tidens f\u00f6rh\u00e5llande, stor sj\u00f6fart. \u00c5r 1614 upph\u00f6rde \u00c5hus stadsprivilegier och de flyttades till Christianstad. Samtidigt m\u00e5ste \u00c5hus borgerskap flytta till Christianstad. Fr\u00e5n denna tid var \u00c5hus endast en by och sj\u00f6farten avtog avsev\u00e4rt icke minst p\u00e5 grund av att anl\u00e4ggningarna fick f\u00f6rfalla, s\u00e5 att djupet i Helge\u00e5n minskade.<\/p>\n\n\n\n<p>I b\u00f6rjan av 1800-talet var vattendjupet vid Helge\u00e5ns norra mynning endast omkring en meter. Fartyg av mer \u00e4n detta djupg\u00e5ende kunde inte komma upp i Helge\u00e5n utan fick ankra utanf\u00f6r Helge\u00e5ns mynning i n\u00e4rheten av sk\u00e4ret <em>Norrekar<\/em> och lasterna fraktades med pr\u00e5mar till och fr\u00e5n fartygen.<\/p>\n\n\n\n<p>\u00c5r 1849 p\u00e5b\u00f6rjade Christianstads stad en hamnanl\u00e4ggning i \u00c5hus, i det att grunden lades till tv\u00e5, cirka 550 meter l\u00e5nga hamnarmar, med ett avst\u00e5nd fr\u00e5n varandra av cirka 20 meter. Detta arbete fullbordades \u00e5r 1852. Muddringen fortsatte i hamnen, s\u00e5 att \u00e5r 1860, fartyg av 12 fots djupg\u00e5ende kunde ang\u00f6ra hamnen. Sj\u00f6farten \u00f6kades \u00e5rligen. \u00c5r 1895 p\u00e5b\u00f6rjades och 1898 avslutades ett vidlyftigt muddrings- och spr\u00e4ngningsarbete s\u00e5v\u00e4l i hamnen som utanf\u00f6r densamma, d\u00e4r en helt ny rak inseglingsr\u00e4nna kom till.<\/p>\n\n\n\n<p>Samtidigt flyttades s\u00f6dra hamnarmen l\u00e4ngre s\u00f6der\u00f6ver, s\u00e5 att avst\u00e5ndet mellan pirarna blev 70m i st\u00e4llet f\u00f6r tidigare 20 meter. Kajer av omkring 1000 meters l\u00e4ngd anlades. Hamnen kunde nu ang\u00f6ras av 5,5 meter djupg\u00e5ende fartyg natt som dag, i det att inseglingsfyrar samt klock- och lysbojar anlagts. Lotsuppassningen p\u00e5gick oavbrutet \u00e5ret om. \u00c5ren 1912 &#8211; 1913 f\u00f6rdjupades s\u00e5v\u00e4l hamnen som ovann\u00e4mnda inseglingsr\u00e4nna till 6 meter.<\/p>\n\n\n\n<p>Lotsar har med all sannolikhet funnits i \u00c5hus redan d\u00e5 \u00c5hus var stad, en\u00e4r gamla papper visa att lotshemman fr\u00e5n denna tid funnits.<\/p>\n\n\n\n<p><em>\u201d I ett Kungl. Kammar Collegii utslag av den 20 december 1825 \u00e4r f\u00f6rklarat att hemmanen i \u00c5hus by av \u00e5lder varit lotshemman. Detta utslag \u00e4r i n\u00e5der fastst\u00e4llt genom Kunglig (Carl Johan) resolution den 12 december 1829\u201d<\/em><\/p>\n\n\n\n<p>I b\u00f6rjan av 1800-talet tj\u00e4nstgjorde vid \u00c5hus lotsplats:<\/p>\n\n\n\n<p>Lots\u00e5lderman Frans Nilsson f\u00f6dd 1828 och anst\u00e4lld 1853. Han var far till riksdagsmannen <a href=\"https:\/\/sok.riksarkivet.se\/sbl\/Presentation.aspx?id=8936\" data-type=\"link\" data-id=\"https:\/\/sok.riksarkivet.se\/sbl\/Presentation.aspx?id=8936\">Nils August Nilsson<\/a> f\u00f6dd 1867 som hade smeknamnet &#8221;Kabbarp&#8221; fr\u00e5n sin fruktodling i \u00c5karp utanf\u00f6r Malm\u00f6.<\/p>\n\n\n<div class=\"wp-block-image\">\n<figure class=\"aligncenter size-full\"><a href=\"https:\/\/lotsarnastockholm.se\/wp-content\/uploads\/2024\/11\/Nilsson-Frans.jpg\"><img loading=\"lazy\" decoding=\"async\" width=\"314\" height=\"384\" src=\"https:\/\/lotsarnastockholm.se\/wp-content\/uploads\/2024\/11\/Nilsson-Frans.jpg\" alt=\"\" class=\"wp-image-6866\" srcset=\"https:\/\/lotsarnastockholm.se\/wp-content\/uploads\/2024\/11\/Nilsson-Frans.jpg 314w, https:\/\/lotsarnastockholm.se\/wp-content\/uploads\/2024\/11\/Nilsson-Frans-245x300.jpg 245w\" sizes=\"(max-width: 314px) 100vw, 314px\" \/><\/a><figcaption class=\"wp-element-caption\">Lots\u00e5lderman Frans Nilsson<\/figcaption><\/figure>\n<\/div>\n\n\n<p>(Korrigering efter ny information nov 2024 fr\u00e5n Bj\u00f6rn Lindquist vars farmorsfarfar var just Frans Nilsson. Tack Bj\u00f6rn f\u00f6r denna info!)<\/p>\n\n\n\n<p>Lotsarna:<\/p>\n\n\n\n<ul class=\"wp-block-list\">\n<li>Per Johnsson<\/li>\n\n\n\n<li>Kristian Olsson<\/li>\n\n\n\n<li>Lars Olsson<\/li>\n\n\n\n<li>Jacob \u00c5str\u00f6m<\/li>\n\n\n\n<li>Sven Staffensson<\/li>\n\n\n\n<li>Johan Peter Kr\u00e6mer<\/li>\n\n\n\n<li>Carl Olsson Norborg<\/li>\n<\/ul>\n\n\n\n<p>\u00c5tminstone fr\u00e5n b\u00f6rjan av 1800-talet hade lotsarna sin utkik i kyrktornet, som var f\u00f6rsett med en spira (bel\u00e4get cirka 3 kilometer innanf\u00f6r pirarna) intill \u00e5r 1865, d\u00e5 spiran vid en \u00e5skeld brann ner. Fr\u00e5n \u00e5r 1865 till 1899 hade lotsarna sin utkik fr\u00e5n en utkiksst\u00e4llning, uppf\u00f6rd \u00e5 den s\u00e5 kallade Slottsbacken, gammal ruin av \u00c5hus biskopsresidens (bel\u00e4gen cirka 1 1\/2 kilometer innanf\u00f6r pirarna). Fr\u00e5n \u00e5r 1899 \u00e4r utkiksst\u00e4llningen uppf\u00f6rd ytterst p\u00e5 norra hamnpiren.<\/p>\n\n\n\n<p>Betecknande \u00e4r hur utkiksplatsen fr\u00e5n att vara bel\u00e4gen 3 km innanf\u00f6r, till sist kom \u00e4nda ut p\u00e5 pirhuvudet.<\/p>\n\n\n\n<h3 class=\"wp-block-heading\">Land\u00f6hamn<\/h3>\n\n\n\n<p><a href=\"https:\/\/www.google.se\/maps\/place\/55%C2%B058'22.2%22N+14%C2%B024'41.1%22E\/@55.9728333,14.409228,17z\/data=!3m1!4b1!4m4!3m3!8m2!3d55.9728333!4d14.4114167\">55\u00b0 58.370&#8242; N 14\u00b0 24.685&#8242; E<\/a><\/p>\n\n\n\n<p>Om Land\u00f6hamn finns inte mycket skrivet<\/p>\n\n\n\n<p>F\u00f6ljande n\u00e4mns i 1799 \u00e5rs reglemente om \u00c5hus: Lotsarne uppa\u03b2a i staden emottaga fr\u00e5n sj\u00f6n at inlotsa til \u00c5hus och til Land\u00f6hamn, utlotsa fr\u00e5n dessa st\u00e4llen til sj\u00f6\u03b2 \u00e4fwensom fr\u00e5n \u00c5hus til Land\u00f6hamn och tv\u00e4rtom.<\/p>\n\n\n\n<p>I 1820 \u00e5rs f\u00f6rordnings Finns Land\u00f6hamn med som egen lotsplats f\u00f6r Christiandstads l\u00e4n och Malm\u00f6 f\u00f6rdelning med lotsupsyningsman i Malm\u00f6.<\/p>\n\n\n\n<p>Slutligen i 1844 \u00e5rs dokument om sj\u00f6farten st\u00e5r under \u00c5hus: <strong>Uppassa p\u00e5 st\u00e4llet emottaga i sj\u00f6n utom grunden samt lotsa fr\u00e5n \u00c5hus till Land\u00f6hamn, till sj\u00f6s eller fr\u00e5n sj\u00f6n, Fr\u00e5n Land\u00f6hamn till \u00c5hus till sj\u00f6s eller fr\u00e5n sj\u00f6n.<\/strong> <\/p>\n\n\n\n<p>Det faktum att Land\u00f6hamn finns som egen lotsplats 1820 beh\u00f6ver inte med s\u00e4kerhet betyda att det var s\u00e5. Det var inte helt ovanligt att det skrevs ut i reglementen och f\u00f6rordningar om olika saker som var \u00f6nskv\u00e4rt och en m\u00e5ls\u00e4ttning fr\u00e5n de styrande i Amiralitetet men som kanske aldrig blev av. Alternativt att det fanns sporadiskt under en viss tid men att det rann ut i sanden. Det kan ha varit s\u00e5 att lotsarna i \u00c5hus sk\u00f6tte \u00e4ven Land\u00f6hamn genom att en lots bodde eller var stationerad d\u00e4r under vissa tider. Mycket av det som st\u00e5r i de gamla dokumenten m\u00e5ste tas med en liten gr\u00e4vskopa salt ibland.<\/p>\n\n\n\n<p>Lotsar och b\u00e5tm\u00e4n vid \u00c5hus Lpl<\/p>\n\n\n\n<figure class=\"wp-block-table alignwide\"><table class=\"has-fixed-layout\"><tbody><tr><td><strong>Efternamn<\/strong><\/td><td><strong>F\u00f6rnamn<\/strong><\/td><td><strong>F\u00f6dd<\/strong><\/td><td><strong>I Staten<\/strong><\/td><td><strong>B\u00e5tman<\/strong><\/td><td><strong>Lpl 1<\/strong><\/td><td><strong>Lpl 2<\/strong><\/td><td><strong>Lpl 3<\/strong><\/td><\/tr><tr><td>Andersson<\/td><td>S<\/td><td><\/td><td><\/td><td><\/td><td>\u00c5hus<\/td><td><\/td><td><\/td><\/tr><tr><td>Gran<\/td><td>Johan<\/td><td><\/td><td><\/td><td><\/td><td>\u00c5hus<\/td><td><\/td><td><\/td><\/tr><tr><td>Johnson<\/td><td>Per<\/td><td><\/td><td><\/td><td><\/td><td>\u00c5hus<\/td><td><\/td><td><\/td><\/tr><tr><td>Nilsson<\/td><td>A<\/td><td><\/td><td><\/td><td><\/td><td>\u00c5hus<\/td><td><\/td><td><\/td><\/tr><tr><td>Olsson<\/td><td>Christian<\/td><td><\/td><td><\/td><td><\/td><td>\u00c5hus<\/td><td><\/td><td><\/td><\/tr><tr><td>Ringdal<\/td><td>T<\/td><td><\/td><td><\/td><td><\/td><td>\u00c5hus<\/td><td><\/td><td><\/td><\/tr><tr><td>\u00c5str\u00f6m<\/td><td>Jacob<\/td><td><\/td><td><\/td><td><\/td><td>\u00c5hus<\/td><td>Helsingborg<\/td><td><\/td><\/tr><tr><td>\u00c5str\u00f6m<\/td><td>M\u00e5ns<\/td><td><\/td><td><\/td><td><\/td><td>\u00c5hus<\/td><td><\/td><td><\/td><\/tr><tr><td>Grahn<\/td><td>J\u00f6ran<\/td><td><\/td><td>1726<\/td><td><\/td><td>\u00c5hus<\/td><td><\/td><td><\/td><\/tr><tr><td>\u00c5str\u00f6m<\/td><td>Rafael<\/td><td><\/td><td>1726<\/td><td><\/td><td>\u00c5hus<\/td><td><\/td><td><\/td><\/tr><tr><td>Johansson<\/td><td>Fredrik<\/td><td><\/td><td>1729<\/td><td><\/td><td>\u00c5hus<\/td><td><\/td><td><\/td><\/tr><tr><td>P\u00e5lsson<\/td><td>Hans<\/td><td><\/td><td>1729<\/td><td><\/td><td>\u00c5hus<\/td><td><\/td><td><\/td><\/tr><tr><td>M\u00e5nsson<\/td><td>Per<\/td><td><\/td><td>1800<\/td><td><\/td><td>\u00c5hus<\/td><td><\/td><td><\/td><\/tr><tr><td>Persson<\/td><td>John<\/td><td><\/td><td>1800<\/td><td><\/td><td>\u00c5hus<\/td><td><\/td><td><\/td><\/tr><tr><td>\u00c5berg<\/td><td>Johannes<\/td><td>1797<\/td><td><\/td><td><\/td><td>\u00c5hus<\/td><td><\/td><td><\/td><\/tr><tr><td>\u00c5berg<\/td><td>Karl<\/td><td><\/td><td>1800<\/td><td><\/td><td>\u00c5hus<\/td><td><\/td><td><\/td><\/tr><tr><td>Olsson<\/td><td>Lars<\/td><td>1827<\/td><td>1844<\/td><td><\/td><td>\u00c5hus<\/td><td><\/td><td><\/td><\/tr><tr><td>Nilsson<\/td><td>Frans<\/td><td>1828<\/td><td>1853<\/td><td><\/td><td>\u00c5hus<\/td><td><\/td><td><\/td><\/tr><tr><td>Staffansson<\/td><td>Sven<\/td><td>1838<\/td><td>1868<\/td><td><\/td><td>\u00c5hus<\/td><td><\/td><td><\/td><\/tr><tr><td>Norborg<\/td><td>Carl<\/td><td>1854<\/td><td>1874<\/td><td><\/td><td>\u00c5hus<\/td><td><\/td><td><\/td><\/tr><tr><td>Kraemer<\/td><td>Johan<\/td><td>1845<\/td><td>1875<\/td><td><\/td><td>\u00c5hus<\/td><td><\/td><td><\/td><\/tr><tr><td>Kraemer<\/td><td>Johannes<\/td><td>1870<\/td><td>1889<\/td><td><\/td><td>\u00c5hus<\/td><td><\/td><td><\/td><\/tr><tr><td>Petr\u00e9n<\/td><td>Herman<\/td><td>1869<\/td><td>1889<\/td><td><\/td><td>\u00c5hus<\/td><td><\/td><td><\/td><\/tr><tr><td>Rosenqvist<\/td><td>Carl<\/td><td>1866<\/td><td>1889<\/td><td><\/td><td>\u00d6resund s\u00f6dra<\/td><td>\u00c5hus<\/td><td><\/td><\/tr><tr><td>\u00c5klund<\/td><td>Carl<\/td><td>1873<\/td><td>1894<\/td><td><\/td><td>\u00c5hus<\/td><td><\/td><td><\/td><\/tr><tr><td>Wikstrand<\/td><td>Nils<\/td><td>1874<\/td><td>1898<\/td><td><\/td><td>\u00c5hus<\/td><td><\/td><td><\/td><\/tr><tr><td>Ekvall<\/td><td>Elof<\/td><td>1878<\/td><td>1903<\/td><td><\/td><td>\u00c5hus<\/td><td><\/td><td><\/td><\/tr><tr><td>Ahlstr\u00f6m<\/td><td>Axel<\/td><td>1882<\/td><td>1904<\/td><td><\/td><td>\u00c5hus<\/td><td><\/td><td><\/td><\/tr><tr><td>Kampf<\/td><td>Georg<\/td><td>1885<\/td><td>1905<\/td><td><\/td><td>Landskrona<\/td><td>\u00c5hus<\/td><td><\/td><\/tr><tr><td>Norborg<\/td><td>Axel<\/td><td>1882<\/td><td>1905<\/td><td><\/td><td>\u00c5hus<\/td><td><\/td><td><\/td><\/tr><tr><td>Petr\u00e9n<\/td><td>Martin<\/td><td>1894<\/td><td>1911<\/td><td><\/td><td>\u00c5hus<\/td><td>Malm\u00f6<\/td><td>Skan\u00f6r\/\u00d6resund S<\/td><\/tr><tr><td>Berg<\/td><td>Johan<\/td><td>1898<\/td><td>1921<\/td><td><\/td><td>\u00c5hus<\/td><td><\/td><td><\/td><\/tr><tr><td>\u00c5klundh<\/td><td>Axel<\/td><td>1901<\/td><td>1922<\/td><td><\/td><td>\u00c5hus<\/td><td><\/td><td><\/td><\/tr><tr><td>Flood<\/td><td>Hilding<\/td><td>1899<\/td><td>1924<\/td><td><\/td><td>\u00c5hus<\/td><td><\/td><td><\/td><\/tr><tr><td>Nilsson<\/td><td>Arthur<\/td><td>1901<\/td><td>1924<\/td><td><\/td><td>\u00c5hus<\/td><td><\/td><td><\/td><\/tr><tr><td>Petr\u00e9n<\/td><td>Ernst<\/td><td>1908<\/td><td>1926<\/td><td><\/td><td>\u00c5hus<\/td><td><\/td><td><\/td><\/tr><tr><td>Hasselgren<\/td><td>Ragnar<\/td><td>1907<\/td><td>1928<\/td><td><\/td><td>\u00c5hus<\/td><td><\/td><td><\/td><\/tr><tr><td>Thornstr\u00f6m<\/td><td>Ernst<\/td><td>1908<\/td><td>1929<\/td><td><\/td><td>S\u00f6lvesborg<\/td><td>\u00c5hus<\/td><td>Karlskrona\/Karlshamn<\/td><\/tr><tr><td>\u00c5klundh<\/td><td>Johan<\/td><td>1917<\/td><td>1939<\/td><td><\/td><td>Trelleborg<\/td><td>\u00c5hus<\/td><td><\/td><\/tr><tr><td>Ahlstr\u00f6m<\/td><td>Algot<\/td><td>1910<\/td><td>1942<\/td><td>1947-01-01<\/td><td>\u00c5hus<\/td><td><\/td><td><\/td><\/tr><tr><td>Gustafsson<\/td><td>Agne<\/td><td>1917<\/td><td>1946<\/td><td><\/td><td>\u00d6resund s\u00f6dra<\/td><td>\u00c5hus<\/td><td><\/td><\/tr><tr><td>Nordeklint<\/td><td>Nils<\/td><td>1922<\/td><td>1948<\/td><td><\/td><td>\u00c5hus<\/td><td><\/td><td><\/td><\/tr><tr><td>Petersson<\/td><td>Sven<\/td><td>1914<\/td><td>1949<\/td><td><\/td><td>S\u00f6lvesborg<\/td><td>Trelleborg<\/td><td>Simrishamn\/\u00c5hus<\/td><\/tr><tr><td>Tufvesson<\/td><td>Bror<\/td><td>1927<\/td><td>1951<\/td><td><\/td><td>\u00c5hus<\/td><td><\/td><td><\/td><\/tr><tr><td>Olsson<\/td><td>G\u00f6sta<\/td><td>1912<\/td><td>1952<\/td><td>1952-10-01<\/td><td>\u00c5hus<\/td><td><\/td><td><\/td><\/tr><tr><td>Sj\u00f6str\u00f6m<\/td><td>Olof<\/td><td>1934<\/td><td>1954<\/td><td>1960-11-01<\/td><td>\u00d6resund s\u00f6dra<\/td><td>\u00c5hus<\/td><td><\/td><\/tr><tr><td>Gyllenberg<\/td><td>Nils<\/td><td>1925<\/td><td>1955<\/td><td><\/td><td>\u00d6resund s\u00f6dra<\/td><td>\u00c5hus<\/td><td><\/td><\/tr><tr><td>Paulsson<\/td><td>Stig<\/td><td>1932<\/td><td>1957<\/td><td>1958-04-01<\/td><td>Bergkvara<\/td><td>\u00c5hus<\/td><td>Karlshamn<\/td><\/tr><tr><td>Nilsson<\/td><td>Gustaf<\/td><td>1902<\/td><td>1958<\/td><td>1962-10-01<\/td><td>\u00c5hus<\/td><td><\/td><td><\/td><\/tr><tr><td>Isberg<\/td><td>Sigfrid<\/td><td>1914<\/td><td>1961<\/td><td>1972-10-01<\/td><td>\u00c5hus<\/td><td><\/td><td><\/td><\/tr><tr><td>Rohlin<\/td><td>Bengt<\/td><td>1931<\/td><td>1962<\/td><td><\/td><td>\u00c5hus<\/td><td><\/td><td><\/td><\/tr><tr><td>Sonne<\/td><td>Lars<\/td><td>1939<\/td><td>1965<\/td><td><\/td><td>\u00c5hus<\/td><td><\/td><td><\/td><\/tr><tr><td>Rosenkvist<\/td><td>Nils<\/td><td>1950<\/td><td>1970<\/td><td>1970-06-15<\/td><td>\u00c5hus<\/td><td><\/td><td><\/td><\/tr><tr><td>M\u00e5rtensson<\/td><td>Ingmar<\/td><td>1944<\/td><td>1973<\/td><td>1973-06-01<\/td><td>\u00c5hus<\/td><td>Helsingborg<\/td><td><\/td><\/tr><tr><td>Persson<\/td><td>Bengt<\/td><td>1939<\/td><td>1973<\/td><td>1974-01-01<\/td><td>\u00c5hus<\/td><td>Trelleborg<\/td><td>Malm\u00f6<\/td><\/tr><tr><td>Ryhl<\/td><td>\u00c5ke<\/td><td>1934<\/td><td>1973<\/td><td>1979-07-01<\/td><td>\u00c5hus<\/td><td><\/td><td><\/td><\/tr><tr><td>Gustafsson<\/td><td>Stefan<\/td><td>1954<\/td><td>1974<\/td><td>1977-08-01<\/td><td>\u00c5hus<\/td><td><\/td><td><\/td><\/tr><tr><td>L\u00f6fberg<\/td><td>Christer<\/td><td>1946<\/td><td>1975<\/td><td><\/td><td>\u00c5hus<\/td><td><\/td><td><\/td><\/tr><tr><td>P\u00e5lsson<\/td><td>Uno<\/td><td>1943<\/td><td>1976<\/td><td><\/td><td>\u00c5hus<\/td><td><\/td><td><\/td><\/tr><tr><td>Ruuskanen<\/td><td>Kari<\/td><td>1942<\/td><td>1977<\/td><td>1977-06-13<\/td><td>\u00c5hus<\/td><td>Helsingborg<\/td><td>G\u00f6teborg<\/td><\/tr><tr><td>P\u00e5lsson<\/td><td>Allan<\/td><td>1945<\/td><td>1979<\/td><td>1979-03-01<\/td><td>\u00c5hus<\/td><td><\/td><td><\/td><\/tr><tr><td>Jensen<\/td><td>Erik<\/td><td>1951<\/td><td>1986<\/td><td>1986-12-03<\/td><td>\u00c5hus<\/td><td><\/td><td><\/td><\/tr><tr><td>Madsen<\/td><td>Tonni<\/td><td>1954<\/td><td>1989<\/td><td>1989-06-19<\/td><td>\u00c5hus<\/td><td><\/td><td><\/td><\/tr><tr><td>Hansen<\/td><td>Erik<\/td><td>1969<\/td><td>1990<\/td><td>1990-07-19<\/td><td>\u00c5hus<\/td><td><\/td><td><\/td><\/tr><tr><td>Lancing<\/td><td>Anders<\/td><td>1952<\/td><td><\/td><td><\/td><td>Karlshamn<\/td><td>\u00c5hus<\/td><td><\/td><\/tr><\/tbody><\/table><\/figure>\n","protected":false},"excerpt":{"rendered":"<p>55\u00b0 55.642&#8242; N 14\u00b0 18.518&#8242; E CG Sundius anteckningar om \u00c5hus 1696 fanns Lpl med i en lotstaxa 1697 hade Lpl 2 lotsar och en lotsdr\u00e4ng \u201dLotsarnas uppgift i \u00c5hus var att uppvakta de farkoster som ankom dit och lotsa dem in i d\u00e4rvarande han samt d\u00e4rifr\u00e5n ut igen. F\u00f6r farkoster om 5 \u00e1 6&hellip; <a class=\"more-link\" href=\"https:\/\/lotsarnastockholm.se\/index.php\/ahus-lotsplats\/\">Forts\u00e4tt l\u00e4sa <span class=\"screen-reader-text\">\u00c5hus\/ Land\u00f6hamn Lotsplats<\/span><\/a><\/p>\n","protected":false},"author":1,"featured_media":0,"parent":0,"menu_order":0,"comment_status":"closed","ping_status":"closed","template":"","meta":{"footnotes":""},"class_list":["post-2636","page","type-page","status-publish","hentry","entry"],"_links":{"self":[{"href":"https:\/\/lotsarnastockholm.se\/index.php\/wp-json\/wp\/v2\/pages\/2636","targetHints":{"allow":["GET"]}}],"collection":[{"href":"https:\/\/lotsarnastockholm.se\/index.php\/wp-json\/wp\/v2\/pages"}],"about":[{"href":"https:\/\/lotsarnastockholm.se\/index.php\/wp-json\/wp\/v2\/types\/page"}],"author":[{"embeddable":true,"href":"https:\/\/lotsarnastockholm.se\/index.php\/wp-json\/wp\/v2\/users\/1"}],"replies":[{"embeddable":true,"href":"https:\/\/lotsarnastockholm.se\/index.php\/wp-json\/wp\/v2\/comments?post=2636"}],"version-history":[{"count":13,"href":"https:\/\/lotsarnastockholm.se\/index.php\/wp-json\/wp\/v2\/pages\/2636\/revisions"}],"predecessor-version":[{"id":7860,"href":"https:\/\/lotsarnastockholm.se\/index.php\/wp-json\/wp\/v2\/pages\/2636\/revisions\/7860"}],"wp:attachment":[{"href":"https:\/\/lotsarnastockholm.se\/index.php\/wp-json\/wp\/v2\/media?parent=2636"}],"curies":[{"name":"wp","href":"https:\/\/api.w.org\/{rel}","templated":true}]}}