{"id":2506,"date":"2021-03-20T00:04:35","date_gmt":"2021-03-19T22:04:35","guid":{"rendered":"https:\/\/lotsarnastockholm.se\/?page_id=2506"},"modified":"2026-03-04T22:10:17","modified_gmt":"2026-03-04T21:10:17","slug":"norrkopings-lotsplats","status":"publish","type":"page","link":"https:\/\/lotsarnastockholm.se\/index.php\/norrkopings-lotsplats\/","title":{"rendered":"Norrk\u00f6ping Lotsplats"},"content":{"rendered":"\n<p class=\"has-text-align-center\"><a href=\"https:\/\/www.google.se\/maps\/place\/58%C2%B035'39.8%22N+16%C2%B012'18.7%22E\/@58.5944028,16.203006,17z\/data=!3m1!4b1!4m4!3m3!8m2!3d58.5944!4d16.2052\">58\u00b0 35.664&#8242; N 16\u00b0 12.312&#8242; E<\/a><\/p>\n\n\n\n<p><a href=\"https:\/\/lotsarnastockholm.se\/index.php\/norrkopings-lotsar-1920\/\" data-type=\"URL\" data-id=\"https:\/\/lotsarnastockholm.se\/index.php\/norrkopings-lotsar-1920\/\">Fotografier Norrk\u00f6ping Lotsar<\/a><\/p>\n\n\n\n<p>Norrk\u00f6pings stads \u00e4ldsta privilegier daterar sig fr\u00e5n \u00e5r 1384. D\u00e5 var staden endast en kvarnby, bel\u00e4gen vid Kn\u00e4ppingsborg invid Motala str\u00f6m. Senare under Gustaf II Adolfs tid, vilken konung p\u00e5 allt s\u00e4tt s\u00f6kte fr\u00e4mja landets industri genom att inkalla utl\u00e4ndskt kapital och yrkesf\u00e4rdighet till manufakturverkens grundande och drift, blev Norrk\u00f6ping huvudort f\u00f6r den banbrytande verksamhet Louis de Geer \u00f6ppnade. P\u00e5 grund av stadens bel\u00e4genhet vid Motala str\u00f6m f\u00f6renades de tvenne stora f\u00f6rdelarna av tillg\u00e4nglig vattenkraft med bekv\u00e4ma transportm\u00f6jligheter sj\u00f6ledes.<\/p>\n\n\n\n<p>Lotsplatsen inr\u00e4ttades troligen 1696 och nedlades den 1 januari 1967<\/p>\n\n\n\n<p><strong>Ur rulla 1736:<\/strong><\/p>\n\n\n\n<p>Lots Lars Pehrsson 41 \u00e5r i tj 1721<br>Lots Anders Olufsson, 32 \u00e5r i tj\u00e4nst 1729<br>Lotsdr\u00e4ng Erich Pehrsson<\/p>\n\n\n\n<p>Ur rulla 1769<\/p>\n\n\n\n<p>Lots\u00e5lderman Nils Bergman i tj\u00e4nst 1765<br>Lots: Anders \u00d6sterman, 55 \u00e5r i tj\u00e4nst 1738<br>Per Ersson, 60 \u00e5r i tj\u00e4nst 1733<br>Eric Larsson, 54 \u00e5r i tj\u00e4nst 1743<br>Utl\u00e4rd lotsdr\u00e4ng Olof Ersson, 38 \u00e5r i tj\u00e4nst 1742<\/p>\n\n\n\n<p>Ur rulla 1774:<\/p>\n\n\n\n<p>Ord lotsar: Anders \u00d6sterman, 60 \u00e5r<br>Nils Jonsson, 32 \u00e5r<\/p>\n\n\n\n<p>Sandvikens Lotsuppassning Erich Berthelsson 47 \u00e5r<\/p>\n\n\n\n<p><strong>Nedanst\u00e5ende ur Reglemente f\u00f6r Lotswerket 1799:<\/strong><\/p>\n\n\n\n<p>Under lotsuppsyningsmannen f\u00f6r Norrk\u00f6pings f\u00f6rdelning lyder Norrk\u00f6pings lotsplats med 1 lotsuppsyningsman, 1 lots\u00e5lderman, 1 ord lotsar, 2 utl\u00e4rda ord lotsdr\u00e4ngar 1 utl\u00e4rd reservlotsdr\u00e4ng och 1 lotsl\u00e4rling.<\/p>\n\n\n\n<p>Enligt 1820 \u00e5rs f\u00f6rteckning, Till Gr\u00e4ns\u00f6, Oxel\u00f6sund, sj\u00f6ss vid H\u00e4vringe, Pampus, Sandviken och N\u00e4vekvarn. 1 lots\u00e5lderman, 1 m\u00e4sterlots, 3 secundlotsar, 1 lotsl\u00e4rling<\/p>\n\n\n\n<p>Ur reglemente 1863: Lotsningsomr\u00e5de: Fr\u00e5n Norrk\u00f6ping till Pampus respektive Sandviken, N\u00e4vekvarn, Oxel\u00f6sund, Gr\u00e4ns\u00f6, till sj\u00f6ss vid H\u00e4vringe<br>Ur reglemente 1863: Lots uppassa i staden och emottaga fartyg till lotsning vid broarna.<\/p>\n\n\n\n<p><strong>Ur Minnesalbum 1914-1924<\/strong><\/p>\n\n\n\n<p>Hur l\u00e4nge Norrk\u00f6ping var lotsplats kan av h\u00e4r tillg\u00e4ngliga handlingar icke utr\u00f6nas. \u00c5r 1827 synes dock h\u00e4r ha funnits: 1 lots\u00e5lderman, 2 m\u00e4sterlotsar, 1 sekundlots och 1 lotsl\u00e4rling<\/p>\n\n\n\n<p>Genom utslag den 30 november 1827 har n\u00e4mligen Landsh\u00f6vdinge\u00e4mbetet \u00e5lagt borgerskapet i Norrk\u00f6ping att utom skyldighet att till lotsarna betala ut pengar f\u00f6r inkvartering samt r\u00e4tt till fiske i stadens fiskevatten, till lotsarna utbetala 40 riksdaler banco f\u00f6r foder och bete \u00e5t en ko.<\/p>\n\n\n\n<p>Detta utslag \u00e4ndrades den 26 februari 1839 d\u00e4rh\u00e4n att i st\u00e4llet f\u00f6r inkvarteringspengar skulle beredas en byggnadsplats \u00e5t lotsarna, vilken ocks\u00e5 enligt stadsingenj\u00f6r Bennets protokoll blivit utstakad i den s.k. G\u00e4stgivarehagen den 20 april 1841 till en vidd av 5000 kvadratalnar. N\u00e5gra byggnader blev aldrig uppf\u00f6rda, och \u00e5r 1916, d\u00e5 platsen beh\u00f6vdes av staden f\u00f6r annat \u00e4ndam\u00e5l, \u00f6verl\u00e4ts densamma mot att lotsarna erh\u00f6ll en l\u00e4mplig plats till materialg\u00e5rd p\u00e5 annat st\u00e4lle inom hamnomr\u00e5det, samt f\u00f6r all framtid en ers\u00e4ttning av 600 kronor \u00e5rligen att oavkortat f\u00f6rdelas p\u00e5 platsens i tj\u00e4nst varande lotsar. Den summan tillfaller emellertid Lotsverket.<\/p>\n\n\n\n<p>Den f\u00f6rsta distriktschef som kan sp\u00e5ras \u00e4r kapten Granberg<\/p>\n\n\n\n<p>1853 &#8211; 1869 var Anton Blom t.f.<br>1871 \u2013 1886 Werner<br>1886 &#8211; 1887 Joh. R\u00e5berg t.f.<br>1887 &#8211; 1894 lotskapten E. Smith<br>1894 \u2013 1898 C. F. Asker<br>1898 \u2013 1905 E. Sparre<\/p>\n\n\n\n<p>Norrk\u00f6pings distrikt str\u00e4ckte sig fr\u00e5n S\u00e4v\u00f6sund i norr till Figeholm i s\u00f6der till 1 augusti 1905, d\u00e5 genom sammanslagning av distrikten Kalmar blev s\u00e4te f\u00f6r distriktschefen f\u00f6r nuvarande \u00d6stra distriktet, som str\u00e4cker sig fr\u00e5n Oxel\u00f6sund till Kristianopel.<\/p>\n\n\n\n<p>Lotsarna i Norrk\u00f6ping betj\u00e4nar utg\u00e5ende trafiken fr\u00e5n Norrk\u00f6ping j\u00e4mte en del sm\u00e4rre platser i Br\u00e5viken. Fr\u00e5n sj\u00e4lva hamnen, som f.n. har ett kajomr\u00e5de av 4,160 meter l\u00e4ngd leder segelr\u00e4nnan, som huvudsakligen f\u00f6ljer Motala str\u00f6ms slingrande v\u00e4g emot Br\u00e5viken, en p\u00e5 grund av alla kr\u00f6karna, med st\u00f6rre fartyg sv\u00e5rtrafikabel led av 12,300 meter l\u00e4ngd ut till Pampusfj\u00e4rden.<\/p>\n\n\n\n<p>I r\u00e4nnan p\u00e5g\u00e5r st\u00e4ndigt f\u00f6rb\u00e4ttringsarbeten. Redan \u00e5r 1635 omtalas f\u00f6rdjupningsarbeten men \u00e4nnu \u00e5r 1730 var ledens djup ej mer \u00e4n h\u00f6gst 11 fot (3,3 meter). F\u00f6rst \u00e5ren 1852 &#8211; 1855 fick den ett djup av 16 fot (4,8 meter). Sedan \u00e5r 1903 har leden ett djup av 5,8 meter vid medelvattenst\u00e5nd och en bredd av 40 \u00e0 50 meter. F\u00f6r n\u00e4rvarande p\u00e5g\u00e5r arbeten med f\u00f6rdjupning till 6,5 meter.<\/p>\n\n\n\n<p>Trafiken \u00e4r stadd i st\u00e4ndig tillv\u00e4xt p\u00e5 grund av att flera industrier har anlagts de senaste \u00e5ren. Antalet lotsar, som ursprungligen var 4, \u00f6kades \u00e5r 1900 till 5, men redan \u00e5r 1903 m\u00e5ste antalet \u00f6kas till nuvarande 6. Lotsledernas l\u00e4ngd fr\u00e5n Norrk\u00f6ping till lotsombyte vid Oxel\u00f6sund eller Ark\u00f6 \u00e4r 34 distansminuter.<\/p>\n\n\n\n<p>Exporten best\u00e5r huvudsakligen av papper, tr\u00e4, malm, sk\u00f6rdemaskiner, bindgarn, styckegods m. m. Importen av stenkol, koks samt styckegods.<\/p>\n\n\n\n<p>Linjer som trafikerar hamnen \u00e4r Transatlantic, Ostasiatiska, Svenska America &#8211; Mexico, Svenska Lloyds, Norddeutcher Lloyds, Bremen &#8211; Australien, London &#8211; Hull, Bristol &#8211; Norrk\u00f6ping, Liverpool &#8211; Norrk\u00f6ping samt Sveabolagets linjer p\u00e5 Frankrike, Holland och Belgien, 3 olika Hamburglinjer m. fl.<\/p>\n\n\n\n<p>Lotsar och b\u00e5tm\u00e4n vid Norrk\u00f6pings lotsplats genom tiderna<\/p>\n\n\n\n<figure class=\"wp-block-table alignwide\"><table class=\"has-fixed-layout\"><tbody><tr><td><strong>Efternamn<\/strong><\/td><td><strong>F\u00f6rnamn<\/strong><\/td><td><strong>F\u00f6dd<\/strong><\/td><td><strong>I Staten<\/strong><\/td><td><strong>B\u00e5tman<\/strong><\/td><td><strong>Lpl 1<\/strong><\/td><td><strong>Lpl 2<\/strong><\/td><td><strong>Lpl 3<\/strong><\/td><\/tr><tr><td>Berg<\/td><td>Johan<\/td><td>1757<\/td><td><\/td><td><\/td><td>Norrk\u00f6ping<\/td><td><\/td><td><\/td><\/tr><tr><td>Berg<\/td><td>Sven<\/td><td>1760<\/td><td><\/td><td><\/td><td>Norrk\u00f6ping<\/td><td><\/td><td><\/td><\/tr><tr><td>Berggren<\/td><td>Olof<\/td><td>1747<\/td><td><\/td><td><\/td><td>Ark\u00f6<\/td><td>Norrk\u00f6ping<\/td><td><\/td><\/tr><tr><td>Berthelsson<\/td><td>Erich<\/td><td>1727<\/td><td><\/td><td><\/td><td>Norrk\u00f6ping<\/td><td>Oxel\u00f6sund\/Sandviken<\/td><td><\/td><\/tr><tr><td>Boqvist<\/td><td>Olof<\/td><td>1814<\/td><td><\/td><td><\/td><td>Norrk\u00f6ping<\/td><td><\/td><td><\/td><\/tr><tr><td>Herrstr\u00f6m<\/td><td>Sven<\/td><td>1778<\/td><td><\/td><td><\/td><td>Norrk\u00f6ping<\/td><td><\/td><td><\/td><\/tr><tr><td>Kjellgren<\/td><td>Anders<\/td><td><\/td><td><\/td><td><\/td><td>Norrk\u00f6ping<\/td><td><\/td><td><\/td><\/tr><tr><td>Olsson<\/td><td>Jonas<\/td><td>1814<\/td><td><\/td><td><\/td><td>Norrk\u00f6ping<\/td><td><\/td><td><\/td><\/tr><tr><td>Sandler<\/td><td>Carl<\/td><td>1793<\/td><td><\/td><td><\/td><td>Norrk\u00f6ping<\/td><td><\/td><td><\/td><\/tr><tr><td>Sundgren<\/td><td>Fredrik<\/td><td>1809<\/td><td><\/td><td><\/td><td>Norrk\u00f6ping<\/td><td><\/td><td><\/td><\/tr><tr><td>Jonsson<\/td><td>Nils<\/td><td>1742<\/td><td><\/td><td><\/td><td>Norrk\u00f6ping<\/td><td><\/td><td><\/td><\/tr><tr><td>R\u00e5berg<\/td><td>Johannes<\/td><td><\/td><td><\/td><td><\/td><td>Norrk\u00f6ping<\/td><td><\/td><td><\/td><\/tr><tr><td>Pehrsson<\/td><td>Lars<\/td><td>1695<\/td><td>1721<\/td><td><\/td><td>Norrk\u00f6ping<\/td><td><\/td><td><\/td><\/tr><tr><td>Olufsson<\/td><td>Anders<\/td><td>1704<\/td><td>1729<\/td><td><\/td><td>Norrk\u00f6ping<\/td><td><\/td><td><\/td><\/tr><tr><td>Ersson<\/td><td>Per<\/td><td>1709<\/td><td>1733<\/td><td><\/td><td>Norrk\u00f6ping<\/td><td><\/td><td><\/td><\/tr><tr><td>Pehrsson<\/td><td>Erich<\/td><td>1709<\/td><td>1733<\/td><td><\/td><td>Norrk\u00f6ping<\/td><td><\/td><td><\/td><\/tr><tr><td>\u00d6sterman<\/td><td>Anders<\/td><td>1714<\/td><td>1738<\/td><td><\/td><td>Norrk\u00f6ping<\/td><td><\/td><td><\/td><\/tr><tr><td>Erikson<\/td><td>Olof<\/td><td>1729<\/td><td>1742<\/td><td><\/td><td>Norrk\u00f6ping<\/td><td><\/td><td><\/td><\/tr><tr><td>Ersson<\/td><td>Olof<\/td><td>1731<\/td><td>1742<\/td><td><\/td><td>Norrk\u00f6ping<\/td><td><\/td><td><\/td><\/tr><tr><td>Larsson<\/td><td>Erich<\/td><td>1715<\/td><td>1743<\/td><td><\/td><td>Norrk\u00f6ping<\/td><td><\/td><td><\/td><\/tr><tr><td>Gr\u00e4ntzelius<\/td><td>Nils<\/td><td>1740<\/td><td>1758<\/td><td><\/td><td>Gr\u00e4ns\u00f6<\/td><td>Norrk\u00f6ping<\/td><td><\/td><\/tr><tr><td>Bergman<\/td><td>Nils<\/td><td><\/td><td>1765<\/td><td><\/td><td>Norrk\u00f6ping<\/td><td><\/td><td><\/td><\/tr><tr><td>Kjellander<\/td><td>Magnus<\/td><td>1779<\/td><td>1808<\/td><td><\/td><td>Norrk\u00f6ping<\/td><td><\/td><td><\/td><\/tr><tr><td>Kjellberg<\/td><td>Petter<\/td><td>1789<\/td><td>1808<\/td><td><\/td><td>Norrk\u00f6ping<\/td><td><\/td><td><\/td><\/tr><tr><td>\u00d6hman<\/td><td>Gabriel<\/td><td>1786<\/td><td>1808<\/td><td><\/td><td>Norrk\u00f6ping<\/td><td><\/td><td><\/td><\/tr><tr><td>Berg<\/td><td>Nils<\/td><td>1790<\/td><td>1810<\/td><td><\/td><td>Norrk\u00f6ping<\/td><td><\/td><td><\/td><\/tr><tr><td>S\u00f6derman<\/td><td>Petter<\/td><td>1781<\/td><td>1814<\/td><td><\/td><td>Norrk\u00f6ping<\/td><td><\/td><td><\/td><\/tr><tr><td>Erikson<\/td><td>Olof<\/td><td>1788<\/td><td>1816<\/td><td><\/td><td>Norrk\u00f6ping<\/td><td><\/td><td><\/td><\/tr><tr><td>Sundstr\u00f6m<\/td><td>Sven<\/td><td>1804<\/td><td>1819<\/td><td><\/td><td>Norrk\u00f6ping<\/td><td><\/td><td><\/td><\/tr><tr><td>S\u00f6derman<\/td><td>Petter<\/td><td>1815<\/td><td>1824<\/td><td><\/td><td>Norrk\u00f6ping<\/td><td><\/td><td><\/td><\/tr><tr><td>Erikson<\/td><td>Gustaf<\/td><td>1821<\/td><td>1833<\/td><td><\/td><td>Norrk\u00f6ping<\/td><td><\/td><td><\/td><\/tr><tr><td>S\u00f6derman<\/td><td>Carl<\/td><td>1831<\/td><td>1842<\/td><td><\/td><td>Norrk\u00f6ping<\/td><td><\/td><td><\/td><\/tr><tr><td>Gr\u00e4ntzelius<\/td><td>Johan<\/td><td>1834<\/td><td>1856<\/td><td><\/td><td>Norrk\u00f6ping<\/td><td><\/td><td><\/td><\/tr><tr><td>Sundstr\u00f6m<\/td><td>Gerdt<\/td><td>1837<\/td><td>1856<\/td><td><\/td><td>Norrk\u00f6ping<\/td><td><\/td><td><\/td><\/tr><tr><td>Granberg<\/td><td><\/td><td><\/td><td>1860<\/td><td><\/td><td>Norrk\u00f6ping<\/td><td><\/td><td><\/td><\/tr><tr><td>Rytling<\/td><td>Johan<\/td><td>1827<\/td><td>1862<\/td><td><\/td><td>Norrk\u00f6ping<\/td><td><\/td><td><\/td><\/tr><tr><td>Olofson<\/td><td>Sven<\/td><td>1834<\/td><td>1863<\/td><td><\/td><td>Norrk\u00f6ping<\/td><td><\/td><td><\/td><\/tr><tr><td>Olofsson<\/td><td>Carl<\/td><td>1842<\/td><td>1863<\/td><td><\/td><td>Norrk\u00f6ping<\/td><td><\/td><td><\/td><\/tr><tr><td>Stenb\u00e4ck<\/td><td>Gustaf<\/td><td>1850<\/td><td>1872<\/td><td><\/td><td>Ark\u00f6<\/td><td>Norrk\u00f6ping<\/td><td><\/td><\/tr><tr><td>Dahl<\/td><td>Carl<\/td><td>1848<\/td><td>1873<\/td><td><\/td><td>Oxel\u00f6sund<\/td><td>Norrk\u00f6ping<\/td><td><\/td><\/tr><tr><td>Pettersson<\/td><td>Frans<\/td><td>1853<\/td><td>1873<\/td><td><\/td><td>Norrk\u00f6ping<\/td><td><\/td><td><\/td><\/tr><tr><td>Ramstedt<\/td><td>Carl<\/td><td>1842<\/td><td>1873<\/td><td><\/td><td>Norrk\u00f6ping<\/td><td><\/td><td><\/td><\/tr><tr><td>Sundstr\u00f6m<\/td><td>Viktor<\/td><td>1857<\/td><td>1873<\/td><td><\/td><td>Oxel\u00f6sund<\/td><td>Norrk\u00f6ping<\/td><td><\/td><\/tr><tr><td>Lagerman<\/td><td>Erik<\/td><td>1860<\/td><td>1878<\/td><td><\/td><td>Norrk\u00f6ping<\/td><td><\/td><td><\/td><\/tr><tr><td>Lind<\/td><td>Carl<\/td><td>1856<\/td><td>1878<\/td><td><\/td><td>Ark\u00f6<\/td><td>Norrk\u00f6ping<\/td><td><\/td><\/tr><tr><td>Elfving<\/td><td>Gerdt<\/td><td>1865<\/td><td>1887<\/td><td><\/td><td>Oxel\u00f6sund<\/td><td>Norrk\u00f6ping<\/td><td><\/td><\/tr><tr><td>Lindstr\u00f6m<\/td><td>Nils<\/td><td>1870<\/td><td>1887<\/td><td><\/td><td>Ark\u00f6<\/td><td>Norrk\u00f6ping<\/td><td><\/td><\/tr><tr><td>Sandin<\/td><td>Anton<\/td><td>1870<\/td><td>1888<\/td><td><\/td><td>Id\u00f6<\/td><td>Oxel\u00f6sund<\/td><td>Norrk\u00f6ping<\/td><\/tr><tr><td>Sundstr\u00f6m<\/td><td>Carl<\/td><td>1870<\/td><td>1890<\/td><td><\/td><td>Oxel\u00f6sund<\/td><td>Norrk\u00f6ping<\/td><td><\/td><\/tr><tr><td>Ahlin<\/td><td>Albert<\/td><td>1879<\/td><td>1893<\/td><td><\/td><td>Strup\u00f6<\/td><td>Oxel\u00f6sund<\/td><td>Norrk\u00f6ping<\/td><\/tr><tr><td>Bergman<\/td><td>August<\/td><td>1877<\/td><td>1894<\/td><td><\/td><td>Ark\u00f6<\/td><td>Norrk\u00f6ping<\/td><td><\/td><\/tr><tr><td>\u00c5berg<\/td><td>Axel<\/td><td>1877<\/td><td>1894<\/td><td><\/td><td>Ark\u00f6<\/td><td>Norrk\u00f6ping<\/td><td><\/td><\/tr><tr><td>\u00c5hlstr\u00f6m<\/td><td>Hugo<\/td><td>1877<\/td><td>1894<\/td><td><\/td><td>Norrk\u00f6ping<\/td><td>Oxel\u00f6sund<\/td><td><\/td><\/tr><tr><td>Sundstr\u00f6m<\/td><td>Carl<\/td><td>1879<\/td><td>1895<\/td><td><\/td><td>Ark\u00f6<\/td><td>Oxel\u00f6sund<\/td><td>Norrk\u00f6ping<\/td><\/tr><tr><td>\u00d6rd\u00e9n<\/td><td>Carl<\/td><td>1879<\/td><td>1895<\/td><td><\/td><td>Oxel\u00f6sund<\/td><td>Norrk\u00f6ping<\/td><td><\/td><\/tr><tr><td>Berg<\/td><td>Tyko<\/td><td>1875<\/td><td>1896<\/td><td><\/td><td>H\u00e4radsk\u00e4r<\/td><td>Norrk\u00f6ping<\/td><td><\/td><\/tr><tr><td>Wintzell<\/td><td>Johan<\/td><td>1864<\/td><td>1896<\/td><td><\/td><td>Norrk\u00f6ping<\/td><td>Ark\u00f6<\/td><td><\/td><\/tr><tr><td>Dahl<\/td><td>August<\/td><td>1876<\/td><td>1898<\/td><td><\/td><td>Oxel\u00f6sund<\/td><td>Norrk\u00f6ping<\/td><td><\/td><\/tr><tr><td>Kronqvist<\/td><td>Magnus<\/td><td>1878<\/td><td>1899<\/td><td><\/td><td>Norrk\u00f6ping<\/td><td><\/td><td><\/td><\/tr><tr><td>Sandin<\/td><td>David<\/td><td>1882<\/td><td>1902<\/td><td><\/td><td>Norrk\u00f6ping<\/td><td>Strup\u00f6<\/td><td><\/td><\/tr><tr><td>Harder<\/td><td>Mats<\/td><td>1886<\/td><td>1905<\/td><td><\/td><td>H\u00e4radsk\u00e4r<\/td><td>Oxel\u00f6sund<\/td><td>Norrk\u00f6ping<\/td><\/tr><tr><td>Peilot<\/td><td>Axel<\/td><td>1886<\/td><td>1906<\/td><td><\/td><td>M\u00f6nster\u00e5s<\/td><td>Kalmar<\/td><td>Oxel\u00f6sund\/Norrk\u00f6ping<\/td><\/tr><tr><td>S\u00f6derlund<\/td><td>Anton<\/td><td>1887<\/td><td>1906<\/td><td><\/td><td>Ark\u00f6<\/td><td>Norrk\u00f6ping<\/td><td><\/td><\/tr><tr><td>Lewin<\/td><td>Karl<\/td><td>1887<\/td><td>1908<\/td><td><\/td><td>Ark\u00f6<\/td><td>Norrk\u00f6ping<\/td><td><\/td><\/tr><tr><td>Str\u00f6mb\u00e4ck<\/td><td>Gustaf<\/td><td>1888<\/td><td>1908<\/td><td><\/td><td>Norrk\u00f6ping<\/td><td>Ark\u00f6<\/td><td><\/td><\/tr><tr><td>L\u00f6nnberg<\/td><td>Oscar<\/td><td>1893<\/td><td>1912<\/td><td><\/td><td>Id\u00f6<\/td><td>Oxel\u00f6sund<\/td><td>Norrk\u00f6ping<\/td><\/tr><tr><td>Segersj\u00f6<\/td><td>Hugo<\/td><td>1895<\/td><td>1913<\/td><td><\/td><td>Kr\u00e5kelund<\/td><td>Ark\u00f6<\/td><td>Norrk\u00f6ping<\/td><\/tr><tr><td>Holmstr\u00f6m<\/td><td>Thor<\/td><td>1889<\/td><td>1914<\/td><td><\/td><td>Ark\u00f6<\/td><td>Oxel\u00f6sund<\/td><td>Norrk\u00f6ping<\/td><\/tr><tr><td>L\u00f6nnberg<\/td><td>Carl<\/td><td>1897<\/td><td>1916<\/td><td><\/td><td>H\u00e4radsk\u00e4r<\/td><td>Norrk\u00f6ping<\/td><td><\/td><\/tr><tr><td>Sandin<\/td><td>Ragnar<\/td><td>1897<\/td><td>1916<\/td><td><\/td><td>Oxel\u00f6sund<\/td><td>Norrk\u00f6ping<\/td><td><\/td><\/tr><tr><td>Sund\u00e9n<\/td><td>Karl<\/td><td>1899<\/td><td>1916<\/td><td><\/td><td>Sk\u00e4ggen\u00e4s<\/td><td>Ark\u00f6<\/td><td>Norrk\u00f6ping<\/td><\/tr><tr><td>Diener<\/td><td>Axel<\/td><td>1894<\/td><td>1917<\/td><td><\/td><td>Oxel\u00f6sund<\/td><td>Norrk\u00f6ping<\/td><td><\/td><\/tr><tr><td>Holmgren<\/td><td>Fritz<\/td><td>1900<\/td><td>1919<\/td><td><\/td><td>Ark\u00f6<\/td><td>Norrk\u00f6ping<\/td><td><\/td><\/tr><tr><td>\u00d6stling<\/td><td>Arvid<\/td><td>1906<\/td><td>1920<\/td><td><\/td><td>H\u00e4radsk\u00e4r<\/td><td>Oxel\u00f6sund<\/td><td>Norrk\u00f6ping<\/td><\/tr><tr><td>Nilsson<\/td><td>Gustaf<\/td><td>1903<\/td><td>1921<\/td><td><\/td><td>Timmernabben<\/td><td>Oxel\u00f6sund<\/td><td>Norrk\u00f6ping<\/td><\/tr><tr><td>Sundin<\/td><td>Karl<\/td><td>1903<\/td><td>1921<\/td><td><\/td><td>Oxel\u00f6sund<\/td><td>Norrk\u00f6ping<\/td><td><\/td><\/tr><tr><td>Ericson<\/td><td>\u00c5ke<\/td><td>1907<\/td><td>1925<\/td><td><\/td><td>H\u00e4radsk\u00e4r<\/td><td>Oxel\u00f6sund<\/td><td>Norrk\u00f6ping<\/td><\/tr><tr><td>\u00c5berg<\/td><td>Axel<\/td><td><\/td><td>1925<\/td><td><\/td><td>Norrk\u00f6ping<\/td><td>Ark\u00f6<\/td><td><\/td><\/tr><tr><td>\u00c5hsberg<\/td><td>Arthur<\/td><td>1905<\/td><td>1925<\/td><td><\/td><td>Ark\u00f6<\/td><td>Norrk\u00f6ping<\/td><td><\/td><\/tr><tr><td>Eriksson<\/td><td>Nils<\/td><td>1904<\/td><td>1926<\/td><td><\/td><td>Stedsholmen<\/td><td>Norrk\u00f6ping<\/td><td>Oxel\u00f6sund<\/td><\/tr><tr><td>Hammarqvist<\/td><td>Karl<\/td><td>1904<\/td><td>1927<\/td><td><\/td><td>Ark\u00f6<\/td><td>Norrk\u00f6ping<\/td><td><\/td><\/tr><tr><td>F\u00e5ngquist<\/td><td>Karl<\/td><td>1911<\/td><td>1931<\/td><td><\/td><td>Oxel\u00f6sund<\/td><td>Norrk\u00f6ping<\/td><td>S\u00f6dert\u00e4lje<\/td><\/tr><tr><td>Ros\u00e9n<\/td><td>Thorsten<\/td><td>1909<\/td><td>1934<\/td><td><\/td><td>Ark\u00f6<\/td><td>Norrk\u00f6ping<\/td><td><\/td><\/tr><tr><td>Isberg<\/td><td>Stig<\/td><td>1916<\/td><td>1935<\/td><td>1940-06-01<\/td><td>Ark\u00f6<\/td><td>Norrk\u00f6ping<\/td><td><\/td><\/tr><tr><td>Paulsson<\/td><td>Harald<\/td><td>1911<\/td><td>1935<\/td><td><\/td><td>Ark\u00f6<\/td><td>Norrk\u00f6ping<\/td><td><\/td><\/tr><tr><td>Sundstr\u00f6m<\/td><td>Karl<\/td><td>1914<\/td><td>1937<\/td><td><\/td><td>Norrk\u00f6ping<\/td><td>Oxel\u00f6sund<\/td><td><\/td><\/tr><tr><td>\u00c5hsberg<\/td><td>B\u00f6rje<\/td><td>1913<\/td><td>1937<\/td><td><\/td><td>Norrk\u00f6ping<\/td><td>Oxel\u00f6sund<\/td><td><\/td><\/tr><tr><td>Engstr\u00f6m<\/td><td>Nils<\/td><td>1915<\/td><td>1938<\/td><td><\/td><td>Ark\u00f6<\/td><td>Norrk\u00f6ping<\/td><td><\/td><\/tr><tr><td>Sj\u00f6gren<\/td><td>Sture<\/td><td>1908<\/td><td>1938<\/td><td>1941-12-01<\/td><td>Oxel\u00f6sund<\/td><td>Norrk\u00f6ping<\/td><td><\/td><\/tr><tr><td>Andersson<\/td><td>Erik<\/td><td>1921<\/td><td>1939<\/td><td><\/td><td>Oxel\u00f6sund<\/td><td>Norrk\u00f6ping<\/td><td><\/td><\/tr><tr><td>Holmgren<\/td><td>G\u00f6sta<\/td><td>1922<\/td><td>1948<\/td><td><\/td><td>Norrk\u00f6ping<\/td><td>Dalar\u00f6<\/td><td>Stockholm<\/td><\/tr><tr><td>Nilsson<\/td><td>Stig<\/td><td>1928<\/td><td>1952<\/td><td><\/td><td>Ark\u00f6<\/td><td>Oxel\u00f6sund<\/td><td>Norrk\u00f6ping<\/td><\/tr><tr><td>\u00c5gren<\/td><td>\u00c5ke<\/td><td>1920<\/td><td>1953<\/td><td><\/td><td>Ark\u00f6<\/td><td>Norrk\u00f6ping<\/td><td><\/td><\/tr><tr><td>Crona<\/td><td>Berndt<\/td><td>1925<\/td><td>1954<\/td><td><\/td><td>Ark\u00f6<\/td><td>Norrk\u00f6ping<\/td><td><\/td><\/tr><tr><td>Stoltz<\/td><td>Stig<\/td><td>1925<\/td><td>1955<\/td><td><\/td><td>Ark\u00f6<\/td><td>Norrk\u00f6ping<\/td><td><\/td><\/tr><tr><td>\u00d6sterman<\/td><td>Lars<\/td><td>1925<\/td><td>1955<\/td><td><\/td><td>Ark\u00f6<\/td><td>Norrk\u00f6ping<\/td><td><\/td><\/tr><tr><td>Hellstr\u00f6m<\/td><td>Stig<\/td><td>1930<\/td><td>1957<\/td><td><\/td><td>Oxel\u00f6sund<\/td><td>Norrk\u00f6ping<\/td><td><\/td><\/tr><tr><td>Ahlstedt<\/td><td>Per<\/td><td>1943<\/td><td>1974<\/td><td><\/td><td>Oxel\u00f6sund<\/td><td>Norrk\u00f6ping<\/td><td><\/td><\/tr><\/tbody><\/table><\/figure>\n","protected":false},"excerpt":{"rendered":"<p>58\u00b0 35.664&#8242; N 16\u00b0 12.312&#8242; E Fotografier Norrk\u00f6ping Lotsar Norrk\u00f6pings stads \u00e4ldsta privilegier daterar sig fr\u00e5n \u00e5r 1384. D\u00e5 var staden endast en kvarnby, bel\u00e4gen vid Kn\u00e4ppingsborg invid Motala str\u00f6m. Senare under Gustaf II Adolfs tid, vilken konung p\u00e5 allt s\u00e4tt s\u00f6kte fr\u00e4mja landets industri genom att inkalla utl\u00e4ndskt kapital och yrkesf\u00e4rdighet till manufakturverkens grundande&hellip; <a class=\"more-link\" href=\"https:\/\/lotsarnastockholm.se\/index.php\/norrkopings-lotsplats\/\">Forts\u00e4tt l\u00e4sa <span class=\"screen-reader-text\">Norrk\u00f6ping Lotsplats<\/span><\/a><\/p>\n","protected":false},"author":1,"featured_media":0,"parent":0,"menu_order":0,"comment_status":"closed","ping_status":"closed","template":"","meta":{"footnotes":""},"class_list":["post-2506","page","type-page","status-publish","hentry","entry"],"_links":{"self":[{"href":"https:\/\/lotsarnastockholm.se\/index.php\/wp-json\/wp\/v2\/pages\/2506","targetHints":{"allow":["GET"]}}],"collection":[{"href":"https:\/\/lotsarnastockholm.se\/index.php\/wp-json\/wp\/v2\/pages"}],"about":[{"href":"https:\/\/lotsarnastockholm.se\/index.php\/wp-json\/wp\/v2\/types\/page"}],"author":[{"embeddable":true,"href":"https:\/\/lotsarnastockholm.se\/index.php\/wp-json\/wp\/v2\/users\/1"}],"replies":[{"embeddable":true,"href":"https:\/\/lotsarnastockholm.se\/index.php\/wp-json\/wp\/v2\/comments?post=2506"}],"version-history":[{"count":10,"href":"https:\/\/lotsarnastockholm.se\/index.php\/wp-json\/wp\/v2\/pages\/2506\/revisions"}],"predecessor-version":[{"id":7781,"href":"https:\/\/lotsarnastockholm.se\/index.php\/wp-json\/wp\/v2\/pages\/2506\/revisions\/7781"}],"wp:attachment":[{"href":"https:\/\/lotsarnastockholm.se\/index.php\/wp-json\/wp\/v2\/media?parent=2506"}],"curies":[{"name":"wp","href":"https:\/\/api.w.org\/{rel}","templated":true}]}}