{"id":2490,"date":"2021-03-19T19:45:20","date_gmt":"2021-03-19T17:45:20","guid":{"rendered":"https:\/\/lotsarnastockholm.se\/?page_id=2490"},"modified":"2026-02-16T21:59:48","modified_gmt":"2026-02-16T20:59:48","slug":"kylejs-lotsplats","status":"publish","type":"page","link":"https:\/\/lotsarnastockholm.se\/index.php\/kylejs-lotsplats\/","title":{"rendered":"Kylej Lotsplats"},"content":{"rendered":"\n<p class=\"has-text-align-center\"><a href=\"https:\/\/www.google.se\/maps\/place\/57%C2%B045'11.8%22N+18%C2%B056'56.9%22E\/@57.7532667,18.9469446,17z\/data=!3m1!4b1!4m4!3m3!8m2!3d57.7532667!4d18.9491333\">57\u00b0 45.196&#8242; N 18\u00b0 56.948&#8242; E<\/a><\/p>\n\n\n\n<p><a href=\"https:\/\/lotsarnastockholm.se\/index.php\/kylejs-lotsar-1920\/\" data-type=\"URL\" data-id=\"https:\/\/lotsarnastockholm.se\/index.php\/kylejs-lotsar-1920\/\">Fotografier Kylejs Lotsar<\/a><\/p>\n\n\n\n<p>Kylej eller Kyllaj upptogs som lotsplats n\u00e5gon g\u00e5ng runt 1730 och nedlades 1 okt 1964<\/p>\n\n\n\n<p>Redan omkring 1740 finns flera officiella lotsplatser i Hellvi. Den st\u00f6rre omfattade Kyllaj med Lergrav och Vallwik, men Lergrav upph\u00f6rde 1880.<\/p>\n\n\n\n<p>Kyllaj lotsstation \u00e4r k\u00e4nd fr\u00e5n \u00e5tminstone 1731 d\u00e5 en David M\u00f6ller \u00e4r lots p\u00e5 Kyllaj (d\u00f6d 1751), och from 1733 med lotsdr\u00e4ngen Anders Dynisson, vilken 1740 flyttar till Lergrav. Samma \u00e5r tilltr\u00e4der Per Knutsson Giedda, vilken 1741 f\u00f6rs \u00f6ver till Hide. Fr\u00e5n 1748 kompletterad med lotsdr\u00e4ngen Michael S\u00f6rensson. Dessutom fanns lotsen Lars och tiondelistans noteringar antyder \u00e4nnu flera lotsdr\u00e4ngar. Hela Vallevik sorterade under Kyllaj.<\/p>\n\n\n\n<p>Sl\u00e4kten Wallin k\u00e4nd fr\u00e5n 1752, och fortsatte i m\u00e5nga led. Som lotsarna bodde i egna hus finns idag fem hus p\u00e5 Kyllaj d\u00e4r olika lotsar bott (och ett sj\u00e4tte \u00e4r rivet). Till deras boplatser p\u00e5 bergskanten ovanf\u00f6r Kyllaj ugnar h\u00f6rde \u00e4ven vissa \u00e5krar, samt en lotsutkik. Petter Wallin (1807-63) ska \u00e4ven ha varit en av traktens spelem\u00e4n.<\/p>\n\n\n\n<p>P\u00e5 1870-talet fanns 4 lotsar, JP \u00d6stergren, Anton Vallin, M\u00e5rten och Olof Klintberg, men de tv\u00e5 senares tj\u00e4nster drogs in. 1885 fanns \u00d6stergren och Wallin. 1895 Wallin, MN Klintberg och PA Wallin samt l\u00e4rlingen OP Klintberg. 1925 omkom lotsarna Alfred Harthon och KA Nilsson vid r\u00e4ddningsf\u00f6rs\u00f6k \u00e5 Sm\u00f6jen.<\/p>\n\n\n\n<p>1908-10 innehar Kyllaj Hamn respektive lotsstationen Kyllajbolagets telefonnummer L\u00e4rbro 10, vilket sedan tycks f\u00f6rsvinna. 1930 har lotsarna ist\u00e4llet L\u00e4rbro 31b (Tullstationen 31a), men sm\u00e5ningom ist\u00e4llet Hellvi 92.<\/p>\n\n\n\n<p>Under 1920 talet var Kyllaj en tid Gotlands mest anlitade lotsstation. \u00c4nnu p\u00e5 40-talet hade man ca 40 b\u00e5tar per m\u00e5nad, men genom den minskade trafiken lades verksamheten ned 1\/10 1964 och \u00f6verflyttades till Slite. Sista anst\u00e4llda var Einar Persson med b\u00e5tm\u00e4nnen Per Fagerlund och Einar Karlsson.<\/p>\n\n\n\n<p><strong>Hide<\/strong>. Fr\u00e5n 1741 \u00e5rs mantalsl\u00e4ngd antecknas lotsen Per Knutsson Giedda tillsammans med strandridare Johan Landtbom p\u00e5 Hijde hamng\u00e5rd. Giedda var 1740 lotsdr\u00e4ng p\u00e5 Kyllaj. 1749 bokf\u00f6rs Giedda ist\u00e4llet p\u00e5 L\u00f6rje.<\/p>\n\n\n\n<p><strong>L\u00f6rje<\/strong>. Ligger strax syd om Kyllej. Fr\u00e5n 1749 stationeringsort f\u00f6r strandridare Hans Eneqvist, lotsen Per Knutsson Giedda och lotsdr\u00e4ngen Jacob Norrby. 1826 d\u00f6r lots\u00e4nkan Brita p\u00e5 L\u00f6rje, 62 \u00e5r.<\/p>\n\n\n\n<p><strong>Lergrav<\/strong>. Lotsdr\u00e4ng Anders Dynisson, som l\u00e4nge tj\u00e4nstgjort under M\u00f6ller p\u00e5 Kyllaj flyttar 1740 med hustru fr\u00e5n Kyllaj till Lergrav. 1743 kompletterad med lotsdr\u00e4ngen Lars S\u00f6rensson och fr\u00e5n 1748 \u00e4ven lots Lars Hindriksson. Mot slutet av 1700 talet fr\u00e4mst lotssl\u00e4kten Sj\u00f6berg. Stationen upph\u00f6r 1880.<\/p>\n\n\n\n<p>En \u00e4ldre lotsutkik ersattes under 1880 talet av att lotsarna kunde anv\u00e4nda den h\u00f6gbana som byggdes till<em> \u201dT\u00f6rners ugn\u201d<\/em> och p\u00e51900 talet Gibsons tegelugn. N\u00e4r h\u00f6gbanan f\u00f6rsvunnit vid tiotalets slut sattes en ny lotsutkik upp 1923, som f\u00f6rdes hit fr\u00e5n Husar\u00f6 i Stockholms sk\u00e4rg\u00e5rd, d\u00e4r 1923, d\u00e4r lpl lagts ned 1912.<\/p>\n\n\n\n<p>N\u00e4r b\u00e5tar flaggade eller blossade efter lots ropade vakthavande \u201dflaggen bl\u00e5sart, flaggen bliksar\u201d s\u00e5 det h\u00f6rdes \u00f6ver havande <em>\u201dflaggen bl\u00e5sart, flaggen bl\u00e5sar\u201d<\/em><\/p>\n\n\n\n<figure class=\"wp-block-image size-full\"><a href=\"https:\/\/lotsarnastockholm.se\/wp-content\/uploads\/2024\/01\/image.png\"><img fetchpriority=\"high\" decoding=\"async\" width=\"561\" height=\"801\" src=\"https:\/\/lotsarnastockholm.se\/wp-content\/uploads\/2024\/01\/image.png\" alt=\"\" class=\"wp-image-6482\" srcset=\"https:\/\/lotsarnastockholm.se\/wp-content\/uploads\/2024\/01\/image.png 561w, https:\/\/lotsarnastockholm.se\/wp-content\/uploads\/2024\/01\/image-210x300.png 210w\" sizes=\"(max-width: 561px) 100vw, 561px\" \/><\/a><\/figure>\n\n\n\n<figure class=\"wp-block-image size-full\"><a href=\"https:\/\/lotsarnastockholm.se\/wp-content\/uploads\/2024\/01\/image-1.png\"><img decoding=\"async\" width=\"572\" height=\"457\" src=\"https:\/\/lotsarnastockholm.se\/wp-content\/uploads\/2024\/01\/image-1.png\" alt=\"\" class=\"wp-image-6484\" srcset=\"https:\/\/lotsarnastockholm.se\/wp-content\/uploads\/2024\/01\/image-1.png 572w, https:\/\/lotsarnastockholm.se\/wp-content\/uploads\/2024\/01\/image-1-300x240.png 300w\" sizes=\"(max-width: 572px) 100vw, 572px\" \/><\/a><\/figure>\n\n\n\n<p>&#8230;&#8230;&#8230;&#8230;&#8230;&#8230;&#8230;&#8230;&#8230;&#8230;&#8230;..<\/p>\n\n\n\n<p>Nedanst\u00e5ende ur reglemente 1799: Under lotsuppsyningsman f\u00f6r Gotlands f\u00f6rdelning lyder lotsplatsen Wallvik med Kylej. 1 Lots\u00e5lderman, 1 ord lots, 1 utl\u00e4rd reservlotsdr\u00e4ng och 1 lotsl\u00e4rling<\/p>\n\n\n\n<p>Lotsningsomr\u00e5de: Lotsarna emottaga fr\u00e5n sj\u00f6n att inlotsa, utlotsa till sj\u00f6ss och till L\u00f6rje, Hejde och S:t Olofshamn<\/p>\n\n\n\n<p>Ur regle. 1863: Lotsningsomr\u00e5de Fr\u00e5n Vallvik till F\u00e5r\u00f6sund resp Kylej, till sj\u00f6ss eller fr\u00e5n sj\u00f6n. Fr\u00e5n Kylej och L\u00f6rje till Lergrav resp. Slitehamn till och fr\u00e5n sj\u00f6n<\/p>\n\n\n\n<p>Ur lotsledsf\u00f6rteckning 1916: Lots uppassa vid hamnen och m\u00f6ta fr\u00e5n sj\u00f6n kommande fartyg utanf\u00f6r Britgrund<\/p>\n\n\n\n<p>Ur rulla 1774: lots\u00e5lderman Jon Stare<br>Lots Abraham Olsson, 51 \u00e5r 15 tj \u00e5r<br>Lars Hindrichsson, 63 \u00e5r, 16 tj \u00e5r<br>Lotsl\u00e4rling: Olof Larsson, 20 \u00e5r, 3 tj \u00e5r<\/p>\n\n\n\n<p>Ur rulla 1818:<br>Lots\u00e5lderman: J Alexandersson<br>Ord lots J.P. Klintbom<br>Reservlotsdr\u00e4ngen J. Wallin<br>lotsl\u00e4rlingen Albr. Klintbom<\/p>\n\n\n\n<p>Ur 1820 \u00e5rs f\u00f6rteckning: Till Lergrav, L\u00f6rje eller S:t Olofshamn, Slite sj\u00f6ss eller fr\u00e5n: 1 secund lots och 1 l\u00e4rling<\/p>\n\n\n\n<p>1913 flyttades lotsuppassningshuset fr\u00e5n Husar\u00f6 fd lotsplats till Kylej.<br>1929 fick lotsplatsen telefon<\/p>\n\n\n\n<p><strong>H\u00e4ndelse<\/strong><\/p>\n\n\n\n<p>En tragedi p\u00e5 Gotlands kust. Vid den lilla, vackert bel\u00e4gna lotsplatsen Kylej \u00e5 Gotlands \u00f6stra kust, strax norr om Slite, skedde den 21 december 1925 en olycksh\u00e4ndelse, som kr\u00e4vde tre m\u00e4nniskoliv.<br>P. A. Wallin, lotsf\u00f6rman ber\u00e4ttar:<\/p>\n\n\n\n<p>Den 20 december p\u00e5 aftonen b\u00f6rjade en orkanartad sydostlig sn\u00f6storm att bl\u00e5sa, och strax efter midnatt slet vid Sm\u00f6jehamn alldeles intill Kylej tyska \u00e5ngaren Poseidon sina f\u00f6rt\u00f6jningar. Den f\u00f6rs\u00f6kte att komma till annan s\u00e4krare ankarplats med den olyckliga p\u00e5f\u00f6ljden, att den strandade alldeles bredvid Sm\u00f6jehanm \u2014 p\u00e5 yttersidan av L\u00f6rjeholmen.<\/p>\n\n\n\n<p>Till f\u00f6ljd av m\u00f6rkret och sn\u00f6stormen blev h\u00e4ndelsen ej k\u00e4nd vid lotsplatsen f\u00f6rr\u00e4n vid \u00e5ttatiden p\u00e5 morgonen. Haveristen l\u00e5g 150 meter utanf\u00f6r stranden, och sj\u00f6n br\u00f6t sv\u00e5rt \u00f6ver hela skrovet. Livr\u00e4ddningsmaterielen som kom fr\u00e5n Visby transporterades till yttre sidan av holmen, d\u00e4r redan den f\u00f6rsta raketen f\u00f6rde linan ombord p\u00e5 \u00e5ngaren, och det dr\u00f6jde ej l\u00e4nge, innan stj\u00e4rtblocket var fastgjort vid stormasten. Men n\u00e4r man hala ut kabeln, f\u00f6rdes den ena parten av uthalningslinan av de sv\u00e5ra brotten in under en stenh\u00e4ll och fastnade d\u00e4r. Tv\u00e5 av lotsarna vid Kylej, vilka bitr\u00e4dde vid arbetet, n\u00e4mligen Knut Fritz Victor Nilsson och Karl Alfred Rutger Hansson Harthon, hoppade nu ut p\u00e5 h\u00e4llen f\u00f6r att f\u00e5 loss linan, men samtidigt kom ett sv\u00e5rt brott rullande in mot stranden och sopade bort de behj\u00e4rtade m\u00e4nnen.<\/p>\n\n\n\n<p>Extralotsen Wallin och roddaren Hed lyckades emellertid efter n\u00e5gra minuter f\u00e5 tag i Nilsson och f\u00e5 honom i land. Upplivningsf\u00f6rs\u00f6k gjordes omedelbart men tyv\u00e4rr f\u00f6rg\u00e4ves, och det \u00e5terstod endast att f\u00f6ra hans av k\u00f6lden stelnade kropp i land, &nbsp;d\u00e4r hustru och barn v\u00e4ntade.<\/p>\n\n\n\n<p>I r\u00e4ddningsarbetet deltog sj\u00f6kaptenen H\u00f6rberg, och n\u00e4r han vid ett tillf\u00e4lle skulle ensam ta sig i land fr\u00e5n L\u00f6rjeholmen, kantrade hans b\u00e5t, varvid \u00e4ven han drunknade.<\/p>\n\n\n\n<p><strong><em>Minnesalbum 1914-1924 Lotsverkets personal:<\/em><\/strong><\/p>\n\n\n\n<p>Tidpunkten f\u00f6r platsens upptagande som lotsstation \u00e4ro ej k\u00e4nd. F\u00f6rsta n\u00e4mnda lotsar var:<\/p>\n\n\n\n<p>Jonas Wallin, f\u00f6dd \u00e5r 1780, d\u00f6d \u00e5r 1846<br>Abraham Klintbom f\u00f6dd \u00e5r 1794, d\u00f6d \u00e5r 1879<br>Jonas Petter Wallin, f\u00f6dd \u00e5r 1806, d\u00f6d \u00e5r 1863.<\/p>\n\n\n\n<p>Genom kontrakt av \u00e5r 1827 f\u00f6rv\u00e4rvades plats f\u00f6r lotsstationen fr\u00e5n Wiflings hemman.<\/p>\n\n\n\n<p>Kylejs hamn, vid vilken lotsstationen \u00e4r f\u00f6rlagd, hade p\u00e5 1880 talet en livlig trafik, vilken nu (1925) emellertid i det n\u00e4rmaste helt har upph\u00f6rt, beroende p\u00e5 det ringa djupet i hamnen.<\/p>\n\n\n\n<p>Ist\u00e4llet har under de senare \u00e5ren uppst\u00e5tt en del lastplatser och lastbryggor i n\u00e4rheten av lotsstationen, s\u00e5som<\/p>\n\n\n\n<p>Wallvikens cementfabrik<br>Fjaugens lastageplats<br>Furillens kalkbrott<br>Sm\u00f6jens kalkbrott<br>Olofholms lastageplats<\/p>\n\n\n\n<p>Lotsning till samtliga dessa platser \u00e5ligger lotsarna vid Kylejs lotsplats att utf\u00f6ra.<\/p>\n\n\n\n<p>Den 2 juli 1915 kunde man fr\u00e5n lotsplatsen se striden mellan tyska och ryska sj\u00f6stridskrafter, som slutade med tyska minkryssaren Albatross s\u00e4ttandes p\u00e5 land vid \u00d6stergarns fyr.<\/p>\n\n\n\n<p>Lotsar och b\u00e5tm\u00e4n vid Kylejs Lpl<\/p>\n\n\n\n<figure class=\"wp-block-table alignwide\"><table class=\"has-fixed-layout\"><tbody><tr><td><strong>Efternamn<\/strong><\/td><td><strong>F\u00f6rnamn<\/strong><\/td><td><strong>F\u00f6dd<\/strong><\/td><td>I<strong> Staten<\/strong><\/td><td><strong>B\u00e5tman<\/strong><\/td><td><strong>Lpl 1<\/strong><\/td><td><strong>Lpl 2<\/strong><\/td><\/tr><tr><td>Giedda<\/td><td>Per<\/td><td><\/td><td>1740<\/td><td><\/td><td>Kylej<\/td><td>Hide hamng\u00e5rd\/<br>Ljugarn<\/td><\/tr><tr><td>Hindrichsson<\/td><td>Lars<\/td><td>1711<\/td><td>1748<\/td><td><\/td><td>Kylej<\/td><td>Lergrav<\/td><\/tr><tr><td>S\u00f6rensson<\/td><td>Michael<\/td><td><\/td><td>1748<\/td><td><\/td><td>Kylej<\/td><td><\/td><\/tr><tr><td>Olsson<\/td><td>Abraham<\/td><td>1723<\/td><td>1759<\/td><td><\/td><td>Kylej<\/td><td><\/td><\/tr><tr><td>Stare<\/td><td>Jon<\/td><td><\/td><td>1760<\/td><td><\/td><td>Lergraf- Wallvik<\/td><td>Kylej<\/td><\/tr><tr><td>Larsson<\/td><td>Olof<\/td><td>1754<\/td><td>1771<\/td><td><\/td><td>Kylej<\/td><td><\/td><\/tr><tr><td>Wallin<\/td><td>Jonas<\/td><td>1834<\/td><td>1843<\/td><td><\/td><td>Kylej<\/td><td>Slite<\/td><\/tr><tr><td>\u00d6stergren<\/td><td>Johan<\/td><td>1834<\/td><td>1853<\/td><td><\/td><td>Kylej<\/td><td><\/td><\/tr><tr><td>Wallin<\/td><td>Olof<\/td><td>1845<\/td><td>1859<\/td><td><\/td><td>Kylej<\/td><td><\/td><\/tr><tr><td>Klintberg<\/td><td>M\u00e5rten<\/td><td>1838<\/td><td>1862<\/td><td><\/td><td>Kylej<\/td><td><\/td><\/tr><tr><td>Klintberg<\/td><td>Olof<\/td><td>1842<\/td><td>1864<\/td><td><\/td><td>Kylej<\/td><td><\/td><\/tr><tr><td>Bj\u00f6rling<\/td><td>C<\/td><td><\/td><td>1864<\/td><td><\/td><td>Kylej<\/td><td><\/td><\/tr><tr><td>Wallin<\/td><td>Petter<\/td><td>1869<\/td><td>1894<\/td><td><\/td><td>Kylej<\/td><td><\/td><\/tr><tr><td>Wallin<\/td><td>Lars<\/td><td>1879<\/td><td>1900<\/td><td><\/td><td>Kylej<\/td><td><\/td><\/tr><tr><td>Ronvik<\/td><td>Karl<\/td><td>1881<\/td><td>1901<\/td><td><\/td><td>Klintehamn<\/td><td>Kylej<\/td><\/tr><tr><td>Harthon<\/td><td>Carl<\/td><td>1889<\/td><td>1907<\/td><td><\/td><td>Kylej<\/td><td><\/td><\/tr><tr><td>Nilsson<\/td><td>Viktor<\/td><td>1880<\/td><td>1909<\/td><td><\/td><td>Kylej<\/td><td><\/td><\/tr><tr><td>Wallin<\/td><td>Karl<\/td><td>1895<\/td><td>1909<\/td><td><\/td><td>Kylej<\/td><td>Slite<\/td><\/tr><tr><td>Wallin<\/td><td>Olof<\/td><td>1895<\/td><td>1911<\/td><td><\/td><td>Kylej<\/td><td><\/td><\/tr><tr><td>Lindholm<\/td><td>Erik<\/td><td>1902<\/td><td>1926<\/td><td><\/td><td>Kylej<\/td><td><\/td><\/tr><tr><td>Fagerlund<\/td><td>Pehr<\/td><td>1906<\/td><td>1941<\/td><td>1952-07-01<\/td><td>Kylej<\/td><td><\/td><\/tr><tr><td>Gustafsson<\/td><td>Karl<\/td><td>1917<\/td><td>1941<\/td><td><\/td><td>Kylej<\/td><td>Slite\/F\u00e5r\u00f6sund\/<br>Ronehamn\/Visby<\/td><\/tr><tr><td>Persson<\/td><td>Einar<\/td><td>1921<\/td><td>1952<\/td><td>1952-04-01<\/td><td>Kylej<\/td><td>F\u00e5r\u00f6sund\/<br>Storugns\/L\u00e4rbro<\/td><\/tr><tr><td>Karlsson<\/td><td>Einar<\/td><td>1930<\/td><td>1958<\/td><td>1962-11-01<\/td><td>Kylej<\/td><td><\/td><\/tr><tr><td>Wallin<\/td><td>Jonas<\/td><td>1780<\/td><td><\/td><td><\/td><td>Kylej<\/td><td><\/td><\/tr><tr><td>Klintbom<\/td><td>Abraham<\/td><td>1794<\/td><td><\/td><td><\/td><td>Kylej<\/td><td><\/td><\/tr><tr><td>Wallin<\/td><td>Jonas<\/td><td>1806<\/td><td><\/td><td><\/td><td>Kylej<\/td><td><\/td><\/tr><tr><td>Alexandersson<\/td><td>J<\/td><td><\/td><td><\/td><td><\/td><td>Kylej<\/td><td>S:t Olofshamn<\/td><\/tr><tr><td>Dynisson<\/td><td>Anders<\/td><td><\/td><td><\/td><td><\/td><td>Kylej<\/td><td>Lergrav<\/td><\/tr><tr><td>Klintbom<\/td><td>J<\/td><td><\/td><td><\/td><td><\/td><td>Kylej<\/td><td><\/td><\/tr><tr><td>M\u00f6ller<\/td><td>David<\/td><td><\/td><td><\/td><td><\/td><td>Kylej<\/td><td><\/td><\/tr><\/tbody><\/table><\/figure>\n","protected":false},"excerpt":{"rendered":"<p>57\u00b0 45.196&#8242; N 18\u00b0 56.948&#8242; E Fotografier Kylejs Lotsar Kylej eller Kyllaj upptogs som lotsplats n\u00e5gon g\u00e5ng runt 1730 och nedlades 1 okt 1964 Redan omkring 1740 finns flera officiella lotsplatser i Hellvi. Den st\u00f6rre omfattade Kyllaj med Lergrav och Vallwik, men Lergrav upph\u00f6rde 1880. Kyllaj lotsstation \u00e4r k\u00e4nd fr\u00e5n \u00e5tminstone 1731 d\u00e5 en David&hellip; <a class=\"more-link\" href=\"https:\/\/lotsarnastockholm.se\/index.php\/kylejs-lotsplats\/\">Forts\u00e4tt l\u00e4sa <span class=\"screen-reader-text\">Kylej Lotsplats<\/span><\/a><\/p>\n","protected":false},"author":1,"featured_media":0,"parent":0,"menu_order":0,"comment_status":"closed","ping_status":"closed","template":"","meta":{"footnotes":""},"class_list":["post-2490","page","type-page","status-publish","hentry","entry"],"_links":{"self":[{"href":"https:\/\/lotsarnastockholm.se\/index.php\/wp-json\/wp\/v2\/pages\/2490","targetHints":{"allow":["GET"]}}],"collection":[{"href":"https:\/\/lotsarnastockholm.se\/index.php\/wp-json\/wp\/v2\/pages"}],"about":[{"href":"https:\/\/lotsarnastockholm.se\/index.php\/wp-json\/wp\/v2\/types\/page"}],"author":[{"embeddable":true,"href":"https:\/\/lotsarnastockholm.se\/index.php\/wp-json\/wp\/v2\/users\/1"}],"replies":[{"embeddable":true,"href":"https:\/\/lotsarnastockholm.se\/index.php\/wp-json\/wp\/v2\/comments?post=2490"}],"version-history":[{"count":12,"href":"https:\/\/lotsarnastockholm.se\/index.php\/wp-json\/wp\/v2\/pages\/2490\/revisions"}],"predecessor-version":[{"id":7670,"href":"https:\/\/lotsarnastockholm.se\/index.php\/wp-json\/wp\/v2\/pages\/2490\/revisions\/7670"}],"wp:attachment":[{"href":"https:\/\/lotsarnastockholm.se\/index.php\/wp-json\/wp\/v2\/media?parent=2490"}],"curies":[{"name":"wp","href":"https:\/\/api.w.org\/{rel}","templated":true}]}}