{"id":247,"date":"2015-10-28T21:27:17","date_gmt":"2015-10-28T20:27:17","guid":{"rendered":"http:\/\/lotsarnastockholm.se\/?page_id=247"},"modified":"2025-12-06T22:32:55","modified_gmt":"2025-12-06T21:32:55","slug":"fyrar","status":"publish","type":"page","link":"https:\/\/lotsarnastockholm.se\/index.php\/historia\/fyrar\/","title":{"rendered":"Utm\u00e4rkning och fyrar"},"content":{"rendered":"<h2><strong><u>Utm\u00e4rkning<\/u><\/strong><\/h2>\n<p>Jag har reducerat inneh\u00e5llet och alla de bilder jag hade om fyrar eftersom allt detta \u00e4r s\u00e5 mycket b\u00e4ttre redovisat p\u00e5 Svenska Fyrs\u00e4llskapets hemsida<\/p>\n<p><a href=\"https:\/\/fyr.org\/\">Start | Svenska Fyrs\u00e4llskapet<\/a><\/p>\n<p>samt \u00e4ven lexikon<\/p>\n<p><a href=\"http:\/\/www.fyr.org\/wiki\/index.php\/Huvudsida\" target=\"_blank\" rel=\"noopener\">http:\/\/www.fyr.org\/wiki\/index.php\/Huvudsida<\/a><\/p>\n<p>&nbsp;<\/p>\n<p>Men i stora drag var det s\u00e5 h\u00e4r;<\/p>\n<p>Gustav Vasa kr\u00e4vde i brev 1550 och 1555 att sk\u00e4rg\u00e5rdsb\u00f6nderna mellan Stockholm och Helsinfors skulle utm\u00e4rka alla grund b\u00e5de <em>inom och utomsk\u00e4rs med stora qvastar och rysken p\u00e5 b\u00e5da \u00e4ndar af grundet<\/em>.<\/p>\n<p>Carl IX\u00a0 uppfordrar 1606 slottsherren p\u00e5 Elfsborg att uppf\u00f6ra m\u00e4rken f\u00f6r sj\u00f6farare, d\u00e4r s\u00e5 beh\u00f6vs, men speciellt p\u00e5 Vinga och Galt\u00f6.<\/p>\n<p>1660 utkom en resolution d\u00e4r st\u00e4derna skulle inkomma med en specifikation hur deras farleder b\u00e4st kunna utm\u00e4rkas och i f\u00f6rordningar 1674 och 1680 anbefalldes lotsarna att i sina hemman, uppr\u00e4tta och vidmakth\u00e5lla v\u00e5rdkasar och remmare. Men det var f\u00f6rst i 1696 \u00e5rs \u201d<em>F\u00f6rordningen ang\u00e5ende Det Kongliga Lotsverket\u201d<\/em> som lotsinspectionen samt uppsynings och \u00e5lderm\u00e4nnen i Stockholmska och den \u00f6friga sk\u00e4rg\u00e5rden i Sverige och Finland meddelades fullst\u00e4ndiga och noggranna f\u00f6reskrifter om prickars och andra sj\u00f6m\u00e4rkens uts\u00e4ttande.<\/p>\n<p>1723 kom lag om skyldighet att h\u00e5lla utm\u00e4rkning och 1739 uppmanades lotsar och allmogen i \u00d6ster och V\u00e4sterbotten, V\u00e4sternorrland samt Finland att sk\u00f6ta sin utm\u00e4rkning.<\/p>\n<p>1757 beslutades att Amiralitets &#8211; Collegium <em>aldrig varit och d\u00e4danefter aldrig skulle blifva belastad med kostnader f\u00f6r prickar.<\/em><\/p>\n<p>Under 1800 talet utf\u00e4rdades ett flertal f\u00f6reskrifter hur och vem som skulle handha utm\u00e4rkningen dess ers\u00e4ttning samt ansvar. Det tillsattes bl.a. en General lots inspekt\u00f6r och F\u00f6rvaltningen af Sj\u00f6\u00e4renden sk\u00f6tte ekonomin. 1862 beslutades dock att lotsarna skulle forts\u00e4tta med att anskaffa, uts\u00e4tta och underh\u00e5lla vanliga sl\u00e4t och ruskprickar mot en viss ers\u00e4ttning som beslutades av Kongl. Lotsverket. St\u00f6rre utm\u00e4rkning sk\u00f6ttes genom Lotsverkets egen f\u00f6rsorg.<\/p>\n<h4><strong>Fyrar<\/strong><\/h4>\n<p>Kullens fyr fr\u00e5n 1560 \u00e4r troligen Sveriges \u00e4ldsta fyr d\u00e5 Kung Fredrik II av Danmark best\u00e4mde att vid \u00d6resunds norra \u00f6ppning \u00e5 Kullen skulle uts\u00e4ttas en <em>fyrpande<\/em>. 1635 uppsattes p\u00e5 Christian IV:s befallning en lykta vid Falsterbo samt tvenne lyktor p\u00e5 Nidingen. D\u00e4refter kom 1669 Landsorts fyr samt 1687 \u00d6rsk\u00e4rs fyr. Dessa byggdes till en b\u00f6rjan av tr\u00e4 men byggdes snart om i sten. Kors\u00f6 fyr utanf\u00f6r Sandhamn uppf\u00f6rdes omkring 1750. Dessa fyrar var fr\u00e5n b\u00f6rjan privat\u00e4gda och fyr\u00e4garna \u00e4gde r\u00e4tt att uppb\u00e4ra vissa avgifter fr\u00e5n f\u00f6rbipasserande fartyg. 1835 och 1839 inl\u00f6ste Kronan Kors\u00f6 respektive Landsort.<\/p>\n<p>Fram till 1800 talet fanns endast ett f\u00e5tal fyrar i Sverige och de flesta var stenkols eldade i \u00f6ppna grytor, st\u00e5ende i torn eller h\u00e4ngande i vippst\u00e4nger. I n\u00e5gra fyrar fanns oljelampor med speglar. Mellan 1800-1840 utvecklades tekniken med s.k. Frenelska linsapparater d\u00e4r det fanns st\u00f6rre oljelampor med flera vekar och linser samt speglar.<\/p>\n<p>1844 lades det f\u00f6rsta fyrskeppet ut vid Falsterborev och detta nya s\u00e4tt att m\u00e4rka ut yttre grund ut\u00f6kades raskt under resten av 1800 talet till att inneh\u00e5lla en betydande m\u00e4ngd fyrskepp runt Sveriges kuster.<\/p>\n<p>Kommuner och enskilda hamnar har s\u00e5 l\u00e4nge man vet, alltid \u00e4gt och sk\u00f6tt egna fyrar och utm\u00e4rkning, likas\u00e5 har V\u00e4nern, V\u00e4ttern och M\u00e4laren samt kanalerna ansvarat f\u00f6r sina egna fyrlyktor och prickar.<\/p>\n<p>Fyr och b\u00e5kavgifterna har varit en st\u00e4ndig k\u00e4lla till f\u00f6r\u00e4ndringar. Fr\u00e5n b\u00f6rjan var det de enskilda lotsarna och fyr\u00e4garna som uppbringade vissa avgifter f\u00f6r sina m\u00e4rken. 1758 fastst\u00e4lldes enhetligare taxor och 1827 best\u00e4mdes att Tullkammaren var de som skulle uppb\u00e4ra dessa avgifter \u00e5t Kronan.<\/p>\n","protected":false},"excerpt":{"rendered":"<p>Utm\u00e4rkning Jag har reducerat inneh\u00e5llet och alla de bilder jag hade om fyrar eftersom allt detta \u00e4r s\u00e5 mycket b\u00e4ttre redovisat p\u00e5 Svenska Fyrs\u00e4llskapets hemsida Start | Svenska Fyrs\u00e4llskapet samt \u00e4ven lexikon http:\/\/www.fyr.org\/wiki\/index.php\/Huvudsida &nbsp; Men i stora drag var det s\u00e5 h\u00e4r; Gustav Vasa kr\u00e4vde i brev 1550 och 1555 att sk\u00e4rg\u00e5rdsb\u00f6nderna mellan Stockholm och&hellip; <a class=\"more-link\" href=\"https:\/\/lotsarnastockholm.se\/index.php\/historia\/fyrar\/\">Forts\u00e4tt l\u00e4sa <span class=\"screen-reader-text\">Utm\u00e4rkning och fyrar<\/span><\/a><\/p>\n","protected":false},"author":1,"featured_media":0,"parent":10,"menu_order":0,"comment_status":"closed","ping_status":"closed","template":"","meta":{"footnotes":""},"class_list":["post-247","page","type-page","status-publish","hentry","entry"],"_links":{"self":[{"href":"https:\/\/lotsarnastockholm.se\/index.php\/wp-json\/wp\/v2\/pages\/247","targetHints":{"allow":["GET"]}}],"collection":[{"href":"https:\/\/lotsarnastockholm.se\/index.php\/wp-json\/wp\/v2\/pages"}],"about":[{"href":"https:\/\/lotsarnastockholm.se\/index.php\/wp-json\/wp\/v2\/types\/page"}],"author":[{"embeddable":true,"href":"https:\/\/lotsarnastockholm.se\/index.php\/wp-json\/wp\/v2\/users\/1"}],"replies":[{"embeddable":true,"href":"https:\/\/lotsarnastockholm.se\/index.php\/wp-json\/wp\/v2\/comments?post=247"}],"version-history":[{"count":6,"href":"https:\/\/lotsarnastockholm.se\/index.php\/wp-json\/wp\/v2\/pages\/247\/revisions"}],"predecessor-version":[{"id":7510,"href":"https:\/\/lotsarnastockholm.se\/index.php\/wp-json\/wp\/v2\/pages\/247\/revisions\/7510"}],"up":[{"embeddable":true,"href":"https:\/\/lotsarnastockholm.se\/index.php\/wp-json\/wp\/v2\/pages\/10"}],"wp:attachment":[{"href":"https:\/\/lotsarnastockholm.se\/index.php\/wp-json\/wp\/v2\/media?parent=247"}],"curies":[{"name":"wp","href":"https:\/\/api.w.org\/{rel}","templated":true}]}}