{"id":2173,"date":"2021-02-20T17:18:56","date_gmt":"2021-02-20T15:18:56","guid":{"rendered":"https:\/\/lotsarnastockholm.se\/?page_id=2173"},"modified":"2024-01-15T21:00:37","modified_gmt":"2024-01-15T20:00:37","slug":"sjobefalsskolorna","status":"publish","type":"page","link":"https:\/\/lotsarnastockholm.se\/index.php\/sjobefalsskolorna\/","title":{"rendered":"Sj\u00f6bef\u00e4lsskolorna"},"content":{"rendered":"\n<h3 class=\"wp-block-heading\">Navigationsskolorna<\/h3>\n\n\n\n<p>Rikets st\u00e4nder godk\u00e4nde 1841 ett av en s\u00e4rskild kommitt\u00e9 utarbetat f\u00f6rslag till organisation av statliga navigationsskolor i landet f\u00f6r utbildning av bef\u00e4l f\u00f6r handelsflottan och anvisade erforderliga anslag h\u00e4rf\u00f6r. Med anledning av riksdagens beslut fastst\u00e4llde K. Maj:t 1841-04-07 reglemente f\u00f6r de fem navigationsskolor, som skulle inr\u00e4ttas i Stockholm, G\u00f6teborg, G\u00e4vle, Malm\u00f6 och Kalmar. Staten betalade i l\u00f6ner och expenser, medan borgerskapet fick st\u00e5 f\u00f6r anskaffning av l\u00e4mpliga lokaler.<br>N\u00e4rmaste tillsynen med skolorna tillkom j\u00e4mlikt 1841 \u00e5rs reglemente en lokal direktion. Antalet medlemmar i denna och tills\u00e4ttningsf\u00f6rfarandet f\u00f6r\u00e4ndrades n\u00e5got under \u00e5rens lopp. Direktionens befattning med skolan inskr\u00e4nktes 1912 till att i huvudsak omfatta tillhandah\u00e5llandet av lokaler och f\u00f6rvaltning av fonder. Genomgripande blev ocks\u00e5 de f\u00f6r\u00e4ndringar, som f\u00f6ranleddes av den nya stadgan f\u00f6r navigationsskolorna 1931. S\u00e5som \u00f6verstyrelse f\u00f6r navigationsskolorna har kommerskollegium fungerat utom 1877-1919, d\u00e5 f\u00f6rvaltningen av sj\u00f6\u00e4renden, sedermera marinf\u00f6rvaltningen, hade \u00f6versynen d\u00e4r\u00f6ver.<\/p>\n\n\n\n<p>Fr\u00e5n 1951 \u00e4ndrades ben\u00e4mningen p\u00e5 navigationsskolorna till sj\u00f6bef\u00e4lsskolor. Direktionen f\u00f6r navigationsskolan i Malm\u00f6 sammantr\u00e4dde f\u00f6rsta g\u00e5ngen 1841 09-13. Provisoriska lokaler f\u00f6r skolan erh\u00f6lls i gamla skjutsinr\u00e4ttningens hus i nord\u00f6stra h\u00f6rnet av kvarteret Spinneriet, vid korsningen mellan Dj\u00e4kne- och Baltzarsgatorna, d\u00e4r skolan i oktober 1842 b\u00f6rjade sin verksamhet. F\u00f6ljande \u00e5r kunde skolan flytta till egen fastighet vid V\u00e4stergatan, gammalt nummer 405 och 406, nu gatunummer 3. Skolan var kvar d\u00e4r, tills i oktober 1884 kunde flytta in i en nyuppf\u00f6rd byggnad i kvarteret Flintr\u00e4nnan i \u00d6stra hamnomr\u00e5det.<\/p>\n\n\n\n<figure class=\"wp-block-image size-full\"><a href=\"https:\/\/lotsarnastockholm.se\/wp-content\/uploads\/2024\/01\/Nav.skolan-H-sand-1905.jpg\"><img fetchpriority=\"high\" decoding=\"async\" width=\"1024\" height=\"699\" src=\"https:\/\/lotsarnastockholm.se\/wp-content\/uploads\/2024\/01\/Nav.skolan-H-sand-1905.jpg\" alt=\"\" class=\"wp-image-6626\" srcset=\"https:\/\/lotsarnastockholm.se\/wp-content\/uploads\/2024\/01\/Nav.skolan-H-sand-1905.jpg 1024w, https:\/\/lotsarnastockholm.se\/wp-content\/uploads\/2024\/01\/Nav.skolan-H-sand-1905-300x205.jpg 300w, https:\/\/lotsarnastockholm.se\/wp-content\/uploads\/2024\/01\/Nav.skolan-H-sand-1905-768x524.jpg 768w\" sizes=\"(max-width: 1024px) 100vw, 1024px\" \/><\/a><figcaption class=\"wp-element-caption\">1905<\/figcaption><\/figure>\n\n\n\n<h2 class=\"wp-block-heading\">SJ\u00d6BEF\u00c4LSSKOLORNA 1961<\/h2>\n\n\n\n<h3 class=\"wp-block-heading\">Sj\u00f6bef\u00e4lsskolan i Stockholm<\/h3>\n\n\n\n<p><strong>Direktion<\/strong><\/p>\n\n\n\n<p>Av Kungl. Maj:t utsedda ledam\u00f6ter<\/p>\n\n\n\n<ul class=\"wp-block-list\">\n<li>Sal\u00e9n Sven G, Generalkonsul<\/li>\n\n\n\n<li>Bernelius, Erik G, Chefsingenj\u00f6r<\/li>\n\n\n\n<li>Br\u00e5kenhielm G.A<\/li>\n<\/ul>\n\n\n\n<p><strong>Rektor<br><\/strong>Str\u00f6mberg&nbsp; Axel Edvin,<\/p>\n\n\n\n<p><strong>Lektorer<\/strong><\/p>\n\n\n\n<ul class=\"wp-block-list\">\n<li>Hammarstr\u00f6m Karl Hjalmar Amandus<\/li>\n\n\n\n<li>Uhr, Vilhelm&nbsp;<\/li>\n<\/ul>\n\n\n\n<p><strong>Adjunkter<\/strong><\/p>\n\n\n\n<ul class=\"wp-block-list\">\n<li>Hilding Gustaf<\/li>\n\n\n\n<li>Eresund John Erik<\/li>\n\n\n\n<li>Holmberg Karl Herbert Bertil<\/li>\n\n\n\n<li>Wiberg Einar Jakob<\/li>\n\n\n\n<li>Ridderstr\u00f6m Henry Emanuel<\/li>\n\n\n\n<li>H\u00f6gberg Hadar<\/li>\n\n\n\n<li>Ericson Bo Ossian<\/li>\n\n\n\n<li>Nyberg Karl-Anders<\/li>\n<\/ul>\n\n\n\n<h2 class=\"wp-block-heading\">Sj\u00f6bef\u00e4lsskolan i G\u00f6teborg<\/h2>\n\n\n\n<p><strong>Direktion<\/strong><\/p>\n\n\n\n<ul class=\"wp-block-list\">\n<li>Lind\u00e9n Anders Rolf Direkt\u00f6r<\/li>\n\n\n\n<li>Boldt-Christmas&nbsp; Gustaf Emil Ferdinand<\/li>\n\n\n\n<li>Parkfelt Carl Nils Lennart<\/li>\n<\/ul>\n\n\n\n<p><strong>Rektor<br><\/strong>Bernung Carl Bernhard<\/p>\n\n\n\n<p><strong>Lektorer<\/strong><\/p>\n\n\n\n<ul class=\"wp-block-list\">\n<li>Magnusson Elis<\/li>\n\n\n\n<li>Falklind Otto<\/li>\n\n\n\n<li>And\u00e9n Anders Folke<\/li>\n<\/ul>\n\n\n\n<p><strong>Adjunkter<\/strong><\/p>\n\n\n\n<ul class=\"wp-block-list\">\n<li>Pettersson Johan Wilhelm<\/li>\n\n\n\n<li>Rosenqvist \u00c5ke Daniel<\/li>\n\n\n\n<li>Evermark Nils Gottfrid<\/li>\n\n\n\n<li>Toshach James William<\/li>\n\n\n\n<li>Lindh Johan Oscar<\/li>\n\n\n\n<li>W\u00e5hlander Nils Lennart<\/li>\n\n\n\n<li>Lind Karl-Gustav<\/li>\n\n\n\n<li>Sernhag Ned Albert Stanley<\/li>\n\n\n\n<li>Lindblad Torsten<\/li>\n<\/ul>\n\n\n\n<h3 class=\"wp-block-heading\">Sj\u00f6bef\u00e4lsskolan I Malm\u00f6<\/h3>\n\n\n\n<p><strong>Direktion<\/strong><\/p>\n\n\n\n<ul class=\"wp-block-list\">\n<li>Hansen Anton Redare<\/li>\n\n\n\n<li>Kockum Gunnar\/ Direkt\u00f6r<\/li>\n\n\n\n<li>Jacobsson G\u00f6sta v. Ordf<\/li>\n<\/ul>\n\n\n\n<p><strong>Rektor<br><\/strong>Holm Torsten<\/p>\n\n\n\n<p><strong>Lektorer<\/strong><\/p>\n\n\n\n<ul class=\"wp-block-list\">\n<li>Lundqvist Sten Magnus Zackau<\/li>\n\n\n\n<li>Holmstr\u00f6m Stig Rune<\/li>\n<\/ul>\n\n\n\n<p><strong>Adjunkter<\/strong><\/p>\n\n\n\n<ul class=\"wp-block-list\">\n<li>Alsterlund Sven Justus<\/li>\n\n\n\n<li>Petersson Bertil Christian<\/li>\n\n\n\n<li>Tegn\u00e9r Bjarne Herbert<\/li>\n\n\n\n<li>Hansson Bengt Erik<\/li>\n\n\n\n<li>Tr\u00e4g\u00e5rdh Bertil<\/li>\n<\/ul>\n\n\n\n<h3 class=\"wp-block-heading\">Sj\u00f6bef\u00e4lsskolan I Kalmar<\/h3>\n\n\n\n<p><strong>Rektor<br><\/strong>Wiberg Einar Jakob<\/p>\n\n\n\n<p><strong>Adjunkter<\/strong><\/p>\n\n\n\n<ul class=\"wp-block-list\">\n<li>H\u00f6gbom Bo Johannes<\/li>\n\n\n\n<li>Tenggren Inge Gunnar<\/li>\n\n\n\n<li>Norling Axel Otto<\/li>\n<\/ul>\n\n\n\n<h3 class=\"wp-block-heading\">Sj\u00f6bef\u00e4lsskolan i H\u00e4rn\u00f6sand<\/h3>\n\n\n\n<p><strong>Rektor<br><\/strong>Heyman Ture<\/p>\n\n\n\n<p><strong>Lektor<\/strong><\/p>\n\n\n\n<ul class=\"wp-block-list\">\n<li>Enander Lars Erik<\/li>\n\n\n\n<li>Sernhag Sven Eddy Verner<\/li>\n<\/ul>\n\n\n\n<p><strong>Adjunkter<\/strong><\/p>\n\n\n\n<ul class=\"wp-block-list\">\n<li>Lindberg Helge<\/li>\n\n\n\n<li>Gentschein Tomas Gillis<\/li>\n\n\n\n<li>Edberg Carl Erik<\/li>\n\n\n\n<li>Larsson Carl Evert<\/li>\n<\/ul>\n","protected":false},"excerpt":{"rendered":"<p>Navigationsskolorna Rikets st\u00e4nder godk\u00e4nde 1841 ett av en s\u00e4rskild kommitt\u00e9 utarbetat f\u00f6rslag till organisation av statliga navigationsskolor i landet f\u00f6r utbildning av bef\u00e4l f\u00f6r handelsflottan och anvisade erforderliga anslag h\u00e4rf\u00f6r. Med anledning av riksdagens beslut fastst\u00e4llde K. Maj:t 1841-04-07 reglemente f\u00f6r de fem navigationsskolor, som skulle inr\u00e4ttas i Stockholm, G\u00f6teborg, G\u00e4vle, Malm\u00f6 och Kalmar. Staten&hellip; <a class=\"more-link\" href=\"https:\/\/lotsarnastockholm.se\/index.php\/sjobefalsskolorna\/\">Forts\u00e4tt l\u00e4sa <span class=\"screen-reader-text\">Sj\u00f6bef\u00e4lsskolorna<\/span><\/a><\/p>\n","protected":false},"author":1,"featured_media":0,"parent":0,"menu_order":0,"comment_status":"closed","ping_status":"closed","template":"","meta":{"footnotes":""},"class_list":["post-2173","page","type-page","status-publish","hentry","entry"],"_links":{"self":[{"href":"https:\/\/lotsarnastockholm.se\/index.php\/wp-json\/wp\/v2\/pages\/2173","targetHints":{"allow":["GET"]}}],"collection":[{"href":"https:\/\/lotsarnastockholm.se\/index.php\/wp-json\/wp\/v2\/pages"}],"about":[{"href":"https:\/\/lotsarnastockholm.se\/index.php\/wp-json\/wp\/v2\/types\/page"}],"author":[{"embeddable":true,"href":"https:\/\/lotsarnastockholm.se\/index.php\/wp-json\/wp\/v2\/users\/1"}],"replies":[{"embeddable":true,"href":"https:\/\/lotsarnastockholm.se\/index.php\/wp-json\/wp\/v2\/comments?post=2173"}],"version-history":[{"count":4,"href":"https:\/\/lotsarnastockholm.se\/index.php\/wp-json\/wp\/v2\/pages\/2173\/revisions"}],"predecessor-version":[{"id":6628,"href":"https:\/\/lotsarnastockholm.se\/index.php\/wp-json\/wp\/v2\/pages\/2173\/revisions\/6628"}],"wp:attachment":[{"href":"https:\/\/lotsarnastockholm.se\/index.php\/wp-json\/wp\/v2\/media?parent=2173"}],"curies":[{"name":"wp","href":"https:\/\/api.w.org\/{rel}","templated":true}]}}