{"id":2151,"date":"2021-02-20T13:09:31","date_gmt":"2021-02-20T11:09:31","guid":{"rendered":"https:\/\/lotsarnastockholm.se\/?page_id=2151"},"modified":"2026-02-27T17:21:25","modified_gmt":"2026-02-27T16:21:25","slug":"hasko-lotsplats","status":"publish","type":"page","link":"https:\/\/lotsarnastockholm.se\/index.php\/hasko-lotsplats\/","title":{"rendered":"H\u00e5sk\u00f6 Lotsplats"},"content":{"rendered":"\n<p class=\"has-text-align-center\"><a href=\"https:\/\/www.google.se\/maps\/place\/58%C2%B015'23.4%22N+16%C2%B054'29.0%22E\/@58.2565028,16.9058727,17z\/data=!3m1!4b1!4m4!3m3!8m2!3d58.2565!4d16.9080667\">58\u00b0 15.390&#8242; N 16\u00b0 54.484&#8242; E<\/a><\/p>\n\n\n\n<figure class=\"wp-block-image size-large\"><a href=\"https:\/\/lotsarnastockholm.se\/wp-content\/uploads\/2023\/01\/Hasko_lotsplats_2.png\"><img fetchpriority=\"high\" decoding=\"async\" width=\"1024\" height=\"541\" src=\"https:\/\/lotsarnastockholm.se\/wp-content\/uploads\/2023\/01\/Hasko_lotsplats_2-1024x541.png\" alt=\"\" class=\"wp-image-4549\" srcset=\"https:\/\/lotsarnastockholm.se\/wp-content\/uploads\/2023\/01\/Hasko_lotsplats_2-1024x541.png 1024w, https:\/\/lotsarnastockholm.se\/wp-content\/uploads\/2023\/01\/Hasko_lotsplats_2-300x159.png 300w, https:\/\/lotsarnastockholm.se\/wp-content\/uploads\/2023\/01\/Hasko_lotsplats_2-768x406.png 768w, https:\/\/lotsarnastockholm.se\/wp-content\/uploads\/2023\/01\/Hasko_lotsplats_2-1536x812.png 1536w, https:\/\/lotsarnastockholm.se\/wp-content\/uploads\/2023\/01\/Hasko_lotsplats_2-1568x829.png 1568w, https:\/\/lotsarnastockholm.se\/wp-content\/uploads\/2023\/01\/Hasko_lotsplats_2.png 2045w\" sizes=\"(max-width: 1024px) 100vw, 1024px\" \/><\/a><figcaption class=\"wp-element-caption\">Karta fr\u00e5n 1851<\/figcaption><\/figure>\n\n\n\n<p>H\u00e5sk\u00f6 har haft lotsar sen 1543 och platsen lades ned 1895<\/p>\n\n\n\n<p>F\u00f6rsta g\u00e5ngen som H\u00e5sk\u00f6 omn\u00e4mns i skriftlig form \u00e4r 1543 d\u00e5 Olof i Kettil\u00f6 och Lasse i H\u00e5sk\u00f6 som befriades fr\u00e5n den \u00e5rliga r\u00e4ntan. 1545 omn\u00e4mns dom igen och h\u00e4r anges att Lasse i H\u00e5sk\u00f6 \u00e4r kungens styrman till Kalmar och Stegeborg.<\/p>\n\n\n\n<p>1627 fanns p\u00e5 H\u00e5sk\u00f6 lotsplats, Peder styreman<\/p>\n\n\n\n<p>Av 1642 \u00e5rs styremanstaxa framg\u00e5r att lotsningsomr\u00e5dena b\u00f6rjade bli mer definierade:<\/p>\n\n\n\n<p><em>\u201d1 hel g\u00e5rd Bok\u00f6 styr till Kettil\u00f6, 2 mil. 1 hel g\u00e5rd Kettil\u00f6 styr till H\u00e5sk\u00f6, 1 mil. \u00bd g\u00e5rd H\u00e5sk\u00f6 styr till Kalls\u00f6, 3 mil. 1 hel g\u00e5rd Kalls\u00f6 styr till Lind\u00f6ja, \u00bd mil. I hel g\u00e5rd Lind\u00f6ja styr till Oxel\u00f6sund, 4 mil.\u201d<\/em><\/p>\n\n\n\n<p>Lotsarna p\u00e5 H\u00e5sk\u00f6 lotsade vart 7:e fartyg som kom till Bar\u00f6sund, \u00f6vriga fartyg lotsades av lotsarna p\u00e5 Kettil\u00f6.<\/p>\n\n\n\n<p>1664 var det Mats som var styreman<\/p>\n\n\n\n<p>Lotsjordeboken fr\u00e5n 1703 upplyser om att H\u00e5sk\u00f6 lotsar bebor ett \u00bd skattehemman och \u00e5tnjuter samma friheter som Kettil\u00f6 lotsarna. Samma \u00e5r klagar de p\u00e5 att b\u00f6nderna d\u00e4romkring \u00e4r fria fr\u00e5n v\u00e4gr\u00f6jning \u201d <em>f\u00f6r det de skola f\u00f6rsta g\u00e5ngen om \u00e5ret uts\u00e4tta deras prickar men bliver s\u00e5dant de icke efterblivet kommit\u201d<\/em><\/p>\n\n\n\n<p>1703 h\u00e5ller H\u00e5sk\u00f6 lotsarna tillsammans med lotsarna i Bar\u00f6sund 14 prickar<\/p>\n\n\n\n<p>Ur rulla 1736:<br>Lots Nils J\u00f6nsson, 39 \u00e5r i tj 1725<br>Lots Pehr J\u00f6nsson, 35 \u00e5r i tj 1725<br>lotsdr\u00e4ng Swen J\u00f6nsson i tj 1733<br>L\u00e4rling Oluf J\u00f6nsson<\/p>\n\n\n\n<p>Ur rulla 1769:<br>Lots Sven Jonsson, 64 \u00e5r i tj 1725<br>Lots Eric Persson, 33 \u00e5r i tj 1753<br>Utl\u00e4rd lotsdr\u00e4ng Lars Nilsson, 28 \u00e5r i tj 1752<br>Lotsl\u00e4rling Jon Nilsson, 30 \u00e5r i tj 1758<br>Lotsl\u00e4rling&nbsp; Jon Svensson, 20 \u00e5r i tj 1758<\/p>\n\n\n\n<p>Ur rulla 1774:<br>Ord lots Eric Persson Str\u00f6m, 40 \u00e5r<br>Ord Lots Lars Nilsson \u00d6sterling, 39 \u00e5r<br>Ord lots M\u00e5ns Andersson H\u00e4rstr\u00f6m, 29 \u00e5r<br>Lotsl\u00e4rling Jonas Svensson, 26 \u00e5r<\/p>\n\n\n\n<p>Ur reglemente 1799 Under Lotsuppsyningsman f\u00f6r Norrk\u00f6pings f\u00f6rdelning lyder H\u00e5sk\u00f6 lotsplats med 2 ord lotsar, 1 utl\u00e4rd ord lotsdr\u00e4ng, 1 utl\u00e4rd reservlotsdr\u00e4ng och 2 lotsl\u00e4rlingar. Lotsplatsen lyder under lots\u00e5lderman p\u00e5 Kettil\u00f6.<\/p>\n\n\n\n<p>Ur rulla 1817:<br>Ord Lots J L-n \u00d6sterling och A N-n Berg<br>Ord lotsdr\u00e4ng M E-n Str\u00f6m och S M-n H\u00e4rstr\u00f6m<br>Lotsl\u00e4rlingar N O-n Lundstr\u00f6m och M O-n Lundstr\u00f6m<\/p>\n\n\n\n<p>Enl 1820 \u00e5rs f\u00f6rteckning: Lotsuppassning p\u00e5 Harstena?: Till S\u00f6derk\u00f6ping, Gr\u00e4ns\u00f6, Bar\u00f6sund, sj\u00f6ss eller fr\u00e5n sj\u00f6n H\u00e4radsk\u00e4r. 1 m\u00e4sterlots, 2 secund lotsar och 2 l\u00e4rlingar. H\u00e5sk\u00f6 lotsarna m\u00f6ta de norrifr\u00e5n kommande fartygen mitt f\u00f6r sin by och b\u00f6ra bitr\u00e4da kittel \u00f6lostana varannan l\u00f6rdag med de till Gr\u00e4ns\u00f6 g\u00e5ende fartygen.<\/p>\n\n\n\n<p>1823: Offer f\u00f6r de i sk\u00e4rg\u00e5rden s\u00e5 vanliga seglingsolyckorna blev de tv\u00e5 unga lotsdr\u00e4ngarna fr\u00e5n H\u00e5sk\u00f6, M\u00e5ns Lundstr\u00f6m,28 och Didrik Svensson 18. De drunknade d\u00e5 de pejlade segelleden till Ark\u00f6 och p\u00e5 hemresan kantrade av ett vindkast.<\/p>\n\n\n\n<p>1825 l\u00f6stes H\u00e5sk\u00f6 av lotsarna.<\/p>\n\n\n\n<p>H\u00e5sk\u00f6 fick problem med att f\u00f6da tillr\u00e4ckligt m\u00e5nga lotsar och fr\u00e5n 1830 s\u00e5 r\u00e4knas lotsplatserna Kettil\u00f6 och H\u00e5sk\u00f6 som en.<\/p>\n\n\n\n<p>1847: kom ett f\u00f6rslag till ny lotsordning. Tiden ans\u00e5gs inne att byta ut det gamla avl\u00f6ningssystemet mot kontant l\u00f6n och fri bostad.&nbsp; D\u00e4rf\u00f6r k\u00f6pte lotsverket Ekudden av H\u00e5sk\u00f6lotsarna. D\u00e4r byggdes tv\u00e5 boningshus samt bryggor och vaktstugan flyttades dit fr\u00e5n Kettil\u00f6.<\/p>\n\n\n\n<p>H\u00e5sk\u00f6 finns ej med i 1868 \u00e5rs regl.<\/p>\n\n\n\n<p>Under 1873-74 lotsade man knappt 400 fartyg per \u00e5r<\/p>\n\n\n\n<p>&nbsp;1878 lades lotsplatsen p\u00e5 Kettil\u00f6 ned och lotsarna flyttade till H\u00e5sk\u00f6.<\/p>\n\n\n\n<p>1878 \u00e5rs reglemente \u00e4r H\u00e5sk\u00f6 med igen d\u00e5 lotsuppassningshuset flyttades fr\u00e5n Kettil\u00f6 till H\u00e5sk\u00f6.<\/p>\n\n\n\n<p>Den 13 maj 1878 gick lots\u00e5ldermannen vid H\u00e5sk\u00f6 G. XV. \u00c5berg p\u00e5 grund med den norska briggen Frej vid Fj\u00e4rrfj\u00e4rdsgrundet och d\u00e4refter vid Lysmark flaggrund. \u00c5tal v\u00e4cktes men lotsen frik\u00e4ndes.<\/p>\n\n\n\n<p>1887 flyttades ett boningshus med uthus fr\u00e5n H\u00e5sk\u00f6 till Ark\u00f6.<\/p>\n\n\n\n<p>1895 drogs lotsplatsen in. Lotsarna flyttade till H\u00e4radssk\u00e4r, kvarvarande boningshus och segelbod flyttades till H\u00e4radsk\u00e4r.<\/p>\n\n\n\n<p>K\u00e4nda lotsar p\u00e5 H\u00e5sk\u00f6<\/p>\n\n\n\n<figure class=\"wp-block-table alignwide\"><table class=\"has-fixed-layout\"><tbody><tr><td><strong>Efternamn<\/strong><\/td><td><strong>F\u00f6rnamn<\/strong><\/td><td><strong>F\u00f6dd<\/strong><\/td><td><strong>I Staten<\/strong><\/td><td><strong>Lotsplatser<\/strong><\/td><\/tr><tr><td>I Kettil\u00f6<\/td><td>Olof<\/td><td><\/td><td><\/td><td>H\u00e5sk\u00f6<\/td><\/tr><tr><td>Linn\u00e9<\/td><td>Peter<\/td><td>1852<\/td><td><\/td><td>H\u00e5sk\u00f6<\/td><\/tr><tr><td>Berg<\/td><td>A<\/td><td><\/td><td><\/td><td>H\u00e5sk\u00f6<\/td><\/tr><tr><td>H\u00e4rstr\u00f6m<\/td><td>M\u00e5ns<\/td><td>1745<\/td><td><\/td><td>H\u00e5sk\u00f6<\/td><\/tr><tr><td>H\u00e4rstr\u00f6m<\/td><td>S<\/td><td><\/td><td><\/td><td>H\u00e5sk\u00f6<\/td><\/tr><tr><td>I H\u00e5sk\u00f6<\/td><td>Lasse<\/td><td><\/td><td><\/td><td>H\u00e5sk\u00f6<\/td><\/tr><tr><td>J\u00f6nsson<\/td><td>Oluf<\/td><td><\/td><td><\/td><td>H\u00e5sk\u00f6<\/td><\/tr><tr><td>Lundstr\u00f6m<\/td><td>M\u00e5ns<\/td><td>1795<\/td><td><\/td><td>H\u00e5sk\u00f6<\/td><\/tr><tr><td>Str\u00f6m<\/td><td>M\u00e5ns<\/td><td><\/td><td><\/td><td>H\u00e5sk\u00f6<\/td><\/tr><tr><td>Styreman<\/td><td>Mats<\/td><td><\/td><td><\/td><td>H\u00e5sk\u00f6<\/td><\/tr><tr><td>Styreman<\/td><td>Peder<\/td><td><\/td><td><\/td><td>H\u00e5sk\u00f6<\/td><\/tr><tr><td>\u00d6sterling<\/td><td>J<\/td><td><\/td><td><\/td><td>H\u00e5sk\u00f6<\/td><\/tr><tr><td>J\u00f6nsson<\/td><td>Nils<\/td><td>1697<\/td><td>1725<\/td><td>H\u00e5sk\u00f6<\/td><\/tr><tr><td>J\u00f6nsson<\/td><td>Pehr<\/td><td>1701<\/td><td>1725<\/td><td>H\u00e5sk\u00f6<\/td><\/tr><tr><td>J\u00f6nsson<\/td><td>Swen<\/td><td>1705<\/td><td>1725<\/td><td>H\u00e5sk\u00f6<\/td><\/tr><tr><td>\u00d6sterling<\/td><td>Lars<\/td><td>1741<\/td><td>1752<\/td><td>H\u00e5sk\u00f6<\/td><\/tr><tr><td>Str\u00f6m<\/td><td>Eric<\/td><td>1736<\/td><td>1753<\/td><td>H\u00e5sk\u00f6<\/td><\/tr><tr><td>Nilsson<\/td><td>Jon<\/td><td>1739<\/td><td>1758<\/td><td>H\u00e5sk\u00f6<\/td><\/tr><tr><td>Svensson<\/td><td>Jonas<\/td><td>1748<\/td><td>1758<\/td><td>H\u00e5sk\u00f6<\/td><\/tr><tr><td>Svensson<\/td><td>Didrik<\/td><td>1807<\/td><td>1818<\/td><td>H\u00e5sk\u00f6<\/td><\/tr><tr><td>Vesterholm<\/td><td>Herman<\/td><td>1859<\/td><td>1873<\/td><td>H\u00e5sk\u00f6\/H\u00e4radsk\u00e4r<\/td><\/tr><tr><td>Boqvist<\/td><td>Nils<\/td><td>1856<\/td><td>1874<\/td><td>H\u00e5sk\u00f6<\/td><\/tr><tr><td>Sj\u00f6gren<\/td><td>Gustaf<\/td><td>1843<\/td><td>1874<\/td><td>Kettil\u00f6\/H\u00e5sk\u00f6<\/td><\/tr><tr><td>\u00c5berg<\/td><td>Gustaf<\/td><td>1837<\/td><td>1874<\/td><td>H\u00e5sk\u00f6\/Ark\u00f6<\/td><\/tr><tr><td>Kjellberg<\/td><td>August<\/td><td>1855<\/td><td>1875<\/td><td>H\u00e5sk\u00f6<\/td><\/tr><tr><td>K\u00e4llstr\u00f6m<\/td><td>Gustaf<\/td><td>1854<\/td><td>1875<\/td><td>H\u00e5sk\u00f6<\/td><\/tr><tr><td>Erneberg<\/td><td>Fredrik<\/td><td>1872<\/td><td>1892<\/td><td>H\u00e5sk\u00f6<\/td><\/tr><\/tbody><\/table><\/figure>\n","protected":false},"excerpt":{"rendered":"<p>58\u00b0 15.390&#8242; N 16\u00b0 54.484&#8242; E H\u00e5sk\u00f6 har haft lotsar sen 1543 och platsen lades ned 1895 F\u00f6rsta g\u00e5ngen som H\u00e5sk\u00f6 omn\u00e4mns i skriftlig form \u00e4r 1543 d\u00e5 Olof i Kettil\u00f6 och Lasse i H\u00e5sk\u00f6 som befriades fr\u00e5n den \u00e5rliga r\u00e4ntan. 1545 omn\u00e4mns dom igen och h\u00e4r anges att Lasse i H\u00e5sk\u00f6 \u00e4r kungens styrman&hellip; <a class=\"more-link\" href=\"https:\/\/lotsarnastockholm.se\/index.php\/hasko-lotsplats\/\">Forts\u00e4tt l\u00e4sa <span class=\"screen-reader-text\">H\u00e5sk\u00f6 Lotsplats<\/span><\/a><\/p>\n","protected":false},"author":1,"featured_media":0,"parent":0,"menu_order":0,"comment_status":"closed","ping_status":"closed","template":"","meta":{"footnotes":""},"class_list":["post-2151","page","type-page","status-publish","hentry","entry"],"_links":{"self":[{"href":"https:\/\/lotsarnastockholm.se\/index.php\/wp-json\/wp\/v2\/pages\/2151","targetHints":{"allow":["GET"]}}],"collection":[{"href":"https:\/\/lotsarnastockholm.se\/index.php\/wp-json\/wp\/v2\/pages"}],"about":[{"href":"https:\/\/lotsarnastockholm.se\/index.php\/wp-json\/wp\/v2\/types\/page"}],"author":[{"embeddable":true,"href":"https:\/\/lotsarnastockholm.se\/index.php\/wp-json\/wp\/v2\/users\/1"}],"replies":[{"embeddable":true,"href":"https:\/\/lotsarnastockholm.se\/index.php\/wp-json\/wp\/v2\/comments?post=2151"}],"version-history":[{"count":10,"href":"https:\/\/lotsarnastockholm.se\/index.php\/wp-json\/wp\/v2\/pages\/2151\/revisions"}],"predecessor-version":[{"id":7709,"href":"https:\/\/lotsarnastockholm.se\/index.php\/wp-json\/wp\/v2\/pages\/2151\/revisions\/7709"}],"wp:attachment":[{"href":"https:\/\/lotsarnastockholm.se\/index.php\/wp-json\/wp\/v2\/media?parent=2151"}],"curies":[{"name":"wp","href":"https:\/\/api.w.org\/{rel}","templated":true}]}}