{"id":2107,"date":"2021-02-14T20:34:45","date_gmt":"2021-02-14T18:34:45","guid":{"rendered":"http:\/\/lotsarnastockholm.se\/?page_id=2107"},"modified":"2021-02-14T20:34:45","modified_gmt":"2021-02-14T18:34:45","slug":"lotsplatser-1985","status":"publish","type":"page","link":"https:\/\/lotsarnastockholm.se\/index.php\/lotsplatser-1985\/","title":{"rendered":"Lotsplatser 1985"},"content":{"rendered":"\n<p>Lotsplatser 1985<\/p>\n\n\n\n<h3 class=\"wp-block-heading\">Norra Lotsdistriktet<\/h3>\n\n\n\n<h5 class=\"wp-block-heading\"><br>Lotsdirekt\u00f6r Stig Olsson i Lule\u00e5<\/h5>\n\n\n\n<ul class=\"wp-block-list\"><li>Kalix lotsplats (Lpc i Lule\u00e5)<\/li><li>Lule\u00e5 lotsplats<\/li><li>Skellefte\u00e5 lotsplats<\/li><li>Ume\u00e5 lotsplats<\/li><li>\u00d6rnsk\u00f6ldsviks lotsplats<\/li><li>Sundsvalls lotsplats<\/li><\/ul>\n\n\n\n<p>G\u00e4vleborgs lotsplatser<br>LpC i G\u00e4vle<\/p>\n\n\n\n<ul class=\"wp-block-list\"><li>Hudiksvalls lotsplats<\/li><li>S\u00f6derhamns lotsplats<\/li><li>G\u00e4vle lotsplats<\/li><\/ul>\n\n\n\n<h3 class=\"wp-block-heading\">Mellersta Lotsdistriktet<\/h3>\n\n\n\n<h5 class=\"wp-block-heading\">Lotsdirekt\u00f6r Erik Axelsson i Stockholm<\/h5>\n\n\n\n<p>LpC i Stockholm<\/p>\n\n\n\n<ul class=\"wp-block-list\"><li>Svartklubbens lotsplats<\/li><li>Furusunds lotsplats<\/li><li>Stockholms lotsplats<\/li><\/ul>\n\n\n\n<p>M\u00e4larens Trafikomr\u00e5de<br>Trafikomr\u00e5deschef Nils Jansson i S\u00f6dert\u00e4lje<\/p>\n\n\n\n<ul class=\"wp-block-list\"><li>Lotspassningen S\u00f6dert\u00e4lje<\/li><li>Lotspassningen i V\u00e4ster\u00e5s<\/li><li>Lotspassningen K\u00f6ping<\/li><li>Lotspassningen i Stockholm<\/li><\/ul>\n\n\n\n<p>Landsorts lotsplats<\/p>\n\n\n\n<ul class=\"wp-block-list\"><li>Lotspassningen Nyn\u00e4shamn<\/li><\/ul>\n\n\n\n<p>Visby lotsplats<\/p>\n\n\n\n<p>Oxel\u00f6sunds lotsplats<\/p>\n\n\n\n<ul class=\"wp-block-list\"><li>Lotspassningen i Norrk\u00f6ping<\/li><\/ul>\n\n\n\n<p>Sm\u00e5lands Lotsplatser<br>LpC i Oskarshamn<\/p>\n\n\n\n<ul class=\"wp-block-list\"><li>V\u00e4sterviks lotsplats<\/li><li>Oskarshamns lotsplats<\/li><li>Kalmar lotsplats<\/li><\/ul>\n\n\n\n<h3 class=\"wp-block-heading\">S\u00f6dra Lotsdistriktet<\/h3>\n\n\n\n<h5 class=\"wp-block-heading\">Lotsdirekt\u00f6r Nils Benndorf i Malm\u00f6<\/h5>\n\n\n\n<p>LpC i Karlshamn<\/p>\n\n\n\n<ul class=\"wp-block-list\"><li>Karlskrona lotsplats<\/li><li>Karlshamns lotsplats<\/li><li>\u00c5hus lotsplats<\/li><\/ul>\n\n\n\n<p>Trelleborgs lotsplats<\/p>\n\n\n\n<p>\u00d6resunds lotsplatser (Trelleborg, Malm\u00f6, Helsingborg)<br>LpC i Malm\u00f6<\/p>\n\n\n\n<ul class=\"wp-block-list\"><li>Trelleborg lotsplats<\/li><li>Malm\u00f6 lotsplats<\/li><li>Helsingborgs lotsplats<\/li><li>Lotsuppassningen i Landskrona<\/li><\/ul>\n\n\n\n<h3 class=\"wp-block-heading\">V\u00e4stra Lotsdistriktet<\/h3>\n\n\n\n<h5 class=\"wp-block-heading\">Lotsdirekt\u00f6r Harry Sellman i G\u00f6teborg<\/h5>\n\n\n\n<p>Halmstad Lotsplats<\/p>\n\n\n\n<ul class=\"wp-block-list\"><li>Lotspassningen i Falkenberg<\/li><li>Lotspassningen i Varberg<\/li><\/ul>\n\n\n\n<p>G\u00f6teborgs lotsplats<\/p>\n\n\n\n<p>Marstrands lotsplats<\/p>\n\n\n\n<ul class=\"wp-block-list\"><li>Lotsuppassningen i Uddevalla<\/li><\/ul>\n\n\n\n<p>Lysekils lotsplats<\/p>\n","protected":false},"excerpt":{"rendered":"<p>Lotsplatser 1985 Norra Lotsdistriktet Lotsdirekt\u00f6r Stig Olsson i Lule\u00e5 Kalix lotsplats (Lpc i Lule\u00e5) Lule\u00e5 lotsplats Skellefte\u00e5 lotsplats Ume\u00e5 lotsplats \u00d6rnsk\u00f6ldsviks lotsplats Sundsvalls lotsplats G\u00e4vleborgs lotsplatserLpC i G\u00e4vle Hudiksvalls lotsplats S\u00f6derhamns lotsplats G\u00e4vle lotsplats Mellersta Lotsdistriktet Lotsdirekt\u00f6r Erik Axelsson i Stockholm LpC i Stockholm Svartklubbens lotsplats Furusunds lotsplats Stockholms lotsplats M\u00e4larens Trafikomr\u00e5deTrafikomr\u00e5deschef Nils Jansson i&hellip; <a class=\"more-link\" href=\"https:\/\/lotsarnastockholm.se\/index.php\/lotsplatser-1985\/\">Forts\u00e4tt l\u00e4sa <span class=\"screen-reader-text\">Lotsplatser 1985<\/span><\/a><\/p>\n","protected":false},"author":1,"featured_media":0,"parent":0,"menu_order":0,"comment_status":"closed","ping_status":"closed","template":"","meta":{"footnotes":""},"class_list":["post-2107","page","type-page","status-publish","hentry","entry"],"_links":{"self":[{"href":"https:\/\/lotsarnastockholm.se\/index.php\/wp-json\/wp\/v2\/pages\/2107","targetHints":{"allow":["GET"]}}],"collection":[{"href":"https:\/\/lotsarnastockholm.se\/index.php\/wp-json\/wp\/v2\/pages"}],"about":[{"href":"https:\/\/lotsarnastockholm.se\/index.php\/wp-json\/wp\/v2\/types\/page"}],"author":[{"embeddable":true,"href":"https:\/\/lotsarnastockholm.se\/index.php\/wp-json\/wp\/v2\/users\/1"}],"replies":[{"embeddable":true,"href":"https:\/\/lotsarnastockholm.se\/index.php\/wp-json\/wp\/v2\/comments?post=2107"}],"version-history":[{"count":1,"href":"https:\/\/lotsarnastockholm.se\/index.php\/wp-json\/wp\/v2\/pages\/2107\/revisions"}],"predecessor-version":[{"id":2108,"href":"https:\/\/lotsarnastockholm.se\/index.php\/wp-json\/wp\/v2\/pages\/2107\/revisions\/2108"}],"wp:attachment":[{"href":"https:\/\/lotsarnastockholm.se\/index.php\/wp-json\/wp\/v2\/media?parent=2107"}],"curies":[{"name":"wp","href":"https:\/\/api.w.org\/{rel}","templated":true}]}}