{"id":2063,"date":"2021-02-05T19:33:26","date_gmt":"2021-02-05T17:33:26","guid":{"rendered":"http:\/\/lotsarnastockholm.se\/?page_id=2063"},"modified":"2021-02-05T19:34:03","modified_gmt":"2021-02-05T17:34:03","slug":"2063-2","status":"publish","type":"page","link":"https:\/\/lotsarnastockholm.se\/index.php\/2063-2\/","title":{"rendered":"Sj\u00f6fartsverket 1957"},"content":{"rendered":"\n<h3 class=\"wp-block-heading\">Sj\u00f6fartsverket organisation 1957<\/h3>\n\n\n\n<h4 class=\"wp-block-heading\">KUNGL. SJ\u00d6FARTSSTYRELSEN<br>Generaldirekt\u00f6r Carl G\u00f6sta Widell<\/h4>\n\n\n\n<p>NAUTISKA BYR\u00c5N<br>Nautiska sektionen<br>F\u00f6rste Byr\u00e5sekreterare Helgo Ingvar Helander<\/p>\n\n\n\n<p>Redaktionen f\u00f6r Underr\u00e4ttelser sj\u00f6farande och svensk Lots<br>F\u00f6rste Byr\u00e5inspekt\u00f6r Sven Johan Abrahamsson<\/p>\n\n\n\n<p>Jordmagnetiska sektionen<br>Byr\u00e5direkt\u00f6r Nils Peter Ambolt<\/p>\n\n\n\n<p>Statens isbrytardirekt\u00f6r<br>Nils Stellan Hermelin<\/p>\n\n\n\n<p>SJ\u00d6KARTEBYR\u00c5N<br>Tf Byr\u00e5direkt\u00f6r Gunnar Hedlund<\/p>\n\n\n\n<p>FYR- OCH ELEKTROBYR\u00c5N<br>Byr\u00e5direkt\u00f6r Sven \u00d6berg<\/p>\n\n\n\n<p>BYGGNADSBYR\u00c5N<br>Allm\u00e4nna sektionen<br>Byr\u00e5direkt\u00f6r Fritz Georg Dellby<\/p>\n\n\n\n<p>Fyrbyggnadssektionen<br>Byr\u00e5direkt\u00f6r Robert Vilhelm Gellerstad<\/p>\n\n\n\n<p>Projekteringsektionen<br>Byr\u00e5direkt\u00f6r Carl Gustav Bjuke<\/p>\n\n\n\n<p>Konstruktions sektionen<br>Byr\u00e5direkt\u00f6r Robert Vilhelm Gellerstad<\/p>\n\n\n\n<p>Hamnbyggnads sektionen<br>Byr\u00e5direkt\u00f6r Johan Vincent Sundberg<\/p>\n\n\n\n<p>FARTYGSBYR\u00c5N<br>Skeppsm\u00e4tningssektionen<br>\u00d6verinspekt\u00f6r Anders Johan Andersson<\/p>\n\n\n\n<p>Fartygsinspektionssektionen<br>Byr\u00e5direkt\u00f6r Karl Anders Lennart Edenmark<\/p>\n\n\n\n<p>Underh\u00e5lls- och drifts sektionen<br>Byr\u00e5direkt\u00f6r Carl Rudolf Hagwall<\/p>\n\n\n\n<p>Juridiska och administrativa \u00e4renden<br>F\u00f6rste Byr\u00e5sekreterare Folke Rickard R\u00e5berg<\/p>\n\n\n\n<p>KANSLIBYR\u00c5N<br>Personalsektionen<br>Byr\u00e5direkt\u00f6r Lars Peter Vilhelm Bergstedt<\/p>\n\n\n\n<p>Kamerala sektionen<br>Kamrerare Fritz Einar Karlsson<\/p>\n\n\n\n<p>Expeditionsvakter<br>F\u00f6rste Expeditionsvakt Adolf Sternervall<\/p>\n\n\n\n<p>Tj\u00e4nsteman med s\u00e4rskilda uppdrag<br>Byr\u00e5direkt\u00f6r Ragnar von Delwig<\/p>\n\n\n\n<p>JURIDISK-SOCIALA BYR\u00c5N<br>Allm\u00e4nna avdelningen<br>F\u00f6rste Byr\u00e5sekreterare Erna Jeanette Frodi<\/p>\n\n\n\n<p>Avdelningen f\u00f6r sj\u00f6olycks\u00e4renden<br>Sj\u00f6\u00e5klagare Eskil Oskar Rosengren<\/p>\n\n\n\n<p>Sj\u00f6bef\u00e4lsskoleavdelningen<br>Nautisk \u00d6verinspekt\u00f6r Sune Valdemar Bratt<\/p>\n\n\n\n<p>Fartygsregistreringsavdelningen<br>Byr\u00e5direkt\u00f6r: Vakant<\/p>\n\n\n\n<p>Sj\u00f6fartssociala avdelningen<br>Byr\u00e5direkt\u00f6r Johan Harald \u00d6brink<\/p>\n\n\n\n<p>EKONOMISKA SEKTIONEN<br>Byr\u00e5direkt\u00f6r Anders Bengt Olof Rickard<\/p>\n\n\n\n<p>F\u00d6RSVARSKONTORET<br>Chef Peter Magnus Oskar Otto Simonsson<\/p>\n\n\n\n<p>KOMMISSION\u00c4R<br>Carl Gotthard Linse<\/p>\n\n\n\n<h4 class=\"wp-block-heading\"><a>Lots och Fyrstaten<\/a><\/h4>\n\n\n\n<h4 class=\"wp-block-heading\">\u00d6vre Norra Lotsdistriktet<\/h4>\n\n\n\n<p>Salmis lotsplats<br>Kalix lotsplats<br>T\u00f6re lotsplats<br>Lule\u00e5 lotsplats<br>R\u00f6nnsk\u00e4rs lotsplats<br>Romels\u00f6 lotsplats<br>Ursvikens lotsplats<br>Bjur\u00f6klubbs lotsplats<br>Ratans lotsplats<br>Bredsk\u00e4rs lotsplats<br>J\u00e4rn\u00e4s lotsplats<br>\u00d6rnsk\u00f6ldsviks lotsplats<br>Ulv\u00f6 lotsplats<br>Nedre norra lotsdistriktet<br>H\u00e4rn\u00f6sands lotsplats<br>Sundsvalls lotsplats<br>Stocka lotsplats<br>Hudiksvalls lotsplats<br>Lilljungfruns lotsplats<br>G\u00e5sholma lotsplats<br>G\u00e4vle lotsplats<br>Fagerviks lotsplats<br>\u00d6regrunds lotsplats<br>Svartklubbens lotsplats<\/p>\n\n\n\n<h4 class=\"wp-block-heading\">Mellersta Lotsdistriktet<\/h4>\n\n\n\n<p>Arholma lotsplats<br>Furusunds lotsplats<br>Sandhamns lotsplats<br>Stockholms lotsplats<br>M\u00e4larens lotsplats<br>Dalar\u00f6 lotsplats<br>Landsorts lotsplats<br>S\u00e4v\u00f6sunds lotsplats<br>Visby lotsplats<br>F\u00e5r\u00f6sunds lotsplats<br>Kyllejs lotsplats<br>Slite lotsplats<br>Ronehamns lotsplats<br>Burgsviks lotsplats<br>Klintehamns lotsplats<\/p>\n\n\n\n<h4 class=\"wp-block-heading\">\u00d6stra lotsdistriktet<\/h4>\n\n\n\n<p>Oxel\u00f6sunds lotsplats<br>Norrk\u00f6pings lotsplats<br>Ark\u00f6 lotsplats<br>H\u00e4radsk\u00e4rs lotsplats<br>Stedsholmens lotsplats<br>Id\u00f6 lotsplats<br>Kr\u00e5kelunds lotsplats<br>Oskarshamns lotsplats<br>P\u00e5skallaviks lotsplats<br>M\u00f6nster\u00e5s lotsplats<br>Sk\u00e4ggen\u00e4s lotsplats<br>Kalmar lotsplats<br>Bergkvara lotsplats<\/p>\n\n\n\n<h4 class=\"wp-block-heading\">S\u00f6dra lotsdistriktet<\/h4>\n\n\n\n<p>L\u00e5ng\u00f6rens lotsplats<br>Asp\u00f6 lotsplats<br>Ronneby lotsplats<br>Karlshamns lotsplats<br>S\u00f6lvesborgs lotsplat<br>\u00c5hus lotsplats<br>Simrishamns lotsplats<br>Ystads lotsplats<br>Trelleborgs lotsplats<br>\u00d6resunds s\u00f6dra lotsplats<br>Limhamns lots plats<br>Malm\u00f6 lotsplats<br>Landskrona lotsplats<br>R\u00e5\u00e5 lotsplats<br>H\u00e4lsingborgs lotsplats<br>\u00d6resunds norra lotsplats<\/p>\n\n\n\n<h4 class=\"wp-block-heading\">V\u00e4stra lotsdistriktet<\/h4>\n\n\n\n<p>Halmstads lotsplats<br>Falkenbergs lotsplats<br>Varbergs lotsplats<br>Vinga lotsplats<br>G\u00f6teborgs lotsplats<br>Marstrands lotsplats<br>Uddevalla lotsplats<br>K\u00e4ring\u00f6ns lotsplats<br>Lysekils lotsplats<br>Sm\u00f6gens lotsplats<br>V\u00e4der\u00f6arnas lotsplats<br>Havstenssunds lotsplats<br>Nordkosters lotsplats<\/p>\n","protected":false},"excerpt":{"rendered":"<p>Sj\u00f6fartsverket organisation 1957 KUNGL. SJ\u00d6FARTSSTYRELSENGeneraldirekt\u00f6r Carl G\u00f6sta Widell NAUTISKA BYR\u00c5NNautiska sektionenF\u00f6rste Byr\u00e5sekreterare Helgo Ingvar Helander Redaktionen f\u00f6r Underr\u00e4ttelser sj\u00f6farande och svensk LotsF\u00f6rste Byr\u00e5inspekt\u00f6r Sven Johan Abrahamsson Jordmagnetiska sektionenByr\u00e5direkt\u00f6r Nils Peter Ambolt Statens isbrytardirekt\u00f6rNils Stellan Hermelin SJ\u00d6KARTEBYR\u00c5NTf Byr\u00e5direkt\u00f6r Gunnar Hedlund FYR- OCH ELEKTROBYR\u00c5NByr\u00e5direkt\u00f6r Sven \u00d6berg BYGGNADSBYR\u00c5NAllm\u00e4nna sektionenByr\u00e5direkt\u00f6r Fritz Georg Dellby FyrbyggnadssektionenByr\u00e5direkt\u00f6r Robert Vilhelm Gellerstad ProjekteringsektionenByr\u00e5direkt\u00f6r Carl&hellip; <a class=\"more-link\" href=\"https:\/\/lotsarnastockholm.se\/index.php\/2063-2\/\">Forts\u00e4tt l\u00e4sa <span class=\"screen-reader-text\">Sj\u00f6fartsverket 1957<\/span><\/a><\/p>\n","protected":false},"author":1,"featured_media":0,"parent":0,"menu_order":0,"comment_status":"closed","ping_status":"closed","template":"","meta":{"footnotes":""},"class_list":["post-2063","page","type-page","status-publish","hentry","entry"],"_links":{"self":[{"href":"https:\/\/lotsarnastockholm.se\/index.php\/wp-json\/wp\/v2\/pages\/2063","targetHints":{"allow":["GET"]}}],"collection":[{"href":"https:\/\/lotsarnastockholm.se\/index.php\/wp-json\/wp\/v2\/pages"}],"about":[{"href":"https:\/\/lotsarnastockholm.se\/index.php\/wp-json\/wp\/v2\/types\/page"}],"author":[{"embeddable":true,"href":"https:\/\/lotsarnastockholm.se\/index.php\/wp-json\/wp\/v2\/users\/1"}],"replies":[{"embeddable":true,"href":"https:\/\/lotsarnastockholm.se\/index.php\/wp-json\/wp\/v2\/comments?post=2063"}],"version-history":[{"count":2,"href":"https:\/\/lotsarnastockholm.se\/index.php\/wp-json\/wp\/v2\/pages\/2063\/revisions"}],"predecessor-version":[{"id":2065,"href":"https:\/\/lotsarnastockholm.se\/index.php\/wp-json\/wp\/v2\/pages\/2063\/revisions\/2065"}],"wp:attachment":[{"href":"https:\/\/lotsarnastockholm.se\/index.php\/wp-json\/wp\/v2\/media?parent=2063"}],"curies":[{"name":"wp","href":"https:\/\/api.w.org\/{rel}","templated":true}]}}