{"id":2007,"date":"2021-02-04T17:08:44","date_gmt":"2021-02-04T15:08:44","guid":{"rendered":"http:\/\/lotsarnastockholm.se\/?page_id=2007"},"modified":"2026-04-01T19:10:48","modified_gmt":"2026-04-01T18:10:48","slug":"lotsbarnskolor-1897","status":"publish","type":"page","link":"https:\/\/lotsarnastockholm.se\/index.php\/lotsbarnskolor-1897\/","title":{"rendered":"Skolorna, elever och l\u00e4rare"},"content":{"rendered":"\n<p>Uppgifterna nedan \u00e4r h\u00e4mtade fr\u00e5n olika rullor samt Lotsverkets underd\u00e5niga ber\u00e4ttelser till Sveriges officiella statistik under olika \u00e5r. D\u00e4rf\u00f6r \u00e4r det inte exakt samma struktur p\u00e5 de olika \u00e5rtalens uppgifter. Intressant \u00e4r att se hur skolor uppkommer och utg\u00e5r med ganska korta intervaller. Eleverna flyttades antagligen runt beroende p\u00e5 var det gick att hitta lokal f\u00f6r att bedriva undervisning.<\/p>\n\n\n\n<h2 class=\"wp-block-heading\"><strong>1874<\/strong><\/h2>\n\n\n\n<figure class=\"wp-block-table alignwide\"><table class=\"has-fixed-layout\"><tbody><tr><td><strong>Norra Lotsdistriktet<\/strong><\/td><td><strong>Antal Barn<\/strong><\/td><td><strong>L\u00e4rare<\/strong><\/td><td><strong>Anst\u00e4lld<\/strong><\/td><\/tr><tr><td>Tjock\u00f6<\/td><td>2<\/td><td>CW Alard<\/td><td>1853<\/td><\/tr><tr><td>Furusund<\/td><td>25<\/td><td>Th. Henschen<\/td><td>1869<\/td><\/tr><tr><td>Husar\u00f6<\/td><td>3<\/td><td>Th Henschen<\/td><td>1869<\/td><\/tr><tr><td>Sandhamn<\/td><td>29<\/td><td>Beda Berglind<\/td><td>&nbsp;<\/td><\/tr><tr><td>Stockholm\/Runmar\u00f6n<\/td><td>15<\/td><td>C.W. Alard<\/td><td>1853<\/td><\/tr><tr><td>Dalar\u00f6<\/td><td>0<\/td><td>Inst\u00e4lld pga lokalbrist<\/td><td>&nbsp;<\/td><\/tr><tr><td>Landsort<\/td><td>18<\/td><td>Amalia Modin<\/td><td>1870<\/td><\/tr><tr><td><strong>S\u00f6dra Lotsdistriktet<\/strong><\/td><td>&nbsp;<\/td><td>&nbsp;<\/td><td>&nbsp;<\/td><\/tr><tr><td>Kr\u00e5kelund<\/td><td>13<\/td><td>A.P. Larsson<\/td><td>1871<\/td><\/tr><tr><td>W\u00e5ll\u00f6<\/td><td>14<\/td><td>L.P. Nilsson<\/td><td>1868<\/td><\/tr><tr><td>L\u00e5ng\u00f6ren<\/td><td>41<\/td><td>J- Tobiaeson<\/td><td>1870<\/td><\/tr><tr><td>Asp\u00f6<\/td><td>20<\/td><td>&#8211;<\/td><td>&nbsp;<\/td><\/tr><tr><td><strong>Vestra Lotsdistriktet<\/strong><\/td><td>&nbsp;<\/td><td>&nbsp;<\/td><td>&nbsp;<\/td><\/tr><tr><td>Vr\u00e5ng\u00f6<\/td><td>27<\/td><td>Julie M\u00f6ller<\/td><td>1867<\/td><\/tr><tr><td>Br\u00e4nn\u00f6<\/td><td>26<\/td><td>Julie M\u00f6ller<\/td><td>1867<\/td><\/tr><tr><td>H\u00f6n\u00f6<\/td><td>17<\/td><td>Julie M\u00f6ller<\/td><td>1867<\/td><\/tr><tr><td>G\u00f6teborg\/L\u00e5ngedrag<\/td><td>31<\/td><td>Mar. Mollberg<\/td><td>1873<\/td><\/tr><tr><td>R\u00f6r\u00f6<\/td><td>21<\/td><td>Mar. Mollberg<\/td><td>1873<\/td><\/tr><tr><td>Kungshamn\/Sm\u00f6gen<\/td><td>15<\/td><td>Mar. Mollberg<\/td><td>1873<\/td><\/tr><tr><td>V\u00e4der\u00f6arne<\/td><td>10<\/td><td>Mathilda Simonsdotter<\/td><td>1873<\/td><\/tr><tr><td>Dyng\u00f6<\/td><td>9<\/td><td>Mathilda Simonsdotter<\/td><td>&nbsp;<\/td><\/tr><tr><td>Hafstenssund<\/td><td>15<\/td><td>Mathilda Simonsdotter<\/td><td>&nbsp;<\/td><\/tr><\/tbody><\/table><\/figure>\n\n\n\n<h2 class=\"wp-block-heading\"><strong>1877<\/strong><\/h2>\n\n\n\n<figure class=\"wp-block-table alignwide\"><table class=\"has-fixed-layout\"><tbody><tr><td><strong>Norra Lotsdistriktet<\/strong><\/td><td><strong>Antal Barn<\/strong><\/td><td><strong>L\u00e4rare<\/strong><\/td><td><strong>Anst\u00e4lld<\/strong><\/td><td><strong>Skol lokal<\/strong><\/td><\/tr><tr><td>Arholma<\/td><td>28<\/td><td>Wilhelmina Blanck<\/td><td>1875<\/td><td>Hyrd Lght<\/td><\/tr><tr><td>Tjock\u00f6<\/td><td>3<\/td><td>CW Alard<\/td><td>1853<\/td><td>Hyrd Lght<\/td><\/tr><tr><td>Furusund<\/td><td>26<\/td><td>Thora Henschen<\/td><td>1869<\/td><td>Skolhus \u00e5 K\u00f6pmanholm av lotsar<\/td><\/tr><tr><td>Husar\u00f6<\/td><td>14<\/td><td>Thora Henschen<\/td><td>1869<\/td><td>Hyrd Lght<\/td><\/tr><tr><td>Sandhamn<\/td><td>27<\/td><td>G S\u00f6derberg<\/td><td>&nbsp;<\/td><td>Skolhus av kommun<\/td><\/tr><tr><td>Runmar\u00f6n<\/td><td>13<\/td><td>C.W. Alard<\/td><td>1853<\/td><td>Skolhus av lotsar<\/td><\/tr><tr><td>Dalar\u00f6<\/td><td>36<\/td><td>Augusta Larsson<\/td><td>&nbsp;<\/td><td>Skolhus av kommun<\/td><\/tr><tr><td>Landsort<\/td><td>20<\/td><td>Amalia Modin<\/td><td>1870<\/td><td>Skolhus av kommun<\/td><\/tr><tr><td><strong>S\u00f6dra Lotsdistriktet<\/strong><\/td><td>&nbsp;<\/td><td>&nbsp;<\/td><td>&nbsp;<\/td><td>&nbsp;<\/td><\/tr><tr><td>Kr\u00e5kelund<\/td><td>17<\/td><td>A.P. Larsson<\/td><td>1871<\/td><td>Rum p\u00e5 Mar\u00f6, Privatperson<\/td><\/tr><tr><td>W\u00e5ll\u00f6<\/td><td>20<\/td><td>P Jonsson<\/td><td>1875<\/td><td>Skolhus av lotsar<\/td><\/tr><tr><td>L\u00e5ng\u00f6ren<\/td><td>30<\/td><td>J Tobiaeson<\/td><td>1870<\/td><td>Skolrum p\u00e5 L\u00e5ng\u00f6ren o H\u00e4stholmen av lotsar<\/td><\/tr><tr><td>Asp\u00f6<\/td><td>11<\/td><td>J Tobiaeson<\/td><td>&nbsp;<\/td><td>\u00d6ns skolhus<\/td><\/tr><tr><td><strong>Vestra Lotsdistriktet<\/strong><\/td><td>&nbsp;<\/td><td>&nbsp;<\/td><td>&nbsp;<\/td><td>&nbsp;<\/td><\/tr><tr><td>Vr\u00e5ng\u00f6<\/td><td>23<\/td><td>Clara R\u00e5berg<\/td><td>1875<\/td><td>Rum uppl\u00e5tet av lots<\/td><\/tr><tr><td>Br\u00e4nn\u00f6<\/td><td>24<\/td><td>Clara R\u00e5berg<\/td><td>1875<\/td><td>Skolhus av lotsar<\/td><\/tr><tr><td>H\u00f6n\u00f6<\/td><td>14<\/td><td>Clara R\u00e5berg<\/td><td>1875<\/td><td>Rum av en lots<\/td><\/tr><tr><td>Kalfsund<\/td><td>17<\/td><td>Ida Andersson<\/td><td>1875<\/td><td>Ett av barnens f\u00f6r\u00e4ldrar hyrt rum<\/td><\/tr><tr><td>R\u00f6r\u00f6<\/td><td>2<\/td><td>Ida Andersson<\/td><td>1875<\/td><td>Ett skolhus byggt av lotsar o folket<\/td><\/tr><tr><td>Gr\u00f6nsk\u00e4ren<\/td><td>5<\/td><td>Emelie Larz\u00e9n<\/td><td>1875<\/td><td>I en av lotsarnas rum<\/td><\/tr><tr><td>H\u00e5ll\u00f6 Fyrplats<\/td><td>8<\/td><td>Ida Andersson<\/td><td>1875<\/td><td>I fyrm\u00e4starens bostad<\/td><\/tr><tr><td>Kungshamn\/Sm\u00f6gen<\/td><td>10<\/td><td>Ida Andersson<\/td><td>1873<\/td><td>Ett av barnens f\u00f6r\u00e4ldrar hyrt rum<\/td><\/tr><tr><td>Dyng\u00f6<\/td><td>11<\/td><td>Mathilda Simonsson<\/td><td>1873<\/td><td>Rum av en lots<\/td><\/tr><tr><td>V\u00e4der\u00f6arne<\/td><td>7<\/td><td>Mathilda Simonsson<\/td><td>1873<\/td><td>Lotsverket byggd lokal<\/td><\/tr><tr><td>Hafstenssund<\/td><td>9<\/td><td>Mathilda Simonsson<\/td><td>1873<\/td><td>Av lotsarna hyrt rum<\/td><\/tr><tr><td>Nordkoster<\/td><td>12<\/td><td>Mathilda Simonsson<\/td><td>1873<\/td><td>Av lotsarna hyrt rum<\/td><\/tr><\/tbody><\/table><\/figure>\n\n\n\n<h2 class=\"wp-block-heading\"><strong>1889<\/strong><\/h2>\n\n\n\n<figure class=\"wp-block-table alignwide\"><table class=\"has-fixed-layout\"><tbody><tr><td><strong>Stockholms lotsf\u00f6rdelning<\/strong><\/td><td><strong>Antal Barn<\/strong><\/td><td><strong>L\u00e4rare<\/strong><\/td><td><strong>Anst\u00e4lld<\/strong><\/td><\/tr><tr><td>Arholma<\/td><td>23<\/td><td>Matilda Eriksson<\/td><td>&nbsp;<\/td><\/tr><tr><td>Tjock\u00f6<\/td><td>32<\/td><td>NA Helin<\/td><td>&nbsp;<\/td><\/tr><tr><td>Furusund<\/td><td>38<\/td><td>O Hedin<\/td><td>&nbsp;<\/td><\/tr><tr><td>Husar\u00f6<\/td><td>9<\/td><td>Elisabeth \u00d6hman<\/td><td>&nbsp;<\/td><\/tr><tr><td>Runmar\u00f6<\/td><td>54<\/td><td>KG Hellqvist<\/td><td>&nbsp;<\/td><\/tr><tr><td>Hufvudsk\u00e4r<\/td><td>10<\/td><td>Elfrida Sj\u00f6blom<\/td><td>&nbsp;<\/td><\/tr><tr><td>Landsort<\/td><td>10<\/td><td>Amalia Modin<\/td><td>&nbsp;<\/td><\/tr><tr><td><strong>Norrk\u00f6pings lotsf\u00f6rdelning<\/strong><\/td><td>&nbsp;<\/td><td>&nbsp;<\/td><td>&nbsp;<\/td><\/tr><tr><td>H\u00e4radsk\u00e4r<\/td><td>9<\/td><td>Augusta Lindgren<\/td><td>&nbsp;<\/td><\/tr><tr><td>Strup\u00f6<\/td><td>14<\/td><td>Augusta Lindgren<\/td><td>&nbsp;<\/td><\/tr><tr><td><strong>Kalmar lotsf\u00f6rdelning<\/strong><\/td><td>&nbsp;<\/td><td>&nbsp;<\/td><td>&nbsp;<\/td><\/tr><tr><td>Svart\u00f6-D\u00e4mman<\/td><td>10<\/td><td>Maria Andersson<\/td><td>&nbsp;<\/td><\/tr><tr><td>L\u00e5ng\u00f6ren<\/td><td>9<\/td><td>M. Th. Andr\u00e9n<\/td><td>&nbsp;<\/td><\/tr><tr><td>Asp\u00f6<\/td><td>8<\/td><td>J Tobiaeson<\/td><td>&nbsp;<\/td><\/tr><tr><td><strong>Malm\u00f6 Lotsf\u00f6rdelning<\/strong><\/td><td>&nbsp;<\/td><td>&nbsp;<\/td><td>&nbsp;<\/td><\/tr><tr><td><strong>Hallands V\u00e4der\u00f6<\/strong><\/td><td>4<\/td><td>Hanna Lundstr\u00f6m<\/td><td>&nbsp;<\/td><\/tr><tr><td><strong>G\u00f6teborg Lotsf\u00f6rdelning<\/strong><\/td><td>&nbsp;<\/td><td>&nbsp;<\/td><td>&nbsp;<\/td><\/tr><tr><td>Kalfsund<\/td><td>15<\/td><td>Ida Andersson<\/td><td>1875<\/td><\/tr><tr><td>R\u00f6r\u00f6<\/td><td>22<\/td><td>Elise Banck<\/td><td>&nbsp;<\/td><\/tr><tr><td>Erholmen\/Marstrand<\/td><td>4<\/td><td>Ida Andersson<\/td><td>&nbsp;<\/td><\/tr><tr><td>Gr\u00f6nsk\u00e4ren<\/td><td>6<\/td><td>Elise Banck<\/td><td>1875<\/td><\/tr><tr><td>M\u00e5sesk\u00e4r<\/td><td>3<\/td><td>Mathilda Simonsson<\/td><td>&nbsp;<\/td><\/tr><tr><td>H\u00e5ll\u00f6 Fyrplats<\/td><td>3<\/td><td>Elise Banck<\/td><td>1875<\/td><\/tr><tr><td>Kungshamn\/Sm\u00f6gen<\/td><td>10<\/td><td>Ida Andersson<\/td><td>1873<\/td><\/tr><tr><td>Kl\u00f6fsk\u00e4r<\/td><td>2<\/td><td>Mathilda Simonsson<\/td><td>1873<\/td><\/tr><tr><td>V\u00e4der\u00f6arne<\/td><td>5<\/td><td>Mathilda Simonsson<\/td><td>1873<\/td><\/tr><tr><td>Nordkoster<\/td><td>21<\/td><td>Mathilda Simonsson<\/td><td>1873<\/td><\/tr><\/tbody><\/table><\/figure>\n\n\n\n<h2 class=\"wp-block-heading\"><strong>Lotsbarnskolorna 1894<\/strong><\/h2>\n\n\n\n<p><strong>Fr\u00e5n Rulla<\/strong> <strong>\u00d6fver<\/strong> <strong>Personalen vid Kongl. Lotsstyrelsen och Lotsverket<\/strong><\/p>\n\n\n\n<figure class=\"wp-block-table alignwide\"><table class=\"has-fixed-layout\"><tbody><tr><td>Arholma lotsbarnskola<\/td><td>Mathilda Eriksson 7\/10 1848 A: 25\/7 1879<\/td><\/tr><tr><td>Tjock\u00f6 lotsbarnskola<\/td><td>Johan Anton Edberg 29\/9 1862 A: 1\/1 1893<\/td><\/tr><tr><td>Furusunds lotsbarnskola &nbsp;&nbsp;<\/td><td>Olof Hedin 7\/11 1837 A:29\/12 1880<\/td><\/tr><tr><td>Svenska H\u00f6garnes lotsbarnskola<\/td><td>Laura Emilie Cornelia Sandstr\u00f6m 10\/8 1872 A: 15\/4 1890<\/td><\/tr><tr><td>Runmar\u00f6 lotsbarnskola<\/td><td>Carl Gustaf Hellkvist 10\/9 1864 A: 1\/7 1886<\/td><\/tr><tr><td>Hufvudsk\u00e4r lotsbarnskola<\/td><td>Laura Emilie Cornelia Sandstr\u00f6m 10\/8 1872 A: 15\/4 1890<\/td><\/tr><tr><td>Landsort lotsbarnskola<\/td><td>L\u00e4rarinna Amalia Modin15\/4 1843 A: 10-6 1870<\/td><\/tr><tr><td>Id\u00f6 lotsbarnskola<\/td><td>Augusta Amalia Lindgren 18\/1 1868, A: 20\/3 1888<strong><\/strong><\/td><\/tr><tr><td>Strup\u00f6 lotsbarnskola<\/td><td>Augusta Amalia Lindgren 18\/1 1868, A: 20\/3 1888<\/td><\/tr><tr><td>Svart\u00f6 D\u00e4mmans lotsbarnskola<\/td><td>Maria Andersson 28\/7 1858 A: 14\/4 1879<strong><\/strong><\/td><\/tr><tr><td>L\u00e5ng\u00f6rens lotsbarnskola<\/td><td>J\u00f6ns Tobiaesson 3\/6 1843 A: 17\/2 1870<strong><\/strong><\/td><\/tr><tr><td>Asp\u00f6 lotsbarnskola<\/td><td>J\u00f6ns Tobiaesson 3\/6 1843 A: 17\/2 1870<strong><\/strong><\/td><\/tr><tr><td>Hallands V\u00e4der\u00f6 lotsbarnskola<\/td><td>Hanna Persson 19\/9 1864 A: 26\/1 1891<\/td><\/tr><tr><td>Tyl\u00f6 lotsbarnskola<\/td><td>Elise Charlotta Teresia Banck 11\/7 1851 A: 12\/1 1878<\/td><\/tr><tr><td>Vinga lotsbarnskola<\/td><td>Elise Charlotta Teresia Banck 11\/7 1851 A: 12\/1 1878<\/td><\/tr><tr><td>Gr\u00f6nsk\u00e4rens lotsbarnskola<\/td><td>Elise Charlotta Teresia Banck 11\/7 1851 A: 12\/1 1878<\/td><\/tr><tr><td>H\u00e5ll\u00f6 lotsbarnskola<\/td><td>Mathilda Simonsson 4\/1 1850 A: 12\/1 1874<\/td><\/tr><tr><td>V\u00e4der\u00f6arnes lotsbarnskola<\/td><td>Mathilda Simonsson 4\/1 1850 A: 12\/1 1874<\/td><\/tr><tr><td>Ursholmens lotsbarnskola<\/td><td>Mathilda Simonsson 4\/1 1850 A: 12\/1 1874<\/td><\/tr><\/tbody><\/table><\/figure>\n\n\n\n<h3 class=\"wp-block-heading has-text-align-center\"><strong>Lotsbarnskolorna 1897<\/strong><\/h3>\n\n\n\n<h4 class=\"wp-block-heading has-text-align-center\"><strong>Fr\u00e5n Rulla<\/strong> <strong>\u00d6fver<\/strong> <strong>Personalen vid Kongl. Lotsstyrelsen och Lotsverket<\/strong><\/h4>\n\n\n\n<figure class=\"wp-block-table alignwide\"><table><tbody><tr><td>Stora Fj\u00e4der\u00e4gg lotsbarnskola<\/td><td>L\u00e4rarinna Johanna Gravilda Nilsson F\u00f6dd: 1878. I tjenst: 1896<\/td><\/tr><tr><td>Holm\u00f6gadds lotsbarnskola<\/td><td>L\u00e4rarinna Johanna Gravilda Nilsson<\/td><\/tr><tr><td>Understens lotsbarnskola<\/td><td>L\u00e4rarinna Laura Emilie Cornelia Sandstr\u00f6m f\u00f6dd:1872  I tjenst:1890<\/td><\/tr><tr><td>Arholma lotsbarnskola<\/td><td>L\u00e4rarinna Mathilda Eriksson. F\u00f6dd:1848 I tjenst:1879<\/td><\/tr><tr><td>Tjock\u00f6 lotsbarnskola<\/td><td>L\u00e4rare Johan Anton Edberg  F\u00f6dd: 1862. I tjenst: 1893<\/td><\/tr><tr><td>Furusunds lotsbarnskola &nbsp;&nbsp;<\/td><td>L\u00e4rare Olof Hedin F\u00f6dd: 1837 I tjenst: 1880<\/td><\/tr><tr><td>Svenska H\u00f6garnes lotsbarnskola<\/td><td>L\u00e4rarinna Laura Emilie Cornelia Sandstr\u00f6m<\/td><\/tr><tr><td>Runmar\u00f6 lotsbarnskola<\/td><td>L\u00e4rare Carl Gustaf Hellkvist F\u00f6dd: 1864. I tjenst: 1886<\/td><\/tr><tr><td>H\u00e4radssk\u00e4r lotsbarnskola<\/td><td>L\u00e4rarinna Augusta Amalia Lindgren F\u00f6dd:1868, I tjenst: 1888<\/td><\/tr><tr><td>Id\u00f6 lotsbarnskola<\/td><td>L\u00e4rarinna Augusta Amalia Lindgren<\/td><\/tr><tr><td>Strup\u00f6 lotsbarnskola<\/td><td>L\u00e4rarinna Augusta Amalia Lindgren<\/td><\/tr><tr><td>V\u00e5ll\u00f6 lotsbarnskola<\/td><td>L\u00e4rarinna Maria Andersson F\u00f6dd: 1858 I tjenst:1879<\/td><\/tr><tr><td>Svart\u00f6 D\u00e4mmans lotsbarnskola<\/td><td>L\u00e4rarinna Maria Andersson<\/td><\/tr><tr><td>L\u00e5ng\u00f6rens lotsbarnskola<\/td><td>L\u00e4rare J\u00f6ns Tobiaesson F\u00f6dd: 1843 I tjenst:1870<\/td><\/tr><tr><td>Asp\u00f6 lotsbarnskola<\/td><td>L\u00e4rare J\u00f6ns Tobiaesson<\/td><\/tr><tr><td>Hallands V\u00e4der\u00f6 lotsbarnskola<\/td><td>L\u00e4rarinna Hanna Persson F\u00f6dd: 1864. I tjenst: 1891<\/td><\/tr><tr><td>Tyl\u00f6 lotsbarnskola<\/td><td>L\u00e4rarinna Mariana Wounsch F\u00f6dd: 1876. I tjenst: 1896<\/td><\/tr><tr><td>Vinga lotsbarnskola<\/td><td>L\u00e4rarinna Mariana Wounsch<\/td><\/tr><tr><td>Gr\u00f6nsk\u00e4rens lotsbarnskola<\/td><td>L\u00e4rarinna Mariana Wounsch<\/td><\/tr><tr><td>H\u00e5ll\u00f6 lotsbarnskola<\/td><td>L\u00e4rarinna Elise Banck F\u00f6dd: 1851. I tjenst: 1878<\/td><\/tr><tr><td>V\u00e4der\u00f6arnes lotsbarnskola<\/td><td>L\u00e4rarinna Elise Banck<\/td><\/tr><tr><td>Ursholmens lotsbarnskola<\/td><td>L\u00e4rarinna Elise Banck<\/td><\/tr><\/tbody><\/table><\/figure>\n\n\n\n<h2 class=\"wp-block-heading\"><strong>1903<\/strong><\/h2>\n\n\n\n<figure class=\"wp-block-table alignwide\"><table class=\"has-fixed-layout\"><tbody><tr><td><strong>Rulla 1903<\/strong><\/td><td>&nbsp;<\/td><\/tr><tr><td>Bjur\u00f6klubb<\/td><td>Johanna Gravilda Nilsson 23\/12 1878 A: \u00be 1897<\/td><\/tr><tr><td>Lesk\u00e4r<\/td><td>Johanna Gravilda Nilsson 23\/12 1878 A: 1\/1 1902<\/td><\/tr><tr><td>Holm\u00f6gadd<\/td><td>Johanna Gravilda Nilsson 23\/12 1878 A: 26\/8 1896<\/td><\/tr><tr><td>\u00d6rsk\u00e4r<\/td><td>Charlotta Carolina Nyqvist 19\/5 1860, Anst 1902<\/td><\/tr><tr><td>Understen<\/td><td>Gertrud Alma Victoria Bergvall 13\/3 1883, A: 1902<\/td><\/tr><tr><td>Arholma<\/td><td>Mathilda Eriksson 7\/10 1848, A: 25\/7 1879<\/td><\/tr><tr><td>S\u00f6derarm<\/td><td>Gertrud Alma Victoria Bergvall 13\/3 1883, A:1902<\/td><\/tr><tr><td>Furusund<\/td><td>J\u00f6ns T\u00f6rnqvist 21\/3 1853 A: 1899<\/td><\/tr><tr><td>Hufvudsk\u00e4r<\/td><td>Ida Wahlgren 11\/3 1875 A: 1899<\/td><\/tr><tr><td>Landsort<\/td><td>Amalia Modin 15\/4 1843 A: 10-6 1870<\/td><\/tr><tr><td>H\u00e4radsk\u00e4r<\/td><td>Augusta Amalia Lindgren 18\/1 1868, A: 20\/3 1888<\/td><\/tr><tr><td>Id\u00f6<\/td><td>Augusta Amalia Lindgren 18\/1 1868, A: 20\/3 1888<\/td><\/tr><tr><td>Fjuk<\/td><td>Augusta Amalia Lindgren 18\/1 1868, A: 20\/3 1888<\/td><\/tr><tr><td>V\u00e5ll\u00f6<\/td><td>Maria Andersson 28\/7 1858 A: 14\/4 1879<\/td><\/tr><tr><td>L\u00e5ng\u00f6ren<\/td><td>Maria Andersson 28\/7 1858 A: 14\/4 1879<\/td><\/tr><tr><td>Utl\u00e4ngan<\/td><td>Maria Andersson 28\/7 1858 A: 14\/4 1879,p\u00e5 Utl 1\/1 1902<\/td><\/tr><tr><td>Hallands v\u00e4der\u00f6<\/td><td>Hanna Persson 19\/9 1864 A: 26\/1 1891<\/td><\/tr><tr><td>Tyl\u00f6<\/td><td>Mariana Carlsd:r Wunsch 1\/9 1876 A: 4\/9 1896<\/td><\/tr><tr><td>Nidingen<\/td><td>Elise Charlotta Teresia Banck 11\/7 1851 A: 12\/1 1878 A: p\u00e5 nidingen 1900<\/td><\/tr><tr><td>Vinga<\/td><td>Mariana Carlsd:r Wunsch 1\/9 1876 A: 4\/9 1896<\/td><\/tr><tr><td>M\u00e5sesk\u00e4r<\/td><td>Mariana Carlsd:r Wunsch 1\/9 1876 A: 4\/9 1896<\/td><\/tr><tr><td>V\u00e4der\u00f6arnes<\/td><td>Elise Charlotta Teresia Banck 11\/7 1851 A: 12\/1 1878<\/td><\/tr><tr><td>Ursholmens<\/td><td>Elise Charlotta Teresia Banck 11\/7 1851 A: 12\/1 1878<\/td><\/tr><tr><td>Gotska Sand\u00f6n<\/td><td>Alma Julia Johanna D\u00f6rring 1\/7 1871 A:23\/6 1898<\/td><\/tr><\/tbody><\/table><\/figure>\n\n\n\n<h2 class=\"wp-block-heading\"><strong>1909<\/strong><\/h2>\n\n\n\n<figure class=\"wp-block-table alignwide\"><table class=\"has-fixed-layout\"><tbody><tr><td>1909<\/td><td><strong>&nbsp;<\/strong><\/td><td><strong>&nbsp;<\/strong><\/td><td><strong>&nbsp;<\/strong><\/td><\/tr><tr><td>&nbsp;<\/td><td><strong>&nbsp;<\/strong><\/td><td><strong>&nbsp;<\/strong><\/td><td><strong>&nbsp;<\/strong><\/td><\/tr><tr><td><strong>\u00d6fre Norra Lotsdistriktet<\/strong><\/td><td><strong>Antal Barn<\/strong><\/td><td><strong>L\u00e4rare<\/strong><\/td><td><strong>Skollokal<\/strong><\/td><\/tr><tr><td>Bergudden<\/td><td>4<\/td><td>Alfred Olofsson<\/td><td>Kronans hus<\/td><\/tr><tr><td>Holm\u00f6gadd<\/td><td>5<\/td><td>Alfred Olofsson<\/td><td>Kronans hus<\/td><\/tr><tr><td><strong>Nedre Norra Lotsdistriktet<\/strong><\/td><td>&nbsp;<\/td><td>&nbsp;<\/td><td>&nbsp;<\/td><\/tr><tr><td>Brem\u00f6<\/td><td>7<\/td><td>A Nyqvist<\/td><td>Rum i lotsbyggningen<\/td><\/tr><tr><td>Storjungfrun<\/td><td>4<\/td><td>E S\u00f6derh\u00e4ll<\/td><td>En stuga tillh\u00f6rig fyrm\u00e4staren<\/td><\/tr><tr><td>Understen<\/td><td>6<\/td><td>Elvi Malmberg<\/td><td>Skolhuset<\/td><\/tr><tr><td><strong>Mellersta Lotsdistriktet<\/strong><\/td><td>&nbsp;<\/td><td>&nbsp;<\/td><td>&nbsp;<\/td><\/tr><tr><td>Arholma<\/td><td>29<\/td><td>Agnes Westerberg<\/td><td>Kommunens skolhus<\/td><\/tr><tr><td>S\u00f6derarm<\/td><td>3<\/td><td>Elvi Malmberg<\/td><td>Rum i fyrplatsens bagarstuga<\/td><\/tr><tr><td>Hufvudsk\u00e4r<\/td><td>6<\/td><td>Elvira Dahlberg<\/td><td>Skolhus av kommunen<\/td><\/tr><tr><td>Landsort<\/td><td>10<\/td><td>Amalia Modin<\/td><td>Skolhus av kommunen<\/td><\/tr><tr><td>\u00d6stergarn<\/td><td>4<\/td><td>Alma D\u00f6rring<\/td><td>Bef\u00e4lsrummet<\/td><\/tr><tr><td>Gotska Sand\u00f6n<\/td><td>8<\/td><td>Alma D\u00f6rring<\/td><td>Kapellet<\/td><\/tr><tr><td><strong>\u00d6stra Lotsdistriktet<\/strong><\/td><td>&nbsp;<\/td><td>&nbsp;<\/td><td>&nbsp;<\/td><\/tr><tr><td>H\u00e4radsk\u00e4r<\/td><td>6<\/td><td>Augusta Lindgren<\/td><td>Lediga lhnt nr 2<\/td><\/tr><tr><td>Strup\u00f6<\/td><td>10<\/td><td>Maria Andersson<\/td><td>En privatperson tillh\u00f6rig lgnht<\/td><\/tr><tr><td>Svart\u00f6<\/td><td>10<\/td><td>Maria Andersson<\/td><td>L\u00e4rarinnans boningrum<\/td><\/tr><tr><td><strong>S\u00f6dra Lotsdistriktet<\/strong><\/td><td>&nbsp;<\/td><td>&nbsp;<\/td><td>&nbsp;<\/td><\/tr><tr><td>L\u00e5ng\u00f6ren<\/td><td>10<\/td><td>Berthe Svensson<\/td><td>&nbsp;<\/td><\/tr><tr><td>God natt<\/td><td>8<\/td><td>Berthe Svensson<\/td><td>&nbsp;<\/td><\/tr><tr><td><strong>V\u00e4stra Lotsdistriktet<\/strong><\/td><td>&nbsp;<\/td><td>&nbsp;<\/td><td>&nbsp;<\/td><\/tr><tr><td>Vinga<\/td><td>4<\/td><td>Mariana Wounsch<\/td><td>Bef\u00e4lsrummet<\/td><\/tr><tr><td>Paternoster<\/td><td>5<\/td><td>Klara Olsson<\/td><td>Vindsrummet<\/td><\/tr><tr><td>M\u00e5sesk\u00e4r<\/td><td>4<\/td><td>Blenda Johansson<\/td><td>Vindsrummet<\/td><\/tr><tr><td>Kl\u00f6fsk\u00e4r<\/td><td>4<\/td><td>Blenda Johansson<\/td><td>Vindsrummet<\/td><\/tr><tr><td>V\u00e4der\u00f6bod<\/td><td>8<\/td><td>Elise Banck<\/td><td>&nbsp;<\/td><\/tr><tr><td>Ursholmen<\/td><td>8<\/td><td>Elise Banck<\/td><td>&nbsp;<\/td><\/tr><tr><td>Tyl\u00f6<\/td><td>5<\/td><td>Ruth Scherman<\/td><td>Kontorsrummet<\/td><\/tr><tr><td>Nidingen<\/td><td>8<\/td><td>Signe Boman<\/td><td>Skolrummet<\/td><\/tr><tr><td>Tistlarne<\/td><td>5<\/td><td>Ruth Scherman<\/td><td>Vindsrummet<\/td><\/tr><tr><td>M\u00f6nster<\/td><td>8<\/td><td>Signe Boman<\/td><td>Lotsf\u00f6rmans rum<\/td><\/tr><\/tbody><\/table><\/figure>\n\n\n\n<h3 class=\"wp-block-heading has-text-align-center\"><strong>Lotsbarnskolorna 1912<\/strong><\/h3>\n\n\n\n<p class=\"has-text-align-center\"><strong>Fr\u00e5n Rulla&nbsp;\u00d6fver&nbsp;Personalen vid Kungl. Lotsstyrelsen och Lotsverket<\/strong>&nbsp;&nbsp;&nbsp;&nbsp;&nbsp;&nbsp;&nbsp;&nbsp;&nbsp;&nbsp;&nbsp;&nbsp;&nbsp;&nbsp;&nbsp;&nbsp;&nbsp;        <\/p>\n\n\n\n<figure class=\"wp-block-table alignwide\"><table><tbody><tr><td><strong>Lotsdistrikt<\/strong><\/td><td><strong>L\u00e4rare\/inna<\/strong><\/td><td><strong>F\u00f6dd<\/strong><\/td><td><strong>Antagen<\/strong><\/td><\/tr><tr><td>\u00d6fre norra lotsdistriktet<\/td><td>Betty Johanna Lundberg<\/td><td>1890<\/td><td>1911<\/td><\/tr><tr><td>Nedre Norra lotsdistriktet<\/td><td>Ellen A Elvira Zahl\u00e9n <br>Elin Maria Nordstr\u00f6m<\/td><td>1880 <br>1890<\/td><td>1905 <br>1911<\/td><\/tr><tr><td>Mellersta lotsdistriktet<\/td><td>J\u00f6ns T\u00f6rnqvist <br>Ida Wahlgren <br>Alma Julia J D\u00f6rring <br>Ellen Augusta Zahl\u00e9n<\/td><td>1858 <br>1875 <br>1871 <br>1880<\/td><td>1899 <br>1899 <br>1898 <br>1905<\/td><\/tr><tr><td>\u00d6stra Lotsdistriktet<\/td><td>Augusta A. Lindgren <br>Maria Andersson<\/td><td>1868 <br>1858<\/td><td>1888 <br>1879<\/td><\/tr><tr><td>S\u00f6dra Lotsdistriktet<\/td><td>Berta Andrea Svensson<\/td><td>1882<\/td><td>1906<\/td><\/tr><tr><td>V\u00e4stra Lotsdistriktet<\/td><td>Signe Sofia Boman <br>Blenda K Johansson <br>Ruth Ferdin Scherman <br>Agda Isabella Nilsson<\/td><td>1884 <br>1886 <br>1889 <br>1880<\/td><td>1897 <br>1898 <br>1909 <br>1911<\/td><\/tr><\/tbody><\/table><\/figure>\n\n\n\n<h2 class=\"wp-block-heading\"><strong>1915 och 1925<\/strong><\/h2>\n\n\n\n<figure class=\"wp-block-table alignwide\"><table class=\"has-fixed-layout\"><tbody><tr><td><strong>RULLA 1915<\/strong><\/td><td>&nbsp;<\/td><\/tr><tr><td>\u00d6vre Norra Lotsdistriktet<\/td><td>Anna Alida Vikman 21\/6 1894 A: 1\/1 1914<\/td><\/tr><tr><td>Nedre Norra Lotsdistriktet<\/td><td>Linnea Abrahamsson 26\/11 1889 A:29\/7 1912<\/td><\/tr><tr><td>&nbsp;<\/td><td>Elin Maria Nordstr\u00f6m 25\/11 1890 A: 4\/1 1911<\/td><\/tr><tr><td>&nbsp;<\/td><td>Maria Sophie Malmros 29\/1 1859 A: 23\/4 1915<\/td><\/tr><tr><td>Mellersta Lotsdistriktet<\/td><td>J\u00f6ns T\u00f6rnqvist 21\/3 1853 A: 1892<\/td><\/tr><tr><td>&nbsp;<\/td><td>Elin Elvira Sofia Dahlberg 2\/9 1890 A: 25\/8 1909<\/td><\/tr><tr><td>&nbsp;<\/td><td>Ida Johansson 16\/8 1877 A: 16\/7 1910<\/td><\/tr><tr><td>&nbsp;<\/td><td>Ruth Valborg Maris Hejdenberg 23\/7 1893 A: 26\/6 1914<\/td><\/tr><tr><td>&nbsp;<\/td><td>Alma Julia Johanna D\u00f6rring 1\/7 1871 A:23\/6 1898<\/td><\/tr><tr><td>&nbsp;<\/td><td>Ellen Augusta Elvira Zahl\u00e9n 1\/1 1880 A: 1\/5 1905<\/td><\/tr><tr><td>&nbsp;<\/td><td>Agnes Katarina Vesterberg 6\/1 1888 A:20\/8 1909<\/td><\/tr><tr><td>&nbsp;<\/td><td>Maria Sophie Malmros 29\/1 1859 A: 23\/4 1915<\/td><\/tr><tr><td>\u00d6stra Lotsdistriktet<\/td><td>Augusta Amalia Lindgren 18\/1 1868, A: 20\/3 1888<\/td><\/tr><tr><td>S\u00f6dra Lotsdistriktet<\/td><td>Berta Andrea Svensson 30\/11 1882 A:29\/1 1906<\/td><\/tr><tr><td>V\u00e4stra Lotsdistriktet<\/td><td>Rut Ferdinanda Scherman 12\/1 1889 A: 28\/1 1909<\/td><\/tr><tr><td>&nbsp;<\/td><td>Gerda Sofia Svensson 28\/12 1887 A:25\/12 1912<\/td><\/tr><tr><td>&nbsp;<\/td><td>Rut Sylvia Bejer 1\/11 1889 A: 7\/1 1915<\/td><\/tr><tr><td>&nbsp;<\/td><td>M\u00e4rtha Catharina Jakobsson 6\/8 1887 A:17\/7 1913<\/td><\/tr><tr><td><strong>Rulla 1921<\/strong><\/td><td>&nbsp;<\/td><\/tr><tr><td>\u00d6vre Norra Lotsdistriktet<strong><\/strong><\/td><td>Vendla Thorslund 17\/8 1883 A: 1919-2-10<\/td><\/tr><tr><td><strong>&nbsp;<\/strong><\/td><td>Hilma Augusta Sj\u00f6stedt\/Lindahl 3\/8 1876 A: 16\/8 1920<\/td><\/tr><tr><td>&nbsp;<\/td><td>Sara Lovisa Vikstr\u00f6m 7\/11 1885 A: 17\/1 1921<\/td><\/tr><tr><td>Nedre Norra Lotsdistriktet<\/td><td>Astrid Elisabeth H\u00e4gglund 28\/3 1888 A: 1919<\/td><\/tr><tr><td>Mellersta lotsdistriktet<\/td><td>Klara Kornelia Lundahl 15\/6 1895 A: 26\/1 1920<\/td><\/tr><tr><td>&nbsp;<\/td><td>Ida Johansson 16\/8 1877 A: 16\/7 1910<\/td><\/tr><tr><td>&nbsp;<\/td><td>Sigrid Mathilda Karlsson5\/4 1897 A: 1\/9 1917<\/td><\/tr><tr><td>&nbsp;<\/td><td>Alma Julia Johanna D\u00f6rring 1\/7 1871 A:23\/6 1898<\/td><\/tr><tr><td>&nbsp;<\/td><td>Agnes Katarina Vesterberg 6\/1 1888 A:20\/8 1909<\/td><\/tr><tr><td>&nbsp;<\/td><td>Ruth Gunilla Kornelia Eriksson 30\/1 1900 A: 30\/8 1920<\/td><\/tr><tr><td>\u00d6stra Lotsdistriktet<\/td><td>Augusta Amalia Lindgren 18\/1 1868, A: 20\/3 1888<\/td><\/tr><tr><td>S\u00f6dra Lotsdistriktet<\/td><td>Berta Andrea Svensson 30\/11 1882 A:29\/1 1906<\/td><\/tr><tr><td>V\u00e4stra Lotsdistriktet<\/td><td>Gertrud Andreena Olsson 16\/10 1896 A: 1\/8 1916<\/td><\/tr><tr><td>&nbsp;<\/td><td>Edla Maria Str\u00f6mmer 31\/12 1874 A: 1\/7 1892<\/td><\/tr><\/tbody><\/table><\/figure>\n","protected":false},"excerpt":{"rendered":"<p>Uppgifterna nedan \u00e4r h\u00e4mtade fr\u00e5n olika rullor samt Lotsverkets underd\u00e5niga ber\u00e4ttelser till Sveriges officiella statistik under olika \u00e5r. D\u00e4rf\u00f6r \u00e4r det inte exakt samma struktur p\u00e5 de olika \u00e5rtalens uppgifter. Intressant \u00e4r att se hur skolor uppkommer och utg\u00e5r med ganska korta intervaller. Eleverna flyttades antagligen runt beroende p\u00e5 var det gick att hitta lokal&hellip; <a class=\"more-link\" href=\"https:\/\/lotsarnastockholm.se\/index.php\/lotsbarnskolor-1897\/\">Forts\u00e4tt l\u00e4sa <span class=\"screen-reader-text\">Skolorna, elever och l\u00e4rare<\/span><\/a><\/p>\n","protected":false},"author":1,"featured_media":0,"parent":0,"menu_order":0,"comment_status":"closed","ping_status":"closed","template":"","meta":{"footnotes":""},"class_list":["post-2007","page","type-page","status-publish","hentry","entry"],"_links":{"self":[{"href":"https:\/\/lotsarnastockholm.se\/index.php\/wp-json\/wp\/v2\/pages\/2007","targetHints":{"allow":["GET"]}}],"collection":[{"href":"https:\/\/lotsarnastockholm.se\/index.php\/wp-json\/wp\/v2\/pages"}],"about":[{"href":"https:\/\/lotsarnastockholm.se\/index.php\/wp-json\/wp\/v2\/types\/page"}],"author":[{"embeddable":true,"href":"https:\/\/lotsarnastockholm.se\/index.php\/wp-json\/wp\/v2\/users\/1"}],"replies":[{"embeddable":true,"href":"https:\/\/lotsarnastockholm.se\/index.php\/wp-json\/wp\/v2\/comments?post=2007"}],"version-history":[{"count":8,"href":"https:\/\/lotsarnastockholm.se\/index.php\/wp-json\/wp\/v2\/pages\/2007\/revisions"}],"predecessor-version":[{"id":7888,"href":"https:\/\/lotsarnastockholm.se\/index.php\/wp-json\/wp\/v2\/pages\/2007\/revisions\/7888"}],"wp:attachment":[{"href":"https:\/\/lotsarnastockholm.se\/index.php\/wp-json\/wp\/v2\/media?parent=2007"}],"curies":[{"name":"wp","href":"https:\/\/api.w.org\/{rel}","templated":true}]}}